{"id":14284,"date":"2022-04-06T14:50:19","date_gmt":"2022-04-06T11:50:19","guid":{"rendered":"https:\/\/www.cbh-cyprus.com\/?page_id=14284"},"modified":"2024-09-13T12:37:15","modified_gmt":"2024-09-13T09:37:15","slug":"nachhaltigkeit","status":"publish","type":"page","link":"https:\/\/www.cbh-cyprus.com\/de\/nachhaltigkeit\/","title":{"rendered":"Nachhaltigkeit"},"content":{"rendered":"<p>Das 1989 gegr\u00fcndete Unternehmen Constantinou Bros Hotels hat es sich zur Aufgabe gemacht, einzigartige und unvergessliche Erlebnisse f\u00fcr seine G\u00e4ste zu schaffen. Der Schwerpunkt liegt dabei auf herzlicher Gastfreundschaft und authentischer K\u00fcche, w\u00e4hrend gleichzeitig eine nachhaltige Arbeitsweise verfolgt wird, die der Umwelt dient und lokalen Produzenten zugute kommt.<br \/>\nConstantinou Bros Hotels ist sich bewusst, wie wichtig der Schutz der Umwelt f\u00fcr die nachhaltige Entwicklung des Tourismus ist.<br \/>\nDaher hat das Unternehmen ein Umweltmanagementsystem eingef\u00fchrt, um die Auswirkungen auf die Umwelt zu reduzieren, zu minimieren und zu verwalten.<br \/>\nDurch die Entwicklung von Umweltmanagementverfahren definiert Constantinou Bros Hotels alle Umweltaspekte seiner Gesch\u00e4ftst\u00e4tigkeit und hat Richtlinien und Programme eingef\u00fchrt, die darauf abzielen, seine Umweltleistung und -ergebnisse kontinuierlich zu verbessern.<br \/>\nDie Constantinou Bros Hotels sind nach anerkannten europ\u00e4ischen Standards f\u00fcr Umwelt- und Nachhaltigkeitsmanagementsysteme wie Travelife zertifiziert worden.    <\/p>\n","protected":false},"excerpt":{"rendered":"<p>Das 1989 gegr\u00fcndete Unternehmen Constantinou Bros Hotels hat es sich zur Aufgabe gemacht, einzigartige und unvergessliche Erlebnisse f\u00fcr seine G\u00e4ste zu schaffen. Der Schwerpunkt liegt dabei auf herzlicher Gastfreundschaft und authentischer K\u00fcche, w\u00e4hrend gleichzeitig eine nachhaltige Arbeitsweise verfolgt wird, die der Umwelt dient und lokalen Produzenten zugute kommt. Constantinou Bros Hotels ist sich bewusst, wie<\/p>\n","protected":false},"author":100,"featured_media":47238,"parent":0,"menu_order":0,"comment_status":"closed","ping_status":"closed","template":"page-templates\/simple-list.php","meta":{"_acf_changed":false,"footnotes":""},"class_list":["post-14284","page","type-page","status-publish","has-post-thumbnail","hentry"],"acf":[],"yoast_head":"<!-- This site is optimized with the Yoast SEO plugin v27.3 - https:\/\/yoast.com\/product\/yoast-seo-wordpress\/ -->\n<title>Nachhaltigkeit - Constantinou Bros Hotels<\/title>\n<meta name=\"description\" content=\"Der Nachhaltigkeitsaspekt unserer T\u00e4tigkeit bei Constantinou Bros Hotels ist ein Aspekt, der der Umwelt dient und lokalen Produzenten zugute kommt.\" \/>\n<meta name=\"robots\" content=\"index, follow, max-snippet:-1, max-image-preview:large, max-video-preview:-1\" \/>\n<link rel=\"canonical\" href=\"https:\/\/www.cbh-cyprus.com\/de\/nachhaltigkeit\/\" \/>\n<meta property=\"og:locale\" content=\"de_DE\" \/>\n<meta property=\"og:type\" content=\"article\" \/>\n<meta property=\"og:title\" content=\"Nachhaltigkeit - Constantinou Bros Hotels\" \/>\n<meta property=\"og:description\" content=\"Der Nachhaltigkeitsaspekt unserer T\u00e4tigkeit bei Constantinou Bros Hotels ist ein Aspekt, der der Umwelt dient und lokalen Produzenten zugute kommt.\" \/>\n<meta property=\"og:url\" content=\"https:\/\/www.cbh-cyprus.com\/de\/nachhaltigkeit\/\" \/>\n<meta property=\"og:site_name\" content=\"Constantinou Bros Hotels\" \/>\n<meta property=\"article:modified_time\" content=\"2024-09-13T09:37:15+00:00\" \/>\n<meta property=\"og:image\" content=\"https:\/\/www.cbh-cyprus.com\/app\/uploads\/sites\/30\/2022\/03\/3-PIONEER-BEACH-HOTEL-BEACH.jpeg\" \/>\n\t<meta property=\"og:image:width\" content=\"3764\" \/>\n\t<meta property=\"og:image:height\" content=\"2796\" \/>\n\t<meta property=\"og:image:type\" content=\"image\/jpeg\" \/>\n<meta name=\"twitter:card\" content=\"summary_large_image\" \/>\n<meta name=\"twitter:label1\" content=\"Gesch\u00e4tzte Lesezeit\" \/>\n\t<meta name=\"twitter:data1\" content=\"1\u00a0Minute\" \/>\n<script type=\"application\/ld+json\" class=\"yoast-schema-graph\">{\"@context\":\"https:\\\/\\\/schema.org\",\"@graph\":[{\"@type\":\"WebPage\",\"@id\":\"https:\\\/\\\/www.cbh-cyprus.com\\\/de\\\/nachhaltigkeit\\\/\",\"url\":\"https:\\\/\\\/www.cbh-cyprus.com\\\/de\\\/nachhaltigkeit\\\/\",\"name\":\"Nachhaltigkeit - Constantinou Bros Hotels\",\"isPartOf\":{\"@id\":\"https:\\\/\\\/www.cbh-cyprus.com\\\/de\\\/#website\"},\"primaryImageOfPage\":{\"@id\":\"https:\\\/\\\/www.cbh-cyprus.com\\\/de\\\/nachhaltigkeit\\\/#primaryimage\"},\"image\":{\"@id\":\"https:\\\/\\\/www.cbh-cyprus.com\\\/de\\\/nachhaltigkeit\\\/#primaryimage\"},\"thumbnailUrl\":\"https:\\\/\\\/www.cbh-cyprus.com\\\/app\\\/uploads\\\/sites\\\/30\\\/2025\\\/11\\\/ATHENA-ROYAL-BEACH-HOTEL-EXTERIOR-VIEW-1900.jpg\",\"datePublished\":\"2022-04-06T11:50:19+00:00\",\"dateModified\":\"2024-09-13T09:37:15+00:00\",\"description\":\"Der Nachhaltigkeitsaspekt unserer T\u00e4tigkeit bei Constantinou Bros Hotels ist ein Aspekt, der der Umwelt dient und lokalen Produzenten zugute kommt.\",\"breadcrumb\":{\"@id\":\"https:\\\/\\\/www.cbh-cyprus.com\\\/de\\\/nachhaltigkeit\\\/#breadcrumb\"},\"inLanguage\":\"de\",\"potentialAction\":[{\"@type\":\"ReadAction\",\"target\":[\"https:\\\/\\\/www.cbh-cyprus.com\\\/de\\\/nachhaltigkeit\\\/\"]}]},{\"@type\":\"ImageObject\",\"inLanguage\":\"de\",\"@id\":\"https:\\\/\\\/www.cbh-cyprus.com\\\/de\\\/nachhaltigkeit\\\/#primaryimage\",\"url\":\"https:\\\/\\\/www.cbh-cyprus.com\\\/app\\\/uploads\\\/sites\\\/30\\\/2025\\\/11\\\/ATHENA-ROYAL-BEACH-HOTEL-EXTERIOR-VIEW-1900.jpg\",\"contentUrl\":\"https:\\\/\\\/www.cbh-cyprus.com\\\/app\\\/uploads\\\/sites\\\/30\\\/2025\\\/11\\\/ATHENA-ROYAL-BEACH-HOTEL-EXTERIOR-VIEW-1900.jpg\",\"width\":1900,\"height\":1264,\"caption\":\"ATHENA-ROYAL-BEACH-HOTEL-EXTERIOR-VIEW-1900\"},{\"@type\":\"BreadcrumbList\",\"@id\":\"https:\\\/\\\/www.cbh-cyprus.com\\\/de\\\/nachhaltigkeit\\\/#breadcrumb\",\"itemListElement\":[{\"@type\":\"ListItem\",\"position\":1,\"name\":\"Home\",\"item\":\"https:\\\/\\\/www.cbh-cyprus.com\\\/de\\\/willkommen-in-den-constantinou-bros-hotels\\\/\"},{\"@type\":\"ListItem\",\"position\":2,\"name\":\"Nachhaltigkeit\"}]},{\"@type\":\"WebSite\",\"@id\":\"https:\\\/\\\/www.cbh-cyprus.com\\\/de\\\/#website\",\"url\":\"https:\\\/\\\/www.cbh-cyprus.com\\\/de\\\/\",\"name\":\"Constantinou Bros Hotels\",\"description\":\"Constantinou Bros Hotels\",\"publisher\":{\"@id\":\"https:\\\/\\\/www.cbh-cyprus.com\\\/de\\\/#organization\"},\"potentialAction\":[{\"@type\":\"SearchAction\",\"target\":{\"@type\":\"EntryPoint\",\"urlTemplate\":\"https:\\\/\\\/www.cbh-cyprus.com\\\/de\\\/?s={search_term_string}\"},\"query-input\":{\"@type\":\"PropertyValueSpecification\",\"valueRequired\":true,\"valueName\":\"search_term_string\"}}],\"inLanguage\":\"de\"},{\"@type\":\"Organization\",\"@id\":\"https:\\\/\\\/www.cbh-cyprus.com\\\/de\\\/#organization\",\"name\":\"Constantinou Bros Hotels\",\"url\":\"https:\\\/\\\/www.cbh-cyprus.com\\\/de\\\/\",\"logo\":{\"@type\":\"ImageObject\",\"inLanguage\":\"de\",\"@id\":\"https:\\\/\\\/www.cbh-cyprus.com\\\/de\\\/#\\\/schema\\\/logo\\\/image\\\/\",\"url\":\"https:\\\/\\\/www.cbh-cyprus.com\\\/app\\\/uploads\\\/sites\\\/30\\\/2020\\\/10\\\/cbh.jpg\",\"contentUrl\":\"https:\\\/\\\/www.cbh-cyprus.com\\\/app\\\/uploads\\\/sites\\\/30\\\/2020\\\/10\\\/cbh.jpg\",\"width\":1013,\"height\":419,\"caption\":\"Constantinou Bros Hotels\"},\"image\":{\"@id\":\"https:\\\/\\\/www.cbh-cyprus.com\\\/de\\\/#\\\/schema\\\/logo\\\/image\\\/\"}}]}<\/script>\n<!-- \/ Yoast SEO plugin. -->","yoast_head_json":{"title":"Nachhaltigkeit - Constantinou Bros Hotels","description":"Der Nachhaltigkeitsaspekt unserer T\u00e4tigkeit bei Constantinou Bros Hotels ist ein Aspekt, der der Umwelt dient und lokalen Produzenten zugute kommt.","robots":{"index":"index","follow":"follow","max-snippet":"max-snippet:-1","max-image-preview":"max-image-preview:large","max-video-preview":"max-video-preview:-1"},"canonical":"https:\/\/www.cbh-cyprus.com\/de\/nachhaltigkeit\/","og_locale":"de_DE","og_type":"article","og_title":"Nachhaltigkeit - Constantinou Bros Hotels","og_description":"Der Nachhaltigkeitsaspekt unserer T\u00e4tigkeit bei Constantinou Bros Hotels ist ein Aspekt, der der Umwelt dient und lokalen Produzenten zugute kommt.","og_url":"https:\/\/www.cbh-cyprus.com\/de\/nachhaltigkeit\/","og_site_name":"Constantinou Bros Hotels","article_modified_time":"2024-09-13T09:37:15+00:00","og_image":[{"width":3764,"height":2796,"url":"https:\/\/www.cbh-cyprus.com\/app\/uploads\/sites\/30\/2022\/03\/3-PIONEER-BEACH-HOTEL-BEACH.jpeg","type":"image\/jpeg"}],"twitter_card":"summary_large_image","twitter_misc":{"Gesch\u00e4tzte Lesezeit":"1\u00a0Minute"},"schema":{"@context":"https:\/\/schema.org","@graph":[{"@type":"WebPage","@id":"https:\/\/www.cbh-cyprus.com\/de\/nachhaltigkeit\/","url":"https:\/\/www.cbh-cyprus.com\/de\/nachhaltigkeit\/","name":"Nachhaltigkeit - Constantinou Bros Hotels","isPartOf":{"@id":"https:\/\/www.cbh-cyprus.com\/de\/#website"},"primaryImageOfPage":{"@id":"https:\/\/www.cbh-cyprus.com\/de\/nachhaltigkeit\/#primaryimage"},"image":{"@id":"https:\/\/www.cbh-cyprus.com\/de\/nachhaltigkeit\/#primaryimage"},"thumbnailUrl":"https:\/\/www.cbh-cyprus.com\/app\/uploads\/sites\/30\/2025\/11\/ATHENA-ROYAL-BEACH-HOTEL-EXTERIOR-VIEW-1900.jpg","datePublished":"2022-04-06T11:50:19+00:00","dateModified":"2024-09-13T09:37:15+00:00","description":"Der Nachhaltigkeitsaspekt unserer T\u00e4tigkeit bei Constantinou Bros Hotels ist ein Aspekt, der der Umwelt dient und lokalen Produzenten zugute kommt.","breadcrumb":{"@id":"https:\/\/www.cbh-cyprus.com\/de\/nachhaltigkeit\/#breadcrumb"},"inLanguage":"de","potentialAction":[{"@type":"ReadAction","target":["https:\/\/www.cbh-cyprus.com\/de\/nachhaltigkeit\/"]}]},{"@type":"ImageObject","inLanguage":"de","@id":"https:\/\/www.cbh-cyprus.com\/de\/nachhaltigkeit\/#primaryimage","url":"https:\/\/www.cbh-cyprus.com\/app\/uploads\/sites\/30\/2025\/11\/ATHENA-ROYAL-BEACH-HOTEL-EXTERIOR-VIEW-1900.jpg","contentUrl":"https:\/\/www.cbh-cyprus.com\/app\/uploads\/sites\/30\/2025\/11\/ATHENA-ROYAL-BEACH-HOTEL-EXTERIOR-VIEW-1900.jpg","width":1900,"height":1264,"caption":"ATHENA-ROYAL-BEACH-HOTEL-EXTERIOR-VIEW-1900"},{"@type":"BreadcrumbList","@id":"https:\/\/www.cbh-cyprus.com\/de\/nachhaltigkeit\/#breadcrumb","itemListElement":[{"@type":"ListItem","position":1,"name":"Home","item":"https:\/\/www.cbh-cyprus.com\/de\/willkommen-in-den-constantinou-bros-hotels\/"},{"@type":"ListItem","position":2,"name":"Nachhaltigkeit"}]},{"@type":"WebSite","@id":"https:\/\/www.cbh-cyprus.com\/de\/#website","url":"https:\/\/www.cbh-cyprus.com\/de\/","name":"Constantinou Bros Hotels","description":"Constantinou Bros Hotels","publisher":{"@id":"https:\/\/www.cbh-cyprus.com\/de\/#organization"},"potentialAction":[{"@type":"SearchAction","target":{"@type":"EntryPoint","urlTemplate":"https:\/\/www.cbh-cyprus.com\/de\/?s={search_term_string}"},"query-input":{"@type":"PropertyValueSpecification","valueRequired":true,"valueName":"search_term_string"}}],"inLanguage":"de"},{"@type":"Organization","@id":"https:\/\/www.cbh-cyprus.com\/de\/#organization","name":"Constantinou Bros Hotels","url":"https:\/\/www.cbh-cyprus.com\/de\/","logo":{"@type":"ImageObject","inLanguage":"de","@id":"https:\/\/www.cbh-cyprus.com\/de\/#\/schema\/logo\/image\/","url":"https:\/\/www.cbh-cyprus.com\/app\/uploads\/sites\/30\/2020\/10\/cbh.jpg","contentUrl":"https:\/\/www.cbh-cyprus.com\/app\/uploads\/sites\/30\/2020\/10\/cbh.jpg","width":1013,"height":419,"caption":"Constantinou Bros Hotels"},"image":{"@id":"https:\/\/www.cbh-cyprus.com\/de\/#\/schema\/logo\/image\/"}}]}},"_links":{"self":[{"href":"https:\/\/www.cbh-cyprus.com\/de\/wp-json\/wp\/v2\/pages\/14284","targetHints":{"allow":["GET"]}}],"collection":[{"href":"https:\/\/www.cbh-cyprus.com\/de\/wp-json\/wp\/v2\/pages"}],"about":[{"href":"https:\/\/www.cbh-cyprus.com\/de\/wp-json\/wp\/v2\/types\/page"}],"author":[{"embeddable":true,"href":"https:\/\/www.cbh-cyprus.com\/de\/wp-json\/wp\/v2\/users\/100"}],"replies":[{"embeddable":true,"href":"https:\/\/www.cbh-cyprus.com\/de\/wp-json\/wp\/v2\/comments?post=14284"}],"version-history":[{"count":10,"href":"https:\/\/www.cbh-cyprus.com\/de\/wp-json\/wp\/v2\/pages\/14284\/revisions"}],"predecessor-version":[{"id":36773,"href":"https:\/\/www.cbh-cyprus.com\/de\/wp-json\/wp\/v2\/pages\/14284\/revisions\/36773"}],"wp:featuredmedia":[{"embeddable":true,"href":"https:\/\/www.cbh-cyprus.com\/de\/wp-json\/wp\/v2\/media\/47238"}],"wp:attachment":[{"href":"https:\/\/www.cbh-cyprus.com\/de\/wp-json\/wp\/v2\/media?parent=14284"}],"curies":[{"name":"wp","href":"https:\/\/api.w.org\/{rel}","templated":true}]}}