{"id":14293,"date":"2022-04-06T15:58:10","date_gmt":"2022-04-06T12:58:10","guid":{"rendered":"https:\/\/www.cbh-cyprus.com\/?page_id=14293"},"modified":"2025-10-29T09:30:44","modified_gmt":"2025-10-29T07:30:44","slug":"nachhaltigkeitspolitiken","status":"publish","type":"page","link":"https:\/\/www.cbh-cyprus.com\/de\/nachhaltigkeit\/nachhaltigkeitspolitiken\/","title":{"rendered":"Politik der Nachhaltigkeit"},"content":{"rendered":"<p>Unser Ziel ist es, unseren gesch\u00e4tzten G\u00e4sten das beste Urlaubserlebnis zu bieten, aber wir tun dies auch mit R\u00fccksicht auf unsere Umwelt und arbeiten daran, die Auswirkungen auf unsere lokale Gemeinschaft zu reduzieren.<\/p>\n<p>Wir wissen, dass es wichtig ist, die Auswirkungen, die wir auf unsere Umgebung haben, kontinuierlich zu bewerten, und wir verpflichten uns, alle relevanten Umweltvorschriften und -registrierungen sowie alle anderen Anforderungen, denen unsere Hotels unterliegen, zu befolgen.<\/p>\n<p>Dar\u00fcber hinaus verpflichten wir uns, die Auswirkungen unserer Hotels auf die Umwelt durch Programme zur Kontrolle und Vermeidung von Verschmutzung zu minimieren.<\/p>\n","protected":false},"excerpt":{"rendered":"<p>Unser Ziel ist es, unseren gesch\u00e4tzten G\u00e4sten das beste Urlaubserlebnis zu bieten, aber wir tun dies auch mit R\u00fccksicht auf unsere Umwelt und arbeiten daran, die Auswirkungen auf unsere lokale Gemeinschaft zu reduzieren. Wir wissen, dass es wichtig ist, die Auswirkungen, die wir auf unsere Umgebung haben, kontinuierlich zu bewerten, und wir verpflichten uns, alle<\/p>\n","protected":false},"author":100,"featured_media":14421,"parent":14284,"menu_order":0,"comment_status":"closed","ping_status":"closed","template":"page-templates\/sustainability.php","meta":{"_acf_changed":false,"footnotes":""},"class_list":["post-14293","page","type-page","status-publish","has-post-thumbnail","hentry"],"acf":[],"yoast_head":"<!-- This site is optimized with the Yoast SEO plugin v27.3 - https:\/\/yoast.com\/product\/yoast-seo-wordpress\/ -->\n<title>Nachhaltigkeitsrichtlinien - Constantinou Bros Hotels<\/title>\n<meta name=\"description\" content=\"Aufgrund unseres Engagements f\u00fcr die Minimierung der Umweltauswirkungen des Betriebs unserer Hotels haben wir verschiedene Umweltrichtlinien aufgestellt, die von unseren Hotels eingehalten werden.\" \/>\n<meta name=\"robots\" content=\"index, follow, max-snippet:-1, max-image-preview:large, max-video-preview:-1\" \/>\n<link rel=\"canonical\" href=\"https:\/\/www.cbh-cyprus.com\/de\/nachhaltigkeit\/nachhaltigkeitspolitiken\/\" \/>\n<meta property=\"og:locale\" content=\"de_DE\" \/>\n<meta property=\"og:type\" content=\"article\" \/>\n<meta property=\"og:title\" content=\"Nachhaltigkeitsrichtlinien - Constantinou Bros Hotels\" \/>\n<meta property=\"og:description\" content=\"Aufgrund unseres Engagements f\u00fcr die Minimierung der Umweltauswirkungen des Betriebs unserer Hotels haben wir verschiedene Umweltrichtlinien aufgestellt, die von unseren Hotels eingehalten werden.\" \/>\n<meta property=\"og:url\" content=\"https:\/\/www.cbh-cyprus.com\/de\/nachhaltigkeit\/nachhaltigkeitspolitiken\/\" \/>\n<meta property=\"og:site_name\" content=\"Constantinou Bros Hotels\" \/>\n<meta property=\"article:modified_time\" content=\"2025-10-29T07:30:44+00:00\" \/>\n<meta property=\"og:image\" content=\"https:\/\/www.cbh-cyprus.com\/app\/uploads\/sites\/30\/2022\/04\/CBH7618.jpg\" \/>\n\t<meta property=\"og:image:width\" content=\"6606\" \/>\n\t<meta property=\"og:image:height\" content=\"4409\" \/>\n\t<meta property=\"og:image:type\" content=\"image\/jpeg\" \/>\n<meta name=\"twitter:card\" content=\"summary_large_image\" \/>\n<meta name=\"twitter:label1\" content=\"Gesch\u00e4tzte Lesezeit\" \/>\n\t<meta name=\"twitter:data1\" content=\"1\u00a0Minute\" \/>\n<script type=\"application\/ld+json\" class=\"yoast-schema-graph\">{\"@context\":\"https:\\\/\\\/schema.org\",\"@graph\":[{\"@type\":\"WebPage\",\"@id\":\"https:\\\/\\\/www.cbh-cyprus.com\\\/de\\\/nachhaltigkeit\\\/nachhaltigkeitspolitiken\\\/\",\"url\":\"https:\\\/\\\/www.cbh-cyprus.com\\\/de\\\/nachhaltigkeit\\\/nachhaltigkeitspolitiken\\\/\",\"name\":\"Nachhaltigkeitsrichtlinien - Constantinou Bros Hotels\",\"isPartOf\":{\"@id\":\"https:\\\/\\\/www.cbh-cyprus.com\\\/de\\\/#website\"},\"primaryImageOfPage\":{\"@id\":\"https:\\\/\\\/www.cbh-cyprus.com\\\/de\\\/nachhaltigkeit\\\/nachhaltigkeitspolitiken\\\/#primaryimage\"},\"image\":{\"@id\":\"https:\\\/\\\/www.cbh-cyprus.com\\\/de\\\/nachhaltigkeit\\\/nachhaltigkeitspolitiken\\\/#primaryimage\"},\"thumbnailUrl\":\"https:\\\/\\\/www.cbh-cyprus.com\\\/app\\\/uploads\\\/sites\\\/30\\\/2022\\\/04\\\/CBH7618.jpg\",\"datePublished\":\"2022-04-06T12:58:10+00:00\",\"dateModified\":\"2025-10-29T07:30:44+00:00\",\"description\":\"Aufgrund unseres Engagements f\u00fcr die Minimierung der Umweltauswirkungen des Betriebs unserer Hotels haben wir verschiedene Umweltrichtlinien aufgestellt, die von unseren Hotels eingehalten werden.\",\"breadcrumb\":{\"@id\":\"https:\\\/\\\/www.cbh-cyprus.com\\\/de\\\/nachhaltigkeit\\\/nachhaltigkeitspolitiken\\\/#breadcrumb\"},\"inLanguage\":\"de\",\"potentialAction\":[{\"@type\":\"ReadAction\",\"target\":[\"https:\\\/\\\/www.cbh-cyprus.com\\\/de\\\/nachhaltigkeit\\\/nachhaltigkeitspolitiken\\\/\"]}]},{\"@type\":\"ImageObject\",\"inLanguage\":\"de\",\"@id\":\"https:\\\/\\\/www.cbh-cyprus.com\\\/de\\\/nachhaltigkeit\\\/nachhaltigkeitspolitiken\\\/#primaryimage\",\"url\":\"https:\\\/\\\/www.cbh-cyprus.com\\\/app\\\/uploads\\\/sites\\\/30\\\/2022\\\/04\\\/CBH7618.jpg\",\"contentUrl\":\"https:\\\/\\\/www.cbh-cyprus.com\\\/app\\\/uploads\\\/sites\\\/30\\\/2022\\\/04\\\/CBH7618.jpg\",\"width\":6606,\"height\":4409,\"caption\":\"Human Resources Policy\"},{\"@type\":\"BreadcrumbList\",\"@id\":\"https:\\\/\\\/www.cbh-cyprus.com\\\/de\\\/nachhaltigkeit\\\/nachhaltigkeitspolitiken\\\/#breadcrumb\",\"itemListElement\":[{\"@type\":\"ListItem\",\"position\":1,\"name\":\"Home\",\"item\":\"https:\\\/\\\/www.cbh-cyprus.com\\\/de\\\/willkommen-in-den-constantinou-bros-hotels\\\/\"},{\"@type\":\"ListItem\",\"position\":2,\"name\":\"Nachhaltigkeit\",\"item\":\"https:\\\/\\\/www.cbh-cyprus.com\\\/de\\\/nachhaltigkeit\\\/\"},{\"@type\":\"ListItem\",\"position\":3,\"name\":\"Politik der Nachhaltigkeit\"}]},{\"@type\":\"WebSite\",\"@id\":\"https:\\\/\\\/www.cbh-cyprus.com\\\/de\\\/#website\",\"url\":\"https:\\\/\\\/www.cbh-cyprus.com\\\/de\\\/\",\"name\":\"Constantinou Bros Hotels\",\"description\":\"Constantinou Bros Hotels\",\"publisher\":{\"@id\":\"https:\\\/\\\/www.cbh-cyprus.com\\\/de\\\/#organization\"},\"potentialAction\":[{\"@type\":\"SearchAction\",\"target\":{\"@type\":\"EntryPoint\",\"urlTemplate\":\"https:\\\/\\\/www.cbh-cyprus.com\\\/de\\\/?s={search_term_string}\"},\"query-input\":{\"@type\":\"PropertyValueSpecification\",\"valueRequired\":true,\"valueName\":\"search_term_string\"}}],\"inLanguage\":\"de\"},{\"@type\":\"Organization\",\"@id\":\"https:\\\/\\\/www.cbh-cyprus.com\\\/de\\\/#organization\",\"name\":\"Constantinou Bros Hotels\",\"url\":\"https:\\\/\\\/www.cbh-cyprus.com\\\/de\\\/\",\"logo\":{\"@type\":\"ImageObject\",\"inLanguage\":\"de\",\"@id\":\"https:\\\/\\\/www.cbh-cyprus.com\\\/de\\\/#\\\/schema\\\/logo\\\/image\\\/\",\"url\":\"https:\\\/\\\/www.cbh-cyprus.com\\\/app\\\/uploads\\\/sites\\\/30\\\/2020\\\/10\\\/cbh.jpg\",\"contentUrl\":\"https:\\\/\\\/www.cbh-cyprus.com\\\/app\\\/uploads\\\/sites\\\/30\\\/2020\\\/10\\\/cbh.jpg\",\"width\":1013,\"height\":419,\"caption\":\"Constantinou Bros Hotels\"},\"image\":{\"@id\":\"https:\\\/\\\/www.cbh-cyprus.com\\\/de\\\/#\\\/schema\\\/logo\\\/image\\\/\"}}]}<\/script>\n<!-- \/ Yoast SEO plugin. -->","yoast_head_json":{"title":"Nachhaltigkeitsrichtlinien - Constantinou Bros Hotels","description":"Aufgrund unseres Engagements f\u00fcr die Minimierung der Umweltauswirkungen des Betriebs unserer Hotels haben wir verschiedene Umweltrichtlinien aufgestellt, die von unseren Hotels eingehalten werden.","robots":{"index":"index","follow":"follow","max-snippet":"max-snippet:-1","max-image-preview":"max-image-preview:large","max-video-preview":"max-video-preview:-1"},"canonical":"https:\/\/www.cbh-cyprus.com\/de\/nachhaltigkeit\/nachhaltigkeitspolitiken\/","og_locale":"de_DE","og_type":"article","og_title":"Nachhaltigkeitsrichtlinien - Constantinou Bros Hotels","og_description":"Aufgrund unseres Engagements f\u00fcr die Minimierung der Umweltauswirkungen des Betriebs unserer Hotels haben wir verschiedene Umweltrichtlinien aufgestellt, die von unseren Hotels eingehalten werden.","og_url":"https:\/\/www.cbh-cyprus.com\/de\/nachhaltigkeit\/nachhaltigkeitspolitiken\/","og_site_name":"Constantinou Bros Hotels","article_modified_time":"2025-10-29T07:30:44+00:00","og_image":[{"width":6606,"height":4409,"url":"https:\/\/www.cbh-cyprus.com\/app\/uploads\/sites\/30\/2022\/04\/CBH7618.jpg","type":"image\/jpeg"}],"twitter_card":"summary_large_image","twitter_misc":{"Gesch\u00e4tzte Lesezeit":"1\u00a0Minute"},"schema":{"@context":"https:\/\/schema.org","@graph":[{"@type":"WebPage","@id":"https:\/\/www.cbh-cyprus.com\/de\/nachhaltigkeit\/nachhaltigkeitspolitiken\/","url":"https:\/\/www.cbh-cyprus.com\/de\/nachhaltigkeit\/nachhaltigkeitspolitiken\/","name":"Nachhaltigkeitsrichtlinien - Constantinou Bros Hotels","isPartOf":{"@id":"https:\/\/www.cbh-cyprus.com\/de\/#website"},"primaryImageOfPage":{"@id":"https:\/\/www.cbh-cyprus.com\/de\/nachhaltigkeit\/nachhaltigkeitspolitiken\/#primaryimage"},"image":{"@id":"https:\/\/www.cbh-cyprus.com\/de\/nachhaltigkeit\/nachhaltigkeitspolitiken\/#primaryimage"},"thumbnailUrl":"https:\/\/www.cbh-cyprus.com\/app\/uploads\/sites\/30\/2022\/04\/CBH7618.jpg","datePublished":"2022-04-06T12:58:10+00:00","dateModified":"2025-10-29T07:30:44+00:00","description":"Aufgrund unseres Engagements f\u00fcr die Minimierung der Umweltauswirkungen des Betriebs unserer Hotels haben wir verschiedene Umweltrichtlinien aufgestellt, die von unseren Hotels eingehalten werden.","breadcrumb":{"@id":"https:\/\/www.cbh-cyprus.com\/de\/nachhaltigkeit\/nachhaltigkeitspolitiken\/#breadcrumb"},"inLanguage":"de","potentialAction":[{"@type":"ReadAction","target":["https:\/\/www.cbh-cyprus.com\/de\/nachhaltigkeit\/nachhaltigkeitspolitiken\/"]}]},{"@type":"ImageObject","inLanguage":"de","@id":"https:\/\/www.cbh-cyprus.com\/de\/nachhaltigkeit\/nachhaltigkeitspolitiken\/#primaryimage","url":"https:\/\/www.cbh-cyprus.com\/app\/uploads\/sites\/30\/2022\/04\/CBH7618.jpg","contentUrl":"https:\/\/www.cbh-cyprus.com\/app\/uploads\/sites\/30\/2022\/04\/CBH7618.jpg","width":6606,"height":4409,"caption":"Human Resources Policy"},{"@type":"BreadcrumbList","@id":"https:\/\/www.cbh-cyprus.com\/de\/nachhaltigkeit\/nachhaltigkeitspolitiken\/#breadcrumb","itemListElement":[{"@type":"ListItem","position":1,"name":"Home","item":"https:\/\/www.cbh-cyprus.com\/de\/willkommen-in-den-constantinou-bros-hotels\/"},{"@type":"ListItem","position":2,"name":"Nachhaltigkeit","item":"https:\/\/www.cbh-cyprus.com\/de\/nachhaltigkeit\/"},{"@type":"ListItem","position":3,"name":"Politik der Nachhaltigkeit"}]},{"@type":"WebSite","@id":"https:\/\/www.cbh-cyprus.com\/de\/#website","url":"https:\/\/www.cbh-cyprus.com\/de\/","name":"Constantinou Bros Hotels","description":"Constantinou Bros Hotels","publisher":{"@id":"https:\/\/www.cbh-cyprus.com\/de\/#organization"},"potentialAction":[{"@type":"SearchAction","target":{"@type":"EntryPoint","urlTemplate":"https:\/\/www.cbh-cyprus.com\/de\/?s={search_term_string}"},"query-input":{"@type":"PropertyValueSpecification","valueRequired":true,"valueName":"search_term_string"}}],"inLanguage":"de"},{"@type":"Organization","@id":"https:\/\/www.cbh-cyprus.com\/de\/#organization","name":"Constantinou Bros Hotels","url":"https:\/\/www.cbh-cyprus.com\/de\/","logo":{"@type":"ImageObject","inLanguage":"de","@id":"https:\/\/www.cbh-cyprus.com\/de\/#\/schema\/logo\/image\/","url":"https:\/\/www.cbh-cyprus.com\/app\/uploads\/sites\/30\/2020\/10\/cbh.jpg","contentUrl":"https:\/\/www.cbh-cyprus.com\/app\/uploads\/sites\/30\/2020\/10\/cbh.jpg","width":1013,"height":419,"caption":"Constantinou Bros Hotels"},"image":{"@id":"https:\/\/www.cbh-cyprus.com\/de\/#\/schema\/logo\/image\/"}}]}},"_links":{"self":[{"href":"https:\/\/www.cbh-cyprus.com\/de\/wp-json\/wp\/v2\/pages\/14293","targetHints":{"allow":["GET"]}}],"collection":[{"href":"https:\/\/www.cbh-cyprus.com\/de\/wp-json\/wp\/v2\/pages"}],"about":[{"href":"https:\/\/www.cbh-cyprus.com\/de\/wp-json\/wp\/v2\/types\/page"}],"author":[{"embeddable":true,"href":"https:\/\/www.cbh-cyprus.com\/de\/wp-json\/wp\/v2\/users\/100"}],"replies":[{"embeddable":true,"href":"https:\/\/www.cbh-cyprus.com\/de\/wp-json\/wp\/v2\/comments?post=14293"}],"version-history":[{"count":12,"href":"https:\/\/www.cbh-cyprus.com\/de\/wp-json\/wp\/v2\/pages\/14293\/revisions"}],"predecessor-version":[{"id":47155,"href":"https:\/\/www.cbh-cyprus.com\/de\/wp-json\/wp\/v2\/pages\/14293\/revisions\/47155"}],"up":[{"embeddable":true,"href":"https:\/\/www.cbh-cyprus.com\/de\/wp-json\/wp\/v2\/pages\/14284"}],"wp:featuredmedia":[{"embeddable":true,"href":"https:\/\/www.cbh-cyprus.com\/de\/wp-json\/wp\/v2\/media\/14421"}],"wp:attachment":[{"href":"https:\/\/www.cbh-cyprus.com\/de\/wp-json\/wp\/v2\/media?parent=14293"}],"curies":[{"name":"wp","href":"https:\/\/api.w.org\/{rel}","templated":true}]}}