{"id":21702,"date":"2020-09-13T12:00:40","date_gmt":"2020-09-13T09:00:40","guid":{"rendered":"https:\/\/www.cbh-cyprus.com\/?page_id=21702"},"modified":"2024-09-13T11:41:17","modified_gmt":"2024-09-13T08:41:17","slug":"golf-urlaub","status":"publish","type":"page","link":"https:\/\/www.cbh-cyprus.com\/de\/aktivitaten\/golf-urlaub\/","title":{"rendered":"Golf Ferien"},"content":{"rendered":"<h1>Erleben Sie einen unvergesslichen Golfurlaub auf Zypern mit CONSTANTINOU BROS HOTELS<\/h1>\n<p>&nbsp;  Jeder der vier Golfpl\u00e4tze ist von allen CONSTANTINOU BROS HOTELS aus leicht zu erreichen.<br \/>\nObwohl der Golfsport auf Zypern noch relativ neu ist, erweist es sich bereits als f\u00fchrendes Golfreiseziel.<br \/>\nBuchen Sie Ihre Golfabschlagzeiten direkt im Hotel und profitieren Sie von unseren exklusiven Preisen f\u00fcr G\u00e4ste der Elite Class sowie von unseren Sonderrabatten f\u00fcr Hotelg\u00e4ste.<br \/>\nBitte kontaktieren Sie unseren G\u00e4steservice f\u00fcr weitere Informationen. <strong>Minthis Golf Club<\/strong> Ein wundersch\u00f6ner und anspruchsvoller Golfplatz, der sich an einem Kloster aus dem 12. Jahrhundert vorbeischl\u00e4ngelt und atemberaubende Ausblicke auf das Troodos-Gebirge und dar\u00fcber hinaus bietet, macht das Golfen in Minthis zu einem einzigartigen und charaktervollen Erlebnis.<br \/>\nDer von dem legend\u00e4ren Golfarchitekten Donald Steel 1994 entworfene und von den renommierten Golfplatzdesignern Mackenzie &amp; Ebert renovierte Platz liegt ca.<br \/>\n20 km vom Hotel entfernt. <strong>Aphrodite Hills<\/strong> verf\u00fcgt \u00fcber einen herrlichen Meisterschaftsgolfplatz, ein pr\u00e4chtiges Clubhaus und ist von einer atemberaubenden Landschaft umgeben.<br \/>\nDer preisgekr\u00f6nte Golfplatz wurde von dem gefeierten Architekten Cabell Robinson entworfen.<br \/>\nZu den weiteren Annehmlichkeiten des Aphrodite Hills Golfplatzes geh\u00f6rt ein weitl\u00e4ufiges \u00dcbungsgel\u00e4nde mit zwei gro\u00dfen Putting Greens und einem Kurzspielbereich. <strong>Secret Valley<\/strong> Der Secret Valley Golf Course ist ein \u00e4u\u00dferst prestigetr\u00e4chtiger Golfplatz, der in der ber\u00fchmten Gegend von Petra tou Romiou liegt, dem legend\u00e4ren Geburtsort von Aphrodite, der G\u00f6ttin der Liebe.<br \/>\nWie der Name schon sagt, schl\u00e4ngelt sich der Platz durch die wundersch\u00f6nen T\u00e4ler der umliegenden Berge und ist von Paphos aus leicht zu erreichen.<br \/>\nDer Golfplatz ist umgeben von reifer einheimischer zypriotischer Vegetation und wundersch\u00f6nen nat\u00fcrlichen Felsformationen, die eine Oase der Ruhe und Beschaulichkeit mit spektakul\u00e4ren Ausblicken auf das Mittelmeer bilden und den G\u00e4sten ein wirklich einzigartiges Golferlebnis auf Zypern bieten. <strong>Elea Golf<\/strong> Der El\u00e9a Golf Club liegt im Herzen des prestigetr\u00e4chtigen, preisgekr\u00f6nten El\u00e9a Estate auf Zypern und bietet Weltklasse-Golf in einer atemberaubenden Umgebung.<br \/>\nDer El\u00e9a Estate Golf Club befindet sich in der N\u00e4he der Stadt Paphos im S\u00fcdwesten Zyperns und ist von einer beeindruckenden mediterranen Landschaft umgeben.<br \/>\nDer Golfplatz wurde so angelegt, dass er Golfer aller Spielst\u00e4rken herausfordert. Das Layout ist anspruchsvoll, aber sehr gut spielbar und in tadellosem Zustand.             <\/p>\n<table width=\"614\">\n<thead>\n<tr>\n<td><strong> <\/strong><\/td>\n<td width=\"124\"><strong>Golfplatz Aphrodite Hills<\/strong><\/td>\n<td width=\"113\"><strong>Geheimes Tal <\/strong><\/td>\n<td width=\"113\"><strong>Minthis Golf Club<\/strong><\/td>\n<td width=\"113\"><strong>Elea Golf <\/strong><\/td>\n<\/tr>\n<tr>\n<td><strong>L\u00f6cher:<\/strong><\/td>\n<td width=\"124\">18<\/td>\n<td width=\"113\">18<\/td>\n<td width=\"113\">18<\/td>\n<td width=\"113\">18<\/td>\n<\/tr>\n<\/thead>\n<tbody>\n<tr>\n<td><strong>Par:<\/strong><\/td>\n<td width=\"124\">71<\/td>\n<td width=\"113\">71<\/td>\n<td width=\"113\">72<\/td>\n<td width=\"113\">71<\/td>\n<\/tr>\n<tr>\n<td><strong>L\u00e4nge:<\/strong><\/td>\n<td width=\"124\">6289 m<\/td>\n<td width=\"113\">5989 m<\/td>\n<td width=\"113\">5902 m<\/td>\n<td width=\"113\">6194 m<\/td>\n<\/tr>\n<tr>\n<td><strong>M\u00e4nner Handicap:<\/strong><\/td>\n<td width=\"124\">28<\/td>\n<td width=\"113\">28<\/td>\n<td width=\"113\">36<\/td>\n<td width=\"113\">28<\/td>\n<\/tr>\n<tr>\n<td><strong>Frauen Handicap:<\/strong><\/td>\n<td width=\"124\">36<\/td>\n<td width=\"113\">36<\/td>\n<td width=\"113\">36<\/td>\n<td width=\"113\">36<\/td>\n<\/tr>\n<tr>\n<td><strong>Entfernung von Constantinou Bros Hotels  <\/strong><\/td>\n<td width=\"124\">Ca.<br \/>\n25 km <\/td>\n<td width=\"113\">Ca.<br \/>\n25 km <\/td>\n<td width=\"113\">Ca.<br \/>\n18 km <\/td>\n<td width=\"113\">Ca.<br \/>\n6 km <\/td>\n<\/tr>\n<\/tbody>\n<\/table>\n","protected":false},"excerpt":{"rendered":"<p>Erleben Sie einen unvergesslichen Golfurlaub auf Zypern mit CONSTANTINOU BROS HOTELS &nbsp; Jeder der vier Golfpl\u00e4tze ist von allen CONSTANTINOU BROS HOTELS aus leicht zu erreichen. Obwohl der Golfsport auf Zypern noch relativ neu ist, erweist es sich bereits als f\u00fchrendes Golfreiseziel. Buchen Sie Ihre Golfabschlagzeiten direkt im Hotel und profitieren Sie von unseren exklusiven<\/p>\n","protected":false},"author":100,"featured_media":21721,"parent":2555,"menu_order":0,"comment_status":"closed","ping_status":"closed","template":"","meta":{"_acf_changed":false,"footnotes":""},"class_list":["post-21702","page","type-page","status-publish","has-post-thumbnail","hentry"],"acf":[],"yoast_head":"<!-- This site is optimized with the Yoast SEO plugin v27.3 - https:\/\/yoast.com\/product\/yoast-seo-wordpress\/ -->\n<title>Golfurlaub - Constantinou Bros Hotels<\/title>\n<meta name=\"description\" content=\"Constantinou Bros Hotels bietet Golfliebhabern gro\u00dfartige Unterk\u00fcnfte und spezielle Preise f\u00fcr Golfabschlagzeiten f\u00fcr das perfekte Golfurlaubskonzept in Paphos, Zypern.\" \/>\n<meta name=\"robots\" content=\"index, follow, max-snippet:-1, max-image-preview:large, max-video-preview:-1\" \/>\n<link rel=\"canonical\" href=\"https:\/\/www.cbh-cyprus.com\/de\/aktivitaten\/golf-urlaub\/\" \/>\n<meta property=\"og:locale\" content=\"de_DE\" \/>\n<meta property=\"og:type\" content=\"article\" \/>\n<meta property=\"og:title\" content=\"Golfurlaub - Constantinou Bros Hotels\" \/>\n<meta property=\"og:description\" content=\"Constantinou Bros Hotels bietet Golfliebhabern gro\u00dfartige Unterk\u00fcnfte und spezielle Preise f\u00fcr Golfabschlagzeiten f\u00fcr das perfekte Golfurlaubskonzept in Paphos, Zypern.\" \/>\n<meta property=\"og:url\" content=\"https:\/\/www.cbh-cyprus.com\/de\/aktivitaten\/golf-urlaub\/\" \/>\n<meta property=\"og:site_name\" content=\"Constantinou Bros Hotels\" \/>\n<meta property=\"article:modified_time\" content=\"2024-09-13T08:41:17+00:00\" \/>\n<meta property=\"og:image\" content=\"https:\/\/www.cbh-cyprus.com\/app\/uploads\/sites\/30\/2022\/07\/Minthis-new-greens-bunkers-e1657714190659.jpg\" \/>\n\t<meta property=\"og:image:width\" content=\"4000\" \/>\n\t<meta property=\"og:image:height\" content=\"2316\" \/>\n\t<meta property=\"og:image:type\" content=\"image\/jpeg\" \/>\n<meta name=\"twitter:card\" content=\"summary_large_image\" \/>\n<meta name=\"twitter:label1\" content=\"Gesch\u00e4tzte Lesezeit\" \/>\n\t<meta name=\"twitter:data1\" content=\"2\u00a0Minuten\" \/>\n<script type=\"application\/ld+json\" class=\"yoast-schema-graph\">{\"@context\":\"https:\\\/\\\/schema.org\",\"@graph\":[{\"@type\":\"WebPage\",\"@id\":\"https:\\\/\\\/www.cbh-cyprus.com\\\/de\\\/aktivitaten\\\/golf-urlaub\\\/\",\"url\":\"https:\\\/\\\/www.cbh-cyprus.com\\\/de\\\/aktivitaten\\\/golf-urlaub\\\/\",\"name\":\"Golfurlaub - Constantinou Bros Hotels\",\"isPartOf\":{\"@id\":\"https:\\\/\\\/www.cbh-cyprus.com\\\/de\\\/#website\"},\"primaryImageOfPage\":{\"@id\":\"https:\\\/\\\/www.cbh-cyprus.com\\\/de\\\/aktivitaten\\\/golf-urlaub\\\/#primaryimage\"},\"image\":{\"@id\":\"https:\\\/\\\/www.cbh-cyprus.com\\\/de\\\/aktivitaten\\\/golf-urlaub\\\/#primaryimage\"},\"thumbnailUrl\":\"https:\\\/\\\/www.cbh-cyprus.com\\\/app\\\/uploads\\\/sites\\\/30\\\/2022\\\/07\\\/Minthis-new-greens-bunkers-e1657714190659.jpg\",\"datePublished\":\"2020-09-13T09:00:40+00:00\",\"dateModified\":\"2024-09-13T08:41:17+00:00\",\"description\":\"Constantinou Bros Hotels bietet Golfliebhabern gro\u00dfartige Unterk\u00fcnfte und spezielle Preise f\u00fcr Golfabschlagzeiten f\u00fcr das perfekte Golfurlaubskonzept in Paphos, Zypern.\",\"breadcrumb\":{\"@id\":\"https:\\\/\\\/www.cbh-cyprus.com\\\/de\\\/aktivitaten\\\/golf-urlaub\\\/#breadcrumb\"},\"inLanguage\":\"de\",\"potentialAction\":[{\"@type\":\"ReadAction\",\"target\":[\"https:\\\/\\\/www.cbh-cyprus.com\\\/de\\\/aktivitaten\\\/golf-urlaub\\\/\"]}]},{\"@type\":\"ImageObject\",\"inLanguage\":\"de\",\"@id\":\"https:\\\/\\\/www.cbh-cyprus.com\\\/de\\\/aktivitaten\\\/golf-urlaub\\\/#primaryimage\",\"url\":\"https:\\\/\\\/www.cbh-cyprus.com\\\/app\\\/uploads\\\/sites\\\/30\\\/2022\\\/07\\\/Minthis-new-greens-bunkers-e1657714190659.jpg\",\"contentUrl\":\"https:\\\/\\\/www.cbh-cyprus.com\\\/app\\\/uploads\\\/sites\\\/30\\\/2022\\\/07\\\/Minthis-new-greens-bunkers-e1657714190659.jpg\",\"width\":4000,\"height\":2316},{\"@type\":\"BreadcrumbList\",\"@id\":\"https:\\\/\\\/www.cbh-cyprus.com\\\/de\\\/aktivitaten\\\/golf-urlaub\\\/#breadcrumb\",\"itemListElement\":[{\"@type\":\"ListItem\",\"position\":1,\"name\":\"Home\",\"item\":\"https:\\\/\\\/www.cbh-cyprus.com\\\/de\\\/willkommen-in-den-constantinou-bros-hotels\\\/\"},{\"@type\":\"ListItem\",\"position\":2,\"name\":\"Aktivit\u00e4ten\",\"item\":\"https:\\\/\\\/www.cbh-cyprus.com\\\/de\\\/aktivitaten\\\/\"},{\"@type\":\"ListItem\",\"position\":3,\"name\":\"Golf Ferien\"}]},{\"@type\":\"WebSite\",\"@id\":\"https:\\\/\\\/www.cbh-cyprus.com\\\/de\\\/#website\",\"url\":\"https:\\\/\\\/www.cbh-cyprus.com\\\/de\\\/\",\"name\":\"Constantinou Bros Hotels\",\"description\":\"Constantinou Bros Hotels\",\"publisher\":{\"@id\":\"https:\\\/\\\/www.cbh-cyprus.com\\\/de\\\/#organization\"},\"potentialAction\":[{\"@type\":\"SearchAction\",\"target\":{\"@type\":\"EntryPoint\",\"urlTemplate\":\"https:\\\/\\\/www.cbh-cyprus.com\\\/de\\\/?s={search_term_string}\"},\"query-input\":{\"@type\":\"PropertyValueSpecification\",\"valueRequired\":true,\"valueName\":\"search_term_string\"}}],\"inLanguage\":\"de\"},{\"@type\":\"Organization\",\"@id\":\"https:\\\/\\\/www.cbh-cyprus.com\\\/de\\\/#organization\",\"name\":\"Constantinou Bros Hotels\",\"url\":\"https:\\\/\\\/www.cbh-cyprus.com\\\/de\\\/\",\"logo\":{\"@type\":\"ImageObject\",\"inLanguage\":\"de\",\"@id\":\"https:\\\/\\\/www.cbh-cyprus.com\\\/de\\\/#\\\/schema\\\/logo\\\/image\\\/\",\"url\":\"https:\\\/\\\/www.cbh-cyprus.com\\\/app\\\/uploads\\\/sites\\\/30\\\/2020\\\/10\\\/cbh.jpg\",\"contentUrl\":\"https:\\\/\\\/www.cbh-cyprus.com\\\/app\\\/uploads\\\/sites\\\/30\\\/2020\\\/10\\\/cbh.jpg\",\"width\":1013,\"height\":419,\"caption\":\"Constantinou Bros Hotels\"},\"image\":{\"@id\":\"https:\\\/\\\/www.cbh-cyprus.com\\\/de\\\/#\\\/schema\\\/logo\\\/image\\\/\"}}]}<\/script>\n<!-- \/ Yoast SEO plugin. -->","yoast_head_json":{"title":"Golfurlaub - Constantinou Bros Hotels","description":"Constantinou Bros Hotels bietet Golfliebhabern gro\u00dfartige Unterk\u00fcnfte und spezielle Preise f\u00fcr Golfabschlagzeiten f\u00fcr das perfekte Golfurlaubskonzept in Paphos, Zypern.","robots":{"index":"index","follow":"follow","max-snippet":"max-snippet:-1","max-image-preview":"max-image-preview:large","max-video-preview":"max-video-preview:-1"},"canonical":"https:\/\/www.cbh-cyprus.com\/de\/aktivitaten\/golf-urlaub\/","og_locale":"de_DE","og_type":"article","og_title":"Golfurlaub - Constantinou Bros Hotels","og_description":"Constantinou Bros Hotels bietet Golfliebhabern gro\u00dfartige Unterk\u00fcnfte und spezielle Preise f\u00fcr Golfabschlagzeiten f\u00fcr das perfekte Golfurlaubskonzept in Paphos, Zypern.","og_url":"https:\/\/www.cbh-cyprus.com\/de\/aktivitaten\/golf-urlaub\/","og_site_name":"Constantinou Bros Hotels","article_modified_time":"2024-09-13T08:41:17+00:00","og_image":[{"width":4000,"height":2316,"url":"https:\/\/www.cbh-cyprus.com\/app\/uploads\/sites\/30\/2022\/07\/Minthis-new-greens-bunkers-e1657714190659.jpg","type":"image\/jpeg"}],"twitter_card":"summary_large_image","twitter_misc":{"Gesch\u00e4tzte Lesezeit":"2\u00a0Minuten"},"schema":{"@context":"https:\/\/schema.org","@graph":[{"@type":"WebPage","@id":"https:\/\/www.cbh-cyprus.com\/de\/aktivitaten\/golf-urlaub\/","url":"https:\/\/www.cbh-cyprus.com\/de\/aktivitaten\/golf-urlaub\/","name":"Golfurlaub - Constantinou Bros Hotels","isPartOf":{"@id":"https:\/\/www.cbh-cyprus.com\/de\/#website"},"primaryImageOfPage":{"@id":"https:\/\/www.cbh-cyprus.com\/de\/aktivitaten\/golf-urlaub\/#primaryimage"},"image":{"@id":"https:\/\/www.cbh-cyprus.com\/de\/aktivitaten\/golf-urlaub\/#primaryimage"},"thumbnailUrl":"https:\/\/www.cbh-cyprus.com\/app\/uploads\/sites\/30\/2022\/07\/Minthis-new-greens-bunkers-e1657714190659.jpg","datePublished":"2020-09-13T09:00:40+00:00","dateModified":"2024-09-13T08:41:17+00:00","description":"Constantinou Bros Hotels bietet Golfliebhabern gro\u00dfartige Unterk\u00fcnfte und spezielle Preise f\u00fcr Golfabschlagzeiten f\u00fcr das perfekte Golfurlaubskonzept in Paphos, Zypern.","breadcrumb":{"@id":"https:\/\/www.cbh-cyprus.com\/de\/aktivitaten\/golf-urlaub\/#breadcrumb"},"inLanguage":"de","potentialAction":[{"@type":"ReadAction","target":["https:\/\/www.cbh-cyprus.com\/de\/aktivitaten\/golf-urlaub\/"]}]},{"@type":"ImageObject","inLanguage":"de","@id":"https:\/\/www.cbh-cyprus.com\/de\/aktivitaten\/golf-urlaub\/#primaryimage","url":"https:\/\/www.cbh-cyprus.com\/app\/uploads\/sites\/30\/2022\/07\/Minthis-new-greens-bunkers-e1657714190659.jpg","contentUrl":"https:\/\/www.cbh-cyprus.com\/app\/uploads\/sites\/30\/2022\/07\/Minthis-new-greens-bunkers-e1657714190659.jpg","width":4000,"height":2316},{"@type":"BreadcrumbList","@id":"https:\/\/www.cbh-cyprus.com\/de\/aktivitaten\/golf-urlaub\/#breadcrumb","itemListElement":[{"@type":"ListItem","position":1,"name":"Home","item":"https:\/\/www.cbh-cyprus.com\/de\/willkommen-in-den-constantinou-bros-hotels\/"},{"@type":"ListItem","position":2,"name":"Aktivit\u00e4ten","item":"https:\/\/www.cbh-cyprus.com\/de\/aktivitaten\/"},{"@type":"ListItem","position":3,"name":"Golf Ferien"}]},{"@type":"WebSite","@id":"https:\/\/www.cbh-cyprus.com\/de\/#website","url":"https:\/\/www.cbh-cyprus.com\/de\/","name":"Constantinou Bros Hotels","description":"Constantinou Bros Hotels","publisher":{"@id":"https:\/\/www.cbh-cyprus.com\/de\/#organization"},"potentialAction":[{"@type":"SearchAction","target":{"@type":"EntryPoint","urlTemplate":"https:\/\/www.cbh-cyprus.com\/de\/?s={search_term_string}"},"query-input":{"@type":"PropertyValueSpecification","valueRequired":true,"valueName":"search_term_string"}}],"inLanguage":"de"},{"@type":"Organization","@id":"https:\/\/www.cbh-cyprus.com\/de\/#organization","name":"Constantinou Bros Hotels","url":"https:\/\/www.cbh-cyprus.com\/de\/","logo":{"@type":"ImageObject","inLanguage":"de","@id":"https:\/\/www.cbh-cyprus.com\/de\/#\/schema\/logo\/image\/","url":"https:\/\/www.cbh-cyprus.com\/app\/uploads\/sites\/30\/2020\/10\/cbh.jpg","contentUrl":"https:\/\/www.cbh-cyprus.com\/app\/uploads\/sites\/30\/2020\/10\/cbh.jpg","width":1013,"height":419,"caption":"Constantinou Bros Hotels"},"image":{"@id":"https:\/\/www.cbh-cyprus.com\/de\/#\/schema\/logo\/image\/"}}]}},"_links":{"self":[{"href":"https:\/\/www.cbh-cyprus.com\/de\/wp-json\/wp\/v2\/pages\/21702","targetHints":{"allow":["GET"]}}],"collection":[{"href":"https:\/\/www.cbh-cyprus.com\/de\/wp-json\/wp\/v2\/pages"}],"about":[{"href":"https:\/\/www.cbh-cyprus.com\/de\/wp-json\/wp\/v2\/types\/page"}],"author":[{"embeddable":true,"href":"https:\/\/www.cbh-cyprus.com\/de\/wp-json\/wp\/v2\/users\/100"}],"replies":[{"embeddable":true,"href":"https:\/\/www.cbh-cyprus.com\/de\/wp-json\/wp\/v2\/comments?post=21702"}],"version-history":[{"count":10,"href":"https:\/\/www.cbh-cyprus.com\/de\/wp-json\/wp\/v2\/pages\/21702\/revisions"}],"predecessor-version":[{"id":37291,"href":"https:\/\/www.cbh-cyprus.com\/de\/wp-json\/wp\/v2\/pages\/21702\/revisions\/37291"}],"up":[{"embeddable":true,"href":"https:\/\/www.cbh-cyprus.com\/de\/wp-json\/wp\/v2\/pages\/2555"}],"wp:featuredmedia":[{"embeddable":true,"href":"https:\/\/www.cbh-cyprus.com\/de\/wp-json\/wp\/v2\/media\/21721"}],"wp:attachment":[{"href":"https:\/\/www.cbh-cyprus.com\/de\/wp-json\/wp\/v2\/media?parent=21702"}],"curies":[{"name":"wp","href":"https:\/\/api.w.org\/{rel}","templated":true}]}}