{"id":2391,"date":"2019-11-11T13:13:31","date_gmt":"2019-11-11T10:13:31","guid":{"rendered":"http:\/\/cbh-cyprus.cms4.nelios.com\/travel-professionals\/"},"modified":"2024-09-13T17:54:10","modified_gmt":"2024-09-13T14:54:10","slug":"travel-professionals","status":"publish","type":"page","link":"https:\/\/www.cbh-cyprus.com\/de\/travel-professionals\/","title":{"rendered":"Reiseprofis"},"content":{"rendered":"<p>Um Ihrem gro\u00dfen und st\u00e4ndigen Bedarf an genauen Informationen schnell und einfach gerecht zu werden, haben wir diese Seite speziell f\u00fcr Sie erstellt.<br \/>\nHier finden Sie Logos der Constantinou Bros Hotels, hochaufl\u00f6sende Fotos, Hoteldatenbl\u00e4tter und e-Brosch\u00fcren.<br \/>\nAlle k\u00f6nnen Sie nach Ihren W\u00fcnschen herunterladen.<br \/>\nBevor Sie fortfahren, werden Sie gebeten, Ihre pers\u00f6nlichen Daten einzugeben, damit wir Sie besser bedienen k\u00f6nnen.<br \/>\nSobald Sie dieses Formular ausgef\u00fcllt haben, k\u00f6nnen Sie sich jederzeit bei uns anmelden, indem Sie einfach Ihren Benutzernamen und Ihr Passwort eingeben.      &nbsp;<\/p>\n","protected":false},"excerpt":{"rendered":"<p>Um Ihrem gro\u00dfen und st\u00e4ndigen Bedarf an genauen Informationen schnell und einfach gerecht zu werden, haben wir diese Seite speziell f\u00fcr Sie erstellt. Hier finden Sie Logos der Constantinou Bros Hotels, hochaufl\u00f6sende Fotos, Hoteldatenbl\u00e4tter und e-Brosch\u00fcren. Alle k\u00f6nnen Sie nach Ihren W\u00fcnschen herunterladen. Bevor Sie fortfahren, werden Sie gebeten, Ihre pers\u00f6nlichen Daten einzugeben, damit wir<\/p>\n","protected":false},"author":100,"featured_media":6003,"parent":0,"menu_order":0,"comment_status":"closed","ping_status":"closed","template":"","meta":{"_acf_changed":false,"footnotes":""},"class_list":["post-2391","page","type-page","status-publish","has-post-thumbnail","hentry"],"acf":[],"yoast_head":"<!-- This site is optimized with the Yoast SEO plugin v27.4 - https:\/\/yoast.com\/product\/yoast-seo-wordpress\/ -->\n<title>Reiseprofis - Constantinou Bros Hotels<\/title>\n<meta name=\"description\" content=\"Setzen Sie Ihr Passwort zur\u00fcck, um auf das Portal Travel Professionals zuzugreifen, das verschiedene n\u00fctzliche Informationen \u00fcber die Gruppe Constantinou Bros Hotels enth\u00e4lt.\" \/>\n<meta name=\"robots\" content=\"index, follow, max-snippet:-1, max-image-preview:large, max-video-preview:-1\" \/>\n<link rel=\"canonical\" href=\"https:\/\/www.cbh-cyprus.com\/de\/travel-professionals\/\" \/>\n<meta property=\"og:locale\" content=\"de_DE\" \/>\n<meta property=\"og:type\" content=\"article\" \/>\n<meta property=\"og:title\" content=\"Reiseprofis - Constantinou Bros Hotels\" \/>\n<meta property=\"og:description\" content=\"Setzen Sie Ihr Passwort zur\u00fcck, um auf das Portal Travel Professionals zuzugreifen, das verschiedene n\u00fctzliche Informationen \u00fcber die Gruppe Constantinou Bros Hotels enth\u00e4lt.\" \/>\n<meta property=\"og:url\" content=\"https:\/\/www.cbh-cyprus.com\/de\/travel-professionals\/\" \/>\n<meta property=\"og:site_name\" content=\"Constantinou Bros Hotels\" \/>\n<meta property=\"article:modified_time\" content=\"2024-09-13T14:54:10+00:00\" \/>\n<meta property=\"og:image\" content=\"https:\/\/www.cbh-cyprus.com\/app\/uploads\/sites\/30\/2020\/06\/3-ATHENA-BEACH-HOTEL-POOL-AND-SEA-VIEW.jpg\" \/>\n\t<meta property=\"og:image:width\" content=\"7648\" \/>\n\t<meta property=\"og:image:height\" content=\"3125\" \/>\n\t<meta property=\"og:image:type\" content=\"image\/jpeg\" \/>\n<meta name=\"twitter:card\" content=\"summary_large_image\" \/>\n<meta name=\"twitter:label1\" content=\"Gesch\u00e4tzte Lesezeit\" \/>\n\t<meta name=\"twitter:data1\" content=\"1\u00a0Minute\" \/>\n<script type=\"application\/ld+json\" class=\"yoast-schema-graph\">{\"@context\":\"https:\\\/\\\/schema.org\",\"@graph\":[{\"@type\":\"WebPage\",\"@id\":\"https:\\\/\\\/www.cbh-cyprus.com\\\/de\\\/travel-professionals\\\/\",\"url\":\"https:\\\/\\\/www.cbh-cyprus.com\\\/de\\\/travel-professionals\\\/\",\"name\":\"Reiseprofis - Constantinou Bros Hotels\",\"isPartOf\":{\"@id\":\"https:\\\/\\\/www.cbh-cyprus.com\\\/de\\\/#website\"},\"primaryImageOfPage\":{\"@id\":\"https:\\\/\\\/www.cbh-cyprus.com\\\/de\\\/travel-professionals\\\/#primaryimage\"},\"image\":{\"@id\":\"https:\\\/\\\/www.cbh-cyprus.com\\\/de\\\/travel-professionals\\\/#primaryimage\"},\"thumbnailUrl\":\"https:\\\/\\\/www.cbh-cyprus.com\\\/app\\\/uploads\\\/sites\\\/30\\\/2020\\\/06\\\/3-ATHENA-BEACH-HOTEL-POOL-AND-SEA-VIEW.jpg\",\"datePublished\":\"2019-11-11T10:13:31+00:00\",\"dateModified\":\"2024-09-13T14:54:10+00:00\",\"description\":\"Setzen Sie Ihr Passwort zur\u00fcck, um auf das Portal Travel Professionals zuzugreifen, das verschiedene n\u00fctzliche Informationen \u00fcber die Gruppe Constantinou Bros Hotels enth\u00e4lt.\",\"breadcrumb\":{\"@id\":\"https:\\\/\\\/www.cbh-cyprus.com\\\/de\\\/travel-professionals\\\/#breadcrumb\"},\"inLanguage\":\"de\",\"potentialAction\":[{\"@type\":\"ReadAction\",\"target\":[\"https:\\\/\\\/www.cbh-cyprus.com\\\/de\\\/travel-professionals\\\/\"]}]},{\"@type\":\"ImageObject\",\"inLanguage\":\"de\",\"@id\":\"https:\\\/\\\/www.cbh-cyprus.com\\\/de\\\/travel-professionals\\\/#primaryimage\",\"url\":\"https:\\\/\\\/www.cbh-cyprus.com\\\/app\\\/uploads\\\/sites\\\/30\\\/2020\\\/06\\\/3-ATHENA-BEACH-HOTEL-POOL-AND-SEA-VIEW.jpg\",\"contentUrl\":\"https:\\\/\\\/www.cbh-cyprus.com\\\/app\\\/uploads\\\/sites\\\/30\\\/2020\\\/06\\\/3-ATHENA-BEACH-HOTEL-POOL-AND-SEA-VIEW.jpg\",\"width\":7648,\"height\":3125},{\"@type\":\"BreadcrumbList\",\"@id\":\"https:\\\/\\\/www.cbh-cyprus.com\\\/de\\\/travel-professionals\\\/#breadcrumb\",\"itemListElement\":[{\"@type\":\"ListItem\",\"position\":1,\"name\":\"Home\",\"item\":\"https:\\\/\\\/www.cbh-cyprus.com\\\/de\\\/willkommen-in-den-constantinou-bros-hotels\\\/\"},{\"@type\":\"ListItem\",\"position\":2,\"name\":\"Reiseprofis\"}]},{\"@type\":\"WebSite\",\"@id\":\"https:\\\/\\\/www.cbh-cyprus.com\\\/de\\\/#website\",\"url\":\"https:\\\/\\\/www.cbh-cyprus.com\\\/de\\\/\",\"name\":\"Constantinou Bros Hotels\",\"description\":\"Constantinou Bros Hotels\",\"publisher\":{\"@id\":\"https:\\\/\\\/www.cbh-cyprus.com\\\/de\\\/#organization\"},\"potentialAction\":[{\"@type\":\"SearchAction\",\"target\":{\"@type\":\"EntryPoint\",\"urlTemplate\":\"https:\\\/\\\/www.cbh-cyprus.com\\\/de\\\/?s={search_term_string}\"},\"query-input\":{\"@type\":\"PropertyValueSpecification\",\"valueRequired\":true,\"valueName\":\"search_term_string\"}}],\"inLanguage\":\"de\"},{\"@type\":\"Organization\",\"@id\":\"https:\\\/\\\/www.cbh-cyprus.com\\\/de\\\/#organization\",\"name\":\"Constantinou Bros Hotels\",\"url\":\"https:\\\/\\\/www.cbh-cyprus.com\\\/de\\\/\",\"logo\":{\"@type\":\"ImageObject\",\"inLanguage\":\"de\",\"@id\":\"https:\\\/\\\/www.cbh-cyprus.com\\\/de\\\/#\\\/schema\\\/logo\\\/image\\\/\",\"url\":\"https:\\\/\\\/www.cbh-cyprus.com\\\/app\\\/uploads\\\/sites\\\/30\\\/2020\\\/10\\\/cbh.jpg\",\"contentUrl\":\"https:\\\/\\\/www.cbh-cyprus.com\\\/app\\\/uploads\\\/sites\\\/30\\\/2020\\\/10\\\/cbh.jpg\",\"width\":1013,\"height\":419,\"caption\":\"Constantinou Bros Hotels\"},\"image\":{\"@id\":\"https:\\\/\\\/www.cbh-cyprus.com\\\/de\\\/#\\\/schema\\\/logo\\\/image\\\/\"}}]}<\/script>\n<!-- \/ Yoast SEO plugin. -->","yoast_head_json":{"title":"Reiseprofis - Constantinou Bros Hotels","description":"Setzen Sie Ihr Passwort zur\u00fcck, um auf das Portal Travel Professionals zuzugreifen, das verschiedene n\u00fctzliche Informationen \u00fcber die Gruppe Constantinou Bros Hotels enth\u00e4lt.","robots":{"index":"index","follow":"follow","max-snippet":"max-snippet:-1","max-image-preview":"max-image-preview:large","max-video-preview":"max-video-preview:-1"},"canonical":"https:\/\/www.cbh-cyprus.com\/de\/travel-professionals\/","og_locale":"de_DE","og_type":"article","og_title":"Reiseprofis - Constantinou Bros Hotels","og_description":"Setzen Sie Ihr Passwort zur\u00fcck, um auf das Portal Travel Professionals zuzugreifen, das verschiedene n\u00fctzliche Informationen \u00fcber die Gruppe Constantinou Bros Hotels enth\u00e4lt.","og_url":"https:\/\/www.cbh-cyprus.com\/de\/travel-professionals\/","og_site_name":"Constantinou Bros Hotels","article_modified_time":"2024-09-13T14:54:10+00:00","og_image":[{"width":7648,"height":3125,"url":"https:\/\/www.cbh-cyprus.com\/app\/uploads\/sites\/30\/2020\/06\/3-ATHENA-BEACH-HOTEL-POOL-AND-SEA-VIEW.jpg","type":"image\/jpeg"}],"twitter_card":"summary_large_image","twitter_misc":{"Gesch\u00e4tzte Lesezeit":"1\u00a0Minute"},"schema":{"@context":"https:\/\/schema.org","@graph":[{"@type":"WebPage","@id":"https:\/\/www.cbh-cyprus.com\/de\/travel-professionals\/","url":"https:\/\/www.cbh-cyprus.com\/de\/travel-professionals\/","name":"Reiseprofis - Constantinou Bros Hotels","isPartOf":{"@id":"https:\/\/www.cbh-cyprus.com\/de\/#website"},"primaryImageOfPage":{"@id":"https:\/\/www.cbh-cyprus.com\/de\/travel-professionals\/#primaryimage"},"image":{"@id":"https:\/\/www.cbh-cyprus.com\/de\/travel-professionals\/#primaryimage"},"thumbnailUrl":"https:\/\/www.cbh-cyprus.com\/app\/uploads\/sites\/30\/2020\/06\/3-ATHENA-BEACH-HOTEL-POOL-AND-SEA-VIEW.jpg","datePublished":"2019-11-11T10:13:31+00:00","dateModified":"2024-09-13T14:54:10+00:00","description":"Setzen Sie Ihr Passwort zur\u00fcck, um auf das Portal Travel Professionals zuzugreifen, das verschiedene n\u00fctzliche Informationen \u00fcber die Gruppe Constantinou Bros Hotels enth\u00e4lt.","breadcrumb":{"@id":"https:\/\/www.cbh-cyprus.com\/de\/travel-professionals\/#breadcrumb"},"inLanguage":"de","potentialAction":[{"@type":"ReadAction","target":["https:\/\/www.cbh-cyprus.com\/de\/travel-professionals\/"]}]},{"@type":"ImageObject","inLanguage":"de","@id":"https:\/\/www.cbh-cyprus.com\/de\/travel-professionals\/#primaryimage","url":"https:\/\/www.cbh-cyprus.com\/app\/uploads\/sites\/30\/2020\/06\/3-ATHENA-BEACH-HOTEL-POOL-AND-SEA-VIEW.jpg","contentUrl":"https:\/\/www.cbh-cyprus.com\/app\/uploads\/sites\/30\/2020\/06\/3-ATHENA-BEACH-HOTEL-POOL-AND-SEA-VIEW.jpg","width":7648,"height":3125},{"@type":"BreadcrumbList","@id":"https:\/\/www.cbh-cyprus.com\/de\/travel-professionals\/#breadcrumb","itemListElement":[{"@type":"ListItem","position":1,"name":"Home","item":"https:\/\/www.cbh-cyprus.com\/de\/willkommen-in-den-constantinou-bros-hotels\/"},{"@type":"ListItem","position":2,"name":"Reiseprofis"}]},{"@type":"WebSite","@id":"https:\/\/www.cbh-cyprus.com\/de\/#website","url":"https:\/\/www.cbh-cyprus.com\/de\/","name":"Constantinou Bros Hotels","description":"Constantinou Bros Hotels","publisher":{"@id":"https:\/\/www.cbh-cyprus.com\/de\/#organization"},"potentialAction":[{"@type":"SearchAction","target":{"@type":"EntryPoint","urlTemplate":"https:\/\/www.cbh-cyprus.com\/de\/?s={search_term_string}"},"query-input":{"@type":"PropertyValueSpecification","valueRequired":true,"valueName":"search_term_string"}}],"inLanguage":"de"},{"@type":"Organization","@id":"https:\/\/www.cbh-cyprus.com\/de\/#organization","name":"Constantinou Bros Hotels","url":"https:\/\/www.cbh-cyprus.com\/de\/","logo":{"@type":"ImageObject","inLanguage":"de","@id":"https:\/\/www.cbh-cyprus.com\/de\/#\/schema\/logo\/image\/","url":"https:\/\/www.cbh-cyprus.com\/app\/uploads\/sites\/30\/2020\/10\/cbh.jpg","contentUrl":"https:\/\/www.cbh-cyprus.com\/app\/uploads\/sites\/30\/2020\/10\/cbh.jpg","width":1013,"height":419,"caption":"Constantinou Bros Hotels"},"image":{"@id":"https:\/\/www.cbh-cyprus.com\/de\/#\/schema\/logo\/image\/"}}]}},"_links":{"self":[{"href":"https:\/\/www.cbh-cyprus.com\/de\/wp-json\/wp\/v2\/pages\/2391","targetHints":{"allow":["GET"]}}],"collection":[{"href":"https:\/\/www.cbh-cyprus.com\/de\/wp-json\/wp\/v2\/pages"}],"about":[{"href":"https:\/\/www.cbh-cyprus.com\/de\/wp-json\/wp\/v2\/types\/page"}],"author":[{"embeddable":true,"href":"https:\/\/www.cbh-cyprus.com\/de\/wp-json\/wp\/v2\/users\/100"}],"replies":[{"embeddable":true,"href":"https:\/\/www.cbh-cyprus.com\/de\/wp-json\/wp\/v2\/comments?post=2391"}],"version-history":[{"count":9,"href":"https:\/\/www.cbh-cyprus.com\/de\/wp-json\/wp\/v2\/pages\/2391\/revisions"}],"predecessor-version":[{"id":41435,"href":"https:\/\/www.cbh-cyprus.com\/de\/wp-json\/wp\/v2\/pages\/2391\/revisions\/41435"}],"wp:featuredmedia":[{"embeddable":true,"href":"https:\/\/www.cbh-cyprus.com\/de\/wp-json\/wp\/v2\/media\/6003"}],"wp:attachment":[{"href":"https:\/\/www.cbh-cyprus.com\/de\/wp-json\/wp\/v2\/media?parent=2391"}],"curies":[{"name":"wp","href":"https:\/\/api.w.org\/{rel}","templated":true}]}}