{"id":2548,"date":"2019-11-01T17:58:02","date_gmt":"2019-11-01T14:58:02","guid":{"rendered":"http:\/\/cbh-cyprus.cms4.nelios.com\/about-paphos\/"},"modified":"2024-09-13T11:28:01","modified_gmt":"2024-09-13T08:28:01","slug":"uber-papst-zypern","status":"publish","type":"page","link":"https:\/\/www.cbh-cyprus.com\/de\/uber-papst-zypern\/","title":{"rendered":"\u00dcber Paphos \/ Zypern"},"content":{"rendered":"<p><strong>Paphos<\/strong>, eine kleine malerische Stadt, liegt an der Westk\u00fcste Zyperns und erstreckt sich von der sch\u00f6nen Akamas-Halbinsel im Nordwesten bis zum Aphrodites-Felsen im Osten.<br \/>\nSie ist geschichtstr\u00e4chtig, da sie in der Antike die Hauptstadt Zyperns war. 2017 wurde sie erneut zur Kulturhauptstadt Europas ernannt und zieht jedes Jahr Tausende von Besuchern an.<br \/>\nIn Paphos gibt es unz\u00e4hlige St\u00e4tten von historischem, religi\u00f6sem und kulturellem Interesse, und die Stadt steht auf der UNESCO-Liste des Weltkulturerbes.<br \/>\nDie K\u00f6nigsgr\u00e4ber, die mittelalterliche Festung, das Odeon, das Haus des Dionysos, der Aphroditenfelsen und die B\u00e4der der Aphrodite sowie die S\u00e4ule des Heiligen Paulus sind nur einige dieser St\u00e4tten.<br \/>\nDer Betrieb eines internationalen Flughafens mit Verbindungen zu vielen gro\u00dfen St\u00e4dten der Welt hat Paphos sehr zug\u00e4nglich gemacht.<br \/>\nAuch eine gute neue Autobahn verbindet Paphos einfach und sicher mit allen anderen St\u00e4dten.<br \/>\nDie Gegend um Paphos ist von einer wundersch\u00f6nen K\u00fcste umgeben und hat charmante D\u00f6rfer in den Bergen, in die sich jahrhundertealte Kl\u00f6ster schmiegen.<br \/>\nDas Stadtzentrum hingegen ist modern mit trendigen Gesch\u00e4ften, einem interessanten traditionellen Markt und guten Museen.<br \/>\nSie werden Paphos als einen charmanten, sicheren und angenehmen Urlaubsort kennenlernen, in dem es viel zu sehen und zu unternehmen gibt und der bald zu einem festen Favoriten unter den Urlaubszielen werden wird. <strong>Zypern<\/strong> ist die drittgr\u00f6\u00dfte Insel im Mittelmeer und ein wahrer Kreuzungspunkt zwischen drei Kontinenten, n\u00e4mlich Europa, Asien und Afrika.<br \/>\nSie wurde 1960 eine unabh\u00e4ngige Republik und trat 2004 der Europ\u00e4ischen Union bei.<br \/>\nSie verf\u00fcgt \u00fcber zwei internationale Flugh\u00e4fen in Larnaca und Paphos mit ausgezeichneten Verbindungen zu den meisten gro\u00dfen St\u00e4dten der Welt.<br \/>\nZypern hat seinen Namen vom Kupfer, das hier in der Antike reichlich vorhanden war.<br \/>\nEs ist eine geschichtstr\u00e4chtige Insel, die unter persischer, assyrischer, \u00e4gyptischer, r\u00f6mischer, byzantinischer, venezianischer, osmanischer und britischer Herrschaft stand.<br \/>\nSie war auch eines der ersten L\u00e4nder der Welt, das zum Christentum konvertierte, als der heilige Paulus die Insel besuchte und den neuen Glauben predigte.<br \/>\nIn Paphos k\u00f6nnen Sie noch immer die S\u00e4ule des Heiligen Paulus sehen, an der der Apostel 39 Mal gefesselt und gegei\u00dfelt wurde, und in Larnaca befindet sich in der Kirche des Heiligen Lazarus die Krypta dieses Heiligen, der von Jesus Christus wiederauferstanden ist.<br \/>\nDies erkl\u00e4rt, warum Zypern eine Insel ist, die das Interesse aller Arten von Menschen weckt: von Arch\u00e4ologie-Liebhabern und Naturfreunden \u00fcber Hochzeitsreisende und sonnenanbetende Familien bis hin zu Feinschmeckern und Gesch\u00e4ftsleuten.<br \/>\nAntike Tempelruinen zusammen mit atemberaubenden Fresken in byzantinischen Kirchen, terrassenf\u00f6rmig angelegte Weinberge und bezaubernde Naturpfade, mit Pinien bewachsene Berge und sonnenverw\u00f6hnte K\u00fcsten, eine Mahlzeit mit Meze und frischem Halloumi-K\u00e4se sowie hochmoderne Konferenzeinrichtungen sind nur einige der Dinge, die Sie dazu bringen werden, sich in Zypern zu verlieben.<br \/>\nZypern mag ein Land sein, das tief in seiner reichen und vielf\u00e4ltigen Vergangenheit verwurzelt ist, aber es ist auch ein modernes Land, das sich schnell in die Zukunft bewegt.<br \/>\nEs ist eine Insel mit vielen sch\u00f6nen Widerspr\u00fcchen, eine warme Mischung aus Kulturen, Farben, Zivilisationen, Liedern und Mythen.<br \/>\nWir laden Sie ein, die Gastfreundschaft auf der Insel zu genie\u00dfen, auf der das Wort xenos in unserer Muttersprache sowohl Fremder als auch Gast bedeutet.<br \/>\nKommen Sie und entdecken Sie eine Insel, deren Sch\u00f6nheit und Charme durch die Freundlichkeit ihrer Bewohner noch verst\u00e4rkt wird.<br \/>\nKommen Sie und entdecken Sie Zypern.                     <\/p>\n","protected":false},"excerpt":{"rendered":"<p>Paphos, eine kleine malerische Stadt, liegt an der Westk\u00fcste Zyperns und erstreckt sich von der sch\u00f6nen Akamas-Halbinsel im Nordwesten bis zum Aphrodites-Felsen im Osten. Sie ist geschichtstr\u00e4chtig, da sie in der Antike die Hauptstadt Zyperns war. 2017 wurde sie erneut zur Kulturhauptstadt Europas ernannt und zieht jedes Jahr Tausende von Besuchern an. In Paphos gibt<\/p>\n","protected":false},"author":100,"featured_media":6864,"parent":0,"menu_order":0,"comment_status":"closed","ping_status":"closed","template":"","meta":{"_acf_changed":false,"footnotes":""},"class_list":["post-2548","page","type-page","status-publish","has-post-thumbnail","hentry"],"acf":[],"yoast_head":"<!-- This site is optimized with the Yoast SEO plugin v27.3 - https:\/\/yoast.com\/product\/yoast-seo-wordpress\/ -->\n<title>Informationen \u00fcber Paphos Zypern || Constantinou Hotels<\/title>\n<meta name=\"description\" content=\"Erfahren Sie alles \u00fcber Paphos, Zypern, einen malerischen Ferienort f\u00fcr alle, die die Insel in Kombination mit Sehensw\u00fcrdigkeiten von historischem und kulturellem Interesse suchen.\" \/>\n<meta name=\"robots\" content=\"index, follow, max-snippet:-1, max-image-preview:large, max-video-preview:-1\" \/>\n<link rel=\"canonical\" href=\"https:\/\/www.cbh-cyprus.com\/de\/uber-papst-zypern\/\" \/>\n<meta property=\"og:locale\" content=\"de_DE\" \/>\n<meta property=\"og:type\" content=\"article\" \/>\n<meta property=\"og:title\" content=\"Informationen \u00fcber Paphos Zypern || Constantinou Hotels\" \/>\n<meta property=\"og:description\" content=\"Erfahren Sie alles \u00fcber Paphos, Zypern, einen malerischen Ferienort f\u00fcr alle, die die Insel in Kombination mit Sehensw\u00fcrdigkeiten von historischem und kulturellem Interesse suchen.\" \/>\n<meta property=\"og:url\" content=\"https:\/\/www.cbh-cyprus.com\/de\/uber-papst-zypern\/\" \/>\n<meta property=\"og:site_name\" content=\"Constantinou Bros Hotels\" \/>\n<meta property=\"article:modified_time\" content=\"2024-09-13T08:28:01+00:00\" \/>\n<meta property=\"og:image\" content=\"https:\/\/www.cbh-cyprus.com\/app\/uploads\/sites\/30\/2020\/10\/3-PAPHOS-FISHING-HARBOUR.jpg\" \/>\n\t<meta property=\"og:image:width\" content=\"4216\" \/>\n\t<meta property=\"og:image:height\" content=\"2009\" \/>\n\t<meta property=\"og:image:type\" content=\"image\/jpeg\" \/>\n<meta name=\"twitter:card\" content=\"summary_large_image\" \/>\n<meta name=\"twitter:label1\" content=\"Gesch\u00e4tzte Lesezeit\" \/>\n\t<meta name=\"twitter:data1\" content=\"3\u00a0Minuten\" \/>\n<script type=\"application\/ld+json\" class=\"yoast-schema-graph\">{\"@context\":\"https:\\\/\\\/schema.org\",\"@graph\":[{\"@type\":\"WebPage\",\"@id\":\"https:\\\/\\\/www.cbh-cyprus.com\\\/de\\\/uber-papst-zypern\\\/\",\"url\":\"https:\\\/\\\/www.cbh-cyprus.com\\\/de\\\/uber-papst-zypern\\\/\",\"name\":\"Informationen \u00fcber Paphos Zypern || Constantinou Hotels\",\"isPartOf\":{\"@id\":\"https:\\\/\\\/www.cbh-cyprus.com\\\/de\\\/#website\"},\"primaryImageOfPage\":{\"@id\":\"https:\\\/\\\/www.cbh-cyprus.com\\\/de\\\/uber-papst-zypern\\\/#primaryimage\"},\"image\":{\"@id\":\"https:\\\/\\\/www.cbh-cyprus.com\\\/de\\\/uber-papst-zypern\\\/#primaryimage\"},\"thumbnailUrl\":\"https:\\\/\\\/www.cbh-cyprus.com\\\/app\\\/uploads\\\/sites\\\/30\\\/2020\\\/10\\\/3-PAPHOS-FISHING-HARBOUR.jpg\",\"datePublished\":\"2019-11-01T14:58:02+00:00\",\"dateModified\":\"2024-09-13T08:28:01+00:00\",\"description\":\"Erfahren Sie alles \u00fcber Paphos, Zypern, einen malerischen Ferienort f\u00fcr alle, die die Insel in Kombination mit Sehensw\u00fcrdigkeiten von historischem und kulturellem Interesse suchen.\",\"breadcrumb\":{\"@id\":\"https:\\\/\\\/www.cbh-cyprus.com\\\/de\\\/uber-papst-zypern\\\/#breadcrumb\"},\"inLanguage\":\"de\",\"potentialAction\":[{\"@type\":\"ReadAction\",\"target\":[\"https:\\\/\\\/www.cbh-cyprus.com\\\/de\\\/uber-papst-zypern\\\/\"]}]},{\"@type\":\"ImageObject\",\"inLanguage\":\"de\",\"@id\":\"https:\\\/\\\/www.cbh-cyprus.com\\\/de\\\/uber-papst-zypern\\\/#primaryimage\",\"url\":\"https:\\\/\\\/www.cbh-cyprus.com\\\/app\\\/uploads\\\/sites\\\/30\\\/2020\\\/10\\\/3-PAPHOS-FISHING-HARBOUR.jpg\",\"contentUrl\":\"https:\\\/\\\/www.cbh-cyprus.com\\\/app\\\/uploads\\\/sites\\\/30\\\/2020\\\/10\\\/3-PAPHOS-FISHING-HARBOUR.jpg\",\"width\":4216,\"height\":2009,\"caption\":\"??????\"},{\"@type\":\"BreadcrumbList\",\"@id\":\"https:\\\/\\\/www.cbh-cyprus.com\\\/de\\\/uber-papst-zypern\\\/#breadcrumb\",\"itemListElement\":[{\"@type\":\"ListItem\",\"position\":1,\"name\":\"Home\",\"item\":\"https:\\\/\\\/www.cbh-cyprus.com\\\/de\\\/willkommen-in-den-constantinou-bros-hotels\\\/\"},{\"@type\":\"ListItem\",\"position\":2,\"name\":\"\u00dcber Paphos \\\/ Zypern\"}]},{\"@type\":\"WebSite\",\"@id\":\"https:\\\/\\\/www.cbh-cyprus.com\\\/de\\\/#website\",\"url\":\"https:\\\/\\\/www.cbh-cyprus.com\\\/de\\\/\",\"name\":\"Constantinou Bros Hotels\",\"description\":\"Constantinou Bros Hotels\",\"publisher\":{\"@id\":\"https:\\\/\\\/www.cbh-cyprus.com\\\/de\\\/#organization\"},\"potentialAction\":[{\"@type\":\"SearchAction\",\"target\":{\"@type\":\"EntryPoint\",\"urlTemplate\":\"https:\\\/\\\/www.cbh-cyprus.com\\\/de\\\/?s={search_term_string}\"},\"query-input\":{\"@type\":\"PropertyValueSpecification\",\"valueRequired\":true,\"valueName\":\"search_term_string\"}}],\"inLanguage\":\"de\"},{\"@type\":\"Organization\",\"@id\":\"https:\\\/\\\/www.cbh-cyprus.com\\\/de\\\/#organization\",\"name\":\"Constantinou Bros Hotels\",\"url\":\"https:\\\/\\\/www.cbh-cyprus.com\\\/de\\\/\",\"logo\":{\"@type\":\"ImageObject\",\"inLanguage\":\"de\",\"@id\":\"https:\\\/\\\/www.cbh-cyprus.com\\\/de\\\/#\\\/schema\\\/logo\\\/image\\\/\",\"url\":\"https:\\\/\\\/www.cbh-cyprus.com\\\/app\\\/uploads\\\/sites\\\/30\\\/2020\\\/10\\\/cbh.jpg\",\"contentUrl\":\"https:\\\/\\\/www.cbh-cyprus.com\\\/app\\\/uploads\\\/sites\\\/30\\\/2020\\\/10\\\/cbh.jpg\",\"width\":1013,\"height\":419,\"caption\":\"Constantinou Bros Hotels\"},\"image\":{\"@id\":\"https:\\\/\\\/www.cbh-cyprus.com\\\/de\\\/#\\\/schema\\\/logo\\\/image\\\/\"}}]}<\/script>\n<!-- \/ Yoast SEO plugin. -->","yoast_head_json":{"title":"Informationen \u00fcber Paphos Zypern || Constantinou Hotels","description":"Erfahren Sie alles \u00fcber Paphos, Zypern, einen malerischen Ferienort f\u00fcr alle, die die Insel in Kombination mit Sehensw\u00fcrdigkeiten von historischem und kulturellem Interesse suchen.","robots":{"index":"index","follow":"follow","max-snippet":"max-snippet:-1","max-image-preview":"max-image-preview:large","max-video-preview":"max-video-preview:-1"},"canonical":"https:\/\/www.cbh-cyprus.com\/de\/uber-papst-zypern\/","og_locale":"de_DE","og_type":"article","og_title":"Informationen \u00fcber Paphos Zypern || Constantinou Hotels","og_description":"Erfahren Sie alles \u00fcber Paphos, Zypern, einen malerischen Ferienort f\u00fcr alle, die die Insel in Kombination mit Sehensw\u00fcrdigkeiten von historischem und kulturellem Interesse suchen.","og_url":"https:\/\/www.cbh-cyprus.com\/de\/uber-papst-zypern\/","og_site_name":"Constantinou Bros Hotels","article_modified_time":"2024-09-13T08:28:01+00:00","og_image":[{"width":4216,"height":2009,"url":"https:\/\/www.cbh-cyprus.com\/app\/uploads\/sites\/30\/2020\/10\/3-PAPHOS-FISHING-HARBOUR.jpg","type":"image\/jpeg"}],"twitter_card":"summary_large_image","twitter_misc":{"Gesch\u00e4tzte Lesezeit":"3\u00a0Minuten"},"schema":{"@context":"https:\/\/schema.org","@graph":[{"@type":"WebPage","@id":"https:\/\/www.cbh-cyprus.com\/de\/uber-papst-zypern\/","url":"https:\/\/www.cbh-cyprus.com\/de\/uber-papst-zypern\/","name":"Informationen \u00fcber Paphos Zypern || Constantinou Hotels","isPartOf":{"@id":"https:\/\/www.cbh-cyprus.com\/de\/#website"},"primaryImageOfPage":{"@id":"https:\/\/www.cbh-cyprus.com\/de\/uber-papst-zypern\/#primaryimage"},"image":{"@id":"https:\/\/www.cbh-cyprus.com\/de\/uber-papst-zypern\/#primaryimage"},"thumbnailUrl":"https:\/\/www.cbh-cyprus.com\/app\/uploads\/sites\/30\/2020\/10\/3-PAPHOS-FISHING-HARBOUR.jpg","datePublished":"2019-11-01T14:58:02+00:00","dateModified":"2024-09-13T08:28:01+00:00","description":"Erfahren Sie alles \u00fcber Paphos, Zypern, einen malerischen Ferienort f\u00fcr alle, die die Insel in Kombination mit Sehensw\u00fcrdigkeiten von historischem und kulturellem Interesse suchen.","breadcrumb":{"@id":"https:\/\/www.cbh-cyprus.com\/de\/uber-papst-zypern\/#breadcrumb"},"inLanguage":"de","potentialAction":[{"@type":"ReadAction","target":["https:\/\/www.cbh-cyprus.com\/de\/uber-papst-zypern\/"]}]},{"@type":"ImageObject","inLanguage":"de","@id":"https:\/\/www.cbh-cyprus.com\/de\/uber-papst-zypern\/#primaryimage","url":"https:\/\/www.cbh-cyprus.com\/app\/uploads\/sites\/30\/2020\/10\/3-PAPHOS-FISHING-HARBOUR.jpg","contentUrl":"https:\/\/www.cbh-cyprus.com\/app\/uploads\/sites\/30\/2020\/10\/3-PAPHOS-FISHING-HARBOUR.jpg","width":4216,"height":2009,"caption":"??????"},{"@type":"BreadcrumbList","@id":"https:\/\/www.cbh-cyprus.com\/de\/uber-papst-zypern\/#breadcrumb","itemListElement":[{"@type":"ListItem","position":1,"name":"Home","item":"https:\/\/www.cbh-cyprus.com\/de\/willkommen-in-den-constantinou-bros-hotels\/"},{"@type":"ListItem","position":2,"name":"\u00dcber Paphos \/ Zypern"}]},{"@type":"WebSite","@id":"https:\/\/www.cbh-cyprus.com\/de\/#website","url":"https:\/\/www.cbh-cyprus.com\/de\/","name":"Constantinou Bros Hotels","description":"Constantinou Bros Hotels","publisher":{"@id":"https:\/\/www.cbh-cyprus.com\/de\/#organization"},"potentialAction":[{"@type":"SearchAction","target":{"@type":"EntryPoint","urlTemplate":"https:\/\/www.cbh-cyprus.com\/de\/?s={search_term_string}"},"query-input":{"@type":"PropertyValueSpecification","valueRequired":true,"valueName":"search_term_string"}}],"inLanguage":"de"},{"@type":"Organization","@id":"https:\/\/www.cbh-cyprus.com\/de\/#organization","name":"Constantinou Bros Hotels","url":"https:\/\/www.cbh-cyprus.com\/de\/","logo":{"@type":"ImageObject","inLanguage":"de","@id":"https:\/\/www.cbh-cyprus.com\/de\/#\/schema\/logo\/image\/","url":"https:\/\/www.cbh-cyprus.com\/app\/uploads\/sites\/30\/2020\/10\/cbh.jpg","contentUrl":"https:\/\/www.cbh-cyprus.com\/app\/uploads\/sites\/30\/2020\/10\/cbh.jpg","width":1013,"height":419,"caption":"Constantinou Bros Hotels"},"image":{"@id":"https:\/\/www.cbh-cyprus.com\/de\/#\/schema\/logo\/image\/"}}]}},"_links":{"self":[{"href":"https:\/\/www.cbh-cyprus.com\/de\/wp-json\/wp\/v2\/pages\/2548","targetHints":{"allow":["GET"]}}],"collection":[{"href":"https:\/\/www.cbh-cyprus.com\/de\/wp-json\/wp\/v2\/pages"}],"about":[{"href":"https:\/\/www.cbh-cyprus.com\/de\/wp-json\/wp\/v2\/types\/page"}],"author":[{"embeddable":true,"href":"https:\/\/www.cbh-cyprus.com\/de\/wp-json\/wp\/v2\/users\/100"}],"replies":[{"embeddable":true,"href":"https:\/\/www.cbh-cyprus.com\/de\/wp-json\/wp\/v2\/comments?post=2548"}],"version-history":[{"count":6,"href":"https:\/\/www.cbh-cyprus.com\/de\/wp-json\/wp\/v2\/pages\/2548\/revisions"}],"predecessor-version":[{"id":37156,"href":"https:\/\/www.cbh-cyprus.com\/de\/wp-json\/wp\/v2\/pages\/2548\/revisions\/37156"}],"wp:featuredmedia":[{"embeddable":true,"href":"https:\/\/www.cbh-cyprus.com\/de\/wp-json\/wp\/v2\/media\/6864"}],"wp:attachment":[{"href":"https:\/\/www.cbh-cyprus.com\/de\/wp-json\/wp\/v2\/media?parent=2548"}],"curies":[{"name":"wp","href":"https:\/\/api.w.org\/{rel}","templated":true}]}}