{"id":2562,"date":"2019-07-18T12:01:50","date_gmt":"2019-07-18T09:01:50","guid":{"rendered":"http:\/\/cbh-cyprus.cms4.nelios.com\/activities\/dance-holidays\/"},"modified":"2024-09-13T11:38:20","modified_gmt":"2024-09-13T08:38:20","slug":"tanz-ferien","status":"publish","type":"page","link":"https:\/\/www.cbh-cyprus.com\/de\/aktivitaten\/tanz-ferien\/","title":{"rendered":"Tanz-Ferien"},"content":{"rendered":"<p>Alle Hotels verf\u00fcgen \u00fcber eine Reihe von Balls\u00e4len, die Ihren Anspr\u00fcchen gerecht werden. Die s\u00e4ulenfreien S\u00e4le mit Holzb\u00f6den bieten Platz f\u00fcr bis zu 200 T\u00e4nzer, was ideal f\u00fcr Tanzbegeisterte ist und einen angenehmen Tanzurlaub auf Zypern garantiert.<br \/>\nDie Constantinou Bros Hotels bieten ein breit gef\u00e4chertes und abwechslungsreiches Programm an Tanzkursen und gesellschaftlichen Abendveranstaltungen, die in einem der fabelhaften Tanzs\u00e4le der Constantinou Bros Hotels stattfinden.<br \/>\nVon November bis April haben die Hotels auch ihre eigenen Tanzkoordinatoren, die t\u00e4glich ein komplettes Programm an Sequenz-, Standard- und Lateint\u00e4nzen f\u00fcr Anf\u00e4nger bis hin zu Fortgeschrittenen unterrichten und Ihren Tanzurlaub auf Zypern zu einem unvergesslichen Erlebnis machen werden.    <\/p>\n<h3><\/h3>\n<h3>Tanzunterricht<\/h3>\n<p>  Die Tanzleiter stellen ein umfassendes w\u00f6chentliches Tanzprogramm zusammen, das Unterricht in Gesellschaftstanz, Latein, Sequence, Modern Jive und Line Dance umfasst.<br \/>\nDer Tanzunterricht wird mehrmals pro Woche angeboten und umfasst sowohl Anf\u00e4nger- und Fortgeschrittenenkurse als auch Meisterkurse f\u00fcr fortgeschrittene T\u00e4nzer.<br \/>\nDie Sequenztanzkurse beinhalten Unterricht in den beliebten Sequenzt\u00e4nzen, z.B. Rumba 1, Square Tango, Mayfair Quickstep, Balmoral Blues.    <\/p>\n<h3><\/h3>\n<h3>Gesellschaftliches Tanzen am Abend<\/h3>\n<p>  An sechs von sieben Abenden findet abends Gesellschaftstanz statt.<br \/>\nDiese werden von Ihren Tanzleitern veranstaltet und sind eine Mischung aus Gesellschaftstanz, Latein, Sequence, Line Dance und Modern Jive.<br \/>\nDie Musik umfasst eine Reihe von alten Klassikern sowie einige der neuen zeitgen\u00f6ssischen Kl\u00e4nge der Zeit.<br \/>\nT\u00e4nzer und nicht tanzende G\u00e4ste aus allen Constantinou Bros Hotels sind herzlich willkommen, an den Tanzveranstaltungen tags\u00fcber oder abends teilzunehmen.<br \/>\nViele G\u00e4ste kommen zum wiederholten Mal, um den fachkundigen Tanzunterricht, die unvergleichliche Auswahl an Speisen, die luxuri\u00f6sen Unterk\u00fcnfte und die herrliche Lage direkt am Strand zu genie\u00dfen.<br \/>\nF\u00fcr weitere Informationen \u00fcber Tanzurlaube kontaktieren Sie uns bitte direkt unter:<a href=\"mailto:csm@cbh-cyprus.com\">E-mail:csm@cbh-cyprus.com<\/a> Tel: <a href=\"tel:%202688%\">+357 2688 4307<\/a>     <\/p>\n","protected":false},"excerpt":{"rendered":"<p>Alle Hotels verf\u00fcgen \u00fcber eine Reihe von Balls\u00e4len, die Ihren Anspr\u00fcchen gerecht werden. Die s\u00e4ulenfreien S\u00e4le mit Holzb\u00f6den bieten Platz f\u00fcr bis zu 200 T\u00e4nzer, was ideal f\u00fcr Tanzbegeisterte ist und einen angenehmen Tanzurlaub auf Zypern garantiert. Die Constantinou Bros Hotels bieten ein breit gef\u00e4chertes und abwechslungsreiches Programm an Tanzkursen und gesellschaftlichen Abendveranstaltungen, die in<\/p>\n","protected":false},"author":100,"featured_media":2284,"parent":2555,"menu_order":0,"comment_status":"closed","ping_status":"closed","template":"","meta":{"_acf_changed":false,"footnotes":""},"class_list":["post-2562","page","type-page","status-publish","has-post-thumbnail","hentry"],"acf":[],"yoast_head":"<!-- This site is optimized with the Yoast SEO plugin v27.3 - https:\/\/yoast.com\/product\/yoast-seo-wordpress\/ -->\n<title>Tanzurlaub auf Zypern, Paphos || Constantinou Hotels<\/title>\n<meta name=\"description\" content=\"An alle Tanzbegeisterten: In den Constantinou Bros Hotels gibt es spezielle Balls\u00e4le und Tanzkurse. Erleben Sie mit uns den sch\u00f6nsten Tanzurlaub auf Zypern.\" \/>\n<meta name=\"robots\" content=\"index, follow, max-snippet:-1, max-image-preview:large, max-video-preview:-1\" \/>\n<link rel=\"canonical\" href=\"https:\/\/www.cbh-cyprus.com\/de\/aktivitaten\/tanz-ferien\/\" \/>\n<meta property=\"og:locale\" content=\"de_DE\" \/>\n<meta property=\"og:type\" content=\"article\" \/>\n<meta property=\"og:title\" content=\"Tanzurlaub auf Zypern, Paphos || Constantinou Hotels\" \/>\n<meta property=\"og:description\" content=\"An alle Tanzbegeisterten: In den Constantinou Bros Hotels gibt es spezielle Balls\u00e4le und Tanzkurse. Erleben Sie mit uns den sch\u00f6nsten Tanzurlaub auf Zypern.\" \/>\n<meta property=\"og:url\" content=\"https:\/\/www.cbh-cyprus.com\/de\/aktivitaten\/tanz-ferien\/\" \/>\n<meta property=\"og:site_name\" content=\"Constantinou Bros Hotels\" \/>\n<meta property=\"article:modified_time\" content=\"2024-09-13T08:38:20+00:00\" \/>\n<meta property=\"og:image\" content=\"https:\/\/www.cbh-cyprus.com\/app\/uploads\/sites\/30\/2019\/10\/athena-royal-beach-hotel-royal-hall-dancing-room_resized.jpg\" \/>\n\t<meta property=\"og:image:width\" content=\"1920\" \/>\n\t<meta property=\"og:image:height\" content=\"1276\" \/>\n\t<meta property=\"og:image:type\" content=\"image\/jpeg\" \/>\n<meta name=\"twitter:card\" content=\"summary_large_image\" \/>\n<meta name=\"twitter:label1\" content=\"Gesch\u00e4tzte Lesezeit\" \/>\n\t<meta name=\"twitter:data1\" content=\"2\u00a0Minuten\" \/>\n<script type=\"application\/ld+json\" class=\"yoast-schema-graph\">{\"@context\":\"https:\\\/\\\/schema.org\",\"@graph\":[{\"@type\":\"WebPage\",\"@id\":\"https:\\\/\\\/www.cbh-cyprus.com\\\/de\\\/aktivitaten\\\/tanz-ferien\\\/\",\"url\":\"https:\\\/\\\/www.cbh-cyprus.com\\\/de\\\/aktivitaten\\\/tanz-ferien\\\/\",\"name\":\"Tanzurlaub auf Zypern, Paphos || Constantinou Hotels\",\"isPartOf\":{\"@id\":\"https:\\\/\\\/www.cbh-cyprus.com\\\/de\\\/#website\"},\"primaryImageOfPage\":{\"@id\":\"https:\\\/\\\/www.cbh-cyprus.com\\\/de\\\/aktivitaten\\\/tanz-ferien\\\/#primaryimage\"},\"image\":{\"@id\":\"https:\\\/\\\/www.cbh-cyprus.com\\\/de\\\/aktivitaten\\\/tanz-ferien\\\/#primaryimage\"},\"thumbnailUrl\":\"https:\\\/\\\/www.cbh-cyprus.com\\\/app\\\/uploads\\\/sites\\\/30\\\/2019\\\/10\\\/athena-royal-beach-hotel-royal-hall-dancing-room_resized.jpg\",\"datePublished\":\"2019-07-18T09:01:50+00:00\",\"dateModified\":\"2024-09-13T08:38:20+00:00\",\"description\":\"An alle Tanzbegeisterten: In den Constantinou Bros Hotels gibt es spezielle Balls\u00e4le und Tanzkurse. Erleben Sie mit uns den sch\u00f6nsten Tanzurlaub auf Zypern.\",\"breadcrumb\":{\"@id\":\"https:\\\/\\\/www.cbh-cyprus.com\\\/de\\\/aktivitaten\\\/tanz-ferien\\\/#breadcrumb\"},\"inLanguage\":\"de\",\"potentialAction\":[{\"@type\":\"ReadAction\",\"target\":[\"https:\\\/\\\/www.cbh-cyprus.com\\\/de\\\/aktivitaten\\\/tanz-ferien\\\/\"]}]},{\"@type\":\"ImageObject\",\"inLanguage\":\"de\",\"@id\":\"https:\\\/\\\/www.cbh-cyprus.com\\\/de\\\/aktivitaten\\\/tanz-ferien\\\/#primaryimage\",\"url\":\"https:\\\/\\\/www.cbh-cyprus.com\\\/app\\\/uploads\\\/sites\\\/30\\\/2019\\\/10\\\/athena-royal-beach-hotel-royal-hall-dancing-room_resized.jpg\",\"contentUrl\":\"https:\\\/\\\/www.cbh-cyprus.com\\\/app\\\/uploads\\\/sites\\\/30\\\/2019\\\/10\\\/athena-royal-beach-hotel-royal-hall-dancing-room_resized.jpg\",\"width\":1920,\"height\":1276},{\"@type\":\"BreadcrumbList\",\"@id\":\"https:\\\/\\\/www.cbh-cyprus.com\\\/de\\\/aktivitaten\\\/tanz-ferien\\\/#breadcrumb\",\"itemListElement\":[{\"@type\":\"ListItem\",\"position\":1,\"name\":\"Home\",\"item\":\"https:\\\/\\\/www.cbh-cyprus.com\\\/de\\\/willkommen-in-den-constantinou-bros-hotels\\\/\"},{\"@type\":\"ListItem\",\"position\":2,\"name\":\"Aktivit\u00e4ten\",\"item\":\"https:\\\/\\\/www.cbh-cyprus.com\\\/de\\\/aktivitaten\\\/\"},{\"@type\":\"ListItem\",\"position\":3,\"name\":\"Tanz-Ferien\"}]},{\"@type\":\"WebSite\",\"@id\":\"https:\\\/\\\/www.cbh-cyprus.com\\\/de\\\/#website\",\"url\":\"https:\\\/\\\/www.cbh-cyprus.com\\\/de\\\/\",\"name\":\"Constantinou Bros Hotels\",\"description\":\"Constantinou Bros Hotels\",\"publisher\":{\"@id\":\"https:\\\/\\\/www.cbh-cyprus.com\\\/de\\\/#organization\"},\"potentialAction\":[{\"@type\":\"SearchAction\",\"target\":{\"@type\":\"EntryPoint\",\"urlTemplate\":\"https:\\\/\\\/www.cbh-cyprus.com\\\/de\\\/?s={search_term_string}\"},\"query-input\":{\"@type\":\"PropertyValueSpecification\",\"valueRequired\":true,\"valueName\":\"search_term_string\"}}],\"inLanguage\":\"de\"},{\"@type\":\"Organization\",\"@id\":\"https:\\\/\\\/www.cbh-cyprus.com\\\/de\\\/#organization\",\"name\":\"Constantinou Bros Hotels\",\"url\":\"https:\\\/\\\/www.cbh-cyprus.com\\\/de\\\/\",\"logo\":{\"@type\":\"ImageObject\",\"inLanguage\":\"de\",\"@id\":\"https:\\\/\\\/www.cbh-cyprus.com\\\/de\\\/#\\\/schema\\\/logo\\\/image\\\/\",\"url\":\"https:\\\/\\\/www.cbh-cyprus.com\\\/app\\\/uploads\\\/sites\\\/30\\\/2020\\\/10\\\/cbh.jpg\",\"contentUrl\":\"https:\\\/\\\/www.cbh-cyprus.com\\\/app\\\/uploads\\\/sites\\\/30\\\/2020\\\/10\\\/cbh.jpg\",\"width\":1013,\"height\":419,\"caption\":\"Constantinou Bros Hotels\"},\"image\":{\"@id\":\"https:\\\/\\\/www.cbh-cyprus.com\\\/de\\\/#\\\/schema\\\/logo\\\/image\\\/\"}}]}<\/script>\n<!-- \/ Yoast SEO plugin. -->","yoast_head_json":{"title":"Tanzurlaub auf Zypern, Paphos || Constantinou Hotels","description":"An alle Tanzbegeisterten: In den Constantinou Bros Hotels gibt es spezielle Balls\u00e4le und Tanzkurse. Erleben Sie mit uns den sch\u00f6nsten Tanzurlaub auf Zypern.","robots":{"index":"index","follow":"follow","max-snippet":"max-snippet:-1","max-image-preview":"max-image-preview:large","max-video-preview":"max-video-preview:-1"},"canonical":"https:\/\/www.cbh-cyprus.com\/de\/aktivitaten\/tanz-ferien\/","og_locale":"de_DE","og_type":"article","og_title":"Tanzurlaub auf Zypern, Paphos || Constantinou Hotels","og_description":"An alle Tanzbegeisterten: In den Constantinou Bros Hotels gibt es spezielle Balls\u00e4le und Tanzkurse. Erleben Sie mit uns den sch\u00f6nsten Tanzurlaub auf Zypern.","og_url":"https:\/\/www.cbh-cyprus.com\/de\/aktivitaten\/tanz-ferien\/","og_site_name":"Constantinou Bros Hotels","article_modified_time":"2024-09-13T08:38:20+00:00","og_image":[{"width":1920,"height":1276,"url":"https:\/\/www.cbh-cyprus.com\/app\/uploads\/sites\/30\/2019\/10\/athena-royal-beach-hotel-royal-hall-dancing-room_resized.jpg","type":"image\/jpeg"}],"twitter_card":"summary_large_image","twitter_misc":{"Gesch\u00e4tzte Lesezeit":"2\u00a0Minuten"},"schema":{"@context":"https:\/\/schema.org","@graph":[{"@type":"WebPage","@id":"https:\/\/www.cbh-cyprus.com\/de\/aktivitaten\/tanz-ferien\/","url":"https:\/\/www.cbh-cyprus.com\/de\/aktivitaten\/tanz-ferien\/","name":"Tanzurlaub auf Zypern, Paphos || Constantinou Hotels","isPartOf":{"@id":"https:\/\/www.cbh-cyprus.com\/de\/#website"},"primaryImageOfPage":{"@id":"https:\/\/www.cbh-cyprus.com\/de\/aktivitaten\/tanz-ferien\/#primaryimage"},"image":{"@id":"https:\/\/www.cbh-cyprus.com\/de\/aktivitaten\/tanz-ferien\/#primaryimage"},"thumbnailUrl":"https:\/\/www.cbh-cyprus.com\/app\/uploads\/sites\/30\/2019\/10\/athena-royal-beach-hotel-royal-hall-dancing-room_resized.jpg","datePublished":"2019-07-18T09:01:50+00:00","dateModified":"2024-09-13T08:38:20+00:00","description":"An alle Tanzbegeisterten: In den Constantinou Bros Hotels gibt es spezielle Balls\u00e4le und Tanzkurse. Erleben Sie mit uns den sch\u00f6nsten Tanzurlaub auf Zypern.","breadcrumb":{"@id":"https:\/\/www.cbh-cyprus.com\/de\/aktivitaten\/tanz-ferien\/#breadcrumb"},"inLanguage":"de","potentialAction":[{"@type":"ReadAction","target":["https:\/\/www.cbh-cyprus.com\/de\/aktivitaten\/tanz-ferien\/"]}]},{"@type":"ImageObject","inLanguage":"de","@id":"https:\/\/www.cbh-cyprus.com\/de\/aktivitaten\/tanz-ferien\/#primaryimage","url":"https:\/\/www.cbh-cyprus.com\/app\/uploads\/sites\/30\/2019\/10\/athena-royal-beach-hotel-royal-hall-dancing-room_resized.jpg","contentUrl":"https:\/\/www.cbh-cyprus.com\/app\/uploads\/sites\/30\/2019\/10\/athena-royal-beach-hotel-royal-hall-dancing-room_resized.jpg","width":1920,"height":1276},{"@type":"BreadcrumbList","@id":"https:\/\/www.cbh-cyprus.com\/de\/aktivitaten\/tanz-ferien\/#breadcrumb","itemListElement":[{"@type":"ListItem","position":1,"name":"Home","item":"https:\/\/www.cbh-cyprus.com\/de\/willkommen-in-den-constantinou-bros-hotels\/"},{"@type":"ListItem","position":2,"name":"Aktivit\u00e4ten","item":"https:\/\/www.cbh-cyprus.com\/de\/aktivitaten\/"},{"@type":"ListItem","position":3,"name":"Tanz-Ferien"}]},{"@type":"WebSite","@id":"https:\/\/www.cbh-cyprus.com\/de\/#website","url":"https:\/\/www.cbh-cyprus.com\/de\/","name":"Constantinou Bros Hotels","description":"Constantinou Bros Hotels","publisher":{"@id":"https:\/\/www.cbh-cyprus.com\/de\/#organization"},"potentialAction":[{"@type":"SearchAction","target":{"@type":"EntryPoint","urlTemplate":"https:\/\/www.cbh-cyprus.com\/de\/?s={search_term_string}"},"query-input":{"@type":"PropertyValueSpecification","valueRequired":true,"valueName":"search_term_string"}}],"inLanguage":"de"},{"@type":"Organization","@id":"https:\/\/www.cbh-cyprus.com\/de\/#organization","name":"Constantinou Bros Hotels","url":"https:\/\/www.cbh-cyprus.com\/de\/","logo":{"@type":"ImageObject","inLanguage":"de","@id":"https:\/\/www.cbh-cyprus.com\/de\/#\/schema\/logo\/image\/","url":"https:\/\/www.cbh-cyprus.com\/app\/uploads\/sites\/30\/2020\/10\/cbh.jpg","contentUrl":"https:\/\/www.cbh-cyprus.com\/app\/uploads\/sites\/30\/2020\/10\/cbh.jpg","width":1013,"height":419,"caption":"Constantinou Bros Hotels"},"image":{"@id":"https:\/\/www.cbh-cyprus.com\/de\/#\/schema\/logo\/image\/"}}]}},"_links":{"self":[{"href":"https:\/\/www.cbh-cyprus.com\/de\/wp-json\/wp\/v2\/pages\/2562","targetHints":{"allow":["GET"]}}],"collection":[{"href":"https:\/\/www.cbh-cyprus.com\/de\/wp-json\/wp\/v2\/pages"}],"about":[{"href":"https:\/\/www.cbh-cyprus.com\/de\/wp-json\/wp\/v2\/types\/page"}],"author":[{"embeddable":true,"href":"https:\/\/www.cbh-cyprus.com\/de\/wp-json\/wp\/v2\/users\/100"}],"replies":[{"embeddable":true,"href":"https:\/\/www.cbh-cyprus.com\/de\/wp-json\/wp\/v2\/comments?post=2562"}],"version-history":[{"count":3,"href":"https:\/\/www.cbh-cyprus.com\/de\/wp-json\/wp\/v2\/pages\/2562\/revisions"}],"predecessor-version":[{"id":37080,"href":"https:\/\/www.cbh-cyprus.com\/de\/wp-json\/wp\/v2\/pages\/2562\/revisions\/37080"}],"up":[{"embeddable":true,"href":"https:\/\/www.cbh-cyprus.com\/de\/wp-json\/wp\/v2\/pages\/2555"}],"wp:featuredmedia":[{"embeddable":true,"href":"https:\/\/www.cbh-cyprus.com\/de\/wp-json\/wp\/v2\/media\/2284"}],"wp:attachment":[{"href":"https:\/\/www.cbh-cyprus.com\/de\/wp-json\/wp\/v2\/media?parent=2562"}],"curies":[{"name":"wp","href":"https:\/\/api.w.org\/{rel}","templated":true}]}}