{"id":2569,"date":"2019-10-07T13:22:38","date_gmt":"2019-10-07T10:22:38","guid":{"rendered":"http:\/\/cbh-cyprus.cms4.nelios.com\/adults-focused-holidays\/"},"modified":"2024-09-13T11:45:10","modified_gmt":"2024-09-13T08:45:10","slug":"urlaub-fur-erwachsene","status":"publish","type":"page","link":"https:\/\/www.cbh-cyprus.com\/de\/urlaub-fur-erwachsene\/","title":{"rendered":"Urlaub nur f\u00fcr Erwachsene"},"content":{"rendered":"<h1>G\u00f6nnen Sie sich einen ruhigen Urlaub nur f\u00fcr Erwachsene auf Zypern<\/h1>\n<p>&nbsp;  Constantinou Bros Hotels bietet Urlaub nur f\u00fcr Erwachsene in einer entspannenden, kinderfreien Umgebung, mit ruhigen Tagen am Pool und einem Unterhaltungs- und Freizeitprogramm, das darauf ausgerichtet ist, Ihren perfekten Urlaub nur f\u00fcr Erwachsene zu gestalten.<br \/>\nConstantinou Bros Hotels ist bekannt f\u00fcr die Entwicklung des Konzepts des Urlaubs nur f\u00fcr Erwachsene in Paphos und bietet eine Reihe von Hotels an, die Ihrem Budget und Ihren Urlaubsanforderungen entsprechen.<br \/>\nDas <strong>Athena Royal Beach Hotel<\/strong> ist ein stilvolles, modernes Superior-Hotel direkt am Strand inmitten einer luxuri\u00f6sen Anlage mit einer Vielzahl von Freizeiteinrichtungen, darunter drei S\u00fc\u00dfwasser-Freib\u00e4der und Whirlpools, ein beheiztes Hallenbad, ein Tennisplatz sowie Au\u00dfen- und Innenbocciabahnen.<br \/>\nDas Hotel ist ausschlie\u00dflich f\u00fcr Erwachsene konzipiert und bietet eine wirklich entspannende und ruhige Umgebung.<br \/>\nDas <strong>Pioneer Beach Hotel<\/strong> ist ein erstklassiges Strandresort, das au\u00dfergew\u00f6hnlichen Komfort und eine F\u00fclle von Annehmlichkeiten in einer entspannten und freundlichen Atmosph\u00e4re bietet, die sich ausschlie\u00dflich an anspruchsvolle Erwachsene und Paare richtet.<br \/>\nDas Pioneer Beach Hotel verf\u00fcgt \u00fcber eine Reihe von Freizeit- und Sporteinrichtungen, darunter ein Au\u00dfen- und ein Innenschwimmbad, einen Whirlpool, einen Tennisplatz sowie eine Au\u00dfen- und eine Innenbocciabahn.<br \/>\nDas <strong>Athena Beach Hotel<\/strong> ist ein Superior-Hotel, das aufwendig renoviert und gro\u00dfz\u00fcgig mit noch mehr Einrichtungen ausgestattet wurde. Es bietet seinen G\u00e4sten einen hervorragenden Standard an Service und Komfort, der dem eines luxuri\u00f6sen 5-Sterne-Hotels entspricht.<br \/>\nDar\u00fcber hinaus bietet das Athena Beach Hotel einen exklusiven Bereich f\u00fcr Erwachsene (\u00fcber 16 Jahre), der einen separaten Pool, eine Liegewiese, eine Poolbar f\u00fcr Erwachsene und ein Restaurant nur f\u00fcr Erwachsene f\u00fcr Fr\u00fchst\u00fcck und Abendessen umfasst.<br \/>\nDas <strong>Asimina Suites Hotel<\/strong> ist ein 5-Sterne-Hotel mit luxuri\u00f6sen Hotel- und Spa-Einrichtungen und einem umfangreichen Angebot an Restaurants im Freien und in Innenr\u00e4umen inmitten gepflegter G\u00e4rten an einem wundersch\u00f6nen Sandstrand. Es richtet sich ausschlie\u00dflich an anspruchsvolle Erwachsene, die eine exklusive und wirklich ruhige Umgebung f\u00fcr absolute Entspannung sch\u00e4tzen.          &nbsp;<\/p>\n","protected":false},"excerpt":{"rendered":"<p>G\u00f6nnen Sie sich einen ruhigen Urlaub nur f\u00fcr Erwachsene auf Zypern &nbsp; Constantinou Bros Hotels bietet Urlaub nur f\u00fcr Erwachsene in einer entspannenden, kinderfreien Umgebung, mit ruhigen Tagen am Pool und einem Unterhaltungs- und Freizeitprogramm, das darauf ausgerichtet ist, Ihren perfekten Urlaub nur f\u00fcr Erwachsene zu gestalten. Constantinou Bros Hotels ist bekannt f\u00fcr die Entwicklung<\/p>\n","protected":false},"author":100,"featured_media":2186,"parent":0,"menu_order":0,"comment_status":"closed","ping_status":"closed","template":"","meta":{"_acf_changed":false,"footnotes":""},"class_list":["post-2569","page","type-page","status-publish","has-post-thumbnail","hentry"],"acf":[],"yoast_head":"<!-- This site is optimized with the Yoast SEO plugin v27.4 - https:\/\/yoast.com\/product\/yoast-seo-wordpress\/ -->\n<title>Urlaub nur f\u00fcr Erwachsene auf Zypern - Constantinou Bros Hotels<\/title>\n<meta name=\"description\" content=\"Constantinou Bros Hotels bietet ein Konzept f\u00fcr einen Urlaub nur f\u00fcr Erwachsene in Paphos, Zypern, mit einer Reihe von Hotels, die Ihrem Urlaubsbudget und Ihren Anforderungen entsprechen.\" \/>\n<meta name=\"robots\" content=\"index, follow, max-snippet:-1, max-image-preview:large, max-video-preview:-1\" \/>\n<link rel=\"canonical\" href=\"https:\/\/www.cbh-cyprus.com\/de\/urlaub-fur-erwachsene\/\" \/>\n<meta property=\"og:locale\" content=\"de_DE\" \/>\n<meta property=\"og:type\" content=\"article\" \/>\n<meta property=\"og:title\" content=\"Urlaub nur f\u00fcr Erwachsene auf Zypern - Constantinou Bros Hotels\" \/>\n<meta property=\"og:description\" content=\"Constantinou Bros Hotels bietet ein Konzept f\u00fcr einen Urlaub nur f\u00fcr Erwachsene in Paphos, Zypern, mit einer Reihe von Hotels, die Ihrem Urlaubsbudget und Ihren Anforderungen entsprechen.\" \/>\n<meta property=\"og:url\" content=\"https:\/\/www.cbh-cyprus.com\/de\/urlaub-fur-erwachsene\/\" \/>\n<meta property=\"og:site_name\" content=\"Constantinou Bros Hotels\" \/>\n<meta property=\"article:modified_time\" content=\"2024-09-13T08:45:10+00:00\" \/>\n<meta property=\"og:image\" content=\"https:\/\/www.cbh-cyprus.com\/app\/uploads\/sites\/30\/2019\/10\/42-asimina-suites-hotel-private-dinner-by-the-beach_resized.jpg\" \/>\n\t<meta property=\"og:image:width\" content=\"1920\" \/>\n\t<meta property=\"og:image:height\" content=\"1277\" \/>\n\t<meta property=\"og:image:type\" content=\"image\/jpeg\" \/>\n<meta name=\"twitter:card\" content=\"summary_large_image\" \/>\n<meta name=\"twitter:label1\" content=\"Gesch\u00e4tzte Lesezeit\" \/>\n\t<meta name=\"twitter:data1\" content=\"2\u00a0Minuten\" \/>\n<script type=\"application\/ld+json\" class=\"yoast-schema-graph\">{\"@context\":\"https:\\\/\\\/schema.org\",\"@graph\":[{\"@type\":\"WebPage\",\"@id\":\"https:\\\/\\\/www.cbh-cyprus.com\\\/de\\\/urlaub-fur-erwachsene\\\/\",\"url\":\"https:\\\/\\\/www.cbh-cyprus.com\\\/de\\\/urlaub-fur-erwachsene\\\/\",\"name\":\"Urlaub nur f\u00fcr Erwachsene auf Zypern - Constantinou Bros Hotels\",\"isPartOf\":{\"@id\":\"https:\\\/\\\/www.cbh-cyprus.com\\\/de\\\/#website\"},\"primaryImageOfPage\":{\"@id\":\"https:\\\/\\\/www.cbh-cyprus.com\\\/de\\\/urlaub-fur-erwachsene\\\/#primaryimage\"},\"image\":{\"@id\":\"https:\\\/\\\/www.cbh-cyprus.com\\\/de\\\/urlaub-fur-erwachsene\\\/#primaryimage\"},\"thumbnailUrl\":\"https:\\\/\\\/www.cbh-cyprus.com\\\/app\\\/uploads\\\/sites\\\/30\\\/2019\\\/10\\\/42-asimina-suites-hotel-private-dinner-by-the-beach_resized.jpg\",\"datePublished\":\"2019-10-07T10:22:38+00:00\",\"dateModified\":\"2024-09-13T08:45:10+00:00\",\"description\":\"Constantinou Bros Hotels bietet ein Konzept f\u00fcr einen Urlaub nur f\u00fcr Erwachsene in Paphos, Zypern, mit einer Reihe von Hotels, die Ihrem Urlaubsbudget und Ihren Anforderungen entsprechen.\",\"breadcrumb\":{\"@id\":\"https:\\\/\\\/www.cbh-cyprus.com\\\/de\\\/urlaub-fur-erwachsene\\\/#breadcrumb\"},\"inLanguage\":\"de\",\"potentialAction\":[{\"@type\":\"ReadAction\",\"target\":[\"https:\\\/\\\/www.cbh-cyprus.com\\\/de\\\/urlaub-fur-erwachsene\\\/\"]}]},{\"@type\":\"ImageObject\",\"inLanguage\":\"de\",\"@id\":\"https:\\\/\\\/www.cbh-cyprus.com\\\/de\\\/urlaub-fur-erwachsene\\\/#primaryimage\",\"url\":\"https:\\\/\\\/www.cbh-cyprus.com\\\/app\\\/uploads\\\/sites\\\/30\\\/2019\\\/10\\\/42-asimina-suites-hotel-private-dinner-by-the-beach_resized.jpg\",\"contentUrl\":\"https:\\\/\\\/www.cbh-cyprus.com\\\/app\\\/uploads\\\/sites\\\/30\\\/2019\\\/10\\\/42-asimina-suites-hotel-private-dinner-by-the-beach_resized.jpg\",\"width\":1920,\"height\":1277},{\"@type\":\"BreadcrumbList\",\"@id\":\"https:\\\/\\\/www.cbh-cyprus.com\\\/de\\\/urlaub-fur-erwachsene\\\/#breadcrumb\",\"itemListElement\":[{\"@type\":\"ListItem\",\"position\":1,\"name\":\"Home\",\"item\":\"https:\\\/\\\/www.cbh-cyprus.com\\\/de\\\/willkommen-in-den-constantinou-bros-hotels\\\/\"},{\"@type\":\"ListItem\",\"position\":2,\"name\":\"Urlaub nur f\u00fcr Erwachsene\"}]},{\"@type\":\"WebSite\",\"@id\":\"https:\\\/\\\/www.cbh-cyprus.com\\\/de\\\/#website\",\"url\":\"https:\\\/\\\/www.cbh-cyprus.com\\\/de\\\/\",\"name\":\"Constantinou Bros Hotels\",\"description\":\"Constantinou Bros Hotels\",\"publisher\":{\"@id\":\"https:\\\/\\\/www.cbh-cyprus.com\\\/de\\\/#organization\"},\"potentialAction\":[{\"@type\":\"SearchAction\",\"target\":{\"@type\":\"EntryPoint\",\"urlTemplate\":\"https:\\\/\\\/www.cbh-cyprus.com\\\/de\\\/?s={search_term_string}\"},\"query-input\":{\"@type\":\"PropertyValueSpecification\",\"valueRequired\":true,\"valueName\":\"search_term_string\"}}],\"inLanguage\":\"de\"},{\"@type\":\"Organization\",\"@id\":\"https:\\\/\\\/www.cbh-cyprus.com\\\/de\\\/#organization\",\"name\":\"Constantinou Bros Hotels\",\"url\":\"https:\\\/\\\/www.cbh-cyprus.com\\\/de\\\/\",\"logo\":{\"@type\":\"ImageObject\",\"inLanguage\":\"de\",\"@id\":\"https:\\\/\\\/www.cbh-cyprus.com\\\/de\\\/#\\\/schema\\\/logo\\\/image\\\/\",\"url\":\"https:\\\/\\\/www.cbh-cyprus.com\\\/app\\\/uploads\\\/sites\\\/30\\\/2020\\\/10\\\/cbh.jpg\",\"contentUrl\":\"https:\\\/\\\/www.cbh-cyprus.com\\\/app\\\/uploads\\\/sites\\\/30\\\/2020\\\/10\\\/cbh.jpg\",\"width\":1013,\"height\":419,\"caption\":\"Constantinou Bros Hotels\"},\"image\":{\"@id\":\"https:\\\/\\\/www.cbh-cyprus.com\\\/de\\\/#\\\/schema\\\/logo\\\/image\\\/\"}}]}<\/script>\n<!-- \/ Yoast SEO plugin. -->","yoast_head_json":{"title":"Urlaub nur f\u00fcr Erwachsene auf Zypern - Constantinou Bros Hotels","description":"Constantinou Bros Hotels bietet ein Konzept f\u00fcr einen Urlaub nur f\u00fcr Erwachsene in Paphos, Zypern, mit einer Reihe von Hotels, die Ihrem Urlaubsbudget und Ihren Anforderungen entsprechen.","robots":{"index":"index","follow":"follow","max-snippet":"max-snippet:-1","max-image-preview":"max-image-preview:large","max-video-preview":"max-video-preview:-1"},"canonical":"https:\/\/www.cbh-cyprus.com\/de\/urlaub-fur-erwachsene\/","og_locale":"de_DE","og_type":"article","og_title":"Urlaub nur f\u00fcr Erwachsene auf Zypern - Constantinou Bros Hotels","og_description":"Constantinou Bros Hotels bietet ein Konzept f\u00fcr einen Urlaub nur f\u00fcr Erwachsene in Paphos, Zypern, mit einer Reihe von Hotels, die Ihrem Urlaubsbudget und Ihren Anforderungen entsprechen.","og_url":"https:\/\/www.cbh-cyprus.com\/de\/urlaub-fur-erwachsene\/","og_site_name":"Constantinou Bros Hotels","article_modified_time":"2024-09-13T08:45:10+00:00","og_image":[{"width":1920,"height":1277,"url":"https:\/\/www.cbh-cyprus.com\/app\/uploads\/sites\/30\/2019\/10\/42-asimina-suites-hotel-private-dinner-by-the-beach_resized.jpg","type":"image\/jpeg"}],"twitter_card":"summary_large_image","twitter_misc":{"Gesch\u00e4tzte Lesezeit":"2\u00a0Minuten"},"schema":{"@context":"https:\/\/schema.org","@graph":[{"@type":"WebPage","@id":"https:\/\/www.cbh-cyprus.com\/de\/urlaub-fur-erwachsene\/","url":"https:\/\/www.cbh-cyprus.com\/de\/urlaub-fur-erwachsene\/","name":"Urlaub nur f\u00fcr Erwachsene auf Zypern - Constantinou Bros Hotels","isPartOf":{"@id":"https:\/\/www.cbh-cyprus.com\/de\/#website"},"primaryImageOfPage":{"@id":"https:\/\/www.cbh-cyprus.com\/de\/urlaub-fur-erwachsene\/#primaryimage"},"image":{"@id":"https:\/\/www.cbh-cyprus.com\/de\/urlaub-fur-erwachsene\/#primaryimage"},"thumbnailUrl":"https:\/\/www.cbh-cyprus.com\/app\/uploads\/sites\/30\/2019\/10\/42-asimina-suites-hotel-private-dinner-by-the-beach_resized.jpg","datePublished":"2019-10-07T10:22:38+00:00","dateModified":"2024-09-13T08:45:10+00:00","description":"Constantinou Bros Hotels bietet ein Konzept f\u00fcr einen Urlaub nur f\u00fcr Erwachsene in Paphos, Zypern, mit einer Reihe von Hotels, die Ihrem Urlaubsbudget und Ihren Anforderungen entsprechen.","breadcrumb":{"@id":"https:\/\/www.cbh-cyprus.com\/de\/urlaub-fur-erwachsene\/#breadcrumb"},"inLanguage":"de","potentialAction":[{"@type":"ReadAction","target":["https:\/\/www.cbh-cyprus.com\/de\/urlaub-fur-erwachsene\/"]}]},{"@type":"ImageObject","inLanguage":"de","@id":"https:\/\/www.cbh-cyprus.com\/de\/urlaub-fur-erwachsene\/#primaryimage","url":"https:\/\/www.cbh-cyprus.com\/app\/uploads\/sites\/30\/2019\/10\/42-asimina-suites-hotel-private-dinner-by-the-beach_resized.jpg","contentUrl":"https:\/\/www.cbh-cyprus.com\/app\/uploads\/sites\/30\/2019\/10\/42-asimina-suites-hotel-private-dinner-by-the-beach_resized.jpg","width":1920,"height":1277},{"@type":"BreadcrumbList","@id":"https:\/\/www.cbh-cyprus.com\/de\/urlaub-fur-erwachsene\/#breadcrumb","itemListElement":[{"@type":"ListItem","position":1,"name":"Home","item":"https:\/\/www.cbh-cyprus.com\/de\/willkommen-in-den-constantinou-bros-hotels\/"},{"@type":"ListItem","position":2,"name":"Urlaub nur f\u00fcr Erwachsene"}]},{"@type":"WebSite","@id":"https:\/\/www.cbh-cyprus.com\/de\/#website","url":"https:\/\/www.cbh-cyprus.com\/de\/","name":"Constantinou Bros Hotels","description":"Constantinou Bros Hotels","publisher":{"@id":"https:\/\/www.cbh-cyprus.com\/de\/#organization"},"potentialAction":[{"@type":"SearchAction","target":{"@type":"EntryPoint","urlTemplate":"https:\/\/www.cbh-cyprus.com\/de\/?s={search_term_string}"},"query-input":{"@type":"PropertyValueSpecification","valueRequired":true,"valueName":"search_term_string"}}],"inLanguage":"de"},{"@type":"Organization","@id":"https:\/\/www.cbh-cyprus.com\/de\/#organization","name":"Constantinou Bros Hotels","url":"https:\/\/www.cbh-cyprus.com\/de\/","logo":{"@type":"ImageObject","inLanguage":"de","@id":"https:\/\/www.cbh-cyprus.com\/de\/#\/schema\/logo\/image\/","url":"https:\/\/www.cbh-cyprus.com\/app\/uploads\/sites\/30\/2020\/10\/cbh.jpg","contentUrl":"https:\/\/www.cbh-cyprus.com\/app\/uploads\/sites\/30\/2020\/10\/cbh.jpg","width":1013,"height":419,"caption":"Constantinou Bros Hotels"},"image":{"@id":"https:\/\/www.cbh-cyprus.com\/de\/#\/schema\/logo\/image\/"}}]}},"_links":{"self":[{"href":"https:\/\/www.cbh-cyprus.com\/de\/wp-json\/wp\/v2\/pages\/2569","targetHints":{"allow":["GET"]}}],"collection":[{"href":"https:\/\/www.cbh-cyprus.com\/de\/wp-json\/wp\/v2\/pages"}],"about":[{"href":"https:\/\/www.cbh-cyprus.com\/de\/wp-json\/wp\/v2\/types\/page"}],"author":[{"embeddable":true,"href":"https:\/\/www.cbh-cyprus.com\/de\/wp-json\/wp\/v2\/users\/100"}],"replies":[{"embeddable":true,"href":"https:\/\/www.cbh-cyprus.com\/de\/wp-json\/wp\/v2\/comments?post=2569"}],"version-history":[{"count":8,"href":"https:\/\/www.cbh-cyprus.com\/de\/wp-json\/wp\/v2\/pages\/2569\/revisions"}],"predecessor-version":[{"id":41239,"href":"https:\/\/www.cbh-cyprus.com\/de\/wp-json\/wp\/v2\/pages\/2569\/revisions\/41239"}],"wp:featuredmedia":[{"embeddable":true,"href":"https:\/\/www.cbh-cyprus.com\/de\/wp-json\/wp\/v2\/media\/2186"}],"wp:attachment":[{"href":"https:\/\/www.cbh-cyprus.com\/de\/wp-json\/wp\/v2\/media?parent=2569"}],"curies":[{"name":"wp","href":"https:\/\/api.w.org\/{rel}","templated":true}]}}