{"id":2585,"date":"2019-10-07T12:53:39","date_gmt":"2019-10-07T09:53:39","guid":{"rendered":"http:\/\/cbh-cyprus.cms4.nelios.com\/elite-class\/"},"modified":"2024-11-13T12:53:33","modified_gmt":"2024-11-13T10:53:33","slug":"eliteklasse","status":"publish","type":"page","link":"https:\/\/www.cbh-cyprus.com\/de\/eliteklasse\/","title":{"rendered":"Eliteklasse"},"content":{"rendered":"<p style=\"text-align: center;\"><img loading=\"lazy\" decoding=\"async\" class=\"aligncenter wp-image-9953\" src=\"https:\/\/www.cbh-cyprus.com\/app\/uploads\/sites\/30\/2021\/07\/Constantinou-Bros-Hotels-Elite-Class-600x259.jpg\" alt=\"\" width=\"304\" height=\"131\" srcset=\"https:\/\/www.cbh-cyprus.com\/app\/uploads\/sites\/30\/2021\/07\/Constantinou-Bros-Hotels-Elite-Class-600x259.jpg 600w, https:\/\/www.cbh-cyprus.com\/app\/uploads\/sites\/30\/2021\/07\/Constantinou-Bros-Hotels-Elite-Class-768x331.jpg 768w, https:\/\/www.cbh-cyprus.com\/app\/uploads\/sites\/30\/2021\/07\/Constantinou-Bros-Hotels-Elite-Class.jpg 1015w\" sizes=\"auto, (max-width: 304px) 100vw, 304px\" \/><\/p>\n<h1 class=\"home-pages-title title-size text-center pt-5 font-regular\">Grenzenloses Vergn\u00fcgen in unseren Hotels auf Zypern, Paphos<\/h1>\n<p>&nbsp;<\/p>\n<h2>Eine Welt voller Privilegien<\/h2>\n<p>&nbsp;<\/p>\n<p>Entdecken Sie eine unvergleichliche Serviceklasse, ein 5-Sterne-Erlebnis, das Ihnen zur Verf\u00fcgung steht, wenn Sie eine Unterkunft in den Kategorien Superior, Superior Deluxe und Suite buchen.<br \/>\nVom exklusiven Check-in \u00fcber spezielle Speiseoptionen bis hin zu vielen zus\u00e4tzlichen Annehmlichkeiten bietet die Elite Class einen unvergleichlichen Aufenthalt, der Ihre Erwartungen \u00fcbertrifft. <\/p>\n<h3>Zus\u00e4tzliche Vorteile<\/h3>\n<p>G\u00e4ste, die ein Superior-Zimmer, ein Superior-Deluxe-Zimmer oder eine Suite buchen, erhalten die folgenden exklusiven Vorteile:<\/p>\n<ul class=\"checkIcon\">\n<li>Zimmer in bester Lage<\/li>\n<li>Exklusiver VIP-Check-in mit Begr\u00fc\u00dfungsgetr\u00e4nk und kalten Handt\u00fcchern<\/li>\n<li>Kostenfreier sp\u00e4ter Check-out bis 18:00 Uhr (je nach Verf\u00fcgbarkeit)<\/li>\n<li>Exklusiver Fr\u00fchst\u00fccksraum bis 11:00 Uhr<\/li>\n<li>Obst und Wein bei Ankunft<\/li>\n<li>Kostenlose Sauna und Dampfbad (je nach Verf\u00fcgbarkeit)<\/li>\n<li>Turn Down Service (f\u00fcr ausgew\u00e4hlte Zimmertypen)<\/li>\n<li>Flachbild-LCD-Satellitenfernseher (40 Zoll) (in ausgew\u00e4hlten Zimmertypen)<\/li>\n<li>Private Cabana mit Sonnenliegen (bei ausgew\u00e4hlten Zimmertypen)<\/li>\n<li>Exklusiver Zugang zur St. Andrew&#8217;s Rooftop Bar (Athena Beach Hotel &#8211; nur f\u00fcr Erwachsene ab 16 Jahren)<\/li>\n<li>Ein Men\u00fc im \u00c0-la-carte-Restaurant f\u00fcr Ihr Abendessen &#8211; wenn Ihre Unterkunft ein Abendessen beinhaltet (je nach Verf\u00fcgbarkeit)<\/li>\n<li>Das erweiterte Premium-Paket (Ultra All Inclusive) beinhaltet eine unbegrenzte Auswahl an Speisen im \u00c0-la-carte-Restaurant (Reservierung erforderlich und abh\u00e4ngig von der Verf\u00fcgbarkeit) und eine gef\u00fcllte Minibar bei Ankunft mit t\u00e4glichem Nachschub an Kaffee\/Tee\/Espresso und Softdrinks.<br \/>\nJeden Nachmittag steht eine Flasche Wasser auf dem Zimmer bereit und einen Tag vor der Abreise wird eine Flasche Champagner angeboten. <\/li>\n<li>10% Rabatt auf ausgew\u00e4hlte Golfpl\u00e4tze (bei Buchung \u00fcber das Hotel)<\/li>\n<li>Die kostenlose Nutzung der Green Bowls-Anlage (je nach Verf\u00fcgbarkeit und nach vorheriger Reservierung) ist f\u00fcr Einzelg\u00e4ste m\u00f6glich, die nicht Teil einer organisierten Gruppe mit einem vorab vereinbarten Programm sind.<\/li>\n<\/ul>\n","protected":false},"excerpt":{"rendered":"<p>Grenzenloses Vergn\u00fcgen in unseren Hotels auf Zypern, Paphos &nbsp; Eine Welt voller Privilegien &nbsp; Entdecken Sie eine unvergleichliche Serviceklasse, ein 5-Sterne-Erlebnis, das Ihnen zur Verf\u00fcgung steht, wenn Sie eine Unterkunft in den Kategorien Superior, Superior Deluxe und Suite buchen. Vom exklusiven Check-in \u00fcber spezielle Speiseoptionen bis hin zu vielen zus\u00e4tzlichen Annehmlichkeiten bietet die Elite Class<\/p>\n","protected":false},"author":100,"featured_media":1804,"parent":0,"menu_order":0,"comment_status":"closed","ping_status":"closed","template":"","meta":{"_acf_changed":false,"footnotes":""},"class_list":["post-2585","page","type-page","status-publish","has-post-thumbnail","hentry"],"acf":[],"yoast_head":"<!-- This site is optimized with the Yoast SEO plugin v27.3 - https:\/\/yoast.com\/product\/yoast-seo-wordpress\/ -->\n<title>Luxushotels auf Zypern, Paphos || Constantinou Bros Hotels<\/title>\n<meta name=\"description\" content=\"Gehen Sie in die Eliteklasse der Constantinou Bros Hotels, erschlie\u00dfen Sie sich eine Welt voller Privilegien und genie\u00dfen Sie die vielen Vorteile, die unsere Luxushotels auf Zypern, Paphos, bieten.\" \/>\n<meta name=\"robots\" content=\"index, follow, max-snippet:-1, max-image-preview:large, max-video-preview:-1\" \/>\n<link rel=\"canonical\" href=\"https:\/\/www.cbh-cyprus.com\/de\/eliteklasse\/\" \/>\n<meta property=\"og:locale\" content=\"de_DE\" \/>\n<meta property=\"og:type\" content=\"article\" \/>\n<meta property=\"og:title\" content=\"Luxushotels auf Zypern, Paphos || Constantinou Bros Hotels\" \/>\n<meta property=\"og:description\" content=\"Gehen Sie in die Eliteklasse der Constantinou Bros Hotels, erschlie\u00dfen Sie sich eine Welt voller Privilegien und genie\u00dfen Sie die vielen Vorteile, die unsere Luxushotels auf Zypern, Paphos, bieten.\" \/>\n<meta property=\"og:url\" content=\"https:\/\/www.cbh-cyprus.com\/de\/eliteklasse\/\" \/>\n<meta property=\"og:site_name\" content=\"Constantinou Bros Hotels\" \/>\n<meta property=\"article:modified_time\" content=\"2024-11-13T10:53:33+00:00\" \/>\n<meta property=\"og:image\" content=\"https:\/\/www.cbh-cyprus.com\/app\/uploads\/sites\/30\/2019\/05\/4-athena-beach-hotel-pool-sea-view_resized.jpg\" \/>\n\t<meta property=\"og:image:width\" content=\"1920\" \/>\n\t<meta property=\"og:image:height\" content=\"1280\" \/>\n\t<meta property=\"og:image:type\" content=\"image\/jpeg\" \/>\n<meta name=\"twitter:card\" content=\"summary_large_image\" \/>\n<meta name=\"twitter:label1\" content=\"Gesch\u00e4tzte Lesezeit\" \/>\n\t<meta name=\"twitter:data1\" content=\"2\u00a0Minuten\" \/>\n<script type=\"application\/ld+json\" class=\"yoast-schema-graph\">{\"@context\":\"https:\\\/\\\/schema.org\",\"@graph\":[{\"@type\":\"WebPage\",\"@id\":\"https:\\\/\\\/www.cbh-cyprus.com\\\/de\\\/eliteklasse\\\/\",\"url\":\"https:\\\/\\\/www.cbh-cyprus.com\\\/de\\\/eliteklasse\\\/\",\"name\":\"Luxushotels auf Zypern, Paphos || Constantinou Bros Hotels\",\"isPartOf\":{\"@id\":\"https:\\\/\\\/www.cbh-cyprus.com\\\/de\\\/#website\"},\"primaryImageOfPage\":{\"@id\":\"https:\\\/\\\/www.cbh-cyprus.com\\\/de\\\/eliteklasse\\\/#primaryimage\"},\"image\":{\"@id\":\"https:\\\/\\\/www.cbh-cyprus.com\\\/de\\\/eliteklasse\\\/#primaryimage\"},\"thumbnailUrl\":\"https:\\\/\\\/www.cbh-cyprus.com\\\/app\\\/uploads\\\/sites\\\/30\\\/2019\\\/05\\\/4-athena-beach-hotel-pool-sea-view_resized.jpg\",\"datePublished\":\"2019-10-07T09:53:39+00:00\",\"dateModified\":\"2024-11-13T10:53:33+00:00\",\"description\":\"Gehen Sie in die Eliteklasse der Constantinou Bros Hotels, erschlie\u00dfen Sie sich eine Welt voller Privilegien und genie\u00dfen Sie die vielen Vorteile, die unsere Luxushotels auf Zypern, Paphos, bieten.\",\"breadcrumb\":{\"@id\":\"https:\\\/\\\/www.cbh-cyprus.com\\\/de\\\/eliteklasse\\\/#breadcrumb\"},\"inLanguage\":\"de\",\"potentialAction\":[{\"@type\":\"ReadAction\",\"target\":[\"https:\\\/\\\/www.cbh-cyprus.com\\\/de\\\/eliteklasse\\\/\"]}]},{\"@type\":\"ImageObject\",\"inLanguage\":\"de\",\"@id\":\"https:\\\/\\\/www.cbh-cyprus.com\\\/de\\\/eliteklasse\\\/#primaryimage\",\"url\":\"https:\\\/\\\/www.cbh-cyprus.com\\\/app\\\/uploads\\\/sites\\\/30\\\/2019\\\/05\\\/4-athena-beach-hotel-pool-sea-view_resized.jpg\",\"contentUrl\":\"https:\\\/\\\/www.cbh-cyprus.com\\\/app\\\/uploads\\\/sites\\\/30\\\/2019\\\/05\\\/4-athena-beach-hotel-pool-sea-view_resized.jpg\",\"width\":1920,\"height\":1280},{\"@type\":\"BreadcrumbList\",\"@id\":\"https:\\\/\\\/www.cbh-cyprus.com\\\/de\\\/eliteklasse\\\/#breadcrumb\",\"itemListElement\":[{\"@type\":\"ListItem\",\"position\":1,\"name\":\"Home\",\"item\":\"https:\\\/\\\/www.cbh-cyprus.com\\\/de\\\/willkommen-in-den-constantinou-bros-hotels\\\/\"},{\"@type\":\"ListItem\",\"position\":2,\"name\":\"Eliteklasse\"}]},{\"@type\":\"WebSite\",\"@id\":\"https:\\\/\\\/www.cbh-cyprus.com\\\/de\\\/#website\",\"url\":\"https:\\\/\\\/www.cbh-cyprus.com\\\/de\\\/\",\"name\":\"Constantinou Bros Hotels\",\"description\":\"Constantinou Bros Hotels\",\"publisher\":{\"@id\":\"https:\\\/\\\/www.cbh-cyprus.com\\\/de\\\/#organization\"},\"potentialAction\":[{\"@type\":\"SearchAction\",\"target\":{\"@type\":\"EntryPoint\",\"urlTemplate\":\"https:\\\/\\\/www.cbh-cyprus.com\\\/de\\\/?s={search_term_string}\"},\"query-input\":{\"@type\":\"PropertyValueSpecification\",\"valueRequired\":true,\"valueName\":\"search_term_string\"}}],\"inLanguage\":\"de\"},{\"@type\":\"Organization\",\"@id\":\"https:\\\/\\\/www.cbh-cyprus.com\\\/de\\\/#organization\",\"name\":\"Constantinou Bros Hotels\",\"url\":\"https:\\\/\\\/www.cbh-cyprus.com\\\/de\\\/\",\"logo\":{\"@type\":\"ImageObject\",\"inLanguage\":\"de\",\"@id\":\"https:\\\/\\\/www.cbh-cyprus.com\\\/de\\\/#\\\/schema\\\/logo\\\/image\\\/\",\"url\":\"https:\\\/\\\/www.cbh-cyprus.com\\\/app\\\/uploads\\\/sites\\\/30\\\/2020\\\/10\\\/cbh.jpg\",\"contentUrl\":\"https:\\\/\\\/www.cbh-cyprus.com\\\/app\\\/uploads\\\/sites\\\/30\\\/2020\\\/10\\\/cbh.jpg\",\"width\":1013,\"height\":419,\"caption\":\"Constantinou Bros Hotels\"},\"image\":{\"@id\":\"https:\\\/\\\/www.cbh-cyprus.com\\\/de\\\/#\\\/schema\\\/logo\\\/image\\\/\"}}]}<\/script>\n<!-- \/ Yoast SEO plugin. -->","yoast_head_json":{"title":"Luxushotels auf Zypern, Paphos || Constantinou Bros Hotels","description":"Gehen Sie in die Eliteklasse der Constantinou Bros Hotels, erschlie\u00dfen Sie sich eine Welt voller Privilegien und genie\u00dfen Sie die vielen Vorteile, die unsere Luxushotels auf Zypern, Paphos, bieten.","robots":{"index":"index","follow":"follow","max-snippet":"max-snippet:-1","max-image-preview":"max-image-preview:large","max-video-preview":"max-video-preview:-1"},"canonical":"https:\/\/www.cbh-cyprus.com\/de\/eliteklasse\/","og_locale":"de_DE","og_type":"article","og_title":"Luxushotels auf Zypern, Paphos || Constantinou Bros Hotels","og_description":"Gehen Sie in die Eliteklasse der Constantinou Bros Hotels, erschlie\u00dfen Sie sich eine Welt voller Privilegien und genie\u00dfen Sie die vielen Vorteile, die unsere Luxushotels auf Zypern, Paphos, bieten.","og_url":"https:\/\/www.cbh-cyprus.com\/de\/eliteklasse\/","og_site_name":"Constantinou Bros Hotels","article_modified_time":"2024-11-13T10:53:33+00:00","og_image":[{"width":1920,"height":1280,"url":"https:\/\/www.cbh-cyprus.com\/app\/uploads\/sites\/30\/2019\/05\/4-athena-beach-hotel-pool-sea-view_resized.jpg","type":"image\/jpeg"}],"twitter_card":"summary_large_image","twitter_misc":{"Gesch\u00e4tzte Lesezeit":"2\u00a0Minuten"},"schema":{"@context":"https:\/\/schema.org","@graph":[{"@type":"WebPage","@id":"https:\/\/www.cbh-cyprus.com\/de\/eliteklasse\/","url":"https:\/\/www.cbh-cyprus.com\/de\/eliteklasse\/","name":"Luxushotels auf Zypern, Paphos || Constantinou Bros Hotels","isPartOf":{"@id":"https:\/\/www.cbh-cyprus.com\/de\/#website"},"primaryImageOfPage":{"@id":"https:\/\/www.cbh-cyprus.com\/de\/eliteklasse\/#primaryimage"},"image":{"@id":"https:\/\/www.cbh-cyprus.com\/de\/eliteklasse\/#primaryimage"},"thumbnailUrl":"https:\/\/www.cbh-cyprus.com\/app\/uploads\/sites\/30\/2019\/05\/4-athena-beach-hotel-pool-sea-view_resized.jpg","datePublished":"2019-10-07T09:53:39+00:00","dateModified":"2024-11-13T10:53:33+00:00","description":"Gehen Sie in die Eliteklasse der Constantinou Bros Hotels, erschlie\u00dfen Sie sich eine Welt voller Privilegien und genie\u00dfen Sie die vielen Vorteile, die unsere Luxushotels auf Zypern, Paphos, bieten.","breadcrumb":{"@id":"https:\/\/www.cbh-cyprus.com\/de\/eliteklasse\/#breadcrumb"},"inLanguage":"de","potentialAction":[{"@type":"ReadAction","target":["https:\/\/www.cbh-cyprus.com\/de\/eliteklasse\/"]}]},{"@type":"ImageObject","inLanguage":"de","@id":"https:\/\/www.cbh-cyprus.com\/de\/eliteklasse\/#primaryimage","url":"https:\/\/www.cbh-cyprus.com\/app\/uploads\/sites\/30\/2019\/05\/4-athena-beach-hotel-pool-sea-view_resized.jpg","contentUrl":"https:\/\/www.cbh-cyprus.com\/app\/uploads\/sites\/30\/2019\/05\/4-athena-beach-hotel-pool-sea-view_resized.jpg","width":1920,"height":1280},{"@type":"BreadcrumbList","@id":"https:\/\/www.cbh-cyprus.com\/de\/eliteklasse\/#breadcrumb","itemListElement":[{"@type":"ListItem","position":1,"name":"Home","item":"https:\/\/www.cbh-cyprus.com\/de\/willkommen-in-den-constantinou-bros-hotels\/"},{"@type":"ListItem","position":2,"name":"Eliteklasse"}]},{"@type":"WebSite","@id":"https:\/\/www.cbh-cyprus.com\/de\/#website","url":"https:\/\/www.cbh-cyprus.com\/de\/","name":"Constantinou Bros Hotels","description":"Constantinou Bros Hotels","publisher":{"@id":"https:\/\/www.cbh-cyprus.com\/de\/#organization"},"potentialAction":[{"@type":"SearchAction","target":{"@type":"EntryPoint","urlTemplate":"https:\/\/www.cbh-cyprus.com\/de\/?s={search_term_string}"},"query-input":{"@type":"PropertyValueSpecification","valueRequired":true,"valueName":"search_term_string"}}],"inLanguage":"de"},{"@type":"Organization","@id":"https:\/\/www.cbh-cyprus.com\/de\/#organization","name":"Constantinou Bros Hotels","url":"https:\/\/www.cbh-cyprus.com\/de\/","logo":{"@type":"ImageObject","inLanguage":"de","@id":"https:\/\/www.cbh-cyprus.com\/de\/#\/schema\/logo\/image\/","url":"https:\/\/www.cbh-cyprus.com\/app\/uploads\/sites\/30\/2020\/10\/cbh.jpg","contentUrl":"https:\/\/www.cbh-cyprus.com\/app\/uploads\/sites\/30\/2020\/10\/cbh.jpg","width":1013,"height":419,"caption":"Constantinou Bros Hotels"},"image":{"@id":"https:\/\/www.cbh-cyprus.com\/de\/#\/schema\/logo\/image\/"}}]}},"_links":{"self":[{"href":"https:\/\/www.cbh-cyprus.com\/de\/wp-json\/wp\/v2\/pages\/2585","targetHints":{"allow":["GET"]}}],"collection":[{"href":"https:\/\/www.cbh-cyprus.com\/de\/wp-json\/wp\/v2\/pages"}],"about":[{"href":"https:\/\/www.cbh-cyprus.com\/de\/wp-json\/wp\/v2\/types\/page"}],"author":[{"embeddable":true,"href":"https:\/\/www.cbh-cyprus.com\/de\/wp-json\/wp\/v2\/users\/100"}],"replies":[{"embeddable":true,"href":"https:\/\/www.cbh-cyprus.com\/de\/wp-json\/wp\/v2\/comments?post=2585"}],"version-history":[{"count":10,"href":"https:\/\/www.cbh-cyprus.com\/de\/wp-json\/wp\/v2\/pages\/2585\/revisions"}],"predecessor-version":[{"id":42386,"href":"https:\/\/www.cbh-cyprus.com\/de\/wp-json\/wp\/v2\/pages\/2585\/revisions\/42386"}],"wp:featuredmedia":[{"embeddable":true,"href":"https:\/\/www.cbh-cyprus.com\/de\/wp-json\/wp\/v2\/media\/1804"}],"wp:attachment":[{"href":"https:\/\/www.cbh-cyprus.com\/de\/wp-json\/wp\/v2\/media?parent=2585"}],"curies":[{"name":"wp","href":"https:\/\/api.w.org\/{rel}","templated":true}]}}