{"id":2595,"date":"2019-05-16T13:08:41","date_gmt":"2019-05-16T10:08:41","guid":{"rendered":"http:\/\/cbh-cyprus.cms4.nelios.com\/elixir-spa\/"},"modified":"2025-05-05T15:11:29","modified_gmt":"2025-05-05T12:11:29","slug":"elixier-spa","status":"publish","type":"page","link":"https:\/\/www.cbh-cyprus.com\/de\/elixier-spa\/","title":{"rendered":"Elixier Spa"},"content":{"rendered":"<p>Erleben Sie Momente der Mu\u00dfe und Entspannung am Meer oder tauchen Sie ein in die ruhige Umgebung des neuen, voll ausgestatteten Elixir Spa. Ein Gef\u00fchl von Ausgeglichenheit und Ruhe, Entspannung und Inspiration &#8211; all das finden Sie im Elixir Spa. In der exquisiten Umgebung unserer Hotels haben unsere G\u00e4ste die M\u00f6glichkeit, aus einem umfangreichen Angebot an Spa-Favoriten zu w\u00e4hlen. Erleben Sie pure Gl\u00fcckseligkeit und Gelassenheit in einem Refugium, in dem Sie sich entspannen, abschalten, auftanken und verj\u00fcngen k\u00f6nnen.   <\/p>\n<p>Entdecken Sie die Elixir Spa Behandlungen und Pakete unserer Hotels unten.<\/p>\n","protected":false},"excerpt":{"rendered":"<p>Erleben Sie Momente der Mu\u00dfe und Entspannung am Meer oder tauchen Sie ein in die ruhige Umgebung des neuen, voll ausgestatteten Elixir Spa. Ein Gef\u00fchl von Ausgeglichenheit und Ruhe, Entspannung und Inspiration &#8211; all das finden Sie im Elixir Spa. In der exquisiten Umgebung unserer Hotels haben unsere G\u00e4ste die M\u00f6glichkeit, aus einem umfangreichen Angebot<\/p>\n","protected":false},"author":2,"featured_media":2160,"parent":0,"menu_order":0,"comment_status":"closed","ping_status":"closed","template":"page-templates\/simple-list.php","meta":{"_acf_changed":false,"footnotes":""},"class_list":["post-2595","page","type-page","status-publish","has-post-thumbnail","hentry"],"acf":[],"yoast_head":"<!-- This site is optimized with the Yoast SEO plugin v27.3 - https:\/\/yoast.com\/product\/yoast-seo-wordpress\/ -->\n<title>Wellnesshotels am Strand in Paphos, Zypern || Constantinou Hotels<\/title>\n<meta name=\"description\" content=\"Wir von Constantinou Bros haben das Elixir Spa in unseren Spa-Hotels am Strand von Paphos auf Zypern eingerichtet, um Ihr Wohlbefinden im Urlaub zu steigern.\" \/>\n<meta name=\"robots\" content=\"index, follow, max-snippet:-1, max-image-preview:large, max-video-preview:-1\" \/>\n<link rel=\"canonical\" href=\"https:\/\/www.cbh-cyprus.com\/de\/elixier-spa\/\" \/>\n<meta property=\"og:locale\" content=\"de_DE\" \/>\n<meta property=\"og:type\" content=\"article\" \/>\n<meta property=\"og:title\" content=\"Wellnesshotels am Strand in Paphos, Zypern || Constantinou Hotels\" \/>\n<meta property=\"og:description\" content=\"Wir von Constantinou Bros haben das Elixir Spa in unseren Spa-Hotels am Strand von Paphos auf Zypern eingerichtet, um Ihr Wohlbefinden im Urlaub zu steigern.\" \/>\n<meta property=\"og:url\" content=\"https:\/\/www.cbh-cyprus.com\/de\/elixier-spa\/\" \/>\n<meta property=\"og:site_name\" content=\"Constantinou Bros Hotels\" \/>\n<meta property=\"article:modified_time\" content=\"2025-05-05T12:11:29+00:00\" \/>\n<meta property=\"og:image\" content=\"https:\/\/www.cbh-cyprus.com\/app\/uploads\/sites\/30\/2019\/10\/31-asimina-suites-hotel-spa_resized.jpg\" \/>\n\t<meta property=\"og:image:width\" content=\"1920\" \/>\n\t<meta property=\"og:image:height\" content=\"1277\" \/>\n\t<meta property=\"og:image:type\" content=\"image\/jpeg\" \/>\n<meta name=\"twitter:card\" content=\"summary_large_image\" \/>\n<script type=\"application\/ld+json\" class=\"yoast-schema-graph\">{\"@context\":\"https:\\\/\\\/schema.org\",\"@graph\":[{\"@type\":\"WebPage\",\"@id\":\"https:\\\/\\\/www.cbh-cyprus.com\\\/de\\\/elixier-spa\\\/\",\"url\":\"https:\\\/\\\/www.cbh-cyprus.com\\\/de\\\/elixier-spa\\\/\",\"name\":\"Wellnesshotels am Strand in Paphos, Zypern || Constantinou Hotels\",\"isPartOf\":{\"@id\":\"https:\\\/\\\/www.cbh-cyprus.com\\\/de\\\/#website\"},\"primaryImageOfPage\":{\"@id\":\"https:\\\/\\\/www.cbh-cyprus.com\\\/de\\\/elixier-spa\\\/#primaryimage\"},\"image\":{\"@id\":\"https:\\\/\\\/www.cbh-cyprus.com\\\/de\\\/elixier-spa\\\/#primaryimage\"},\"thumbnailUrl\":\"https:\\\/\\\/www.cbh-cyprus.com\\\/app\\\/uploads\\\/sites\\\/30\\\/2019\\\/10\\\/31-asimina-suites-hotel-spa_resized.jpg\",\"datePublished\":\"2019-05-16T10:08:41+00:00\",\"dateModified\":\"2025-05-05T12:11:29+00:00\",\"description\":\"Wir von Constantinou Bros haben das Elixir Spa in unseren Spa-Hotels am Strand von Paphos auf Zypern eingerichtet, um Ihr Wohlbefinden im Urlaub zu steigern.\",\"breadcrumb\":{\"@id\":\"https:\\\/\\\/www.cbh-cyprus.com\\\/de\\\/elixier-spa\\\/#breadcrumb\"},\"inLanguage\":\"de\",\"potentialAction\":[{\"@type\":\"ReadAction\",\"target\":[\"https:\\\/\\\/www.cbh-cyprus.com\\\/de\\\/elixier-spa\\\/\"]}]},{\"@type\":\"ImageObject\",\"inLanguage\":\"de\",\"@id\":\"https:\\\/\\\/www.cbh-cyprus.com\\\/de\\\/elixier-spa\\\/#primaryimage\",\"url\":\"https:\\\/\\\/www.cbh-cyprus.com\\\/app\\\/uploads\\\/sites\\\/30\\\/2019\\\/10\\\/31-asimina-suites-hotel-spa_resized.jpg\",\"contentUrl\":\"https:\\\/\\\/www.cbh-cyprus.com\\\/app\\\/uploads\\\/sites\\\/30\\\/2019\\\/10\\\/31-asimina-suites-hotel-spa_resized.jpg\",\"width\":1920,\"height\":1277,\"caption\":\"Live moments of Leisure and Relaxation\"},{\"@type\":\"BreadcrumbList\",\"@id\":\"https:\\\/\\\/www.cbh-cyprus.com\\\/de\\\/elixier-spa\\\/#breadcrumb\",\"itemListElement\":[{\"@type\":\"ListItem\",\"position\":1,\"name\":\"Home\",\"item\":\"https:\\\/\\\/www.cbh-cyprus.com\\\/de\\\/willkommen-in-den-constantinou-bros-hotels\\\/\"},{\"@type\":\"ListItem\",\"position\":2,\"name\":\"Elixier Spa\"}]},{\"@type\":\"WebSite\",\"@id\":\"https:\\\/\\\/www.cbh-cyprus.com\\\/de\\\/#website\",\"url\":\"https:\\\/\\\/www.cbh-cyprus.com\\\/de\\\/\",\"name\":\"Constantinou Bros Hotels\",\"description\":\"Constantinou Bros Hotels\",\"publisher\":{\"@id\":\"https:\\\/\\\/www.cbh-cyprus.com\\\/de\\\/#organization\"},\"potentialAction\":[{\"@type\":\"SearchAction\",\"target\":{\"@type\":\"EntryPoint\",\"urlTemplate\":\"https:\\\/\\\/www.cbh-cyprus.com\\\/de\\\/?s={search_term_string}\"},\"query-input\":{\"@type\":\"PropertyValueSpecification\",\"valueRequired\":true,\"valueName\":\"search_term_string\"}}],\"inLanguage\":\"de\"},{\"@type\":\"Organization\",\"@id\":\"https:\\\/\\\/www.cbh-cyprus.com\\\/de\\\/#organization\",\"name\":\"Constantinou Bros Hotels\",\"url\":\"https:\\\/\\\/www.cbh-cyprus.com\\\/de\\\/\",\"logo\":{\"@type\":\"ImageObject\",\"inLanguage\":\"de\",\"@id\":\"https:\\\/\\\/www.cbh-cyprus.com\\\/de\\\/#\\\/schema\\\/logo\\\/image\\\/\",\"url\":\"https:\\\/\\\/www.cbh-cyprus.com\\\/app\\\/uploads\\\/sites\\\/30\\\/2020\\\/10\\\/cbh.jpg\",\"contentUrl\":\"https:\\\/\\\/www.cbh-cyprus.com\\\/app\\\/uploads\\\/sites\\\/30\\\/2020\\\/10\\\/cbh.jpg\",\"width\":1013,\"height\":419,\"caption\":\"Constantinou Bros Hotels\"},\"image\":{\"@id\":\"https:\\\/\\\/www.cbh-cyprus.com\\\/de\\\/#\\\/schema\\\/logo\\\/image\\\/\"}}]}<\/script>\n<!-- \/ Yoast SEO plugin. -->","yoast_head_json":{"title":"Wellnesshotels am Strand in Paphos, Zypern || Constantinou Hotels","description":"Wir von Constantinou Bros haben das Elixir Spa in unseren Spa-Hotels am Strand von Paphos auf Zypern eingerichtet, um Ihr Wohlbefinden im Urlaub zu steigern.","robots":{"index":"index","follow":"follow","max-snippet":"max-snippet:-1","max-image-preview":"max-image-preview:large","max-video-preview":"max-video-preview:-1"},"canonical":"https:\/\/www.cbh-cyprus.com\/de\/elixier-spa\/","og_locale":"de_DE","og_type":"article","og_title":"Wellnesshotels am Strand in Paphos, Zypern || Constantinou Hotels","og_description":"Wir von Constantinou Bros haben das Elixir Spa in unseren Spa-Hotels am Strand von Paphos auf Zypern eingerichtet, um Ihr Wohlbefinden im Urlaub zu steigern.","og_url":"https:\/\/www.cbh-cyprus.com\/de\/elixier-spa\/","og_site_name":"Constantinou Bros Hotels","article_modified_time":"2025-05-05T12:11:29+00:00","og_image":[{"width":1920,"height":1277,"url":"https:\/\/www.cbh-cyprus.com\/app\/uploads\/sites\/30\/2019\/10\/31-asimina-suites-hotel-spa_resized.jpg","type":"image\/jpeg"}],"twitter_card":"summary_large_image","schema":{"@context":"https:\/\/schema.org","@graph":[{"@type":"WebPage","@id":"https:\/\/www.cbh-cyprus.com\/de\/elixier-spa\/","url":"https:\/\/www.cbh-cyprus.com\/de\/elixier-spa\/","name":"Wellnesshotels am Strand in Paphos, Zypern || Constantinou Hotels","isPartOf":{"@id":"https:\/\/www.cbh-cyprus.com\/de\/#website"},"primaryImageOfPage":{"@id":"https:\/\/www.cbh-cyprus.com\/de\/elixier-spa\/#primaryimage"},"image":{"@id":"https:\/\/www.cbh-cyprus.com\/de\/elixier-spa\/#primaryimage"},"thumbnailUrl":"https:\/\/www.cbh-cyprus.com\/app\/uploads\/sites\/30\/2019\/10\/31-asimina-suites-hotel-spa_resized.jpg","datePublished":"2019-05-16T10:08:41+00:00","dateModified":"2025-05-05T12:11:29+00:00","description":"Wir von Constantinou Bros haben das Elixir Spa in unseren Spa-Hotels am Strand von Paphos auf Zypern eingerichtet, um Ihr Wohlbefinden im Urlaub zu steigern.","breadcrumb":{"@id":"https:\/\/www.cbh-cyprus.com\/de\/elixier-spa\/#breadcrumb"},"inLanguage":"de","potentialAction":[{"@type":"ReadAction","target":["https:\/\/www.cbh-cyprus.com\/de\/elixier-spa\/"]}]},{"@type":"ImageObject","inLanguage":"de","@id":"https:\/\/www.cbh-cyprus.com\/de\/elixier-spa\/#primaryimage","url":"https:\/\/www.cbh-cyprus.com\/app\/uploads\/sites\/30\/2019\/10\/31-asimina-suites-hotel-spa_resized.jpg","contentUrl":"https:\/\/www.cbh-cyprus.com\/app\/uploads\/sites\/30\/2019\/10\/31-asimina-suites-hotel-spa_resized.jpg","width":1920,"height":1277,"caption":"Live moments of Leisure and Relaxation"},{"@type":"BreadcrumbList","@id":"https:\/\/www.cbh-cyprus.com\/de\/elixier-spa\/#breadcrumb","itemListElement":[{"@type":"ListItem","position":1,"name":"Home","item":"https:\/\/www.cbh-cyprus.com\/de\/willkommen-in-den-constantinou-bros-hotels\/"},{"@type":"ListItem","position":2,"name":"Elixier Spa"}]},{"@type":"WebSite","@id":"https:\/\/www.cbh-cyprus.com\/de\/#website","url":"https:\/\/www.cbh-cyprus.com\/de\/","name":"Constantinou Bros Hotels","description":"Constantinou Bros Hotels","publisher":{"@id":"https:\/\/www.cbh-cyprus.com\/de\/#organization"},"potentialAction":[{"@type":"SearchAction","target":{"@type":"EntryPoint","urlTemplate":"https:\/\/www.cbh-cyprus.com\/de\/?s={search_term_string}"},"query-input":{"@type":"PropertyValueSpecification","valueRequired":true,"valueName":"search_term_string"}}],"inLanguage":"de"},{"@type":"Organization","@id":"https:\/\/www.cbh-cyprus.com\/de\/#organization","name":"Constantinou Bros Hotels","url":"https:\/\/www.cbh-cyprus.com\/de\/","logo":{"@type":"ImageObject","inLanguage":"de","@id":"https:\/\/www.cbh-cyprus.com\/de\/#\/schema\/logo\/image\/","url":"https:\/\/www.cbh-cyprus.com\/app\/uploads\/sites\/30\/2020\/10\/cbh.jpg","contentUrl":"https:\/\/www.cbh-cyprus.com\/app\/uploads\/sites\/30\/2020\/10\/cbh.jpg","width":1013,"height":419,"caption":"Constantinou Bros Hotels"},"image":{"@id":"https:\/\/www.cbh-cyprus.com\/de\/#\/schema\/logo\/image\/"}}]}},"_links":{"self":[{"href":"https:\/\/www.cbh-cyprus.com\/de\/wp-json\/wp\/v2\/pages\/2595","targetHints":{"allow":["GET"]}}],"collection":[{"href":"https:\/\/www.cbh-cyprus.com\/de\/wp-json\/wp\/v2\/pages"}],"about":[{"href":"https:\/\/www.cbh-cyprus.com\/de\/wp-json\/wp\/v2\/types\/page"}],"author":[{"embeddable":true,"href":"https:\/\/www.cbh-cyprus.com\/de\/wp-json\/wp\/v2\/users\/2"}],"replies":[{"embeddable":true,"href":"https:\/\/www.cbh-cyprus.com\/de\/wp-json\/wp\/v2\/comments?post=2595"}],"version-history":[{"count":5,"href":"https:\/\/www.cbh-cyprus.com\/de\/wp-json\/wp\/v2\/pages\/2595\/revisions"}],"predecessor-version":[{"id":44125,"href":"https:\/\/www.cbh-cyprus.com\/de\/wp-json\/wp\/v2\/pages\/2595\/revisions\/44125"}],"wp:featuredmedia":[{"embeddable":true,"href":"https:\/\/www.cbh-cyprus.com\/de\/wp-json\/wp\/v2\/media\/2160"}],"wp:attachment":[{"href":"https:\/\/www.cbh-cyprus.com\/de\/wp-json\/wp\/v2\/media?parent=2595"}],"curies":[{"name":"wp","href":"https:\/\/api.w.org\/{rel}","templated":true}]}}