{"id":2602,"date":"2019-10-30T18:10:34","date_gmt":"2019-10-30T15:10:34","guid":{"rendered":"http:\/\/cbh-cyprus.cms4.nelios.com\/employment\/"},"modified":"2025-09-04T12:12:41","modified_gmt":"2025-09-04T09:12:41","slug":"karriere","status":"publish","type":"page","link":"https:\/\/www.cbh-cyprus.com\/de\/karriere\/","title":{"rendered":"Karriere"},"content":{"rendered":"<div class=\"mb-2\">\n<p><span style=\"font-size: 16px;\">Wie uns unsere treuen G\u00e4ste, die immer wieder in unsere Hotels zur\u00fcckkehren, immer wieder sagen, ist unser gr\u00f6\u00dftes Kapital unser Personal: l\u00e4chelndes, zuvorkommendes und freundliches Personal, das den Unterschied im Urlaub ausmacht.<\/span><\/p>\n<\/div>\n<div class=\"\">\n<p>Unsere Mitarbeiter genie\u00dfen ein professionelles Arbeitsumfeld, eine kontinuierliche berufliche Weiterbildung durch ein Auswahl- und Bewertungsverfahren mit hohen Standards und Schulungen.<\/p>\n<p>Constantinou Bros Hotels Ltd l\u00e4dt Sie ein, eine neue, dynamische Karriere zu beginnen, in der Sie mit Fachleuten zusammenarbeiten und die beste Hotelkette Zyperns im aufregenden und vielversprechenden Sektor des Tourismus vertreten!<\/p>\n<p>Wenn Sie also das Gef\u00fchl haben, dass Sie in einer Organisation wie der unseren mitarbeiten m\u00f6chten, bewerben Sie sich bitte auf die unten aufgef\u00fchrten offenen Stellen oder f\u00fcllen Sie das Formular f\u00fcr zuk\u00fcnftige Stellenangebote aus.<\/p>\n<p>Bei Fragen zur Besch\u00e4ftigung wenden Sie sich bitte an unser HR-Team <a href=\"tel:26964898\">26964898.<\/a> Um eine MANUELLE Bewerbung einzureichen, senden Sie bitte eine E-Mail an <a href=\"mailto:hr@cbh-cyprus.comc\">hr@cbh-cyprus.com<\/a> und f\u00fcgen Sie das ausgef\u00fcllte Bewerbungsformular oder Ihren Lebenslauf bei.<\/p>\n<\/div>\n<h3>Offene Stellen:<\/h3>\n<p>(Bitte klicken Sie auf die Jobtitel unten, um die erforderlichen Qualifikationen zu sehen)<\/p>\n<p>&nbsp;<\/p>\n<p><span style=\"color: #3366ff;\"><a style=\"color: #3366ff;\" href=\"https:\/\/www.cbh-cyprus.com\/app\/uploads\/sites\/30\/2025\/09\/guest-serv-manager-eng.png\" target=\"_blank\" rel=\"noopener\">Manager G\u00e4steservice<\/a><\/span><\/p>\n<p><span style=\"color: #3366ff;\"><a style=\"color: #3366ff;\" href=\"https:\/\/www.cbh-cyprus.com\/app\/uploads\/sites\/30\/2025\/09\/guest-services-A-eng.png\">G\u00e4steservice A&#8216;<\/a><\/span><\/p>\n<p><span style=\"color: #3366ff;\"><a style=\"color: #3366ff;\" href=\"https:\/\/www.cbh-cyprus.com\/app\/uploads\/sites\/30\/2025\/09\/receptionist-eng.png\" target=\"_blank\" rel=\"noopener\">Rezeptionistin <\/a><\/span><\/p>\n<p><span style=\"color: #3366ff;\"><a style=\"color: #3366ff;\" href=\"https:\/\/www.cbh-cyprus.com\/app\/uploads\/sites\/30\/2025\/09\/hairdresser-eng.png\" target=\"_blank\" rel=\"noopener noreferrer\">Friseur-Elixier Spa Abteilung<\/a><\/span><\/p>\n<p><span style=\"color: #3366ff;\"><a style=\"color: #3366ff;\" href=\"https:\/\/www.cbh-cyprus.com\/app\/uploads\/sites\/30\/2025\/09\/spa-therapist-eng.png\" target=\"_blank\" rel=\"noopener\">Spa-Therapeut &#8211; Elixir Spa Abteilung<\/a><\/span><\/p>\n<p><span style=\"color: #3366ff;\"><a style=\"color: #3366ff;\" href=\"https:\/\/www.cbh-cyprus.com\/app\/uploads\/sites\/30\/2025\/09\/physiotherapist-eng.png\" target=\"_blank\" rel=\"noopener noreferrer\">Physiotherapeuten &#8211; Elixier Spa Abteilung<\/a><\/span><\/p>\n<p><span style=\"color: #3366ff;\"><a style=\"color: #3366ff;\" href=\"https:\/\/www.cbh-cyprus.com\/app\/uploads\/sites\/30\/2025\/09\/secretary-eng.png\">Sekret\u00e4rin<\/a><\/span><\/p>\n<p><span style=\"color: #3366ff;\"><a style=\"color: #3366ff;\" href=\"https:\/\/www.cbh-cyprus.com\/app\/uploads\/sites\/30\/2025\/09\/social-media-man-eng.png\">Manager f\u00fcr soziale Medien <\/a><\/span><\/p>\n<p><span style=\"color: #3366ff;\"><a style=\"color: #3366ff;\" href=\"https:\/\/www.cbh-cyprus.com\/app\/uploads\/sites\/30\/2025\/09\/it-officer-eng.png\" target=\"_blank\" rel=\"noopener\"> IT-Beauftragter<\/a><\/span><\/p>\n<p><span style=\"color: #3366ff;\"><a style=\"color: #3366ff;\" href=\"https:\/\/www.cbh-cyprus.com\/app\/uploads\/sites\/30\/2025\/09\/Housekeepers-floor_-supervisors-eng.png\" target=\"_blank\" rel=\"noopener\">Floor Supervisors -Housekeepers<\/a><\/span><\/p>\n<p><span style=\"color: #3366ff;\"><a style=\"color: #3366ff;\" href=\"https:\/\/www.cbh-cyprus.com\/app\/uploads\/sites\/30\/2025\/09\/2024-waiter-eng.png\" target=\"_blank\" rel=\"noopener\">Kellner<\/a><\/span><\/p>\n<p><span style=\"color: #3366ff;\"><a style=\"color: #3366ff;\" href=\"https:\/\/www.cbh-cyprus.com\/app\/uploads\/sites\/30\/2025\/09\/chief-eng-eng.png\" target=\"_blank\" rel=\"noopener\">Chefingenieur<\/a><\/span><\/p>\n<p>&nbsp;<\/p>\n<p>&nbsp;<\/p>\n","protected":false},"excerpt":{"rendered":"<p>Wie uns unsere treuen G\u00e4ste, die immer wieder in unsere Hotels zur\u00fcckkehren, immer wieder sagen, ist unser gr\u00f6\u00dftes Kapital unser Personal: l\u00e4chelndes, zuvorkommendes und freundliches Personal, das den Unterschied im Urlaub ausmacht. Unsere Mitarbeiter genie\u00dfen ein professionelles Arbeitsumfeld, eine kontinuierliche berufliche Weiterbildung durch ein Auswahl- und Bewertungsverfahren mit hohen Standards und Schulungen. Constantinou Bros Hotels<\/p>\n","protected":false},"author":100,"featured_media":2206,"parent":0,"menu_order":0,"comment_status":"closed","ping_status":"closed","template":"","meta":{"_acf_changed":false,"footnotes":""},"class_list":["post-2602","page","type-page","status-publish","has-post-thumbnail","hentry"],"acf":[],"yoast_head":"<!-- This site is optimized with the Yoast SEO plugin v27.4 - https:\/\/yoast.com\/product\/yoast-seo-wordpress\/ -->\n<title>Constantinou Bros Careers - Werden Sie Teil des Teams | Constantinou Hotels<\/title>\n<meta name=\"description\" content=\"Informieren Sie sich \u00fcber die Karriere- und Stellenangebote von Constantinou Bros und nutzen Sie die Chance, Teil unseres Teams zu werden. Wenn Sie das Gef\u00fchl haben, dass Sie gut zu uns passen, werden wir Sie gerne in Betracht ziehen.\" \/>\n<meta name=\"robots\" content=\"index, follow, max-snippet:-1, max-image-preview:large, max-video-preview:-1\" \/>\n<link rel=\"canonical\" href=\"https:\/\/www.cbh-cyprus.com\/de\/karriere\/\" \/>\n<meta property=\"og:locale\" content=\"de_DE\" \/>\n<meta property=\"og:type\" content=\"article\" \/>\n<meta property=\"og:title\" content=\"Constantinou Bros Careers - Werden Sie Teil des Teams | Constantinou Hotels\" \/>\n<meta property=\"og:description\" content=\"Informieren Sie sich \u00fcber die Karriere- und Stellenangebote von Constantinou Bros und nutzen Sie die Chance, Teil unseres Teams zu werden. Wenn Sie das Gef\u00fchl haben, dass Sie gut zu uns passen, werden wir Sie gerne in Betracht ziehen.\" \/>\n<meta property=\"og:url\" content=\"https:\/\/www.cbh-cyprus.com\/de\/karriere\/\" \/>\n<meta property=\"og:site_name\" content=\"Constantinou Bros Hotels\" \/>\n<meta property=\"article:modified_time\" content=\"2025-09-04T09:12:41+00:00\" \/>\n<meta property=\"og:image\" content=\"https:\/\/www.cbh-cyprus.com\/app\/uploads\/sites\/30\/2019\/10\/4-athena-royal-beach-hotel-pool-and-sea-view_resized.jpg\" \/>\n\t<meta property=\"og:image:width\" content=\"1920\" \/>\n\t<meta property=\"og:image:height\" content=\"1181\" \/>\n\t<meta property=\"og:image:type\" content=\"image\/jpeg\" \/>\n<meta name=\"twitter:card\" content=\"summary_large_image\" \/>\n<meta name=\"twitter:label1\" content=\"Gesch\u00e4tzte Lesezeit\" \/>\n\t<meta name=\"twitter:data1\" content=\"2\u00a0Minuten\" \/>\n<script type=\"application\/ld+json\" class=\"yoast-schema-graph\">{\"@context\":\"https:\\\/\\\/schema.org\",\"@graph\":[{\"@type\":\"WebPage\",\"@id\":\"https:\\\/\\\/www.cbh-cyprus.com\\\/de\\\/karriere\\\/\",\"url\":\"https:\\\/\\\/www.cbh-cyprus.com\\\/de\\\/karriere\\\/\",\"name\":\"Constantinou Bros Careers - Werden Sie Teil des Teams | Constantinou Hotels\",\"isPartOf\":{\"@id\":\"https:\\\/\\\/www.cbh-cyprus.com\\\/de\\\/#website\"},\"primaryImageOfPage\":{\"@id\":\"https:\\\/\\\/www.cbh-cyprus.com\\\/de\\\/karriere\\\/#primaryimage\"},\"image\":{\"@id\":\"https:\\\/\\\/www.cbh-cyprus.com\\\/de\\\/karriere\\\/#primaryimage\"},\"thumbnailUrl\":\"https:\\\/\\\/www.cbh-cyprus.com\\\/app\\\/uploads\\\/sites\\\/30\\\/2019\\\/10\\\/4-athena-royal-beach-hotel-pool-and-sea-view_resized.jpg\",\"datePublished\":\"2019-10-30T15:10:34+00:00\",\"dateModified\":\"2025-09-04T09:12:41+00:00\",\"description\":\"Informieren Sie sich \u00fcber die Karriere- und Stellenangebote von Constantinou Bros und nutzen Sie die Chance, Teil unseres Teams zu werden. Wenn Sie das Gef\u00fchl haben, dass Sie gut zu uns passen, werden wir Sie gerne in Betracht ziehen.\",\"breadcrumb\":{\"@id\":\"https:\\\/\\\/www.cbh-cyprus.com\\\/de\\\/karriere\\\/#breadcrumb\"},\"inLanguage\":\"de\",\"potentialAction\":[{\"@type\":\"ReadAction\",\"target\":[\"https:\\\/\\\/www.cbh-cyprus.com\\\/de\\\/karriere\\\/\"]}]},{\"@type\":\"ImageObject\",\"inLanguage\":\"de\",\"@id\":\"https:\\\/\\\/www.cbh-cyprus.com\\\/de\\\/karriere\\\/#primaryimage\",\"url\":\"https:\\\/\\\/www.cbh-cyprus.com\\\/app\\\/uploads\\\/sites\\\/30\\\/2019\\\/10\\\/4-athena-royal-beach-hotel-pool-and-sea-view_resized.jpg\",\"contentUrl\":\"https:\\\/\\\/www.cbh-cyprus.com\\\/app\\\/uploads\\\/sites\\\/30\\\/2019\\\/10\\\/4-athena-royal-beach-hotel-pool-and-sea-view_resized.jpg\",\"width\":1920,\"height\":1181},{\"@type\":\"BreadcrumbList\",\"@id\":\"https:\\\/\\\/www.cbh-cyprus.com\\\/de\\\/karriere\\\/#breadcrumb\",\"itemListElement\":[{\"@type\":\"ListItem\",\"position\":1,\"name\":\"Home\",\"item\":\"https:\\\/\\\/www.cbh-cyprus.com\\\/de\\\/willkommen-in-den-constantinou-bros-hotels\\\/\"},{\"@type\":\"ListItem\",\"position\":2,\"name\":\"Karriere\"}]},{\"@type\":\"WebSite\",\"@id\":\"https:\\\/\\\/www.cbh-cyprus.com\\\/de\\\/#website\",\"url\":\"https:\\\/\\\/www.cbh-cyprus.com\\\/de\\\/\",\"name\":\"Constantinou Bros Hotels\",\"description\":\"Constantinou Bros Hotels\",\"publisher\":{\"@id\":\"https:\\\/\\\/www.cbh-cyprus.com\\\/de\\\/#organization\"},\"potentialAction\":[{\"@type\":\"SearchAction\",\"target\":{\"@type\":\"EntryPoint\",\"urlTemplate\":\"https:\\\/\\\/www.cbh-cyprus.com\\\/de\\\/?s={search_term_string}\"},\"query-input\":{\"@type\":\"PropertyValueSpecification\",\"valueRequired\":true,\"valueName\":\"search_term_string\"}}],\"inLanguage\":\"de\"},{\"@type\":\"Organization\",\"@id\":\"https:\\\/\\\/www.cbh-cyprus.com\\\/de\\\/#organization\",\"name\":\"Constantinou Bros Hotels\",\"url\":\"https:\\\/\\\/www.cbh-cyprus.com\\\/de\\\/\",\"logo\":{\"@type\":\"ImageObject\",\"inLanguage\":\"de\",\"@id\":\"https:\\\/\\\/www.cbh-cyprus.com\\\/de\\\/#\\\/schema\\\/logo\\\/image\\\/\",\"url\":\"https:\\\/\\\/www.cbh-cyprus.com\\\/app\\\/uploads\\\/sites\\\/30\\\/2020\\\/10\\\/cbh.jpg\",\"contentUrl\":\"https:\\\/\\\/www.cbh-cyprus.com\\\/app\\\/uploads\\\/sites\\\/30\\\/2020\\\/10\\\/cbh.jpg\",\"width\":1013,\"height\":419,\"caption\":\"Constantinou Bros Hotels\"},\"image\":{\"@id\":\"https:\\\/\\\/www.cbh-cyprus.com\\\/de\\\/#\\\/schema\\\/logo\\\/image\\\/\"}}]}<\/script>\n<!-- \/ Yoast SEO plugin. -->","yoast_head_json":{"title":"Constantinou Bros Careers - Werden Sie Teil des Teams | Constantinou Hotels","description":"Informieren Sie sich \u00fcber die Karriere- und Stellenangebote von Constantinou Bros und nutzen Sie die Chance, Teil unseres Teams zu werden. Wenn Sie das Gef\u00fchl haben, dass Sie gut zu uns passen, werden wir Sie gerne in Betracht ziehen.","robots":{"index":"index","follow":"follow","max-snippet":"max-snippet:-1","max-image-preview":"max-image-preview:large","max-video-preview":"max-video-preview:-1"},"canonical":"https:\/\/www.cbh-cyprus.com\/de\/karriere\/","og_locale":"de_DE","og_type":"article","og_title":"Constantinou Bros Careers - Werden Sie Teil des Teams | Constantinou Hotels","og_description":"Informieren Sie sich \u00fcber die Karriere- und Stellenangebote von Constantinou Bros und nutzen Sie die Chance, Teil unseres Teams zu werden. Wenn Sie das Gef\u00fchl haben, dass Sie gut zu uns passen, werden wir Sie gerne in Betracht ziehen.","og_url":"https:\/\/www.cbh-cyprus.com\/de\/karriere\/","og_site_name":"Constantinou Bros Hotels","article_modified_time":"2025-09-04T09:12:41+00:00","og_image":[{"width":1920,"height":1181,"url":"https:\/\/www.cbh-cyprus.com\/app\/uploads\/sites\/30\/2019\/10\/4-athena-royal-beach-hotel-pool-and-sea-view_resized.jpg","type":"image\/jpeg"}],"twitter_card":"summary_large_image","twitter_misc":{"Gesch\u00e4tzte Lesezeit":"2\u00a0Minuten"},"schema":{"@context":"https:\/\/schema.org","@graph":[{"@type":"WebPage","@id":"https:\/\/www.cbh-cyprus.com\/de\/karriere\/","url":"https:\/\/www.cbh-cyprus.com\/de\/karriere\/","name":"Constantinou Bros Careers - Werden Sie Teil des Teams | Constantinou Hotels","isPartOf":{"@id":"https:\/\/www.cbh-cyprus.com\/de\/#website"},"primaryImageOfPage":{"@id":"https:\/\/www.cbh-cyprus.com\/de\/karriere\/#primaryimage"},"image":{"@id":"https:\/\/www.cbh-cyprus.com\/de\/karriere\/#primaryimage"},"thumbnailUrl":"https:\/\/www.cbh-cyprus.com\/app\/uploads\/sites\/30\/2019\/10\/4-athena-royal-beach-hotel-pool-and-sea-view_resized.jpg","datePublished":"2019-10-30T15:10:34+00:00","dateModified":"2025-09-04T09:12:41+00:00","description":"Informieren Sie sich \u00fcber die Karriere- und Stellenangebote von Constantinou Bros und nutzen Sie die Chance, Teil unseres Teams zu werden. Wenn Sie das Gef\u00fchl haben, dass Sie gut zu uns passen, werden wir Sie gerne in Betracht ziehen.","breadcrumb":{"@id":"https:\/\/www.cbh-cyprus.com\/de\/karriere\/#breadcrumb"},"inLanguage":"de","potentialAction":[{"@type":"ReadAction","target":["https:\/\/www.cbh-cyprus.com\/de\/karriere\/"]}]},{"@type":"ImageObject","inLanguage":"de","@id":"https:\/\/www.cbh-cyprus.com\/de\/karriere\/#primaryimage","url":"https:\/\/www.cbh-cyprus.com\/app\/uploads\/sites\/30\/2019\/10\/4-athena-royal-beach-hotel-pool-and-sea-view_resized.jpg","contentUrl":"https:\/\/www.cbh-cyprus.com\/app\/uploads\/sites\/30\/2019\/10\/4-athena-royal-beach-hotel-pool-and-sea-view_resized.jpg","width":1920,"height":1181},{"@type":"BreadcrumbList","@id":"https:\/\/www.cbh-cyprus.com\/de\/karriere\/#breadcrumb","itemListElement":[{"@type":"ListItem","position":1,"name":"Home","item":"https:\/\/www.cbh-cyprus.com\/de\/willkommen-in-den-constantinou-bros-hotels\/"},{"@type":"ListItem","position":2,"name":"Karriere"}]},{"@type":"WebSite","@id":"https:\/\/www.cbh-cyprus.com\/de\/#website","url":"https:\/\/www.cbh-cyprus.com\/de\/","name":"Constantinou Bros Hotels","description":"Constantinou Bros Hotels","publisher":{"@id":"https:\/\/www.cbh-cyprus.com\/de\/#organization"},"potentialAction":[{"@type":"SearchAction","target":{"@type":"EntryPoint","urlTemplate":"https:\/\/www.cbh-cyprus.com\/de\/?s={search_term_string}"},"query-input":{"@type":"PropertyValueSpecification","valueRequired":true,"valueName":"search_term_string"}}],"inLanguage":"de"},{"@type":"Organization","@id":"https:\/\/www.cbh-cyprus.com\/de\/#organization","name":"Constantinou Bros Hotels","url":"https:\/\/www.cbh-cyprus.com\/de\/","logo":{"@type":"ImageObject","inLanguage":"de","@id":"https:\/\/www.cbh-cyprus.com\/de\/#\/schema\/logo\/image\/","url":"https:\/\/www.cbh-cyprus.com\/app\/uploads\/sites\/30\/2020\/10\/cbh.jpg","contentUrl":"https:\/\/www.cbh-cyprus.com\/app\/uploads\/sites\/30\/2020\/10\/cbh.jpg","width":1013,"height":419,"caption":"Constantinou Bros Hotels"},"image":{"@id":"https:\/\/www.cbh-cyprus.com\/de\/#\/schema\/logo\/image\/"}}]}},"_links":{"self":[{"href":"https:\/\/www.cbh-cyprus.com\/de\/wp-json\/wp\/v2\/pages\/2602","targetHints":{"allow":["GET"]}}],"collection":[{"href":"https:\/\/www.cbh-cyprus.com\/de\/wp-json\/wp\/v2\/pages"}],"about":[{"href":"https:\/\/www.cbh-cyprus.com\/de\/wp-json\/wp\/v2\/types\/page"}],"author":[{"embeddable":true,"href":"https:\/\/www.cbh-cyprus.com\/de\/wp-json\/wp\/v2\/users\/100"}],"replies":[{"embeddable":true,"href":"https:\/\/www.cbh-cyprus.com\/de\/wp-json\/wp\/v2\/comments?post=2602"}],"version-history":[{"count":11,"href":"https:\/\/www.cbh-cyprus.com\/de\/wp-json\/wp\/v2\/pages\/2602\/revisions"}],"predecessor-version":[{"id":46205,"href":"https:\/\/www.cbh-cyprus.com\/de\/wp-json\/wp\/v2\/pages\/2602\/revisions\/46205"}],"wp:featuredmedia":[{"embeddable":true,"href":"https:\/\/www.cbh-cyprus.com\/de\/wp-json\/wp\/v2\/media\/2206"}],"wp:attachment":[{"href":"https:\/\/www.cbh-cyprus.com\/de\/wp-json\/wp\/v2\/media?parent=2602"}],"curies":[{"name":"wp","href":"https:\/\/api.w.org\/{rel}","templated":true}]}}