{"id":2680,"date":"2019-10-07T15:33:02","date_gmt":"2019-10-07T12:33:02","guid":{"rendered":"http:\/\/cbh-cyprus.cms4.nelios.com\/family-holidays\/"},"modified":"2024-09-13T12:03:39","modified_gmt":"2024-09-13T09:03:39","slug":"familienurlaub","status":"publish","type":"page","link":"https:\/\/www.cbh-cyprus.com\/de\/familienurlaub\/","title":{"rendered":"Familienurlaube"},"content":{"rendered":"<p>Das Athena Beach Hotel ist eine sehr beliebte Wahl f\u00fcr Familien aller Altersgruppen, denn das Hotel bietet eine breite Palette an Einrichtungen, um Ihre Familie zu unterhalten, und verf\u00fcgt au\u00dferdem \u00fcber weitl\u00e4ufige, gepflegte G\u00e4rten und ein gro\u00dfartiges, weitl\u00e4ufiges Gel\u00e4nde, das direkt an den Strand f\u00fchrt.<br \/>\nDas Athena Beach bietet eine Vielzahl von Einrichtungen, darunter 3 S\u00fc\u00dfwasser-Freib\u00e4der, 1 beheiztes Hallenbad, einen Innen- und einen Au\u00dfen-Jacuzzi, einen Tennisplatz, ein Fitnessstudio, Tischtennis und Minigolf.<br \/>\nF\u00fcr Kinder gibt es zwei Planschbecken, in denen sie den ganzen Tag planschen k\u00f6nnen, sowie eine Wasserrutsche, einen Kinderspielplatz, Kinderanimation und einen Kinderclub (nur im Sommer).<br \/>\nW\u00e4hrend sich die Kinder am\u00fcsieren, k\u00f6nnen M\u00fctter und V\u00e4ter im Elixir Spa entspannen, das therapeutische Massagen, Aromatherapie, Thalassotherapie und Hydrotherapie-Behandlungen, Sauna und Dampfbad, einen Friseursalon und einen voll ausgestatteten Fitnessraum bietet.<br \/>\nDas Athena Beach Hotel ist auch f\u00fcr seine ausgezeichnete K\u00fcche mit abwechslungsreichen internationalen Men\u00fcs f\u00fcr jeden Geschmack bekannt. Es bietet f\u00fcnf Restaurants, eine Strandbar, die auch leichte Mahlzeiten und Snacks serviert, sowie eine Pool- und Cocktailbar.<br \/>\nDas Athena Beach Hotel bietet eine Vielzahl von Unterk\u00fcnften, um Eltern das Reisen mit Kindern zu erleichtern &#8211; Standardzimmer f\u00fcr eine 3-k\u00f6pfige Familie mit Zustellbett, Duplex-Zimmer f\u00fcr bis zu 6 Personen, Zimmer mit Verbindungst\u00fcr f\u00fcr maximal 6 Personen und eine Familiensuite mit einem Schlafzimmer, die 4 Personen beherbergen kann.<br \/>\nIm Constantinou Bros Athena Beach Hotel gibt es immer etwas zu erleben.<br \/>\nMehrmals pro Woche werden Aktivit\u00e4ten und Spiele f\u00fcr Kinder angeboten.         <\/p>\n<ul>\n<li>Stretching f\u00fcr Kinder<\/li>\n<li>R\u00e4tsel<\/li>\n<li>Kunst &amp; Kunsthandwerk<\/li>\n<li>Quiz f\u00fcr Kinder<\/li>\n<li>Memory Spiele<\/li>\n<li>Brettspiele<\/li>\n<li>Uno Spiel<\/li>\n<li>Steinmalerei<\/li>\n<li>Salzmalerei<\/li>\n<li>Jenga Spiel<\/li>\n<li>Bowling<\/li>\n<li>Cartoon Beobachten<\/li>\n<\/ul>\n<p>  Kinder, die in Paphos Urlaub machen, werden auch den Paphos Water Park sowie eine Reihe von Wassersportm\u00f6glichkeiten in der N\u00e4he genie\u00dfen, darunter Bananenboote, Wasserski, Jetski, Parasailing, Tauchen und Angeln.<br \/>\nDas Hotel bietet auch Angebote f\u00fcr Alleinerziehende an &#8211; bitte rufen Sie f\u00fcr Einzelheiten unter <a href=\"tel:0035726964500\">00357 26 964500<\/a> an.  Bitte kontaktieren Sie unsere Reservierungsabteilung unter <a href=\"mailto:reservations@cbh-cyprus.com\"> reservations@cbh-cyprus.com <\/a> f\u00fcr weitere Informationen und ein Angebot f\u00fcr Ihren Familienurlaub auf Zypern.<\/p>\n","protected":false},"excerpt":{"rendered":"<p>Das Athena Beach Hotel ist eine sehr beliebte Wahl f\u00fcr Familien aller Altersgruppen, denn das Hotel bietet eine breite Palette an Einrichtungen, um Ihre Familie zu unterhalten, und verf\u00fcgt au\u00dferdem \u00fcber weitl\u00e4ufige, gepflegte G\u00e4rten und ein gro\u00dfartiges, weitl\u00e4ufiges Gel\u00e4nde, das direkt an den Strand f\u00fchrt. Das Athena Beach bietet eine Vielzahl von Einrichtungen, darunter 3<\/p>\n","protected":false},"author":100,"featured_media":9540,"parent":0,"menu_order":0,"comment_status":"closed","ping_status":"closed","template":"","meta":{"_acf_changed":false,"footnotes":""},"class_list":["post-2680","page","type-page","status-publish","has-post-thumbnail","hentry"],"acf":[],"yoast_head":"<!-- This site is optimized with the Yoast SEO plugin v27.3 - https:\/\/yoast.com\/product\/yoast-seo-wordpress\/ -->\n<title>Familienurlaube - Constantinou Bros Hotels<\/title>\n<meta name=\"robots\" content=\"index, follow, max-snippet:-1, max-image-preview:large, max-video-preview:-1\" \/>\n<link rel=\"canonical\" href=\"https:\/\/www.cbh-cyprus.com\/de\/familienurlaub\/\" \/>\n<meta property=\"og:locale\" content=\"de_DE\" \/>\n<meta property=\"og:type\" content=\"article\" \/>\n<meta property=\"og:title\" content=\"Familienurlaube - Constantinou Bros Hotels\" \/>\n<meta property=\"og:description\" content=\"Das Athena Beach Hotel ist eine sehr beliebte Wahl f\u00fcr Familien aller Altersgruppen, denn das Hotel bietet eine breite Palette an Einrichtungen, um Ihre Familie zu unterhalten, und verf\u00fcgt au\u00dferdem \u00fcber weitl\u00e4ufige, gepflegte G\u00e4rten und ein gro\u00dfartiges, weitl\u00e4ufiges Gel\u00e4nde, das direkt an den Strand f\u00fchrt. Das Athena Beach bietet eine Vielzahl von Einrichtungen, darunter 3\" \/>\n<meta property=\"og:url\" content=\"https:\/\/www.cbh-cyprus.com\/de\/familienurlaub\/\" \/>\n<meta property=\"og:site_name\" content=\"Constantinou Bros Hotels\" \/>\n<meta property=\"article:modified_time\" content=\"2024-09-13T09:03:39+00:00\" \/>\n<meta property=\"og:image\" content=\"https:\/\/www.cbh-cyprus.com\/app\/uploads\/sites\/30\/2021\/07\/75-ATHENA-BEACH-HOTEL-KIDS-CLUB.jpg\" \/>\n\t<meta property=\"og:image:width\" content=\"3766\" \/>\n\t<meta property=\"og:image:height\" content=\"2507\" \/>\n\t<meta property=\"og:image:type\" content=\"image\/jpeg\" \/>\n<meta name=\"twitter:card\" content=\"summary_large_image\" \/>\n<meta name=\"twitter:label1\" content=\"Gesch\u00e4tzte Lesezeit\" \/>\n\t<meta name=\"twitter:data1\" content=\"2\u00a0Minuten\" \/>\n<script type=\"application\/ld+json\" class=\"yoast-schema-graph\">{\"@context\":\"https:\\\/\\\/schema.org\",\"@graph\":[{\"@type\":\"WebPage\",\"@id\":\"https:\\\/\\\/www.cbh-cyprus.com\\\/de\\\/familienurlaub\\\/\",\"url\":\"https:\\\/\\\/www.cbh-cyprus.com\\\/de\\\/familienurlaub\\\/\",\"name\":\"Familienurlaube - Constantinou Bros Hotels\",\"isPartOf\":{\"@id\":\"https:\\\/\\\/www.cbh-cyprus.com\\\/de\\\/#website\"},\"primaryImageOfPage\":{\"@id\":\"https:\\\/\\\/www.cbh-cyprus.com\\\/de\\\/familienurlaub\\\/#primaryimage\"},\"image\":{\"@id\":\"https:\\\/\\\/www.cbh-cyprus.com\\\/de\\\/familienurlaub\\\/#primaryimage\"},\"thumbnailUrl\":\"https:\\\/\\\/www.cbh-cyprus.com\\\/app\\\/uploads\\\/sites\\\/30\\\/2021\\\/07\\\/75-ATHENA-BEACH-HOTEL-KIDS-CLUB.jpg\",\"datePublished\":\"2019-10-07T12:33:02+00:00\",\"dateModified\":\"2024-09-13T09:03:39+00:00\",\"breadcrumb\":{\"@id\":\"https:\\\/\\\/www.cbh-cyprus.com\\\/de\\\/familienurlaub\\\/#breadcrumb\"},\"inLanguage\":\"de\",\"potentialAction\":[{\"@type\":\"ReadAction\",\"target\":[\"https:\\\/\\\/www.cbh-cyprus.com\\\/de\\\/familienurlaub\\\/\"]}]},{\"@type\":\"ImageObject\",\"inLanguage\":\"de\",\"@id\":\"https:\\\/\\\/www.cbh-cyprus.com\\\/de\\\/familienurlaub\\\/#primaryimage\",\"url\":\"https:\\\/\\\/www.cbh-cyprus.com\\\/app\\\/uploads\\\/sites\\\/30\\\/2021\\\/07\\\/75-ATHENA-BEACH-HOTEL-KIDS-CLUB.jpg\",\"contentUrl\":\"https:\\\/\\\/www.cbh-cyprus.com\\\/app\\\/uploads\\\/sites\\\/30\\\/2021\\\/07\\\/75-ATHENA-BEACH-HOTEL-KIDS-CLUB.jpg\",\"width\":3766,\"height\":2507},{\"@type\":\"BreadcrumbList\",\"@id\":\"https:\\\/\\\/www.cbh-cyprus.com\\\/de\\\/familienurlaub\\\/#breadcrumb\",\"itemListElement\":[{\"@type\":\"ListItem\",\"position\":1,\"name\":\"Home\",\"item\":\"https:\\\/\\\/www.cbh-cyprus.com\\\/de\\\/willkommen-in-den-constantinou-bros-hotels\\\/\"},{\"@type\":\"ListItem\",\"position\":2,\"name\":\"Familienurlaube\"}]},{\"@type\":\"WebSite\",\"@id\":\"https:\\\/\\\/www.cbh-cyprus.com\\\/de\\\/#website\",\"url\":\"https:\\\/\\\/www.cbh-cyprus.com\\\/de\\\/\",\"name\":\"Constantinou Bros Hotels\",\"description\":\"Constantinou Bros Hotels\",\"publisher\":{\"@id\":\"https:\\\/\\\/www.cbh-cyprus.com\\\/de\\\/#organization\"},\"potentialAction\":[{\"@type\":\"SearchAction\",\"target\":{\"@type\":\"EntryPoint\",\"urlTemplate\":\"https:\\\/\\\/www.cbh-cyprus.com\\\/de\\\/?s={search_term_string}\"},\"query-input\":{\"@type\":\"PropertyValueSpecification\",\"valueRequired\":true,\"valueName\":\"search_term_string\"}}],\"inLanguage\":\"de\"},{\"@type\":\"Organization\",\"@id\":\"https:\\\/\\\/www.cbh-cyprus.com\\\/de\\\/#organization\",\"name\":\"Constantinou Bros Hotels\",\"url\":\"https:\\\/\\\/www.cbh-cyprus.com\\\/de\\\/\",\"logo\":{\"@type\":\"ImageObject\",\"inLanguage\":\"de\",\"@id\":\"https:\\\/\\\/www.cbh-cyprus.com\\\/de\\\/#\\\/schema\\\/logo\\\/image\\\/\",\"url\":\"https:\\\/\\\/www.cbh-cyprus.com\\\/app\\\/uploads\\\/sites\\\/30\\\/2020\\\/10\\\/cbh.jpg\",\"contentUrl\":\"https:\\\/\\\/www.cbh-cyprus.com\\\/app\\\/uploads\\\/sites\\\/30\\\/2020\\\/10\\\/cbh.jpg\",\"width\":1013,\"height\":419,\"caption\":\"Constantinou Bros Hotels\"},\"image\":{\"@id\":\"https:\\\/\\\/www.cbh-cyprus.com\\\/de\\\/#\\\/schema\\\/logo\\\/image\\\/\"}}]}<\/script>\n<!-- \/ Yoast SEO plugin. -->","yoast_head_json":{"title":"Familienurlaube - Constantinou Bros Hotels","robots":{"index":"index","follow":"follow","max-snippet":"max-snippet:-1","max-image-preview":"max-image-preview:large","max-video-preview":"max-video-preview:-1"},"canonical":"https:\/\/www.cbh-cyprus.com\/de\/familienurlaub\/","og_locale":"de_DE","og_type":"article","og_title":"Familienurlaube - Constantinou Bros Hotels","og_description":"Das Athena Beach Hotel ist eine sehr beliebte Wahl f\u00fcr Familien aller Altersgruppen, denn das Hotel bietet eine breite Palette an Einrichtungen, um Ihre Familie zu unterhalten, und verf\u00fcgt au\u00dferdem \u00fcber weitl\u00e4ufige, gepflegte G\u00e4rten und ein gro\u00dfartiges, weitl\u00e4ufiges Gel\u00e4nde, das direkt an den Strand f\u00fchrt. Das Athena Beach bietet eine Vielzahl von Einrichtungen, darunter 3","og_url":"https:\/\/www.cbh-cyprus.com\/de\/familienurlaub\/","og_site_name":"Constantinou Bros Hotels","article_modified_time":"2024-09-13T09:03:39+00:00","og_image":[{"width":3766,"height":2507,"url":"https:\/\/www.cbh-cyprus.com\/app\/uploads\/sites\/30\/2021\/07\/75-ATHENA-BEACH-HOTEL-KIDS-CLUB.jpg","type":"image\/jpeg"}],"twitter_card":"summary_large_image","twitter_misc":{"Gesch\u00e4tzte Lesezeit":"2\u00a0Minuten"},"schema":{"@context":"https:\/\/schema.org","@graph":[{"@type":"WebPage","@id":"https:\/\/www.cbh-cyprus.com\/de\/familienurlaub\/","url":"https:\/\/www.cbh-cyprus.com\/de\/familienurlaub\/","name":"Familienurlaube - Constantinou Bros Hotels","isPartOf":{"@id":"https:\/\/www.cbh-cyprus.com\/de\/#website"},"primaryImageOfPage":{"@id":"https:\/\/www.cbh-cyprus.com\/de\/familienurlaub\/#primaryimage"},"image":{"@id":"https:\/\/www.cbh-cyprus.com\/de\/familienurlaub\/#primaryimage"},"thumbnailUrl":"https:\/\/www.cbh-cyprus.com\/app\/uploads\/sites\/30\/2021\/07\/75-ATHENA-BEACH-HOTEL-KIDS-CLUB.jpg","datePublished":"2019-10-07T12:33:02+00:00","dateModified":"2024-09-13T09:03:39+00:00","breadcrumb":{"@id":"https:\/\/www.cbh-cyprus.com\/de\/familienurlaub\/#breadcrumb"},"inLanguage":"de","potentialAction":[{"@type":"ReadAction","target":["https:\/\/www.cbh-cyprus.com\/de\/familienurlaub\/"]}]},{"@type":"ImageObject","inLanguage":"de","@id":"https:\/\/www.cbh-cyprus.com\/de\/familienurlaub\/#primaryimage","url":"https:\/\/www.cbh-cyprus.com\/app\/uploads\/sites\/30\/2021\/07\/75-ATHENA-BEACH-HOTEL-KIDS-CLUB.jpg","contentUrl":"https:\/\/www.cbh-cyprus.com\/app\/uploads\/sites\/30\/2021\/07\/75-ATHENA-BEACH-HOTEL-KIDS-CLUB.jpg","width":3766,"height":2507},{"@type":"BreadcrumbList","@id":"https:\/\/www.cbh-cyprus.com\/de\/familienurlaub\/#breadcrumb","itemListElement":[{"@type":"ListItem","position":1,"name":"Home","item":"https:\/\/www.cbh-cyprus.com\/de\/willkommen-in-den-constantinou-bros-hotels\/"},{"@type":"ListItem","position":2,"name":"Familienurlaube"}]},{"@type":"WebSite","@id":"https:\/\/www.cbh-cyprus.com\/de\/#website","url":"https:\/\/www.cbh-cyprus.com\/de\/","name":"Constantinou Bros Hotels","description":"Constantinou Bros Hotels","publisher":{"@id":"https:\/\/www.cbh-cyprus.com\/de\/#organization"},"potentialAction":[{"@type":"SearchAction","target":{"@type":"EntryPoint","urlTemplate":"https:\/\/www.cbh-cyprus.com\/de\/?s={search_term_string}"},"query-input":{"@type":"PropertyValueSpecification","valueRequired":true,"valueName":"search_term_string"}}],"inLanguage":"de"},{"@type":"Organization","@id":"https:\/\/www.cbh-cyprus.com\/de\/#organization","name":"Constantinou Bros Hotels","url":"https:\/\/www.cbh-cyprus.com\/de\/","logo":{"@type":"ImageObject","inLanguage":"de","@id":"https:\/\/www.cbh-cyprus.com\/de\/#\/schema\/logo\/image\/","url":"https:\/\/www.cbh-cyprus.com\/app\/uploads\/sites\/30\/2020\/10\/cbh.jpg","contentUrl":"https:\/\/www.cbh-cyprus.com\/app\/uploads\/sites\/30\/2020\/10\/cbh.jpg","width":1013,"height":419,"caption":"Constantinou Bros Hotels"},"image":{"@id":"https:\/\/www.cbh-cyprus.com\/de\/#\/schema\/logo\/image\/"}}]}},"_links":{"self":[{"href":"https:\/\/www.cbh-cyprus.com\/de\/wp-json\/wp\/v2\/pages\/2680","targetHints":{"allow":["GET"]}}],"collection":[{"href":"https:\/\/www.cbh-cyprus.com\/de\/wp-json\/wp\/v2\/pages"}],"about":[{"href":"https:\/\/www.cbh-cyprus.com\/de\/wp-json\/wp\/v2\/types\/page"}],"author":[{"embeddable":true,"href":"https:\/\/www.cbh-cyprus.com\/de\/wp-json\/wp\/v2\/users\/100"}],"replies":[{"embeddable":true,"href":"https:\/\/www.cbh-cyprus.com\/de\/wp-json\/wp\/v2\/comments?post=2680"}],"version-history":[{"count":5,"href":"https:\/\/www.cbh-cyprus.com\/de\/wp-json\/wp\/v2\/pages\/2680\/revisions"}],"predecessor-version":[{"id":41333,"href":"https:\/\/www.cbh-cyprus.com\/de\/wp-json\/wp\/v2\/pages\/2680\/revisions\/41333"}],"wp:featuredmedia":[{"embeddable":true,"href":"https:\/\/www.cbh-cyprus.com\/de\/wp-json\/wp\/v2\/media\/9540"}],"wp:attachment":[{"href":"https:\/\/www.cbh-cyprus.com\/de\/wp-json\/wp\/v2\/media?parent=2680"}],"curies":[{"name":"wp","href":"https:\/\/api.w.org\/{rel}","templated":true}]}}