{"id":2693,"date":"2019-10-07T17:10:32","date_gmt":"2019-10-07T14:10:32","guid":{"rendered":"http:\/\/cbh-cyprus.cms4.nelios.com\/meetings\/"},"modified":"2024-09-13T12:12:49","modified_gmt":"2024-09-13T09:12:49","slug":"treffen","status":"publish","type":"page","link":"https:\/\/www.cbh-cyprus.com\/de\/treffen\/","title":{"rendered":"Tagungen"},"content":{"rendered":"<h1 class=\"home-pages-title title-size text-center pt-5 font-regular\">Vielseitig nutzbare und abwechslungsreiche Konferenzr\u00e4ume in Paphos  <\/h1>\n<p>&nbsp;  Die Constantinou Bros Hotels verf\u00fcgen \u00fcber ausgezeichnete Einrichtungen, die den h\u00f6chsten Anspr\u00fcchen f\u00fcr Ihre Konferenz, Ihr Meeting oder Ihre besondere Veranstaltung gerecht werden.<br \/>\nUnsere Hotels befinden sich alle in einer wundersch\u00f6nen nat\u00fcrlichen Umgebung, bieten sorgf\u00e4ltig eingerichtete Konferenzs\u00e4le mit engagierten Mitarbeitern, die Ihnen zur Seite stehen, und stellen hochwertige Audio- und Tonanlagen sowie Dienstleistungen bereit, damit Ihre Veranstaltung ein Erfolg wird.<br \/>\nBer\u00fccksichtigen Sie als zus\u00e4tzlichen Bonus das ausgezeichnete Wetter auf Zypern, die vielf\u00e4ltigen Freizeitm\u00f6glichkeiten, die unsere Hotels tags\u00fcber und abends bieten, sowie die gute K\u00fcche und seien Sie versichert, dass Ihre gesch\u00e4ftlichen Treffen zu einem unvergesslichen Urlaub werden k\u00f6nnen.<br \/>\nF\u00fcr weitere Informationen wenden Sie sich bitte an <a href=\"mailto:reservations@cbh-cyprus.com\">reservations@cbh-cyprus.com<\/a> oder besuchen Sie die einzelnen Hotels auf dieser Seite.     <em><strong>Entdecken Sie die Tagungs- und Veranstaltungseinrichtungen jedes unserer Hotels&#8230;<\/strong><\/em><\/p>\n<h4><strong>ATHENA BEACH HOTEL<\/strong><\/h4>\n<div class=\"tab-content\">\n<div id=\"athena-beach-hotel\" class=\"tab-pane rl_tabs-pane nn_tabs-pane active blue\" role=\"tabpanel\" aria-labelledby=\"tab-athena-beach-hotel\" aria-hidden=\"false\">  Die Veranstaltungss\u00e4le wurden sorgf\u00e4ltig eingerichtet, um die nat\u00fcrliche Sch\u00f6nheit der Umgebung einzufangen und sie mit unserem tadellosen Service zu kombinieren, um die anspruchsvollsten Gruppen und Kongresse zu empfangen.<br \/>\nDie S\u00e4le k\u00f6nnen als Br\u00fcckens\u00e4le und Tanzs\u00e4le genutzt werden.   <\/p>\n<p class=\"article_underlined\"><strong>Konferenzeinrichtungen<\/strong><\/p>\n<ul>\n<li>Overhead- und Diaprojektoren mit gro\u00dfer Leinwand<\/li>\n<li>Podium<\/li>\n<li>Mikrofone<\/li>\n<li>Gro\u00dfbildfernseher<\/li>\n<li>Flipcharts<\/li>\n<li>Video- und DVD-Player<\/li>\n<\/ul>\n<p class=\"article_underlined\"><strong>  Tagungs- und Veranstaltungsr\u00e4ume<\/strong><\/p>\n<table class=\"meetings\">\n<thead>\n<tr>\n<th>Zimmer<\/th>\n<th><sup>m2<\/sup><\/th>\n<th>Theater-Stil<\/th>\n<th>Klassenzimmer<\/th>\n<th>Cocktail-Empfang<\/th>\n<th>U-f\u00f6rmig<\/th>\n<th>Sitzungssaal<\/th>\n<th>Bankett Gala<\/th>\n<\/tr>\n<\/thead>\n<tbody>\n<tr>\n<td>Athos<\/td>\n<td>352<\/td>\n<td>200<\/td>\n<td>150<\/td>\n<td>300<\/td>\n<td>60<\/td>\n<td>70<\/td>\n<td><\/td>\n<\/tr>\n<tr>\n<td>St. Raphael<\/td>\n<td>124<\/td>\n<td>100<\/td>\n<td>65<\/td>\n<td>120<\/td>\n<td>40<\/td>\n<td>40<\/td>\n<td>60<\/td>\n<\/tr>\n<tr>\n<td>Orpheas<\/td>\n<td>67<\/td>\n<td>30<\/td>\n<td>20<\/td>\n<td>40<\/td>\n<td><\/td>\n<td><\/td>\n<td><\/td>\n<\/tr>\n<tr>\n<td>Asimina<\/td>\n<td>130<\/td>\n<td><\/td>\n<td>20<\/td>\n<td>30<\/td>\n<td>20<\/td>\n<td>20<\/td>\n<td><\/td>\n<\/tr>\n<tr>\n<td>Evelina<\/td>\n<td>132<\/td>\n<td><\/td>\n<td>20<\/td>\n<td>30<\/td>\n<td>20<\/td>\n<td>20<\/td>\n<td><\/td>\n<\/tr>\n<\/tbody>\n<\/table>\n<p>  F\u00fcr weitere Informationen \u00fcber Treffen und Veranstaltungen kontaktieren Sie bitte: <a href=\"mailto:reservations@athens-cbh.com\">reservations@athena-cbh.com<\/a><\/p>\n<h4><\/h4>\n<h4><strong>ATHENA ROYAL BEACH HOTEL<\/strong><\/h4>\n<p>  Die Veranstaltungss\u00e4le wurden sorgf\u00e4ltig eingerichtet, um die nat\u00fcrliche Sch\u00f6nheit der Umgebung einzufangen und sie mit unserem tadellosen Service zu kombinieren, um die anspruchsvollsten Gruppen und Kongresse zu empfangen.<br \/>\nDie S\u00e4le k\u00f6nnen als Br\u00fcckens\u00e4le und Tanzs\u00e4le genutzt werden.<br \/>\nAlle Veranstaltungsr\u00e4ume sind s\u00e4ulenfrei.    <\/p>\n<p class=\"article_underlined\"><strong>Konferenzeinrichtungen<\/strong><\/p>\n<ul>\n<li>LCD-Projektor und gro\u00dfe Leinwand<\/li>\n<li>Podium<\/li>\n<li>Mikrofone<\/li>\n<li>Gro\u00dfbildfernseher<\/li>\n<li>Flipcharts<\/li>\n<li>DVD-Spieler<\/li>\n<li>Doppel-CD-Player und Mischpult-Kombination<\/li>\n<\/ul>\n<p class=\"article_underlined\"><strong>  Tagungs- und Veranstaltungsr\u00e4ume<\/strong><\/p>\n<table class=\"meetings\">\n<thead>\n<tr>\n<th>Zimmer<\/th>\n<th><sup>m2<\/sup><\/th>\n<th>Theater-Stil<\/th>\n<th>Klassenzimmer<\/th>\n<th>Cocktail-Empfang<\/th>\n<th>U-f\u00f6rmig<\/th>\n<th>Sitzungssaal<\/th>\n<th>Bankett Gala<\/th>\n<\/tr>\n<\/thead>\n<tbody>\n<tr>\n<td>K\u00f6niglicher Saal<\/td>\n<td>493<\/td>\n<td>400<\/td>\n<td>310<\/td>\n<td>450<\/td>\n<td>90<\/td>\n<td>78<\/td>\n<td><\/td>\n<\/tr>\n<tr>\n<td>Artemis-Saal<\/td>\n<td>572<\/td>\n<td>480<\/td>\n<td>350<\/td>\n<td>600<\/td>\n<td>100<\/td>\n<td>90<\/td>\n<td>300<\/td>\n<\/tr>\n<tr>\n<td>Eliada<\/td>\n<td>35<\/td>\n<td>30<\/td>\n<td>16<\/td>\n<td>20<\/td>\n<td>18<\/td>\n<td>10<\/td>\n<td>25<\/td>\n<\/tr>\n<tr>\n<td>\u00c4ra<\/td>\n<td>35<\/td>\n<td>30<\/td>\n<td>16<\/td>\n<td>20<\/td>\n<td>18<\/td>\n<td>10<\/td>\n<td>25<\/td>\n<\/tr>\n<tr>\n<td>Ekali<\/td>\n<td>35<\/td>\n<td>30<\/td>\n<td>16<\/td>\n<td>20<\/td>\n<td>18<\/td>\n<td>10<\/td>\n<td>25<\/td>\n<\/tr>\n<\/tbody>\n<\/table>\n<p>  F\u00fcr weitere Informationen \u00fcber Treffen und Veranstaltungen wenden Sie sich bitte an:  <a href=\"mailto:reservations@athenaroyal-cbh.com\">reservations@athenaroyal-cbh.com<\/a><\/p>\n<h4><strong> PIONEER BEACH HOTEL<\/strong><\/h4>\n<p>  Die Veranstaltungsr\u00e4ume wurden sorgf\u00e4ltig eingerichtet, um die nat\u00fcrliche Sch\u00f6nheit der Umgebung einzufangen und sie mit unserem tadellosen Service zu kombinieren, um die anspruchsvollsten Gruppen und Kongresse zu empfangen.  <\/p>\n<p class=\"article_underlined\"><strong>Konferenzeinrichtungen<\/strong><\/p>\n<ul>\n<li>Overhead- und Diaprojektoren mit gro\u00dfer Leinwand<\/li>\n<li>Podium<\/li>\n<li>Mikrofone<\/li>\n<li>Flipcharts<\/li>\n<li>Video- und DVD-Player<\/li>\n<\/ul>\n<p class=\"article_underlined\"><strong>  Tagungs- und Veranstaltungsr\u00e4ume<\/strong><\/p>\n<table class=\"meetings\">\n<thead>\n<tr>\n<th>Zimmer<\/th>\n<th><sup>m2<\/sup><\/th>\n<th>Theater-Stil<\/th>\n<th>Klassenzimmer<\/th>\n<th>Cocktail-Empfang<\/th>\n<th>U-f\u00f6rmig<\/th>\n<\/tr>\n<\/thead>\n<tbody>\n<tr>\n<td>Poseidonas<\/td>\n<td>255<\/td>\n<td>195<\/td>\n<td>100<\/td>\n<td>350<\/td>\n<td>200<\/td>\n<\/tr>\n<\/tbody>\n<\/table>\n<p>  F\u00fcr weitere Informationen \u00fcber Treffen und Veranstaltungen kontaktieren Sie bitte: <a href=\"mailto:reservations@pioneer-cbh.com\">reservations@pioneer-cbh.com<\/a><\/p>\n<\/div>\n<\/div>\n","protected":false},"excerpt":{"rendered":"<p>Vielseitig nutzbare und abwechslungsreiche Konferenzr\u00e4ume in Paphos &nbsp; Die Constantinou Bros Hotels verf\u00fcgen \u00fcber ausgezeichnete Einrichtungen, die den h\u00f6chsten Anspr\u00fcchen f\u00fcr Ihre Konferenz, Ihr Meeting oder Ihre besondere Veranstaltung gerecht werden. Unsere Hotels befinden sich alle in einer wundersch\u00f6nen nat\u00fcrlichen Umgebung, bieten sorgf\u00e4ltig eingerichtete Konferenzs\u00e4le mit engagierten Mitarbeitern, die Ihnen zur Seite stehen, und stellen<\/p>\n","protected":false},"author":100,"featured_media":2288,"parent":0,"menu_order":0,"comment_status":"closed","ping_status":"closed","template":"","meta":{"_acf_changed":false,"footnotes":""},"class_list":["post-2693","page","type-page","status-publish","has-post-thumbnail","hentry"],"acf":[],"yoast_head":"<!-- This site is optimized with the Yoast SEO plugin v27.3 - https:\/\/yoast.com\/product\/yoast-seo-wordpress\/ -->\n<title>Konferenzr\u00e4ume in Paphos, Zypern || Constantinou Hotels<\/title>\n<meta name=\"description\" content=\"In den vier Constantinou Bros Hotels bieten wir eine Reihe von verschiedenen, multifunktionalen Tagungsr\u00e4umen und Konferenzr\u00e4umen in Paphos f\u00fcr eine Reihe von Anl\u00e4ssen.\" \/>\n<meta name=\"robots\" content=\"index, follow, max-snippet:-1, max-image-preview:large, max-video-preview:-1\" \/>\n<link rel=\"canonical\" href=\"https:\/\/www.cbh-cyprus.com\/de\/treffen\/\" \/>\n<meta property=\"og:locale\" content=\"de_DE\" \/>\n<meta property=\"og:type\" content=\"article\" \/>\n<meta property=\"og:title\" content=\"Konferenzr\u00e4ume in Paphos, Zypern || Constantinou Hotels\" \/>\n<meta property=\"og:description\" content=\"In den vier Constantinou Bros Hotels bieten wir eine Reihe von verschiedenen, multifunktionalen Tagungsr\u00e4umen und Konferenzr\u00e4umen in Paphos f\u00fcr eine Reihe von Anl\u00e4ssen.\" \/>\n<meta property=\"og:url\" content=\"https:\/\/www.cbh-cyprus.com\/de\/treffen\/\" \/>\n<meta property=\"og:site_name\" content=\"Constantinou Bros Hotels\" \/>\n<meta property=\"article:modified_time\" content=\"2024-09-13T09:12:49+00:00\" \/>\n<meta property=\"og:image\" content=\"https:\/\/www.cbh-cyprus.com\/app\/uploads\/sites\/30\/2019\/10\/athena-royal-beach-hotel-royal-hall-theater-style-2_resized.jpg\" \/>\n\t<meta property=\"og:image:width\" content=\"1920\" \/>\n\t<meta property=\"og:image:height\" content=\"1275\" \/>\n\t<meta property=\"og:image:type\" content=\"image\/jpeg\" \/>\n<meta name=\"twitter:card\" content=\"summary_large_image\" \/>\n<meta name=\"twitter:label1\" content=\"Gesch\u00e4tzte Lesezeit\" \/>\n\t<meta name=\"twitter:data1\" content=\"2\u00a0Minuten\" \/>\n<script type=\"application\/ld+json\" class=\"yoast-schema-graph\">{\"@context\":\"https:\\\/\\\/schema.org\",\"@graph\":[{\"@type\":\"WebPage\",\"@id\":\"https:\\\/\\\/www.cbh-cyprus.com\\\/de\\\/treffen\\\/\",\"url\":\"https:\\\/\\\/www.cbh-cyprus.com\\\/de\\\/treffen\\\/\",\"name\":\"Konferenzr\u00e4ume in Paphos, Zypern || Constantinou Hotels\",\"isPartOf\":{\"@id\":\"https:\\\/\\\/www.cbh-cyprus.com\\\/de\\\/#website\"},\"primaryImageOfPage\":{\"@id\":\"https:\\\/\\\/www.cbh-cyprus.com\\\/de\\\/treffen\\\/#primaryimage\"},\"image\":{\"@id\":\"https:\\\/\\\/www.cbh-cyprus.com\\\/de\\\/treffen\\\/#primaryimage\"},\"thumbnailUrl\":\"https:\\\/\\\/www.cbh-cyprus.com\\\/app\\\/uploads\\\/sites\\\/30\\\/2019\\\/10\\\/athena-royal-beach-hotel-royal-hall-theater-style-2_resized.jpg\",\"datePublished\":\"2019-10-07T14:10:32+00:00\",\"dateModified\":\"2024-09-13T09:12:49+00:00\",\"description\":\"In den vier Constantinou Bros Hotels bieten wir eine Reihe von verschiedenen, multifunktionalen Tagungsr\u00e4umen und Konferenzr\u00e4umen in Paphos f\u00fcr eine Reihe von Anl\u00e4ssen.\",\"breadcrumb\":{\"@id\":\"https:\\\/\\\/www.cbh-cyprus.com\\\/de\\\/treffen\\\/#breadcrumb\"},\"inLanguage\":\"de\",\"potentialAction\":[{\"@type\":\"ReadAction\",\"target\":[\"https:\\\/\\\/www.cbh-cyprus.com\\\/de\\\/treffen\\\/\"]}]},{\"@type\":\"ImageObject\",\"inLanguage\":\"de\",\"@id\":\"https:\\\/\\\/www.cbh-cyprus.com\\\/de\\\/treffen\\\/#primaryimage\",\"url\":\"https:\\\/\\\/www.cbh-cyprus.com\\\/app\\\/uploads\\\/sites\\\/30\\\/2019\\\/10\\\/athena-royal-beach-hotel-royal-hall-theater-style-2_resized.jpg\",\"contentUrl\":\"https:\\\/\\\/www.cbh-cyprus.com\\\/app\\\/uploads\\\/sites\\\/30\\\/2019\\\/10\\\/athena-royal-beach-hotel-royal-hall-theater-style-2_resized.jpg\",\"width\":1920,\"height\":1275},{\"@type\":\"BreadcrumbList\",\"@id\":\"https:\\\/\\\/www.cbh-cyprus.com\\\/de\\\/treffen\\\/#breadcrumb\",\"itemListElement\":[{\"@type\":\"ListItem\",\"position\":1,\"name\":\"Home\",\"item\":\"https:\\\/\\\/www.cbh-cyprus.com\\\/de\\\/willkommen-in-den-constantinou-bros-hotels\\\/\"},{\"@type\":\"ListItem\",\"position\":2,\"name\":\"Tagungen\"}]},{\"@type\":\"WebSite\",\"@id\":\"https:\\\/\\\/www.cbh-cyprus.com\\\/de\\\/#website\",\"url\":\"https:\\\/\\\/www.cbh-cyprus.com\\\/de\\\/\",\"name\":\"Constantinou Bros Hotels\",\"description\":\"Constantinou Bros Hotels\",\"publisher\":{\"@id\":\"https:\\\/\\\/www.cbh-cyprus.com\\\/de\\\/#organization\"},\"potentialAction\":[{\"@type\":\"SearchAction\",\"target\":{\"@type\":\"EntryPoint\",\"urlTemplate\":\"https:\\\/\\\/www.cbh-cyprus.com\\\/de\\\/?s={search_term_string}\"},\"query-input\":{\"@type\":\"PropertyValueSpecification\",\"valueRequired\":true,\"valueName\":\"search_term_string\"}}],\"inLanguage\":\"de\"},{\"@type\":\"Organization\",\"@id\":\"https:\\\/\\\/www.cbh-cyprus.com\\\/de\\\/#organization\",\"name\":\"Constantinou Bros Hotels\",\"url\":\"https:\\\/\\\/www.cbh-cyprus.com\\\/de\\\/\",\"logo\":{\"@type\":\"ImageObject\",\"inLanguage\":\"de\",\"@id\":\"https:\\\/\\\/www.cbh-cyprus.com\\\/de\\\/#\\\/schema\\\/logo\\\/image\\\/\",\"url\":\"https:\\\/\\\/www.cbh-cyprus.com\\\/app\\\/uploads\\\/sites\\\/30\\\/2020\\\/10\\\/cbh.jpg\",\"contentUrl\":\"https:\\\/\\\/www.cbh-cyprus.com\\\/app\\\/uploads\\\/sites\\\/30\\\/2020\\\/10\\\/cbh.jpg\",\"width\":1013,\"height\":419,\"caption\":\"Constantinou Bros Hotels\"},\"image\":{\"@id\":\"https:\\\/\\\/www.cbh-cyprus.com\\\/de\\\/#\\\/schema\\\/logo\\\/image\\\/\"}}]}<\/script>\n<!-- \/ Yoast SEO plugin. -->","yoast_head_json":{"title":"Konferenzr\u00e4ume in Paphos, Zypern || Constantinou Hotels","description":"In den vier Constantinou Bros Hotels bieten wir eine Reihe von verschiedenen, multifunktionalen Tagungsr\u00e4umen und Konferenzr\u00e4umen in Paphos f\u00fcr eine Reihe von Anl\u00e4ssen.","robots":{"index":"index","follow":"follow","max-snippet":"max-snippet:-1","max-image-preview":"max-image-preview:large","max-video-preview":"max-video-preview:-1"},"canonical":"https:\/\/www.cbh-cyprus.com\/de\/treffen\/","og_locale":"de_DE","og_type":"article","og_title":"Konferenzr\u00e4ume in Paphos, Zypern || Constantinou Hotels","og_description":"In den vier Constantinou Bros Hotels bieten wir eine Reihe von verschiedenen, multifunktionalen Tagungsr\u00e4umen und Konferenzr\u00e4umen in Paphos f\u00fcr eine Reihe von Anl\u00e4ssen.","og_url":"https:\/\/www.cbh-cyprus.com\/de\/treffen\/","og_site_name":"Constantinou Bros Hotels","article_modified_time":"2024-09-13T09:12:49+00:00","og_image":[{"width":1920,"height":1275,"url":"https:\/\/www.cbh-cyprus.com\/app\/uploads\/sites\/30\/2019\/10\/athena-royal-beach-hotel-royal-hall-theater-style-2_resized.jpg","type":"image\/jpeg"}],"twitter_card":"summary_large_image","twitter_misc":{"Gesch\u00e4tzte Lesezeit":"2\u00a0Minuten"},"schema":{"@context":"https:\/\/schema.org","@graph":[{"@type":"WebPage","@id":"https:\/\/www.cbh-cyprus.com\/de\/treffen\/","url":"https:\/\/www.cbh-cyprus.com\/de\/treffen\/","name":"Konferenzr\u00e4ume in Paphos, Zypern || Constantinou Hotels","isPartOf":{"@id":"https:\/\/www.cbh-cyprus.com\/de\/#website"},"primaryImageOfPage":{"@id":"https:\/\/www.cbh-cyprus.com\/de\/treffen\/#primaryimage"},"image":{"@id":"https:\/\/www.cbh-cyprus.com\/de\/treffen\/#primaryimage"},"thumbnailUrl":"https:\/\/www.cbh-cyprus.com\/app\/uploads\/sites\/30\/2019\/10\/athena-royal-beach-hotel-royal-hall-theater-style-2_resized.jpg","datePublished":"2019-10-07T14:10:32+00:00","dateModified":"2024-09-13T09:12:49+00:00","description":"In den vier Constantinou Bros Hotels bieten wir eine Reihe von verschiedenen, multifunktionalen Tagungsr\u00e4umen und Konferenzr\u00e4umen in Paphos f\u00fcr eine Reihe von Anl\u00e4ssen.","breadcrumb":{"@id":"https:\/\/www.cbh-cyprus.com\/de\/treffen\/#breadcrumb"},"inLanguage":"de","potentialAction":[{"@type":"ReadAction","target":["https:\/\/www.cbh-cyprus.com\/de\/treffen\/"]}]},{"@type":"ImageObject","inLanguage":"de","@id":"https:\/\/www.cbh-cyprus.com\/de\/treffen\/#primaryimage","url":"https:\/\/www.cbh-cyprus.com\/app\/uploads\/sites\/30\/2019\/10\/athena-royal-beach-hotel-royal-hall-theater-style-2_resized.jpg","contentUrl":"https:\/\/www.cbh-cyprus.com\/app\/uploads\/sites\/30\/2019\/10\/athena-royal-beach-hotel-royal-hall-theater-style-2_resized.jpg","width":1920,"height":1275},{"@type":"BreadcrumbList","@id":"https:\/\/www.cbh-cyprus.com\/de\/treffen\/#breadcrumb","itemListElement":[{"@type":"ListItem","position":1,"name":"Home","item":"https:\/\/www.cbh-cyprus.com\/de\/willkommen-in-den-constantinou-bros-hotels\/"},{"@type":"ListItem","position":2,"name":"Tagungen"}]},{"@type":"WebSite","@id":"https:\/\/www.cbh-cyprus.com\/de\/#website","url":"https:\/\/www.cbh-cyprus.com\/de\/","name":"Constantinou Bros Hotels","description":"Constantinou Bros Hotels","publisher":{"@id":"https:\/\/www.cbh-cyprus.com\/de\/#organization"},"potentialAction":[{"@type":"SearchAction","target":{"@type":"EntryPoint","urlTemplate":"https:\/\/www.cbh-cyprus.com\/de\/?s={search_term_string}"},"query-input":{"@type":"PropertyValueSpecification","valueRequired":true,"valueName":"search_term_string"}}],"inLanguage":"de"},{"@type":"Organization","@id":"https:\/\/www.cbh-cyprus.com\/de\/#organization","name":"Constantinou Bros Hotels","url":"https:\/\/www.cbh-cyprus.com\/de\/","logo":{"@type":"ImageObject","inLanguage":"de","@id":"https:\/\/www.cbh-cyprus.com\/de\/#\/schema\/logo\/image\/","url":"https:\/\/www.cbh-cyprus.com\/app\/uploads\/sites\/30\/2020\/10\/cbh.jpg","contentUrl":"https:\/\/www.cbh-cyprus.com\/app\/uploads\/sites\/30\/2020\/10\/cbh.jpg","width":1013,"height":419,"caption":"Constantinou Bros Hotels"},"image":{"@id":"https:\/\/www.cbh-cyprus.com\/de\/#\/schema\/logo\/image\/"}}]}},"_links":{"self":[{"href":"https:\/\/www.cbh-cyprus.com\/de\/wp-json\/wp\/v2\/pages\/2693","targetHints":{"allow":["GET"]}}],"collection":[{"href":"https:\/\/www.cbh-cyprus.com\/de\/wp-json\/wp\/v2\/pages"}],"about":[{"href":"https:\/\/www.cbh-cyprus.com\/de\/wp-json\/wp\/v2\/types\/page"}],"author":[{"embeddable":true,"href":"https:\/\/www.cbh-cyprus.com\/de\/wp-json\/wp\/v2\/users\/100"}],"replies":[{"embeddable":true,"href":"https:\/\/www.cbh-cyprus.com\/de\/wp-json\/wp\/v2\/comments?post=2693"}],"version-history":[{"count":12,"href":"https:\/\/www.cbh-cyprus.com\/de\/wp-json\/wp\/v2\/pages\/2693\/revisions"}],"predecessor-version":[{"id":41344,"href":"https:\/\/www.cbh-cyprus.com\/de\/wp-json\/wp\/v2\/pages\/2693\/revisions\/41344"}],"wp:featuredmedia":[{"embeddable":true,"href":"https:\/\/www.cbh-cyprus.com\/de\/wp-json\/wp\/v2\/media\/2288"}],"wp:attachment":[{"href":"https:\/\/www.cbh-cyprus.com\/de\/wp-json\/wp\/v2\/media?parent=2693"}],"curies":[{"name":"wp","href":"https:\/\/api.w.org\/{rel}","templated":true}]}}