{"id":2704,"date":"2019-05-16T13:08:40","date_gmt":"2019-05-16T10:08:40","guid":{"rendered":"http:\/\/cbh-cyprus.cms4.nelios.com\/offers\/"},"modified":"2025-05-05T15:11:20","modified_gmt":"2025-05-05T12:11:20","slug":"angebote","status":"publish","type":"page","link":"https:\/\/www.cbh-cyprus.com\/de\/angebote\/","title":{"rendered":"Angebote"},"content":{"rendered":"<p>Wir freuen uns immer, Ihnen Sondertarife und -pakete anbieten zu k\u00f6nnen.<\/p>\n<p>W\u00e4hlen Sie unten Ihr bevorzugtes Hotel aus, um direkt alle verf\u00fcgbaren Sonderangebote und Pakete anzuzeigen&#8230;<\/p>\n","protected":false},"excerpt":{"rendered":"<p>Wir freuen uns immer, Ihnen Sondertarife und -pakete anbieten zu k\u00f6nnen. W\u00e4hlen Sie unten Ihr bevorzugtes Hotel aus, um direkt alle verf\u00fcgbaren Sonderangebote und Pakete anzuzeigen&#8230;<\/p>\n","protected":false},"author":100,"featured_media":40850,"parent":0,"menu_order":0,"comment_status":"closed","ping_status":"closed","template":"page-templates\/simple-list.php","meta":{"_acf_changed":false,"footnotes":""},"class_list":["post-2704","page","type-page","status-publish","has-post-thumbnail","hentry"],"acf":[],"yoast_head":"<!-- This site is optimized with the Yoast SEO plugin v27.3 - https:\/\/yoast.com\/product\/yoast-seo-wordpress\/ -->\n<title>Bestes Hotel Paphos Zypern Sonderangebote || Constantinou Hotels<\/title>\n<meta name=\"description\" content=\"St\u00f6bern Sie in den Hotel Paphos Zypern Sonderangeboten der Gruppe und finden Sie die Angebote, die am besten zu Ihren pers\u00f6nlichen Vorlieben f\u00fcr Ihren n\u00e4chsten Aufenthalt in den Constantinou Bros Hotels passen.\" \/>\n<meta name=\"robots\" content=\"index, follow, max-snippet:-1, max-image-preview:large, max-video-preview:-1\" \/>\n<link rel=\"canonical\" href=\"https:\/\/www.cbh-cyprus.com\/de\/angebote\/\" \/>\n<meta property=\"og:locale\" content=\"de_DE\" \/>\n<meta property=\"og:type\" content=\"article\" \/>\n<meta property=\"og:title\" content=\"Bestes Hotel Paphos Zypern Sonderangebote || Constantinou Hotels\" \/>\n<meta property=\"og:description\" content=\"St\u00f6bern Sie in den Hotel Paphos Zypern Sonderangeboten der Gruppe und finden Sie die Angebote, die am besten zu Ihren pers\u00f6nlichen Vorlieben f\u00fcr Ihren n\u00e4chsten Aufenthalt in den Constantinou Bros Hotels passen.\" \/>\n<meta property=\"og:url\" content=\"https:\/\/www.cbh-cyprus.com\/de\/angebote\/\" \/>\n<meta property=\"og:site_name\" content=\"Constantinou Bros Hotels\" \/>\n<meta property=\"article:modified_time\" content=\"2025-05-05T12:11:20+00:00\" \/>\n<meta property=\"og:image\" content=\"https:\/\/www.cbh-cyprus.com\/app\/uploads\/sites\/30\/2024\/08\/15-ATHENA-BEACH-HOTEL-BEACH-scaled-1.jpg\" \/>\n\t<meta property=\"og:image:width\" content=\"1920\" \/>\n\t<meta property=\"og:image:height\" content=\"1080\" \/>\n\t<meta property=\"og:image:type\" content=\"image\/jpeg\" \/>\n<meta name=\"twitter:card\" content=\"summary_large_image\" \/>\n<meta name=\"twitter:label1\" content=\"Gesch\u00e4tzte Lesezeit\" \/>\n\t<meta name=\"twitter:data1\" content=\"1\u00a0Minute\" \/>\n<script type=\"application\/ld+json\" class=\"yoast-schema-graph\">{\"@context\":\"https:\\\/\\\/schema.org\",\"@graph\":[{\"@type\":\"WebPage\",\"@id\":\"https:\\\/\\\/www.cbh-cyprus.com\\\/de\\\/angebote\\\/\",\"url\":\"https:\\\/\\\/www.cbh-cyprus.com\\\/de\\\/angebote\\\/\",\"name\":\"Bestes Hotel Paphos Zypern Sonderangebote || Constantinou Hotels\",\"isPartOf\":{\"@id\":\"https:\\\/\\\/www.cbh-cyprus.com\\\/de\\\/#website\"},\"primaryImageOfPage\":{\"@id\":\"https:\\\/\\\/www.cbh-cyprus.com\\\/de\\\/angebote\\\/#primaryimage\"},\"image\":{\"@id\":\"https:\\\/\\\/www.cbh-cyprus.com\\\/de\\\/angebote\\\/#primaryimage\"},\"thumbnailUrl\":\"https:\\\/\\\/www.cbh-cyprus.com\\\/app\\\/uploads\\\/sites\\\/30\\\/2024\\\/08\\\/15-ATHENA-BEACH-HOTEL-BEACH-scaled-1.jpg\",\"datePublished\":\"2019-05-16T10:08:40+00:00\",\"dateModified\":\"2025-05-05T12:11:20+00:00\",\"description\":\"St\u00f6bern Sie in den Hotel Paphos Zypern Sonderangeboten der Gruppe und finden Sie die Angebote, die am besten zu Ihren pers\u00f6nlichen Vorlieben f\u00fcr Ihren n\u00e4chsten Aufenthalt in den Constantinou Bros Hotels passen.\",\"breadcrumb\":{\"@id\":\"https:\\\/\\\/www.cbh-cyprus.com\\\/de\\\/angebote\\\/#breadcrumb\"},\"inLanguage\":\"de\",\"potentialAction\":[{\"@type\":\"ReadAction\",\"target\":[\"https:\\\/\\\/www.cbh-cyprus.com\\\/de\\\/angebote\\\/\"]}]},{\"@type\":\"ImageObject\",\"inLanguage\":\"de\",\"@id\":\"https:\\\/\\\/www.cbh-cyprus.com\\\/de\\\/angebote\\\/#primaryimage\",\"url\":\"https:\\\/\\\/www.cbh-cyprus.com\\\/app\\\/uploads\\\/sites\\\/30\\\/2024\\\/08\\\/15-ATHENA-BEACH-HOTEL-BEACH-scaled-1.jpg\",\"contentUrl\":\"https:\\\/\\\/www.cbh-cyprus.com\\\/app\\\/uploads\\\/sites\\\/30\\\/2024\\\/08\\\/15-ATHENA-BEACH-HOTEL-BEACH-scaled-1.jpg\",\"width\":1920,\"height\":1080},{\"@type\":\"BreadcrumbList\",\"@id\":\"https:\\\/\\\/www.cbh-cyprus.com\\\/de\\\/angebote\\\/#breadcrumb\",\"itemListElement\":[{\"@type\":\"ListItem\",\"position\":1,\"name\":\"Home\",\"item\":\"https:\\\/\\\/www.cbh-cyprus.com\\\/de\\\/willkommen-in-den-constantinou-bros-hotels\\\/\"},{\"@type\":\"ListItem\",\"position\":2,\"name\":\"Angebote\"}]},{\"@type\":\"WebSite\",\"@id\":\"https:\\\/\\\/www.cbh-cyprus.com\\\/de\\\/#website\",\"url\":\"https:\\\/\\\/www.cbh-cyprus.com\\\/de\\\/\",\"name\":\"Constantinou Bros Hotels\",\"description\":\"Constantinou Bros Hotels\",\"publisher\":{\"@id\":\"https:\\\/\\\/www.cbh-cyprus.com\\\/de\\\/#organization\"},\"potentialAction\":[{\"@type\":\"SearchAction\",\"target\":{\"@type\":\"EntryPoint\",\"urlTemplate\":\"https:\\\/\\\/www.cbh-cyprus.com\\\/de\\\/?s={search_term_string}\"},\"query-input\":{\"@type\":\"PropertyValueSpecification\",\"valueRequired\":true,\"valueName\":\"search_term_string\"}}],\"inLanguage\":\"de\"},{\"@type\":\"Organization\",\"@id\":\"https:\\\/\\\/www.cbh-cyprus.com\\\/de\\\/#organization\",\"name\":\"Constantinou Bros Hotels\",\"url\":\"https:\\\/\\\/www.cbh-cyprus.com\\\/de\\\/\",\"logo\":{\"@type\":\"ImageObject\",\"inLanguage\":\"de\",\"@id\":\"https:\\\/\\\/www.cbh-cyprus.com\\\/de\\\/#\\\/schema\\\/logo\\\/image\\\/\",\"url\":\"https:\\\/\\\/www.cbh-cyprus.com\\\/app\\\/uploads\\\/sites\\\/30\\\/2020\\\/10\\\/cbh.jpg\",\"contentUrl\":\"https:\\\/\\\/www.cbh-cyprus.com\\\/app\\\/uploads\\\/sites\\\/30\\\/2020\\\/10\\\/cbh.jpg\",\"width\":1013,\"height\":419,\"caption\":\"Constantinou Bros Hotels\"},\"image\":{\"@id\":\"https:\\\/\\\/www.cbh-cyprus.com\\\/de\\\/#\\\/schema\\\/logo\\\/image\\\/\"}}]}<\/script>\n<!-- \/ Yoast SEO plugin. -->","yoast_head_json":{"title":"Bestes Hotel Paphos Zypern Sonderangebote || Constantinou Hotels","description":"St\u00f6bern Sie in den Hotel Paphos Zypern Sonderangeboten der Gruppe und finden Sie die Angebote, die am besten zu Ihren pers\u00f6nlichen Vorlieben f\u00fcr Ihren n\u00e4chsten Aufenthalt in den Constantinou Bros Hotels passen.","robots":{"index":"index","follow":"follow","max-snippet":"max-snippet:-1","max-image-preview":"max-image-preview:large","max-video-preview":"max-video-preview:-1"},"canonical":"https:\/\/www.cbh-cyprus.com\/de\/angebote\/","og_locale":"de_DE","og_type":"article","og_title":"Bestes Hotel Paphos Zypern Sonderangebote || Constantinou Hotels","og_description":"St\u00f6bern Sie in den Hotel Paphos Zypern Sonderangeboten der Gruppe und finden Sie die Angebote, die am besten zu Ihren pers\u00f6nlichen Vorlieben f\u00fcr Ihren n\u00e4chsten Aufenthalt in den Constantinou Bros Hotels passen.","og_url":"https:\/\/www.cbh-cyprus.com\/de\/angebote\/","og_site_name":"Constantinou Bros Hotels","article_modified_time":"2025-05-05T12:11:20+00:00","og_image":[{"width":1920,"height":1080,"url":"https:\/\/www.cbh-cyprus.com\/app\/uploads\/sites\/30\/2024\/08\/15-ATHENA-BEACH-HOTEL-BEACH-scaled-1.jpg","type":"image\/jpeg"}],"twitter_card":"summary_large_image","twitter_misc":{"Gesch\u00e4tzte Lesezeit":"1\u00a0Minute"},"schema":{"@context":"https:\/\/schema.org","@graph":[{"@type":"WebPage","@id":"https:\/\/www.cbh-cyprus.com\/de\/angebote\/","url":"https:\/\/www.cbh-cyprus.com\/de\/angebote\/","name":"Bestes Hotel Paphos Zypern Sonderangebote || Constantinou Hotels","isPartOf":{"@id":"https:\/\/www.cbh-cyprus.com\/de\/#website"},"primaryImageOfPage":{"@id":"https:\/\/www.cbh-cyprus.com\/de\/angebote\/#primaryimage"},"image":{"@id":"https:\/\/www.cbh-cyprus.com\/de\/angebote\/#primaryimage"},"thumbnailUrl":"https:\/\/www.cbh-cyprus.com\/app\/uploads\/sites\/30\/2024\/08\/15-ATHENA-BEACH-HOTEL-BEACH-scaled-1.jpg","datePublished":"2019-05-16T10:08:40+00:00","dateModified":"2025-05-05T12:11:20+00:00","description":"St\u00f6bern Sie in den Hotel Paphos Zypern Sonderangeboten der Gruppe und finden Sie die Angebote, die am besten zu Ihren pers\u00f6nlichen Vorlieben f\u00fcr Ihren n\u00e4chsten Aufenthalt in den Constantinou Bros Hotels passen.","breadcrumb":{"@id":"https:\/\/www.cbh-cyprus.com\/de\/angebote\/#breadcrumb"},"inLanguage":"de","potentialAction":[{"@type":"ReadAction","target":["https:\/\/www.cbh-cyprus.com\/de\/angebote\/"]}]},{"@type":"ImageObject","inLanguage":"de","@id":"https:\/\/www.cbh-cyprus.com\/de\/angebote\/#primaryimage","url":"https:\/\/www.cbh-cyprus.com\/app\/uploads\/sites\/30\/2024\/08\/15-ATHENA-BEACH-HOTEL-BEACH-scaled-1.jpg","contentUrl":"https:\/\/www.cbh-cyprus.com\/app\/uploads\/sites\/30\/2024\/08\/15-ATHENA-BEACH-HOTEL-BEACH-scaled-1.jpg","width":1920,"height":1080},{"@type":"BreadcrumbList","@id":"https:\/\/www.cbh-cyprus.com\/de\/angebote\/#breadcrumb","itemListElement":[{"@type":"ListItem","position":1,"name":"Home","item":"https:\/\/www.cbh-cyprus.com\/de\/willkommen-in-den-constantinou-bros-hotels\/"},{"@type":"ListItem","position":2,"name":"Angebote"}]},{"@type":"WebSite","@id":"https:\/\/www.cbh-cyprus.com\/de\/#website","url":"https:\/\/www.cbh-cyprus.com\/de\/","name":"Constantinou Bros Hotels","description":"Constantinou Bros Hotels","publisher":{"@id":"https:\/\/www.cbh-cyprus.com\/de\/#organization"},"potentialAction":[{"@type":"SearchAction","target":{"@type":"EntryPoint","urlTemplate":"https:\/\/www.cbh-cyprus.com\/de\/?s={search_term_string}"},"query-input":{"@type":"PropertyValueSpecification","valueRequired":true,"valueName":"search_term_string"}}],"inLanguage":"de"},{"@type":"Organization","@id":"https:\/\/www.cbh-cyprus.com\/de\/#organization","name":"Constantinou Bros Hotels","url":"https:\/\/www.cbh-cyprus.com\/de\/","logo":{"@type":"ImageObject","inLanguage":"de","@id":"https:\/\/www.cbh-cyprus.com\/de\/#\/schema\/logo\/image\/","url":"https:\/\/www.cbh-cyprus.com\/app\/uploads\/sites\/30\/2020\/10\/cbh.jpg","contentUrl":"https:\/\/www.cbh-cyprus.com\/app\/uploads\/sites\/30\/2020\/10\/cbh.jpg","width":1013,"height":419,"caption":"Constantinou Bros Hotels"},"image":{"@id":"https:\/\/www.cbh-cyprus.com\/de\/#\/schema\/logo\/image\/"}}]}},"_links":{"self":[{"href":"https:\/\/www.cbh-cyprus.com\/de\/wp-json\/wp\/v2\/pages\/2704","targetHints":{"allow":["GET"]}}],"collection":[{"href":"https:\/\/www.cbh-cyprus.com\/de\/wp-json\/wp\/v2\/pages"}],"about":[{"href":"https:\/\/www.cbh-cyprus.com\/de\/wp-json\/wp\/v2\/types\/page"}],"author":[{"embeddable":true,"href":"https:\/\/www.cbh-cyprus.com\/de\/wp-json\/wp\/v2\/users\/100"}],"replies":[{"embeddable":true,"href":"https:\/\/www.cbh-cyprus.com\/de\/wp-json\/wp\/v2\/comments?post=2704"}],"version-history":[{"count":7,"href":"https:\/\/www.cbh-cyprus.com\/de\/wp-json\/wp\/v2\/pages\/2704\/revisions"}],"predecessor-version":[{"id":43634,"href":"https:\/\/www.cbh-cyprus.com\/de\/wp-json\/wp\/v2\/pages\/2704\/revisions\/43634"}],"wp:featuredmedia":[{"embeddable":true,"href":"https:\/\/www.cbh-cyprus.com\/de\/wp-json\/wp\/v2\/media\/40850"}],"wp:attachment":[{"href":"https:\/\/www.cbh-cyprus.com\/de\/wp-json\/wp\/v2\/media?parent=2704"}],"curies":[{"name":"wp","href":"https:\/\/api.w.org\/{rel}","templated":true}]}}