{"id":2714,"date":"2019-05-16T13:08:41","date_gmt":"2019-05-16T10:08:41","guid":{"rendered":"http:\/\/cbh-cyprus.cms4.nelios.com\/our-hotels\/"},"modified":"2024-07-23T12:17:35","modified_gmt":"2024-07-23T09:17:35","slug":"unsere-hotels","status":"publish","type":"page","link":"https:\/\/www.cbh-cyprus.com\/de\/unsere-hotels\/","title":{"rendered":"Unsere Hotels"},"content":{"rendered":"<p>Mit gro\u00dfer Freude hei\u00dfen wir Sie in unseren Hotels willkommen.<br \/>\nDank unserer langj\u00e4hrigen Erfahrung mit unseren Kunden haben wir gelernt, dass jeder sein eigenes, individuelles Urlaubserlebnis sucht.<br \/>\nIn diesem Sinne haben wir von Constantinou Bros Hotels unsere Hotels geschaffen und unseren Service darauf ausgerichtet, Ihre Erwartungen zu erf\u00fcllen, indem wir Ihnen die M\u00f6glichkeit geben, aus einer Vielzahl von Einrichtungen zu w\u00e4hlen, die Sie w\u00fcnschen.<br \/>\nDie Constantinou Bros Hotels bieten eine unendliche Vielfalt an M\u00f6glichkeiten f\u00fcr unsere Kunden, Sie m\u00fcssen sich nur noch entscheiden.<br \/>\nGanz gleich, in welchem unserer vier Hotels Sie wohnen, Sie k\u00f6nnen sicher sein, dass wir unabh\u00e4ngig von Ihren Bed\u00fcrfnissen und W\u00fcnschen jeden Aspekt ber\u00fccksichtigen k\u00f6nnen.<br \/>\nWir w\u00fcnschen Ihnen einen angenehmen und unvergesslichen Aufenthalt.     <\/p>\n","protected":false},"excerpt":{"rendered":"<p>Mit gro\u00dfer Freude hei\u00dfen wir Sie in unseren Hotels willkommen. Dank unserer langj\u00e4hrigen Erfahrung mit unseren Kunden haben wir gelernt, dass jeder sein eigenes, individuelles Urlaubserlebnis sucht. In diesem Sinne haben wir von Constantinou Bros Hotels unsere Hotels geschaffen und unseren Service darauf ausgerichtet, Ihre Erwartungen zu erf\u00fcllen, indem wir Ihnen die M\u00f6glichkeit geben, aus<\/p>\n","protected":false},"author":100,"featured_media":2208,"parent":0,"menu_order":0,"comment_status":"closed","ping_status":"closed","template":"page-templates\/simple-list.php","meta":{"_acf_changed":false,"footnotes":""},"class_list":["post-2714","page","type-page","status-publish","has-post-thumbnail","hentry"],"acf":[],"yoast_head":"<!-- This site is optimized with the Yoast SEO plugin v27.3 - https:\/\/yoast.com\/product\/yoast-seo-wordpress\/ -->\n<title>Unsere Hotels - Constantinou Bros Hotels<\/title>\n<meta name=\"robots\" content=\"index, follow, max-snippet:-1, max-image-preview:large, max-video-preview:-1\" \/>\n<link rel=\"canonical\" href=\"https:\/\/www.cbh-cyprus.com\/de\/unsere-hotels\/\" \/>\n<meta property=\"og:locale\" content=\"de_DE\" \/>\n<meta property=\"og:type\" content=\"article\" \/>\n<meta property=\"og:title\" content=\"Unsere Hotels - Constantinou Bros Hotels\" \/>\n<meta property=\"og:description\" content=\"Mit gro\u00dfer Freude hei\u00dfen wir Sie in unseren Hotels willkommen. Dank unserer langj\u00e4hrigen Erfahrung mit unseren Kunden haben wir gelernt, dass jeder sein eigenes, individuelles Urlaubserlebnis sucht. In diesem Sinne haben wir von Constantinou Bros Hotels unsere Hotels geschaffen und unseren Service darauf ausgerichtet, Ihre Erwartungen zu erf\u00fcllen, indem wir Ihnen die M\u00f6glichkeit geben, aus\" \/>\n<meta property=\"og:url\" content=\"https:\/\/www.cbh-cyprus.com\/de\/unsere-hotels\/\" \/>\n<meta property=\"og:site_name\" content=\"Constantinou Bros Hotels\" \/>\n<meta property=\"article:modified_time\" content=\"2024-07-23T09:17:35+00:00\" \/>\n<meta property=\"og:image\" content=\"https:\/\/www.cbh-cyprus.com\/app\/uploads\/sites\/30\/2019\/10\/10-athena-royal-beach-hotel-cabanas_resized.jpg\" \/>\n\t<meta property=\"og:image:width\" content=\"1920\" \/>\n\t<meta property=\"og:image:height\" content=\"1539\" \/>\n\t<meta property=\"og:image:type\" content=\"image\/jpeg\" \/>\n<meta name=\"twitter:card\" content=\"summary_large_image\" \/>\n<meta name=\"twitter:label1\" content=\"Gesch\u00e4tzte Lesezeit\" \/>\n\t<meta name=\"twitter:data1\" content=\"1\u00a0Minute\" \/>\n<script type=\"application\/ld+json\" class=\"yoast-schema-graph\">{\"@context\":\"https:\\\/\\\/schema.org\",\"@graph\":[{\"@type\":\"WebPage\",\"@id\":\"https:\\\/\\\/www.cbh-cyprus.com\\\/de\\\/unsere-hotels\\\/\",\"url\":\"https:\\\/\\\/www.cbh-cyprus.com\\\/de\\\/unsere-hotels\\\/\",\"name\":\"Unsere Hotels - Constantinou Bros Hotels\",\"isPartOf\":{\"@id\":\"https:\\\/\\\/www.cbh-cyprus.com\\\/de\\\/#website\"},\"primaryImageOfPage\":{\"@id\":\"https:\\\/\\\/www.cbh-cyprus.com\\\/de\\\/unsere-hotels\\\/#primaryimage\"},\"image\":{\"@id\":\"https:\\\/\\\/www.cbh-cyprus.com\\\/de\\\/unsere-hotels\\\/#primaryimage\"},\"thumbnailUrl\":\"https:\\\/\\\/www.cbh-cyprus.com\\\/app\\\/uploads\\\/sites\\\/30\\\/2019\\\/10\\\/10-athena-royal-beach-hotel-cabanas_resized.jpg\",\"datePublished\":\"2019-05-16T10:08:41+00:00\",\"dateModified\":\"2024-07-23T09:17:35+00:00\",\"breadcrumb\":{\"@id\":\"https:\\\/\\\/www.cbh-cyprus.com\\\/de\\\/unsere-hotels\\\/#breadcrumb\"},\"inLanguage\":\"de\",\"potentialAction\":[{\"@type\":\"ReadAction\",\"target\":[\"https:\\\/\\\/www.cbh-cyprus.com\\\/de\\\/unsere-hotels\\\/\"]}]},{\"@type\":\"ImageObject\",\"inLanguage\":\"de\",\"@id\":\"https:\\\/\\\/www.cbh-cyprus.com\\\/de\\\/unsere-hotels\\\/#primaryimage\",\"url\":\"https:\\\/\\\/www.cbh-cyprus.com\\\/app\\\/uploads\\\/sites\\\/30\\\/2019\\\/10\\\/10-athena-royal-beach-hotel-cabanas_resized.jpg\",\"contentUrl\":\"https:\\\/\\\/www.cbh-cyprus.com\\\/app\\\/uploads\\\/sites\\\/30\\\/2019\\\/10\\\/10-athena-royal-beach-hotel-cabanas_resized.jpg\",\"width\":1920,\"height\":1539},{\"@type\":\"BreadcrumbList\",\"@id\":\"https:\\\/\\\/www.cbh-cyprus.com\\\/de\\\/unsere-hotels\\\/#breadcrumb\",\"itemListElement\":[{\"@type\":\"ListItem\",\"position\":1,\"name\":\"Home\",\"item\":\"https:\\\/\\\/www.cbh-cyprus.com\\\/de\\\/willkommen-in-den-constantinou-bros-hotels\\\/\"},{\"@type\":\"ListItem\",\"position\":2,\"name\":\"Unsere Hotels\"}]},{\"@type\":\"WebSite\",\"@id\":\"https:\\\/\\\/www.cbh-cyprus.com\\\/de\\\/#website\",\"url\":\"https:\\\/\\\/www.cbh-cyprus.com\\\/de\\\/\",\"name\":\"Constantinou Bros Hotels\",\"description\":\"Constantinou Bros Hotels\",\"publisher\":{\"@id\":\"https:\\\/\\\/www.cbh-cyprus.com\\\/de\\\/#organization\"},\"potentialAction\":[{\"@type\":\"SearchAction\",\"target\":{\"@type\":\"EntryPoint\",\"urlTemplate\":\"https:\\\/\\\/www.cbh-cyprus.com\\\/de\\\/?s={search_term_string}\"},\"query-input\":{\"@type\":\"PropertyValueSpecification\",\"valueRequired\":true,\"valueName\":\"search_term_string\"}}],\"inLanguage\":\"de\"},{\"@type\":\"Organization\",\"@id\":\"https:\\\/\\\/www.cbh-cyprus.com\\\/de\\\/#organization\",\"name\":\"Constantinou Bros Hotels\",\"url\":\"https:\\\/\\\/www.cbh-cyprus.com\\\/de\\\/\",\"logo\":{\"@type\":\"ImageObject\",\"inLanguage\":\"de\",\"@id\":\"https:\\\/\\\/www.cbh-cyprus.com\\\/de\\\/#\\\/schema\\\/logo\\\/image\\\/\",\"url\":\"https:\\\/\\\/www.cbh-cyprus.com\\\/app\\\/uploads\\\/sites\\\/30\\\/2020\\\/10\\\/cbh.jpg\",\"contentUrl\":\"https:\\\/\\\/www.cbh-cyprus.com\\\/app\\\/uploads\\\/sites\\\/30\\\/2020\\\/10\\\/cbh.jpg\",\"width\":1013,\"height\":419,\"caption\":\"Constantinou Bros Hotels\"},\"image\":{\"@id\":\"https:\\\/\\\/www.cbh-cyprus.com\\\/de\\\/#\\\/schema\\\/logo\\\/image\\\/\"}}]}<\/script>\n<!-- \/ Yoast SEO plugin. -->","yoast_head_json":{"title":"Unsere Hotels - Constantinou Bros Hotels","robots":{"index":"index","follow":"follow","max-snippet":"max-snippet:-1","max-image-preview":"max-image-preview:large","max-video-preview":"max-video-preview:-1"},"canonical":"https:\/\/www.cbh-cyprus.com\/de\/unsere-hotels\/","og_locale":"de_DE","og_type":"article","og_title":"Unsere Hotels - Constantinou Bros Hotels","og_description":"Mit gro\u00dfer Freude hei\u00dfen wir Sie in unseren Hotels willkommen. Dank unserer langj\u00e4hrigen Erfahrung mit unseren Kunden haben wir gelernt, dass jeder sein eigenes, individuelles Urlaubserlebnis sucht. In diesem Sinne haben wir von Constantinou Bros Hotels unsere Hotels geschaffen und unseren Service darauf ausgerichtet, Ihre Erwartungen zu erf\u00fcllen, indem wir Ihnen die M\u00f6glichkeit geben, aus","og_url":"https:\/\/www.cbh-cyprus.com\/de\/unsere-hotels\/","og_site_name":"Constantinou Bros Hotels","article_modified_time":"2024-07-23T09:17:35+00:00","og_image":[{"width":1920,"height":1539,"url":"https:\/\/www.cbh-cyprus.com\/app\/uploads\/sites\/30\/2019\/10\/10-athena-royal-beach-hotel-cabanas_resized.jpg","type":"image\/jpeg"}],"twitter_card":"summary_large_image","twitter_misc":{"Gesch\u00e4tzte Lesezeit":"1\u00a0Minute"},"schema":{"@context":"https:\/\/schema.org","@graph":[{"@type":"WebPage","@id":"https:\/\/www.cbh-cyprus.com\/de\/unsere-hotels\/","url":"https:\/\/www.cbh-cyprus.com\/de\/unsere-hotels\/","name":"Unsere Hotels - Constantinou Bros Hotels","isPartOf":{"@id":"https:\/\/www.cbh-cyprus.com\/de\/#website"},"primaryImageOfPage":{"@id":"https:\/\/www.cbh-cyprus.com\/de\/unsere-hotels\/#primaryimage"},"image":{"@id":"https:\/\/www.cbh-cyprus.com\/de\/unsere-hotels\/#primaryimage"},"thumbnailUrl":"https:\/\/www.cbh-cyprus.com\/app\/uploads\/sites\/30\/2019\/10\/10-athena-royal-beach-hotel-cabanas_resized.jpg","datePublished":"2019-05-16T10:08:41+00:00","dateModified":"2024-07-23T09:17:35+00:00","breadcrumb":{"@id":"https:\/\/www.cbh-cyprus.com\/de\/unsere-hotels\/#breadcrumb"},"inLanguage":"de","potentialAction":[{"@type":"ReadAction","target":["https:\/\/www.cbh-cyprus.com\/de\/unsere-hotels\/"]}]},{"@type":"ImageObject","inLanguage":"de","@id":"https:\/\/www.cbh-cyprus.com\/de\/unsere-hotels\/#primaryimage","url":"https:\/\/www.cbh-cyprus.com\/app\/uploads\/sites\/30\/2019\/10\/10-athena-royal-beach-hotel-cabanas_resized.jpg","contentUrl":"https:\/\/www.cbh-cyprus.com\/app\/uploads\/sites\/30\/2019\/10\/10-athena-royal-beach-hotel-cabanas_resized.jpg","width":1920,"height":1539},{"@type":"BreadcrumbList","@id":"https:\/\/www.cbh-cyprus.com\/de\/unsere-hotels\/#breadcrumb","itemListElement":[{"@type":"ListItem","position":1,"name":"Home","item":"https:\/\/www.cbh-cyprus.com\/de\/willkommen-in-den-constantinou-bros-hotels\/"},{"@type":"ListItem","position":2,"name":"Unsere Hotels"}]},{"@type":"WebSite","@id":"https:\/\/www.cbh-cyprus.com\/de\/#website","url":"https:\/\/www.cbh-cyprus.com\/de\/","name":"Constantinou Bros Hotels","description":"Constantinou Bros Hotels","publisher":{"@id":"https:\/\/www.cbh-cyprus.com\/de\/#organization"},"potentialAction":[{"@type":"SearchAction","target":{"@type":"EntryPoint","urlTemplate":"https:\/\/www.cbh-cyprus.com\/de\/?s={search_term_string}"},"query-input":{"@type":"PropertyValueSpecification","valueRequired":true,"valueName":"search_term_string"}}],"inLanguage":"de"},{"@type":"Organization","@id":"https:\/\/www.cbh-cyprus.com\/de\/#organization","name":"Constantinou Bros Hotels","url":"https:\/\/www.cbh-cyprus.com\/de\/","logo":{"@type":"ImageObject","inLanguage":"de","@id":"https:\/\/www.cbh-cyprus.com\/de\/#\/schema\/logo\/image\/","url":"https:\/\/www.cbh-cyprus.com\/app\/uploads\/sites\/30\/2020\/10\/cbh.jpg","contentUrl":"https:\/\/www.cbh-cyprus.com\/app\/uploads\/sites\/30\/2020\/10\/cbh.jpg","width":1013,"height":419,"caption":"Constantinou Bros Hotels"},"image":{"@id":"https:\/\/www.cbh-cyprus.com\/de\/#\/schema\/logo\/image\/"}}]}},"_links":{"self":[{"href":"https:\/\/www.cbh-cyprus.com\/de\/wp-json\/wp\/v2\/pages\/2714","targetHints":{"allow":["GET"]}}],"collection":[{"href":"https:\/\/www.cbh-cyprus.com\/de\/wp-json\/wp\/v2\/pages"}],"about":[{"href":"https:\/\/www.cbh-cyprus.com\/de\/wp-json\/wp\/v2\/types\/page"}],"author":[{"embeddable":true,"href":"https:\/\/www.cbh-cyprus.com\/de\/wp-json\/wp\/v2\/users\/100"}],"replies":[{"embeddable":true,"href":"https:\/\/www.cbh-cyprus.com\/de\/wp-json\/wp\/v2\/comments?post=2714"}],"version-history":[{"count":3,"href":"https:\/\/www.cbh-cyprus.com\/de\/wp-json\/wp\/v2\/pages\/2714\/revisions"}],"predecessor-version":[{"id":37236,"href":"https:\/\/www.cbh-cyprus.com\/de\/wp-json\/wp\/v2\/pages\/2714\/revisions\/37236"}],"wp:featuredmedia":[{"embeddable":true,"href":"https:\/\/www.cbh-cyprus.com\/de\/wp-json\/wp\/v2\/media\/2208"}],"wp:attachment":[{"href":"https:\/\/www.cbh-cyprus.com\/de\/wp-json\/wp\/v2\/media?parent=2714"}],"curies":[{"name":"wp","href":"https:\/\/api.w.org\/{rel}","templated":true}]}}