{"id":2734,"date":"2019-11-01T18:33:27","date_gmt":"2019-11-01T15:33:27","guid":{"rendered":"http:\/\/cbh-cyprus.cms4.nelios.com\/the-group\/about-us\/"},"modified":"2024-09-13T16:22:12","modified_gmt":"2024-09-13T13:22:12","slug":"uber-uns","status":"publish","type":"page","link":"https:\/\/www.cbh-cyprus.com\/de\/die-gruppe\/uber-uns\/","title":{"rendered":"\u00dcber uns"},"content":{"rendered":"<h3>Firmenprofil<\/h3>\n<p>  Unser gr\u00f6\u00dfter Reichtum auf Zypern sind unsere Menschen.<br \/>\nL\u00e4chelnde, freundliche Menschen, die stolz darauf sind, Besucher auf ihrer Insel willkommen zu hei\u00dfen und ihnen zu zeigen, was traditionelle, echte Gastfreundschaft ausmacht.<br \/>\nConstantinou Bros Hotels Ltd, ein von Zyprioten gegr\u00fcndetes und gef\u00fchrtes Unternehmen, kann diese Tradition in seinen feinen Hotels nur aufrechterhalten, indem es den Schwerpunkt auf anmutige Gastfreundschaft, gutes Essen und l\u00e4chelndes, freundliches Personal legt.<br \/>\nDas Unternehmen umfasst Vier-, 4- und 5-Sterne-Hotels, die alle an der Westk\u00fcste in Paphos liegen.<br \/>\n1979 wurde das erste Unternehmen mit dem Ziel gegr\u00fcndet, Grundst\u00fccke zu kaufen, zu verkaufen und zu erschlie\u00dfen, da klar war, dass Paphos ein enormes Potenzial f\u00fcr die Entwicklung als Handelszentrum und Touristenort hatte.<br \/>\nDas Familienunternehmen ist seither an der zypriotischen B\u00f6rse notiert und wird auch heute noch von derselben Familie, die es gegr\u00fcndet hat, von seinem gesch\u00e4ftsf\u00fchrenden Pr\u00e4sidenten, Herrn Andreas Constantinou, und seinem Vorstand geleitet.<br \/>\nIn den folgenden zehn Jahren hat das Unternehmen Projekte mit Gesch\u00e4ften und Wohnungen in den Touristen- und Gewerbegebieten sowie Villen mit Pools und angelegten G\u00e4rten in den Wohngebieten von Paphos und im Umland realisiert.<br \/>\nDas Unternehmen hat Hunderte von zentral gelegenen Gesch\u00e4ften, hochwertigen Wohnungen und Luxusvillen gebaut.<br \/>\nDar\u00fcber hinaus wurden zahlreiche Grundst\u00fccke aufgeteilt und verkauft.<br \/>\nIn der Erkenntnis, dass Paphos ein Urlaubsziel mit gro\u00dfem Potenzial ist, beschloss das Unternehmen, in die Hotelbranche einzusteigen, und in den sp\u00e4ten 1980er Jahren wurde eine Schwestergesellschaft gegr\u00fcndet: Constantinou Bros Hotels Ltd.<br \/>\nDas Unternehmen verf\u00fcgte bereits \u00fcber die Grundlagen, um sofort mit dem Bau des 3-Sterne-Hotels Paphian Bay zu beginnen, da es bereits \u00fcber eigene Architekten und Zeichner sowie eine eigene Bauabteilung verf\u00fcgte.<br \/>\nIn den folgenden Jahren baute und er\u00f6ffnete das Unternehmen vier weitere Hotels, n\u00e4mlich das 4-Sterne-Hotel Pioneer Beach, das 5-Sterne-Hotel Imperial Beach (das sp\u00e4ter an die Kirche verkauft wurde), das 4-Sterne-Hotel Athena Beach und das 4-Sterne-Luxushotel Athena Royal Beach.<br \/>\nEnde 2008 wurde das Paphian Bay Hotel, das \u00fcber 20 Jahre lang ein beliebter Urlaubsort f\u00fcr viele Menschen war, geschlossen und einem kompletten Umbau unterzogen, der es in ein luxuri\u00f6ses 5-Sterne-Hotel mit Suiten verwandelte, das am 1. April 2010 er\u00f6ffnet wurde.<br \/>\nDas Asimina Suites Hotel &#8211; wie es jetzt hei\u00dft &#8211; besteht ausschlie\u00dflich aus luxuri\u00f6sen Suiten, von denen einige \u00fcber einen eigenen Pool und einen Whirlpool verf\u00fcgen und dem Besucher pure Opulenz und Komfort bieten.<br \/>\nDie vier Hotels der Constantinou Bros Hotels-Kette sind bekannt f\u00fcr ihre erstklassige Lage und ihre au\u00dfergew\u00f6hnliche Gastfreundschaft und sie sind perfekt auf die Bed\u00fcrfnisse der Besucher abgestimmt.<br \/>\nSie sind f\u00fcr fast alle Arten von G\u00e4sten aus den verschiedensten Bereichen geeignet.<br \/>\nSie spiegeln die wachsende Beliebtheit von Paphos nicht nur als Urlaubsziel wider, sondern auch als aufstrebendes internationales Konferenzzentrum.                  <\/p>\n<h3>Resort Hotels<\/h3>\n<ul>\n<li>Asimina Suites Hotel &#8211; 5 Sterne (Hotel f\u00fcr Erwachsene)<\/li>\n<li>Pioneer Beach Hotel 4 Sterne (Hotel f\u00fcr Erwachsene)<\/li>\n<li>Athena Beach Hotel 4 Sterne Superior<\/li>\n<li>Athena Royal Hotel 4 Sterne deluxe (Hotel f\u00fcr Erwachsene)<\/li>\n<\/ul>\n<h3>Constantinou Bros Hotels Ltd &#8211; Wichtige Termine<\/h3>\n<ul>\n<li>1988 &#8211; Das 3-Sterne-Hotel Paphian Bay wird er\u00f6ffnet, nachdem es in nur 12 Monaten entworfen, gebaut und eingerichtet wurde!<br \/>\nEin Branchenrekord! <\/li>\n<li>1991 &#8211; Das 4-Sterne-Hotel Pioneer Beach (ein Hotel f\u00fcr Erwachsene) wird er\u00f6ffnet.<\/li>\n<li>1999 &#8211; Das 4-Sterne-Hotel Athena Beach wird er\u00f6ffnet.<\/li>\n<li>2005 &#8211; Das 4-Sterne-Deluxe-Hotel Athena Royal Beach (ein Hotel f\u00fcr Erwachsene) wird er\u00f6ffnet.<\/li>\n<li>2008 &#8211; Das Paphian Bay Hotel wird geschlossen und komplett umgebaut, um es in ein 5-Sterne-Hotel mit Luxus-Suiten umzuwandeln. Die Fertigstellung ist f\u00fcr Ende M\u00e4rz 2010 geplant.<\/li>\n<li>2010 &#8211; Das 5-Sterne-Hotel Asimina Suites (ein All-Suiten-Hotel f\u00fcr Erwachsene) wird er\u00f6ffnet und empf\u00e4ngt am 1. April 2010 seine ersten G\u00e4ste.<\/li>\n<\/ul>\n","protected":false},"excerpt":{"rendered":"<p>Firmenprofil Unser gr\u00f6\u00dfter Reichtum auf Zypern sind unsere Menschen. L\u00e4chelnde, freundliche Menschen, die stolz darauf sind, Besucher auf ihrer Insel willkommen zu hei\u00dfen und ihnen zu zeigen, was traditionelle, echte Gastfreundschaft ausmacht. Constantinou Bros Hotels Ltd, ein von Zyprioten gegr\u00fcndetes und gef\u00fchrtes Unternehmen, kann diese Tradition in seinen feinen Hotels nur aufrechterhalten, indem es den<\/p>\n","protected":false},"author":100,"featured_media":2202,"parent":2728,"menu_order":0,"comment_status":"closed","ping_status":"closed","template":"","meta":{"_acf_changed":false,"footnotes":""},"class_list":["post-2734","page","type-page","status-publish","has-post-thumbnail","hentry"],"acf":[],"yoast_head":"<!-- This site is optimized with the Yoast SEO plugin v27.4 - https:\/\/yoast.com\/product\/yoast-seo-wordpress\/ -->\n<title>Constantinou Bros Hotels Geschichte - Wer wir sind - Paphos, Zypern<\/title>\n<meta name=\"description\" content=\"Erfahren Sie alles \u00fcber die Geschichte des Constantinou Bros, das seit 1979 f\u00fcr exzellente Gastfreundschaft in Paphos, Zypern, steht und bis zum heutigen Tag Bestand hat.\" \/>\n<meta name=\"robots\" content=\"index, follow, max-snippet:-1, max-image-preview:large, max-video-preview:-1\" \/>\n<link rel=\"canonical\" href=\"https:\/\/www.cbh-cyprus.com\/de\/die-gruppe\/uber-uns\/\" \/>\n<meta property=\"og:locale\" content=\"de_DE\" \/>\n<meta property=\"og:type\" content=\"article\" \/>\n<meta property=\"og:title\" content=\"Constantinou Bros Hotels Geschichte - Wer wir sind - Paphos, Zypern\" \/>\n<meta property=\"og:description\" content=\"Erfahren Sie alles \u00fcber die Geschichte des Constantinou Bros, das seit 1979 f\u00fcr exzellente Gastfreundschaft in Paphos, Zypern, steht und bis zum heutigen Tag Bestand hat.\" \/>\n<meta property=\"og:url\" content=\"https:\/\/www.cbh-cyprus.com\/de\/die-gruppe\/uber-uns\/\" \/>\n<meta property=\"og:site_name\" content=\"Constantinou Bros Hotels\" \/>\n<meta property=\"article:modified_time\" content=\"2024-09-13T13:22:12+00:00\" \/>\n<meta property=\"og:image\" content=\"https:\/\/www.cbh-cyprus.com\/app\/uploads\/sites\/30\/2019\/10\/asimina-suites-hotel-lifestyle_resized.jpg\" \/>\n\t<meta property=\"og:image:width\" content=\"1920\" \/>\n\t<meta property=\"og:image:height\" content=\"1290\" \/>\n\t<meta property=\"og:image:type\" content=\"image\/jpeg\" \/>\n<meta name=\"twitter:card\" content=\"summary_large_image\" \/>\n<meta name=\"twitter:label1\" content=\"Gesch\u00e4tzte Lesezeit\" \/>\n\t<meta name=\"twitter:data1\" content=\"3\u00a0Minuten\" \/>\n<script type=\"application\/ld+json\" class=\"yoast-schema-graph\">{\"@context\":\"https:\\\/\\\/schema.org\",\"@graph\":[{\"@type\":\"WebPage\",\"@id\":\"https:\\\/\\\/www.cbh-cyprus.com\\\/de\\\/die-gruppe\\\/uber-uns\\\/\",\"url\":\"https:\\\/\\\/www.cbh-cyprus.com\\\/de\\\/die-gruppe\\\/uber-uns\\\/\",\"name\":\"Constantinou Bros Hotels Geschichte - Wer wir sind - Paphos, Zypern\",\"isPartOf\":{\"@id\":\"https:\\\/\\\/www.cbh-cyprus.com\\\/de\\\/#website\"},\"primaryImageOfPage\":{\"@id\":\"https:\\\/\\\/www.cbh-cyprus.com\\\/de\\\/die-gruppe\\\/uber-uns\\\/#primaryimage\"},\"image\":{\"@id\":\"https:\\\/\\\/www.cbh-cyprus.com\\\/de\\\/die-gruppe\\\/uber-uns\\\/#primaryimage\"},\"thumbnailUrl\":\"https:\\\/\\\/www.cbh-cyprus.com\\\/app\\\/uploads\\\/sites\\\/30\\\/2019\\\/10\\\/asimina-suites-hotel-lifestyle_resized.jpg\",\"datePublished\":\"2019-11-01T15:33:27+00:00\",\"dateModified\":\"2024-09-13T13:22:12+00:00\",\"description\":\"Erfahren Sie alles \u00fcber die Geschichte des Constantinou Bros, das seit 1979 f\u00fcr exzellente Gastfreundschaft in Paphos, Zypern, steht und bis zum heutigen Tag Bestand hat.\",\"breadcrumb\":{\"@id\":\"https:\\\/\\\/www.cbh-cyprus.com\\\/de\\\/die-gruppe\\\/uber-uns\\\/#breadcrumb\"},\"inLanguage\":\"de\",\"potentialAction\":[{\"@type\":\"ReadAction\",\"target\":[\"https:\\\/\\\/www.cbh-cyprus.com\\\/de\\\/die-gruppe\\\/uber-uns\\\/\"]}]},{\"@type\":\"ImageObject\",\"inLanguage\":\"de\",\"@id\":\"https:\\\/\\\/www.cbh-cyprus.com\\\/de\\\/die-gruppe\\\/uber-uns\\\/#primaryimage\",\"url\":\"https:\\\/\\\/www.cbh-cyprus.com\\\/app\\\/uploads\\\/sites\\\/30\\\/2019\\\/10\\\/asimina-suites-hotel-lifestyle_resized.jpg\",\"contentUrl\":\"https:\\\/\\\/www.cbh-cyprus.com\\\/app\\\/uploads\\\/sites\\\/30\\\/2019\\\/10\\\/asimina-suites-hotel-lifestyle_resized.jpg\",\"width\":1920,\"height\":1290},{\"@type\":\"BreadcrumbList\",\"@id\":\"https:\\\/\\\/www.cbh-cyprus.com\\\/de\\\/die-gruppe\\\/uber-uns\\\/#breadcrumb\",\"itemListElement\":[{\"@type\":\"ListItem\",\"position\":1,\"name\":\"Home\",\"item\":\"https:\\\/\\\/www.cbh-cyprus.com\\\/de\\\/willkommen-in-den-constantinou-bros-hotels\\\/\"},{\"@type\":\"ListItem\",\"position\":2,\"name\":\"Die Gruppe\",\"item\":\"https:\\\/\\\/www.cbh-cyprus.com\\\/de\\\/die-gruppe\\\/\"},{\"@type\":\"ListItem\",\"position\":3,\"name\":\"\u00dcber uns\"}]},{\"@type\":\"WebSite\",\"@id\":\"https:\\\/\\\/www.cbh-cyprus.com\\\/de\\\/#website\",\"url\":\"https:\\\/\\\/www.cbh-cyprus.com\\\/de\\\/\",\"name\":\"Constantinou Bros Hotels\",\"description\":\"Constantinou Bros Hotels\",\"publisher\":{\"@id\":\"https:\\\/\\\/www.cbh-cyprus.com\\\/de\\\/#organization\"},\"potentialAction\":[{\"@type\":\"SearchAction\",\"target\":{\"@type\":\"EntryPoint\",\"urlTemplate\":\"https:\\\/\\\/www.cbh-cyprus.com\\\/de\\\/?s={search_term_string}\"},\"query-input\":{\"@type\":\"PropertyValueSpecification\",\"valueRequired\":true,\"valueName\":\"search_term_string\"}}],\"inLanguage\":\"de\"},{\"@type\":\"Organization\",\"@id\":\"https:\\\/\\\/www.cbh-cyprus.com\\\/de\\\/#organization\",\"name\":\"Constantinou Bros Hotels\",\"url\":\"https:\\\/\\\/www.cbh-cyprus.com\\\/de\\\/\",\"logo\":{\"@type\":\"ImageObject\",\"inLanguage\":\"de\",\"@id\":\"https:\\\/\\\/www.cbh-cyprus.com\\\/de\\\/#\\\/schema\\\/logo\\\/image\\\/\",\"url\":\"https:\\\/\\\/www.cbh-cyprus.com\\\/app\\\/uploads\\\/sites\\\/30\\\/2020\\\/10\\\/cbh.jpg\",\"contentUrl\":\"https:\\\/\\\/www.cbh-cyprus.com\\\/app\\\/uploads\\\/sites\\\/30\\\/2020\\\/10\\\/cbh.jpg\",\"width\":1013,\"height\":419,\"caption\":\"Constantinou Bros Hotels\"},\"image\":{\"@id\":\"https:\\\/\\\/www.cbh-cyprus.com\\\/de\\\/#\\\/schema\\\/logo\\\/image\\\/\"}}]}<\/script>\n<!-- \/ Yoast SEO plugin. -->","yoast_head_json":{"title":"Constantinou Bros Hotels Geschichte - Wer wir sind - Paphos, Zypern","description":"Erfahren Sie alles \u00fcber die Geschichte des Constantinou Bros, das seit 1979 f\u00fcr exzellente Gastfreundschaft in Paphos, Zypern, steht und bis zum heutigen Tag Bestand hat.","robots":{"index":"index","follow":"follow","max-snippet":"max-snippet:-1","max-image-preview":"max-image-preview:large","max-video-preview":"max-video-preview:-1"},"canonical":"https:\/\/www.cbh-cyprus.com\/de\/die-gruppe\/uber-uns\/","og_locale":"de_DE","og_type":"article","og_title":"Constantinou Bros Hotels Geschichte - Wer wir sind - Paphos, Zypern","og_description":"Erfahren Sie alles \u00fcber die Geschichte des Constantinou Bros, das seit 1979 f\u00fcr exzellente Gastfreundschaft in Paphos, Zypern, steht und bis zum heutigen Tag Bestand hat.","og_url":"https:\/\/www.cbh-cyprus.com\/de\/die-gruppe\/uber-uns\/","og_site_name":"Constantinou Bros Hotels","article_modified_time":"2024-09-13T13:22:12+00:00","og_image":[{"width":1920,"height":1290,"url":"https:\/\/www.cbh-cyprus.com\/app\/uploads\/sites\/30\/2019\/10\/asimina-suites-hotel-lifestyle_resized.jpg","type":"image\/jpeg"}],"twitter_card":"summary_large_image","twitter_misc":{"Gesch\u00e4tzte Lesezeit":"3\u00a0Minuten"},"schema":{"@context":"https:\/\/schema.org","@graph":[{"@type":"WebPage","@id":"https:\/\/www.cbh-cyprus.com\/de\/die-gruppe\/uber-uns\/","url":"https:\/\/www.cbh-cyprus.com\/de\/die-gruppe\/uber-uns\/","name":"Constantinou Bros Hotels Geschichte - Wer wir sind - Paphos, Zypern","isPartOf":{"@id":"https:\/\/www.cbh-cyprus.com\/de\/#website"},"primaryImageOfPage":{"@id":"https:\/\/www.cbh-cyprus.com\/de\/die-gruppe\/uber-uns\/#primaryimage"},"image":{"@id":"https:\/\/www.cbh-cyprus.com\/de\/die-gruppe\/uber-uns\/#primaryimage"},"thumbnailUrl":"https:\/\/www.cbh-cyprus.com\/app\/uploads\/sites\/30\/2019\/10\/asimina-suites-hotel-lifestyle_resized.jpg","datePublished":"2019-11-01T15:33:27+00:00","dateModified":"2024-09-13T13:22:12+00:00","description":"Erfahren Sie alles \u00fcber die Geschichte des Constantinou Bros, das seit 1979 f\u00fcr exzellente Gastfreundschaft in Paphos, Zypern, steht und bis zum heutigen Tag Bestand hat.","breadcrumb":{"@id":"https:\/\/www.cbh-cyprus.com\/de\/die-gruppe\/uber-uns\/#breadcrumb"},"inLanguage":"de","potentialAction":[{"@type":"ReadAction","target":["https:\/\/www.cbh-cyprus.com\/de\/die-gruppe\/uber-uns\/"]}]},{"@type":"ImageObject","inLanguage":"de","@id":"https:\/\/www.cbh-cyprus.com\/de\/die-gruppe\/uber-uns\/#primaryimage","url":"https:\/\/www.cbh-cyprus.com\/app\/uploads\/sites\/30\/2019\/10\/asimina-suites-hotel-lifestyle_resized.jpg","contentUrl":"https:\/\/www.cbh-cyprus.com\/app\/uploads\/sites\/30\/2019\/10\/asimina-suites-hotel-lifestyle_resized.jpg","width":1920,"height":1290},{"@type":"BreadcrumbList","@id":"https:\/\/www.cbh-cyprus.com\/de\/die-gruppe\/uber-uns\/#breadcrumb","itemListElement":[{"@type":"ListItem","position":1,"name":"Home","item":"https:\/\/www.cbh-cyprus.com\/de\/willkommen-in-den-constantinou-bros-hotels\/"},{"@type":"ListItem","position":2,"name":"Die Gruppe","item":"https:\/\/www.cbh-cyprus.com\/de\/die-gruppe\/"},{"@type":"ListItem","position":3,"name":"\u00dcber uns"}]},{"@type":"WebSite","@id":"https:\/\/www.cbh-cyprus.com\/de\/#website","url":"https:\/\/www.cbh-cyprus.com\/de\/","name":"Constantinou Bros Hotels","description":"Constantinou Bros Hotels","publisher":{"@id":"https:\/\/www.cbh-cyprus.com\/de\/#organization"},"potentialAction":[{"@type":"SearchAction","target":{"@type":"EntryPoint","urlTemplate":"https:\/\/www.cbh-cyprus.com\/de\/?s={search_term_string}"},"query-input":{"@type":"PropertyValueSpecification","valueRequired":true,"valueName":"search_term_string"}}],"inLanguage":"de"},{"@type":"Organization","@id":"https:\/\/www.cbh-cyprus.com\/de\/#organization","name":"Constantinou Bros Hotels","url":"https:\/\/www.cbh-cyprus.com\/de\/","logo":{"@type":"ImageObject","inLanguage":"de","@id":"https:\/\/www.cbh-cyprus.com\/de\/#\/schema\/logo\/image\/","url":"https:\/\/www.cbh-cyprus.com\/app\/uploads\/sites\/30\/2020\/10\/cbh.jpg","contentUrl":"https:\/\/www.cbh-cyprus.com\/app\/uploads\/sites\/30\/2020\/10\/cbh.jpg","width":1013,"height":419,"caption":"Constantinou Bros Hotels"},"image":{"@id":"https:\/\/www.cbh-cyprus.com\/de\/#\/schema\/logo\/image\/"}}]}},"_links":{"self":[{"href":"https:\/\/www.cbh-cyprus.com\/de\/wp-json\/wp\/v2\/pages\/2734","targetHints":{"allow":["GET"]}}],"collection":[{"href":"https:\/\/www.cbh-cyprus.com\/de\/wp-json\/wp\/v2\/pages"}],"about":[{"href":"https:\/\/www.cbh-cyprus.com\/de\/wp-json\/wp\/v2\/types\/page"}],"author":[{"embeddable":true,"href":"https:\/\/www.cbh-cyprus.com\/de\/wp-json\/wp\/v2\/users\/100"}],"replies":[{"embeddable":true,"href":"https:\/\/www.cbh-cyprus.com\/de\/wp-json\/wp\/v2\/comments?post=2734"}],"version-history":[{"count":4,"href":"https:\/\/www.cbh-cyprus.com\/de\/wp-json\/wp\/v2\/pages\/2734\/revisions"}],"predecessor-version":[{"id":37164,"href":"https:\/\/www.cbh-cyprus.com\/de\/wp-json\/wp\/v2\/pages\/2734\/revisions\/37164"}],"up":[{"embeddable":true,"href":"https:\/\/www.cbh-cyprus.com\/de\/wp-json\/wp\/v2\/pages\/2728"}],"wp:featuredmedia":[{"embeddable":true,"href":"https:\/\/www.cbh-cyprus.com\/de\/wp-json\/wp\/v2\/media\/2202"}],"wp:attachment":[{"href":"https:\/\/www.cbh-cyprus.com\/de\/wp-json\/wp\/v2\/media?parent=2734"}],"curies":[{"name":"wp","href":"https:\/\/api.w.org\/{rel}","templated":true}]}}