{"id":2752,"date":"2019-11-01T17:45:48","date_gmt":"2019-11-01T14:45:48","guid":{"rendered":"http:\/\/cbh-cyprus.cms4.nelios.com\/user-agreement\/"},"modified":"2024-07-23T12:16:20","modified_gmt":"2024-07-23T09:16:20","slug":"nutzungsvertrag","status":"publish","type":"page","link":"https:\/\/www.cbh-cyprus.com\/de\/nutzungsvertrag\/","title":{"rendered":"Benutzervereinbarung"},"content":{"rendered":"<p>Copyright \u00a9Constantinou Bros Hotels Ltd 2019.<br \/>\nAlle Rechte vorbehalten   <\/p>\n<h4>Allgemeine Gesch\u00e4ftsbedingungen f\u00fcr die Nutzung der Constantinou Bros Hotels Websites:<\/h4>\n<p><a href=\"https:\/\/www.cbh-cyprus.com\" target=\"_blank\" rel=\"noopener noreferrer\"><g id=\"gid_0\">https:\/\/www.cbh-cyprus.com &#8211; CONSTANTINOU BROS HOTELS PUBLIC CO.<\/g> <\/a><br \/>\n<a href=\"https:\/\/www.athena-cbh.com\" target=\"_blank\" rel=\"noopener noreferrer\"><g id=\"gid_0\">https:\/\/www.athena-cbh.com &#8211; ATHENA BEACH HOTEL = CONSTANTINOU BROS HOTELS PUBLIC CO.<\/g> <\/a><br \/>\n<a href=\"https:\/\/www.athenaroyal-cbh.com\" target=\"_blank\" rel=\"noopener noreferrer\">https:\/\/www.athenaroyal-cbh.com &#8211; ATHENA ROYA BEACH HOTEL = LAYSTER INVESTMENTS PLC &#8211; HE 106396 &#8211; THEAS APHRODITES AVENUE 8101, PAPHOS<\/a><a href=\"https:\/\/www.pioneer-cbh.com\" target=\"_blank\" rel=\"noopener noreferrer\">https:\/\/www.pioneer-cbh.com &#8211; PIONEER BEACH HOTEL = KINGS HEAD DEVELOPMENT PLC &#8211; HE 11041 &#8211; THEAS APHRODITES AVENUE 8101, PAPHOS<\/a><a href=\"https:\/\/www.asimina-cbh.com\" target=\"_blank\" rel=\"noopener noreferrer\">https:\/\/www.asimina-cbh.com &#8211; ASIMINA SUITES HOTEL = PAPHOS STONE C. ESTATES PLC &#8211; HE 10098 &#8211; THEAS APHRODITES AVENUE 8101, PAPHOS<\/a><br \/>\n<a href=\"https:\/\/www.cbh-loyaltyclub.com\" target=\"_blank\" rel=\"noopener noreferrer\"><g id=\"gid_0\">https:\/\/www.cbh-loyaltyclub.com &#8211; CONSTANTINOU BROS HOTELS PUBLIC CO.<\/g> <\/a>  Die Nutzer haben nur f\u00fcr den pers\u00f6nlichen Gebrauch Zugang zu den Informationen und Materialien auf unseren Websites.<br \/>\nEs ist Ihnen nicht gestattet, die Dokumente von Constantinou Bros Hotels und ihre Inhalte, einschlie\u00dflich der Texte und Grafiken, ohne die ausdr\u00fcckliche Genehmigung von Constantinou Bros Hotels zu ver\u00e4ndern, zu kopieren oder anderweitig zu verbreiten. <strong>Haftungsausschluss<\/strong> Constantinou Bros Hotels unternimmt alle Anstrengungen, um sicherzustellen, dass die auf ihren Websites enthaltenen Informationen korrekt sind.<br \/>\nConstantinou Bros Hotels \u00fcbernimmt jedoch keine Garantie, weder ausdr\u00fccklich noch stillschweigend, f\u00fcr die Genauigkeit, Richtigkeit und Vollst\u00e4ndigkeit der Informationen.<br \/>\nConstantinou Bros Hotels ist nicht verantwortlich f\u00fcr den Inhalt externer Websites, die \u00fcber einen Hyperlink mit ihren Websites verbunden sind.<br \/>\nDie Erw\u00e4hnung von Produkten oder Dienstleistungen Dritter dient nur zu Informationszwecken und stellt weder eine Bef\u00fcrwortung noch eine Empfehlung dar. <strong>Urheberrecht<\/strong> Der gesamte Inhalt der Constantinou Bros Hotels-Websites, wie z.B. Texte, Grafiken, Logos, Schaltfl\u00e4chensymbole, Bilder, digitale Downloads, Datenzusammenstellungen und Software, ist Eigentum der Constantinou Bros Hotels, ihrer Lizenzgeber oder ihrer Inhaltslieferanten und ist durch zypriotische und internationale Urheberrechtsgesetze gesch\u00fctzt.<br \/>\nDie Zusammenstellung aller Inhalte auf diesen Websites ist ausschlie\u00dfliches Eigentum von Constantinou Bros Hotels und durch zypriotische und internationale Urheberrechtsgesetze gesch\u00fctzt.<br \/>\nDie gesamte auf diesen Websites verwendete Software ist Eigentum der Constantinou Bros Hotels oder ihrer Software-Lieferanten und ist durch zypriotisches und internationales Urheberrecht gesch\u00fctzt. <strong>Marken<\/strong> Die Marken und alle anderen Marken, die in Verbindung mit den auf diesen Websites beschriebenen Dienstleistungen und Produkten erscheinen, geh\u00f6ren Constantinou Bros Hotels oder den jeweiligen Eigent\u00fcmern dieser Marken und sind durch zypriotisches und internationales Markenrecht gesch\u00fctzt.<br \/>\nDie Verwendung dieser Marken ohne die ausdr\u00fcckliche schriftliche Zustimmung von Constantinou Bros Hotels bzw. des jeweiligen Markeninhabers ist strengstens untersagt. <strong>Mitteilungen<\/strong> In Bezug auf alle Mitteilungen an Constantinou Bros Hotels, einschlie\u00dflich, ohne Einschr\u00e4nkung, Feedback, Fragen, Kommentare und Vorschl\u00e4ge (&#8222;Mitteilungen&#8220;):<br \/>\n(a) gilt f\u00fcr Mitteilungen kein Recht auf Vertraulichkeit und Constantinou Bros Hotels ist nicht verpflichtet, Mitteilungen vor Offenlegung zu sch\u00fctzen;<br \/>\n(b) Constantinou Bros Hotels steht es frei, Mitteilungen zu vervielf\u00e4ltigen, zu nutzen, offenzulegen und an andere weiterzugeben; und<br \/>\n(c) Constantinou Bros Hotels steht es frei, Ideen, Konzepte, Know-how oder Techniken, die in den Mitteilungen enthalten sind, f\u00fcr jeden beliebigen Zweck zu nutzen, einschlie\u00dflich, aber nicht beschr\u00e4nkt auf die Entwicklung, Herstellung und Vermarktung von Produkten und Dienstleistungen, die diese Informationen enthalten.<br \/>\nBitte verwenden Sie Internet-E-Mails nur, um uns nicht-vertrauliche Mitteilungen zu senden.<br \/>\nF\u00fcgen Sie keine vertraulichen pers\u00f6nlichen oder privaten Informationen hinzu.<br \/>\nZu Ihrem Schutz werden unsere Antworten keine vertraulichen Informationen enthalten.<br \/>\nBitte verwenden Sie Internet-E-Mails nicht, um uns Transaktionsanweisungen zu senden.<br \/>\nKunden, die Internet-E-Mails an Constantinou Bros Hotels senden, die vertrauliche, private oder pers\u00f6nliche Informationen enthalten, tun dies auf eigenes Risiko. <strong>Marketingkommunikation &#8211; e-NEWSLETTERS<\/strong> Gelegentlich senden wir Ihnen Informationen \u00fcber unsere Produkte und Dienstleistungen, einschlie\u00dflich Neuigkeiten \u00fcber unsere Hotels, oder laden Sie zu Veranstaltungen per E-Mail ein (e-Newsletter).                Sie k\u00f6nnen diesen Newsletter jederzeit abbestellen, indem Sie uns eine E-Mail an <a href=\"mailto:newsletter@cbh-cyprus.com\">newsletter@cbh-cyprus.com<\/a> schicken, die in der Betreffzeile das Wort &#8222;UNSUBSCRIBE&#8220; enth\u00e4lt. <strong>Wenn Sie Fragen haben, kontaktieren Sie uns bitte unter:<\/strong><strong>Adresse: <\/strong> Theas Afroditis Ave.<br \/>\nP.O.Box 60182 CY 8101, Paphos, Cyprus Tel: <a href=\"tel:0035726965866\">00357 26 965866<\/a> Fax: 00357 26 964867 E-mail: <a href=\"mailto:info@cbh-cyprus.com\">info@cbh-cyprus.com<\/a> Diese Nutzungsvereinbarung wurde zuletzt am 25. Oktober 2019 ge\u00e4ndert <strong>\u00a9CONSTANTINOU BROS HOTELS LTD 2019<\/strong> <\/p>\n","protected":false},"excerpt":{"rendered":"<p>Copyright \u00a9Constantinou Bros Hotels Ltd 2019. Alle Rechte vorbehalten Allgemeine Gesch\u00e4ftsbedingungen f\u00fcr die Nutzung der Constantinou Bros Hotels Websites: https:\/\/www.cbh-cyprus.com &#8211; CONSTANTINOU BROS HOTELS PUBLIC CO. https:\/\/www.athena-cbh.com &#8211; ATHENA BEACH HOTEL = CONSTANTINOU BROS HOTELS PUBLIC CO. https:\/\/www.athenaroyal-cbh.com &#8211; ATHENA ROYA BEACH HOTEL = LAYSTER INVESTMENTS PLC &#8211; HE 106396 &#8211; THEAS APHRODITES AVENUE 8101,<\/p>\n","protected":false},"author":100,"featured_media":2252,"parent":0,"menu_order":0,"comment_status":"closed","ping_status":"closed","template":"","meta":{"_acf_changed":false,"footnotes":""},"class_list":["post-2752","page","type-page","status-publish","has-post-thumbnail","hentry"],"acf":[],"yoast_head":"<!-- This site is optimized with the Yoast SEO plugin v27.3 - https:\/\/yoast.com\/product\/yoast-seo-wordpress\/ -->\n<title>Benutzervereinbarung - Constantinou Bros Hotels<\/title>\n<meta name=\"description\" content=\"Hier finden Sie alle notwendigen Informationen \u00fcber die Nutzungsbedingungen von Constantinou Bros Hotels in Paphos, Zypern.\" \/>\n<meta name=\"robots\" content=\"index, follow, max-snippet:-1, max-image-preview:large, max-video-preview:-1\" \/>\n<link rel=\"canonical\" href=\"https:\/\/www.cbh-cyprus.com\/de\/nutzungsvertrag\/\" \/>\n<meta property=\"og:locale\" content=\"de_DE\" \/>\n<meta property=\"og:type\" content=\"article\" \/>\n<meta property=\"og:title\" content=\"Benutzervereinbarung - Constantinou Bros Hotels\" \/>\n<meta property=\"og:description\" content=\"Hier finden Sie alle notwendigen Informationen \u00fcber die Nutzungsbedingungen von Constantinou Bros Hotels in Paphos, Zypern.\" \/>\n<meta property=\"og:url\" content=\"https:\/\/www.cbh-cyprus.com\/de\/nutzungsvertrag\/\" \/>\n<meta property=\"og:site_name\" content=\"Constantinou Bros Hotels\" \/>\n<meta property=\"article:modified_time\" content=\"2024-07-23T09:16:20+00:00\" \/>\n<meta property=\"og:image\" content=\"https:\/\/www.cbh-cyprus.com\/app\/uploads\/sites\/30\/2019\/10\/athena-royal-beach-hotel-cabanas_resized.jpg\" \/>\n\t<meta property=\"og:image:width\" content=\"1920\" \/>\n\t<meta property=\"og:image:height\" content=\"1160\" \/>\n\t<meta property=\"og:image:type\" content=\"image\/jpeg\" \/>\n<meta name=\"twitter:card\" content=\"summary_large_image\" \/>\n<meta name=\"twitter:label1\" content=\"Gesch\u00e4tzte Lesezeit\" \/>\n\t<meta name=\"twitter:data1\" content=\"3\u00a0Minuten\" \/>\n<script type=\"application\/ld+json\" class=\"yoast-schema-graph\">{\"@context\":\"https:\\\/\\\/schema.org\",\"@graph\":[{\"@type\":\"WebPage\",\"@id\":\"https:\\\/\\\/www.cbh-cyprus.com\\\/de\\\/nutzungsvertrag\\\/\",\"url\":\"https:\\\/\\\/www.cbh-cyprus.com\\\/de\\\/nutzungsvertrag\\\/\",\"name\":\"Benutzervereinbarung - Constantinou Bros Hotels\",\"isPartOf\":{\"@id\":\"https:\\\/\\\/www.cbh-cyprus.com\\\/de\\\/#website\"},\"primaryImageOfPage\":{\"@id\":\"https:\\\/\\\/www.cbh-cyprus.com\\\/de\\\/nutzungsvertrag\\\/#primaryimage\"},\"image\":{\"@id\":\"https:\\\/\\\/www.cbh-cyprus.com\\\/de\\\/nutzungsvertrag\\\/#primaryimage\"},\"thumbnailUrl\":\"https:\\\/\\\/www.cbh-cyprus.com\\\/app\\\/uploads\\\/sites\\\/30\\\/2019\\\/10\\\/athena-royal-beach-hotel-cabanas_resized.jpg\",\"datePublished\":\"2019-11-01T14:45:48+00:00\",\"dateModified\":\"2024-07-23T09:16:20+00:00\",\"description\":\"Hier finden Sie alle notwendigen Informationen \u00fcber die Nutzungsbedingungen von Constantinou Bros Hotels in Paphos, Zypern.\",\"breadcrumb\":{\"@id\":\"https:\\\/\\\/www.cbh-cyprus.com\\\/de\\\/nutzungsvertrag\\\/#breadcrumb\"},\"inLanguage\":\"de\",\"potentialAction\":[{\"@type\":\"ReadAction\",\"target\":[\"https:\\\/\\\/www.cbh-cyprus.com\\\/de\\\/nutzungsvertrag\\\/\"]}]},{\"@type\":\"ImageObject\",\"inLanguage\":\"de\",\"@id\":\"https:\\\/\\\/www.cbh-cyprus.com\\\/de\\\/nutzungsvertrag\\\/#primaryimage\",\"url\":\"https:\\\/\\\/www.cbh-cyprus.com\\\/app\\\/uploads\\\/sites\\\/30\\\/2019\\\/10\\\/athena-royal-beach-hotel-cabanas_resized.jpg\",\"contentUrl\":\"https:\\\/\\\/www.cbh-cyprus.com\\\/app\\\/uploads\\\/sites\\\/30\\\/2019\\\/10\\\/athena-royal-beach-hotel-cabanas_resized.jpg\",\"width\":1920,\"height\":1160,\"caption\":\"A Tranquil World\"},{\"@type\":\"BreadcrumbList\",\"@id\":\"https:\\\/\\\/www.cbh-cyprus.com\\\/de\\\/nutzungsvertrag\\\/#breadcrumb\",\"itemListElement\":[{\"@type\":\"ListItem\",\"position\":1,\"name\":\"Home\",\"item\":\"https:\\\/\\\/www.cbh-cyprus.com\\\/de\\\/willkommen-in-den-constantinou-bros-hotels\\\/\"},{\"@type\":\"ListItem\",\"position\":2,\"name\":\"Benutzervereinbarung\"}]},{\"@type\":\"WebSite\",\"@id\":\"https:\\\/\\\/www.cbh-cyprus.com\\\/de\\\/#website\",\"url\":\"https:\\\/\\\/www.cbh-cyprus.com\\\/de\\\/\",\"name\":\"Constantinou Bros Hotels\",\"description\":\"Constantinou Bros Hotels\",\"publisher\":{\"@id\":\"https:\\\/\\\/www.cbh-cyprus.com\\\/de\\\/#organization\"},\"potentialAction\":[{\"@type\":\"SearchAction\",\"target\":{\"@type\":\"EntryPoint\",\"urlTemplate\":\"https:\\\/\\\/www.cbh-cyprus.com\\\/de\\\/?s={search_term_string}\"},\"query-input\":{\"@type\":\"PropertyValueSpecification\",\"valueRequired\":true,\"valueName\":\"search_term_string\"}}],\"inLanguage\":\"de\"},{\"@type\":\"Organization\",\"@id\":\"https:\\\/\\\/www.cbh-cyprus.com\\\/de\\\/#organization\",\"name\":\"Constantinou Bros Hotels\",\"url\":\"https:\\\/\\\/www.cbh-cyprus.com\\\/de\\\/\",\"logo\":{\"@type\":\"ImageObject\",\"inLanguage\":\"de\",\"@id\":\"https:\\\/\\\/www.cbh-cyprus.com\\\/de\\\/#\\\/schema\\\/logo\\\/image\\\/\",\"url\":\"https:\\\/\\\/www.cbh-cyprus.com\\\/app\\\/uploads\\\/sites\\\/30\\\/2020\\\/10\\\/cbh.jpg\",\"contentUrl\":\"https:\\\/\\\/www.cbh-cyprus.com\\\/app\\\/uploads\\\/sites\\\/30\\\/2020\\\/10\\\/cbh.jpg\",\"width\":1013,\"height\":419,\"caption\":\"Constantinou Bros Hotels\"},\"image\":{\"@id\":\"https:\\\/\\\/www.cbh-cyprus.com\\\/de\\\/#\\\/schema\\\/logo\\\/image\\\/\"}}]}<\/script>\n<!-- \/ Yoast SEO plugin. -->","yoast_head_json":{"title":"Benutzervereinbarung - Constantinou Bros Hotels","description":"Hier finden Sie alle notwendigen Informationen \u00fcber die Nutzungsbedingungen von Constantinou Bros Hotels in Paphos, Zypern.","robots":{"index":"index","follow":"follow","max-snippet":"max-snippet:-1","max-image-preview":"max-image-preview:large","max-video-preview":"max-video-preview:-1"},"canonical":"https:\/\/www.cbh-cyprus.com\/de\/nutzungsvertrag\/","og_locale":"de_DE","og_type":"article","og_title":"Benutzervereinbarung - Constantinou Bros Hotels","og_description":"Hier finden Sie alle notwendigen Informationen \u00fcber die Nutzungsbedingungen von Constantinou Bros Hotels in Paphos, Zypern.","og_url":"https:\/\/www.cbh-cyprus.com\/de\/nutzungsvertrag\/","og_site_name":"Constantinou Bros Hotels","article_modified_time":"2024-07-23T09:16:20+00:00","og_image":[{"width":1920,"height":1160,"url":"https:\/\/www.cbh-cyprus.com\/app\/uploads\/sites\/30\/2019\/10\/athena-royal-beach-hotel-cabanas_resized.jpg","type":"image\/jpeg"}],"twitter_card":"summary_large_image","twitter_misc":{"Gesch\u00e4tzte Lesezeit":"3\u00a0Minuten"},"schema":{"@context":"https:\/\/schema.org","@graph":[{"@type":"WebPage","@id":"https:\/\/www.cbh-cyprus.com\/de\/nutzungsvertrag\/","url":"https:\/\/www.cbh-cyprus.com\/de\/nutzungsvertrag\/","name":"Benutzervereinbarung - Constantinou Bros Hotels","isPartOf":{"@id":"https:\/\/www.cbh-cyprus.com\/de\/#website"},"primaryImageOfPage":{"@id":"https:\/\/www.cbh-cyprus.com\/de\/nutzungsvertrag\/#primaryimage"},"image":{"@id":"https:\/\/www.cbh-cyprus.com\/de\/nutzungsvertrag\/#primaryimage"},"thumbnailUrl":"https:\/\/www.cbh-cyprus.com\/app\/uploads\/sites\/30\/2019\/10\/athena-royal-beach-hotel-cabanas_resized.jpg","datePublished":"2019-11-01T14:45:48+00:00","dateModified":"2024-07-23T09:16:20+00:00","description":"Hier finden Sie alle notwendigen Informationen \u00fcber die Nutzungsbedingungen von Constantinou Bros Hotels in Paphos, Zypern.","breadcrumb":{"@id":"https:\/\/www.cbh-cyprus.com\/de\/nutzungsvertrag\/#breadcrumb"},"inLanguage":"de","potentialAction":[{"@type":"ReadAction","target":["https:\/\/www.cbh-cyprus.com\/de\/nutzungsvertrag\/"]}]},{"@type":"ImageObject","inLanguage":"de","@id":"https:\/\/www.cbh-cyprus.com\/de\/nutzungsvertrag\/#primaryimage","url":"https:\/\/www.cbh-cyprus.com\/app\/uploads\/sites\/30\/2019\/10\/athena-royal-beach-hotel-cabanas_resized.jpg","contentUrl":"https:\/\/www.cbh-cyprus.com\/app\/uploads\/sites\/30\/2019\/10\/athena-royal-beach-hotel-cabanas_resized.jpg","width":1920,"height":1160,"caption":"A Tranquil World"},{"@type":"BreadcrumbList","@id":"https:\/\/www.cbh-cyprus.com\/de\/nutzungsvertrag\/#breadcrumb","itemListElement":[{"@type":"ListItem","position":1,"name":"Home","item":"https:\/\/www.cbh-cyprus.com\/de\/willkommen-in-den-constantinou-bros-hotels\/"},{"@type":"ListItem","position":2,"name":"Benutzervereinbarung"}]},{"@type":"WebSite","@id":"https:\/\/www.cbh-cyprus.com\/de\/#website","url":"https:\/\/www.cbh-cyprus.com\/de\/","name":"Constantinou Bros Hotels","description":"Constantinou Bros Hotels","publisher":{"@id":"https:\/\/www.cbh-cyprus.com\/de\/#organization"},"potentialAction":[{"@type":"SearchAction","target":{"@type":"EntryPoint","urlTemplate":"https:\/\/www.cbh-cyprus.com\/de\/?s={search_term_string}"},"query-input":{"@type":"PropertyValueSpecification","valueRequired":true,"valueName":"search_term_string"}}],"inLanguage":"de"},{"@type":"Organization","@id":"https:\/\/www.cbh-cyprus.com\/de\/#organization","name":"Constantinou Bros Hotels","url":"https:\/\/www.cbh-cyprus.com\/de\/","logo":{"@type":"ImageObject","inLanguage":"de","@id":"https:\/\/www.cbh-cyprus.com\/de\/#\/schema\/logo\/image\/","url":"https:\/\/www.cbh-cyprus.com\/app\/uploads\/sites\/30\/2020\/10\/cbh.jpg","contentUrl":"https:\/\/www.cbh-cyprus.com\/app\/uploads\/sites\/30\/2020\/10\/cbh.jpg","width":1013,"height":419,"caption":"Constantinou Bros Hotels"},"image":{"@id":"https:\/\/www.cbh-cyprus.com\/de\/#\/schema\/logo\/image\/"}}]}},"_links":{"self":[{"href":"https:\/\/www.cbh-cyprus.com\/de\/wp-json\/wp\/v2\/pages\/2752","targetHints":{"allow":["GET"]}}],"collection":[{"href":"https:\/\/www.cbh-cyprus.com\/de\/wp-json\/wp\/v2\/pages"}],"about":[{"href":"https:\/\/www.cbh-cyprus.com\/de\/wp-json\/wp\/v2\/types\/page"}],"author":[{"embeddable":true,"href":"https:\/\/www.cbh-cyprus.com\/de\/wp-json\/wp\/v2\/users\/100"}],"replies":[{"embeddable":true,"href":"https:\/\/www.cbh-cyprus.com\/de\/wp-json\/wp\/v2\/comments?post=2752"}],"version-history":[{"count":3,"href":"https:\/\/www.cbh-cyprus.com\/de\/wp-json\/wp\/v2\/pages\/2752\/revisions"}],"predecessor-version":[{"id":37157,"href":"https:\/\/www.cbh-cyprus.com\/de\/wp-json\/wp\/v2\/pages\/2752\/revisions\/37157"}],"wp:featuredmedia":[{"embeddable":true,"href":"https:\/\/www.cbh-cyprus.com\/de\/wp-json\/wp\/v2\/media\/2252"}],"wp:attachment":[{"href":"https:\/\/www.cbh-cyprus.com\/de\/wp-json\/wp\/v2\/media?parent=2752"}],"curies":[{"name":"wp","href":"https:\/\/api.w.org\/{rel}","templated":true}]}}