{"id":2759,"date":"2019-06-12T11:20:30","date_gmt":"2019-06-12T08:20:30","guid":{"rendered":"http:\/\/cbh-cyprus.cms4.nelios.com\/weddings\/"},"modified":"2025-05-05T15:11:37","modified_gmt":"2025-05-05T12:11:37","slug":"hochzeiten","status":"publish","type":"page","link":"https:\/\/www.cbh-cyprus.com\/de\/hochzeiten\/","title":{"rendered":"Hochzeiten"},"content":{"rendered":"<h1 class=\"home-pages-title title-size text-center pt-5 font-regular\"><a href=\"https:\/\/www.athena-cbh.com\/weddings\/\">Athena Beach Hotel<\/a> &#8211; Die perfekte Kulisse am Strand f\u00fcr m\u00e4rchenhafte Hochzeiten in Paphos<\/h1>\n<p>&nbsp;<\/p>\n<p>Geben Sie Ihr Eheversprechen auf der sonnenverw\u00f6hnten Insel Zypern, dem Geburtsort von Aphrodite, der G\u00f6ttin der Sch\u00f6nheit und der Liebe.<\/p>\n<p>Verst\u00e4ndlicherweise haben Sie von Ihrem gro\u00dfen Tag getr\u00e4umt und m\u00f6chten, dass alles perfekt ist. Zypern kann der perfekte Ort f\u00fcr Ihre Hochzeit sein: einfache Heiratsgesetze, bequeme Flugverbindungen zu allen gro\u00dfen europ\u00e4ischen St\u00e4dten, wunderbares mediterranes Klima, freundliche l\u00e4chelnde Menschen. Und wenn Sie die Entscheidung getroffen und die Fl\u00fcge gebucht haben, lassen Sie einfach das Hochzeitsteam von Constantinou Bros Hotels die ganze harte Arbeit f\u00fcr Sie erledigen.  <\/p>\n<p>Unser Team wird Ihnen bei der Organisation Ihres besonderen Tages helfen. Wenn Sie sich f\u00fcr Letzteres entscheiden, aber keine Lust auf das traditionelle Rathaus haben, k\u00f6nnen Sie zwischen unserem Veranstaltungsort am Strand oder unserem Pavillon in den \u00fcppigen G\u00e4rten unseres Hotels w\u00e4hlen. <\/p>\n<p>Wir k\u00f6nnen fast alles f\u00fcr Sie erledigen: den notwendigen Papierkram organisieren, Blumen, Torte, Fotografie, Transport, Haar- und Sch\u00f6nheitsbehandlungen und nat\u00fcrlich die Hochzeitsfeier&#8230; was immer Sie wollen, wir k\u00fcmmern uns darum!<\/p>\n<p>Hei\u00dfen Sie Ihre G\u00e4ste in den entspannenden G\u00e4rten des <a href=\"https:\/\/www.athena-cbh.com\/weddings\/\">Athena Beach Hotels<\/a> willkommen und genie\u00dfen Sie den Empfang, den wir mit Ihrer Auswahl aus unseren k\u00f6stlichen Men\u00fcs vorbereiten werden. Nach Ihrem wunderbaren Empfangsdinner k\u00f6nnen Sie die Party in unserem \u00fcberdachten Partyraum fortsetzen, wo Sie mit unserem erfahrenen DJ die Nacht durchtanzen k\u00f6nnen. Beginnen Sie Ihr neues Leben in einem unserer luxuri\u00f6sen Zimmer oder Suiten und lassen Sie Ihre Traumhochzeit wahr werden.  <\/p>\n<p>Ihre eigene Traumhochzeit!<\/p>\n<p>Wenn Sie hingegen Ihr Ehegel\u00fcbde f\u00fcr die ewige Liebe bereits abgelegt haben, kommen Sie f\u00fcr unvergessliche Flitterwochen nach Zypern. Unsere komfortablen Zimmer und Suiten, die ausgezeichneten Freizeiteinrichtungen, die gute K\u00fcche und der aufmerksame Service werden dazu beitragen, dass Sie Ihre gl\u00fccklichsten Tage noch mehr genie\u00dfen k\u00f6nnen! <\/p>\n<p>F\u00fcr weitere Informationen zu unserem Hochzeitspaket kontaktieren Sie uns bitte unter <a href=\"mailto:weddings@athena-cbh.com\">weddings@athena-cbh.com.<\/a><\/p>\n<p class=\"article_bold\">F\u00fcr weitere Informationen \u00fcber unsere Hochzeitslocations und Pakete besuchen Sie bitte das <a href=\"https:\/\/athena-cbh.com\/weddings\/\" target=\"_blank\" rel=\"noopener noreferrer\">Athena Beach Hotel<\/a>.<\/p>\n","protected":false},"excerpt":{"rendered":"<p>Athena Beach Hotel &#8211; Die perfekte Kulisse am Strand f\u00fcr m\u00e4rchenhafte Hochzeiten in Paphos &nbsp; Geben Sie Ihr Eheversprechen auf der sonnenverw\u00f6hnten Insel Zypern, dem Geburtsort von Aphrodite, der G\u00f6ttin der Sch\u00f6nheit und der Liebe. Verst\u00e4ndlicherweise haben Sie von Ihrem gro\u00dfen Tag getr\u00e4umt und m\u00f6chten, dass alles perfekt ist. Zypern kann der perfekte Ort f\u00fcr<\/p>\n","protected":false},"author":100,"featured_media":19372,"parent":0,"menu_order":0,"comment_status":"closed","ping_status":"closed","template":"","meta":{"_acf_changed":false,"footnotes":""},"class_list":["post-2759","page","type-page","status-publish","has-post-thumbnail","hentry"],"acf":[],"yoast_head":"<!-- This site is optimized with the Yoast SEO plugin v27.3 - https:\/\/yoast.com\/product\/yoast-seo-wordpress\/ -->\n<title>M\u00e4rchenhafte Hochzeiten direkt am Strand in Paphos || Constantinou Hotels<\/title>\n<meta name=\"description\" content=\"Die Constantinou Bros Hotels sind so konzipiert, dass sie die traumhafte Kulisse f\u00fcr die m\u00e4rchenhaftesten Hochzeiten am Strand von Paphos bilden, die Sie sich je vorgestellt haben.\" \/>\n<meta name=\"robots\" content=\"index, follow, max-snippet:-1, max-image-preview:large, max-video-preview:-1\" \/>\n<link rel=\"canonical\" href=\"https:\/\/www.cbh-cyprus.com\/de\/hochzeiten\/\" \/>\n<meta property=\"og:locale\" content=\"de_DE\" \/>\n<meta property=\"og:type\" content=\"article\" \/>\n<meta property=\"og:title\" content=\"M\u00e4rchenhafte Hochzeiten direkt am Strand in Paphos || Constantinou Hotels\" \/>\n<meta property=\"og:description\" content=\"Die Constantinou Bros Hotels sind so konzipiert, dass sie die traumhafte Kulisse f\u00fcr die m\u00e4rchenhaftesten Hochzeiten am Strand von Paphos bilden, die Sie sich je vorgestellt haben.\" \/>\n<meta property=\"og:url\" content=\"https:\/\/www.cbh-cyprus.com\/de\/hochzeiten\/\" \/>\n<meta property=\"og:site_name\" content=\"Constantinou Bros Hotels\" \/>\n<meta property=\"article:modified_time\" content=\"2025-05-05T12:11:37+00:00\" \/>\n<meta property=\"og:image\" content=\"https:\/\/www.cbh-cyprus.com\/app\/uploads\/sites\/30\/2022\/07\/90-ATHENA-BEACH-HOTEL-WEDDING-GAZEBO-scaled.jpg\" \/>\n\t<meta property=\"og:image:width\" content=\"4128\" \/>\n\t<meta property=\"og:image:height\" content=\"2752\" \/>\n\t<meta property=\"og:image:type\" content=\"image\/jpeg\" \/>\n<meta name=\"twitter:card\" content=\"summary_large_image\" \/>\n<meta name=\"twitter:label1\" content=\"Gesch\u00e4tzte Lesezeit\" \/>\n\t<meta name=\"twitter:data1\" content=\"2\u00a0Minuten\" \/>\n<script type=\"application\/ld+json\" class=\"yoast-schema-graph\">{\"@context\":\"https:\\\/\\\/schema.org\",\"@graph\":[{\"@type\":\"WebPage\",\"@id\":\"https:\\\/\\\/www.cbh-cyprus.com\\\/de\\\/hochzeiten\\\/\",\"url\":\"https:\\\/\\\/www.cbh-cyprus.com\\\/de\\\/hochzeiten\\\/\",\"name\":\"M\u00e4rchenhafte Hochzeiten direkt am Strand in Paphos || Constantinou Hotels\",\"isPartOf\":{\"@id\":\"https:\\\/\\\/www.cbh-cyprus.com\\\/de\\\/#website\"},\"primaryImageOfPage\":{\"@id\":\"https:\\\/\\\/www.cbh-cyprus.com\\\/de\\\/hochzeiten\\\/#primaryimage\"},\"image\":{\"@id\":\"https:\\\/\\\/www.cbh-cyprus.com\\\/de\\\/hochzeiten\\\/#primaryimage\"},\"thumbnailUrl\":\"https:\\\/\\\/www.cbh-cyprus.com\\\/app\\\/uploads\\\/sites\\\/30\\\/2022\\\/07\\\/90-ATHENA-BEACH-HOTEL-WEDDING-GAZEBO-scaled.jpg\",\"datePublished\":\"2019-06-12T08:20:30+00:00\",\"dateModified\":\"2025-05-05T12:11:37+00:00\",\"description\":\"Die Constantinou Bros Hotels sind so konzipiert, dass sie die traumhafte Kulisse f\u00fcr die m\u00e4rchenhaftesten Hochzeiten am Strand von Paphos bilden, die Sie sich je vorgestellt haben.\",\"breadcrumb\":{\"@id\":\"https:\\\/\\\/www.cbh-cyprus.com\\\/de\\\/hochzeiten\\\/#breadcrumb\"},\"inLanguage\":\"de\",\"potentialAction\":[{\"@type\":\"ReadAction\",\"target\":[\"https:\\\/\\\/www.cbh-cyprus.com\\\/de\\\/hochzeiten\\\/\"]}]},{\"@type\":\"ImageObject\",\"inLanguage\":\"de\",\"@id\":\"https:\\\/\\\/www.cbh-cyprus.com\\\/de\\\/hochzeiten\\\/#primaryimage\",\"url\":\"https:\\\/\\\/www.cbh-cyprus.com\\\/app\\\/uploads\\\/sites\\\/30\\\/2022\\\/07\\\/90-ATHENA-BEACH-HOTEL-WEDDING-GAZEBO-scaled.jpg\",\"contentUrl\":\"https:\\\/\\\/www.cbh-cyprus.com\\\/app\\\/uploads\\\/sites\\\/30\\\/2022\\\/07\\\/90-ATHENA-BEACH-HOTEL-WEDDING-GAZEBO-scaled.jpg\",\"width\":4128,\"height\":2752},{\"@type\":\"BreadcrumbList\",\"@id\":\"https:\\\/\\\/www.cbh-cyprus.com\\\/de\\\/hochzeiten\\\/#breadcrumb\",\"itemListElement\":[{\"@type\":\"ListItem\",\"position\":1,\"name\":\"Home\",\"item\":\"https:\\\/\\\/www.cbh-cyprus.com\\\/de\\\/willkommen-in-den-constantinou-bros-hotels\\\/\"},{\"@type\":\"ListItem\",\"position\":2,\"name\":\"Hochzeiten\"}]},{\"@type\":\"WebSite\",\"@id\":\"https:\\\/\\\/www.cbh-cyprus.com\\\/de\\\/#website\",\"url\":\"https:\\\/\\\/www.cbh-cyprus.com\\\/de\\\/\",\"name\":\"Constantinou Bros Hotels\",\"description\":\"Constantinou Bros Hotels\",\"publisher\":{\"@id\":\"https:\\\/\\\/www.cbh-cyprus.com\\\/de\\\/#organization\"},\"potentialAction\":[{\"@type\":\"SearchAction\",\"target\":{\"@type\":\"EntryPoint\",\"urlTemplate\":\"https:\\\/\\\/www.cbh-cyprus.com\\\/de\\\/?s={search_term_string}\"},\"query-input\":{\"@type\":\"PropertyValueSpecification\",\"valueRequired\":true,\"valueName\":\"search_term_string\"}}],\"inLanguage\":\"de\"},{\"@type\":\"Organization\",\"@id\":\"https:\\\/\\\/www.cbh-cyprus.com\\\/de\\\/#organization\",\"name\":\"Constantinou Bros Hotels\",\"url\":\"https:\\\/\\\/www.cbh-cyprus.com\\\/de\\\/\",\"logo\":{\"@type\":\"ImageObject\",\"inLanguage\":\"de\",\"@id\":\"https:\\\/\\\/www.cbh-cyprus.com\\\/de\\\/#\\\/schema\\\/logo\\\/image\\\/\",\"url\":\"https:\\\/\\\/www.cbh-cyprus.com\\\/app\\\/uploads\\\/sites\\\/30\\\/2020\\\/10\\\/cbh.jpg\",\"contentUrl\":\"https:\\\/\\\/www.cbh-cyprus.com\\\/app\\\/uploads\\\/sites\\\/30\\\/2020\\\/10\\\/cbh.jpg\",\"width\":1013,\"height\":419,\"caption\":\"Constantinou Bros Hotels\"},\"image\":{\"@id\":\"https:\\\/\\\/www.cbh-cyprus.com\\\/de\\\/#\\\/schema\\\/logo\\\/image\\\/\"}}]}<\/script>\n<!-- \/ Yoast SEO plugin. -->","yoast_head_json":{"title":"M\u00e4rchenhafte Hochzeiten direkt am Strand in Paphos || Constantinou Hotels","description":"Die Constantinou Bros Hotels sind so konzipiert, dass sie die traumhafte Kulisse f\u00fcr die m\u00e4rchenhaftesten Hochzeiten am Strand von Paphos bilden, die Sie sich je vorgestellt haben.","robots":{"index":"index","follow":"follow","max-snippet":"max-snippet:-1","max-image-preview":"max-image-preview:large","max-video-preview":"max-video-preview:-1"},"canonical":"https:\/\/www.cbh-cyprus.com\/de\/hochzeiten\/","og_locale":"de_DE","og_type":"article","og_title":"M\u00e4rchenhafte Hochzeiten direkt am Strand in Paphos || Constantinou Hotels","og_description":"Die Constantinou Bros Hotels sind so konzipiert, dass sie die traumhafte Kulisse f\u00fcr die m\u00e4rchenhaftesten Hochzeiten am Strand von Paphos bilden, die Sie sich je vorgestellt haben.","og_url":"https:\/\/www.cbh-cyprus.com\/de\/hochzeiten\/","og_site_name":"Constantinou Bros Hotels","article_modified_time":"2025-05-05T12:11:37+00:00","og_image":[{"width":4128,"height":2752,"url":"https:\/\/www.cbh-cyprus.com\/app\/uploads\/sites\/30\/2022\/07\/90-ATHENA-BEACH-HOTEL-WEDDING-GAZEBO-scaled.jpg","type":"image\/jpeg"}],"twitter_card":"summary_large_image","twitter_misc":{"Gesch\u00e4tzte Lesezeit":"2\u00a0Minuten"},"schema":{"@context":"https:\/\/schema.org","@graph":[{"@type":"WebPage","@id":"https:\/\/www.cbh-cyprus.com\/de\/hochzeiten\/","url":"https:\/\/www.cbh-cyprus.com\/de\/hochzeiten\/","name":"M\u00e4rchenhafte Hochzeiten direkt am Strand in Paphos || Constantinou Hotels","isPartOf":{"@id":"https:\/\/www.cbh-cyprus.com\/de\/#website"},"primaryImageOfPage":{"@id":"https:\/\/www.cbh-cyprus.com\/de\/hochzeiten\/#primaryimage"},"image":{"@id":"https:\/\/www.cbh-cyprus.com\/de\/hochzeiten\/#primaryimage"},"thumbnailUrl":"https:\/\/www.cbh-cyprus.com\/app\/uploads\/sites\/30\/2022\/07\/90-ATHENA-BEACH-HOTEL-WEDDING-GAZEBO-scaled.jpg","datePublished":"2019-06-12T08:20:30+00:00","dateModified":"2025-05-05T12:11:37+00:00","description":"Die Constantinou Bros Hotels sind so konzipiert, dass sie die traumhafte Kulisse f\u00fcr die m\u00e4rchenhaftesten Hochzeiten am Strand von Paphos bilden, die Sie sich je vorgestellt haben.","breadcrumb":{"@id":"https:\/\/www.cbh-cyprus.com\/de\/hochzeiten\/#breadcrumb"},"inLanguage":"de","potentialAction":[{"@type":"ReadAction","target":["https:\/\/www.cbh-cyprus.com\/de\/hochzeiten\/"]}]},{"@type":"ImageObject","inLanguage":"de","@id":"https:\/\/www.cbh-cyprus.com\/de\/hochzeiten\/#primaryimage","url":"https:\/\/www.cbh-cyprus.com\/app\/uploads\/sites\/30\/2022\/07\/90-ATHENA-BEACH-HOTEL-WEDDING-GAZEBO-scaled.jpg","contentUrl":"https:\/\/www.cbh-cyprus.com\/app\/uploads\/sites\/30\/2022\/07\/90-ATHENA-BEACH-HOTEL-WEDDING-GAZEBO-scaled.jpg","width":4128,"height":2752},{"@type":"BreadcrumbList","@id":"https:\/\/www.cbh-cyprus.com\/de\/hochzeiten\/#breadcrumb","itemListElement":[{"@type":"ListItem","position":1,"name":"Home","item":"https:\/\/www.cbh-cyprus.com\/de\/willkommen-in-den-constantinou-bros-hotels\/"},{"@type":"ListItem","position":2,"name":"Hochzeiten"}]},{"@type":"WebSite","@id":"https:\/\/www.cbh-cyprus.com\/de\/#website","url":"https:\/\/www.cbh-cyprus.com\/de\/","name":"Constantinou Bros Hotels","description":"Constantinou Bros Hotels","publisher":{"@id":"https:\/\/www.cbh-cyprus.com\/de\/#organization"},"potentialAction":[{"@type":"SearchAction","target":{"@type":"EntryPoint","urlTemplate":"https:\/\/www.cbh-cyprus.com\/de\/?s={search_term_string}"},"query-input":{"@type":"PropertyValueSpecification","valueRequired":true,"valueName":"search_term_string"}}],"inLanguage":"de"},{"@type":"Organization","@id":"https:\/\/www.cbh-cyprus.com\/de\/#organization","name":"Constantinou Bros Hotels","url":"https:\/\/www.cbh-cyprus.com\/de\/","logo":{"@type":"ImageObject","inLanguage":"de","@id":"https:\/\/www.cbh-cyprus.com\/de\/#\/schema\/logo\/image\/","url":"https:\/\/www.cbh-cyprus.com\/app\/uploads\/sites\/30\/2020\/10\/cbh.jpg","contentUrl":"https:\/\/www.cbh-cyprus.com\/app\/uploads\/sites\/30\/2020\/10\/cbh.jpg","width":1013,"height":419,"caption":"Constantinou Bros Hotels"},"image":{"@id":"https:\/\/www.cbh-cyprus.com\/de\/#\/schema\/logo\/image\/"}}]}},"_links":{"self":[{"href":"https:\/\/www.cbh-cyprus.com\/de\/wp-json\/wp\/v2\/pages\/2759","targetHints":{"allow":["GET"]}}],"collection":[{"href":"https:\/\/www.cbh-cyprus.com\/de\/wp-json\/wp\/v2\/pages"}],"about":[{"href":"https:\/\/www.cbh-cyprus.com\/de\/wp-json\/wp\/v2\/types\/page"}],"author":[{"embeddable":true,"href":"https:\/\/www.cbh-cyprus.com\/de\/wp-json\/wp\/v2\/users\/100"}],"replies":[{"embeddable":true,"href":"https:\/\/www.cbh-cyprus.com\/de\/wp-json\/wp\/v2\/comments?post=2759"}],"version-history":[{"count":7,"href":"https:\/\/www.cbh-cyprus.com\/de\/wp-json\/wp\/v2\/pages\/2759\/revisions"}],"predecessor-version":[{"id":44131,"href":"https:\/\/www.cbh-cyprus.com\/de\/wp-json\/wp\/v2\/pages\/2759\/revisions\/44131"}],"wp:featuredmedia":[{"embeddable":true,"href":"https:\/\/www.cbh-cyprus.com\/de\/wp-json\/wp\/v2\/media\/19372"}],"wp:attachment":[{"href":"https:\/\/www.cbh-cyprus.com\/de\/wp-json\/wp\/v2\/media?parent=2759"}],"curies":[{"name":"wp","href":"https:\/\/api.w.org\/{rel}","templated":true}]}}