{"id":2832,"date":"2019-05-16T13:08:41","date_gmt":"2019-05-16T10:08:41","guid":{"rendered":"http:\/\/cbh-cyprus.cms4.nelios.com\/activities\/bowling-holidays\/"},"modified":"2025-05-05T15:11:38","modified_gmt":"2025-05-05T12:11:38","slug":"bowling-urlaub","status":"publish","type":"page","link":"https:\/\/www.cbh-cyprus.com\/de\/aktivitaten\/bowling-urlaub\/","title":{"rendered":"Bowling Ferien"},"content":{"rendered":"<p>Wenn Sie gerne Bowling spielen, sind Zypern und die Constantinou Bros Hotels in Paphos das ideale Ziel f\u00fcr Ihren n\u00e4chsten Urlaub.<\/p>\n<p>Zypern, und insbesondere Paphos, bietet ein Klima mit besonders milden, warmen Wintern und strahlend hei\u00dfen Sommern, freundliche Menschen, eine vielf\u00e4ltige K\u00fcche, gro\u00dfartige historische Sehensw\u00fcrdigkeiten und arch\u00e4ologische St\u00e4tten sowie Bowling Greens auf h\u00f6chstem internationalem Niveau.<\/p>\n<p>Die Constantinou Bros Hotels liegen alle direkt am Strand und verf\u00fcgen \u00fcber eine Vielzahl von Einrichtungen und Annehmlichkeiten. K\u00fcrzlich haben wir unsere Bowling-Anlagen erweitert und sie zu den gr\u00f6\u00dften und beeindruckendsten in Europa au\u00dferhalb Gro\u00dfbritanniens gemacht. Zwischen dem Athena Beach Hotel und dem Athena Royal Beach Hotel gibt es 18 Green Bowls-Bahnen in voller Gr\u00f6\u00dfe und zus\u00e4tzlich 12 \u00fcberdachte Kurzmattenbahnen sowie auf Anfrage eine 4-Bahnen-Anlage im nahe gelegenen Pioneer Beach Hotel. <\/p>\n<p>Genie\u00dfen Sie einen herrlichen Urlaub und gleichzeitig Ihr Lieblingsspiel. \u00dcberlassen Sie uns alle Vorbereitungen und Ihnen das Vergn\u00fcgen!<\/p>\n<p>Das Athena Beach Hotel und das Athena Royal Beach Hotel sind sowohl bei Einzelbowlern als auch bei Gruppen sehr beliebt. Die Hotels bieten den Extra-Bonus britischer, ortsans\u00e4ssiger Bowls-Koordinatoren, die Spiele und Wettk\u00e4mpfe f\u00fcr tourende Clubs organisieren und Einzelspielern die M\u00f6glichkeit bieten, an den Bowls-Programmen teilzunehmen, die Drives, Knockouts, Fun-Bowls und Learn-to-Bowls-Sessions umfassen. <\/p>\n<p>&nbsp;<\/p>\n","protected":false},"excerpt":{"rendered":"<p>Wenn Sie gerne Bowling spielen, sind Zypern und die Constantinou Bros Hotels in Paphos das ideale Ziel f\u00fcr Ihren n\u00e4chsten Urlaub. Zypern, und insbesondere Paphos, bietet ein Klima mit besonders milden, warmen Wintern und strahlend hei\u00dfen Sommern, freundliche Menschen, eine vielf\u00e4ltige K\u00fcche, gro\u00dfartige historische Sehensw\u00fcrdigkeiten und arch\u00e4ologische St\u00e4tten sowie Bowling Greens auf h\u00f6chstem internationalem Niveau.<\/p>\n","protected":false},"author":100,"featured_media":1854,"parent":2555,"menu_order":0,"comment_status":"closed","ping_status":"closed","template":"page-templates\/simple-list.php","meta":{"_acf_changed":false,"footnotes":""},"class_list":["post-2832","page","type-page","status-publish","has-post-thumbnail","hentry"],"acf":[],"yoast_head":"<!-- This site is optimized with the Yoast SEO plugin v27.3 - https:\/\/yoast.com\/product\/yoast-seo-wordpress\/ -->\n<title>Bowling Urlaub in Zypern, Paphos Strand || Constantinou Bros Hotels<\/title>\n<meta name=\"description\" content=\"Die Constantinou Bros Hotels am Strand von Paphos sind der perfekte Ort f\u00fcr Ihren Bowling-Urlaub auf Zypern, mit den bisher umfangreichsten Bowling-Einrichtungen!\" \/>\n<meta name=\"robots\" content=\"index, follow, max-snippet:-1, max-image-preview:large, max-video-preview:-1\" \/>\n<link rel=\"canonical\" href=\"https:\/\/www.cbh-cyprus.com\/de\/aktivitaten\/bowling-urlaub\/\" \/>\n<meta property=\"og:locale\" content=\"de_DE\" \/>\n<meta property=\"og:type\" content=\"article\" \/>\n<meta property=\"og:title\" content=\"Bowling Urlaub in Zypern, Paphos Strand || Constantinou Bros Hotels\" \/>\n<meta property=\"og:description\" content=\"Die Constantinou Bros Hotels am Strand von Paphos sind der perfekte Ort f\u00fcr Ihren Bowling-Urlaub auf Zypern, mit den bisher umfangreichsten Bowling-Einrichtungen!\" \/>\n<meta property=\"og:url\" content=\"https:\/\/www.cbh-cyprus.com\/de\/aktivitaten\/bowling-urlaub\/\" \/>\n<meta property=\"og:site_name\" content=\"Constantinou Bros Hotels\" \/>\n<meta property=\"article:modified_time\" content=\"2025-05-05T12:11:38+00:00\" \/>\n<meta property=\"og:image\" content=\"https:\/\/www.cbh-cyprus.com\/app\/uploads\/sites\/30\/2019\/05\/athena-beach-hotel-bowling-greens_resized.jpg\" \/>\n\t<meta property=\"og:image:width\" content=\"1920\" \/>\n\t<meta property=\"og:image:height\" content=\"1275\" \/>\n\t<meta property=\"og:image:type\" content=\"image\/jpeg\" \/>\n<meta name=\"twitter:card\" content=\"summary_large_image\" \/>\n<meta name=\"twitter:label1\" content=\"Gesch\u00e4tzte Lesezeit\" \/>\n\t<meta name=\"twitter:data1\" content=\"2\u00a0Minuten\" \/>\n<script type=\"application\/ld+json\" class=\"yoast-schema-graph\">{\"@context\":\"https:\\\/\\\/schema.org\",\"@graph\":[{\"@type\":\"WebPage\",\"@id\":\"https:\\\/\\\/www.cbh-cyprus.com\\\/de\\\/aktivitaten\\\/bowling-urlaub\\\/\",\"url\":\"https:\\\/\\\/www.cbh-cyprus.com\\\/de\\\/aktivitaten\\\/bowling-urlaub\\\/\",\"name\":\"Bowling Urlaub in Zypern, Paphos Strand || Constantinou Bros Hotels\",\"isPartOf\":{\"@id\":\"https:\\\/\\\/www.cbh-cyprus.com\\\/de\\\/#website\"},\"primaryImageOfPage\":{\"@id\":\"https:\\\/\\\/www.cbh-cyprus.com\\\/de\\\/aktivitaten\\\/bowling-urlaub\\\/#primaryimage\"},\"image\":{\"@id\":\"https:\\\/\\\/www.cbh-cyprus.com\\\/de\\\/aktivitaten\\\/bowling-urlaub\\\/#primaryimage\"},\"thumbnailUrl\":\"https:\\\/\\\/www.cbh-cyprus.com\\\/app\\\/uploads\\\/sites\\\/30\\\/2019\\\/05\\\/athena-beach-hotel-bowling-greens_resized.jpg\",\"datePublished\":\"2019-05-16T10:08:41+00:00\",\"dateModified\":\"2025-05-05T12:11:38+00:00\",\"description\":\"Die Constantinou Bros Hotels am Strand von Paphos sind der perfekte Ort f\u00fcr Ihren Bowling-Urlaub auf Zypern, mit den bisher umfangreichsten Bowling-Einrichtungen!\",\"breadcrumb\":{\"@id\":\"https:\\\/\\\/www.cbh-cyprus.com\\\/de\\\/aktivitaten\\\/bowling-urlaub\\\/#breadcrumb\"},\"inLanguage\":\"de\",\"potentialAction\":[{\"@type\":\"ReadAction\",\"target\":[\"https:\\\/\\\/www.cbh-cyprus.com\\\/de\\\/aktivitaten\\\/bowling-urlaub\\\/\"]}]},{\"@type\":\"ImageObject\",\"inLanguage\":\"de\",\"@id\":\"https:\\\/\\\/www.cbh-cyprus.com\\\/de\\\/aktivitaten\\\/bowling-urlaub\\\/#primaryimage\",\"url\":\"https:\\\/\\\/www.cbh-cyprus.com\\\/app\\\/uploads\\\/sites\\\/30\\\/2019\\\/05\\\/athena-beach-hotel-bowling-greens_resized.jpg\",\"contentUrl\":\"https:\\\/\\\/www.cbh-cyprus.com\\\/app\\\/uploads\\\/sites\\\/30\\\/2019\\\/05\\\/athena-beach-hotel-bowling-greens_resized.jpg\",\"width\":1920,\"height\":1275},{\"@type\":\"BreadcrumbList\",\"@id\":\"https:\\\/\\\/www.cbh-cyprus.com\\\/de\\\/aktivitaten\\\/bowling-urlaub\\\/#breadcrumb\",\"itemListElement\":[{\"@type\":\"ListItem\",\"position\":1,\"name\":\"Home\",\"item\":\"https:\\\/\\\/www.cbh-cyprus.com\\\/de\\\/willkommen-in-den-constantinou-bros-hotels\\\/\"},{\"@type\":\"ListItem\",\"position\":2,\"name\":\"Aktivit\u00e4ten\",\"item\":\"https:\\\/\\\/www.cbh-cyprus.com\\\/de\\\/aktivitaten\\\/\"},{\"@type\":\"ListItem\",\"position\":3,\"name\":\"Bowling Ferien\"}]},{\"@type\":\"WebSite\",\"@id\":\"https:\\\/\\\/www.cbh-cyprus.com\\\/de\\\/#website\",\"url\":\"https:\\\/\\\/www.cbh-cyprus.com\\\/de\\\/\",\"name\":\"Constantinou Bros Hotels\",\"description\":\"Constantinou Bros Hotels\",\"publisher\":{\"@id\":\"https:\\\/\\\/www.cbh-cyprus.com\\\/de\\\/#organization\"},\"potentialAction\":[{\"@type\":\"SearchAction\",\"target\":{\"@type\":\"EntryPoint\",\"urlTemplate\":\"https:\\\/\\\/www.cbh-cyprus.com\\\/de\\\/?s={search_term_string}\"},\"query-input\":{\"@type\":\"PropertyValueSpecification\",\"valueRequired\":true,\"valueName\":\"search_term_string\"}}],\"inLanguage\":\"de\"},{\"@type\":\"Organization\",\"@id\":\"https:\\\/\\\/www.cbh-cyprus.com\\\/de\\\/#organization\",\"name\":\"Constantinou Bros Hotels\",\"url\":\"https:\\\/\\\/www.cbh-cyprus.com\\\/de\\\/\",\"logo\":{\"@type\":\"ImageObject\",\"inLanguage\":\"de\",\"@id\":\"https:\\\/\\\/www.cbh-cyprus.com\\\/de\\\/#\\\/schema\\\/logo\\\/image\\\/\",\"url\":\"https:\\\/\\\/www.cbh-cyprus.com\\\/app\\\/uploads\\\/sites\\\/30\\\/2020\\\/10\\\/cbh.jpg\",\"contentUrl\":\"https:\\\/\\\/www.cbh-cyprus.com\\\/app\\\/uploads\\\/sites\\\/30\\\/2020\\\/10\\\/cbh.jpg\",\"width\":1013,\"height\":419,\"caption\":\"Constantinou Bros Hotels\"},\"image\":{\"@id\":\"https:\\\/\\\/www.cbh-cyprus.com\\\/de\\\/#\\\/schema\\\/logo\\\/image\\\/\"}}]}<\/script>\n<!-- \/ Yoast SEO plugin. -->","yoast_head_json":{"title":"Bowling Urlaub in Zypern, Paphos Strand || Constantinou Bros Hotels","description":"Die Constantinou Bros Hotels am Strand von Paphos sind der perfekte Ort f\u00fcr Ihren Bowling-Urlaub auf Zypern, mit den bisher umfangreichsten Bowling-Einrichtungen!","robots":{"index":"index","follow":"follow","max-snippet":"max-snippet:-1","max-image-preview":"max-image-preview:large","max-video-preview":"max-video-preview:-1"},"canonical":"https:\/\/www.cbh-cyprus.com\/de\/aktivitaten\/bowling-urlaub\/","og_locale":"de_DE","og_type":"article","og_title":"Bowling Urlaub in Zypern, Paphos Strand || Constantinou Bros Hotels","og_description":"Die Constantinou Bros Hotels am Strand von Paphos sind der perfekte Ort f\u00fcr Ihren Bowling-Urlaub auf Zypern, mit den bisher umfangreichsten Bowling-Einrichtungen!","og_url":"https:\/\/www.cbh-cyprus.com\/de\/aktivitaten\/bowling-urlaub\/","og_site_name":"Constantinou Bros Hotels","article_modified_time":"2025-05-05T12:11:38+00:00","og_image":[{"width":1920,"height":1275,"url":"https:\/\/www.cbh-cyprus.com\/app\/uploads\/sites\/30\/2019\/05\/athena-beach-hotel-bowling-greens_resized.jpg","type":"image\/jpeg"}],"twitter_card":"summary_large_image","twitter_misc":{"Gesch\u00e4tzte Lesezeit":"2\u00a0Minuten"},"schema":{"@context":"https:\/\/schema.org","@graph":[{"@type":"WebPage","@id":"https:\/\/www.cbh-cyprus.com\/de\/aktivitaten\/bowling-urlaub\/","url":"https:\/\/www.cbh-cyprus.com\/de\/aktivitaten\/bowling-urlaub\/","name":"Bowling Urlaub in Zypern, Paphos Strand || Constantinou Bros Hotels","isPartOf":{"@id":"https:\/\/www.cbh-cyprus.com\/de\/#website"},"primaryImageOfPage":{"@id":"https:\/\/www.cbh-cyprus.com\/de\/aktivitaten\/bowling-urlaub\/#primaryimage"},"image":{"@id":"https:\/\/www.cbh-cyprus.com\/de\/aktivitaten\/bowling-urlaub\/#primaryimage"},"thumbnailUrl":"https:\/\/www.cbh-cyprus.com\/app\/uploads\/sites\/30\/2019\/05\/athena-beach-hotel-bowling-greens_resized.jpg","datePublished":"2019-05-16T10:08:41+00:00","dateModified":"2025-05-05T12:11:38+00:00","description":"Die Constantinou Bros Hotels am Strand von Paphos sind der perfekte Ort f\u00fcr Ihren Bowling-Urlaub auf Zypern, mit den bisher umfangreichsten Bowling-Einrichtungen!","breadcrumb":{"@id":"https:\/\/www.cbh-cyprus.com\/de\/aktivitaten\/bowling-urlaub\/#breadcrumb"},"inLanguage":"de","potentialAction":[{"@type":"ReadAction","target":["https:\/\/www.cbh-cyprus.com\/de\/aktivitaten\/bowling-urlaub\/"]}]},{"@type":"ImageObject","inLanguage":"de","@id":"https:\/\/www.cbh-cyprus.com\/de\/aktivitaten\/bowling-urlaub\/#primaryimage","url":"https:\/\/www.cbh-cyprus.com\/app\/uploads\/sites\/30\/2019\/05\/athena-beach-hotel-bowling-greens_resized.jpg","contentUrl":"https:\/\/www.cbh-cyprus.com\/app\/uploads\/sites\/30\/2019\/05\/athena-beach-hotel-bowling-greens_resized.jpg","width":1920,"height":1275},{"@type":"BreadcrumbList","@id":"https:\/\/www.cbh-cyprus.com\/de\/aktivitaten\/bowling-urlaub\/#breadcrumb","itemListElement":[{"@type":"ListItem","position":1,"name":"Home","item":"https:\/\/www.cbh-cyprus.com\/de\/willkommen-in-den-constantinou-bros-hotels\/"},{"@type":"ListItem","position":2,"name":"Aktivit\u00e4ten","item":"https:\/\/www.cbh-cyprus.com\/de\/aktivitaten\/"},{"@type":"ListItem","position":3,"name":"Bowling Ferien"}]},{"@type":"WebSite","@id":"https:\/\/www.cbh-cyprus.com\/de\/#website","url":"https:\/\/www.cbh-cyprus.com\/de\/","name":"Constantinou Bros Hotels","description":"Constantinou Bros Hotels","publisher":{"@id":"https:\/\/www.cbh-cyprus.com\/de\/#organization"},"potentialAction":[{"@type":"SearchAction","target":{"@type":"EntryPoint","urlTemplate":"https:\/\/www.cbh-cyprus.com\/de\/?s={search_term_string}"},"query-input":{"@type":"PropertyValueSpecification","valueRequired":true,"valueName":"search_term_string"}}],"inLanguage":"de"},{"@type":"Organization","@id":"https:\/\/www.cbh-cyprus.com\/de\/#organization","name":"Constantinou Bros Hotels","url":"https:\/\/www.cbh-cyprus.com\/de\/","logo":{"@type":"ImageObject","inLanguage":"de","@id":"https:\/\/www.cbh-cyprus.com\/de\/#\/schema\/logo\/image\/","url":"https:\/\/www.cbh-cyprus.com\/app\/uploads\/sites\/30\/2020\/10\/cbh.jpg","contentUrl":"https:\/\/www.cbh-cyprus.com\/app\/uploads\/sites\/30\/2020\/10\/cbh.jpg","width":1013,"height":419,"caption":"Constantinou Bros Hotels"},"image":{"@id":"https:\/\/www.cbh-cyprus.com\/de\/#\/schema\/logo\/image\/"}}]}},"_links":{"self":[{"href":"https:\/\/www.cbh-cyprus.com\/de\/wp-json\/wp\/v2\/pages\/2832","targetHints":{"allow":["GET"]}}],"collection":[{"href":"https:\/\/www.cbh-cyprus.com\/de\/wp-json\/wp\/v2\/pages"}],"about":[{"href":"https:\/\/www.cbh-cyprus.com\/de\/wp-json\/wp\/v2\/types\/page"}],"author":[{"embeddable":true,"href":"https:\/\/www.cbh-cyprus.com\/de\/wp-json\/wp\/v2\/users\/100"}],"replies":[{"embeddable":true,"href":"https:\/\/www.cbh-cyprus.com\/de\/wp-json\/wp\/v2\/comments?post=2832"}],"version-history":[{"count":8,"href":"https:\/\/www.cbh-cyprus.com\/de\/wp-json\/wp\/v2\/pages\/2832\/revisions"}],"predecessor-version":[{"id":44129,"href":"https:\/\/www.cbh-cyprus.com\/de\/wp-json\/wp\/v2\/pages\/2832\/revisions\/44129"}],"up":[{"embeddable":true,"href":"https:\/\/www.cbh-cyprus.com\/de\/wp-json\/wp\/v2\/pages\/2555"}],"wp:featuredmedia":[{"embeddable":true,"href":"https:\/\/www.cbh-cyprus.com\/de\/wp-json\/wp\/v2\/media\/1854"}],"wp:attachment":[{"href":"https:\/\/www.cbh-cyprus.com\/de\/wp-json\/wp\/v2\/media?parent=2832"}],"curies":[{"name":"wp","href":"https:\/\/api.w.org\/{rel}","templated":true}]}}