{"id":2841,"date":"2019-07-17T18:05:12","date_gmt":"2019-07-17T15:05:12","guid":{"rendered":"http:\/\/cbh-cyprus.cms4.nelios.com\/activities\/bowling-holidays\/bowling-facilities\/"},"modified":"2024-09-13T11:32:30","modified_gmt":"2024-09-13T08:32:30","slug":"bowling-einrichtungen","status":"publish","type":"page","link":"https:\/\/www.cbh-cyprus.com\/de\/aktivitaten\/bowling-urlaub\/bowling-einrichtungen\/","title":{"rendered":"Bowling Einrichtungen"},"content":{"rendered":"<h1>Erstklassige Bowling-Einrichtungen bei Constantinou Bros Hotels<\/h1>\n<h3>Weltklasse-Bowlinganlagen<\/h3>\n<p>  Die \u00e4u\u00dferst erfolgreiche Kombination aus tadellosen Gr\u00fcns, die mit Mastergreen\u00ae-Teppichen ausgelegt sind, und dem hervorragenden Standard der Unterk\u00fcnfte hat diese beiden Hotels zu einer der beliebtesten Entscheidungen f\u00fcr einen Bowlingurlaub im Ausland gemacht. Wir sind sehr stolz darauf, dass wir als Austragungsort f\u00fcr so prestigetr\u00e4chtige Veranstaltungen wie das Premier League Bowls Tournament im Jahr 2010, die Atlantic Championships im Jahr 2011, den World Champion of Champions im Jahr 2012 und das Bowls Cyprus National Finals Turnier im Athena Beach Hotel im Jahr 2019 ausgew\u00e4hlt wurden.  &nbsp;<\/p>\n<p><strong>Unsere fantastischen Bowling-Einrichtungen umfassen:<\/strong><\/p>\n<ul>\n<li>4 Eisbahnen, die sich das 5* Asimina Suites Hotel und das 4* Pioneer Beach Hotel teilen<\/li>\n<li>18 Bocciabahnen im Freien, die sich das luxuri\u00f6se 4* Athena Royal Beach Hotel und das 4* Athena Beach Hotel teilen<\/li>\n<li>3 der Bowls Greens sind f\u00fcr Crown Green Bowling geeignet<\/li>\n<li>6 Indoor-Bowlingbahnen &#8211; (Flat Green)<\/li>\n<li>8 kurze Matte Schalen Teppiche auf Anfrage erh\u00e4ltlich &#8211; Athena Royal Beach Hotel<\/li>\n<li>4 kurze Matte Schalen Teppiche auf Anfrage erh\u00e4ltlich &#8211; Pioneer Beach Hotel<\/li>\n<li>Alle Gr\u00fcns sind mit Mastergreen-Teppich ausgelegt und befinden sich alle auf dem Hotelgel\u00e4nde.<\/li>\n<li>Alle Feiertage werden von unserem Resident Bowls Coordinator ausgerichtet (Okt-Apr)<\/li>\n<li>Wettbewerbe, Spiele, Fun Bowls, K.O.-Runden &amp; Bowling-Training<\/li>\n<li>Flutlichtschalen verf\u00fcgbar (M\u00fcnzpr\u00fcfer)<\/li>\n<\/ul>\n","protected":false},"excerpt":{"rendered":"<p>Erstklassige Bowling-Einrichtungen bei Constantinou Bros Hotels Weltklasse-Bowlinganlagen Die \u00e4u\u00dferst erfolgreiche Kombination aus tadellosen Gr\u00fcns, die mit Mastergreen\u00ae-Teppichen ausgelegt sind, und dem hervorragenden Standard der Unterk\u00fcnfte hat diese beiden Hotels zu einer der beliebtesten Entscheidungen f\u00fcr einen Bowlingurlaub im Ausland gemacht. Wir sind sehr stolz darauf, dass wir als Austragungsort f\u00fcr so prestigetr\u00e4chtige Veranstaltungen wie das<\/p>\n","protected":false},"author":100,"featured_media":1944,"parent":2832,"menu_order":0,"comment_status":"closed","ping_status":"closed","template":"","meta":{"_acf_changed":false,"footnotes":""},"class_list":["post-2841","page","type-page","status-publish","has-post-thumbnail","hentry"],"acf":[],"yoast_head":"<!-- This site is optimized with the Yoast SEO plugin v27.3 - https:\/\/yoast.com\/product\/yoast-seo-wordpress\/ -->\n<title>Bowlinganlagen - Constantinou Bros Hotels<\/title>\n<meta name=\"description\" content=\"Bowling-Enthusiasten haben jetzt den ultimativen Rahmen f\u00fcr einen Bowling-Urlaub bei Constantinou Bros Hotels. Hier finden Sie die Spezifikationen unserer Bowling-Anlagen.\" \/>\n<meta name=\"robots\" content=\"index, follow, max-snippet:-1, max-image-preview:large, max-video-preview:-1\" \/>\n<link rel=\"canonical\" href=\"https:\/\/www.cbh-cyprus.com\/de\/aktivitaten\/bowling-urlaub\/bowling-einrichtungen\/\" \/>\n<meta property=\"og:locale\" content=\"de_DE\" \/>\n<meta property=\"og:type\" content=\"article\" \/>\n<meta property=\"og:title\" content=\"Bowlinganlagen - Constantinou Bros Hotels\" \/>\n<meta property=\"og:description\" content=\"Bowling-Enthusiasten haben jetzt den ultimativen Rahmen f\u00fcr einen Bowling-Urlaub bei Constantinou Bros Hotels. Hier finden Sie die Spezifikationen unserer Bowling-Anlagen.\" \/>\n<meta property=\"og:url\" content=\"https:\/\/www.cbh-cyprus.com\/de\/aktivitaten\/bowling-urlaub\/bowling-einrichtungen\/\" \/>\n<meta property=\"og:site_name\" content=\"Constantinou Bros Hotels\" \/>\n<meta property=\"article:modified_time\" content=\"2024-09-13T08:32:30+00:00\" \/>\n<meta property=\"og:image\" content=\"https:\/\/www.cbh-cyprus.com\/app\/uploads\/sites\/30\/2019\/07\/athena_02.jpg\" \/>\n\t<meta property=\"og:image:width\" content=\"850\" \/>\n\t<meta property=\"og:image:height\" content=\"565\" \/>\n\t<meta property=\"og:image:type\" content=\"image\/jpeg\" \/>\n<meta name=\"twitter:card\" content=\"summary_large_image\" \/>\n<meta name=\"twitter:label1\" content=\"Gesch\u00e4tzte Lesezeit\" \/>\n\t<meta name=\"twitter:data1\" content=\"1\u00a0Minute\" \/>\n<script type=\"application\/ld+json\" class=\"yoast-schema-graph\">{\"@context\":\"https:\\\/\\\/schema.org\",\"@graph\":[{\"@type\":\"WebPage\",\"@id\":\"https:\\\/\\\/www.cbh-cyprus.com\\\/de\\\/aktivitaten\\\/bowling-urlaub\\\/bowling-einrichtungen\\\/\",\"url\":\"https:\\\/\\\/www.cbh-cyprus.com\\\/de\\\/aktivitaten\\\/bowling-urlaub\\\/bowling-einrichtungen\\\/\",\"name\":\"Bowlinganlagen - Constantinou Bros Hotels\",\"isPartOf\":{\"@id\":\"https:\\\/\\\/www.cbh-cyprus.com\\\/de\\\/#website\"},\"primaryImageOfPage\":{\"@id\":\"https:\\\/\\\/www.cbh-cyprus.com\\\/de\\\/aktivitaten\\\/bowling-urlaub\\\/bowling-einrichtungen\\\/#primaryimage\"},\"image\":{\"@id\":\"https:\\\/\\\/www.cbh-cyprus.com\\\/de\\\/aktivitaten\\\/bowling-urlaub\\\/bowling-einrichtungen\\\/#primaryimage\"},\"thumbnailUrl\":\"https:\\\/\\\/www.cbh-cyprus.com\\\/app\\\/uploads\\\/sites\\\/30\\\/2019\\\/07\\\/athena_02.jpg\",\"datePublished\":\"2019-07-17T15:05:12+00:00\",\"dateModified\":\"2024-09-13T08:32:30+00:00\",\"description\":\"Bowling-Enthusiasten haben jetzt den ultimativen Rahmen f\u00fcr einen Bowling-Urlaub bei Constantinou Bros Hotels. Hier finden Sie die Spezifikationen unserer Bowling-Anlagen.\",\"breadcrumb\":{\"@id\":\"https:\\\/\\\/www.cbh-cyprus.com\\\/de\\\/aktivitaten\\\/bowling-urlaub\\\/bowling-einrichtungen\\\/#breadcrumb\"},\"inLanguage\":\"de\",\"potentialAction\":[{\"@type\":\"ReadAction\",\"target\":[\"https:\\\/\\\/www.cbh-cyprus.com\\\/de\\\/aktivitaten\\\/bowling-urlaub\\\/bowling-einrichtungen\\\/\"]}]},{\"@type\":\"ImageObject\",\"inLanguage\":\"de\",\"@id\":\"https:\\\/\\\/www.cbh-cyprus.com\\\/de\\\/aktivitaten\\\/bowling-urlaub\\\/bowling-einrichtungen\\\/#primaryimage\",\"url\":\"https:\\\/\\\/www.cbh-cyprus.com\\\/app\\\/uploads\\\/sites\\\/30\\\/2019\\\/07\\\/athena_02.jpg\",\"contentUrl\":\"https:\\\/\\\/www.cbh-cyprus.com\\\/app\\\/uploads\\\/sites\\\/30\\\/2019\\\/07\\\/athena_02.jpg\",\"width\":850,\"height\":565,\"caption\":\"Venues\"},{\"@type\":\"BreadcrumbList\",\"@id\":\"https:\\\/\\\/www.cbh-cyprus.com\\\/de\\\/aktivitaten\\\/bowling-urlaub\\\/bowling-einrichtungen\\\/#breadcrumb\",\"itemListElement\":[{\"@type\":\"ListItem\",\"position\":1,\"name\":\"Home\",\"item\":\"https:\\\/\\\/www.cbh-cyprus.com\\\/de\\\/willkommen-in-den-constantinou-bros-hotels\\\/\"},{\"@type\":\"ListItem\",\"position\":2,\"name\":\"Aktivit\u00e4ten\",\"item\":\"https:\\\/\\\/www.cbh-cyprus.com\\\/de\\\/aktivitaten\\\/\"},{\"@type\":\"ListItem\",\"position\":3,\"name\":\"Bowling Ferien\",\"item\":\"https:\\\/\\\/www.cbh-cyprus.com\\\/de\\\/aktivitaten\\\/bowling-urlaub\\\/\"},{\"@type\":\"ListItem\",\"position\":4,\"name\":\"Bowling Einrichtungen\"}]},{\"@type\":\"WebSite\",\"@id\":\"https:\\\/\\\/www.cbh-cyprus.com\\\/de\\\/#website\",\"url\":\"https:\\\/\\\/www.cbh-cyprus.com\\\/de\\\/\",\"name\":\"Constantinou Bros Hotels\",\"description\":\"Constantinou Bros Hotels\",\"publisher\":{\"@id\":\"https:\\\/\\\/www.cbh-cyprus.com\\\/de\\\/#organization\"},\"potentialAction\":[{\"@type\":\"SearchAction\",\"target\":{\"@type\":\"EntryPoint\",\"urlTemplate\":\"https:\\\/\\\/www.cbh-cyprus.com\\\/de\\\/?s={search_term_string}\"},\"query-input\":{\"@type\":\"PropertyValueSpecification\",\"valueRequired\":true,\"valueName\":\"search_term_string\"}}],\"inLanguage\":\"de\"},{\"@type\":\"Organization\",\"@id\":\"https:\\\/\\\/www.cbh-cyprus.com\\\/de\\\/#organization\",\"name\":\"Constantinou Bros Hotels\",\"url\":\"https:\\\/\\\/www.cbh-cyprus.com\\\/de\\\/\",\"logo\":{\"@type\":\"ImageObject\",\"inLanguage\":\"de\",\"@id\":\"https:\\\/\\\/www.cbh-cyprus.com\\\/de\\\/#\\\/schema\\\/logo\\\/image\\\/\",\"url\":\"https:\\\/\\\/www.cbh-cyprus.com\\\/app\\\/uploads\\\/sites\\\/30\\\/2020\\\/10\\\/cbh.jpg\",\"contentUrl\":\"https:\\\/\\\/www.cbh-cyprus.com\\\/app\\\/uploads\\\/sites\\\/30\\\/2020\\\/10\\\/cbh.jpg\",\"width\":1013,\"height\":419,\"caption\":\"Constantinou Bros Hotels\"},\"image\":{\"@id\":\"https:\\\/\\\/www.cbh-cyprus.com\\\/de\\\/#\\\/schema\\\/logo\\\/image\\\/\"}}]}<\/script>\n<!-- \/ Yoast SEO plugin. -->","yoast_head_json":{"title":"Bowlinganlagen - Constantinou Bros Hotels","description":"Bowling-Enthusiasten haben jetzt den ultimativen Rahmen f\u00fcr einen Bowling-Urlaub bei Constantinou Bros Hotels. Hier finden Sie die Spezifikationen unserer Bowling-Anlagen.","robots":{"index":"index","follow":"follow","max-snippet":"max-snippet:-1","max-image-preview":"max-image-preview:large","max-video-preview":"max-video-preview:-1"},"canonical":"https:\/\/www.cbh-cyprus.com\/de\/aktivitaten\/bowling-urlaub\/bowling-einrichtungen\/","og_locale":"de_DE","og_type":"article","og_title":"Bowlinganlagen - Constantinou Bros Hotels","og_description":"Bowling-Enthusiasten haben jetzt den ultimativen Rahmen f\u00fcr einen Bowling-Urlaub bei Constantinou Bros Hotels. Hier finden Sie die Spezifikationen unserer Bowling-Anlagen.","og_url":"https:\/\/www.cbh-cyprus.com\/de\/aktivitaten\/bowling-urlaub\/bowling-einrichtungen\/","og_site_name":"Constantinou Bros Hotels","article_modified_time":"2024-09-13T08:32:30+00:00","og_image":[{"width":850,"height":565,"url":"https:\/\/www.cbh-cyprus.com\/app\/uploads\/sites\/30\/2019\/07\/athena_02.jpg","type":"image\/jpeg"}],"twitter_card":"summary_large_image","twitter_misc":{"Gesch\u00e4tzte Lesezeit":"1\u00a0Minute"},"schema":{"@context":"https:\/\/schema.org","@graph":[{"@type":"WebPage","@id":"https:\/\/www.cbh-cyprus.com\/de\/aktivitaten\/bowling-urlaub\/bowling-einrichtungen\/","url":"https:\/\/www.cbh-cyprus.com\/de\/aktivitaten\/bowling-urlaub\/bowling-einrichtungen\/","name":"Bowlinganlagen - Constantinou Bros Hotels","isPartOf":{"@id":"https:\/\/www.cbh-cyprus.com\/de\/#website"},"primaryImageOfPage":{"@id":"https:\/\/www.cbh-cyprus.com\/de\/aktivitaten\/bowling-urlaub\/bowling-einrichtungen\/#primaryimage"},"image":{"@id":"https:\/\/www.cbh-cyprus.com\/de\/aktivitaten\/bowling-urlaub\/bowling-einrichtungen\/#primaryimage"},"thumbnailUrl":"https:\/\/www.cbh-cyprus.com\/app\/uploads\/sites\/30\/2019\/07\/athena_02.jpg","datePublished":"2019-07-17T15:05:12+00:00","dateModified":"2024-09-13T08:32:30+00:00","description":"Bowling-Enthusiasten haben jetzt den ultimativen Rahmen f\u00fcr einen Bowling-Urlaub bei Constantinou Bros Hotels. Hier finden Sie die Spezifikationen unserer Bowling-Anlagen.","breadcrumb":{"@id":"https:\/\/www.cbh-cyprus.com\/de\/aktivitaten\/bowling-urlaub\/bowling-einrichtungen\/#breadcrumb"},"inLanguage":"de","potentialAction":[{"@type":"ReadAction","target":["https:\/\/www.cbh-cyprus.com\/de\/aktivitaten\/bowling-urlaub\/bowling-einrichtungen\/"]}]},{"@type":"ImageObject","inLanguage":"de","@id":"https:\/\/www.cbh-cyprus.com\/de\/aktivitaten\/bowling-urlaub\/bowling-einrichtungen\/#primaryimage","url":"https:\/\/www.cbh-cyprus.com\/app\/uploads\/sites\/30\/2019\/07\/athena_02.jpg","contentUrl":"https:\/\/www.cbh-cyprus.com\/app\/uploads\/sites\/30\/2019\/07\/athena_02.jpg","width":850,"height":565,"caption":"Venues"},{"@type":"BreadcrumbList","@id":"https:\/\/www.cbh-cyprus.com\/de\/aktivitaten\/bowling-urlaub\/bowling-einrichtungen\/#breadcrumb","itemListElement":[{"@type":"ListItem","position":1,"name":"Home","item":"https:\/\/www.cbh-cyprus.com\/de\/willkommen-in-den-constantinou-bros-hotels\/"},{"@type":"ListItem","position":2,"name":"Aktivit\u00e4ten","item":"https:\/\/www.cbh-cyprus.com\/de\/aktivitaten\/"},{"@type":"ListItem","position":3,"name":"Bowling Ferien","item":"https:\/\/www.cbh-cyprus.com\/de\/aktivitaten\/bowling-urlaub\/"},{"@type":"ListItem","position":4,"name":"Bowling Einrichtungen"}]},{"@type":"WebSite","@id":"https:\/\/www.cbh-cyprus.com\/de\/#website","url":"https:\/\/www.cbh-cyprus.com\/de\/","name":"Constantinou Bros Hotels","description":"Constantinou Bros Hotels","publisher":{"@id":"https:\/\/www.cbh-cyprus.com\/de\/#organization"},"potentialAction":[{"@type":"SearchAction","target":{"@type":"EntryPoint","urlTemplate":"https:\/\/www.cbh-cyprus.com\/de\/?s={search_term_string}"},"query-input":{"@type":"PropertyValueSpecification","valueRequired":true,"valueName":"search_term_string"}}],"inLanguage":"de"},{"@type":"Organization","@id":"https:\/\/www.cbh-cyprus.com\/de\/#organization","name":"Constantinou Bros Hotels","url":"https:\/\/www.cbh-cyprus.com\/de\/","logo":{"@type":"ImageObject","inLanguage":"de","@id":"https:\/\/www.cbh-cyprus.com\/de\/#\/schema\/logo\/image\/","url":"https:\/\/www.cbh-cyprus.com\/app\/uploads\/sites\/30\/2020\/10\/cbh.jpg","contentUrl":"https:\/\/www.cbh-cyprus.com\/app\/uploads\/sites\/30\/2020\/10\/cbh.jpg","width":1013,"height":419,"caption":"Constantinou Bros Hotels"},"image":{"@id":"https:\/\/www.cbh-cyprus.com\/de\/#\/schema\/logo\/image\/"}}]}},"_links":{"self":[{"href":"https:\/\/www.cbh-cyprus.com\/de\/wp-json\/wp\/v2\/pages\/2841","targetHints":{"allow":["GET"]}}],"collection":[{"href":"https:\/\/www.cbh-cyprus.com\/de\/wp-json\/wp\/v2\/pages"}],"about":[{"href":"https:\/\/www.cbh-cyprus.com\/de\/wp-json\/wp\/v2\/types\/page"}],"author":[{"embeddable":true,"href":"https:\/\/www.cbh-cyprus.com\/de\/wp-json\/wp\/v2\/users\/100"}],"replies":[{"embeddable":true,"href":"https:\/\/www.cbh-cyprus.com\/de\/wp-json\/wp\/v2\/comments?post=2841"}],"version-history":[{"count":4,"href":"https:\/\/www.cbh-cyprus.com\/de\/wp-json\/wp\/v2\/pages\/2841\/revisions"}],"predecessor-version":[{"id":41223,"href":"https:\/\/www.cbh-cyprus.com\/de\/wp-json\/wp\/v2\/pages\/2841\/revisions\/41223"}],"up":[{"embeddable":true,"href":"https:\/\/www.cbh-cyprus.com\/de\/wp-json\/wp\/v2\/pages\/2832"}],"wp:featuredmedia":[{"embeddable":true,"href":"https:\/\/www.cbh-cyprus.com\/de\/wp-json\/wp\/v2\/media\/1944"}],"wp:attachment":[{"href":"https:\/\/www.cbh-cyprus.com\/de\/wp-json\/wp\/v2\/media?parent=2841"}],"curies":[{"name":"wp","href":"https:\/\/api.w.org\/{rel}","templated":true}]}}