{"id":2850,"date":"2019-07-18T10:11:13","date_gmt":"2019-07-18T07:11:13","guid":{"rendered":"http:\/\/cbh-cyprus.cms4.nelios.com\/activities\/bowling-holidays\/bowling-news\/"},"modified":"2024-09-16T16:12:34","modified_gmt":"2024-09-16T13:12:34","slug":"bowling-nachrichten","status":"publish","type":"page","link":"https:\/\/www.cbh-cyprus.com\/de\/aktivitaten\/bowling-urlaub\/bowling-nachrichten\/","title":{"rendered":"Bowling Nachrichten"},"content":{"rendered":"<h1>Entdecken Sie, was es Neues bei unseren Bowling-Aktivit\u00e4ten gibt!<\/h1>\n<p>Erfahren Sie die neuesten Nachrichten \u00fcber unsere Bowling-Aktivit\u00e4ten.<\/p>\n","protected":false},"excerpt":{"rendered":"<p>Entdecken Sie, was es Neues bei unseren Bowling-Aktivit\u00e4ten gibt! Erfahren Sie die neuesten Nachrichten \u00fcber unsere Bowling-Aktivit\u00e4ten.<\/p>\n","protected":false},"author":100,"featured_media":1946,"parent":2832,"menu_order":0,"comment_status":"closed","ping_status":"closed","template":"page-templates\/simple-list.php","meta":{"_acf_changed":false,"footnotes":""},"class_list":["post-2850","page","type-page","status-publish","has-post-thumbnail","hentry"],"acf":[],"yoast_head":"<!-- This site is optimized with the Yoast SEO plugin v27.3 - https:\/\/yoast.com\/product\/yoast-seo-wordpress\/ -->\n<title>Bowling Nachrichten - Constantinou Bros Hotels<\/title>\n<meta name=\"description\" content=\"Lesen Sie alles \u00fcber die Bowling-Neuigkeiten und Bowling-Aktivit\u00e4ten in den Constantinou Bros Hotels in der Gegend von Paphos, Zypern.\" \/>\n<meta name=\"robots\" content=\"index, follow, max-snippet:-1, max-image-preview:large, max-video-preview:-1\" \/>\n<link rel=\"canonical\" href=\"https:\/\/www.cbh-cyprus.com\/de\/aktivitaten\/bowling-urlaub\/bowling-nachrichten\/\" \/>\n<meta property=\"og:locale\" content=\"de_DE\" \/>\n<meta property=\"og:type\" content=\"article\" \/>\n<meta property=\"og:title\" content=\"Bowling Nachrichten - Constantinou Bros Hotels\" \/>\n<meta property=\"og:description\" content=\"Lesen Sie alles \u00fcber die Bowling-Neuigkeiten und Bowling-Aktivit\u00e4ten in den Constantinou Bros Hotels in der Gegend von Paphos, Zypern.\" \/>\n<meta property=\"og:url\" content=\"https:\/\/www.cbh-cyprus.com\/de\/aktivitaten\/bowling-urlaub\/bowling-nachrichten\/\" \/>\n<meta property=\"og:site_name\" content=\"Constantinou Bros Hotels\" \/>\n<meta property=\"article:modified_time\" content=\"2024-09-16T13:12:34+00:00\" \/>\n<meta property=\"og:image\" content=\"https:\/\/www.cbh-cyprus.com\/app\/uploads\/sites\/30\/2019\/07\/athena_royal_01-e1601877032898.jpg\" \/>\n\t<meta property=\"og:image:width\" content=\"850\" \/>\n\t<meta property=\"og:image:height\" content=\"565\" \/>\n\t<meta property=\"og:image:type\" content=\"image\/jpeg\" \/>\n<meta name=\"twitter:card\" content=\"summary_large_image\" \/>\n<meta name=\"twitter:label1\" content=\"Gesch\u00e4tzte Lesezeit\" \/>\n\t<meta name=\"twitter:data1\" content=\"1\u00a0Minute\" \/>\n<script type=\"application\/ld+json\" class=\"yoast-schema-graph\">{\"@context\":\"https:\\\/\\\/schema.org\",\"@graph\":[{\"@type\":\"WebPage\",\"@id\":\"https:\\\/\\\/www.cbh-cyprus.com\\\/de\\\/aktivitaten\\\/bowling-urlaub\\\/bowling-nachrichten\\\/\",\"url\":\"https:\\\/\\\/www.cbh-cyprus.com\\\/de\\\/aktivitaten\\\/bowling-urlaub\\\/bowling-nachrichten\\\/\",\"name\":\"Bowling Nachrichten - Constantinou Bros Hotels\",\"isPartOf\":{\"@id\":\"https:\\\/\\\/www.cbh-cyprus.com\\\/de\\\/#website\"},\"primaryImageOfPage\":{\"@id\":\"https:\\\/\\\/www.cbh-cyprus.com\\\/de\\\/aktivitaten\\\/bowling-urlaub\\\/bowling-nachrichten\\\/#primaryimage\"},\"image\":{\"@id\":\"https:\\\/\\\/www.cbh-cyprus.com\\\/de\\\/aktivitaten\\\/bowling-urlaub\\\/bowling-nachrichten\\\/#primaryimage\"},\"thumbnailUrl\":\"https:\\\/\\\/www.cbh-cyprus.com\\\/app\\\/uploads\\\/sites\\\/30\\\/2019\\\/07\\\/athena_royal_01-e1601877032898.jpg\",\"datePublished\":\"2019-07-18T07:11:13+00:00\",\"dateModified\":\"2024-09-16T13:12:34+00:00\",\"description\":\"Lesen Sie alles \u00fcber die Bowling-Neuigkeiten und Bowling-Aktivit\u00e4ten in den Constantinou Bros Hotels in der Gegend von Paphos, Zypern.\",\"breadcrumb\":{\"@id\":\"https:\\\/\\\/www.cbh-cyprus.com\\\/de\\\/aktivitaten\\\/bowling-urlaub\\\/bowling-nachrichten\\\/#breadcrumb\"},\"inLanguage\":\"de\",\"potentialAction\":[{\"@type\":\"ReadAction\",\"target\":[\"https:\\\/\\\/www.cbh-cyprus.com\\\/de\\\/aktivitaten\\\/bowling-urlaub\\\/bowling-nachrichten\\\/\"]}]},{\"@type\":\"ImageObject\",\"inLanguage\":\"de\",\"@id\":\"https:\\\/\\\/www.cbh-cyprus.com\\\/de\\\/aktivitaten\\\/bowling-urlaub\\\/bowling-nachrichten\\\/#primaryimage\",\"url\":\"https:\\\/\\\/www.cbh-cyprus.com\\\/app\\\/uploads\\\/sites\\\/30\\\/2019\\\/07\\\/athena_royal_01-e1601877032898.jpg\",\"contentUrl\":\"https:\\\/\\\/www.cbh-cyprus.com\\\/app\\\/uploads\\\/sites\\\/30\\\/2019\\\/07\\\/athena_royal_01-e1601877032898.jpg\",\"width\":850,\"height\":565,\"caption\":\"Venues\"},{\"@type\":\"BreadcrumbList\",\"@id\":\"https:\\\/\\\/www.cbh-cyprus.com\\\/de\\\/aktivitaten\\\/bowling-urlaub\\\/bowling-nachrichten\\\/#breadcrumb\",\"itemListElement\":[{\"@type\":\"ListItem\",\"position\":1,\"name\":\"Home\",\"item\":\"https:\\\/\\\/www.cbh-cyprus.com\\\/de\\\/willkommen-in-den-constantinou-bros-hotels\\\/\"},{\"@type\":\"ListItem\",\"position\":2,\"name\":\"Aktivit\u00e4ten\",\"item\":\"https:\\\/\\\/www.cbh-cyprus.com\\\/de\\\/aktivitaten\\\/\"},{\"@type\":\"ListItem\",\"position\":3,\"name\":\"Bowling Ferien\",\"item\":\"https:\\\/\\\/www.cbh-cyprus.com\\\/de\\\/aktivitaten\\\/bowling-urlaub\\\/\"},{\"@type\":\"ListItem\",\"position\":4,\"name\":\"Bowling Nachrichten\"}]},{\"@type\":\"WebSite\",\"@id\":\"https:\\\/\\\/www.cbh-cyprus.com\\\/de\\\/#website\",\"url\":\"https:\\\/\\\/www.cbh-cyprus.com\\\/de\\\/\",\"name\":\"Constantinou Bros Hotels\",\"description\":\"Constantinou Bros Hotels\",\"publisher\":{\"@id\":\"https:\\\/\\\/www.cbh-cyprus.com\\\/de\\\/#organization\"},\"potentialAction\":[{\"@type\":\"SearchAction\",\"target\":{\"@type\":\"EntryPoint\",\"urlTemplate\":\"https:\\\/\\\/www.cbh-cyprus.com\\\/de\\\/?s={search_term_string}\"},\"query-input\":{\"@type\":\"PropertyValueSpecification\",\"valueRequired\":true,\"valueName\":\"search_term_string\"}}],\"inLanguage\":\"de\"},{\"@type\":\"Organization\",\"@id\":\"https:\\\/\\\/www.cbh-cyprus.com\\\/de\\\/#organization\",\"name\":\"Constantinou Bros Hotels\",\"url\":\"https:\\\/\\\/www.cbh-cyprus.com\\\/de\\\/\",\"logo\":{\"@type\":\"ImageObject\",\"inLanguage\":\"de\",\"@id\":\"https:\\\/\\\/www.cbh-cyprus.com\\\/de\\\/#\\\/schema\\\/logo\\\/image\\\/\",\"url\":\"https:\\\/\\\/www.cbh-cyprus.com\\\/app\\\/uploads\\\/sites\\\/30\\\/2020\\\/10\\\/cbh.jpg\",\"contentUrl\":\"https:\\\/\\\/www.cbh-cyprus.com\\\/app\\\/uploads\\\/sites\\\/30\\\/2020\\\/10\\\/cbh.jpg\",\"width\":1013,\"height\":419,\"caption\":\"Constantinou Bros Hotels\"},\"image\":{\"@id\":\"https:\\\/\\\/www.cbh-cyprus.com\\\/de\\\/#\\\/schema\\\/logo\\\/image\\\/\"}}]}<\/script>\n<!-- \/ Yoast SEO plugin. -->","yoast_head_json":{"title":"Bowling Nachrichten - Constantinou Bros Hotels","description":"Lesen Sie alles \u00fcber die Bowling-Neuigkeiten und Bowling-Aktivit\u00e4ten in den Constantinou Bros Hotels in der Gegend von Paphos, Zypern.","robots":{"index":"index","follow":"follow","max-snippet":"max-snippet:-1","max-image-preview":"max-image-preview:large","max-video-preview":"max-video-preview:-1"},"canonical":"https:\/\/www.cbh-cyprus.com\/de\/aktivitaten\/bowling-urlaub\/bowling-nachrichten\/","og_locale":"de_DE","og_type":"article","og_title":"Bowling Nachrichten - Constantinou Bros Hotels","og_description":"Lesen Sie alles \u00fcber die Bowling-Neuigkeiten und Bowling-Aktivit\u00e4ten in den Constantinou Bros Hotels in der Gegend von Paphos, Zypern.","og_url":"https:\/\/www.cbh-cyprus.com\/de\/aktivitaten\/bowling-urlaub\/bowling-nachrichten\/","og_site_name":"Constantinou Bros Hotels","article_modified_time":"2024-09-16T13:12:34+00:00","og_image":[{"width":850,"height":565,"url":"https:\/\/www.cbh-cyprus.com\/app\/uploads\/sites\/30\/2019\/07\/athena_royal_01-e1601877032898.jpg","type":"image\/jpeg"}],"twitter_card":"summary_large_image","twitter_misc":{"Gesch\u00e4tzte Lesezeit":"1\u00a0Minute"},"schema":{"@context":"https:\/\/schema.org","@graph":[{"@type":"WebPage","@id":"https:\/\/www.cbh-cyprus.com\/de\/aktivitaten\/bowling-urlaub\/bowling-nachrichten\/","url":"https:\/\/www.cbh-cyprus.com\/de\/aktivitaten\/bowling-urlaub\/bowling-nachrichten\/","name":"Bowling Nachrichten - Constantinou Bros Hotels","isPartOf":{"@id":"https:\/\/www.cbh-cyprus.com\/de\/#website"},"primaryImageOfPage":{"@id":"https:\/\/www.cbh-cyprus.com\/de\/aktivitaten\/bowling-urlaub\/bowling-nachrichten\/#primaryimage"},"image":{"@id":"https:\/\/www.cbh-cyprus.com\/de\/aktivitaten\/bowling-urlaub\/bowling-nachrichten\/#primaryimage"},"thumbnailUrl":"https:\/\/www.cbh-cyprus.com\/app\/uploads\/sites\/30\/2019\/07\/athena_royal_01-e1601877032898.jpg","datePublished":"2019-07-18T07:11:13+00:00","dateModified":"2024-09-16T13:12:34+00:00","description":"Lesen Sie alles \u00fcber die Bowling-Neuigkeiten und Bowling-Aktivit\u00e4ten in den Constantinou Bros Hotels in der Gegend von Paphos, Zypern.","breadcrumb":{"@id":"https:\/\/www.cbh-cyprus.com\/de\/aktivitaten\/bowling-urlaub\/bowling-nachrichten\/#breadcrumb"},"inLanguage":"de","potentialAction":[{"@type":"ReadAction","target":["https:\/\/www.cbh-cyprus.com\/de\/aktivitaten\/bowling-urlaub\/bowling-nachrichten\/"]}]},{"@type":"ImageObject","inLanguage":"de","@id":"https:\/\/www.cbh-cyprus.com\/de\/aktivitaten\/bowling-urlaub\/bowling-nachrichten\/#primaryimage","url":"https:\/\/www.cbh-cyprus.com\/app\/uploads\/sites\/30\/2019\/07\/athena_royal_01-e1601877032898.jpg","contentUrl":"https:\/\/www.cbh-cyprus.com\/app\/uploads\/sites\/30\/2019\/07\/athena_royal_01-e1601877032898.jpg","width":850,"height":565,"caption":"Venues"},{"@type":"BreadcrumbList","@id":"https:\/\/www.cbh-cyprus.com\/de\/aktivitaten\/bowling-urlaub\/bowling-nachrichten\/#breadcrumb","itemListElement":[{"@type":"ListItem","position":1,"name":"Home","item":"https:\/\/www.cbh-cyprus.com\/de\/willkommen-in-den-constantinou-bros-hotels\/"},{"@type":"ListItem","position":2,"name":"Aktivit\u00e4ten","item":"https:\/\/www.cbh-cyprus.com\/de\/aktivitaten\/"},{"@type":"ListItem","position":3,"name":"Bowling Ferien","item":"https:\/\/www.cbh-cyprus.com\/de\/aktivitaten\/bowling-urlaub\/"},{"@type":"ListItem","position":4,"name":"Bowling Nachrichten"}]},{"@type":"WebSite","@id":"https:\/\/www.cbh-cyprus.com\/de\/#website","url":"https:\/\/www.cbh-cyprus.com\/de\/","name":"Constantinou Bros Hotels","description":"Constantinou Bros Hotels","publisher":{"@id":"https:\/\/www.cbh-cyprus.com\/de\/#organization"},"potentialAction":[{"@type":"SearchAction","target":{"@type":"EntryPoint","urlTemplate":"https:\/\/www.cbh-cyprus.com\/de\/?s={search_term_string}"},"query-input":{"@type":"PropertyValueSpecification","valueRequired":true,"valueName":"search_term_string"}}],"inLanguage":"de"},{"@type":"Organization","@id":"https:\/\/www.cbh-cyprus.com\/de\/#organization","name":"Constantinou Bros Hotels","url":"https:\/\/www.cbh-cyprus.com\/de\/","logo":{"@type":"ImageObject","inLanguage":"de","@id":"https:\/\/www.cbh-cyprus.com\/de\/#\/schema\/logo\/image\/","url":"https:\/\/www.cbh-cyprus.com\/app\/uploads\/sites\/30\/2020\/10\/cbh.jpg","contentUrl":"https:\/\/www.cbh-cyprus.com\/app\/uploads\/sites\/30\/2020\/10\/cbh.jpg","width":1013,"height":419,"caption":"Constantinou Bros Hotels"},"image":{"@id":"https:\/\/www.cbh-cyprus.com\/de\/#\/schema\/logo\/image\/"}}]}},"_links":{"self":[{"href":"https:\/\/www.cbh-cyprus.com\/de\/wp-json\/wp\/v2\/pages\/2850","targetHints":{"allow":["GET"]}}],"collection":[{"href":"https:\/\/www.cbh-cyprus.com\/de\/wp-json\/wp\/v2\/pages"}],"about":[{"href":"https:\/\/www.cbh-cyprus.com\/de\/wp-json\/wp\/v2\/types\/page"}],"author":[{"embeddable":true,"href":"https:\/\/www.cbh-cyprus.com\/de\/wp-json\/wp\/v2\/users\/100"}],"replies":[{"embeddable":true,"href":"https:\/\/www.cbh-cyprus.com\/de\/wp-json\/wp\/v2\/comments?post=2850"}],"version-history":[{"count":4,"href":"https:\/\/www.cbh-cyprus.com\/de\/wp-json\/wp\/v2\/pages\/2850\/revisions"}],"predecessor-version":[{"id":41485,"href":"https:\/\/www.cbh-cyprus.com\/de\/wp-json\/wp\/v2\/pages\/2850\/revisions\/41485"}],"up":[{"embeddable":true,"href":"https:\/\/www.cbh-cyprus.com\/de\/wp-json\/wp\/v2\/pages\/2832"}],"wp:featuredmedia":[{"embeddable":true,"href":"https:\/\/www.cbh-cyprus.com\/de\/wp-json\/wp\/v2\/media\/1946"}],"wp:attachment":[{"href":"https:\/\/www.cbh-cyprus.com\/de\/wp-json\/wp\/v2\/media?parent=2850"}],"curies":[{"name":"wp","href":"https:\/\/api.w.org\/{rel}","templated":true}]}}