{"id":2869,"date":"2019-07-22T10:42:34","date_gmt":"2019-07-22T07:42:34","guid":{"rendered":"http:\/\/cbh-cyprus.cms4.nelios.com\/the-group\/news\/cyprus-breakfast-at-constantinou-bros-hotels\/"},"modified":"2019-11-15T13:11:01","modified_gmt":"2019-11-15T10:11:01","slug":"cyprus-breakfast-at-constantinou-bros-hotels","status":"publish","type":"page","link":"https:\/\/www.cbh-cyprus.com\/de\/die-gruppe\/nachrichten\/cyprus-breakfast-at-constantinou-bros-hotels\/","title":{"rendered":"Fr\u00fchst\u00fcck in den Constantinou Bros Hotels"},"content":{"rendered":"<p>Die Constantinou Bros Hotels sind vor kurzem Mitglied des Cyprus Fr\u00fchst\u00fccksprogramms geworden. Dieses Programm wurde von der Zypriotischen Tourismus Organisation (CTO), der Travel Foundation, UK und der Cyprus Sustainable Tourism Initiative (CSTI) im Rahmen des Programms &#8222;Cyprus Destination Partnership&#8220; ins Leben gerufen, um die Geschichte und Kultur der traditionellen lokalen Gastronomie zu f\u00f6rdern und die Authentizit\u00e4t in den Hotels in Zypern zu f\u00f6rdern.<\/p>\n<p>Constantinou Bros Hotels unterst\u00fctzt das \u201aZypriotische- Fr\u00fchst\u00fcck ,und pr\u00e4sentiert die zypriotische Identit\u00e4t, indem es seinen G\u00e4sten eine Auswahl lokaler Produkte bietet. Das Buffet bietet eine gro\u00dfe Auswahl an zypriotischen Spezialit\u00e4ten, darunter traditionellen Halloumi und Anari-K\u00e4se, hausgemachten Halloumi-Kuchen und Olivengeb\u00e4ck sowie frische Fr\u00fcchte der Region, die mit der Originalit\u00e4t Zyperns zusammenh\u00e4ngen. Unsere G\u00e4ste k\u00f6nnen die einzigartigen und traditionellen K\u00f6stlichkeiten der Insel und die Aromen der Produkte, die aus dem Leben der l\u00e4ndlichen Familie stammen, kosten. wie frische Ziegenmilch, gr\u00fcne Oliven, Souzouko (eine traditionelle S\u00fc\u00dfigkeit aus Traubenmost, N\u00fcssen und Mehl), Johannisbrot-Sirup-Kn\u00f6del, frische Kr\u00e4uter, ger\u00e4uchertes Fleisch aus Zypern und L\u00f6ffels\u00fcssigkeiten (konservierte Fr\u00fcchte in Sirup) wie \u201eGlyko Karidaki\u201c (Walnuss in Sirup ), die alle nat\u00fcrlich in lokalen Gemeinschaften hergestellt werden.<\/p>\n<p>Constantinou Bros Hotels haben das &#8222;Cyprus Fr\u00fchst\u00fcck&#8220; willkommen geheissen und kontinuierlich traditionelle Geschmacksrichtungen hinzugef\u00fcgt, um die Zypriotische Fr\u00fchst\u00fccksecke des Hotels zu bereichern. Wir haben k\u00fcrzlich auch \u201eKserotigana\u201c (Krapfen mit Honig und N\u00fcssen) und \u201eBourekia mit Anari\u201c (eine mit weichem Wei\u00dfk\u00e4se gef\u00fcllte Art von Geb\u00e4ck) zusammen mit einer Auswahl an lokalen rohen N\u00fcssen und getrockneten Fr\u00fcchten wie Mandeln hinzugef\u00fcgt. Waln\u00fcsse, Haseln\u00fcsse, Sonnenblumenkerne, getrocknete Aprikosen, Datteln, Feigen und vieles mehr.<\/p>\n<p>Lassen Sie das englische und kontinentale Fr\u00fchst\u00fcck und verw\u00f6hnen Sie mit einem gesunden Fr\u00fchst\u00fcck w\u00e4hrend Ihres Urlaubsin den Constantinou Bros Hotels. G\u00f6nnen Sie sich unser zypriotisches Fr\u00fchst\u00fcck.<\/p>\n","protected":false},"excerpt":{"rendered":"<p>Die Constantinou Bros Hotels sind vor kurzem Mitglied des Cyprus Fr\u00fchst\u00fccksprogramms geworden. Dieses Programm wurde von der Zypriotischen Tourismus Organisation (CTO), der Travel Foundation, UK und der Cyprus Sustainable Tourism Initiative (CSTI) im Rahmen des Programms &#8222;Cyprus Destination Partnership&#8220; ins Leben gerufen, um die Geschichte und Kultur der traditionellen lokalen Gastronomie zu f\u00f6rdern und die<\/p>\n","protected":false},"author":12,"featured_media":5267,"parent":2817,"menu_order":0,"comment_status":"closed","ping_status":"closed","template":"","meta":{"_acf_changed":false,"footnotes":""},"class_list":["post-2869","page","type-page","status-publish","has-post-thumbnail","hentry"],"acf":[],"yoast_head":"<!-- This site is optimized with the Yoast SEO plugin v27.4 - https:\/\/yoast.com\/product\/yoast-seo-wordpress\/ -->\n<title>Fr\u00fchst\u00fcck in den Constantinou Bros Hotels - Constantinou Bros Hotels<\/title>\n<meta name=\"robots\" content=\"index, follow, max-snippet:-1, max-image-preview:large, max-video-preview:-1\" \/>\n<link rel=\"canonical\" href=\"https:\/\/www.cbh-cyprus.com\/de\/die-gruppe\/nachrichten\/cyprus-breakfast-at-constantinou-bros-hotels\/\" \/>\n<meta property=\"og:locale\" content=\"de_DE\" \/>\n<meta property=\"og:type\" content=\"article\" \/>\n<meta property=\"og:title\" content=\"Fr\u00fchst\u00fcck in den Constantinou Bros Hotels - Constantinou Bros Hotels\" \/>\n<meta property=\"og:description\" content=\"Die Constantinou Bros Hotels sind vor kurzem Mitglied des Cyprus Fr\u00fchst\u00fccksprogramms geworden. Dieses Programm wurde von der Zypriotischen Tourismus Organisation (CTO), der Travel Foundation, UK und der Cyprus Sustainable Tourism Initiative (CSTI) im Rahmen des Programms &#8222;Cyprus Destination Partnership&#8220; ins Leben gerufen, um die Geschichte und Kultur der traditionellen lokalen Gastronomie zu f\u00f6rdern und die\" \/>\n<meta property=\"og:url\" content=\"https:\/\/www.cbh-cyprus.com\/de\/die-gruppe\/nachrichten\/cyprus-breakfast-at-constantinou-bros-hotels\/\" \/>\n<meta property=\"og:site_name\" content=\"Constantinou Bros Hotels\" \/>\n<meta property=\"article:modified_time\" content=\"2019-11-15T10:11:01+00:00\" \/>\n<meta property=\"og:image\" content=\"https:\/\/www.cbh-cyprus.com\/app\/uploads\/sites\/30\/2020\/02\/DSC00077-450x600.jpg\" \/>\n\t<meta property=\"og:image:width\" content=\"450\" \/>\n\t<meta property=\"og:image:height\" content=\"600\" \/>\n\t<meta property=\"og:image:type\" content=\"image\/jpeg\" \/>\n<meta name=\"twitter:card\" content=\"summary_large_image\" \/>\n<meta name=\"twitter:label1\" content=\"Gesch\u00e4tzte Lesezeit\" \/>\n\t<meta name=\"twitter:data1\" content=\"2\u00a0Minuten\" \/>\n<script type=\"application\/ld+json\" class=\"yoast-schema-graph\">{\"@context\":\"https:\\\/\\\/schema.org\",\"@graph\":[{\"@type\":\"WebPage\",\"@id\":\"https:\\\/\\\/www.cbh-cyprus.com\\\/de\\\/die-gruppe\\\/nachrichten\\\/cyprus-breakfast-at-constantinou-bros-hotels\\\/\",\"url\":\"https:\\\/\\\/www.cbh-cyprus.com\\\/de\\\/die-gruppe\\\/nachrichten\\\/cyprus-breakfast-at-constantinou-bros-hotels\\\/\",\"name\":\"Fr\u00fchst\u00fcck in den Constantinou Bros Hotels - Constantinou Bros Hotels\",\"isPartOf\":{\"@id\":\"https:\\\/\\\/www.cbh-cyprus.com\\\/de\\\/#website\"},\"primaryImageOfPage\":{\"@id\":\"https:\\\/\\\/www.cbh-cyprus.com\\\/de\\\/die-gruppe\\\/nachrichten\\\/cyprus-breakfast-at-constantinou-bros-hotels\\\/#primaryimage\"},\"image\":{\"@id\":\"https:\\\/\\\/www.cbh-cyprus.com\\\/de\\\/die-gruppe\\\/nachrichten\\\/cyprus-breakfast-at-constantinou-bros-hotels\\\/#primaryimage\"},\"thumbnailUrl\":\"https:\\\/\\\/www.cbh-cyprus.com\\\/app\\\/uploads\\\/sites\\\/30\\\/2020\\\/02\\\/DSC00077.jpg\",\"datePublished\":\"2019-07-22T07:42:34+00:00\",\"dateModified\":\"2019-11-15T10:11:01+00:00\",\"breadcrumb\":{\"@id\":\"https:\\\/\\\/www.cbh-cyprus.com\\\/de\\\/die-gruppe\\\/nachrichten\\\/cyprus-breakfast-at-constantinou-bros-hotels\\\/#breadcrumb\"},\"inLanguage\":\"de\",\"potentialAction\":[{\"@type\":\"ReadAction\",\"target\":[\"https:\\\/\\\/www.cbh-cyprus.com\\\/de\\\/die-gruppe\\\/nachrichten\\\/cyprus-breakfast-at-constantinou-bros-hotels\\\/\"]}]},{\"@type\":\"ImageObject\",\"inLanguage\":\"de\",\"@id\":\"https:\\\/\\\/www.cbh-cyprus.com\\\/de\\\/die-gruppe\\\/nachrichten\\\/cyprus-breakfast-at-constantinou-bros-hotels\\\/#primaryimage\",\"url\":\"https:\\\/\\\/www.cbh-cyprus.com\\\/app\\\/uploads\\\/sites\\\/30\\\/2020\\\/02\\\/DSC00077.jpg\",\"contentUrl\":\"https:\\\/\\\/www.cbh-cyprus.com\\\/app\\\/uploads\\\/sites\\\/30\\\/2020\\\/02\\\/DSC00077.jpg\",\"width\":3672,\"height\":4896},{\"@type\":\"BreadcrumbList\",\"@id\":\"https:\\\/\\\/www.cbh-cyprus.com\\\/de\\\/die-gruppe\\\/nachrichten\\\/cyprus-breakfast-at-constantinou-bros-hotels\\\/#breadcrumb\",\"itemListElement\":[{\"@type\":\"ListItem\",\"position\":1,\"name\":\"Home\",\"item\":\"https:\\\/\\\/www.cbh-cyprus.com\\\/de\\\/willkommen-in-den-constantinou-bros-hotels\\\/\"},{\"@type\":\"ListItem\",\"position\":2,\"name\":\"Die Gruppe\",\"item\":\"https:\\\/\\\/www.cbh-cyprus.com\\\/de\\\/die-gruppe\\\/\"},{\"@type\":\"ListItem\",\"position\":3,\"name\":\"Nachrichten\",\"item\":\"https:\\\/\\\/www.cbh-cyprus.com\\\/de\\\/die-gruppe\\\/nachrichten\\\/\"},{\"@type\":\"ListItem\",\"position\":4,\"name\":\"Fr\u00fchst\u00fcck in den Constantinou Bros Hotels\"}]},{\"@type\":\"WebSite\",\"@id\":\"https:\\\/\\\/www.cbh-cyprus.com\\\/de\\\/#website\",\"url\":\"https:\\\/\\\/www.cbh-cyprus.com\\\/de\\\/\",\"name\":\"Constantinou Bros Hotels\",\"description\":\"Constantinou Bros Hotels\",\"publisher\":{\"@id\":\"https:\\\/\\\/www.cbh-cyprus.com\\\/de\\\/#organization\"},\"potentialAction\":[{\"@type\":\"SearchAction\",\"target\":{\"@type\":\"EntryPoint\",\"urlTemplate\":\"https:\\\/\\\/www.cbh-cyprus.com\\\/de\\\/?s={search_term_string}\"},\"query-input\":{\"@type\":\"PropertyValueSpecification\",\"valueRequired\":true,\"valueName\":\"search_term_string\"}}],\"inLanguage\":\"de\"},{\"@type\":\"Organization\",\"@id\":\"https:\\\/\\\/www.cbh-cyprus.com\\\/de\\\/#organization\",\"name\":\"Constantinou Bros Hotels\",\"url\":\"https:\\\/\\\/www.cbh-cyprus.com\\\/de\\\/\",\"logo\":{\"@type\":\"ImageObject\",\"inLanguage\":\"de\",\"@id\":\"https:\\\/\\\/www.cbh-cyprus.com\\\/de\\\/#\\\/schema\\\/logo\\\/image\\\/\",\"url\":\"https:\\\/\\\/www.cbh-cyprus.com\\\/app\\\/uploads\\\/sites\\\/30\\\/2020\\\/10\\\/cbh.jpg\",\"contentUrl\":\"https:\\\/\\\/www.cbh-cyprus.com\\\/app\\\/uploads\\\/sites\\\/30\\\/2020\\\/10\\\/cbh.jpg\",\"width\":1013,\"height\":419,\"caption\":\"Constantinou Bros Hotels\"},\"image\":{\"@id\":\"https:\\\/\\\/www.cbh-cyprus.com\\\/de\\\/#\\\/schema\\\/logo\\\/image\\\/\"}}]}<\/script>\n<!-- \/ Yoast SEO plugin. -->","yoast_head_json":{"title":"Fr\u00fchst\u00fcck in den Constantinou Bros Hotels - Constantinou Bros Hotels","robots":{"index":"index","follow":"follow","max-snippet":"max-snippet:-1","max-image-preview":"max-image-preview:large","max-video-preview":"max-video-preview:-1"},"canonical":"https:\/\/www.cbh-cyprus.com\/de\/die-gruppe\/nachrichten\/cyprus-breakfast-at-constantinou-bros-hotels\/","og_locale":"de_DE","og_type":"article","og_title":"Fr\u00fchst\u00fcck in den Constantinou Bros Hotels - Constantinou Bros Hotels","og_description":"Die Constantinou Bros Hotels sind vor kurzem Mitglied des Cyprus Fr\u00fchst\u00fccksprogramms geworden. Dieses Programm wurde von der Zypriotischen Tourismus Organisation (CTO), der Travel Foundation, UK und der Cyprus Sustainable Tourism Initiative (CSTI) im Rahmen des Programms &#8222;Cyprus Destination Partnership&#8220; ins Leben gerufen, um die Geschichte und Kultur der traditionellen lokalen Gastronomie zu f\u00f6rdern und die","og_url":"https:\/\/www.cbh-cyprus.com\/de\/die-gruppe\/nachrichten\/cyprus-breakfast-at-constantinou-bros-hotels\/","og_site_name":"Constantinou Bros Hotels","article_modified_time":"2019-11-15T10:11:01+00:00","og_image":[{"width":450,"height":600,"url":"https:\/\/www.cbh-cyprus.com\/app\/uploads\/sites\/30\/2020\/02\/DSC00077-450x600.jpg","type":"image\/jpeg"}],"twitter_card":"summary_large_image","twitter_misc":{"Gesch\u00e4tzte Lesezeit":"2\u00a0Minuten"},"schema":{"@context":"https:\/\/schema.org","@graph":[{"@type":"WebPage","@id":"https:\/\/www.cbh-cyprus.com\/de\/die-gruppe\/nachrichten\/cyprus-breakfast-at-constantinou-bros-hotels\/","url":"https:\/\/www.cbh-cyprus.com\/de\/die-gruppe\/nachrichten\/cyprus-breakfast-at-constantinou-bros-hotels\/","name":"Fr\u00fchst\u00fcck in den Constantinou Bros Hotels - Constantinou Bros Hotels","isPartOf":{"@id":"https:\/\/www.cbh-cyprus.com\/de\/#website"},"primaryImageOfPage":{"@id":"https:\/\/www.cbh-cyprus.com\/de\/die-gruppe\/nachrichten\/cyprus-breakfast-at-constantinou-bros-hotels\/#primaryimage"},"image":{"@id":"https:\/\/www.cbh-cyprus.com\/de\/die-gruppe\/nachrichten\/cyprus-breakfast-at-constantinou-bros-hotels\/#primaryimage"},"thumbnailUrl":"https:\/\/www.cbh-cyprus.com\/app\/uploads\/sites\/30\/2020\/02\/DSC00077.jpg","datePublished":"2019-07-22T07:42:34+00:00","dateModified":"2019-11-15T10:11:01+00:00","breadcrumb":{"@id":"https:\/\/www.cbh-cyprus.com\/de\/die-gruppe\/nachrichten\/cyprus-breakfast-at-constantinou-bros-hotels\/#breadcrumb"},"inLanguage":"de","potentialAction":[{"@type":"ReadAction","target":["https:\/\/www.cbh-cyprus.com\/de\/die-gruppe\/nachrichten\/cyprus-breakfast-at-constantinou-bros-hotels\/"]}]},{"@type":"ImageObject","inLanguage":"de","@id":"https:\/\/www.cbh-cyprus.com\/de\/die-gruppe\/nachrichten\/cyprus-breakfast-at-constantinou-bros-hotels\/#primaryimage","url":"https:\/\/www.cbh-cyprus.com\/app\/uploads\/sites\/30\/2020\/02\/DSC00077.jpg","contentUrl":"https:\/\/www.cbh-cyprus.com\/app\/uploads\/sites\/30\/2020\/02\/DSC00077.jpg","width":3672,"height":4896},{"@type":"BreadcrumbList","@id":"https:\/\/www.cbh-cyprus.com\/de\/die-gruppe\/nachrichten\/cyprus-breakfast-at-constantinou-bros-hotels\/#breadcrumb","itemListElement":[{"@type":"ListItem","position":1,"name":"Home","item":"https:\/\/www.cbh-cyprus.com\/de\/willkommen-in-den-constantinou-bros-hotels\/"},{"@type":"ListItem","position":2,"name":"Die Gruppe","item":"https:\/\/www.cbh-cyprus.com\/de\/die-gruppe\/"},{"@type":"ListItem","position":3,"name":"Nachrichten","item":"https:\/\/www.cbh-cyprus.com\/de\/die-gruppe\/nachrichten\/"},{"@type":"ListItem","position":4,"name":"Fr\u00fchst\u00fcck in den Constantinou Bros Hotels"}]},{"@type":"WebSite","@id":"https:\/\/www.cbh-cyprus.com\/de\/#website","url":"https:\/\/www.cbh-cyprus.com\/de\/","name":"Constantinou Bros Hotels","description":"Constantinou Bros Hotels","publisher":{"@id":"https:\/\/www.cbh-cyprus.com\/de\/#organization"},"potentialAction":[{"@type":"SearchAction","target":{"@type":"EntryPoint","urlTemplate":"https:\/\/www.cbh-cyprus.com\/de\/?s={search_term_string}"},"query-input":{"@type":"PropertyValueSpecification","valueRequired":true,"valueName":"search_term_string"}}],"inLanguage":"de"},{"@type":"Organization","@id":"https:\/\/www.cbh-cyprus.com\/de\/#organization","name":"Constantinou Bros Hotels","url":"https:\/\/www.cbh-cyprus.com\/de\/","logo":{"@type":"ImageObject","inLanguage":"de","@id":"https:\/\/www.cbh-cyprus.com\/de\/#\/schema\/logo\/image\/","url":"https:\/\/www.cbh-cyprus.com\/app\/uploads\/sites\/30\/2020\/10\/cbh.jpg","contentUrl":"https:\/\/www.cbh-cyprus.com\/app\/uploads\/sites\/30\/2020\/10\/cbh.jpg","width":1013,"height":419,"caption":"Constantinou Bros Hotels"},"image":{"@id":"https:\/\/www.cbh-cyprus.com\/de\/#\/schema\/logo\/image\/"}}]}},"_links":{"self":[{"href":"https:\/\/www.cbh-cyprus.com\/de\/wp-json\/wp\/v2\/pages\/2869","targetHints":{"allow":["GET"]}}],"collection":[{"href":"https:\/\/www.cbh-cyprus.com\/de\/wp-json\/wp\/v2\/pages"}],"about":[{"href":"https:\/\/www.cbh-cyprus.com\/de\/wp-json\/wp\/v2\/types\/page"}],"author":[{"embeddable":true,"href":"https:\/\/www.cbh-cyprus.com\/de\/wp-json\/wp\/v2\/users\/12"}],"replies":[{"embeddable":true,"href":"https:\/\/www.cbh-cyprus.com\/de\/wp-json\/wp\/v2\/comments?post=2869"}],"version-history":[{"count":2,"href":"https:\/\/www.cbh-cyprus.com\/de\/wp-json\/wp\/v2\/pages\/2869\/revisions"}],"predecessor-version":[{"id":2875,"href":"https:\/\/www.cbh-cyprus.com\/de\/wp-json\/wp\/v2\/pages\/2869\/revisions\/2875"}],"up":[{"embeddable":true,"href":"https:\/\/www.cbh-cyprus.com\/de\/wp-json\/wp\/v2\/pages\/2817"}],"wp:featuredmedia":[{"embeddable":true,"href":"https:\/\/www.cbh-cyprus.com\/de\/wp-json\/wp\/v2\/media\/5267"}],"wp:attachment":[{"href":"https:\/\/www.cbh-cyprus.com\/de\/wp-json\/wp\/v2\/media?parent=2869"}],"curies":[{"name":"wp","href":"https:\/\/api.w.org\/{rel}","templated":true}]}}