{"id":2878,"date":"2019-07-22T11:33:20","date_gmt":"2019-07-22T08:33:20","guid":{"rendered":"http:\/\/cbh-cyprus.cms4.nelios.com\/the-group\/news\/logicom-cyprus-marathon-half-marathon\/"},"modified":"2024-09-13T12:11:11","modified_gmt":"2024-09-13T09:11:11","slug":"logicom-zypern-marathon-halbmarathon","status":"publish","type":"page","link":"https:\/\/www.cbh-cyprus.com\/de\/logicom-zypern-marathon-halbmarathon\/","title":{"rendered":"LOGICOM CYPRUS MARATHON &#8211; HALBMARATHON, 10KM RACE &amp; 5KM FUN RUN &#8211; 15. M\u00e4rz, 2020, PAPHOS"},"content":{"rendered":"<p><strong>KOMMEN SIE MIT UNS IN DIE WINTERSONNE, LAUFEN SIE UND HABEN SIE SPASS!<\/strong><\/p>\n<p style=\"text-align: left;\">Kombinieren Sie atemberaubende und historische Landschaften mit der traditionellen mediterranen Gastfreundschaft!<br \/>\nDer Logicom Zypern-Marathon beginnt am Geburtshaus der Aphrodite (G\u00f6ttin der Liebe und Sch\u00f6nheit) und folgt einer K\u00fcstenroute entlang des Mittelmeers.<br \/>\nDie malerische Ziellinie (und Startlinie der anderen L\u00e4ufe) ist der mittelalterliche Festungsplatz von Pafos direkt neben dem wundersch\u00f6nen Hafen von Pafos.  <\/p>\n<p style=\"text-align: left;\">Laufen Sie beim Logicom Cyprus Marathon mit und verlieben Sie sich in den Laufsport!<\/p>\n<p style=\"text-align: center;\"><a href=\"https:\/\/registration.mylaps.com\/cyprus-marathon\" target=\"_blank\" rel=\"noopener noreferrer\">Registrieren Sie sich hier!  <\/a><\/p>\n","protected":false},"excerpt":{"rendered":"<p>KOMMEN SIE MIT UNS IN DIE WINTERSONNE, LAUFEN SIE UND HABEN SIE SPASS! Kombinieren Sie atemberaubende und historische Landschaften mit der traditionellen mediterranen Gastfreundschaft! Der Logicom Zypern-Marathon beginnt am Geburtshaus der Aphrodite (G\u00f6ttin der Liebe und Sch\u00f6nheit) und folgt einer K\u00fcstenroute entlang des Mittelmeers. Die malerische Ziellinie (und Startlinie der anderen L\u00e4ufe) ist der mittelalterliche<\/p>\n","protected":false},"author":100,"featured_media":2006,"parent":0,"menu_order":0,"comment_status":"closed","ping_status":"closed","template":"","meta":{"_acf_changed":false,"footnotes":""},"class_list":["post-2878","page","type-page","status-publish","has-post-thumbnail","hentry"],"acf":[],"yoast_head":"<!-- This site is optimized with the Yoast SEO plugin v27.3 - https:\/\/yoast.com\/product\/yoast-seo-wordpress\/ -->\n<title>LOGICOM CYPRUS MARATHON - HALBMARATHON, 10KM RACE &amp; 5KM FUN RUN - 15. M\u00e4rz, 2020, PAPHOS - Constantinou Bros Hotels<\/title>\n<meta name=\"description\" content=\"Constantinou Bros Hotels unterst\u00fctzt den Logicom Cyprus Marathon im M\u00e4rz 2020, ein wichtiges Sportereignis in der historischen Stadt Paphos.\" \/>\n<meta name=\"robots\" content=\"index, follow, max-snippet:-1, max-image-preview:large, max-video-preview:-1\" \/>\n<link rel=\"canonical\" href=\"https:\/\/www.cbh-cyprus.com\/de\/logicom-zypern-marathon-halbmarathon\/\" \/>\n<meta property=\"og:locale\" content=\"de_DE\" \/>\n<meta property=\"og:type\" content=\"article\" \/>\n<meta property=\"og:title\" content=\"LOGICOM CYPRUS MARATHON - HALBMARATHON, 10KM RACE &amp; 5KM FUN RUN - 15. M\u00e4rz, 2020, PAPHOS - Constantinou Bros Hotels\" \/>\n<meta property=\"og:description\" content=\"Constantinou Bros Hotels unterst\u00fctzt den Logicom Cyprus Marathon im M\u00e4rz 2020, ein wichtiges Sportereignis in der historischen Stadt Paphos.\" \/>\n<meta property=\"og:url\" content=\"https:\/\/www.cbh-cyprus.com\/de\/logicom-zypern-marathon-halbmarathon\/\" \/>\n<meta property=\"og:site_name\" content=\"Constantinou Bros Hotels\" \/>\n<meta property=\"article:modified_time\" content=\"2024-09-13T09:11:11+00:00\" \/>\n<meta property=\"og:image\" content=\"https:\/\/www.cbh-cyprus.com\/app\/uploads\/sites\/30\/2019\/07\/logicom_resized.jpg\" \/>\n\t<meta property=\"og:image:width\" content=\"1920\" \/>\n\t<meta property=\"og:image:height\" content=\"1280\" \/>\n\t<meta property=\"og:image:type\" content=\"image\/jpeg\" \/>\n<meta name=\"twitter:card\" content=\"summary_large_image\" \/>\n<script type=\"application\/ld+json\" class=\"yoast-schema-graph\">{\"@context\":\"https:\\\/\\\/schema.org\",\"@graph\":[{\"@type\":\"WebPage\",\"@id\":\"https:\\\/\\\/www.cbh-cyprus.com\\\/de\\\/logicom-zypern-marathon-halbmarathon\\\/\",\"url\":\"https:\\\/\\\/www.cbh-cyprus.com\\\/de\\\/logicom-zypern-marathon-halbmarathon\\\/\",\"name\":\"LOGICOM CYPRUS MARATHON - HALBMARATHON, 10KM RACE & 5KM FUN RUN - 15. M\u00e4rz, 2020, PAPHOS - Constantinou Bros Hotels\",\"isPartOf\":{\"@id\":\"https:\\\/\\\/www.cbh-cyprus.com\\\/de\\\/#website\"},\"primaryImageOfPage\":{\"@id\":\"https:\\\/\\\/www.cbh-cyprus.com\\\/de\\\/logicom-zypern-marathon-halbmarathon\\\/#primaryimage\"},\"image\":{\"@id\":\"https:\\\/\\\/www.cbh-cyprus.com\\\/de\\\/logicom-zypern-marathon-halbmarathon\\\/#primaryimage\"},\"thumbnailUrl\":\"https:\\\/\\\/www.cbh-cyprus.com\\\/app\\\/uploads\\\/sites\\\/30\\\/2019\\\/07\\\/logicom_resized.jpg\",\"datePublished\":\"2019-07-22T08:33:20+00:00\",\"dateModified\":\"2024-09-13T09:11:11+00:00\",\"description\":\"Constantinou Bros Hotels unterst\u00fctzt den Logicom Cyprus Marathon im M\u00e4rz 2020, ein wichtiges Sportereignis in der historischen Stadt Paphos.\",\"breadcrumb\":{\"@id\":\"https:\\\/\\\/www.cbh-cyprus.com\\\/de\\\/logicom-zypern-marathon-halbmarathon\\\/#breadcrumb\"},\"inLanguage\":\"de\",\"potentialAction\":[{\"@type\":\"ReadAction\",\"target\":[\"https:\\\/\\\/www.cbh-cyprus.com\\\/de\\\/logicom-zypern-marathon-halbmarathon\\\/\"]}]},{\"@type\":\"ImageObject\",\"inLanguage\":\"de\",\"@id\":\"https:\\\/\\\/www.cbh-cyprus.com\\\/de\\\/logicom-zypern-marathon-halbmarathon\\\/#primaryimage\",\"url\":\"https:\\\/\\\/www.cbh-cyprus.com\\\/app\\\/uploads\\\/sites\\\/30\\\/2019\\\/07\\\/logicom_resized.jpg\",\"contentUrl\":\"https:\\\/\\\/www.cbh-cyprus.com\\\/app\\\/uploads\\\/sites\\\/30\\\/2019\\\/07\\\/logicom_resized.jpg\",\"width\":1920,\"height\":1280},{\"@type\":\"BreadcrumbList\",\"@id\":\"https:\\\/\\\/www.cbh-cyprus.com\\\/de\\\/logicom-zypern-marathon-halbmarathon\\\/#breadcrumb\",\"itemListElement\":[{\"@type\":\"ListItem\",\"position\":1,\"name\":\"Home\",\"item\":\"https:\\\/\\\/www.cbh-cyprus.com\\\/de\\\/willkommen-in-den-constantinou-bros-hotels\\\/\"},{\"@type\":\"ListItem\",\"position\":2,\"name\":\"LOGICOM CYPRUS MARATHON &#8211; HALBMARATHON, 10KM RACE &amp; 5KM FUN RUN &#8211; 15. M\u00e4rz, 2020, PAPHOS\"}]},{\"@type\":\"WebSite\",\"@id\":\"https:\\\/\\\/www.cbh-cyprus.com\\\/de\\\/#website\",\"url\":\"https:\\\/\\\/www.cbh-cyprus.com\\\/de\\\/\",\"name\":\"Constantinou Bros Hotels\",\"description\":\"Constantinou Bros Hotels\",\"publisher\":{\"@id\":\"https:\\\/\\\/www.cbh-cyprus.com\\\/de\\\/#organization\"},\"potentialAction\":[{\"@type\":\"SearchAction\",\"target\":{\"@type\":\"EntryPoint\",\"urlTemplate\":\"https:\\\/\\\/www.cbh-cyprus.com\\\/de\\\/?s={search_term_string}\"},\"query-input\":{\"@type\":\"PropertyValueSpecification\",\"valueRequired\":true,\"valueName\":\"search_term_string\"}}],\"inLanguage\":\"de\"},{\"@type\":\"Organization\",\"@id\":\"https:\\\/\\\/www.cbh-cyprus.com\\\/de\\\/#organization\",\"name\":\"Constantinou Bros Hotels\",\"url\":\"https:\\\/\\\/www.cbh-cyprus.com\\\/de\\\/\",\"logo\":{\"@type\":\"ImageObject\",\"inLanguage\":\"de\",\"@id\":\"https:\\\/\\\/www.cbh-cyprus.com\\\/de\\\/#\\\/schema\\\/logo\\\/image\\\/\",\"url\":\"https:\\\/\\\/www.cbh-cyprus.com\\\/app\\\/uploads\\\/sites\\\/30\\\/2020\\\/10\\\/cbh.jpg\",\"contentUrl\":\"https:\\\/\\\/www.cbh-cyprus.com\\\/app\\\/uploads\\\/sites\\\/30\\\/2020\\\/10\\\/cbh.jpg\",\"width\":1013,\"height\":419,\"caption\":\"Constantinou Bros Hotels\"},\"image\":{\"@id\":\"https:\\\/\\\/www.cbh-cyprus.com\\\/de\\\/#\\\/schema\\\/logo\\\/image\\\/\"}}]}<\/script>\n<!-- \/ Yoast SEO plugin. -->","yoast_head_json":{"title":"LOGICOM CYPRUS MARATHON - HALBMARATHON, 10KM RACE & 5KM FUN RUN - 15. M\u00e4rz, 2020, PAPHOS - Constantinou Bros Hotels","description":"Constantinou Bros Hotels unterst\u00fctzt den Logicom Cyprus Marathon im M\u00e4rz 2020, ein wichtiges Sportereignis in der historischen Stadt Paphos.","robots":{"index":"index","follow":"follow","max-snippet":"max-snippet:-1","max-image-preview":"max-image-preview:large","max-video-preview":"max-video-preview:-1"},"canonical":"https:\/\/www.cbh-cyprus.com\/de\/logicom-zypern-marathon-halbmarathon\/","og_locale":"de_DE","og_type":"article","og_title":"LOGICOM CYPRUS MARATHON - HALBMARATHON, 10KM RACE & 5KM FUN RUN - 15. M\u00e4rz, 2020, PAPHOS - Constantinou Bros Hotels","og_description":"Constantinou Bros Hotels unterst\u00fctzt den Logicom Cyprus Marathon im M\u00e4rz 2020, ein wichtiges Sportereignis in der historischen Stadt Paphos.","og_url":"https:\/\/www.cbh-cyprus.com\/de\/logicom-zypern-marathon-halbmarathon\/","og_site_name":"Constantinou Bros Hotels","article_modified_time":"2024-09-13T09:11:11+00:00","og_image":[{"width":1920,"height":1280,"url":"https:\/\/www.cbh-cyprus.com\/app\/uploads\/sites\/30\/2019\/07\/logicom_resized.jpg","type":"image\/jpeg"}],"twitter_card":"summary_large_image","schema":{"@context":"https:\/\/schema.org","@graph":[{"@type":"WebPage","@id":"https:\/\/www.cbh-cyprus.com\/de\/logicom-zypern-marathon-halbmarathon\/","url":"https:\/\/www.cbh-cyprus.com\/de\/logicom-zypern-marathon-halbmarathon\/","name":"LOGICOM CYPRUS MARATHON - HALBMARATHON, 10KM RACE & 5KM FUN RUN - 15. M\u00e4rz, 2020, PAPHOS - Constantinou Bros Hotels","isPartOf":{"@id":"https:\/\/www.cbh-cyprus.com\/de\/#website"},"primaryImageOfPage":{"@id":"https:\/\/www.cbh-cyprus.com\/de\/logicom-zypern-marathon-halbmarathon\/#primaryimage"},"image":{"@id":"https:\/\/www.cbh-cyprus.com\/de\/logicom-zypern-marathon-halbmarathon\/#primaryimage"},"thumbnailUrl":"https:\/\/www.cbh-cyprus.com\/app\/uploads\/sites\/30\/2019\/07\/logicom_resized.jpg","datePublished":"2019-07-22T08:33:20+00:00","dateModified":"2024-09-13T09:11:11+00:00","description":"Constantinou Bros Hotels unterst\u00fctzt den Logicom Cyprus Marathon im M\u00e4rz 2020, ein wichtiges Sportereignis in der historischen Stadt Paphos.","breadcrumb":{"@id":"https:\/\/www.cbh-cyprus.com\/de\/logicom-zypern-marathon-halbmarathon\/#breadcrumb"},"inLanguage":"de","potentialAction":[{"@type":"ReadAction","target":["https:\/\/www.cbh-cyprus.com\/de\/logicom-zypern-marathon-halbmarathon\/"]}]},{"@type":"ImageObject","inLanguage":"de","@id":"https:\/\/www.cbh-cyprus.com\/de\/logicom-zypern-marathon-halbmarathon\/#primaryimage","url":"https:\/\/www.cbh-cyprus.com\/app\/uploads\/sites\/30\/2019\/07\/logicom_resized.jpg","contentUrl":"https:\/\/www.cbh-cyprus.com\/app\/uploads\/sites\/30\/2019\/07\/logicom_resized.jpg","width":1920,"height":1280},{"@type":"BreadcrumbList","@id":"https:\/\/www.cbh-cyprus.com\/de\/logicom-zypern-marathon-halbmarathon\/#breadcrumb","itemListElement":[{"@type":"ListItem","position":1,"name":"Home","item":"https:\/\/www.cbh-cyprus.com\/de\/willkommen-in-den-constantinou-bros-hotels\/"},{"@type":"ListItem","position":2,"name":"LOGICOM CYPRUS MARATHON &#8211; HALBMARATHON, 10KM RACE &amp; 5KM FUN RUN &#8211; 15. M\u00e4rz, 2020, PAPHOS"}]},{"@type":"WebSite","@id":"https:\/\/www.cbh-cyprus.com\/de\/#website","url":"https:\/\/www.cbh-cyprus.com\/de\/","name":"Constantinou Bros Hotels","description":"Constantinou Bros Hotels","publisher":{"@id":"https:\/\/www.cbh-cyprus.com\/de\/#organization"},"potentialAction":[{"@type":"SearchAction","target":{"@type":"EntryPoint","urlTemplate":"https:\/\/www.cbh-cyprus.com\/de\/?s={search_term_string}"},"query-input":{"@type":"PropertyValueSpecification","valueRequired":true,"valueName":"search_term_string"}}],"inLanguage":"de"},{"@type":"Organization","@id":"https:\/\/www.cbh-cyprus.com\/de\/#organization","name":"Constantinou Bros Hotels","url":"https:\/\/www.cbh-cyprus.com\/de\/","logo":{"@type":"ImageObject","inLanguage":"de","@id":"https:\/\/www.cbh-cyprus.com\/de\/#\/schema\/logo\/image\/","url":"https:\/\/www.cbh-cyprus.com\/app\/uploads\/sites\/30\/2020\/10\/cbh.jpg","contentUrl":"https:\/\/www.cbh-cyprus.com\/app\/uploads\/sites\/30\/2020\/10\/cbh.jpg","width":1013,"height":419,"caption":"Constantinou Bros Hotels"},"image":{"@id":"https:\/\/www.cbh-cyprus.com\/de\/#\/schema\/logo\/image\/"}}]}},"_links":{"self":[{"href":"https:\/\/www.cbh-cyprus.com\/de\/wp-json\/wp\/v2\/pages\/2878","targetHints":{"allow":["GET"]}}],"collection":[{"href":"https:\/\/www.cbh-cyprus.com\/de\/wp-json\/wp\/v2\/pages"}],"about":[{"href":"https:\/\/www.cbh-cyprus.com\/de\/wp-json\/wp\/v2\/types\/page"}],"author":[{"embeddable":true,"href":"https:\/\/www.cbh-cyprus.com\/de\/wp-json\/wp\/v2\/users\/100"}],"replies":[{"embeddable":true,"href":"https:\/\/www.cbh-cyprus.com\/de\/wp-json\/wp\/v2\/comments?post=2878"}],"version-history":[{"count":4,"href":"https:\/\/www.cbh-cyprus.com\/de\/wp-json\/wp\/v2\/pages\/2878\/revisions"}],"predecessor-version":[{"id":41339,"href":"https:\/\/www.cbh-cyprus.com\/de\/wp-json\/wp\/v2\/pages\/2878\/revisions\/41339"}],"wp:featuredmedia":[{"embeddable":true,"href":"https:\/\/www.cbh-cyprus.com\/de\/wp-json\/wp\/v2\/media\/2006"}],"wp:attachment":[{"href":"https:\/\/www.cbh-cyprus.com\/de\/wp-json\/wp\/v2\/media?parent=2878"}],"curies":[{"name":"wp","href":"https:\/\/api.w.org\/{rel}","templated":true}]}}