{"id":2892,"date":"2019-11-15T13:18:45","date_gmt":"2019-11-15T10:18:45","guid":{"rendered":"http:\/\/cbh-cyprus.cms4.nelios.com\/the-group\/news\/sky-jump-charity-event\/"},"modified":"2024-09-13T12:34:10","modified_gmt":"2024-09-13T09:34:10","slug":"sky-jump-wohltatigkeitsveranstaltung","status":"publish","type":"page","link":"https:\/\/www.cbh-cyprus.com\/de\/sky-jump-wohltatigkeitsveranstaltung\/","title":{"rendered":"Sky Jump Wohlt\u00e4tigkeitsveranstaltung"},"content":{"rendered":"<h1>Sky Jump Wohlt\u00e4tigkeitsveranstaltung: Constantinou Bros Hotels&#8216; General Manager schlie\u00dft sich Co-op Travel f\u00fcr Just a Drop Cause an&#8220;<\/h1>\n<p>  Der Gesch\u00e4ftsf\u00fchrer von Constantinou Bros Hotels, Herr Aristos Diomedous, nahm zusammen mit anderen Agenten und Lieferanten von Co-op Travel die Herausforderung an, gemeinsam mit Midcounties Co-op Travel an einem Sky Jump Charity Event teilzunehmen, um Geld f\u00fcr die Unterst\u00fctzung zweier Schulen in Kenia durch die Wohlt\u00e4tigkeitsorganisation Just a Drop zu sammeln.<br \/>\nDas Ziel war, dass jede Person einen Betrag von 1.550 \u20ac erreichen sollte.<br \/>\nAm<sup>26.<\/sup> Juni 2019 beendete das erste Team mit Aristos die Herausforderung, indem es aus 6000 Metern H\u00f6he aus einem Flugzeug sprang. Mit der Unterst\u00fctzung all seiner Sponsoren schaffte es Aristos Diomedous, 135% seines Ziels zu \u00fcbertreffen und insgesamt 2.099,29 \u20ac plus 117,61 \u20ac Spendengelder f\u00fcr seine Wohlt\u00e4tigkeitsorganisation zu sammeln!<br \/>\nConstantinou Bros Hotels war der Hauptsponsor von Aristos Diomedous, der jedoch ohne die Unterst\u00fctzung seiner lieben Freunde nicht in der Lage gewesen w\u00e4re, eine solche Leistung zu vollbringen.<br \/>\nDaf\u00fcr m\u00f6chte er sich pers\u00f6nlich bei seinen 24 Unterst\u00fctzern bedanken, n\u00e4mlich bei: Annabel Griffin (Le Petit Monde), Sunhouse Travel Ltd, Vasilis Pavlou (Attica Holidays), Paul Moss (Holiday Lounge), Angela Mazzey (TUI), Christos Evripidou (Aphrodite Half Marathon), Mark Richardson (Constantinou Bros Hotels &#8211; UK), David Townend (Constantinou Bros Hotels UK), Kries Schotte, Liz Williams (Constant Travel), Sotos Stephanou (    <a href=\"https:\/\/www.bookcyprus.com\/\" target=\"_blank\" rel=\"noopener noreferrer\">www.bookcyprus.com<\/a>), Andy Heapy, Chrysanthos Georgiou (Garibaldi), Pantelis Sofokleous (Style Tours), Michalis Athanassiou , Graham Coles, Savvas Skordis, Karin Vanden Bulcke, Damian Kellegher (Personal Holiday Advisors) und Potters Friends Foundation&#8230; Sponsoren, die sich entschieden haben, anonym zu bleiben, Sie wissen, wer Sie sind und vielen Dank!<br \/>\nM\u00f6ge diese Leistung eine Inspiration f\u00fcr uns alle sein! <\/p>\n","protected":false},"excerpt":{"rendered":"<p>Sky Jump Wohlt\u00e4tigkeitsveranstaltung: Constantinou Bros Hotels&#8216; General Manager schlie\u00dft sich Co-op Travel f\u00fcr Just a Drop Cause an&#8220; Der Gesch\u00e4ftsf\u00fchrer von Constantinou Bros Hotels, Herr Aristos Diomedous, nahm zusammen mit anderen Agenten und Lieferanten von Co-op Travel die Herausforderung an, gemeinsam mit Midcounties Co-op Travel an einem Sky Jump Charity Event teilzunehmen, um Geld f\u00fcr<\/p>\n","protected":false},"author":100,"featured_media":2886,"parent":0,"menu_order":0,"comment_status":"closed","ping_status":"closed","template":"","meta":{"_acf_changed":false,"footnotes":""},"class_list":["post-2892","page","type-page","status-publish","has-post-thumbnail","hentry"],"acf":[],"yoast_head":"<!-- This site is optimized with the Yoast SEO plugin v27.3 - https:\/\/yoast.com\/product\/yoast-seo-wordpress\/ -->\n<title>Sky Jump Wohlt\u00e4tigkeitsveranstaltung - Constantinou Bros Hotels<\/title>\n<meta name=\"description\" content=\"Unser Gesch\u00e4ftsf\u00fchrer hat sein Ziel f\u00fcr die Wohlt\u00e4tigkeitsveranstaltung Travel in a Sky Jump f\u00fcr Schulen in Kenia \u00fcber die Wohlt\u00e4tigkeitsorganisation Just a Drop um 135% \u00fcbertroffen.\" \/>\n<meta name=\"robots\" content=\"index, follow, max-snippet:-1, max-image-preview:large, max-video-preview:-1\" \/>\n<link rel=\"canonical\" href=\"https:\/\/www.cbh-cyprus.com\/de\/sky-jump-wohltatigkeitsveranstaltung\/\" \/>\n<meta property=\"og:locale\" content=\"de_DE\" \/>\n<meta property=\"og:type\" content=\"article\" \/>\n<meta property=\"og:title\" content=\"Sky Jump Wohlt\u00e4tigkeitsveranstaltung - Constantinou Bros Hotels\" \/>\n<meta property=\"og:description\" content=\"Unser Gesch\u00e4ftsf\u00fchrer hat sein Ziel f\u00fcr die Wohlt\u00e4tigkeitsveranstaltung Travel in a Sky Jump f\u00fcr Schulen in Kenia \u00fcber die Wohlt\u00e4tigkeitsorganisation Just a Drop um 135% \u00fcbertroffen.\" \/>\n<meta property=\"og:url\" content=\"https:\/\/www.cbh-cyprus.com\/de\/sky-jump-wohltatigkeitsveranstaltung\/\" \/>\n<meta property=\"og:site_name\" content=\"Constantinou Bros Hotels\" \/>\n<meta property=\"article:modified_time\" content=\"2024-09-13T09:34:10+00:00\" \/>\n<meta property=\"og:image\" content=\"https:\/\/www.cbh-cyprus.com\/app\/uploads\/sites\/30\/2019\/11\/DSC5618.jpeg\" \/>\n\t<meta property=\"og:image:width\" content=\"1920\" \/>\n\t<meta property=\"og:image:height\" content=\"1280\" \/>\n\t<meta property=\"og:image:type\" content=\"image\/jpeg\" \/>\n<meta name=\"twitter:card\" content=\"summary_large_image\" \/>\n<meta name=\"twitter:label1\" content=\"Gesch\u00e4tzte Lesezeit\" \/>\n\t<meta name=\"twitter:data1\" content=\"1\u00a0Minute\" \/>\n<script type=\"application\/ld+json\" class=\"yoast-schema-graph\">{\"@context\":\"https:\\\/\\\/schema.org\",\"@graph\":[{\"@type\":\"WebPage\",\"@id\":\"https:\\\/\\\/www.cbh-cyprus.com\\\/de\\\/sky-jump-wohltatigkeitsveranstaltung\\\/\",\"url\":\"https:\\\/\\\/www.cbh-cyprus.com\\\/de\\\/sky-jump-wohltatigkeitsveranstaltung\\\/\",\"name\":\"Sky Jump Wohlt\u00e4tigkeitsveranstaltung - Constantinou Bros Hotels\",\"isPartOf\":{\"@id\":\"https:\\\/\\\/www.cbh-cyprus.com\\\/de\\\/#website\"},\"primaryImageOfPage\":{\"@id\":\"https:\\\/\\\/www.cbh-cyprus.com\\\/de\\\/sky-jump-wohltatigkeitsveranstaltung\\\/#primaryimage\"},\"image\":{\"@id\":\"https:\\\/\\\/www.cbh-cyprus.com\\\/de\\\/sky-jump-wohltatigkeitsveranstaltung\\\/#primaryimage\"},\"thumbnailUrl\":\"https:\\\/\\\/www.cbh-cyprus.com\\\/app\\\/uploads\\\/sites\\\/30\\\/2019\\\/11\\\/DSC5618.jpeg\",\"datePublished\":\"2019-11-15T10:18:45+00:00\",\"dateModified\":\"2024-09-13T09:34:10+00:00\",\"description\":\"Unser Gesch\u00e4ftsf\u00fchrer hat sein Ziel f\u00fcr die Wohlt\u00e4tigkeitsveranstaltung Travel in a Sky Jump f\u00fcr Schulen in Kenia \u00fcber die Wohlt\u00e4tigkeitsorganisation Just a Drop um 135% \u00fcbertroffen.\",\"breadcrumb\":{\"@id\":\"https:\\\/\\\/www.cbh-cyprus.com\\\/de\\\/sky-jump-wohltatigkeitsveranstaltung\\\/#breadcrumb\"},\"inLanguage\":\"de\",\"potentialAction\":[{\"@type\":\"ReadAction\",\"target\":[\"https:\\\/\\\/www.cbh-cyprus.com\\\/de\\\/sky-jump-wohltatigkeitsveranstaltung\\\/\"]}]},{\"@type\":\"ImageObject\",\"inLanguage\":\"de\",\"@id\":\"https:\\\/\\\/www.cbh-cyprus.com\\\/de\\\/sky-jump-wohltatigkeitsveranstaltung\\\/#primaryimage\",\"url\":\"https:\\\/\\\/www.cbh-cyprus.com\\\/app\\\/uploads\\\/sites\\\/30\\\/2019\\\/11\\\/DSC5618.jpeg\",\"contentUrl\":\"https:\\\/\\\/www.cbh-cyprus.com\\\/app\\\/uploads\\\/sites\\\/30\\\/2019\\\/11\\\/DSC5618.jpeg\",\"width\":1920,\"height\":1280},{\"@type\":\"BreadcrumbList\",\"@id\":\"https:\\\/\\\/www.cbh-cyprus.com\\\/de\\\/sky-jump-wohltatigkeitsveranstaltung\\\/#breadcrumb\",\"itemListElement\":[{\"@type\":\"ListItem\",\"position\":1,\"name\":\"Home\",\"item\":\"https:\\\/\\\/www.cbh-cyprus.com\\\/de\\\/willkommen-in-den-constantinou-bros-hotels\\\/\"},{\"@type\":\"ListItem\",\"position\":2,\"name\":\"Sky Jump Wohlt\u00e4tigkeitsveranstaltung\"}]},{\"@type\":\"WebSite\",\"@id\":\"https:\\\/\\\/www.cbh-cyprus.com\\\/de\\\/#website\",\"url\":\"https:\\\/\\\/www.cbh-cyprus.com\\\/de\\\/\",\"name\":\"Constantinou Bros Hotels\",\"description\":\"Constantinou Bros Hotels\",\"publisher\":{\"@id\":\"https:\\\/\\\/www.cbh-cyprus.com\\\/de\\\/#organization\"},\"potentialAction\":[{\"@type\":\"SearchAction\",\"target\":{\"@type\":\"EntryPoint\",\"urlTemplate\":\"https:\\\/\\\/www.cbh-cyprus.com\\\/de\\\/?s={search_term_string}\"},\"query-input\":{\"@type\":\"PropertyValueSpecification\",\"valueRequired\":true,\"valueName\":\"search_term_string\"}}],\"inLanguage\":\"de\"},{\"@type\":\"Organization\",\"@id\":\"https:\\\/\\\/www.cbh-cyprus.com\\\/de\\\/#organization\",\"name\":\"Constantinou Bros Hotels\",\"url\":\"https:\\\/\\\/www.cbh-cyprus.com\\\/de\\\/\",\"logo\":{\"@type\":\"ImageObject\",\"inLanguage\":\"de\",\"@id\":\"https:\\\/\\\/www.cbh-cyprus.com\\\/de\\\/#\\\/schema\\\/logo\\\/image\\\/\",\"url\":\"https:\\\/\\\/www.cbh-cyprus.com\\\/app\\\/uploads\\\/sites\\\/30\\\/2020\\\/10\\\/cbh.jpg\",\"contentUrl\":\"https:\\\/\\\/www.cbh-cyprus.com\\\/app\\\/uploads\\\/sites\\\/30\\\/2020\\\/10\\\/cbh.jpg\",\"width\":1013,\"height\":419,\"caption\":\"Constantinou Bros Hotels\"},\"image\":{\"@id\":\"https:\\\/\\\/www.cbh-cyprus.com\\\/de\\\/#\\\/schema\\\/logo\\\/image\\\/\"}}]}<\/script>\n<!-- \/ Yoast SEO plugin. -->","yoast_head_json":{"title":"Sky Jump Wohlt\u00e4tigkeitsveranstaltung - Constantinou Bros Hotels","description":"Unser Gesch\u00e4ftsf\u00fchrer hat sein Ziel f\u00fcr die Wohlt\u00e4tigkeitsveranstaltung Travel in a Sky Jump f\u00fcr Schulen in Kenia \u00fcber die Wohlt\u00e4tigkeitsorganisation Just a Drop um 135% \u00fcbertroffen.","robots":{"index":"index","follow":"follow","max-snippet":"max-snippet:-1","max-image-preview":"max-image-preview:large","max-video-preview":"max-video-preview:-1"},"canonical":"https:\/\/www.cbh-cyprus.com\/de\/sky-jump-wohltatigkeitsveranstaltung\/","og_locale":"de_DE","og_type":"article","og_title":"Sky Jump Wohlt\u00e4tigkeitsveranstaltung - Constantinou Bros Hotels","og_description":"Unser Gesch\u00e4ftsf\u00fchrer hat sein Ziel f\u00fcr die Wohlt\u00e4tigkeitsveranstaltung Travel in a Sky Jump f\u00fcr Schulen in Kenia \u00fcber die Wohlt\u00e4tigkeitsorganisation Just a Drop um 135% \u00fcbertroffen.","og_url":"https:\/\/www.cbh-cyprus.com\/de\/sky-jump-wohltatigkeitsveranstaltung\/","og_site_name":"Constantinou Bros Hotels","article_modified_time":"2024-09-13T09:34:10+00:00","og_image":[{"width":1920,"height":1280,"url":"https:\/\/www.cbh-cyprus.com\/app\/uploads\/sites\/30\/2019\/11\/DSC5618.jpeg","type":"image\/jpeg"}],"twitter_card":"summary_large_image","twitter_misc":{"Gesch\u00e4tzte Lesezeit":"1\u00a0Minute"},"schema":{"@context":"https:\/\/schema.org","@graph":[{"@type":"WebPage","@id":"https:\/\/www.cbh-cyprus.com\/de\/sky-jump-wohltatigkeitsveranstaltung\/","url":"https:\/\/www.cbh-cyprus.com\/de\/sky-jump-wohltatigkeitsveranstaltung\/","name":"Sky Jump Wohlt\u00e4tigkeitsveranstaltung - Constantinou Bros Hotels","isPartOf":{"@id":"https:\/\/www.cbh-cyprus.com\/de\/#website"},"primaryImageOfPage":{"@id":"https:\/\/www.cbh-cyprus.com\/de\/sky-jump-wohltatigkeitsveranstaltung\/#primaryimage"},"image":{"@id":"https:\/\/www.cbh-cyprus.com\/de\/sky-jump-wohltatigkeitsveranstaltung\/#primaryimage"},"thumbnailUrl":"https:\/\/www.cbh-cyprus.com\/app\/uploads\/sites\/30\/2019\/11\/DSC5618.jpeg","datePublished":"2019-11-15T10:18:45+00:00","dateModified":"2024-09-13T09:34:10+00:00","description":"Unser Gesch\u00e4ftsf\u00fchrer hat sein Ziel f\u00fcr die Wohlt\u00e4tigkeitsveranstaltung Travel in a Sky Jump f\u00fcr Schulen in Kenia \u00fcber die Wohlt\u00e4tigkeitsorganisation Just a Drop um 135% \u00fcbertroffen.","breadcrumb":{"@id":"https:\/\/www.cbh-cyprus.com\/de\/sky-jump-wohltatigkeitsveranstaltung\/#breadcrumb"},"inLanguage":"de","potentialAction":[{"@type":"ReadAction","target":["https:\/\/www.cbh-cyprus.com\/de\/sky-jump-wohltatigkeitsveranstaltung\/"]}]},{"@type":"ImageObject","inLanguage":"de","@id":"https:\/\/www.cbh-cyprus.com\/de\/sky-jump-wohltatigkeitsveranstaltung\/#primaryimage","url":"https:\/\/www.cbh-cyprus.com\/app\/uploads\/sites\/30\/2019\/11\/DSC5618.jpeg","contentUrl":"https:\/\/www.cbh-cyprus.com\/app\/uploads\/sites\/30\/2019\/11\/DSC5618.jpeg","width":1920,"height":1280},{"@type":"BreadcrumbList","@id":"https:\/\/www.cbh-cyprus.com\/de\/sky-jump-wohltatigkeitsveranstaltung\/#breadcrumb","itemListElement":[{"@type":"ListItem","position":1,"name":"Home","item":"https:\/\/www.cbh-cyprus.com\/de\/willkommen-in-den-constantinou-bros-hotels\/"},{"@type":"ListItem","position":2,"name":"Sky Jump Wohlt\u00e4tigkeitsveranstaltung"}]},{"@type":"WebSite","@id":"https:\/\/www.cbh-cyprus.com\/de\/#website","url":"https:\/\/www.cbh-cyprus.com\/de\/","name":"Constantinou Bros Hotels","description":"Constantinou Bros Hotels","publisher":{"@id":"https:\/\/www.cbh-cyprus.com\/de\/#organization"},"potentialAction":[{"@type":"SearchAction","target":{"@type":"EntryPoint","urlTemplate":"https:\/\/www.cbh-cyprus.com\/de\/?s={search_term_string}"},"query-input":{"@type":"PropertyValueSpecification","valueRequired":true,"valueName":"search_term_string"}}],"inLanguage":"de"},{"@type":"Organization","@id":"https:\/\/www.cbh-cyprus.com\/de\/#organization","name":"Constantinou Bros Hotels","url":"https:\/\/www.cbh-cyprus.com\/de\/","logo":{"@type":"ImageObject","inLanguage":"de","@id":"https:\/\/www.cbh-cyprus.com\/de\/#\/schema\/logo\/image\/","url":"https:\/\/www.cbh-cyprus.com\/app\/uploads\/sites\/30\/2020\/10\/cbh.jpg","contentUrl":"https:\/\/www.cbh-cyprus.com\/app\/uploads\/sites\/30\/2020\/10\/cbh.jpg","width":1013,"height":419,"caption":"Constantinou Bros Hotels"},"image":{"@id":"https:\/\/www.cbh-cyprus.com\/de\/#\/schema\/logo\/image\/"}}]}},"_links":{"self":[{"href":"https:\/\/www.cbh-cyprus.com\/de\/wp-json\/wp\/v2\/pages\/2892","targetHints":{"allow":["GET"]}}],"collection":[{"href":"https:\/\/www.cbh-cyprus.com\/de\/wp-json\/wp\/v2\/pages"}],"about":[{"href":"https:\/\/www.cbh-cyprus.com\/de\/wp-json\/wp\/v2\/types\/page"}],"author":[{"embeddable":true,"href":"https:\/\/www.cbh-cyprus.com\/de\/wp-json\/wp\/v2\/users\/100"}],"replies":[{"embeddable":true,"href":"https:\/\/www.cbh-cyprus.com\/de\/wp-json\/wp\/v2\/comments?post=2892"}],"version-history":[{"count":4,"href":"https:\/\/www.cbh-cyprus.com\/de\/wp-json\/wp\/v2\/pages\/2892\/revisions"}],"predecessor-version":[{"id":41369,"href":"https:\/\/www.cbh-cyprus.com\/de\/wp-json\/wp\/v2\/pages\/2892\/revisions\/41369"}],"wp:featuredmedia":[{"embeddable":true,"href":"https:\/\/www.cbh-cyprus.com\/de\/wp-json\/wp\/v2\/media\/2886"}],"wp:attachment":[{"href":"https:\/\/www.cbh-cyprus.com\/de\/wp-json\/wp\/v2\/media?parent=2892"}],"curies":[{"name":"wp","href":"https:\/\/api.w.org\/{rel}","templated":true}]}}