{"id":2905,"date":"2019-11-15T13:22:09","date_gmt":"2019-11-15T10:22:09","guid":{"rendered":"http:\/\/cbh-cyprus.cms4.nelios.com\/the-group\/news\/constantinou-bros-hotels-blood-donation-october-2019\/"},"modified":"2024-09-13T11:57:51","modified_gmt":"2024-09-13T08:57:51","slug":"constantinou-bros-hotels-blutspende-oktober-2019","status":"publish","type":"page","link":"https:\/\/www.cbh-cyprus.com\/de\/constantinou-bros-hotels-blutspende-oktober-2019\/","title":{"rendered":"Constantinou Bros Hotels Blutspende &#8211; Oktober, 2019"},"content":{"rendered":"<p>Jedes Jahr organisiert Constantinou Bros Hotels eine Blutspendeaktion auf dem Gel\u00e4nde des Unternehmens, an der sich die Mitarbeiter beteiligen.<br \/>\nWieder einmal war die zweit\u00e4gige Blutspendeaktion ein Erfolg. Weit \u00fcber 80 Mitarbeiter haben sich freiwillig beteiligt, was eine deutliche Zunahme der Blutspender von Jahr zu Jahr zeigt.<br \/>\nEin gro\u00dfes Dankesch\u00f6n an alle teilnehmenden Mitarbeiter der Constantinou Bros Hotels f\u00fcr ihren Beitrag und ihre Teamarbeit bei der Unterst\u00fctzung dieser gro\u00dfen Sache, ein Leben zu retten.<br \/>\nDie Constantinou Bros Hotels Blood Bank wird auch weiterhin mit Stolz die Notwendigkeit von Blutspenden unterst\u00fctzen und das Bewusstsein daf\u00fcr sch\u00e4rfen, indem sie jedes Jahr dazu beitr\u00e4gt, den enormen Bedarf an Blutkonserven in den Krankenh\u00e4usern zu decken.   <\/p>\n","protected":false},"excerpt":{"rendered":"<p>Jedes Jahr organisiert Constantinou Bros Hotels eine Blutspendeaktion auf dem Gel\u00e4nde des Unternehmens, an der sich die Mitarbeiter beteiligen. Wieder einmal war die zweit\u00e4gige Blutspendeaktion ein Erfolg. Weit \u00fcber 80 Mitarbeiter haben sich freiwillig beteiligt, was eine deutliche Zunahme der Blutspender von Jahr zu Jahr zeigt. Ein gro\u00dfes Dankesch\u00f6n an alle teilnehmenden Mitarbeiter der Constantinou<\/p>\n","protected":false},"author":100,"featured_media":2902,"parent":0,"menu_order":0,"comment_status":"closed","ping_status":"closed","template":"","meta":{"_acf_changed":false,"footnotes":""},"class_list":["post-2905","page","type-page","status-publish","has-post-thumbnail","hentry"],"acf":[],"yoast_head":"<!-- This site is optimized with the Yoast SEO plugin v27.4 - https:\/\/yoast.com\/product\/yoast-seo-wordpress\/ -->\n<title>Constantinou Bros Hotels Blutspende - Oktober, 2019 - Constantinou Bros Hotels<\/title>\n<meta name=\"description\" content=\"Die j\u00e4hrliche Blutspendeaktion von Constantinou Bros Hotels in den R\u00e4umlichkeiten des Unternehmens, an der die Mitarbeiter teilnehmen, um diese wichtige Sache zu unterst\u00fctzen und das Bewusstsein daf\u00fcr zu sch\u00e4rfen.\" \/>\n<meta name=\"robots\" content=\"index, follow, max-snippet:-1, max-image-preview:large, max-video-preview:-1\" \/>\n<link rel=\"canonical\" href=\"https:\/\/www.cbh-cyprus.com\/de\/constantinou-bros-hotels-blutspende-oktober-2019\/\" \/>\n<meta property=\"og:locale\" content=\"de_DE\" \/>\n<meta property=\"og:type\" content=\"article\" \/>\n<meta property=\"og:title\" content=\"Constantinou Bros Hotels Blutspende - Oktober, 2019 - Constantinou Bros Hotels\" \/>\n<meta property=\"og:description\" content=\"Die j\u00e4hrliche Blutspendeaktion von Constantinou Bros Hotels in den R\u00e4umlichkeiten des Unternehmens, an der die Mitarbeiter teilnehmen, um diese wichtige Sache zu unterst\u00fctzen und das Bewusstsein daf\u00fcr zu sch\u00e4rfen.\" \/>\n<meta property=\"og:url\" content=\"https:\/\/www.cbh-cyprus.com\/de\/constantinou-bros-hotels-blutspende-oktober-2019\/\" \/>\n<meta property=\"og:site_name\" content=\"Constantinou Bros Hotels\" \/>\n<meta property=\"article:modified_time\" content=\"2024-09-13T08:57:51+00:00\" \/>\n<meta property=\"og:image\" content=\"https:\/\/www.cbh-cyprus.com\/app\/uploads\/sites\/30\/2019\/11\/20191030_113717.jpg\" \/>\n\t<meta property=\"og:image:width\" content=\"1920\" \/>\n\t<meta property=\"og:image:height\" content=\"933\" \/>\n\t<meta property=\"og:image:type\" content=\"image\/jpeg\" \/>\n<meta name=\"twitter:card\" content=\"summary_large_image\" \/>\n<meta name=\"twitter:label1\" content=\"Gesch\u00e4tzte Lesezeit\" \/>\n\t<meta name=\"twitter:data1\" content=\"1\u00a0Minute\" \/>\n<script type=\"application\/ld+json\" class=\"yoast-schema-graph\">{\"@context\":\"https:\\\/\\\/schema.org\",\"@graph\":[{\"@type\":\"WebPage\",\"@id\":\"https:\\\/\\\/www.cbh-cyprus.com\\\/de\\\/constantinou-bros-hotels-blutspende-oktober-2019\\\/\",\"url\":\"https:\\\/\\\/www.cbh-cyprus.com\\\/de\\\/constantinou-bros-hotels-blutspende-oktober-2019\\\/\",\"name\":\"Constantinou Bros Hotels Blutspende - Oktober, 2019 - Constantinou Bros Hotels\",\"isPartOf\":{\"@id\":\"https:\\\/\\\/www.cbh-cyprus.com\\\/de\\\/#website\"},\"primaryImageOfPage\":{\"@id\":\"https:\\\/\\\/www.cbh-cyprus.com\\\/de\\\/constantinou-bros-hotels-blutspende-oktober-2019\\\/#primaryimage\"},\"image\":{\"@id\":\"https:\\\/\\\/www.cbh-cyprus.com\\\/de\\\/constantinou-bros-hotels-blutspende-oktober-2019\\\/#primaryimage\"},\"thumbnailUrl\":\"https:\\\/\\\/www.cbh-cyprus.com\\\/app\\\/uploads\\\/sites\\\/30\\\/2019\\\/11\\\/20191030_113717.jpg\",\"datePublished\":\"2019-11-15T10:22:09+00:00\",\"dateModified\":\"2024-09-13T08:57:51+00:00\",\"description\":\"Die j\u00e4hrliche Blutspendeaktion von Constantinou Bros Hotels in den R\u00e4umlichkeiten des Unternehmens, an der die Mitarbeiter teilnehmen, um diese wichtige Sache zu unterst\u00fctzen und das Bewusstsein daf\u00fcr zu sch\u00e4rfen.\",\"breadcrumb\":{\"@id\":\"https:\\\/\\\/www.cbh-cyprus.com\\\/de\\\/constantinou-bros-hotels-blutspende-oktober-2019\\\/#breadcrumb\"},\"inLanguage\":\"de\",\"potentialAction\":[{\"@type\":\"ReadAction\",\"target\":[\"https:\\\/\\\/www.cbh-cyprus.com\\\/de\\\/constantinou-bros-hotels-blutspende-oktober-2019\\\/\"]}]},{\"@type\":\"ImageObject\",\"inLanguage\":\"de\",\"@id\":\"https:\\\/\\\/www.cbh-cyprus.com\\\/de\\\/constantinou-bros-hotels-blutspende-oktober-2019\\\/#primaryimage\",\"url\":\"https:\\\/\\\/www.cbh-cyprus.com\\\/app\\\/uploads\\\/sites\\\/30\\\/2019\\\/11\\\/20191030_113717.jpg\",\"contentUrl\":\"https:\\\/\\\/www.cbh-cyprus.com\\\/app\\\/uploads\\\/sites\\\/30\\\/2019\\\/11\\\/20191030_113717.jpg\",\"width\":1920,\"height\":933},{\"@type\":\"BreadcrumbList\",\"@id\":\"https:\\\/\\\/www.cbh-cyprus.com\\\/de\\\/constantinou-bros-hotels-blutspende-oktober-2019\\\/#breadcrumb\",\"itemListElement\":[{\"@type\":\"ListItem\",\"position\":1,\"name\":\"Home\",\"item\":\"https:\\\/\\\/www.cbh-cyprus.com\\\/de\\\/willkommen-in-den-constantinou-bros-hotels\\\/\"},{\"@type\":\"ListItem\",\"position\":2,\"name\":\"Constantinou Bros Hotels Blutspende &#8211; Oktober, 2019\"}]},{\"@type\":\"WebSite\",\"@id\":\"https:\\\/\\\/www.cbh-cyprus.com\\\/de\\\/#website\",\"url\":\"https:\\\/\\\/www.cbh-cyprus.com\\\/de\\\/\",\"name\":\"Constantinou Bros Hotels\",\"description\":\"Constantinou Bros Hotels\",\"publisher\":{\"@id\":\"https:\\\/\\\/www.cbh-cyprus.com\\\/de\\\/#organization\"},\"potentialAction\":[{\"@type\":\"SearchAction\",\"target\":{\"@type\":\"EntryPoint\",\"urlTemplate\":\"https:\\\/\\\/www.cbh-cyprus.com\\\/de\\\/?s={search_term_string}\"},\"query-input\":{\"@type\":\"PropertyValueSpecification\",\"valueRequired\":true,\"valueName\":\"search_term_string\"}}],\"inLanguage\":\"de\"},{\"@type\":\"Organization\",\"@id\":\"https:\\\/\\\/www.cbh-cyprus.com\\\/de\\\/#organization\",\"name\":\"Constantinou Bros Hotels\",\"url\":\"https:\\\/\\\/www.cbh-cyprus.com\\\/de\\\/\",\"logo\":{\"@type\":\"ImageObject\",\"inLanguage\":\"de\",\"@id\":\"https:\\\/\\\/www.cbh-cyprus.com\\\/de\\\/#\\\/schema\\\/logo\\\/image\\\/\",\"url\":\"https:\\\/\\\/www.cbh-cyprus.com\\\/app\\\/uploads\\\/sites\\\/30\\\/2020\\\/10\\\/cbh.jpg\",\"contentUrl\":\"https:\\\/\\\/www.cbh-cyprus.com\\\/app\\\/uploads\\\/sites\\\/30\\\/2020\\\/10\\\/cbh.jpg\",\"width\":1013,\"height\":419,\"caption\":\"Constantinou Bros Hotels\"},\"image\":{\"@id\":\"https:\\\/\\\/www.cbh-cyprus.com\\\/de\\\/#\\\/schema\\\/logo\\\/image\\\/\"}}]}<\/script>\n<!-- \/ Yoast SEO plugin. -->","yoast_head_json":{"title":"Constantinou Bros Hotels Blutspende - Oktober, 2019 - Constantinou Bros Hotels","description":"Die j\u00e4hrliche Blutspendeaktion von Constantinou Bros Hotels in den R\u00e4umlichkeiten des Unternehmens, an der die Mitarbeiter teilnehmen, um diese wichtige Sache zu unterst\u00fctzen und das Bewusstsein daf\u00fcr zu sch\u00e4rfen.","robots":{"index":"index","follow":"follow","max-snippet":"max-snippet:-1","max-image-preview":"max-image-preview:large","max-video-preview":"max-video-preview:-1"},"canonical":"https:\/\/www.cbh-cyprus.com\/de\/constantinou-bros-hotels-blutspende-oktober-2019\/","og_locale":"de_DE","og_type":"article","og_title":"Constantinou Bros Hotels Blutspende - Oktober, 2019 - Constantinou Bros Hotels","og_description":"Die j\u00e4hrliche Blutspendeaktion von Constantinou Bros Hotels in den R\u00e4umlichkeiten des Unternehmens, an der die Mitarbeiter teilnehmen, um diese wichtige Sache zu unterst\u00fctzen und das Bewusstsein daf\u00fcr zu sch\u00e4rfen.","og_url":"https:\/\/www.cbh-cyprus.com\/de\/constantinou-bros-hotels-blutspende-oktober-2019\/","og_site_name":"Constantinou Bros Hotels","article_modified_time":"2024-09-13T08:57:51+00:00","og_image":[{"width":1920,"height":933,"url":"https:\/\/www.cbh-cyprus.com\/app\/uploads\/sites\/30\/2019\/11\/20191030_113717.jpg","type":"image\/jpeg"}],"twitter_card":"summary_large_image","twitter_misc":{"Gesch\u00e4tzte Lesezeit":"1\u00a0Minute"},"schema":{"@context":"https:\/\/schema.org","@graph":[{"@type":"WebPage","@id":"https:\/\/www.cbh-cyprus.com\/de\/constantinou-bros-hotels-blutspende-oktober-2019\/","url":"https:\/\/www.cbh-cyprus.com\/de\/constantinou-bros-hotels-blutspende-oktober-2019\/","name":"Constantinou Bros Hotels Blutspende - Oktober, 2019 - Constantinou Bros Hotels","isPartOf":{"@id":"https:\/\/www.cbh-cyprus.com\/de\/#website"},"primaryImageOfPage":{"@id":"https:\/\/www.cbh-cyprus.com\/de\/constantinou-bros-hotels-blutspende-oktober-2019\/#primaryimage"},"image":{"@id":"https:\/\/www.cbh-cyprus.com\/de\/constantinou-bros-hotels-blutspende-oktober-2019\/#primaryimage"},"thumbnailUrl":"https:\/\/www.cbh-cyprus.com\/app\/uploads\/sites\/30\/2019\/11\/20191030_113717.jpg","datePublished":"2019-11-15T10:22:09+00:00","dateModified":"2024-09-13T08:57:51+00:00","description":"Die j\u00e4hrliche Blutspendeaktion von Constantinou Bros Hotels in den R\u00e4umlichkeiten des Unternehmens, an der die Mitarbeiter teilnehmen, um diese wichtige Sache zu unterst\u00fctzen und das Bewusstsein daf\u00fcr zu sch\u00e4rfen.","breadcrumb":{"@id":"https:\/\/www.cbh-cyprus.com\/de\/constantinou-bros-hotels-blutspende-oktober-2019\/#breadcrumb"},"inLanguage":"de","potentialAction":[{"@type":"ReadAction","target":["https:\/\/www.cbh-cyprus.com\/de\/constantinou-bros-hotels-blutspende-oktober-2019\/"]}]},{"@type":"ImageObject","inLanguage":"de","@id":"https:\/\/www.cbh-cyprus.com\/de\/constantinou-bros-hotels-blutspende-oktober-2019\/#primaryimage","url":"https:\/\/www.cbh-cyprus.com\/app\/uploads\/sites\/30\/2019\/11\/20191030_113717.jpg","contentUrl":"https:\/\/www.cbh-cyprus.com\/app\/uploads\/sites\/30\/2019\/11\/20191030_113717.jpg","width":1920,"height":933},{"@type":"BreadcrumbList","@id":"https:\/\/www.cbh-cyprus.com\/de\/constantinou-bros-hotels-blutspende-oktober-2019\/#breadcrumb","itemListElement":[{"@type":"ListItem","position":1,"name":"Home","item":"https:\/\/www.cbh-cyprus.com\/de\/willkommen-in-den-constantinou-bros-hotels\/"},{"@type":"ListItem","position":2,"name":"Constantinou Bros Hotels Blutspende &#8211; Oktober, 2019"}]},{"@type":"WebSite","@id":"https:\/\/www.cbh-cyprus.com\/de\/#website","url":"https:\/\/www.cbh-cyprus.com\/de\/","name":"Constantinou Bros Hotels","description":"Constantinou Bros Hotels","publisher":{"@id":"https:\/\/www.cbh-cyprus.com\/de\/#organization"},"potentialAction":[{"@type":"SearchAction","target":{"@type":"EntryPoint","urlTemplate":"https:\/\/www.cbh-cyprus.com\/de\/?s={search_term_string}"},"query-input":{"@type":"PropertyValueSpecification","valueRequired":true,"valueName":"search_term_string"}}],"inLanguage":"de"},{"@type":"Organization","@id":"https:\/\/www.cbh-cyprus.com\/de\/#organization","name":"Constantinou Bros Hotels","url":"https:\/\/www.cbh-cyprus.com\/de\/","logo":{"@type":"ImageObject","inLanguage":"de","@id":"https:\/\/www.cbh-cyprus.com\/de\/#\/schema\/logo\/image\/","url":"https:\/\/www.cbh-cyprus.com\/app\/uploads\/sites\/30\/2020\/10\/cbh.jpg","contentUrl":"https:\/\/www.cbh-cyprus.com\/app\/uploads\/sites\/30\/2020\/10\/cbh.jpg","width":1013,"height":419,"caption":"Constantinou Bros Hotels"},"image":{"@id":"https:\/\/www.cbh-cyprus.com\/de\/#\/schema\/logo\/image\/"}}]}},"_links":{"self":[{"href":"https:\/\/www.cbh-cyprus.com\/de\/wp-json\/wp\/v2\/pages\/2905","targetHints":{"allow":["GET"]}}],"collection":[{"href":"https:\/\/www.cbh-cyprus.com\/de\/wp-json\/wp\/v2\/pages"}],"about":[{"href":"https:\/\/www.cbh-cyprus.com\/de\/wp-json\/wp\/v2\/types\/page"}],"author":[{"embeddable":true,"href":"https:\/\/www.cbh-cyprus.com\/de\/wp-json\/wp\/v2\/users\/100"}],"replies":[{"embeddable":true,"href":"https:\/\/www.cbh-cyprus.com\/de\/wp-json\/wp\/v2\/comments?post=2905"}],"version-history":[{"count":3,"href":"https:\/\/www.cbh-cyprus.com\/de\/wp-json\/wp\/v2\/pages\/2905\/revisions"}],"predecessor-version":[{"id":37181,"href":"https:\/\/www.cbh-cyprus.com\/de\/wp-json\/wp\/v2\/pages\/2905\/revisions\/37181"}],"wp:featuredmedia":[{"embeddable":true,"href":"https:\/\/www.cbh-cyprus.com\/de\/wp-json\/wp\/v2\/media\/2902"}],"wp:attachment":[{"href":"https:\/\/www.cbh-cyprus.com\/de\/wp-json\/wp\/v2\/media?parent=2905"}],"curies":[{"name":"wp","href":"https:\/\/api.w.org\/{rel}","templated":true}]}}