{"id":30330,"date":"2022-12-28T15:59:30","date_gmt":"2022-12-28T12:59:30","guid":{"rendered":"https:\/\/www.cbh-cyprus.com\/activities\/bowling-holidays\/bowling-news\/atlantic-senior-fours-2023\/"},"modified":"2024-09-13T11:44:14","modified_gmt":"2024-09-13T08:44:14","slug":"atlantik-senioren-vier-2023","status":"publish","type":"page","link":"https:\/\/www.cbh-cyprus.com\/de\/aktivitaten\/bowling-urlaub\/bowling-nachrichten\/atlantik-senioren-vier-2023\/","title":{"rendered":"ATLANTISCHE SENIOREN VIERER 2023"},"content":{"rendered":"<h1>Die Atlantic Senior Fours Veranstaltung kommt ins Constantinou Bros Athena Beach Hotel!<\/h1>\n<p>  Bowls Cyprus freut sich, in Zusammenarbeit mit Constantinou Bros Hotels bekannt geben zu k\u00f6nnen, dass die mit Spannung erwartete internationale Veranstaltung, n\u00e4mlich die Atlantic Senior Fours, im Dezember 2023 im Constantinou Bros Athena Beach Hotel stattfinden wird.<br \/>\nDer Wettbewerb wird vom 1. bis 12. Dezember 2023 stattfinden.<br \/>\nF\u00fcr weitere Informationen, klicken Sie bitte auf den folgenden Link: <a href=\"https:\/\/www.atlantic-senior-fours.com\/\" target=\"_blank\" rel=\"noopener\">Atlantic Senior<\/a><strong> Fours**<\/strong> Das Constantinou Bros Athena Beach Hotel freut sich, den Zuschauern der Atlantic Senior bei Aufenthalten zwischen dem 1-12\/12\/2023 ein Pauschalangebot machen zu k\u00f6nnen.<br \/>\nProfitieren Sie von den unten aufgef\u00fchrten Vorteilen, wenn Sie den <strong>Buchungscode: 138ATLSPE<\/strong> w\u00e4hrend Ihrer Reservierung eingeben.<br \/>\nDie Preise beinhalten:<br \/>\na) Eintrittspreis w\u00e4hrend des Wettbewerbszeitraums 01-12\/12\/2023.<br \/>\nb) Offizieller Empfang mit Begr\u00fc\u00dfungsgetr\u00e4nk.        &nbsp;<\/p>\n<p>&nbsp;<\/p>\n","protected":false},"excerpt":{"rendered":"<p>Die Atlantic Senior Fours Veranstaltung kommt ins Constantinou Bros Athena Beach Hotel! Bowls Cyprus freut sich, in Zusammenarbeit mit Constantinou Bros Hotels bekannt geben zu k\u00f6nnen, dass die mit Spannung erwartete internationale Veranstaltung, n\u00e4mlich die Atlantic Senior Fours, im Dezember 2023 im Constantinou Bros Athena Beach Hotel stattfinden wird. Der Wettbewerb wird vom 1. bis<\/p>\n","protected":false},"author":100,"featured_media":30323,"parent":2850,"menu_order":0,"comment_status":"closed","ping_status":"closed","template":"","meta":{"_acf_changed":false,"footnotes":""},"class_list":["post-30330","page","type-page","status-publish","has-post-thumbnail","hentry"],"acf":[],"yoast_head":"<!-- This site is optimized with the Yoast SEO plugin v27.3 - https:\/\/yoast.com\/product\/yoast-seo-wordpress\/ -->\n<title>ATLANTISCHE SENIOREN VIERER 2023 - Constantinou Bros Hotels<\/title>\n<meta name=\"description\" content=\"Constantinou Bros Hotels bietet ein Atlantic Senior Fours 2023 Aufenthaltspaket an, das die Eintrittsgeb\u00fchren f\u00fcr die Dauer des Turniers (1.-12. Dezember) beinhaltet.\" \/>\n<meta name=\"robots\" content=\"index, follow, max-snippet:-1, max-image-preview:large, max-video-preview:-1\" \/>\n<link rel=\"canonical\" href=\"https:\/\/www.cbh-cyprus.com\/de\/aktivitaten\/bowling-urlaub\/bowling-nachrichten\/atlantik-senioren-vier-2023\/\" \/>\n<meta property=\"og:locale\" content=\"de_DE\" \/>\n<meta property=\"og:type\" content=\"article\" \/>\n<meta property=\"og:title\" content=\"ATLANTISCHE SENIOREN VIERER 2023 - Constantinou Bros Hotels\" \/>\n<meta property=\"og:description\" content=\"Constantinou Bros Hotels bietet ein Atlantic Senior Fours 2023 Aufenthaltspaket an, das die Eintrittsgeb\u00fchren f\u00fcr die Dauer des Turniers (1.-12. Dezember) beinhaltet.\" \/>\n<meta property=\"og:url\" content=\"https:\/\/www.cbh-cyprus.com\/de\/aktivitaten\/bowling-urlaub\/bowling-nachrichten\/atlantik-senioren-vier-2023\/\" \/>\n<meta property=\"og:site_name\" content=\"Constantinou Bros Hotels\" \/>\n<meta property=\"article:modified_time\" content=\"2024-09-13T08:44:14+00:00\" \/>\n<meta property=\"og:image\" content=\"https:\/\/www.cbh-cyprus.com\/app\/uploads\/sites\/30\/2022\/12\/ATHENA-ATHENA-ROYAL-BOWLS.jpg\" \/>\n\t<meta property=\"og:image:width\" content=\"2953\" \/>\n\t<meta property=\"og:image:height\" content=\"2205\" \/>\n\t<meta property=\"og:image:type\" content=\"image\/jpeg\" \/>\n<meta name=\"twitter:card\" content=\"summary_large_image\" \/>\n<meta name=\"twitter:label1\" content=\"Gesch\u00e4tzte Lesezeit\" \/>\n\t<meta name=\"twitter:data1\" content=\"1\u00a0Minute\" \/>\n<script type=\"application\/ld+json\" class=\"yoast-schema-graph\">{\"@context\":\"https:\\\/\\\/schema.org\",\"@graph\":[{\"@type\":\"WebPage\",\"@id\":\"https:\\\/\\\/www.cbh-cyprus.com\\\/de\\\/aktivitaten\\\/bowling-urlaub\\\/bowling-nachrichten\\\/atlantik-senioren-vier-2023\\\/\",\"url\":\"https:\\\/\\\/www.cbh-cyprus.com\\\/de\\\/aktivitaten\\\/bowling-urlaub\\\/bowling-nachrichten\\\/atlantik-senioren-vier-2023\\\/\",\"name\":\"ATLANTISCHE SENIOREN VIERER 2023 - Constantinou Bros Hotels\",\"isPartOf\":{\"@id\":\"https:\\\/\\\/www.cbh-cyprus.com\\\/de\\\/#website\"},\"primaryImageOfPage\":{\"@id\":\"https:\\\/\\\/www.cbh-cyprus.com\\\/de\\\/aktivitaten\\\/bowling-urlaub\\\/bowling-nachrichten\\\/atlantik-senioren-vier-2023\\\/#primaryimage\"},\"image\":{\"@id\":\"https:\\\/\\\/www.cbh-cyprus.com\\\/de\\\/aktivitaten\\\/bowling-urlaub\\\/bowling-nachrichten\\\/atlantik-senioren-vier-2023\\\/#primaryimage\"},\"thumbnailUrl\":\"https:\\\/\\\/www.cbh-cyprus.com\\\/app\\\/uploads\\\/sites\\\/30\\\/2022\\\/12\\\/ATHENA-ATHENA-ROYAL-BOWLS.jpg\",\"datePublished\":\"2022-12-28T12:59:30+00:00\",\"dateModified\":\"2024-09-13T08:44:14+00:00\",\"description\":\"Constantinou Bros Hotels bietet ein Atlantic Senior Fours 2023 Aufenthaltspaket an, das die Eintrittsgeb\u00fchren f\u00fcr die Dauer des Turniers (1.-12. Dezember) beinhaltet.\",\"breadcrumb\":{\"@id\":\"https:\\\/\\\/www.cbh-cyprus.com\\\/de\\\/aktivitaten\\\/bowling-urlaub\\\/bowling-nachrichten\\\/atlantik-senioren-vier-2023\\\/#breadcrumb\"},\"inLanguage\":\"de\",\"potentialAction\":[{\"@type\":\"ReadAction\",\"target\":[\"https:\\\/\\\/www.cbh-cyprus.com\\\/de\\\/aktivitaten\\\/bowling-urlaub\\\/bowling-nachrichten\\\/atlantik-senioren-vier-2023\\\/\"]}]},{\"@type\":\"ImageObject\",\"inLanguage\":\"de\",\"@id\":\"https:\\\/\\\/www.cbh-cyprus.com\\\/de\\\/aktivitaten\\\/bowling-urlaub\\\/bowling-nachrichten\\\/atlantik-senioren-vier-2023\\\/#primaryimage\",\"url\":\"https:\\\/\\\/www.cbh-cyprus.com\\\/app\\\/uploads\\\/sites\\\/30\\\/2022\\\/12\\\/ATHENA-ATHENA-ROYAL-BOWLS.jpg\",\"contentUrl\":\"https:\\\/\\\/www.cbh-cyprus.com\\\/app\\\/uploads\\\/sites\\\/30\\\/2022\\\/12\\\/ATHENA-ATHENA-ROYAL-BOWLS.jpg\",\"width\":2953,\"height\":2205},{\"@type\":\"BreadcrumbList\",\"@id\":\"https:\\\/\\\/www.cbh-cyprus.com\\\/de\\\/aktivitaten\\\/bowling-urlaub\\\/bowling-nachrichten\\\/atlantik-senioren-vier-2023\\\/#breadcrumb\",\"itemListElement\":[{\"@type\":\"ListItem\",\"position\":1,\"name\":\"Home\",\"item\":\"https:\\\/\\\/www.cbh-cyprus.com\\\/de\\\/willkommen-in-den-constantinou-bros-hotels\\\/\"},{\"@type\":\"ListItem\",\"position\":2,\"name\":\"Aktivit\u00e4ten\",\"item\":\"https:\\\/\\\/www.cbh-cyprus.com\\\/de\\\/aktivitaten\\\/\"},{\"@type\":\"ListItem\",\"position\":3,\"name\":\"Bowling Ferien\",\"item\":\"https:\\\/\\\/www.cbh-cyprus.com\\\/de\\\/aktivitaten\\\/bowling-urlaub\\\/\"},{\"@type\":\"ListItem\",\"position\":4,\"name\":\"Bowling Nachrichten\",\"item\":\"https:\\\/\\\/www.cbh-cyprus.com\\\/de\\\/aktivitaten\\\/bowling-urlaub\\\/bowling-nachrichten\\\/\"},{\"@type\":\"ListItem\",\"position\":5,\"name\":\"ATLANTISCHE SENIOREN VIERER 2023\"}]},{\"@type\":\"WebSite\",\"@id\":\"https:\\\/\\\/www.cbh-cyprus.com\\\/de\\\/#website\",\"url\":\"https:\\\/\\\/www.cbh-cyprus.com\\\/de\\\/\",\"name\":\"Constantinou Bros Hotels\",\"description\":\"Constantinou Bros Hotels\",\"publisher\":{\"@id\":\"https:\\\/\\\/www.cbh-cyprus.com\\\/de\\\/#organization\"},\"potentialAction\":[{\"@type\":\"SearchAction\",\"target\":{\"@type\":\"EntryPoint\",\"urlTemplate\":\"https:\\\/\\\/www.cbh-cyprus.com\\\/de\\\/?s={search_term_string}\"},\"query-input\":{\"@type\":\"PropertyValueSpecification\",\"valueRequired\":true,\"valueName\":\"search_term_string\"}}],\"inLanguage\":\"de\"},{\"@type\":\"Organization\",\"@id\":\"https:\\\/\\\/www.cbh-cyprus.com\\\/de\\\/#organization\",\"name\":\"Constantinou Bros Hotels\",\"url\":\"https:\\\/\\\/www.cbh-cyprus.com\\\/de\\\/\",\"logo\":{\"@type\":\"ImageObject\",\"inLanguage\":\"de\",\"@id\":\"https:\\\/\\\/www.cbh-cyprus.com\\\/de\\\/#\\\/schema\\\/logo\\\/image\\\/\",\"url\":\"https:\\\/\\\/www.cbh-cyprus.com\\\/app\\\/uploads\\\/sites\\\/30\\\/2020\\\/10\\\/cbh.jpg\",\"contentUrl\":\"https:\\\/\\\/www.cbh-cyprus.com\\\/app\\\/uploads\\\/sites\\\/30\\\/2020\\\/10\\\/cbh.jpg\",\"width\":1013,\"height\":419,\"caption\":\"Constantinou Bros Hotels\"},\"image\":{\"@id\":\"https:\\\/\\\/www.cbh-cyprus.com\\\/de\\\/#\\\/schema\\\/logo\\\/image\\\/\"}}]}<\/script>\n<!-- \/ Yoast SEO plugin. -->","yoast_head_json":{"title":"ATLANTISCHE SENIOREN VIERER 2023 - Constantinou Bros Hotels","description":"Constantinou Bros Hotels bietet ein Atlantic Senior Fours 2023 Aufenthaltspaket an, das die Eintrittsgeb\u00fchren f\u00fcr die Dauer des Turniers (1.-12. Dezember) beinhaltet.","robots":{"index":"index","follow":"follow","max-snippet":"max-snippet:-1","max-image-preview":"max-image-preview:large","max-video-preview":"max-video-preview:-1"},"canonical":"https:\/\/www.cbh-cyprus.com\/de\/aktivitaten\/bowling-urlaub\/bowling-nachrichten\/atlantik-senioren-vier-2023\/","og_locale":"de_DE","og_type":"article","og_title":"ATLANTISCHE SENIOREN VIERER 2023 - Constantinou Bros Hotels","og_description":"Constantinou Bros Hotels bietet ein Atlantic Senior Fours 2023 Aufenthaltspaket an, das die Eintrittsgeb\u00fchren f\u00fcr die Dauer des Turniers (1.-12. Dezember) beinhaltet.","og_url":"https:\/\/www.cbh-cyprus.com\/de\/aktivitaten\/bowling-urlaub\/bowling-nachrichten\/atlantik-senioren-vier-2023\/","og_site_name":"Constantinou Bros Hotels","article_modified_time":"2024-09-13T08:44:14+00:00","og_image":[{"width":2953,"height":2205,"url":"https:\/\/www.cbh-cyprus.com\/app\/uploads\/sites\/30\/2022\/12\/ATHENA-ATHENA-ROYAL-BOWLS.jpg","type":"image\/jpeg"}],"twitter_card":"summary_large_image","twitter_misc":{"Gesch\u00e4tzte Lesezeit":"1\u00a0Minute"},"schema":{"@context":"https:\/\/schema.org","@graph":[{"@type":"WebPage","@id":"https:\/\/www.cbh-cyprus.com\/de\/aktivitaten\/bowling-urlaub\/bowling-nachrichten\/atlantik-senioren-vier-2023\/","url":"https:\/\/www.cbh-cyprus.com\/de\/aktivitaten\/bowling-urlaub\/bowling-nachrichten\/atlantik-senioren-vier-2023\/","name":"ATLANTISCHE SENIOREN VIERER 2023 - Constantinou Bros Hotels","isPartOf":{"@id":"https:\/\/www.cbh-cyprus.com\/de\/#website"},"primaryImageOfPage":{"@id":"https:\/\/www.cbh-cyprus.com\/de\/aktivitaten\/bowling-urlaub\/bowling-nachrichten\/atlantik-senioren-vier-2023\/#primaryimage"},"image":{"@id":"https:\/\/www.cbh-cyprus.com\/de\/aktivitaten\/bowling-urlaub\/bowling-nachrichten\/atlantik-senioren-vier-2023\/#primaryimage"},"thumbnailUrl":"https:\/\/www.cbh-cyprus.com\/app\/uploads\/sites\/30\/2022\/12\/ATHENA-ATHENA-ROYAL-BOWLS.jpg","datePublished":"2022-12-28T12:59:30+00:00","dateModified":"2024-09-13T08:44:14+00:00","description":"Constantinou Bros Hotels bietet ein Atlantic Senior Fours 2023 Aufenthaltspaket an, das die Eintrittsgeb\u00fchren f\u00fcr die Dauer des Turniers (1.-12. Dezember) beinhaltet.","breadcrumb":{"@id":"https:\/\/www.cbh-cyprus.com\/de\/aktivitaten\/bowling-urlaub\/bowling-nachrichten\/atlantik-senioren-vier-2023\/#breadcrumb"},"inLanguage":"de","potentialAction":[{"@type":"ReadAction","target":["https:\/\/www.cbh-cyprus.com\/de\/aktivitaten\/bowling-urlaub\/bowling-nachrichten\/atlantik-senioren-vier-2023\/"]}]},{"@type":"ImageObject","inLanguage":"de","@id":"https:\/\/www.cbh-cyprus.com\/de\/aktivitaten\/bowling-urlaub\/bowling-nachrichten\/atlantik-senioren-vier-2023\/#primaryimage","url":"https:\/\/www.cbh-cyprus.com\/app\/uploads\/sites\/30\/2022\/12\/ATHENA-ATHENA-ROYAL-BOWLS.jpg","contentUrl":"https:\/\/www.cbh-cyprus.com\/app\/uploads\/sites\/30\/2022\/12\/ATHENA-ATHENA-ROYAL-BOWLS.jpg","width":2953,"height":2205},{"@type":"BreadcrumbList","@id":"https:\/\/www.cbh-cyprus.com\/de\/aktivitaten\/bowling-urlaub\/bowling-nachrichten\/atlantik-senioren-vier-2023\/#breadcrumb","itemListElement":[{"@type":"ListItem","position":1,"name":"Home","item":"https:\/\/www.cbh-cyprus.com\/de\/willkommen-in-den-constantinou-bros-hotels\/"},{"@type":"ListItem","position":2,"name":"Aktivit\u00e4ten","item":"https:\/\/www.cbh-cyprus.com\/de\/aktivitaten\/"},{"@type":"ListItem","position":3,"name":"Bowling Ferien","item":"https:\/\/www.cbh-cyprus.com\/de\/aktivitaten\/bowling-urlaub\/"},{"@type":"ListItem","position":4,"name":"Bowling Nachrichten","item":"https:\/\/www.cbh-cyprus.com\/de\/aktivitaten\/bowling-urlaub\/bowling-nachrichten\/"},{"@type":"ListItem","position":5,"name":"ATLANTISCHE SENIOREN VIERER 2023"}]},{"@type":"WebSite","@id":"https:\/\/www.cbh-cyprus.com\/de\/#website","url":"https:\/\/www.cbh-cyprus.com\/de\/","name":"Constantinou Bros Hotels","description":"Constantinou Bros Hotels","publisher":{"@id":"https:\/\/www.cbh-cyprus.com\/de\/#organization"},"potentialAction":[{"@type":"SearchAction","target":{"@type":"EntryPoint","urlTemplate":"https:\/\/www.cbh-cyprus.com\/de\/?s={search_term_string}"},"query-input":{"@type":"PropertyValueSpecification","valueRequired":true,"valueName":"search_term_string"}}],"inLanguage":"de"},{"@type":"Organization","@id":"https:\/\/www.cbh-cyprus.com\/de\/#organization","name":"Constantinou Bros Hotels","url":"https:\/\/www.cbh-cyprus.com\/de\/","logo":{"@type":"ImageObject","inLanguage":"de","@id":"https:\/\/www.cbh-cyprus.com\/de\/#\/schema\/logo\/image\/","url":"https:\/\/www.cbh-cyprus.com\/app\/uploads\/sites\/30\/2020\/10\/cbh.jpg","contentUrl":"https:\/\/www.cbh-cyprus.com\/app\/uploads\/sites\/30\/2020\/10\/cbh.jpg","width":1013,"height":419,"caption":"Constantinou Bros Hotels"},"image":{"@id":"https:\/\/www.cbh-cyprus.com\/de\/#\/schema\/logo\/image\/"}}]}},"_links":{"self":[{"href":"https:\/\/www.cbh-cyprus.com\/de\/wp-json\/wp\/v2\/pages\/30330","targetHints":{"allow":["GET"]}}],"collection":[{"href":"https:\/\/www.cbh-cyprus.com\/de\/wp-json\/wp\/v2\/pages"}],"about":[{"href":"https:\/\/www.cbh-cyprus.com\/de\/wp-json\/wp\/v2\/types\/page"}],"author":[{"embeddable":true,"href":"https:\/\/www.cbh-cyprus.com\/de\/wp-json\/wp\/v2\/users\/100"}],"replies":[{"embeddable":true,"href":"https:\/\/www.cbh-cyprus.com\/de\/wp-json\/wp\/v2\/comments?post=30330"}],"version-history":[{"count":10,"href":"https:\/\/www.cbh-cyprus.com\/de\/wp-json\/wp\/v2\/pages\/30330\/revisions"}],"predecessor-version":[{"id":36822,"href":"https:\/\/www.cbh-cyprus.com\/de\/wp-json\/wp\/v2\/pages\/30330\/revisions\/36822"}],"up":[{"embeddable":true,"href":"https:\/\/www.cbh-cyprus.com\/de\/wp-json\/wp\/v2\/pages\/2850"}],"wp:featuredmedia":[{"embeddable":true,"href":"https:\/\/www.cbh-cyprus.com\/de\/wp-json\/wp\/v2\/media\/30323"}],"wp:attachment":[{"href":"https:\/\/www.cbh-cyprus.com\/de\/wp-json\/wp\/v2\/media?parent=30330"}],"curies":[{"name":"wp","href":"https:\/\/api.w.org\/{rel}","templated":true}]}}