{"id":3039,"date":"2019-11-19T12:02:29","date_gmt":"2019-11-19T09:02:29","guid":{"rendered":"http:\/\/cbh-cyprus.cms4.nelios.com\/awards\/"},"modified":"2026-04-06T09:51:40","modified_gmt":"2026-04-06T06:51:40","slug":"auszeichnungen","status":"publish","type":"page","link":"https:\/\/www.cbh-cyprus.com\/de\/die-gruppe\/auszeichnungen\/","title":{"rendered":"Auszeichnungen"},"content":{"rendered":"<p>Jede Branche hat ihre Kriterien, die Ma\u00dfst\u00e4be, an denen man den Erfolg misst. Die Hotelbranche verwendet ein Pr\u00e4miensystem, das auf Punkten basiert, die von den Hotels anhand von Frageb\u00f6gen gesammelt werden, die die Reiseveranstalter von ihren Kunden am Ende des Urlaubs ausf\u00fcllen lassen.<\/p>\n<p>Alle Hotels unserer Kette k\u00f6nnen seit ihrer Er\u00f6ffnung auf eine beeindruckende Anzahl von Auszeichnungen verweisen.<\/p>\n<p>Bl\u00e4ttern Sie unten durch unsere verschiedenen Auszeichnungen.<\/p>\n","protected":false},"excerpt":{"rendered":"<p>Jede Branche hat ihre Kriterien, die Ma\u00dfst\u00e4be, an denen man den Erfolg misst. Die Hotelbranche verwendet ein Pr\u00e4miensystem, das auf Punkten basiert, die von den Hotels anhand von Frageb\u00f6gen gesammelt werden, die die Reiseveranstalter von ihren Kunden am Ende des Urlaubs ausf\u00fcllen lassen. Alle Hotels unserer Kette k\u00f6nnen seit ihrer Er\u00f6ffnung auf eine beeindruckende Anzahl<\/p>\n","protected":false},"author":100,"featured_media":2206,"parent":2728,"menu_order":0,"comment_status":"closed","ping_status":"closed","template":"page-templates\/accordion.php","meta":{"_acf_changed":false,"footnotes":""},"class_list":["post-3039","page","type-page","status-publish","has-post-thumbnail","hentry"],"acf":[],"yoast_head":"<!-- This site is optimized with the Yoast SEO plugin v27.3 - https:\/\/yoast.com\/product\/yoast-seo-wordpress\/ -->\n<title>Liste der Constantinou Bros Hotels Auszeichnungen || Constantinou Hotels<\/title>\n<meta name=\"description\" content=\"Hier finden Sie eine Liste aller vier Preise, Auszeichnungen, Ehrungen und Zertifizierungen, die Constantinou Bros Hotels von 1990 bis heute erhalten hat.\" \/>\n<meta name=\"robots\" content=\"index, follow, max-snippet:-1, max-image-preview:large, max-video-preview:-1\" \/>\n<link rel=\"canonical\" href=\"https:\/\/www.cbh-cyprus.com\/de\/die-gruppe\/auszeichnungen\/\" \/>\n<meta property=\"og:locale\" content=\"de_DE\" \/>\n<meta property=\"og:type\" content=\"article\" \/>\n<meta property=\"og:title\" content=\"Liste der Constantinou Bros Hotels Auszeichnungen || Constantinou Hotels\" \/>\n<meta property=\"og:description\" content=\"Hier finden Sie eine Liste aller vier Preise, Auszeichnungen, Ehrungen und Zertifizierungen, die Constantinou Bros Hotels von 1990 bis heute erhalten hat.\" \/>\n<meta property=\"og:url\" content=\"https:\/\/www.cbh-cyprus.com\/de\/die-gruppe\/auszeichnungen\/\" \/>\n<meta property=\"og:site_name\" content=\"Constantinou Bros Hotels\" \/>\n<meta property=\"article:modified_time\" content=\"2026-04-06T06:51:40+00:00\" \/>\n<meta property=\"og:image\" content=\"https:\/\/www.cbh-cyprus.com\/app\/uploads\/sites\/30\/2019\/10\/4-athena-royal-beach-hotel-pool-and-sea-view_resized.jpg\" \/>\n\t<meta property=\"og:image:width\" content=\"1920\" \/>\n\t<meta property=\"og:image:height\" content=\"1181\" \/>\n\t<meta property=\"og:image:type\" content=\"image\/jpeg\" \/>\n<meta name=\"twitter:card\" content=\"summary_large_image\" \/>\n<meta name=\"twitter:label1\" content=\"Gesch\u00e4tzte Lesezeit\" \/>\n\t<meta name=\"twitter:data1\" content=\"1\u00a0Minute\" \/>\n<script type=\"application\/ld+json\" class=\"yoast-schema-graph\">{\"@context\":\"https:\\\/\\\/schema.org\",\"@graph\":[{\"@type\":\"WebPage\",\"@id\":\"https:\\\/\\\/www.cbh-cyprus.com\\\/de\\\/die-gruppe\\\/auszeichnungen\\\/\",\"url\":\"https:\\\/\\\/www.cbh-cyprus.com\\\/de\\\/die-gruppe\\\/auszeichnungen\\\/\",\"name\":\"Liste der Constantinou Bros Hotels Auszeichnungen || Constantinou Hotels\",\"isPartOf\":{\"@id\":\"https:\\\/\\\/www.cbh-cyprus.com\\\/de\\\/#website\"},\"primaryImageOfPage\":{\"@id\":\"https:\\\/\\\/www.cbh-cyprus.com\\\/de\\\/die-gruppe\\\/auszeichnungen\\\/#primaryimage\"},\"image\":{\"@id\":\"https:\\\/\\\/www.cbh-cyprus.com\\\/de\\\/die-gruppe\\\/auszeichnungen\\\/#primaryimage\"},\"thumbnailUrl\":\"https:\\\/\\\/www.cbh-cyprus.com\\\/app\\\/uploads\\\/sites\\\/30\\\/2019\\\/10\\\/4-athena-royal-beach-hotel-pool-and-sea-view_resized.jpg\",\"datePublished\":\"2019-11-19T09:02:29+00:00\",\"dateModified\":\"2026-04-06T06:51:40+00:00\",\"description\":\"Hier finden Sie eine Liste aller vier Preise, Auszeichnungen, Ehrungen und Zertifizierungen, die Constantinou Bros Hotels von 1990 bis heute erhalten hat.\",\"breadcrumb\":{\"@id\":\"https:\\\/\\\/www.cbh-cyprus.com\\\/de\\\/die-gruppe\\\/auszeichnungen\\\/#breadcrumb\"},\"inLanguage\":\"de\",\"potentialAction\":[{\"@type\":\"ReadAction\",\"target\":[\"https:\\\/\\\/www.cbh-cyprus.com\\\/de\\\/die-gruppe\\\/auszeichnungen\\\/\"]}]},{\"@type\":\"ImageObject\",\"inLanguage\":\"de\",\"@id\":\"https:\\\/\\\/www.cbh-cyprus.com\\\/de\\\/die-gruppe\\\/auszeichnungen\\\/#primaryimage\",\"url\":\"https:\\\/\\\/www.cbh-cyprus.com\\\/app\\\/uploads\\\/sites\\\/30\\\/2019\\\/10\\\/4-athena-royal-beach-hotel-pool-and-sea-view_resized.jpg\",\"contentUrl\":\"https:\\\/\\\/www.cbh-cyprus.com\\\/app\\\/uploads\\\/sites\\\/30\\\/2019\\\/10\\\/4-athena-royal-beach-hotel-pool-and-sea-view_resized.jpg\",\"width\":1920,\"height\":1181},{\"@type\":\"BreadcrumbList\",\"@id\":\"https:\\\/\\\/www.cbh-cyprus.com\\\/de\\\/die-gruppe\\\/auszeichnungen\\\/#breadcrumb\",\"itemListElement\":[{\"@type\":\"ListItem\",\"position\":1,\"name\":\"Home\",\"item\":\"https:\\\/\\\/www.cbh-cyprus.com\\\/de\\\/willkommen-in-den-constantinou-bros-hotels\\\/\"},{\"@type\":\"ListItem\",\"position\":2,\"name\":\"Die Gruppe\",\"item\":\"https:\\\/\\\/www.cbh-cyprus.com\\\/de\\\/die-gruppe\\\/\"},{\"@type\":\"ListItem\",\"position\":3,\"name\":\"Auszeichnungen\"}]},{\"@type\":\"WebSite\",\"@id\":\"https:\\\/\\\/www.cbh-cyprus.com\\\/de\\\/#website\",\"url\":\"https:\\\/\\\/www.cbh-cyprus.com\\\/de\\\/\",\"name\":\"Constantinou Bros Hotels\",\"description\":\"Constantinou Bros Hotels\",\"publisher\":{\"@id\":\"https:\\\/\\\/www.cbh-cyprus.com\\\/de\\\/#organization\"},\"potentialAction\":[{\"@type\":\"SearchAction\",\"target\":{\"@type\":\"EntryPoint\",\"urlTemplate\":\"https:\\\/\\\/www.cbh-cyprus.com\\\/de\\\/?s={search_term_string}\"},\"query-input\":{\"@type\":\"PropertyValueSpecification\",\"valueRequired\":true,\"valueName\":\"search_term_string\"}}],\"inLanguage\":\"de\"},{\"@type\":\"Organization\",\"@id\":\"https:\\\/\\\/www.cbh-cyprus.com\\\/de\\\/#organization\",\"name\":\"Constantinou Bros Hotels\",\"url\":\"https:\\\/\\\/www.cbh-cyprus.com\\\/de\\\/\",\"logo\":{\"@type\":\"ImageObject\",\"inLanguage\":\"de\",\"@id\":\"https:\\\/\\\/www.cbh-cyprus.com\\\/de\\\/#\\\/schema\\\/logo\\\/image\\\/\",\"url\":\"https:\\\/\\\/www.cbh-cyprus.com\\\/app\\\/uploads\\\/sites\\\/30\\\/2020\\\/10\\\/cbh.jpg\",\"contentUrl\":\"https:\\\/\\\/www.cbh-cyprus.com\\\/app\\\/uploads\\\/sites\\\/30\\\/2020\\\/10\\\/cbh.jpg\",\"width\":1013,\"height\":419,\"caption\":\"Constantinou Bros Hotels\"},\"image\":{\"@id\":\"https:\\\/\\\/www.cbh-cyprus.com\\\/de\\\/#\\\/schema\\\/logo\\\/image\\\/\"}}]}<\/script>\n<!-- \/ Yoast SEO plugin. -->","yoast_head_json":{"title":"Liste der Constantinou Bros Hotels Auszeichnungen || Constantinou Hotels","description":"Hier finden Sie eine Liste aller vier Preise, Auszeichnungen, Ehrungen und Zertifizierungen, die Constantinou Bros Hotels von 1990 bis heute erhalten hat.","robots":{"index":"index","follow":"follow","max-snippet":"max-snippet:-1","max-image-preview":"max-image-preview:large","max-video-preview":"max-video-preview:-1"},"canonical":"https:\/\/www.cbh-cyprus.com\/de\/die-gruppe\/auszeichnungen\/","og_locale":"de_DE","og_type":"article","og_title":"Liste der Constantinou Bros Hotels Auszeichnungen || Constantinou Hotels","og_description":"Hier finden Sie eine Liste aller vier Preise, Auszeichnungen, Ehrungen und Zertifizierungen, die Constantinou Bros Hotels von 1990 bis heute erhalten hat.","og_url":"https:\/\/www.cbh-cyprus.com\/de\/die-gruppe\/auszeichnungen\/","og_site_name":"Constantinou Bros Hotels","article_modified_time":"2026-04-06T06:51:40+00:00","og_image":[{"width":1920,"height":1181,"url":"https:\/\/www.cbh-cyprus.com\/app\/uploads\/sites\/30\/2019\/10\/4-athena-royal-beach-hotel-pool-and-sea-view_resized.jpg","type":"image\/jpeg"}],"twitter_card":"summary_large_image","twitter_misc":{"Gesch\u00e4tzte Lesezeit":"1\u00a0Minute"},"schema":{"@context":"https:\/\/schema.org","@graph":[{"@type":"WebPage","@id":"https:\/\/www.cbh-cyprus.com\/de\/die-gruppe\/auszeichnungen\/","url":"https:\/\/www.cbh-cyprus.com\/de\/die-gruppe\/auszeichnungen\/","name":"Liste der Constantinou Bros Hotels Auszeichnungen || Constantinou Hotels","isPartOf":{"@id":"https:\/\/www.cbh-cyprus.com\/de\/#website"},"primaryImageOfPage":{"@id":"https:\/\/www.cbh-cyprus.com\/de\/die-gruppe\/auszeichnungen\/#primaryimage"},"image":{"@id":"https:\/\/www.cbh-cyprus.com\/de\/die-gruppe\/auszeichnungen\/#primaryimage"},"thumbnailUrl":"https:\/\/www.cbh-cyprus.com\/app\/uploads\/sites\/30\/2019\/10\/4-athena-royal-beach-hotel-pool-and-sea-view_resized.jpg","datePublished":"2019-11-19T09:02:29+00:00","dateModified":"2026-04-06T06:51:40+00:00","description":"Hier finden Sie eine Liste aller vier Preise, Auszeichnungen, Ehrungen und Zertifizierungen, die Constantinou Bros Hotels von 1990 bis heute erhalten hat.","breadcrumb":{"@id":"https:\/\/www.cbh-cyprus.com\/de\/die-gruppe\/auszeichnungen\/#breadcrumb"},"inLanguage":"de","potentialAction":[{"@type":"ReadAction","target":["https:\/\/www.cbh-cyprus.com\/de\/die-gruppe\/auszeichnungen\/"]}]},{"@type":"ImageObject","inLanguage":"de","@id":"https:\/\/www.cbh-cyprus.com\/de\/die-gruppe\/auszeichnungen\/#primaryimage","url":"https:\/\/www.cbh-cyprus.com\/app\/uploads\/sites\/30\/2019\/10\/4-athena-royal-beach-hotel-pool-and-sea-view_resized.jpg","contentUrl":"https:\/\/www.cbh-cyprus.com\/app\/uploads\/sites\/30\/2019\/10\/4-athena-royal-beach-hotel-pool-and-sea-view_resized.jpg","width":1920,"height":1181},{"@type":"BreadcrumbList","@id":"https:\/\/www.cbh-cyprus.com\/de\/die-gruppe\/auszeichnungen\/#breadcrumb","itemListElement":[{"@type":"ListItem","position":1,"name":"Home","item":"https:\/\/www.cbh-cyprus.com\/de\/willkommen-in-den-constantinou-bros-hotels\/"},{"@type":"ListItem","position":2,"name":"Die Gruppe","item":"https:\/\/www.cbh-cyprus.com\/de\/die-gruppe\/"},{"@type":"ListItem","position":3,"name":"Auszeichnungen"}]},{"@type":"WebSite","@id":"https:\/\/www.cbh-cyprus.com\/de\/#website","url":"https:\/\/www.cbh-cyprus.com\/de\/","name":"Constantinou Bros Hotels","description":"Constantinou Bros Hotels","publisher":{"@id":"https:\/\/www.cbh-cyprus.com\/de\/#organization"},"potentialAction":[{"@type":"SearchAction","target":{"@type":"EntryPoint","urlTemplate":"https:\/\/www.cbh-cyprus.com\/de\/?s={search_term_string}"},"query-input":{"@type":"PropertyValueSpecification","valueRequired":true,"valueName":"search_term_string"}}],"inLanguage":"de"},{"@type":"Organization","@id":"https:\/\/www.cbh-cyprus.com\/de\/#organization","name":"Constantinou Bros Hotels","url":"https:\/\/www.cbh-cyprus.com\/de\/","logo":{"@type":"ImageObject","inLanguage":"de","@id":"https:\/\/www.cbh-cyprus.com\/de\/#\/schema\/logo\/image\/","url":"https:\/\/www.cbh-cyprus.com\/app\/uploads\/sites\/30\/2020\/10\/cbh.jpg","contentUrl":"https:\/\/www.cbh-cyprus.com\/app\/uploads\/sites\/30\/2020\/10\/cbh.jpg","width":1013,"height":419,"caption":"Constantinou Bros Hotels"},"image":{"@id":"https:\/\/www.cbh-cyprus.com\/de\/#\/schema\/logo\/image\/"}}]}},"_links":{"self":[{"href":"https:\/\/www.cbh-cyprus.com\/de\/wp-json\/wp\/v2\/pages\/3039","targetHints":{"allow":["GET"]}}],"collection":[{"href":"https:\/\/www.cbh-cyprus.com\/de\/wp-json\/wp\/v2\/pages"}],"about":[{"href":"https:\/\/www.cbh-cyprus.com\/de\/wp-json\/wp\/v2\/types\/page"}],"author":[{"embeddable":true,"href":"https:\/\/www.cbh-cyprus.com\/de\/wp-json\/wp\/v2\/users\/100"}],"replies":[{"embeddable":true,"href":"https:\/\/www.cbh-cyprus.com\/de\/wp-json\/wp\/v2\/comments?post=3039"}],"version-history":[{"count":17,"href":"https:\/\/www.cbh-cyprus.com\/de\/wp-json\/wp\/v2\/pages\/3039\/revisions"}],"predecessor-version":[{"id":48014,"href":"https:\/\/www.cbh-cyprus.com\/de\/wp-json\/wp\/v2\/pages\/3039\/revisions\/48014"}],"up":[{"embeddable":true,"href":"https:\/\/www.cbh-cyprus.com\/de\/wp-json\/wp\/v2\/pages\/2728"}],"wp:featuredmedia":[{"embeddable":true,"href":"https:\/\/www.cbh-cyprus.com\/de\/wp-json\/wp\/v2\/media\/2206"}],"wp:attachment":[{"href":"https:\/\/www.cbh-cyprus.com\/de\/wp-json\/wp\/v2\/media?parent=3039"}],"curies":[{"name":"wp","href":"https:\/\/api.w.org\/{rel}","templated":true}]}}