{"id":3062,"date":"2019-06-26T17:13:00","date_gmt":"2019-06-26T14:13:00","guid":{"rendered":"https:\/\/cbh-cyprus.cms4.nelios.com\/guests-loyalty-club\/"},"modified":"2025-08-05T13:10:19","modified_gmt":"2025-08-05T10:10:19","slug":"guests-loyalty-club","status":"publish","type":"page","link":"https:\/\/www.cbh-cyprus.com\/de\/guests-loyalty-club\/","title":{"rendered":"G\u00e4ste Loyalty Club"},"content":{"rendered":"<p>Als Gast der Constantinou Bros Hotels sind Sie an unsere erstklassige Gastfreundschaft und unseren Service gew\u00f6hnt. Genie\u00dfen Sie einen noch lohnenderen Urlaub, indem Sie Mitglied in unserem G\u00e4ste-Treueclub werden, den wir als Anerkennung f\u00fcr Ihre Vorliebe f\u00fcr unsere Hotels ins Leben gerufen haben. <\/p>\n<p>Der Guests Loyalty Club ist das Treueprogramm von Constantinou Bros Hotels, das unseren Wiederholern, unseren wertvollen G\u00e4sten, eine Reihe von Privilegien und Vorteilen bietet.<\/p>\n<p>Der G\u00e4ste-Treueclub steht allen G\u00e4sten offen, die mindestens einmal in einem der Constantinou Bros Hotels \u00fcbernachtet haben. Vielleicht haben Sie bereits beschlossen, in dasselbe Hotel zur\u00fcckzukehren, oder Sie m\u00f6chten ein anderes Hotel unserer Kette ausprobieren. <\/p>\n<p>Als Mitglied des Guests Loyalty Club werden Sie willkommen gehei\u00dfen und wie besondere Freunde behandelt. Sie kommen in den Genuss von zus\u00e4tzlichen Vorteilen und Erm\u00e4\u00dfigungen in jedem Constantinou Bros Hotel Ihrer Wahl.<\/p>\n","protected":false},"excerpt":{"rendered":"<p>Als Gast der Constantinou Bros Hotels sind Sie an unsere erstklassige Gastfreundschaft und unseren Service gew\u00f6hnt. Genie\u00dfen Sie einen noch lohnenderen Urlaub, indem Sie Mitglied in unserem G\u00e4ste-Treueclub werden, den wir als Anerkennung f\u00fcr Ihre Vorliebe f\u00fcr unsere Hotels ins Leben gerufen haben. Der Guests Loyalty Club ist das Treueprogramm von Constantinou Bros Hotels, das<\/p>\n","protected":false},"author":100,"featured_media":42879,"parent":0,"menu_order":0,"comment_status":"closed","ping_status":"closed","template":"page-templates\/loyalty-new.php","meta":{"_acf_changed":false,"footnotes":""},"class_list":["post-3062","page","type-page","status-publish","has-post-thumbnail","hentry"],"acf":[],"yoast_head":"<!-- This site is optimized with the Yoast SEO plugin v27.3 - https:\/\/yoast.com\/product\/yoast-seo-wordpress\/ -->\n<title>Guest Loyalty Club in Paphos Hotels || Constantinou Bros Hotels<\/title>\n<meta name=\"description\" content=\"Unsere Wiederholungsg\u00e4ste k\u00f6nnen Blue- oder Silver-Mitglieder in den Treueclubs der Constantinou Bros Hotels in Paphos werden und eine Reihe von Privilegien und Vorteilen genie\u00dfen.\" \/>\n<meta name=\"robots\" content=\"index, follow, max-snippet:-1, max-image-preview:large, max-video-preview:-1\" \/>\n<link rel=\"canonical\" href=\"https:\/\/www.cbh-cyprus.com\/de\/guests-loyalty-club\/\" \/>\n<meta property=\"og:locale\" content=\"de_DE\" \/>\n<meta property=\"og:type\" content=\"article\" \/>\n<meta property=\"og:title\" content=\"Guest Loyalty Club in Paphos Hotels || Constantinou Bros Hotels\" \/>\n<meta property=\"og:description\" content=\"Unsere Wiederholungsg\u00e4ste k\u00f6nnen Blue- oder Silver-Mitglieder in den Treueclubs der Constantinou Bros Hotels in Paphos werden und eine Reihe von Privilegien und Vorteilen genie\u00dfen.\" \/>\n<meta property=\"og:url\" content=\"https:\/\/www.cbh-cyprus.com\/de\/guests-loyalty-club\/\" \/>\n<meta property=\"og:site_name\" content=\"Constantinou Bros Hotels\" \/>\n<meta property=\"article:modified_time\" content=\"2025-08-05T10:10:19+00:00\" \/>\n<meta property=\"og:image\" content=\"https:\/\/www.cbh-cyprus.com\/app\/uploads\/sites\/30\/2024\/12\/31-ATHENA-BEACH-HOTEL-HELIOS-BEACH-BAR.jpg\" \/>\n\t<meta property=\"og:image:width\" content=\"2000\" \/>\n\t<meta property=\"og:image:height\" content=\"1333\" \/>\n\t<meta property=\"og:image:type\" content=\"image\/jpeg\" \/>\n<meta name=\"twitter:card\" content=\"summary_large_image\" \/>\n<meta name=\"twitter:label1\" content=\"Gesch\u00e4tzte Lesezeit\" \/>\n\t<meta name=\"twitter:data1\" content=\"1\u00a0Minute\" \/>\n<script type=\"application\/ld+json\" class=\"yoast-schema-graph\">{\"@context\":\"https:\\\/\\\/schema.org\",\"@graph\":[{\"@type\":\"WebPage\",\"@id\":\"https:\\\/\\\/www.cbh-cyprus.com\\\/de\\\/guests-loyalty-club\\\/\",\"url\":\"https:\\\/\\\/www.cbh-cyprus.com\\\/de\\\/guests-loyalty-club\\\/\",\"name\":\"Guest Loyalty Club in Paphos Hotels || Constantinou Bros Hotels\",\"isPartOf\":{\"@id\":\"https:\\\/\\\/www.cbh-cyprus.com\\\/de\\\/#website\"},\"primaryImageOfPage\":{\"@id\":\"https:\\\/\\\/www.cbh-cyprus.com\\\/de\\\/guests-loyalty-club\\\/#primaryimage\"},\"image\":{\"@id\":\"https:\\\/\\\/www.cbh-cyprus.com\\\/de\\\/guests-loyalty-club\\\/#primaryimage\"},\"thumbnailUrl\":\"https:\\\/\\\/www.cbh-cyprus.com\\\/app\\\/uploads\\\/sites\\\/30\\\/2024\\\/12\\\/31-ATHENA-BEACH-HOTEL-HELIOS-BEACH-BAR.jpg\",\"datePublished\":\"2019-06-26T14:13:00+00:00\",\"dateModified\":\"2025-08-05T10:10:19+00:00\",\"description\":\"Unsere Wiederholungsg\u00e4ste k\u00f6nnen Blue- oder Silver-Mitglieder in den Treueclubs der Constantinou Bros Hotels in Paphos werden und eine Reihe von Privilegien und Vorteilen genie\u00dfen.\",\"breadcrumb\":{\"@id\":\"https:\\\/\\\/www.cbh-cyprus.com\\\/de\\\/guests-loyalty-club\\\/#breadcrumb\"},\"inLanguage\":\"de\",\"potentialAction\":[{\"@type\":\"ReadAction\",\"target\":[\"https:\\\/\\\/www.cbh-cyprus.com\\\/de\\\/guests-loyalty-club\\\/\"]}]},{\"@type\":\"ImageObject\",\"inLanguage\":\"de\",\"@id\":\"https:\\\/\\\/www.cbh-cyprus.com\\\/de\\\/guests-loyalty-club\\\/#primaryimage\",\"url\":\"https:\\\/\\\/www.cbh-cyprus.com\\\/app\\\/uploads\\\/sites\\\/30\\\/2024\\\/12\\\/31-ATHENA-BEACH-HOTEL-HELIOS-BEACH-BAR.jpg\",\"contentUrl\":\"https:\\\/\\\/www.cbh-cyprus.com\\\/app\\\/uploads\\\/sites\\\/30\\\/2024\\\/12\\\/31-ATHENA-BEACH-HOTEL-HELIOS-BEACH-BAR.jpg\",\"width\":2000,\"height\":1333},{\"@type\":\"BreadcrumbList\",\"@id\":\"https:\\\/\\\/www.cbh-cyprus.com\\\/de\\\/guests-loyalty-club\\\/#breadcrumb\",\"itemListElement\":[{\"@type\":\"ListItem\",\"position\":1,\"name\":\"Home\",\"item\":\"https:\\\/\\\/www.cbh-cyprus.com\\\/de\\\/willkommen-in-den-constantinou-bros-hotels\\\/\"},{\"@type\":\"ListItem\",\"position\":2,\"name\":\"G\u00e4ste Loyalty Club\"}]},{\"@type\":\"WebSite\",\"@id\":\"https:\\\/\\\/www.cbh-cyprus.com\\\/de\\\/#website\",\"url\":\"https:\\\/\\\/www.cbh-cyprus.com\\\/de\\\/\",\"name\":\"Constantinou Bros Hotels\",\"description\":\"Constantinou Bros Hotels\",\"publisher\":{\"@id\":\"https:\\\/\\\/www.cbh-cyprus.com\\\/de\\\/#organization\"},\"potentialAction\":[{\"@type\":\"SearchAction\",\"target\":{\"@type\":\"EntryPoint\",\"urlTemplate\":\"https:\\\/\\\/www.cbh-cyprus.com\\\/de\\\/?s={search_term_string}\"},\"query-input\":{\"@type\":\"PropertyValueSpecification\",\"valueRequired\":true,\"valueName\":\"search_term_string\"}}],\"inLanguage\":\"de\"},{\"@type\":\"Organization\",\"@id\":\"https:\\\/\\\/www.cbh-cyprus.com\\\/de\\\/#organization\",\"name\":\"Constantinou Bros Hotels\",\"url\":\"https:\\\/\\\/www.cbh-cyprus.com\\\/de\\\/\",\"logo\":{\"@type\":\"ImageObject\",\"inLanguage\":\"de\",\"@id\":\"https:\\\/\\\/www.cbh-cyprus.com\\\/de\\\/#\\\/schema\\\/logo\\\/image\\\/\",\"url\":\"https:\\\/\\\/www.cbh-cyprus.com\\\/app\\\/uploads\\\/sites\\\/30\\\/2020\\\/10\\\/cbh.jpg\",\"contentUrl\":\"https:\\\/\\\/www.cbh-cyprus.com\\\/app\\\/uploads\\\/sites\\\/30\\\/2020\\\/10\\\/cbh.jpg\",\"width\":1013,\"height\":419,\"caption\":\"Constantinou Bros Hotels\"},\"image\":{\"@id\":\"https:\\\/\\\/www.cbh-cyprus.com\\\/de\\\/#\\\/schema\\\/logo\\\/image\\\/\"}}]}<\/script>\n<!-- \/ Yoast SEO plugin. -->","yoast_head_json":{"title":"Guest Loyalty Club in Paphos Hotels || Constantinou Bros Hotels","description":"Unsere Wiederholungsg\u00e4ste k\u00f6nnen Blue- oder Silver-Mitglieder in den Treueclubs der Constantinou Bros Hotels in Paphos werden und eine Reihe von Privilegien und Vorteilen genie\u00dfen.","robots":{"index":"index","follow":"follow","max-snippet":"max-snippet:-1","max-image-preview":"max-image-preview:large","max-video-preview":"max-video-preview:-1"},"canonical":"https:\/\/www.cbh-cyprus.com\/de\/guests-loyalty-club\/","og_locale":"de_DE","og_type":"article","og_title":"Guest Loyalty Club in Paphos Hotels || Constantinou Bros Hotels","og_description":"Unsere Wiederholungsg\u00e4ste k\u00f6nnen Blue- oder Silver-Mitglieder in den Treueclubs der Constantinou Bros Hotels in Paphos werden und eine Reihe von Privilegien und Vorteilen genie\u00dfen.","og_url":"https:\/\/www.cbh-cyprus.com\/de\/guests-loyalty-club\/","og_site_name":"Constantinou Bros Hotels","article_modified_time":"2025-08-05T10:10:19+00:00","og_image":[{"width":2000,"height":1333,"url":"https:\/\/www.cbh-cyprus.com\/app\/uploads\/sites\/30\/2024\/12\/31-ATHENA-BEACH-HOTEL-HELIOS-BEACH-BAR.jpg","type":"image\/jpeg"}],"twitter_card":"summary_large_image","twitter_misc":{"Gesch\u00e4tzte Lesezeit":"1\u00a0Minute"},"schema":{"@context":"https:\/\/schema.org","@graph":[{"@type":"WebPage","@id":"https:\/\/www.cbh-cyprus.com\/de\/guests-loyalty-club\/","url":"https:\/\/www.cbh-cyprus.com\/de\/guests-loyalty-club\/","name":"Guest Loyalty Club in Paphos Hotels || Constantinou Bros Hotels","isPartOf":{"@id":"https:\/\/www.cbh-cyprus.com\/de\/#website"},"primaryImageOfPage":{"@id":"https:\/\/www.cbh-cyprus.com\/de\/guests-loyalty-club\/#primaryimage"},"image":{"@id":"https:\/\/www.cbh-cyprus.com\/de\/guests-loyalty-club\/#primaryimage"},"thumbnailUrl":"https:\/\/www.cbh-cyprus.com\/app\/uploads\/sites\/30\/2024\/12\/31-ATHENA-BEACH-HOTEL-HELIOS-BEACH-BAR.jpg","datePublished":"2019-06-26T14:13:00+00:00","dateModified":"2025-08-05T10:10:19+00:00","description":"Unsere Wiederholungsg\u00e4ste k\u00f6nnen Blue- oder Silver-Mitglieder in den Treueclubs der Constantinou Bros Hotels in Paphos werden und eine Reihe von Privilegien und Vorteilen genie\u00dfen.","breadcrumb":{"@id":"https:\/\/www.cbh-cyprus.com\/de\/guests-loyalty-club\/#breadcrumb"},"inLanguage":"de","potentialAction":[{"@type":"ReadAction","target":["https:\/\/www.cbh-cyprus.com\/de\/guests-loyalty-club\/"]}]},{"@type":"ImageObject","inLanguage":"de","@id":"https:\/\/www.cbh-cyprus.com\/de\/guests-loyalty-club\/#primaryimage","url":"https:\/\/www.cbh-cyprus.com\/app\/uploads\/sites\/30\/2024\/12\/31-ATHENA-BEACH-HOTEL-HELIOS-BEACH-BAR.jpg","contentUrl":"https:\/\/www.cbh-cyprus.com\/app\/uploads\/sites\/30\/2024\/12\/31-ATHENA-BEACH-HOTEL-HELIOS-BEACH-BAR.jpg","width":2000,"height":1333},{"@type":"BreadcrumbList","@id":"https:\/\/www.cbh-cyprus.com\/de\/guests-loyalty-club\/#breadcrumb","itemListElement":[{"@type":"ListItem","position":1,"name":"Home","item":"https:\/\/www.cbh-cyprus.com\/de\/willkommen-in-den-constantinou-bros-hotels\/"},{"@type":"ListItem","position":2,"name":"G\u00e4ste Loyalty Club"}]},{"@type":"WebSite","@id":"https:\/\/www.cbh-cyprus.com\/de\/#website","url":"https:\/\/www.cbh-cyprus.com\/de\/","name":"Constantinou Bros Hotels","description":"Constantinou Bros Hotels","publisher":{"@id":"https:\/\/www.cbh-cyprus.com\/de\/#organization"},"potentialAction":[{"@type":"SearchAction","target":{"@type":"EntryPoint","urlTemplate":"https:\/\/www.cbh-cyprus.com\/de\/?s={search_term_string}"},"query-input":{"@type":"PropertyValueSpecification","valueRequired":true,"valueName":"search_term_string"}}],"inLanguage":"de"},{"@type":"Organization","@id":"https:\/\/www.cbh-cyprus.com\/de\/#organization","name":"Constantinou Bros Hotels","url":"https:\/\/www.cbh-cyprus.com\/de\/","logo":{"@type":"ImageObject","inLanguage":"de","@id":"https:\/\/www.cbh-cyprus.com\/de\/#\/schema\/logo\/image\/","url":"https:\/\/www.cbh-cyprus.com\/app\/uploads\/sites\/30\/2020\/10\/cbh.jpg","contentUrl":"https:\/\/www.cbh-cyprus.com\/app\/uploads\/sites\/30\/2020\/10\/cbh.jpg","width":1013,"height":419,"caption":"Constantinou Bros Hotels"},"image":{"@id":"https:\/\/www.cbh-cyprus.com\/de\/#\/schema\/logo\/image\/"}}]}},"_links":{"self":[{"href":"https:\/\/www.cbh-cyprus.com\/de\/wp-json\/wp\/v2\/pages\/3062","targetHints":{"allow":["GET"]}}],"collection":[{"href":"https:\/\/www.cbh-cyprus.com\/de\/wp-json\/wp\/v2\/pages"}],"about":[{"href":"https:\/\/www.cbh-cyprus.com\/de\/wp-json\/wp\/v2\/types\/page"}],"author":[{"embeddable":true,"href":"https:\/\/www.cbh-cyprus.com\/de\/wp-json\/wp\/v2\/users\/100"}],"replies":[{"embeddable":true,"href":"https:\/\/www.cbh-cyprus.com\/de\/wp-json\/wp\/v2\/comments?post=3062"}],"version-history":[{"count":10,"href":"https:\/\/www.cbh-cyprus.com\/de\/wp-json\/wp\/v2\/pages\/3062\/revisions"}],"predecessor-version":[{"id":45890,"href":"https:\/\/www.cbh-cyprus.com\/de\/wp-json\/wp\/v2\/pages\/3062\/revisions\/45890"}],"wp:featuredmedia":[{"embeddable":true,"href":"https:\/\/www.cbh-cyprus.com\/de\/wp-json\/wp\/v2\/media\/42879"}],"wp:attachment":[{"href":"https:\/\/www.cbh-cyprus.com\/de\/wp-json\/wp\/v2\/media?parent=3062"}],"curies":[{"name":"wp","href":"https:\/\/api.w.org\/{rel}","templated":true}]}}