{"id":3071,"date":"2019-06-30T16:38:02","date_gmt":"2019-06-30T13:38:02","guid":{"rendered":"https:\/\/cbh-cyprus.cms4.nelios.com\/guests-loyalty-club\/the-blue-member\/"},"modified":"2025-08-05T13:20:34","modified_gmt":"2025-08-05T10:20:34","slug":"das-blaue-mitglied","status":"publish","type":"page","link":"https:\/\/www.cbh-cyprus.com\/de\/guests-loyalty-club\/das-blaue-mitglied\/","title":{"rendered":"DAS BLAUE MITGLIED"},"content":{"rendered":"<ul>\n<li>15% Rabatt auf den Unterkunftspreis<\/li>\n<li>15% Rabatt auf alle zus\u00e4tzlichen Speisen und Getr\u00e4nke, die Sie w\u00e4hrend Ihres Aufenthalts in einem der Hotelrestaurants und -bars einnehmen *<\/li>\n<li>15% Rabatt im Friseursalon des Hotels *<\/li>\n<li>15% Rabatt im Elixir Spa des Hotels *<\/li>\n<li>Obst bei der Ankunft<\/li>\n<li>Wein bei Ankunft<\/li>\n<li>Besonderes Geschenk bei der Abreise<\/li>\n<li>Ein kostenloses G\u00e4stezimmer nach dem Check-out f\u00fcr einige Stunden (je nach Verf\u00fcgbarkeit)<\/li>\n<\/ul>\n","protected":false},"excerpt":{"rendered":"<p>15% Rabatt auf den Unterkunftspreis 15% Rabatt auf alle zus\u00e4tzlichen Speisen und Getr\u00e4nke, die Sie w\u00e4hrend Ihres Aufenthalts in einem der Hotelrestaurants und -bars einnehmen * 15% Rabatt im Friseursalon des Hotels * 15% Rabatt im Elixir Spa des Hotels * Obst bei der Ankunft Wein bei Ankunft Besonderes Geschenk bei der Abreise Ein kostenloses<\/p>\n","protected":false},"author":100,"featured_media":2186,"parent":3062,"menu_order":0,"comment_status":"closed","ping_status":"closed","template":"","meta":{"_acf_changed":false,"footnotes":""},"class_list":["post-3071","page","type-page","status-publish","has-post-thumbnail","hentry"],"acf":[],"yoast_head":"<!-- This site is optimized with the Yoast SEO plugin v27.3 - https:\/\/yoast.com\/product\/yoast-seo-wordpress\/ -->\n<title>DAS BLAUE MITGLIED - Constantinou Bros Hotels<\/title>\n<meta name=\"robots\" content=\"index, follow, max-snippet:-1, max-image-preview:large, max-video-preview:-1\" \/>\n<link rel=\"canonical\" href=\"https:\/\/www.cbh-cyprus.com\/de\/guests-loyalty-club\/das-blaue-mitglied\/\" \/>\n<meta property=\"og:locale\" content=\"de_DE\" \/>\n<meta property=\"og:type\" content=\"article\" \/>\n<meta property=\"og:title\" content=\"DAS BLAUE MITGLIED - Constantinou Bros Hotels\" \/>\n<meta property=\"og:description\" content=\"15% Rabatt auf den Unterkunftspreis 15% Rabatt auf alle zus\u00e4tzlichen Speisen und Getr\u00e4nke, die Sie w\u00e4hrend Ihres Aufenthalts in einem der Hotelrestaurants und -bars einnehmen * 15% Rabatt im Friseursalon des Hotels * 15% Rabatt im Elixir Spa des Hotels * Obst bei der Ankunft Wein bei Ankunft Besonderes Geschenk bei der Abreise Ein kostenloses\" \/>\n<meta property=\"og:url\" content=\"https:\/\/www.cbh-cyprus.com\/de\/guests-loyalty-club\/das-blaue-mitglied\/\" \/>\n<meta property=\"og:site_name\" content=\"Constantinou Bros Hotels\" \/>\n<meta property=\"article:modified_time\" content=\"2025-08-05T10:20:34+00:00\" \/>\n<meta property=\"og:image\" content=\"https:\/\/www.cbh-cyprus.com\/app\/uploads\/sites\/30\/2019\/10\/42-asimina-suites-hotel-private-dinner-by-the-beach_resized.jpg\" \/>\n\t<meta property=\"og:image:width\" content=\"1920\" \/>\n\t<meta property=\"og:image:height\" content=\"1277\" \/>\n\t<meta property=\"og:image:type\" content=\"image\/jpeg\" \/>\n<meta name=\"twitter:card\" content=\"summary_large_image\" \/>\n<meta name=\"twitter:label1\" content=\"Gesch\u00e4tzte Lesezeit\" \/>\n\t<meta name=\"twitter:data1\" content=\"1\u00a0Minute\" \/>\n<script type=\"application\/ld+json\" class=\"yoast-schema-graph\">{\"@context\":\"https:\\\/\\\/schema.org\",\"@graph\":[{\"@type\":\"WebPage\",\"@id\":\"https:\\\/\\\/www.cbh-cyprus.com\\\/de\\\/guests-loyalty-club\\\/das-blaue-mitglied\\\/\",\"url\":\"https:\\\/\\\/www.cbh-cyprus.com\\\/de\\\/guests-loyalty-club\\\/das-blaue-mitglied\\\/\",\"name\":\"DAS BLAUE MITGLIED - Constantinou Bros Hotels\",\"isPartOf\":{\"@id\":\"https:\\\/\\\/www.cbh-cyprus.com\\\/de\\\/#website\"},\"primaryImageOfPage\":{\"@id\":\"https:\\\/\\\/www.cbh-cyprus.com\\\/de\\\/guests-loyalty-club\\\/das-blaue-mitglied\\\/#primaryimage\"},\"image\":{\"@id\":\"https:\\\/\\\/www.cbh-cyprus.com\\\/de\\\/guests-loyalty-club\\\/das-blaue-mitglied\\\/#primaryimage\"},\"thumbnailUrl\":\"https:\\\/\\\/www.cbh-cyprus.com\\\/app\\\/uploads\\\/sites\\\/30\\\/2019\\\/10\\\/42-asimina-suites-hotel-private-dinner-by-the-beach_resized.jpg\",\"datePublished\":\"2019-06-30T13:38:02+00:00\",\"dateModified\":\"2025-08-05T10:20:34+00:00\",\"breadcrumb\":{\"@id\":\"https:\\\/\\\/www.cbh-cyprus.com\\\/de\\\/guests-loyalty-club\\\/das-blaue-mitglied\\\/#breadcrumb\"},\"inLanguage\":\"de\",\"potentialAction\":[{\"@type\":\"ReadAction\",\"target\":[\"https:\\\/\\\/www.cbh-cyprus.com\\\/de\\\/guests-loyalty-club\\\/das-blaue-mitglied\\\/\"]}]},{\"@type\":\"ImageObject\",\"inLanguage\":\"de\",\"@id\":\"https:\\\/\\\/www.cbh-cyprus.com\\\/de\\\/guests-loyalty-club\\\/das-blaue-mitglied\\\/#primaryimage\",\"url\":\"https:\\\/\\\/www.cbh-cyprus.com\\\/app\\\/uploads\\\/sites\\\/30\\\/2019\\\/10\\\/42-asimina-suites-hotel-private-dinner-by-the-beach_resized.jpg\",\"contentUrl\":\"https:\\\/\\\/www.cbh-cyprus.com\\\/app\\\/uploads\\\/sites\\\/30\\\/2019\\\/10\\\/42-asimina-suites-hotel-private-dinner-by-the-beach_resized.jpg\",\"width\":1920,\"height\":1277},{\"@type\":\"BreadcrumbList\",\"@id\":\"https:\\\/\\\/www.cbh-cyprus.com\\\/de\\\/guests-loyalty-club\\\/das-blaue-mitglied\\\/#breadcrumb\",\"itemListElement\":[{\"@type\":\"ListItem\",\"position\":1,\"name\":\"Home\",\"item\":\"https:\\\/\\\/www.cbh-cyprus.com\\\/de\\\/willkommen-in-den-constantinou-bros-hotels\\\/\"},{\"@type\":\"ListItem\",\"position\":2,\"name\":\"G\u00e4ste Loyalty Club\",\"item\":\"https:\\\/\\\/www.cbh-cyprus.com\\\/de\\\/guests-loyalty-club\\\/\"},{\"@type\":\"ListItem\",\"position\":3,\"name\":\"DAS BLAUE MITGLIED\"}]},{\"@type\":\"WebSite\",\"@id\":\"https:\\\/\\\/www.cbh-cyprus.com\\\/de\\\/#website\",\"url\":\"https:\\\/\\\/www.cbh-cyprus.com\\\/de\\\/\",\"name\":\"Constantinou Bros Hotels\",\"description\":\"Constantinou Bros Hotels\",\"publisher\":{\"@id\":\"https:\\\/\\\/www.cbh-cyprus.com\\\/de\\\/#organization\"},\"potentialAction\":[{\"@type\":\"SearchAction\",\"target\":{\"@type\":\"EntryPoint\",\"urlTemplate\":\"https:\\\/\\\/www.cbh-cyprus.com\\\/de\\\/?s={search_term_string}\"},\"query-input\":{\"@type\":\"PropertyValueSpecification\",\"valueRequired\":true,\"valueName\":\"search_term_string\"}}],\"inLanguage\":\"de\"},{\"@type\":\"Organization\",\"@id\":\"https:\\\/\\\/www.cbh-cyprus.com\\\/de\\\/#organization\",\"name\":\"Constantinou Bros Hotels\",\"url\":\"https:\\\/\\\/www.cbh-cyprus.com\\\/de\\\/\",\"logo\":{\"@type\":\"ImageObject\",\"inLanguage\":\"de\",\"@id\":\"https:\\\/\\\/www.cbh-cyprus.com\\\/de\\\/#\\\/schema\\\/logo\\\/image\\\/\",\"url\":\"https:\\\/\\\/www.cbh-cyprus.com\\\/app\\\/uploads\\\/sites\\\/30\\\/2020\\\/10\\\/cbh.jpg\",\"contentUrl\":\"https:\\\/\\\/www.cbh-cyprus.com\\\/app\\\/uploads\\\/sites\\\/30\\\/2020\\\/10\\\/cbh.jpg\",\"width\":1013,\"height\":419,\"caption\":\"Constantinou Bros Hotels\"},\"image\":{\"@id\":\"https:\\\/\\\/www.cbh-cyprus.com\\\/de\\\/#\\\/schema\\\/logo\\\/image\\\/\"}}]}<\/script>\n<!-- \/ Yoast SEO plugin. -->","yoast_head_json":{"title":"DAS BLAUE MITGLIED - Constantinou Bros Hotels","robots":{"index":"index","follow":"follow","max-snippet":"max-snippet:-1","max-image-preview":"max-image-preview:large","max-video-preview":"max-video-preview:-1"},"canonical":"https:\/\/www.cbh-cyprus.com\/de\/guests-loyalty-club\/das-blaue-mitglied\/","og_locale":"de_DE","og_type":"article","og_title":"DAS BLAUE MITGLIED - Constantinou Bros Hotels","og_description":"15% Rabatt auf den Unterkunftspreis 15% Rabatt auf alle zus\u00e4tzlichen Speisen und Getr\u00e4nke, die Sie w\u00e4hrend Ihres Aufenthalts in einem der Hotelrestaurants und -bars einnehmen * 15% Rabatt im Friseursalon des Hotels * 15% Rabatt im Elixir Spa des Hotels * Obst bei der Ankunft Wein bei Ankunft Besonderes Geschenk bei der Abreise Ein kostenloses","og_url":"https:\/\/www.cbh-cyprus.com\/de\/guests-loyalty-club\/das-blaue-mitglied\/","og_site_name":"Constantinou Bros Hotels","article_modified_time":"2025-08-05T10:20:34+00:00","og_image":[{"width":1920,"height":1277,"url":"https:\/\/www.cbh-cyprus.com\/app\/uploads\/sites\/30\/2019\/10\/42-asimina-suites-hotel-private-dinner-by-the-beach_resized.jpg","type":"image\/jpeg"}],"twitter_card":"summary_large_image","twitter_misc":{"Gesch\u00e4tzte Lesezeit":"1\u00a0Minute"},"schema":{"@context":"https:\/\/schema.org","@graph":[{"@type":"WebPage","@id":"https:\/\/www.cbh-cyprus.com\/de\/guests-loyalty-club\/das-blaue-mitglied\/","url":"https:\/\/www.cbh-cyprus.com\/de\/guests-loyalty-club\/das-blaue-mitglied\/","name":"DAS BLAUE MITGLIED - Constantinou Bros Hotels","isPartOf":{"@id":"https:\/\/www.cbh-cyprus.com\/de\/#website"},"primaryImageOfPage":{"@id":"https:\/\/www.cbh-cyprus.com\/de\/guests-loyalty-club\/das-blaue-mitglied\/#primaryimage"},"image":{"@id":"https:\/\/www.cbh-cyprus.com\/de\/guests-loyalty-club\/das-blaue-mitglied\/#primaryimage"},"thumbnailUrl":"https:\/\/www.cbh-cyprus.com\/app\/uploads\/sites\/30\/2019\/10\/42-asimina-suites-hotel-private-dinner-by-the-beach_resized.jpg","datePublished":"2019-06-30T13:38:02+00:00","dateModified":"2025-08-05T10:20:34+00:00","breadcrumb":{"@id":"https:\/\/www.cbh-cyprus.com\/de\/guests-loyalty-club\/das-blaue-mitglied\/#breadcrumb"},"inLanguage":"de","potentialAction":[{"@type":"ReadAction","target":["https:\/\/www.cbh-cyprus.com\/de\/guests-loyalty-club\/das-blaue-mitglied\/"]}]},{"@type":"ImageObject","inLanguage":"de","@id":"https:\/\/www.cbh-cyprus.com\/de\/guests-loyalty-club\/das-blaue-mitglied\/#primaryimage","url":"https:\/\/www.cbh-cyprus.com\/app\/uploads\/sites\/30\/2019\/10\/42-asimina-suites-hotel-private-dinner-by-the-beach_resized.jpg","contentUrl":"https:\/\/www.cbh-cyprus.com\/app\/uploads\/sites\/30\/2019\/10\/42-asimina-suites-hotel-private-dinner-by-the-beach_resized.jpg","width":1920,"height":1277},{"@type":"BreadcrumbList","@id":"https:\/\/www.cbh-cyprus.com\/de\/guests-loyalty-club\/das-blaue-mitglied\/#breadcrumb","itemListElement":[{"@type":"ListItem","position":1,"name":"Home","item":"https:\/\/www.cbh-cyprus.com\/de\/willkommen-in-den-constantinou-bros-hotels\/"},{"@type":"ListItem","position":2,"name":"G\u00e4ste Loyalty Club","item":"https:\/\/www.cbh-cyprus.com\/de\/guests-loyalty-club\/"},{"@type":"ListItem","position":3,"name":"DAS BLAUE MITGLIED"}]},{"@type":"WebSite","@id":"https:\/\/www.cbh-cyprus.com\/de\/#website","url":"https:\/\/www.cbh-cyprus.com\/de\/","name":"Constantinou Bros Hotels","description":"Constantinou Bros Hotels","publisher":{"@id":"https:\/\/www.cbh-cyprus.com\/de\/#organization"},"potentialAction":[{"@type":"SearchAction","target":{"@type":"EntryPoint","urlTemplate":"https:\/\/www.cbh-cyprus.com\/de\/?s={search_term_string}"},"query-input":{"@type":"PropertyValueSpecification","valueRequired":true,"valueName":"search_term_string"}}],"inLanguage":"de"},{"@type":"Organization","@id":"https:\/\/www.cbh-cyprus.com\/de\/#organization","name":"Constantinou Bros Hotels","url":"https:\/\/www.cbh-cyprus.com\/de\/","logo":{"@type":"ImageObject","inLanguage":"de","@id":"https:\/\/www.cbh-cyprus.com\/de\/#\/schema\/logo\/image\/","url":"https:\/\/www.cbh-cyprus.com\/app\/uploads\/sites\/30\/2020\/10\/cbh.jpg","contentUrl":"https:\/\/www.cbh-cyprus.com\/app\/uploads\/sites\/30\/2020\/10\/cbh.jpg","width":1013,"height":419,"caption":"Constantinou Bros Hotels"},"image":{"@id":"https:\/\/www.cbh-cyprus.com\/de\/#\/schema\/logo\/image\/"}}]}},"_links":{"self":[{"href":"https:\/\/www.cbh-cyprus.com\/de\/wp-json\/wp\/v2\/pages\/3071","targetHints":{"allow":["GET"]}}],"collection":[{"href":"https:\/\/www.cbh-cyprus.com\/de\/wp-json\/wp\/v2\/pages"}],"about":[{"href":"https:\/\/www.cbh-cyprus.com\/de\/wp-json\/wp\/v2\/types\/page"}],"author":[{"embeddable":true,"href":"https:\/\/www.cbh-cyprus.com\/de\/wp-json\/wp\/v2\/users\/100"}],"replies":[{"embeddable":true,"href":"https:\/\/www.cbh-cyprus.com\/de\/wp-json\/wp\/v2\/comments?post=3071"}],"version-history":[{"count":11,"href":"https:\/\/www.cbh-cyprus.com\/de\/wp-json\/wp\/v2\/pages\/3071\/revisions"}],"predecessor-version":[{"id":45901,"href":"https:\/\/www.cbh-cyprus.com\/de\/wp-json\/wp\/v2\/pages\/3071\/revisions\/45901"}],"up":[{"embeddable":true,"href":"https:\/\/www.cbh-cyprus.com\/de\/wp-json\/wp\/v2\/pages\/3062"}],"wp:featuredmedia":[{"embeddable":true,"href":"https:\/\/www.cbh-cyprus.com\/de\/wp-json\/wp\/v2\/media\/2186"}],"wp:attachment":[{"href":"https:\/\/www.cbh-cyprus.com\/de\/wp-json\/wp\/v2\/media?parent=3071"}],"curies":[{"name":"wp","href":"https:\/\/api.w.org\/{rel}","templated":true}]}}