{"id":34178,"date":"2023-04-21T11:23:58","date_gmt":"2023-04-21T08:23:58","guid":{"rendered":"https:\/\/www.cbh-cyprus.com\/best-hotels-paphos\/"},"modified":"2024-09-13T12:16:55","modified_gmt":"2024-09-13T09:16:55","slug":"best-hotels-paphos","status":"publish","type":"page","link":"https:\/\/www.cbh-cyprus.com\/de\/best-hotels-paphos\/","title":{"rendered":"Unsere Hotels"},"content":{"rendered":"<p>Constantinou Bros Hotels ist eine Sammlung von vier der besten Hotels in Paphos, Zypern, die eine sensationelle Strandlage bieten, in der Sie Ihre eigene Urlaubsgeschichte schreiben k\u00f6nnen. Unsere luxuri\u00f6se Gruppe atemberaubender Immobilien wird sowohl Erwachsene als auch Familien gleicherma\u00dfen begeistern. Paare, Flitterw\u00f6chner und diejenigen, die eine ruhige Umgebung nur f\u00fcr Erwachsene bevorzugen, finden hier ihren Zufluchtsort. Auch Familien k\u00f6nnen Spa\u00df und Luxus erleben, denn die Eltern haben die M\u00f6glichkeit, in einer familienfreundlichen Umgebung den Bereich nur f\u00fcr Erwachsene zu nutzen. In unserer Sammlung der besten Hotels in Paphos k\u00f6nnen Sport- und Freizeitbegeisterte das Angebot an Wellness-, Fitness- und Unterhaltungsangeboten genie\u00dfen, darunter auch Bowlinganlagen.<\/p>\n","protected":false},"excerpt":{"rendered":"<p>Constantinou Bros Hotels ist eine Sammlung von vier der besten Hotels in Paphos, Zypern, die eine sensationelle Strandlage bieten, in der Sie Ihre eigene Urlaubsgeschichte schreiben k\u00f6nnen. Unsere luxuri\u00f6se Gruppe atemberaubender Immobilien wird sowohl Erwachsene als auch Familien gleicherma\u00dfen begeistern. Paare, Flitterw\u00f6chner und diejenigen, die eine ruhige Umgebung nur f\u00fcr Erwachsene bevorzugen, finden hier ihren<\/p>\n","protected":false},"author":360,"featured_media":43236,"parent":0,"menu_order":0,"comment_status":"closed","ping_status":"closed","template":"page-templates\/hotel-list.php","meta":{"_acf_changed":false,"footnotes":""},"class_list":["post-34178","page","type-page","status-publish","has-post-thumbnail","hentry"],"acf":[],"yoast_head":"<!-- This site is optimized with the Yoast SEO plugin v27.3 - https:\/\/yoast.com\/product\/yoast-seo-wordpress\/ -->\n<title>Sammlung der besten Hotels in Paphos | Constantinou Bros Hotels<\/title>\n<meta name=\"description\" content=\"Constantinou Bros Hotels ist eine Luxuskollektion der vier besten Hotels in Paphos, Zypern. Gl\u00fcckseligkeit am Strand mit einer Ultra-All-Inclusive-Option.\" \/>\n<meta name=\"robots\" content=\"index, follow, max-snippet:-1, max-image-preview:large, max-video-preview:-1\" \/>\n<link rel=\"canonical\" href=\"https:\/\/www.cbh-cyprus.com\/de\/best-hotels-paphos\/\" \/>\n<meta property=\"og:locale\" content=\"de_DE\" \/>\n<meta property=\"og:type\" content=\"article\" \/>\n<meta property=\"og:title\" content=\"Sammlung der besten Hotels in Paphos | Constantinou Bros Hotels\" \/>\n<meta property=\"og:description\" content=\"Constantinou Bros Hotels ist eine Luxuskollektion der vier besten Hotels in Paphos, Zypern. Gl\u00fcckseligkeit am Strand mit einer Ultra-All-Inclusive-Option.\" \/>\n<meta property=\"og:url\" content=\"https:\/\/www.cbh-cyprus.com\/de\/best-hotels-paphos\/\" \/>\n<meta property=\"og:site_name\" content=\"Constantinou Bros Hotels\" \/>\n<meta property=\"article:modified_time\" content=\"2024-09-13T09:16:55+00:00\" \/>\n<meta name=\"twitter:card\" content=\"summary_large_image\" \/>\n<meta name=\"twitter:label1\" content=\"Gesch\u00e4tzte Lesezeit\" \/>\n\t<meta name=\"twitter:data1\" content=\"1\u00a0Minute\" \/>\n<script type=\"application\/ld+json\" class=\"yoast-schema-graph\">{\"@context\":\"https:\\\/\\\/schema.org\",\"@graph\":[{\"@type\":\"WebPage\",\"@id\":\"https:\\\/\\\/www.cbh-cyprus.com\\\/de\\\/best-hotels-paphos\\\/\",\"url\":\"https:\\\/\\\/www.cbh-cyprus.com\\\/de\\\/best-hotels-paphos\\\/\",\"name\":\"Sammlung der besten Hotels in Paphos | Constantinou Bros Hotels\",\"isPartOf\":{\"@id\":\"https:\\\/\\\/www.cbh-cyprus.com\\\/de\\\/#website\"},\"primaryImageOfPage\":{\"@id\":\"https:\\\/\\\/www.cbh-cyprus.com\\\/de\\\/best-hotels-paphos\\\/#primaryimage\"},\"image\":{\"@id\":\"https:\\\/\\\/www.cbh-cyprus.com\\\/de\\\/best-hotels-paphos\\\/#primaryimage\"},\"thumbnailUrl\":\"https:\\\/\\\/www.cbh-cyprus.com\\\/app\\\/uploads\\\/sites\\\/30\\\/2025\\\/01\\\/6-PIONEER-BEACH-HOTEL-POOL-AND-GARDENS.jpg\",\"datePublished\":\"2023-04-21T08:23:58+00:00\",\"dateModified\":\"2024-09-13T09:16:55+00:00\",\"description\":\"Constantinou Bros Hotels ist eine Luxuskollektion der vier besten Hotels in Paphos, Zypern. Gl\u00fcckseligkeit am Strand mit einer Ultra-All-Inclusive-Option.\",\"breadcrumb\":{\"@id\":\"https:\\\/\\\/www.cbh-cyprus.com\\\/de\\\/best-hotels-paphos\\\/#breadcrumb\"},\"inLanguage\":\"de\",\"potentialAction\":[{\"@type\":\"ReadAction\",\"target\":[\"https:\\\/\\\/www.cbh-cyprus.com\\\/de\\\/best-hotels-paphos\\\/\"]}]},{\"@type\":\"ImageObject\",\"inLanguage\":\"de\",\"@id\":\"https:\\\/\\\/www.cbh-cyprus.com\\\/de\\\/best-hotels-paphos\\\/#primaryimage\",\"url\":\"https:\\\/\\\/www.cbh-cyprus.com\\\/app\\\/uploads\\\/sites\\\/30\\\/2025\\\/01\\\/6-PIONEER-BEACH-HOTEL-POOL-AND-GARDENS.jpg\",\"contentUrl\":\"https:\\\/\\\/www.cbh-cyprus.com\\\/app\\\/uploads\\\/sites\\\/30\\\/2025\\\/01\\\/6-PIONEER-BEACH-HOTEL-POOL-AND-GARDENS.jpg\",\"width\":1920,\"height\":1160,\"caption\":\"AUGUST\"},{\"@type\":\"BreadcrumbList\",\"@id\":\"https:\\\/\\\/www.cbh-cyprus.com\\\/de\\\/best-hotels-paphos\\\/#breadcrumb\",\"itemListElement\":[{\"@type\":\"ListItem\",\"position\":1,\"name\":\"Home\",\"item\":\"https:\\\/\\\/www.cbh-cyprus.com\\\/de\\\/willkommen-in-den-constantinou-bros-hotels\\\/\"},{\"@type\":\"ListItem\",\"position\":2,\"name\":\"Unsere Hotels\"}]},{\"@type\":\"WebSite\",\"@id\":\"https:\\\/\\\/www.cbh-cyprus.com\\\/de\\\/#website\",\"url\":\"https:\\\/\\\/www.cbh-cyprus.com\\\/de\\\/\",\"name\":\"Constantinou Bros Hotels\",\"description\":\"Constantinou Bros Hotels\",\"publisher\":{\"@id\":\"https:\\\/\\\/www.cbh-cyprus.com\\\/de\\\/#organization\"},\"potentialAction\":[{\"@type\":\"SearchAction\",\"target\":{\"@type\":\"EntryPoint\",\"urlTemplate\":\"https:\\\/\\\/www.cbh-cyprus.com\\\/de\\\/?s={search_term_string}\"},\"query-input\":{\"@type\":\"PropertyValueSpecification\",\"valueRequired\":true,\"valueName\":\"search_term_string\"}}],\"inLanguage\":\"de\"},{\"@type\":\"Organization\",\"@id\":\"https:\\\/\\\/www.cbh-cyprus.com\\\/de\\\/#organization\",\"name\":\"Constantinou Bros Hotels\",\"url\":\"https:\\\/\\\/www.cbh-cyprus.com\\\/de\\\/\",\"logo\":{\"@type\":\"ImageObject\",\"inLanguage\":\"de\",\"@id\":\"https:\\\/\\\/www.cbh-cyprus.com\\\/de\\\/#\\\/schema\\\/logo\\\/image\\\/\",\"url\":\"https:\\\/\\\/www.cbh-cyprus.com\\\/app\\\/uploads\\\/sites\\\/30\\\/2020\\\/10\\\/cbh.jpg\",\"contentUrl\":\"https:\\\/\\\/www.cbh-cyprus.com\\\/app\\\/uploads\\\/sites\\\/30\\\/2020\\\/10\\\/cbh.jpg\",\"width\":1013,\"height\":419,\"caption\":\"Constantinou Bros Hotels\"},\"image\":{\"@id\":\"https:\\\/\\\/www.cbh-cyprus.com\\\/de\\\/#\\\/schema\\\/logo\\\/image\\\/\"}}]}<\/script>\n<!-- \/ Yoast SEO plugin. -->","yoast_head_json":{"title":"Sammlung der besten Hotels in Paphos | Constantinou Bros Hotels","description":"Constantinou Bros Hotels ist eine Luxuskollektion der vier besten Hotels in Paphos, Zypern. Gl\u00fcckseligkeit am Strand mit einer Ultra-All-Inclusive-Option.","robots":{"index":"index","follow":"follow","max-snippet":"max-snippet:-1","max-image-preview":"max-image-preview:large","max-video-preview":"max-video-preview:-1"},"canonical":"https:\/\/www.cbh-cyprus.com\/de\/best-hotels-paphos\/","og_locale":"de_DE","og_type":"article","og_title":"Sammlung der besten Hotels in Paphos | Constantinou Bros Hotels","og_description":"Constantinou Bros Hotels ist eine Luxuskollektion der vier besten Hotels in Paphos, Zypern. Gl\u00fcckseligkeit am Strand mit einer Ultra-All-Inclusive-Option.","og_url":"https:\/\/www.cbh-cyprus.com\/de\/best-hotels-paphos\/","og_site_name":"Constantinou Bros Hotels","article_modified_time":"2024-09-13T09:16:55+00:00","twitter_card":"summary_large_image","twitter_misc":{"Gesch\u00e4tzte Lesezeit":"1\u00a0Minute"},"schema":{"@context":"https:\/\/schema.org","@graph":[{"@type":"WebPage","@id":"https:\/\/www.cbh-cyprus.com\/de\/best-hotels-paphos\/","url":"https:\/\/www.cbh-cyprus.com\/de\/best-hotels-paphos\/","name":"Sammlung der besten Hotels in Paphos | Constantinou Bros Hotels","isPartOf":{"@id":"https:\/\/www.cbh-cyprus.com\/de\/#website"},"primaryImageOfPage":{"@id":"https:\/\/www.cbh-cyprus.com\/de\/best-hotels-paphos\/#primaryimage"},"image":{"@id":"https:\/\/www.cbh-cyprus.com\/de\/best-hotels-paphos\/#primaryimage"},"thumbnailUrl":"https:\/\/www.cbh-cyprus.com\/app\/uploads\/sites\/30\/2025\/01\/6-PIONEER-BEACH-HOTEL-POOL-AND-GARDENS.jpg","datePublished":"2023-04-21T08:23:58+00:00","dateModified":"2024-09-13T09:16:55+00:00","description":"Constantinou Bros Hotels ist eine Luxuskollektion der vier besten Hotels in Paphos, Zypern. Gl\u00fcckseligkeit am Strand mit einer Ultra-All-Inclusive-Option.","breadcrumb":{"@id":"https:\/\/www.cbh-cyprus.com\/de\/best-hotels-paphos\/#breadcrumb"},"inLanguage":"de","potentialAction":[{"@type":"ReadAction","target":["https:\/\/www.cbh-cyprus.com\/de\/best-hotels-paphos\/"]}]},{"@type":"ImageObject","inLanguage":"de","@id":"https:\/\/www.cbh-cyprus.com\/de\/best-hotels-paphos\/#primaryimage","url":"https:\/\/www.cbh-cyprus.com\/app\/uploads\/sites\/30\/2025\/01\/6-PIONEER-BEACH-HOTEL-POOL-AND-GARDENS.jpg","contentUrl":"https:\/\/www.cbh-cyprus.com\/app\/uploads\/sites\/30\/2025\/01\/6-PIONEER-BEACH-HOTEL-POOL-AND-GARDENS.jpg","width":1920,"height":1160,"caption":"AUGUST"},{"@type":"BreadcrumbList","@id":"https:\/\/www.cbh-cyprus.com\/de\/best-hotels-paphos\/#breadcrumb","itemListElement":[{"@type":"ListItem","position":1,"name":"Home","item":"https:\/\/www.cbh-cyprus.com\/de\/willkommen-in-den-constantinou-bros-hotels\/"},{"@type":"ListItem","position":2,"name":"Unsere Hotels"}]},{"@type":"WebSite","@id":"https:\/\/www.cbh-cyprus.com\/de\/#website","url":"https:\/\/www.cbh-cyprus.com\/de\/","name":"Constantinou Bros Hotels","description":"Constantinou Bros Hotels","publisher":{"@id":"https:\/\/www.cbh-cyprus.com\/de\/#organization"},"potentialAction":[{"@type":"SearchAction","target":{"@type":"EntryPoint","urlTemplate":"https:\/\/www.cbh-cyprus.com\/de\/?s={search_term_string}"},"query-input":{"@type":"PropertyValueSpecification","valueRequired":true,"valueName":"search_term_string"}}],"inLanguage":"de"},{"@type":"Organization","@id":"https:\/\/www.cbh-cyprus.com\/de\/#organization","name":"Constantinou Bros Hotels","url":"https:\/\/www.cbh-cyprus.com\/de\/","logo":{"@type":"ImageObject","inLanguage":"de","@id":"https:\/\/www.cbh-cyprus.com\/de\/#\/schema\/logo\/image\/","url":"https:\/\/www.cbh-cyprus.com\/app\/uploads\/sites\/30\/2020\/10\/cbh.jpg","contentUrl":"https:\/\/www.cbh-cyprus.com\/app\/uploads\/sites\/30\/2020\/10\/cbh.jpg","width":1013,"height":419,"caption":"Constantinou Bros Hotels"},"image":{"@id":"https:\/\/www.cbh-cyprus.com\/de\/#\/schema\/logo\/image\/"}}]}},"_links":{"self":[{"href":"https:\/\/www.cbh-cyprus.com\/de\/wp-json\/wp\/v2\/pages\/34178","targetHints":{"allow":["GET"]}}],"collection":[{"href":"https:\/\/www.cbh-cyprus.com\/de\/wp-json\/wp\/v2\/pages"}],"about":[{"href":"https:\/\/www.cbh-cyprus.com\/de\/wp-json\/wp\/v2\/types\/page"}],"author":[{"embeddable":true,"href":"https:\/\/www.cbh-cyprus.com\/de\/wp-json\/wp\/v2\/users\/360"}],"replies":[{"embeddable":true,"href":"https:\/\/www.cbh-cyprus.com\/de\/wp-json\/wp\/v2\/comments?post=34178"}],"version-history":[{"count":1,"href":"https:\/\/www.cbh-cyprus.com\/de\/wp-json\/wp\/v2\/pages\/34178\/revisions"}],"predecessor-version":[{"id":34179,"href":"https:\/\/www.cbh-cyprus.com\/de\/wp-json\/wp\/v2\/pages\/34178\/revisions\/34179"}],"wp:featuredmedia":[{"embeddable":true,"href":"https:\/\/www.cbh-cyprus.com\/de\/wp-json\/wp\/v2\/media\/43236"}],"wp:attachment":[{"href":"https:\/\/www.cbh-cyprus.com\/de\/wp-json\/wp\/v2\/media?parent=34178"}],"curies":[{"name":"wp","href":"https:\/\/api.w.org\/{rel}","templated":true}]}}