{"id":35805,"date":"2024-03-01T14:22:23","date_gmt":"2024-03-01T12:22:23","guid":{"rendered":"https:\/\/www.cbh-cyprus.com\/activities\/bowling-holidays\/atlantic-senior-fours-2025\/"},"modified":"2025-05-20T09:36:31","modified_gmt":"2025-05-20T06:36:31","slug":"atlantic-senior-vier-2025","status":"publish","type":"page","link":"https:\/\/www.cbh-cyprus.com\/de\/aktivitaten\/bowling-urlaub\/bowling-nachrichten\/atlantic-senior-vier-2025\/","title":{"rendered":"ATLANTIC SENIOR FOURS 2025"},"content":{"rendered":"<p>Bowls Cyprus in Zusammenarbeit mit Constantinou Bros Hotels freut sich, bekannt zu geben, dass sie die Veranstaltung vom 1. bis 12. Dezember 2025 erneut ausrichten werden. F\u00fcr weitere Informationen, klicken Sie bitte auf den folgenden Link: Atlantic Senior Vierer<\/p>\n<p>Wir gehen davon aus, dass nach dem sehr erfolgreichen Atlantic Senior Fours 2023 mit der Teilnahme von 12 Nationen aus der ganzen Welt, der Tschechischen Republik, Zypern, England, Guernsey, Jersey, den Norfolk-Inseln, Schottland, S\u00fcdafrika, der Schweiz, den USA, Wales und Simbabwe, insgesamt \u00fcber 130 Teilnehmer plus Unterst\u00fctzer, weitere Nationen teilnehmen werden.<\/p>\n<p>** Das Constantinou Bros Athena Beach Hotel freut sich, den Zuschauern der Atlantic Senior ein Pauschalangebot f\u00fcr Aufenthalte zwischen dem 1-12\/12\/2025 anbieten zu k\u00f6nnen. Profitieren Sie von den unten aufgef\u00fchrten Vorteilen, wenn Sie den Buchungscode eingeben: 138ATLSPE w\u00e4hrend Ihrer Online-Reservierung \u00fcber unsere Website.<\/p>\n<p>Die Preise beinhalten:<\/p>\n<p>a) Eintrittspreis w\u00e4hrend des Wettbewerbszeitraums 1-12\/12\/2025.<\/p>\n<p>b) Offizieller Empfang mit Begr\u00fc\u00dfungsgetr\u00e4nk.<\/p>\n<p>c) Abendessen in Buffetform<\/p>\n<p>&nbsp;<\/p>\n<p>F\u00fcr weitere Informationen \u00fcber Bowls Holidays, <a href=\"https:\/\/www.cbh-cyprus.com\/de\/aktivitaten\/bowling-urlaub\/\" target=\"_blank\" rel=\"noopener\">klicken Sie<\/a> bitte <a href=\"https:\/\/www.cbh-cyprus.com\/de\/aktivitaten\/bowling-urlaub\/\" target=\"_blank\" rel=\"noopener\">hier<\/a><\/p>\n","protected":false},"excerpt":{"rendered":"<p>Bowls Cyprus in Zusammenarbeit mit Constantinou Bros Hotels freut sich, bekannt zu geben, dass sie die Veranstaltung vom 1. bis 12. Dezember 2025 erneut ausrichten werden. F\u00fcr weitere Informationen, klicken Sie bitte auf den folgenden Link: Atlantic Senior Vierer Wir gehen davon aus, dass nach dem sehr erfolgreichen Atlantic Senior Fours 2023 mit der Teilnahme<\/p>\n","protected":false},"author":100,"featured_media":35795,"parent":2850,"menu_order":0,"comment_status":"closed","ping_status":"closed","template":"","meta":{"_acf_changed":false,"footnotes":""},"class_list":["post-35805","page","type-page","status-publish","has-post-thumbnail","hentry"],"acf":[],"yoast_head":"<!-- This site is optimized with the Yoast SEO plugin v27.3 - https:\/\/yoast.com\/product\/yoast-seo-wordpress\/ -->\n<title>ATLANTIC SENIOR FOURS 2025 - Constantinou Bros Hotels<\/title>\n<meta name=\"robots\" content=\"index, follow, max-snippet:-1, max-image-preview:large, max-video-preview:-1\" \/>\n<link rel=\"canonical\" href=\"https:\/\/www.cbh-cyprus.com\/de\/aktivitaten\/bowling-urlaub\/bowling-nachrichten\/atlantic-senior-vier-2025\/\" \/>\n<meta property=\"og:locale\" content=\"de_DE\" \/>\n<meta property=\"og:type\" content=\"article\" \/>\n<meta property=\"og:title\" content=\"ATLANTIC SENIOR FOURS 2025 - Constantinou Bros Hotels\" \/>\n<meta property=\"og:description\" content=\"Bowls Cyprus in Zusammenarbeit mit Constantinou Bros Hotels freut sich, bekannt zu geben, dass sie die Veranstaltung vom 1. bis 12. Dezember 2025 erneut ausrichten werden. F\u00fcr weitere Informationen, klicken Sie bitte auf den folgenden Link: Atlantic Senior Vierer Wir gehen davon aus, dass nach dem sehr erfolgreichen Atlantic Senior Fours 2023 mit der Teilnahme\" \/>\n<meta property=\"og:url\" content=\"https:\/\/www.cbh-cyprus.com\/de\/aktivitaten\/bowling-urlaub\/bowling-nachrichten\/atlantic-senior-vier-2025\/\" \/>\n<meta property=\"og:site_name\" content=\"Constantinou Bros Hotels\" \/>\n<meta property=\"article:modified_time\" content=\"2025-05-20T06:36:31+00:00\" \/>\n<meta property=\"og:image\" content=\"https:\/\/www.cbh-cyprus.com\/app\/uploads\/sites\/30\/2024\/03\/AUG2471-scaled.jpg\" \/>\n\t<meta property=\"og:image:width\" content=\"2560\" \/>\n\t<meta property=\"og:image:height\" content=\"1704\" \/>\n\t<meta property=\"og:image:type\" content=\"image\/jpeg\" \/>\n<meta name=\"twitter:card\" content=\"summary_large_image\" \/>\n<meta name=\"twitter:label1\" content=\"Gesch\u00e4tzte Lesezeit\" \/>\n\t<meta name=\"twitter:data1\" content=\"1\u00a0Minute\" \/>\n<script type=\"application\/ld+json\" class=\"yoast-schema-graph\">{\"@context\":\"https:\\\/\\\/schema.org\",\"@graph\":[{\"@type\":\"WebPage\",\"@id\":\"https:\\\/\\\/www.cbh-cyprus.com\\\/de\\\/aktivitaten\\\/bowling-urlaub\\\/bowling-nachrichten\\\/atlantic-senior-vier-2025\\\/\",\"url\":\"https:\\\/\\\/www.cbh-cyprus.com\\\/de\\\/aktivitaten\\\/bowling-urlaub\\\/bowling-nachrichten\\\/atlantic-senior-vier-2025\\\/\",\"name\":\"ATLANTIC SENIOR FOURS 2025 - Constantinou Bros Hotels\",\"isPartOf\":{\"@id\":\"https:\\\/\\\/www.cbh-cyprus.com\\\/de\\\/#website\"},\"primaryImageOfPage\":{\"@id\":\"https:\\\/\\\/www.cbh-cyprus.com\\\/de\\\/aktivitaten\\\/bowling-urlaub\\\/bowling-nachrichten\\\/atlantic-senior-vier-2025\\\/#primaryimage\"},\"image\":{\"@id\":\"https:\\\/\\\/www.cbh-cyprus.com\\\/de\\\/aktivitaten\\\/bowling-urlaub\\\/bowling-nachrichten\\\/atlantic-senior-vier-2025\\\/#primaryimage\"},\"thumbnailUrl\":\"https:\\\/\\\/www.cbh-cyprus.com\\\/app\\\/uploads\\\/sites\\\/30\\\/2024\\\/03\\\/AUG2471-scaled.jpg\",\"datePublished\":\"2024-03-01T12:22:23+00:00\",\"dateModified\":\"2025-05-20T06:36:31+00:00\",\"breadcrumb\":{\"@id\":\"https:\\\/\\\/www.cbh-cyprus.com\\\/de\\\/aktivitaten\\\/bowling-urlaub\\\/bowling-nachrichten\\\/atlantic-senior-vier-2025\\\/#breadcrumb\"},\"inLanguage\":\"de\",\"potentialAction\":[{\"@type\":\"ReadAction\",\"target\":[\"https:\\\/\\\/www.cbh-cyprus.com\\\/de\\\/aktivitaten\\\/bowling-urlaub\\\/bowling-nachrichten\\\/atlantic-senior-vier-2025\\\/\"]}]},{\"@type\":\"ImageObject\",\"inLanguage\":\"de\",\"@id\":\"https:\\\/\\\/www.cbh-cyprus.com\\\/de\\\/aktivitaten\\\/bowling-urlaub\\\/bowling-nachrichten\\\/atlantic-senior-vier-2025\\\/#primaryimage\",\"url\":\"https:\\\/\\\/www.cbh-cyprus.com\\\/app\\\/uploads\\\/sites\\\/30\\\/2024\\\/03\\\/AUG2471-scaled.jpg\",\"contentUrl\":\"https:\\\/\\\/www.cbh-cyprus.com\\\/app\\\/uploads\\\/sites\\\/30\\\/2024\\\/03\\\/AUG2471-scaled.jpg\",\"width\":2560,\"height\":1704},{\"@type\":\"BreadcrumbList\",\"@id\":\"https:\\\/\\\/www.cbh-cyprus.com\\\/de\\\/aktivitaten\\\/bowling-urlaub\\\/bowling-nachrichten\\\/atlantic-senior-vier-2025\\\/#breadcrumb\",\"itemListElement\":[{\"@type\":\"ListItem\",\"position\":1,\"name\":\"Home\",\"item\":\"https:\\\/\\\/www.cbh-cyprus.com\\\/de\\\/willkommen-in-den-constantinou-bros-hotels\\\/\"},{\"@type\":\"ListItem\",\"position\":2,\"name\":\"Aktivit\u00e4ten\",\"item\":\"https:\\\/\\\/www.cbh-cyprus.com\\\/de\\\/aktivitaten\\\/\"},{\"@type\":\"ListItem\",\"position\":3,\"name\":\"Bowling Ferien\",\"item\":\"https:\\\/\\\/www.cbh-cyprus.com\\\/de\\\/aktivitaten\\\/bowling-urlaub\\\/\"},{\"@type\":\"ListItem\",\"position\":4,\"name\":\"Bowling Nachrichten\",\"item\":\"https:\\\/\\\/www.cbh-cyprus.com\\\/de\\\/aktivitaten\\\/bowling-urlaub\\\/bowling-nachrichten\\\/\"},{\"@type\":\"ListItem\",\"position\":5,\"name\":\"ATLANTIC SENIOR FOURS 2025\"}]},{\"@type\":\"WebSite\",\"@id\":\"https:\\\/\\\/www.cbh-cyprus.com\\\/de\\\/#website\",\"url\":\"https:\\\/\\\/www.cbh-cyprus.com\\\/de\\\/\",\"name\":\"Constantinou Bros Hotels\",\"description\":\"Constantinou Bros Hotels\",\"publisher\":{\"@id\":\"https:\\\/\\\/www.cbh-cyprus.com\\\/de\\\/#organization\"},\"potentialAction\":[{\"@type\":\"SearchAction\",\"target\":{\"@type\":\"EntryPoint\",\"urlTemplate\":\"https:\\\/\\\/www.cbh-cyprus.com\\\/de\\\/?s={search_term_string}\"},\"query-input\":{\"@type\":\"PropertyValueSpecification\",\"valueRequired\":true,\"valueName\":\"search_term_string\"}}],\"inLanguage\":\"de\"},{\"@type\":\"Organization\",\"@id\":\"https:\\\/\\\/www.cbh-cyprus.com\\\/de\\\/#organization\",\"name\":\"Constantinou Bros Hotels\",\"url\":\"https:\\\/\\\/www.cbh-cyprus.com\\\/de\\\/\",\"logo\":{\"@type\":\"ImageObject\",\"inLanguage\":\"de\",\"@id\":\"https:\\\/\\\/www.cbh-cyprus.com\\\/de\\\/#\\\/schema\\\/logo\\\/image\\\/\",\"url\":\"https:\\\/\\\/www.cbh-cyprus.com\\\/app\\\/uploads\\\/sites\\\/30\\\/2020\\\/10\\\/cbh.jpg\",\"contentUrl\":\"https:\\\/\\\/www.cbh-cyprus.com\\\/app\\\/uploads\\\/sites\\\/30\\\/2020\\\/10\\\/cbh.jpg\",\"width\":1013,\"height\":419,\"caption\":\"Constantinou Bros Hotels\"},\"image\":{\"@id\":\"https:\\\/\\\/www.cbh-cyprus.com\\\/de\\\/#\\\/schema\\\/logo\\\/image\\\/\"}}]}<\/script>\n<!-- \/ Yoast SEO plugin. -->","yoast_head_json":{"title":"ATLANTIC SENIOR FOURS 2025 - Constantinou Bros Hotels","robots":{"index":"index","follow":"follow","max-snippet":"max-snippet:-1","max-image-preview":"max-image-preview:large","max-video-preview":"max-video-preview:-1"},"canonical":"https:\/\/www.cbh-cyprus.com\/de\/aktivitaten\/bowling-urlaub\/bowling-nachrichten\/atlantic-senior-vier-2025\/","og_locale":"de_DE","og_type":"article","og_title":"ATLANTIC SENIOR FOURS 2025 - Constantinou Bros Hotels","og_description":"Bowls Cyprus in Zusammenarbeit mit Constantinou Bros Hotels freut sich, bekannt zu geben, dass sie die Veranstaltung vom 1. bis 12. Dezember 2025 erneut ausrichten werden. F\u00fcr weitere Informationen, klicken Sie bitte auf den folgenden Link: Atlantic Senior Vierer Wir gehen davon aus, dass nach dem sehr erfolgreichen Atlantic Senior Fours 2023 mit der Teilnahme","og_url":"https:\/\/www.cbh-cyprus.com\/de\/aktivitaten\/bowling-urlaub\/bowling-nachrichten\/atlantic-senior-vier-2025\/","og_site_name":"Constantinou Bros Hotels","article_modified_time":"2025-05-20T06:36:31+00:00","og_image":[{"width":2560,"height":1704,"url":"https:\/\/www.cbh-cyprus.com\/app\/uploads\/sites\/30\/2024\/03\/AUG2471-scaled.jpg","type":"image\/jpeg"}],"twitter_card":"summary_large_image","twitter_misc":{"Gesch\u00e4tzte Lesezeit":"1\u00a0Minute"},"schema":{"@context":"https:\/\/schema.org","@graph":[{"@type":"WebPage","@id":"https:\/\/www.cbh-cyprus.com\/de\/aktivitaten\/bowling-urlaub\/bowling-nachrichten\/atlantic-senior-vier-2025\/","url":"https:\/\/www.cbh-cyprus.com\/de\/aktivitaten\/bowling-urlaub\/bowling-nachrichten\/atlantic-senior-vier-2025\/","name":"ATLANTIC SENIOR FOURS 2025 - Constantinou Bros Hotels","isPartOf":{"@id":"https:\/\/www.cbh-cyprus.com\/de\/#website"},"primaryImageOfPage":{"@id":"https:\/\/www.cbh-cyprus.com\/de\/aktivitaten\/bowling-urlaub\/bowling-nachrichten\/atlantic-senior-vier-2025\/#primaryimage"},"image":{"@id":"https:\/\/www.cbh-cyprus.com\/de\/aktivitaten\/bowling-urlaub\/bowling-nachrichten\/atlantic-senior-vier-2025\/#primaryimage"},"thumbnailUrl":"https:\/\/www.cbh-cyprus.com\/app\/uploads\/sites\/30\/2024\/03\/AUG2471-scaled.jpg","datePublished":"2024-03-01T12:22:23+00:00","dateModified":"2025-05-20T06:36:31+00:00","breadcrumb":{"@id":"https:\/\/www.cbh-cyprus.com\/de\/aktivitaten\/bowling-urlaub\/bowling-nachrichten\/atlantic-senior-vier-2025\/#breadcrumb"},"inLanguage":"de","potentialAction":[{"@type":"ReadAction","target":["https:\/\/www.cbh-cyprus.com\/de\/aktivitaten\/bowling-urlaub\/bowling-nachrichten\/atlantic-senior-vier-2025\/"]}]},{"@type":"ImageObject","inLanguage":"de","@id":"https:\/\/www.cbh-cyprus.com\/de\/aktivitaten\/bowling-urlaub\/bowling-nachrichten\/atlantic-senior-vier-2025\/#primaryimage","url":"https:\/\/www.cbh-cyprus.com\/app\/uploads\/sites\/30\/2024\/03\/AUG2471-scaled.jpg","contentUrl":"https:\/\/www.cbh-cyprus.com\/app\/uploads\/sites\/30\/2024\/03\/AUG2471-scaled.jpg","width":2560,"height":1704},{"@type":"BreadcrumbList","@id":"https:\/\/www.cbh-cyprus.com\/de\/aktivitaten\/bowling-urlaub\/bowling-nachrichten\/atlantic-senior-vier-2025\/#breadcrumb","itemListElement":[{"@type":"ListItem","position":1,"name":"Home","item":"https:\/\/www.cbh-cyprus.com\/de\/willkommen-in-den-constantinou-bros-hotels\/"},{"@type":"ListItem","position":2,"name":"Aktivit\u00e4ten","item":"https:\/\/www.cbh-cyprus.com\/de\/aktivitaten\/"},{"@type":"ListItem","position":3,"name":"Bowling Ferien","item":"https:\/\/www.cbh-cyprus.com\/de\/aktivitaten\/bowling-urlaub\/"},{"@type":"ListItem","position":4,"name":"Bowling Nachrichten","item":"https:\/\/www.cbh-cyprus.com\/de\/aktivitaten\/bowling-urlaub\/bowling-nachrichten\/"},{"@type":"ListItem","position":5,"name":"ATLANTIC SENIOR FOURS 2025"}]},{"@type":"WebSite","@id":"https:\/\/www.cbh-cyprus.com\/de\/#website","url":"https:\/\/www.cbh-cyprus.com\/de\/","name":"Constantinou Bros Hotels","description":"Constantinou Bros Hotels","publisher":{"@id":"https:\/\/www.cbh-cyprus.com\/de\/#organization"},"potentialAction":[{"@type":"SearchAction","target":{"@type":"EntryPoint","urlTemplate":"https:\/\/www.cbh-cyprus.com\/de\/?s={search_term_string}"},"query-input":{"@type":"PropertyValueSpecification","valueRequired":true,"valueName":"search_term_string"}}],"inLanguage":"de"},{"@type":"Organization","@id":"https:\/\/www.cbh-cyprus.com\/de\/#organization","name":"Constantinou Bros Hotels","url":"https:\/\/www.cbh-cyprus.com\/de\/","logo":{"@type":"ImageObject","inLanguage":"de","@id":"https:\/\/www.cbh-cyprus.com\/de\/#\/schema\/logo\/image\/","url":"https:\/\/www.cbh-cyprus.com\/app\/uploads\/sites\/30\/2020\/10\/cbh.jpg","contentUrl":"https:\/\/www.cbh-cyprus.com\/app\/uploads\/sites\/30\/2020\/10\/cbh.jpg","width":1013,"height":419,"caption":"Constantinou Bros Hotels"},"image":{"@id":"https:\/\/www.cbh-cyprus.com\/de\/#\/schema\/logo\/image\/"}}]}},"_links":{"self":[{"href":"https:\/\/www.cbh-cyprus.com\/de\/wp-json\/wp\/v2\/pages\/35805","targetHints":{"allow":["GET"]}}],"collection":[{"href":"https:\/\/www.cbh-cyprus.com\/de\/wp-json\/wp\/v2\/pages"}],"about":[{"href":"https:\/\/www.cbh-cyprus.com\/de\/wp-json\/wp\/v2\/types\/page"}],"author":[{"embeddable":true,"href":"https:\/\/www.cbh-cyprus.com\/de\/wp-json\/wp\/v2\/users\/100"}],"replies":[{"embeddable":true,"href":"https:\/\/www.cbh-cyprus.com\/de\/wp-json\/wp\/v2\/comments?post=35805"}],"version-history":[{"count":8,"href":"https:\/\/www.cbh-cyprus.com\/de\/wp-json\/wp\/v2\/pages\/35805\/revisions"}],"predecessor-version":[{"id":44381,"href":"https:\/\/www.cbh-cyprus.com\/de\/wp-json\/wp\/v2\/pages\/35805\/revisions\/44381"}],"up":[{"embeddable":true,"href":"https:\/\/www.cbh-cyprus.com\/de\/wp-json\/wp\/v2\/pages\/2850"}],"wp:featuredmedia":[{"embeddable":true,"href":"https:\/\/www.cbh-cyprus.com\/de\/wp-json\/wp\/v2\/media\/35795"}],"wp:attachment":[{"href":"https:\/\/www.cbh-cyprus.com\/de\/wp-json\/wp\/v2\/media?parent=35805"}],"curies":[{"name":"wp","href":"https:\/\/api.w.org\/{rel}","templated":true}]}}