{"id":36850,"date":"2024-07-23T12:14:03","date_gmt":"2024-07-23T09:14:03","guid":{"rendered":"https:\/\/www.cbh-cyprus.com\/athena-beach-hotel-2\/"},"modified":"2025-08-04T15:14:07","modified_gmt":"2025-08-04T12:14:07","slug":"athena-beach-hotel-2","status":"publish","type":"page","link":"https:\/\/www.cbh-cyprus.com\/de\/athena-beach-hotel-2\/","title":{"rendered":"Athena Beach Hotel"},"content":{"rendered":"<h1>Ein luxuri\u00f6ses Strandhotel in Paphos mit 5-Sterne-Service<\/h1>\n<p><span style=\"background-color: var(--bs-body-bg); color: var(--bs-body-color); font-family: var(--bs-body-font-family); font-size: var(--bs-body-font-size); font-weight: var(--bs-body-font-weight); text-align: var(--bs-body-text-align);\">Das k\u00fcrzlich renovierte Constantinou Bros Athena Beach Hotel ist sehr stolz darauf, seinen G\u00e4sten einen hervorragenden Standard an Service und Komfort zu bieten. Die erstklassige Lage unseres Luxushotels am Strand von Paphos erm\u00f6glicht es unseren G\u00e4sten, das Beste aus beiden Welten zu genie\u00dfen: zauberhafte Spazierg\u00e4nge am Strand und zum malerischen Hafen sowie die N\u00e4he zu arch\u00e4ologischen St\u00e4tten, Gesch\u00e4ften und dem pulsierenden Nachtleben.<\/span> Dieses Luxushotel am Strand von Paphos ist ein 4-Sterne-Haus mit 5-Sterne-Einrichtungen und -Serviceleistungen. Es liegt direkt am schimmernden Strand und bietet ein aufregendes Erlebnis f\u00fcr alle Altersgruppen. Es ist sowohl f\u00fcr Familien als auch f\u00fcr erwachsene G\u00e4ste geeignet und verf\u00fcgt \u00fcber eine speziell ausgewiesene Zone der Ruhe und Entspannung nur f\u00fcr Erwachsene. Das Hotel bietet Aktivurlaube wie Tanzen, Bowling und Radfahren an, w\u00e4hrend wellnessorientierte G\u00e4ste sich im Spa verw\u00f6hnen lassen oder an Aktivit\u00e4ten teilnehmen k\u00f6nnen, um sich zu entspannen. Auch die Kinder k\u00f6nnen sich in den verschiedenen Kindereinrichtungen austoben, darunter die aufregenden Wasserrutschen von Oasis Splash. Entscheiden Sie sich f\u00fcr Ultra All-Inclusive, um eine breite Palette an M\u00f6glichkeiten zu nutzen und w\u00e4hrend Ihres Aufenthalts grenzenlose Erfahrungen zu sammeln.<\/p>\n","protected":false},"excerpt":{"rendered":"<p>Ein luxuri\u00f6ses Strandhotel in Paphos mit 5-Sterne-Service Das k\u00fcrzlich renovierte Constantinou Bros Athena Beach Hotel ist sehr stolz darauf, seinen G\u00e4sten einen hervorragenden Standard an Service und Komfort zu bieten. Die erstklassige Lage unseres Luxushotels am Strand von Paphos erm\u00f6glicht es unseren G\u00e4sten, das Beste aus beiden Welten zu genie\u00dfen: zauberhafte Spazierg\u00e4nge am Strand und<\/p>\n","protected":false},"author":367,"featured_media":34768,"parent":0,"menu_order":0,"comment_status":"closed","ping_status":"closed","template":"","meta":{"_acf_changed":false,"footnotes":""},"class_list":["post-36850","page","type-page","status-publish","has-post-thumbnail","hentry"],"acf":[],"yoast_head":"<!-- This site is optimized with the Yoast SEO plugin v27.3 - https:\/\/yoast.com\/product\/yoast-seo-wordpress\/ -->\n<title>Athena Beachfront Luxushotel in Paphos | Constantinou Bros<\/title>\n<meta name=\"description\" content=\"Ein atemberaubendes Luxushotel am Strand von Paphos, Zypern, das sowohl Familien als auch Paare willkommen hei\u00dft und Aktivit\u00e4ten f\u00fcr beide anbietet sowie einen speziellen Bereich f\u00fcr Erwachsene hat.\" \/>\n<meta name=\"robots\" content=\"index, follow, max-snippet:-1, max-image-preview:large, max-video-preview:-1\" \/>\n<link rel=\"canonical\" href=\"https:\/\/www.cbh-cyprus.com\/de\/athena-beach-hotel-2\/\" \/>\n<meta property=\"og:locale\" content=\"de_DE\" \/>\n<meta property=\"og:type\" content=\"article\" \/>\n<meta property=\"og:title\" content=\"Athena Beachfront Luxushotel in Paphos | Constantinou Bros\" \/>\n<meta property=\"og:description\" content=\"Ein atemberaubendes Luxushotel am Strand von Paphos, Zypern, das sowohl Familien als auch Paare willkommen hei\u00dft und Aktivit\u00e4ten f\u00fcr beide anbietet sowie einen speziellen Bereich f\u00fcr Erwachsene hat.\" \/>\n<meta property=\"og:url\" content=\"https:\/\/www.cbh-cyprus.com\/de\/athena-beach-hotel-2\/\" \/>\n<meta property=\"og:site_name\" content=\"Constantinou Bros Hotels\" \/>\n<meta property=\"article:modified_time\" content=\"2025-08-04T12:14:07+00:00\" \/>\n<meta property=\"og:image\" content=\"https:\/\/www.cbh-cyprus.com\/app\/uploads\/sites\/30\/2023\/08\/1-ATHENA-BEACH-HOTEL-scaled-1.jpg\" \/>\n\t<meta property=\"og:image:width\" content=\"2560\" \/>\n\t<meta property=\"og:image:height\" content=\"1552\" \/>\n\t<meta property=\"og:image:type\" content=\"image\/jpeg\" \/>\n<meta name=\"twitter:card\" content=\"summary_large_image\" \/>\n<meta name=\"twitter:label1\" content=\"Gesch\u00e4tzte Lesezeit\" \/>\n\t<meta name=\"twitter:data1\" content=\"2\u00a0Minuten\" \/>\n<script type=\"application\/ld+json\" class=\"yoast-schema-graph\">{\"@context\":\"https:\\\/\\\/schema.org\",\"@graph\":[{\"@type\":\"WebPage\",\"@id\":\"https:\\\/\\\/www.cbh-cyprus.com\\\/de\\\/athena-beach-hotel-2\\\/\",\"url\":\"https:\\\/\\\/www.cbh-cyprus.com\\\/de\\\/athena-beach-hotel-2\\\/\",\"name\":\"Athena Beachfront Luxushotel in Paphos | Constantinou Bros\",\"isPartOf\":{\"@id\":\"https:\\\/\\\/www.cbh-cyprus.com\\\/de\\\/#website\"},\"primaryImageOfPage\":{\"@id\":\"https:\\\/\\\/www.cbh-cyprus.com\\\/de\\\/athena-beach-hotel-2\\\/#primaryimage\"},\"image\":{\"@id\":\"https:\\\/\\\/www.cbh-cyprus.com\\\/de\\\/athena-beach-hotel-2\\\/#primaryimage\"},\"thumbnailUrl\":\"https:\\\/\\\/www.cbh-cyprus.com\\\/app\\\/uploads\\\/sites\\\/30\\\/2023\\\/08\\\/1-ATHENA-BEACH-HOTEL-scaled-1.jpg\",\"datePublished\":\"2024-07-23T09:14:03+00:00\",\"dateModified\":\"2025-08-04T12:14:07+00:00\",\"description\":\"Ein atemberaubendes Luxushotel am Strand von Paphos, Zypern, das sowohl Familien als auch Paare willkommen hei\u00dft und Aktivit\u00e4ten f\u00fcr beide anbietet sowie einen speziellen Bereich f\u00fcr Erwachsene hat.\",\"breadcrumb\":{\"@id\":\"https:\\\/\\\/www.cbh-cyprus.com\\\/de\\\/athena-beach-hotel-2\\\/#breadcrumb\"},\"inLanguage\":\"de\",\"potentialAction\":[{\"@type\":\"ReadAction\",\"target\":[\"https:\\\/\\\/www.cbh-cyprus.com\\\/de\\\/athena-beach-hotel-2\\\/\"]}]},{\"@type\":\"ImageObject\",\"inLanguage\":\"de\",\"@id\":\"https:\\\/\\\/www.cbh-cyprus.com\\\/de\\\/athena-beach-hotel-2\\\/#primaryimage\",\"url\":\"https:\\\/\\\/www.cbh-cyprus.com\\\/app\\\/uploads\\\/sites\\\/30\\\/2023\\\/08\\\/1-ATHENA-BEACH-HOTEL-scaled-1.jpg\",\"contentUrl\":\"https:\\\/\\\/www.cbh-cyprus.com\\\/app\\\/uploads\\\/sites\\\/30\\\/2023\\\/08\\\/1-ATHENA-BEACH-HOTEL-scaled-1.jpg\",\"width\":2560,\"height\":1552},{\"@type\":\"BreadcrumbList\",\"@id\":\"https:\\\/\\\/www.cbh-cyprus.com\\\/de\\\/athena-beach-hotel-2\\\/#breadcrumb\",\"itemListElement\":[{\"@type\":\"ListItem\",\"position\":1,\"name\":\"Home\",\"item\":\"https:\\\/\\\/www.cbh-cyprus.com\\\/de\\\/willkommen-in-den-constantinou-bros-hotels\\\/\"},{\"@type\":\"ListItem\",\"position\":2,\"name\":\"Athena Beach Hotel\"}]},{\"@type\":\"WebSite\",\"@id\":\"https:\\\/\\\/www.cbh-cyprus.com\\\/de\\\/#website\",\"url\":\"https:\\\/\\\/www.cbh-cyprus.com\\\/de\\\/\",\"name\":\"Constantinou Bros Hotels\",\"description\":\"Constantinou Bros Hotels\",\"publisher\":{\"@id\":\"https:\\\/\\\/www.cbh-cyprus.com\\\/de\\\/#organization\"},\"potentialAction\":[{\"@type\":\"SearchAction\",\"target\":{\"@type\":\"EntryPoint\",\"urlTemplate\":\"https:\\\/\\\/www.cbh-cyprus.com\\\/de\\\/?s={search_term_string}\"},\"query-input\":{\"@type\":\"PropertyValueSpecification\",\"valueRequired\":true,\"valueName\":\"search_term_string\"}}],\"inLanguage\":\"de\"},{\"@type\":\"Organization\",\"@id\":\"https:\\\/\\\/www.cbh-cyprus.com\\\/de\\\/#organization\",\"name\":\"Constantinou Bros Hotels\",\"url\":\"https:\\\/\\\/www.cbh-cyprus.com\\\/de\\\/\",\"logo\":{\"@type\":\"ImageObject\",\"inLanguage\":\"de\",\"@id\":\"https:\\\/\\\/www.cbh-cyprus.com\\\/de\\\/#\\\/schema\\\/logo\\\/image\\\/\",\"url\":\"https:\\\/\\\/www.cbh-cyprus.com\\\/app\\\/uploads\\\/sites\\\/30\\\/2020\\\/10\\\/cbh.jpg\",\"contentUrl\":\"https:\\\/\\\/www.cbh-cyprus.com\\\/app\\\/uploads\\\/sites\\\/30\\\/2020\\\/10\\\/cbh.jpg\",\"width\":1013,\"height\":419,\"caption\":\"Constantinou Bros Hotels\"},\"image\":{\"@id\":\"https:\\\/\\\/www.cbh-cyprus.com\\\/de\\\/#\\\/schema\\\/logo\\\/image\\\/\"}}]}<\/script>\n<!-- \/ Yoast SEO plugin. -->","yoast_head_json":{"title":"Athena Beachfront Luxushotel in Paphos | Constantinou Bros","description":"Ein atemberaubendes Luxushotel am Strand von Paphos, Zypern, das sowohl Familien als auch Paare willkommen hei\u00dft und Aktivit\u00e4ten f\u00fcr beide anbietet sowie einen speziellen Bereich f\u00fcr Erwachsene hat.","robots":{"index":"index","follow":"follow","max-snippet":"max-snippet:-1","max-image-preview":"max-image-preview:large","max-video-preview":"max-video-preview:-1"},"canonical":"https:\/\/www.cbh-cyprus.com\/de\/athena-beach-hotel-2\/","og_locale":"de_DE","og_type":"article","og_title":"Athena Beachfront Luxushotel in Paphos | Constantinou Bros","og_description":"Ein atemberaubendes Luxushotel am Strand von Paphos, Zypern, das sowohl Familien als auch Paare willkommen hei\u00dft und Aktivit\u00e4ten f\u00fcr beide anbietet sowie einen speziellen Bereich f\u00fcr Erwachsene hat.","og_url":"https:\/\/www.cbh-cyprus.com\/de\/athena-beach-hotel-2\/","og_site_name":"Constantinou Bros Hotels","article_modified_time":"2025-08-04T12:14:07+00:00","og_image":[{"width":2560,"height":1552,"url":"https:\/\/www.cbh-cyprus.com\/app\/uploads\/sites\/30\/2023\/08\/1-ATHENA-BEACH-HOTEL-scaled-1.jpg","type":"image\/jpeg"}],"twitter_card":"summary_large_image","twitter_misc":{"Gesch\u00e4tzte Lesezeit":"2\u00a0Minuten"},"schema":{"@context":"https:\/\/schema.org","@graph":[{"@type":"WebPage","@id":"https:\/\/www.cbh-cyprus.com\/de\/athena-beach-hotel-2\/","url":"https:\/\/www.cbh-cyprus.com\/de\/athena-beach-hotel-2\/","name":"Athena Beachfront Luxushotel in Paphos | Constantinou Bros","isPartOf":{"@id":"https:\/\/www.cbh-cyprus.com\/de\/#website"},"primaryImageOfPage":{"@id":"https:\/\/www.cbh-cyprus.com\/de\/athena-beach-hotel-2\/#primaryimage"},"image":{"@id":"https:\/\/www.cbh-cyprus.com\/de\/athena-beach-hotel-2\/#primaryimage"},"thumbnailUrl":"https:\/\/www.cbh-cyprus.com\/app\/uploads\/sites\/30\/2023\/08\/1-ATHENA-BEACH-HOTEL-scaled-1.jpg","datePublished":"2024-07-23T09:14:03+00:00","dateModified":"2025-08-04T12:14:07+00:00","description":"Ein atemberaubendes Luxushotel am Strand von Paphos, Zypern, das sowohl Familien als auch Paare willkommen hei\u00dft und Aktivit\u00e4ten f\u00fcr beide anbietet sowie einen speziellen Bereich f\u00fcr Erwachsene hat.","breadcrumb":{"@id":"https:\/\/www.cbh-cyprus.com\/de\/athena-beach-hotel-2\/#breadcrumb"},"inLanguage":"de","potentialAction":[{"@type":"ReadAction","target":["https:\/\/www.cbh-cyprus.com\/de\/athena-beach-hotel-2\/"]}]},{"@type":"ImageObject","inLanguage":"de","@id":"https:\/\/www.cbh-cyprus.com\/de\/athena-beach-hotel-2\/#primaryimage","url":"https:\/\/www.cbh-cyprus.com\/app\/uploads\/sites\/30\/2023\/08\/1-ATHENA-BEACH-HOTEL-scaled-1.jpg","contentUrl":"https:\/\/www.cbh-cyprus.com\/app\/uploads\/sites\/30\/2023\/08\/1-ATHENA-BEACH-HOTEL-scaled-1.jpg","width":2560,"height":1552},{"@type":"BreadcrumbList","@id":"https:\/\/www.cbh-cyprus.com\/de\/athena-beach-hotel-2\/#breadcrumb","itemListElement":[{"@type":"ListItem","position":1,"name":"Home","item":"https:\/\/www.cbh-cyprus.com\/de\/willkommen-in-den-constantinou-bros-hotels\/"},{"@type":"ListItem","position":2,"name":"Athena Beach Hotel"}]},{"@type":"WebSite","@id":"https:\/\/www.cbh-cyprus.com\/de\/#website","url":"https:\/\/www.cbh-cyprus.com\/de\/","name":"Constantinou Bros Hotels","description":"Constantinou Bros Hotels","publisher":{"@id":"https:\/\/www.cbh-cyprus.com\/de\/#organization"},"potentialAction":[{"@type":"SearchAction","target":{"@type":"EntryPoint","urlTemplate":"https:\/\/www.cbh-cyprus.com\/de\/?s={search_term_string}"},"query-input":{"@type":"PropertyValueSpecification","valueRequired":true,"valueName":"search_term_string"}}],"inLanguage":"de"},{"@type":"Organization","@id":"https:\/\/www.cbh-cyprus.com\/de\/#organization","name":"Constantinou Bros Hotels","url":"https:\/\/www.cbh-cyprus.com\/de\/","logo":{"@type":"ImageObject","inLanguage":"de","@id":"https:\/\/www.cbh-cyprus.com\/de\/#\/schema\/logo\/image\/","url":"https:\/\/www.cbh-cyprus.com\/app\/uploads\/sites\/30\/2020\/10\/cbh.jpg","contentUrl":"https:\/\/www.cbh-cyprus.com\/app\/uploads\/sites\/30\/2020\/10\/cbh.jpg","width":1013,"height":419,"caption":"Constantinou Bros Hotels"},"image":{"@id":"https:\/\/www.cbh-cyprus.com\/de\/#\/schema\/logo\/image\/"}}]}},"_links":{"self":[{"href":"https:\/\/www.cbh-cyprus.com\/de\/wp-json\/wp\/v2\/pages\/36850","targetHints":{"allow":["GET"]}}],"collection":[{"href":"https:\/\/www.cbh-cyprus.com\/de\/wp-json\/wp\/v2\/pages"}],"about":[{"href":"https:\/\/www.cbh-cyprus.com\/de\/wp-json\/wp\/v2\/types\/page"}],"author":[{"embeddable":true,"href":"https:\/\/www.cbh-cyprus.com\/de\/wp-json\/wp\/v2\/users\/367"}],"replies":[{"embeddable":true,"href":"https:\/\/www.cbh-cyprus.com\/de\/wp-json\/wp\/v2\/comments?post=36850"}],"version-history":[{"count":3,"href":"https:\/\/www.cbh-cyprus.com\/de\/wp-json\/wp\/v2\/pages\/36850\/revisions"}],"predecessor-version":[{"id":45884,"href":"https:\/\/www.cbh-cyprus.com\/de\/wp-json\/wp\/v2\/pages\/36850\/revisions\/45884"}],"wp:featuredmedia":[{"embeddable":true,"href":"https:\/\/www.cbh-cyprus.com\/de\/wp-json\/wp\/v2\/media\/34768"}],"wp:attachment":[{"href":"https:\/\/www.cbh-cyprus.com\/de\/wp-json\/wp\/v2\/media?parent=36850"}],"curies":[{"name":"wp","href":"https:\/\/api.w.org\/{rel}","templated":true}]}}