{"id":36873,"date":"2024-07-23T12:14:09","date_gmt":"2024-07-23T09:14:09","guid":{"rendered":"https:\/\/www.cbh-cyprus.com\/asimina-suites-hotel-paphos\/"},"modified":"2025-07-25T13:37:57","modified_gmt":"2025-07-25T10:37:57","slug":"asimina-suites-hotel-paphos","status":"publish","type":"page","link":"https:\/\/www.cbh-cyprus.com\/de\/asimina-suites-hotel-paphos\/","title":{"rendered":"Asimina Suites Hotel"},"content":{"rendered":"<h1>Ein luxuri\u00f6ses, auf Erwachsene ausgerichtetes 5-Sterne-Hotel in Paphos<\/h1>\n<p>Entdecken Sie einen ruhigen Zufluchtsort am Strand, der ausschlie\u00dflich f\u00fcr erwachsene G\u00e4ste bestimmt ist. Dieses exquisite 5-Sterne-Luxushotel in Paphos liegt direkt am Rande des azurblauen Wassers und umarmt die sandige K\u00fcste. Das Hotel befindet sich in einer ruhigen Umgebung und liegt in der N\u00e4he des Flughafens von Paphos, des Stadtzentrums, der Gesch\u00e4fte und des pulsierenden Nachtlebens. Ma\u00dfgeschneidert f\u00fcr Paare, Flitterw\u00f6chner und Wellness-Liebhaber ist jeder Aspekt dieses atemberaubenden R\u00fcckzugsortes darauf ausgerichtet, Sie zu verw\u00f6hnen. Vom luxuri\u00f6sen und intimen Spa \u00fcber ein voll ausgestattetes Fitnessstudio bis hin zu den k\u00f6stlichen kulinarischen Erlebnissen &#8211; genie\u00dfen Sie den ultimativen Genuss mit der Ultra-All-Inclusive-Option, die es Ihnen erm\u00f6glicht, jeden Moment in vollen Z\u00fcgen zu genie\u00dfen. Das Constantinou Bros Asimina Suites Hotel bietet ein luxuri\u00f6ses und exklusives Erlebnis, das sich speziell an Erwachsene richtet. Dieses 5-Sterne-Luxushotel in Paphos verf\u00fcgt \u00fcber ger\u00e4umige Suiten, einen privaten Sandstrand, einen beheizten Innenpool und zwei miteinander verbundene S\u00fc\u00dfwasser-Au\u00dfenpools. Einige Suiten verf\u00fcgen \u00fcber private Pools mit Holzdecks, w\u00e4hrend alle Suiten \u00fcber einen gro\u00dfen Balkon verf\u00fcgen. Was Sport- und Freizeitaktivit\u00e4ten betrifft, so gibt es einen Tennisplatz mit Flutlicht und ausgezeichnete Bowlinganlagen in den benachbarten Schwesterhotels.<\/p>\n","protected":false},"excerpt":{"rendered":"<p>Ein luxuri\u00f6ses, auf Erwachsene ausgerichtetes 5-Sterne-Hotel in Paphos Entdecken Sie einen ruhigen Zufluchtsort am Strand, der ausschlie\u00dflich f\u00fcr erwachsene G\u00e4ste bestimmt ist. Dieses exquisite 5-Sterne-Luxushotel in Paphos liegt direkt am Rande des azurblauen Wassers und umarmt die sandige K\u00fcste. Das Hotel befindet sich in einer ruhigen Umgebung und liegt in der N\u00e4he des Flughafens von<\/p>\n","protected":false},"author":367,"featured_media":43227,"parent":0,"menu_order":0,"comment_status":"closed","ping_status":"closed","template":"","meta":{"_acf_changed":false,"footnotes":""},"class_list":["post-36873","page","type-page","status-publish","has-post-thumbnail","hentry"],"acf":[],"yoast_head":"<!-- This site is optimized with the Yoast SEO plugin v27.3 - https:\/\/yoast.com\/product\/yoast-seo-wordpress\/ -->\n<title>Asimina Suites 5-Sterne-Luxushotel in Paphos | Constantinou Bros<\/title>\n<meta name=\"description\" content=\"Das Asimina Suites ist ein 5-Sterne-Luxushotel in Paphos, Zypern, mit sensationellen Einrichtungen. Es liegt direkt am Strand und ist ausschlie\u00dflich f\u00fcr Erwachsene bestimmt.\" \/>\n<meta name=\"robots\" content=\"index, follow, max-snippet:-1, max-image-preview:large, max-video-preview:-1\" \/>\n<link rel=\"canonical\" href=\"https:\/\/www.cbh-cyprus.com\/de\/asimina-suites-hotel-paphos\/\" \/>\n<meta property=\"og:locale\" content=\"de_DE\" \/>\n<meta property=\"og:type\" content=\"article\" \/>\n<meta property=\"og:title\" content=\"Asimina Suites 5-Sterne-Luxushotel in Paphos | Constantinou Bros\" \/>\n<meta property=\"og:description\" content=\"Das Asimina Suites ist ein 5-Sterne-Luxushotel in Paphos, Zypern, mit sensationellen Einrichtungen. Es liegt direkt am Strand und ist ausschlie\u00dflich f\u00fcr Erwachsene bestimmt.\" \/>\n<meta property=\"og:url\" content=\"https:\/\/www.cbh-cyprus.com\/de\/asimina-suites-hotel-paphos\/\" \/>\n<meta property=\"og:site_name\" content=\"Constantinou Bros Hotels\" \/>\n<meta property=\"article:modified_time\" content=\"2025-07-25T10:37:57+00:00\" \/>\n<meta property=\"og:image\" content=\"https:\/\/www.cbh-cyprus.com\/app\/uploads\/sites\/30\/2025\/01\/9-ASIMINA-SUITES-HOTEL-POOL-600x399.jpg\" \/>\n\t<meta property=\"og:image:width\" content=\"600\" \/>\n\t<meta property=\"og:image:height\" content=\"399\" \/>\n\t<meta property=\"og:image:type\" content=\"image\/jpeg\" \/>\n<meta name=\"twitter:card\" content=\"summary_large_image\" \/>\n<meta name=\"twitter:label1\" content=\"Gesch\u00e4tzte Lesezeit\" \/>\n\t<meta name=\"twitter:data1\" content=\"2\u00a0Minuten\" \/>\n<script type=\"application\/ld+json\" class=\"yoast-schema-graph\">{\"@context\":\"https:\\\/\\\/schema.org\",\"@graph\":[{\"@type\":\"WebPage\",\"@id\":\"https:\\\/\\\/www.cbh-cyprus.com\\\/de\\\/asimina-suites-hotel-paphos\\\/\",\"url\":\"https:\\\/\\\/www.cbh-cyprus.com\\\/de\\\/asimina-suites-hotel-paphos\\\/\",\"name\":\"Asimina Suites 5-Sterne-Luxushotel in Paphos | Constantinou Bros\",\"isPartOf\":{\"@id\":\"https:\\\/\\\/www.cbh-cyprus.com\\\/de\\\/#website\"},\"primaryImageOfPage\":{\"@id\":\"https:\\\/\\\/www.cbh-cyprus.com\\\/de\\\/asimina-suites-hotel-paphos\\\/#primaryimage\"},\"image\":{\"@id\":\"https:\\\/\\\/www.cbh-cyprus.com\\\/de\\\/asimina-suites-hotel-paphos\\\/#primaryimage\"},\"thumbnailUrl\":\"https:\\\/\\\/www.cbh-cyprus.com\\\/app\\\/uploads\\\/sites\\\/30\\\/2025\\\/01\\\/9-ASIMINA-SUITES-HOTEL-POOL-scaled.jpg\",\"datePublished\":\"2024-07-23T09:14:09+00:00\",\"dateModified\":\"2025-07-25T10:37:57+00:00\",\"description\":\"Das Asimina Suites ist ein 5-Sterne-Luxushotel in Paphos, Zypern, mit sensationellen Einrichtungen. Es liegt direkt am Strand und ist ausschlie\u00dflich f\u00fcr Erwachsene bestimmt.\",\"breadcrumb\":{\"@id\":\"https:\\\/\\\/www.cbh-cyprus.com\\\/de\\\/asimina-suites-hotel-paphos\\\/#breadcrumb\"},\"inLanguage\":\"de\",\"potentialAction\":[{\"@type\":\"ReadAction\",\"target\":[\"https:\\\/\\\/www.cbh-cyprus.com\\\/de\\\/asimina-suites-hotel-paphos\\\/\"]}]},{\"@type\":\"ImageObject\",\"inLanguage\":\"de\",\"@id\":\"https:\\\/\\\/www.cbh-cyprus.com\\\/de\\\/asimina-suites-hotel-paphos\\\/#primaryimage\",\"url\":\"https:\\\/\\\/www.cbh-cyprus.com\\\/app\\\/uploads\\\/sites\\\/30\\\/2025\\\/01\\\/9-ASIMINA-SUITES-HOTEL-POOL-scaled.jpg\",\"contentUrl\":\"https:\\\/\\\/www.cbh-cyprus.com\\\/app\\\/uploads\\\/sites\\\/30\\\/2025\\\/01\\\/9-ASIMINA-SUITES-HOTEL-POOL-scaled.jpg\",\"width\":2560,\"height\":1703,\"caption\":\"AUGUST\"},{\"@type\":\"BreadcrumbList\",\"@id\":\"https:\\\/\\\/www.cbh-cyprus.com\\\/de\\\/asimina-suites-hotel-paphos\\\/#breadcrumb\",\"itemListElement\":[{\"@type\":\"ListItem\",\"position\":1,\"name\":\"Home\",\"item\":\"https:\\\/\\\/www.cbh-cyprus.com\\\/de\\\/willkommen-in-den-constantinou-bros-hotels\\\/\"},{\"@type\":\"ListItem\",\"position\":2,\"name\":\"Asimina Suites Hotel\"}]},{\"@type\":\"WebSite\",\"@id\":\"https:\\\/\\\/www.cbh-cyprus.com\\\/de\\\/#website\",\"url\":\"https:\\\/\\\/www.cbh-cyprus.com\\\/de\\\/\",\"name\":\"Constantinou Bros Hotels\",\"description\":\"Constantinou Bros Hotels\",\"publisher\":{\"@id\":\"https:\\\/\\\/www.cbh-cyprus.com\\\/de\\\/#organization\"},\"potentialAction\":[{\"@type\":\"SearchAction\",\"target\":{\"@type\":\"EntryPoint\",\"urlTemplate\":\"https:\\\/\\\/www.cbh-cyprus.com\\\/de\\\/?s={search_term_string}\"},\"query-input\":{\"@type\":\"PropertyValueSpecification\",\"valueRequired\":true,\"valueName\":\"search_term_string\"}}],\"inLanguage\":\"de\"},{\"@type\":\"Organization\",\"@id\":\"https:\\\/\\\/www.cbh-cyprus.com\\\/de\\\/#organization\",\"name\":\"Constantinou Bros Hotels\",\"url\":\"https:\\\/\\\/www.cbh-cyprus.com\\\/de\\\/\",\"logo\":{\"@type\":\"ImageObject\",\"inLanguage\":\"de\",\"@id\":\"https:\\\/\\\/www.cbh-cyprus.com\\\/de\\\/#\\\/schema\\\/logo\\\/image\\\/\",\"url\":\"https:\\\/\\\/www.cbh-cyprus.com\\\/app\\\/uploads\\\/sites\\\/30\\\/2020\\\/10\\\/cbh.jpg\",\"contentUrl\":\"https:\\\/\\\/www.cbh-cyprus.com\\\/app\\\/uploads\\\/sites\\\/30\\\/2020\\\/10\\\/cbh.jpg\",\"width\":1013,\"height\":419,\"caption\":\"Constantinou Bros Hotels\"},\"image\":{\"@id\":\"https:\\\/\\\/www.cbh-cyprus.com\\\/de\\\/#\\\/schema\\\/logo\\\/image\\\/\"}}]}<\/script>\n<!-- \/ Yoast SEO plugin. -->","yoast_head_json":{"title":"Asimina Suites 5-Sterne-Luxushotel in Paphos | Constantinou Bros","description":"Das Asimina Suites ist ein 5-Sterne-Luxushotel in Paphos, Zypern, mit sensationellen Einrichtungen. Es liegt direkt am Strand und ist ausschlie\u00dflich f\u00fcr Erwachsene bestimmt.","robots":{"index":"index","follow":"follow","max-snippet":"max-snippet:-1","max-image-preview":"max-image-preview:large","max-video-preview":"max-video-preview:-1"},"canonical":"https:\/\/www.cbh-cyprus.com\/de\/asimina-suites-hotel-paphos\/","og_locale":"de_DE","og_type":"article","og_title":"Asimina Suites 5-Sterne-Luxushotel in Paphos | Constantinou Bros","og_description":"Das Asimina Suites ist ein 5-Sterne-Luxushotel in Paphos, Zypern, mit sensationellen Einrichtungen. Es liegt direkt am Strand und ist ausschlie\u00dflich f\u00fcr Erwachsene bestimmt.","og_url":"https:\/\/www.cbh-cyprus.com\/de\/asimina-suites-hotel-paphos\/","og_site_name":"Constantinou Bros Hotels","article_modified_time":"2025-07-25T10:37:57+00:00","og_image":[{"width":600,"height":399,"url":"https:\/\/www.cbh-cyprus.com\/app\/uploads\/sites\/30\/2025\/01\/9-ASIMINA-SUITES-HOTEL-POOL-600x399.jpg","type":"image\/jpeg"}],"twitter_card":"summary_large_image","twitter_misc":{"Gesch\u00e4tzte Lesezeit":"2\u00a0Minuten"},"schema":{"@context":"https:\/\/schema.org","@graph":[{"@type":"WebPage","@id":"https:\/\/www.cbh-cyprus.com\/de\/asimina-suites-hotel-paphos\/","url":"https:\/\/www.cbh-cyprus.com\/de\/asimina-suites-hotel-paphos\/","name":"Asimina Suites 5-Sterne-Luxushotel in Paphos | Constantinou Bros","isPartOf":{"@id":"https:\/\/www.cbh-cyprus.com\/de\/#website"},"primaryImageOfPage":{"@id":"https:\/\/www.cbh-cyprus.com\/de\/asimina-suites-hotel-paphos\/#primaryimage"},"image":{"@id":"https:\/\/www.cbh-cyprus.com\/de\/asimina-suites-hotel-paphos\/#primaryimage"},"thumbnailUrl":"https:\/\/www.cbh-cyprus.com\/app\/uploads\/sites\/30\/2025\/01\/9-ASIMINA-SUITES-HOTEL-POOL-scaled.jpg","datePublished":"2024-07-23T09:14:09+00:00","dateModified":"2025-07-25T10:37:57+00:00","description":"Das Asimina Suites ist ein 5-Sterne-Luxushotel in Paphos, Zypern, mit sensationellen Einrichtungen. Es liegt direkt am Strand und ist ausschlie\u00dflich f\u00fcr Erwachsene bestimmt.","breadcrumb":{"@id":"https:\/\/www.cbh-cyprus.com\/de\/asimina-suites-hotel-paphos\/#breadcrumb"},"inLanguage":"de","potentialAction":[{"@type":"ReadAction","target":["https:\/\/www.cbh-cyprus.com\/de\/asimina-suites-hotel-paphos\/"]}]},{"@type":"ImageObject","inLanguage":"de","@id":"https:\/\/www.cbh-cyprus.com\/de\/asimina-suites-hotel-paphos\/#primaryimage","url":"https:\/\/www.cbh-cyprus.com\/app\/uploads\/sites\/30\/2025\/01\/9-ASIMINA-SUITES-HOTEL-POOL-scaled.jpg","contentUrl":"https:\/\/www.cbh-cyprus.com\/app\/uploads\/sites\/30\/2025\/01\/9-ASIMINA-SUITES-HOTEL-POOL-scaled.jpg","width":2560,"height":1703,"caption":"AUGUST"},{"@type":"BreadcrumbList","@id":"https:\/\/www.cbh-cyprus.com\/de\/asimina-suites-hotel-paphos\/#breadcrumb","itemListElement":[{"@type":"ListItem","position":1,"name":"Home","item":"https:\/\/www.cbh-cyprus.com\/de\/willkommen-in-den-constantinou-bros-hotels\/"},{"@type":"ListItem","position":2,"name":"Asimina Suites Hotel"}]},{"@type":"WebSite","@id":"https:\/\/www.cbh-cyprus.com\/de\/#website","url":"https:\/\/www.cbh-cyprus.com\/de\/","name":"Constantinou Bros Hotels","description":"Constantinou Bros Hotels","publisher":{"@id":"https:\/\/www.cbh-cyprus.com\/de\/#organization"},"potentialAction":[{"@type":"SearchAction","target":{"@type":"EntryPoint","urlTemplate":"https:\/\/www.cbh-cyprus.com\/de\/?s={search_term_string}"},"query-input":{"@type":"PropertyValueSpecification","valueRequired":true,"valueName":"search_term_string"}}],"inLanguage":"de"},{"@type":"Organization","@id":"https:\/\/www.cbh-cyprus.com\/de\/#organization","name":"Constantinou Bros Hotels","url":"https:\/\/www.cbh-cyprus.com\/de\/","logo":{"@type":"ImageObject","inLanguage":"de","@id":"https:\/\/www.cbh-cyprus.com\/de\/#\/schema\/logo\/image\/","url":"https:\/\/www.cbh-cyprus.com\/app\/uploads\/sites\/30\/2020\/10\/cbh.jpg","contentUrl":"https:\/\/www.cbh-cyprus.com\/app\/uploads\/sites\/30\/2020\/10\/cbh.jpg","width":1013,"height":419,"caption":"Constantinou Bros Hotels"},"image":{"@id":"https:\/\/www.cbh-cyprus.com\/de\/#\/schema\/logo\/image\/"}}]}},"_links":{"self":[{"href":"https:\/\/www.cbh-cyprus.com\/de\/wp-json\/wp\/v2\/pages\/36873","targetHints":{"allow":["GET"]}}],"collection":[{"href":"https:\/\/www.cbh-cyprus.com\/de\/wp-json\/wp\/v2\/pages"}],"about":[{"href":"https:\/\/www.cbh-cyprus.com\/de\/wp-json\/wp\/v2\/types\/page"}],"author":[{"embeddable":true,"href":"https:\/\/www.cbh-cyprus.com\/de\/wp-json\/wp\/v2\/users\/367"}],"replies":[{"embeddable":true,"href":"https:\/\/www.cbh-cyprus.com\/de\/wp-json\/wp\/v2\/comments?post=36873"}],"version-history":[{"count":2,"href":"https:\/\/www.cbh-cyprus.com\/de\/wp-json\/wp\/v2\/pages\/36873\/revisions"}],"predecessor-version":[{"id":45749,"href":"https:\/\/www.cbh-cyprus.com\/de\/wp-json\/wp\/v2\/pages\/36873\/revisions\/45749"}],"wp:featuredmedia":[{"embeddable":true,"href":"https:\/\/www.cbh-cyprus.com\/de\/wp-json\/wp\/v2\/media\/43227"}],"wp:attachment":[{"href":"https:\/\/www.cbh-cyprus.com\/de\/wp-json\/wp\/v2\/media?parent=36873"}],"curies":[{"name":"wp","href":"https:\/\/api.w.org\/{rel}","templated":true}]}}