{"id":36874,"date":"2024-07-23T12:14:09","date_gmt":"2024-07-23T09:14:09","guid":{"rendered":"https:\/\/www.cbh-cyprus.com\/athena-royal\/"},"modified":"2025-07-25T13:43:43","modified_gmt":"2025-07-25T10:43:43","slug":"athena-royal","status":"publish","type":"page","link":"https:\/\/www.cbh-cyprus.com\/de\/athena-royal\/","title":{"rendered":"Athena Royal Beach Hotel"},"content":{"rendered":"<h1>Ein Luxushotel direkt am Strand nur f\u00fcr Erwachsene in Paphos<\/h1>\n<p>Erleben Sie einen unvergesslichen Aufenthalt in unserem atemberaubenden Luxushotel am Strand von Paphos nur f\u00fcr Erwachsene. Das Constantinou Bros Athena Royal Beach Hotel ist der ideale Ort f\u00fcr Paare und Flitterw\u00f6chner, die eine romantische Flucht suchen, sowie f\u00fcr Gruppen von Freunden, die das Abenteuer suchen. Dieses Hotel bietet eine perfekte Mischung aus Aufregung und Entspannung. Freuen Sie sich auf verschiedene Einrichtungen wie einen Tennisplatz mit Flutlicht und einen gr\u00fcnen Bocciaplatz mit 24 Bahnen, die Sie anregen und entspannen werden. Genie\u00dfen Sie exquisite kulinarische Erlebnisse bei den verschiedenen Themenabenden des Hotels, und f\u00fcr einen Hauch von Romantik genie\u00dfen Sie ein Abendessen bei Kerzenschein. Wellness bekommt eine neue Bedeutung in der verj\u00fcngenden Spa-Anlage mit beheiztem Pool, Saunen, Dampfbad, einem gut ausgestatteten Fitnessraum und einem professionellen Friseursalon. Mit der M\u00f6glichkeit, sich f\u00fcr das Ultra All-Inclusive-Erlebnis zu entscheiden, garantiert Ihr Aufenthalt in unserem Luxushotel am Strand von Paphos nur f\u00fcr Erwachsene einen bemerkenswerten 4-Sterne-Urlaub.<\/p>\n<p>&nbsp;<\/p>\n","protected":false},"excerpt":{"rendered":"<p>Ein Luxushotel direkt am Strand nur f\u00fcr Erwachsene in Paphos Erleben Sie einen unvergesslichen Aufenthalt in unserem atemberaubenden Luxushotel am Strand von Paphos nur f\u00fcr Erwachsene. Das Constantinou Bros Athena Royal Beach Hotel ist der ideale Ort f\u00fcr Paare und Flitterw\u00f6chner, die eine romantische Flucht suchen, sowie f\u00fcr Gruppen von Freunden, die das Abenteuer suchen.<\/p>\n","protected":false},"author":367,"featured_media":43220,"parent":0,"menu_order":0,"comment_status":"closed","ping_status":"closed","template":"","meta":{"_acf_changed":false,"footnotes":""},"class_list":["post-36874","page","type-page","status-publish","has-post-thumbnail","hentry"],"acf":[],"yoast_head":"<!-- This site is optimized with the Yoast SEO plugin v27.3 - https:\/\/yoast.com\/product\/yoast-seo-wordpress\/ -->\n<title>Athena Royal Paphos Luxushotel direkt am Strand nur f\u00fcr Erwachsene<\/title>\n<meta name=\"description\" content=\"Das Athena Royal Beach by Constantinou Bros Hotels ist ein Luxushotel am Strand von Paphos, das sich ideal f\u00fcr Paare und Flitterw\u00f6chner eignet und nur Erwachsenen vorbehalten ist.\" \/>\n<meta name=\"robots\" content=\"index, follow, max-snippet:-1, max-image-preview:large, max-video-preview:-1\" \/>\n<link rel=\"canonical\" href=\"https:\/\/www.cbh-cyprus.com\/de\/athena-royal\/\" \/>\n<meta property=\"og:locale\" content=\"de_DE\" \/>\n<meta property=\"og:type\" content=\"article\" \/>\n<meta property=\"og:title\" content=\"Athena Royal Paphos Luxushotel direkt am Strand nur f\u00fcr Erwachsene\" \/>\n<meta property=\"og:description\" content=\"Das Athena Royal Beach by Constantinou Bros Hotels ist ein Luxushotel am Strand von Paphos, das sich ideal f\u00fcr Paare und Flitterw\u00f6chner eignet und nur Erwachsenen vorbehalten ist.\" \/>\n<meta property=\"og:url\" content=\"https:\/\/www.cbh-cyprus.com\/de\/athena-royal\/\" \/>\n<meta property=\"og:site_name\" content=\"Constantinou Bros Hotels\" \/>\n<meta property=\"article:modified_time\" content=\"2025-07-25T10:43:43+00:00\" \/>\n<meta property=\"og:image\" content=\"https:\/\/www.cbh-cyprus.com\/app\/uploads\/sites\/30\/2025\/01\/1-ATHENA-ROYAL-BEACH-HOTEL-EXTERIOR-VIEW-600x399.jpg\" \/>\n\t<meta property=\"og:image:width\" content=\"600\" \/>\n\t<meta property=\"og:image:height\" content=\"399\" \/>\n\t<meta property=\"og:image:type\" content=\"image\/jpeg\" \/>\n<meta name=\"twitter:card\" content=\"summary_large_image\" \/>\n<meta name=\"twitter:label1\" content=\"Gesch\u00e4tzte Lesezeit\" \/>\n\t<meta name=\"twitter:data1\" content=\"1\u00a0Minute\" \/>\n<script type=\"application\/ld+json\" class=\"yoast-schema-graph\">{\"@context\":\"https:\\\/\\\/schema.org\",\"@graph\":[{\"@type\":\"WebPage\",\"@id\":\"https:\\\/\\\/www.cbh-cyprus.com\\\/de\\\/athena-royal\\\/\",\"url\":\"https:\\\/\\\/www.cbh-cyprus.com\\\/de\\\/athena-royal\\\/\",\"name\":\"Athena Royal Paphos Luxushotel direkt am Strand nur f\u00fcr Erwachsene\",\"isPartOf\":{\"@id\":\"https:\\\/\\\/www.cbh-cyprus.com\\\/de\\\/#website\"},\"primaryImageOfPage\":{\"@id\":\"https:\\\/\\\/www.cbh-cyprus.com\\\/de\\\/athena-royal\\\/#primaryimage\"},\"image\":{\"@id\":\"https:\\\/\\\/www.cbh-cyprus.com\\\/de\\\/athena-royal\\\/#primaryimage\"},\"thumbnailUrl\":\"https:\\\/\\\/www.cbh-cyprus.com\\\/app\\\/uploads\\\/sites\\\/30\\\/2025\\\/01\\\/1-ATHENA-ROYAL-BEACH-HOTEL-EXTERIOR-VIEW-scaled.jpg\",\"datePublished\":\"2024-07-23T09:14:09+00:00\",\"dateModified\":\"2025-07-25T10:43:43+00:00\",\"description\":\"Das Athena Royal Beach by Constantinou Bros Hotels ist ein Luxushotel am Strand von Paphos, das sich ideal f\u00fcr Paare und Flitterw\u00f6chner eignet und nur Erwachsenen vorbehalten ist.\",\"breadcrumb\":{\"@id\":\"https:\\\/\\\/www.cbh-cyprus.com\\\/de\\\/athena-royal\\\/#breadcrumb\"},\"inLanguage\":\"de\",\"potentialAction\":[{\"@type\":\"ReadAction\",\"target\":[\"https:\\\/\\\/www.cbh-cyprus.com\\\/de\\\/athena-royal\\\/\"]}]},{\"@type\":\"ImageObject\",\"inLanguage\":\"de\",\"@id\":\"https:\\\/\\\/www.cbh-cyprus.com\\\/de\\\/athena-royal\\\/#primaryimage\",\"url\":\"https:\\\/\\\/www.cbh-cyprus.com\\\/app\\\/uploads\\\/sites\\\/30\\\/2025\\\/01\\\/1-ATHENA-ROYAL-BEACH-HOTEL-EXTERIOR-VIEW-scaled.jpg\",\"contentUrl\":\"https:\\\/\\\/www.cbh-cyprus.com\\\/app\\\/uploads\\\/sites\\\/30\\\/2025\\\/01\\\/1-ATHENA-ROYAL-BEACH-HOTEL-EXTERIOR-VIEW-scaled.jpg\",\"width\":2560,\"height\":1703,\"caption\":\"Zakros\"},{\"@type\":\"BreadcrumbList\",\"@id\":\"https:\\\/\\\/www.cbh-cyprus.com\\\/de\\\/athena-royal\\\/#breadcrumb\",\"itemListElement\":[{\"@type\":\"ListItem\",\"position\":1,\"name\":\"Home\",\"item\":\"https:\\\/\\\/www.cbh-cyprus.com\\\/de\\\/willkommen-in-den-constantinou-bros-hotels\\\/\"},{\"@type\":\"ListItem\",\"position\":2,\"name\":\"Athena Royal Beach Hotel\"}]},{\"@type\":\"WebSite\",\"@id\":\"https:\\\/\\\/www.cbh-cyprus.com\\\/de\\\/#website\",\"url\":\"https:\\\/\\\/www.cbh-cyprus.com\\\/de\\\/\",\"name\":\"Constantinou Bros Hotels\",\"description\":\"Constantinou Bros Hotels\",\"publisher\":{\"@id\":\"https:\\\/\\\/www.cbh-cyprus.com\\\/de\\\/#organization\"},\"potentialAction\":[{\"@type\":\"SearchAction\",\"target\":{\"@type\":\"EntryPoint\",\"urlTemplate\":\"https:\\\/\\\/www.cbh-cyprus.com\\\/de\\\/?s={search_term_string}\"},\"query-input\":{\"@type\":\"PropertyValueSpecification\",\"valueRequired\":true,\"valueName\":\"search_term_string\"}}],\"inLanguage\":\"de\"},{\"@type\":\"Organization\",\"@id\":\"https:\\\/\\\/www.cbh-cyprus.com\\\/de\\\/#organization\",\"name\":\"Constantinou Bros Hotels\",\"url\":\"https:\\\/\\\/www.cbh-cyprus.com\\\/de\\\/\",\"logo\":{\"@type\":\"ImageObject\",\"inLanguage\":\"de\",\"@id\":\"https:\\\/\\\/www.cbh-cyprus.com\\\/de\\\/#\\\/schema\\\/logo\\\/image\\\/\",\"url\":\"https:\\\/\\\/www.cbh-cyprus.com\\\/app\\\/uploads\\\/sites\\\/30\\\/2020\\\/10\\\/cbh.jpg\",\"contentUrl\":\"https:\\\/\\\/www.cbh-cyprus.com\\\/app\\\/uploads\\\/sites\\\/30\\\/2020\\\/10\\\/cbh.jpg\",\"width\":1013,\"height\":419,\"caption\":\"Constantinou Bros Hotels\"},\"image\":{\"@id\":\"https:\\\/\\\/www.cbh-cyprus.com\\\/de\\\/#\\\/schema\\\/logo\\\/image\\\/\"}}]}<\/script>\n<!-- \/ Yoast SEO plugin. -->","yoast_head_json":{"title":"Athena Royal Paphos Luxushotel direkt am Strand nur f\u00fcr Erwachsene","description":"Das Athena Royal Beach by Constantinou Bros Hotels ist ein Luxushotel am Strand von Paphos, das sich ideal f\u00fcr Paare und Flitterw\u00f6chner eignet und nur Erwachsenen vorbehalten ist.","robots":{"index":"index","follow":"follow","max-snippet":"max-snippet:-1","max-image-preview":"max-image-preview:large","max-video-preview":"max-video-preview:-1"},"canonical":"https:\/\/www.cbh-cyprus.com\/de\/athena-royal\/","og_locale":"de_DE","og_type":"article","og_title":"Athena Royal Paphos Luxushotel direkt am Strand nur f\u00fcr Erwachsene","og_description":"Das Athena Royal Beach by Constantinou Bros Hotels ist ein Luxushotel am Strand von Paphos, das sich ideal f\u00fcr Paare und Flitterw\u00f6chner eignet und nur Erwachsenen vorbehalten ist.","og_url":"https:\/\/www.cbh-cyprus.com\/de\/athena-royal\/","og_site_name":"Constantinou Bros Hotels","article_modified_time":"2025-07-25T10:43:43+00:00","og_image":[{"width":600,"height":399,"url":"https:\/\/www.cbh-cyprus.com\/app\/uploads\/sites\/30\/2025\/01\/1-ATHENA-ROYAL-BEACH-HOTEL-EXTERIOR-VIEW-600x399.jpg","type":"image\/jpeg"}],"twitter_card":"summary_large_image","twitter_misc":{"Gesch\u00e4tzte Lesezeit":"1\u00a0Minute"},"schema":{"@context":"https:\/\/schema.org","@graph":[{"@type":"WebPage","@id":"https:\/\/www.cbh-cyprus.com\/de\/athena-royal\/","url":"https:\/\/www.cbh-cyprus.com\/de\/athena-royal\/","name":"Athena Royal Paphos Luxushotel direkt am Strand nur f\u00fcr Erwachsene","isPartOf":{"@id":"https:\/\/www.cbh-cyprus.com\/de\/#website"},"primaryImageOfPage":{"@id":"https:\/\/www.cbh-cyprus.com\/de\/athena-royal\/#primaryimage"},"image":{"@id":"https:\/\/www.cbh-cyprus.com\/de\/athena-royal\/#primaryimage"},"thumbnailUrl":"https:\/\/www.cbh-cyprus.com\/app\/uploads\/sites\/30\/2025\/01\/1-ATHENA-ROYAL-BEACH-HOTEL-EXTERIOR-VIEW-scaled.jpg","datePublished":"2024-07-23T09:14:09+00:00","dateModified":"2025-07-25T10:43:43+00:00","description":"Das Athena Royal Beach by Constantinou Bros Hotels ist ein Luxushotel am Strand von Paphos, das sich ideal f\u00fcr Paare und Flitterw\u00f6chner eignet und nur Erwachsenen vorbehalten ist.","breadcrumb":{"@id":"https:\/\/www.cbh-cyprus.com\/de\/athena-royal\/#breadcrumb"},"inLanguage":"de","potentialAction":[{"@type":"ReadAction","target":["https:\/\/www.cbh-cyprus.com\/de\/athena-royal\/"]}]},{"@type":"ImageObject","inLanguage":"de","@id":"https:\/\/www.cbh-cyprus.com\/de\/athena-royal\/#primaryimage","url":"https:\/\/www.cbh-cyprus.com\/app\/uploads\/sites\/30\/2025\/01\/1-ATHENA-ROYAL-BEACH-HOTEL-EXTERIOR-VIEW-scaled.jpg","contentUrl":"https:\/\/www.cbh-cyprus.com\/app\/uploads\/sites\/30\/2025\/01\/1-ATHENA-ROYAL-BEACH-HOTEL-EXTERIOR-VIEW-scaled.jpg","width":2560,"height":1703,"caption":"Zakros"},{"@type":"BreadcrumbList","@id":"https:\/\/www.cbh-cyprus.com\/de\/athena-royal\/#breadcrumb","itemListElement":[{"@type":"ListItem","position":1,"name":"Home","item":"https:\/\/www.cbh-cyprus.com\/de\/willkommen-in-den-constantinou-bros-hotels\/"},{"@type":"ListItem","position":2,"name":"Athena Royal Beach Hotel"}]},{"@type":"WebSite","@id":"https:\/\/www.cbh-cyprus.com\/de\/#website","url":"https:\/\/www.cbh-cyprus.com\/de\/","name":"Constantinou Bros Hotels","description":"Constantinou Bros Hotels","publisher":{"@id":"https:\/\/www.cbh-cyprus.com\/de\/#organization"},"potentialAction":[{"@type":"SearchAction","target":{"@type":"EntryPoint","urlTemplate":"https:\/\/www.cbh-cyprus.com\/de\/?s={search_term_string}"},"query-input":{"@type":"PropertyValueSpecification","valueRequired":true,"valueName":"search_term_string"}}],"inLanguage":"de"},{"@type":"Organization","@id":"https:\/\/www.cbh-cyprus.com\/de\/#organization","name":"Constantinou Bros Hotels","url":"https:\/\/www.cbh-cyprus.com\/de\/","logo":{"@type":"ImageObject","inLanguage":"de","@id":"https:\/\/www.cbh-cyprus.com\/de\/#\/schema\/logo\/image\/","url":"https:\/\/www.cbh-cyprus.com\/app\/uploads\/sites\/30\/2020\/10\/cbh.jpg","contentUrl":"https:\/\/www.cbh-cyprus.com\/app\/uploads\/sites\/30\/2020\/10\/cbh.jpg","width":1013,"height":419,"caption":"Constantinou Bros Hotels"},"image":{"@id":"https:\/\/www.cbh-cyprus.com\/de\/#\/schema\/logo\/image\/"}}]}},"_links":{"self":[{"href":"https:\/\/www.cbh-cyprus.com\/de\/wp-json\/wp\/v2\/pages\/36874","targetHints":{"allow":["GET"]}}],"collection":[{"href":"https:\/\/www.cbh-cyprus.com\/de\/wp-json\/wp\/v2\/pages"}],"about":[{"href":"https:\/\/www.cbh-cyprus.com\/de\/wp-json\/wp\/v2\/types\/page"}],"author":[{"embeddable":true,"href":"https:\/\/www.cbh-cyprus.com\/de\/wp-json\/wp\/v2\/users\/367"}],"replies":[{"embeddable":true,"href":"https:\/\/www.cbh-cyprus.com\/de\/wp-json\/wp\/v2\/comments?post=36874"}],"version-history":[{"count":2,"href":"https:\/\/www.cbh-cyprus.com\/de\/wp-json\/wp\/v2\/pages\/36874\/revisions"}],"predecessor-version":[{"id":45766,"href":"https:\/\/www.cbh-cyprus.com\/de\/wp-json\/wp\/v2\/pages\/36874\/revisions\/45766"}],"wp:featuredmedia":[{"embeddable":true,"href":"https:\/\/www.cbh-cyprus.com\/de\/wp-json\/wp\/v2\/media\/43220"}],"wp:attachment":[{"href":"https:\/\/www.cbh-cyprus.com\/de\/wp-json\/wp\/v2\/media?parent=36874"}],"curies":[{"name":"wp","href":"https:\/\/api.w.org\/{rel}","templated":true}]}}