{"id":36892,"date":"2024-07-23T12:14:15","date_gmt":"2024-07-23T09:14:15","guid":{"rendered":"https:\/\/www.cbh-cyprus.com\/pionier-hotel\/"},"modified":"2025-07-25T13:49:45","modified_gmt":"2025-07-25T10:49:45","slug":"pionier-hotel","status":"publish","type":"page","link":"https:\/\/www.cbh-cyprus.com\/de\/pionier-hotel\/","title":{"rendered":"Pioneer Beach Hotel"},"content":{"rendered":"<h1>Ein auf Erwachsene ausgerichtetes Vier-Sterne-Hotel am Strand von Paphos<\/h1>\n<p>Treten Sie ein in ein sensationelles 4-Sterne-Hotel in Paphos nur f\u00fcr Erwachsene, in dem der Schwerpunkt auf Wellness und Fitness liegt. Das Constantinou Bros Pioneer Beach Hotel bietet seinen erwachsenen G\u00e4sten eine breite Palette an M\u00f6glichkeiten, sich verw\u00f6hnen zu lassen. Sportbegeisterte werden sich \u00fcber die Kurzmatten-Bowlinganlage, den Green Bowls-Platz im Freien und den Tennisplatz mit Flutlicht freuen. Nach einem aufregenden Tag k\u00f6nnen Sie im Spa zur Ruhe kommen und den Abend mit einem feinen Essen in den Restaurants oder einem noch romantischeren Abendessen bei Kerzenschein ausklingen lassen. Jedes Zimmer in unserem Paphos Hotel nur f\u00fcr Erwachsene verf\u00fcgt \u00fcber einen ger\u00e4umigen Balkon, der einen faszinierenden Blick auf das Mittelmeer oder die friedliche Landschaft der Umgebung bietet. G\u00e4ste ausgew\u00e4hlter Zimmertypen haben au\u00dferdem das Privileg, kostenlos eine private Cabana und Sonnenliegen f\u00fcr zus\u00e4tzliche Entspannung und Komfort zu nutzen. F\u00fcr das ultimative Erlebnis nehmen Sie alles mit der Ultra All-Inclusive-Option.<\/p>\n","protected":false},"excerpt":{"rendered":"<p>Ein auf Erwachsene ausgerichtetes Vier-Sterne-Hotel am Strand von Paphos Treten Sie ein in ein sensationelles 4-Sterne-Hotel in Paphos nur f\u00fcr Erwachsene, in dem der Schwerpunkt auf Wellness und Fitness liegt. Das Constantinou Bros Pioneer Beach Hotel bietet seinen erwachsenen G\u00e4sten eine breite Palette an M\u00f6glichkeiten, sich verw\u00f6hnen zu lassen. Sportbegeisterte werden sich \u00fcber die Kurzmatten-Bowlinganlage,<\/p>\n","protected":false},"author":367,"featured_media":34851,"parent":0,"menu_order":0,"comment_status":"closed","ping_status":"closed","template":"","meta":{"_acf_changed":false,"footnotes":""},"class_list":["post-36892","page","type-page","status-publish","has-post-thumbnail","hentry"],"acf":[],"yoast_head":"<!-- This site is optimized with the Yoast SEO plugin v27.3 - https:\/\/yoast.com\/product\/yoast-seo-wordpress\/ -->\n<title>Pioneer Beach Paphos Hotel nur f\u00fcr Erwachsene | Constantinou Bros<\/title>\n<meta name=\"description\" content=\"Dieses reizvolle Hotel am Strand von Paphos nur f\u00fcr Erwachsene bietet seinen G\u00e4sten eine Reihe von Erlebnissen und Aktivit\u00e4ten f\u00fcr Freizeit und Wellness.\" \/>\n<meta name=\"robots\" content=\"index, follow, max-snippet:-1, max-image-preview:large, max-video-preview:-1\" \/>\n<link rel=\"canonical\" href=\"https:\/\/www.cbh-cyprus.com\/de\/pionier-hotel\/\" \/>\n<meta property=\"og:locale\" content=\"de_DE\" \/>\n<meta property=\"og:type\" content=\"article\" \/>\n<meta property=\"og:title\" content=\"Pioneer Beach Paphos Hotel nur f\u00fcr Erwachsene | Constantinou Bros\" \/>\n<meta property=\"og:description\" content=\"Dieses reizvolle Hotel am Strand von Paphos nur f\u00fcr Erwachsene bietet seinen G\u00e4sten eine Reihe von Erlebnissen und Aktivit\u00e4ten f\u00fcr Freizeit und Wellness.\" \/>\n<meta property=\"og:url\" content=\"https:\/\/www.cbh-cyprus.com\/de\/pionier-hotel\/\" \/>\n<meta property=\"og:site_name\" content=\"Constantinou Bros Hotels\" \/>\n<meta property=\"article:modified_time\" content=\"2025-07-25T10:49:45+00:00\" \/>\n<meta property=\"og:image\" content=\"https:\/\/www.cbh-cyprus.com\/app\/uploads\/sites\/30\/2023\/08\/11-PIONEER-BEACH-HOTEL-THALASSA-MEDITERRANEAN-RESTAURANT.jpg\" \/>\n\t<meta property=\"og:image:width\" content=\"1200\" \/>\n\t<meta property=\"og:image:height\" content=\"798\" \/>\n\t<meta property=\"og:image:type\" content=\"image\/jpeg\" \/>\n<meta name=\"twitter:card\" content=\"summary_large_image\" \/>\n<meta name=\"twitter:label1\" content=\"Gesch\u00e4tzte Lesezeit\" \/>\n\t<meta name=\"twitter:data1\" content=\"1\u00a0Minute\" \/>\n<script type=\"application\/ld+json\" class=\"yoast-schema-graph\">{\"@context\":\"https:\\\/\\\/schema.org\",\"@graph\":[{\"@type\":\"WebPage\",\"@id\":\"https:\\\/\\\/www.cbh-cyprus.com\\\/de\\\/pionier-hotel\\\/\",\"url\":\"https:\\\/\\\/www.cbh-cyprus.com\\\/de\\\/pionier-hotel\\\/\",\"name\":\"Pioneer Beach Paphos Hotel nur f\u00fcr Erwachsene | Constantinou Bros\",\"isPartOf\":{\"@id\":\"https:\\\/\\\/www.cbh-cyprus.com\\\/de\\\/#website\"},\"primaryImageOfPage\":{\"@id\":\"https:\\\/\\\/www.cbh-cyprus.com\\\/de\\\/pionier-hotel\\\/#primaryimage\"},\"image\":{\"@id\":\"https:\\\/\\\/www.cbh-cyprus.com\\\/de\\\/pionier-hotel\\\/#primaryimage\"},\"thumbnailUrl\":\"https:\\\/\\\/www.cbh-cyprus.com\\\/app\\\/uploads\\\/sites\\\/30\\\/2023\\\/08\\\/11-PIONEER-BEACH-HOTEL-THALASSA-MEDITERRANEAN-RESTAURANT.jpg\",\"datePublished\":\"2024-07-23T09:14:15+00:00\",\"dateModified\":\"2025-07-25T10:49:45+00:00\",\"description\":\"Dieses reizvolle Hotel am Strand von Paphos nur f\u00fcr Erwachsene bietet seinen G\u00e4sten eine Reihe von Erlebnissen und Aktivit\u00e4ten f\u00fcr Freizeit und Wellness.\",\"breadcrumb\":{\"@id\":\"https:\\\/\\\/www.cbh-cyprus.com\\\/de\\\/pionier-hotel\\\/#breadcrumb\"},\"inLanguage\":\"de\",\"potentialAction\":[{\"@type\":\"ReadAction\",\"target\":[\"https:\\\/\\\/www.cbh-cyprus.com\\\/de\\\/pionier-hotel\\\/\"]}]},{\"@type\":\"ImageObject\",\"inLanguage\":\"de\",\"@id\":\"https:\\\/\\\/www.cbh-cyprus.com\\\/de\\\/pionier-hotel\\\/#primaryimage\",\"url\":\"https:\\\/\\\/www.cbh-cyprus.com\\\/app\\\/uploads\\\/sites\\\/30\\\/2023\\\/08\\\/11-PIONEER-BEACH-HOTEL-THALASSA-MEDITERRANEAN-RESTAURANT.jpg\",\"contentUrl\":\"https:\\\/\\\/www.cbh-cyprus.com\\\/app\\\/uploads\\\/sites\\\/30\\\/2023\\\/08\\\/11-PIONEER-BEACH-HOTEL-THALASSA-MEDITERRANEAN-RESTAURANT.jpg\",\"width\":1200,\"height\":798},{\"@type\":\"BreadcrumbList\",\"@id\":\"https:\\\/\\\/www.cbh-cyprus.com\\\/de\\\/pionier-hotel\\\/#breadcrumb\",\"itemListElement\":[{\"@type\":\"ListItem\",\"position\":1,\"name\":\"Home\",\"item\":\"https:\\\/\\\/www.cbh-cyprus.com\\\/de\\\/willkommen-in-den-constantinou-bros-hotels\\\/\"},{\"@type\":\"ListItem\",\"position\":2,\"name\":\"Pioneer Beach Hotel\"}]},{\"@type\":\"WebSite\",\"@id\":\"https:\\\/\\\/www.cbh-cyprus.com\\\/de\\\/#website\",\"url\":\"https:\\\/\\\/www.cbh-cyprus.com\\\/de\\\/\",\"name\":\"Constantinou Bros Hotels\",\"description\":\"Constantinou Bros Hotels\",\"publisher\":{\"@id\":\"https:\\\/\\\/www.cbh-cyprus.com\\\/de\\\/#organization\"},\"potentialAction\":[{\"@type\":\"SearchAction\",\"target\":{\"@type\":\"EntryPoint\",\"urlTemplate\":\"https:\\\/\\\/www.cbh-cyprus.com\\\/de\\\/?s={search_term_string}\"},\"query-input\":{\"@type\":\"PropertyValueSpecification\",\"valueRequired\":true,\"valueName\":\"search_term_string\"}}],\"inLanguage\":\"de\"},{\"@type\":\"Organization\",\"@id\":\"https:\\\/\\\/www.cbh-cyprus.com\\\/de\\\/#organization\",\"name\":\"Constantinou Bros Hotels\",\"url\":\"https:\\\/\\\/www.cbh-cyprus.com\\\/de\\\/\",\"logo\":{\"@type\":\"ImageObject\",\"inLanguage\":\"de\",\"@id\":\"https:\\\/\\\/www.cbh-cyprus.com\\\/de\\\/#\\\/schema\\\/logo\\\/image\\\/\",\"url\":\"https:\\\/\\\/www.cbh-cyprus.com\\\/app\\\/uploads\\\/sites\\\/30\\\/2020\\\/10\\\/cbh.jpg\",\"contentUrl\":\"https:\\\/\\\/www.cbh-cyprus.com\\\/app\\\/uploads\\\/sites\\\/30\\\/2020\\\/10\\\/cbh.jpg\",\"width\":1013,\"height\":419,\"caption\":\"Constantinou Bros Hotels\"},\"image\":{\"@id\":\"https:\\\/\\\/www.cbh-cyprus.com\\\/de\\\/#\\\/schema\\\/logo\\\/image\\\/\"}}]}<\/script>\n<!-- \/ Yoast SEO plugin. -->","yoast_head_json":{"title":"Pioneer Beach Paphos Hotel nur f\u00fcr Erwachsene | Constantinou Bros","description":"Dieses reizvolle Hotel am Strand von Paphos nur f\u00fcr Erwachsene bietet seinen G\u00e4sten eine Reihe von Erlebnissen und Aktivit\u00e4ten f\u00fcr Freizeit und Wellness.","robots":{"index":"index","follow":"follow","max-snippet":"max-snippet:-1","max-image-preview":"max-image-preview:large","max-video-preview":"max-video-preview:-1"},"canonical":"https:\/\/www.cbh-cyprus.com\/de\/pionier-hotel\/","og_locale":"de_DE","og_type":"article","og_title":"Pioneer Beach Paphos Hotel nur f\u00fcr Erwachsene | Constantinou Bros","og_description":"Dieses reizvolle Hotel am Strand von Paphos nur f\u00fcr Erwachsene bietet seinen G\u00e4sten eine Reihe von Erlebnissen und Aktivit\u00e4ten f\u00fcr Freizeit und Wellness.","og_url":"https:\/\/www.cbh-cyprus.com\/de\/pionier-hotel\/","og_site_name":"Constantinou Bros Hotels","article_modified_time":"2025-07-25T10:49:45+00:00","og_image":[{"width":1200,"height":798,"url":"https:\/\/www.cbh-cyprus.com\/app\/uploads\/sites\/30\/2023\/08\/11-PIONEER-BEACH-HOTEL-THALASSA-MEDITERRANEAN-RESTAURANT.jpg","type":"image\/jpeg"}],"twitter_card":"summary_large_image","twitter_misc":{"Gesch\u00e4tzte Lesezeit":"1\u00a0Minute"},"schema":{"@context":"https:\/\/schema.org","@graph":[{"@type":"WebPage","@id":"https:\/\/www.cbh-cyprus.com\/de\/pionier-hotel\/","url":"https:\/\/www.cbh-cyprus.com\/de\/pionier-hotel\/","name":"Pioneer Beach Paphos Hotel nur f\u00fcr Erwachsene | Constantinou Bros","isPartOf":{"@id":"https:\/\/www.cbh-cyprus.com\/de\/#website"},"primaryImageOfPage":{"@id":"https:\/\/www.cbh-cyprus.com\/de\/pionier-hotel\/#primaryimage"},"image":{"@id":"https:\/\/www.cbh-cyprus.com\/de\/pionier-hotel\/#primaryimage"},"thumbnailUrl":"https:\/\/www.cbh-cyprus.com\/app\/uploads\/sites\/30\/2023\/08\/11-PIONEER-BEACH-HOTEL-THALASSA-MEDITERRANEAN-RESTAURANT.jpg","datePublished":"2024-07-23T09:14:15+00:00","dateModified":"2025-07-25T10:49:45+00:00","description":"Dieses reizvolle Hotel am Strand von Paphos nur f\u00fcr Erwachsene bietet seinen G\u00e4sten eine Reihe von Erlebnissen und Aktivit\u00e4ten f\u00fcr Freizeit und Wellness.","breadcrumb":{"@id":"https:\/\/www.cbh-cyprus.com\/de\/pionier-hotel\/#breadcrumb"},"inLanguage":"de","potentialAction":[{"@type":"ReadAction","target":["https:\/\/www.cbh-cyprus.com\/de\/pionier-hotel\/"]}]},{"@type":"ImageObject","inLanguage":"de","@id":"https:\/\/www.cbh-cyprus.com\/de\/pionier-hotel\/#primaryimage","url":"https:\/\/www.cbh-cyprus.com\/app\/uploads\/sites\/30\/2023\/08\/11-PIONEER-BEACH-HOTEL-THALASSA-MEDITERRANEAN-RESTAURANT.jpg","contentUrl":"https:\/\/www.cbh-cyprus.com\/app\/uploads\/sites\/30\/2023\/08\/11-PIONEER-BEACH-HOTEL-THALASSA-MEDITERRANEAN-RESTAURANT.jpg","width":1200,"height":798},{"@type":"BreadcrumbList","@id":"https:\/\/www.cbh-cyprus.com\/de\/pionier-hotel\/#breadcrumb","itemListElement":[{"@type":"ListItem","position":1,"name":"Home","item":"https:\/\/www.cbh-cyprus.com\/de\/willkommen-in-den-constantinou-bros-hotels\/"},{"@type":"ListItem","position":2,"name":"Pioneer Beach Hotel"}]},{"@type":"WebSite","@id":"https:\/\/www.cbh-cyprus.com\/de\/#website","url":"https:\/\/www.cbh-cyprus.com\/de\/","name":"Constantinou Bros Hotels","description":"Constantinou Bros Hotels","publisher":{"@id":"https:\/\/www.cbh-cyprus.com\/de\/#organization"},"potentialAction":[{"@type":"SearchAction","target":{"@type":"EntryPoint","urlTemplate":"https:\/\/www.cbh-cyprus.com\/de\/?s={search_term_string}"},"query-input":{"@type":"PropertyValueSpecification","valueRequired":true,"valueName":"search_term_string"}}],"inLanguage":"de"},{"@type":"Organization","@id":"https:\/\/www.cbh-cyprus.com\/de\/#organization","name":"Constantinou Bros Hotels","url":"https:\/\/www.cbh-cyprus.com\/de\/","logo":{"@type":"ImageObject","inLanguage":"de","@id":"https:\/\/www.cbh-cyprus.com\/de\/#\/schema\/logo\/image\/","url":"https:\/\/www.cbh-cyprus.com\/app\/uploads\/sites\/30\/2020\/10\/cbh.jpg","contentUrl":"https:\/\/www.cbh-cyprus.com\/app\/uploads\/sites\/30\/2020\/10\/cbh.jpg","width":1013,"height":419,"caption":"Constantinou Bros Hotels"},"image":{"@id":"https:\/\/www.cbh-cyprus.com\/de\/#\/schema\/logo\/image\/"}}]}},"_links":{"self":[{"href":"https:\/\/www.cbh-cyprus.com\/de\/wp-json\/wp\/v2\/pages\/36892","targetHints":{"allow":["GET"]}}],"collection":[{"href":"https:\/\/www.cbh-cyprus.com\/de\/wp-json\/wp\/v2\/pages"}],"about":[{"href":"https:\/\/www.cbh-cyprus.com\/de\/wp-json\/wp\/v2\/types\/page"}],"author":[{"embeddable":true,"href":"https:\/\/www.cbh-cyprus.com\/de\/wp-json\/wp\/v2\/users\/367"}],"replies":[{"embeddable":true,"href":"https:\/\/www.cbh-cyprus.com\/de\/wp-json\/wp\/v2\/comments?post=36892"}],"version-history":[{"count":2,"href":"https:\/\/www.cbh-cyprus.com\/de\/wp-json\/wp\/v2\/pages\/36892\/revisions"}],"predecessor-version":[{"id":45786,"href":"https:\/\/www.cbh-cyprus.com\/de\/wp-json\/wp\/v2\/pages\/36892\/revisions\/45786"}],"wp:featuredmedia":[{"embeddable":true,"href":"https:\/\/www.cbh-cyprus.com\/de\/wp-json\/wp\/v2\/media\/34851"}],"wp:attachment":[{"href":"https:\/\/www.cbh-cyprus.com\/de\/wp-json\/wp\/v2\/media?parent=36892"}],"curies":[{"name":"wp","href":"https:\/\/api.w.org\/{rel}","templated":true}]}}