{"id":37208,"date":"2024-07-23T12:17:16","date_gmt":"2024-07-23T09:17:16","guid":{"rendered":"https:\/\/www.cbh-cyprus.com\/zypern-aphrodite-half-marathon\/"},"modified":"2024-09-13T11:59:00","modified_gmt":"2024-09-13T08:59:00","slug":"zypern-aphrodite-half-marathon","status":"publish","type":"page","link":"https:\/\/www.cbh-cyprus.com\/de\/zypern-aphrodite-half-marathon\/","title":{"rendered":"Zypern Aphrodite Halbmarathon"},"content":{"rendered":"<div class=\"entry-content small-size mt-3 mb-0 maxw-lg-1024 px-3 px-xl-0 mx-auto\">\n<p style=\"text-align: center;\">Auch in diesem Jahr sind die Constantinou Bros Hotels stolz darauf, eine unterst\u00fctzende Rolle bei diesem herausragenden Sportereignis zu spielen.<br \/>\nWir betrachten es als gro\u00dfe Ehre, dem Cyprus Aphrodite Half Marathon angeschlossen zu sein, und wir freuen uns darauf, die L\u00e4ufer auf ihrem Weg durch die historische K\u00fcstenstadt Paphos, dem legend\u00e4ren Geburtsort der G\u00f6ttin Aphrodite, anzufeuern.<br \/>\nDie Beziehung zwischen Constantinou Bros Hotels und dem Aphrodite Halbmarathon begann im Jahr 2008 und seitdem setzt das Unternehmen sein Engagement als stolzer Sponsor fort.  <\/p>\n<p style=\"text-align: center;\">Mehr als 600 L\u00e4ufer werden zum diesj\u00e4hrigen Marathon am 22. November 2015 erwartet.<br \/>\nEs handelt sich um eine sehr gut organisierte Veranstaltung, die einen Halbmarathon, einen 5km-Spa\u00dflauf, eine Pasta-Pasta und ein Gala-Dinner im renommierten Constantinou Bros Athena Beach Hotel umfasst.<br \/>\nDas Constantinou Bros Athena Beach Hotel bietet eine atemberaubende Lage direkt am Strand und ist eine ideale Wahl als Basis f\u00fcr den Zypern-Marathon mit einfachem Zugang zu historischen und kulturellen Sehensw\u00fcrdigkeiten.  <\/p>\n<\/div>\n","protected":false},"excerpt":{"rendered":"<p>Auch in diesem Jahr sind die Constantinou Bros Hotels stolz darauf, eine unterst\u00fctzende Rolle bei diesem herausragenden Sportereignis zu spielen. Wir betrachten es als gro\u00dfe Ehre, dem Cyprus Aphrodite Half Marathon angeschlossen zu sein, und wir freuen uns darauf, die L\u00e4ufer auf ihrem Weg durch die historische K\u00fcstenstadt Paphos, dem legend\u00e4ren Geburtsort der G\u00f6ttin Aphrodite,<\/p>\n","protected":false},"author":100,"featured_media":5623,"parent":0,"menu_order":0,"comment_status":"closed","ping_status":"closed","template":"","meta":{"_acf_changed":false,"footnotes":""},"class_list":["post-37208","page","type-page","status-publish","has-post-thumbnail","hentry"],"acf":[],"yoast_head":"<!-- This site is optimized with the Yoast SEO plugin v27.3 - https:\/\/yoast.com\/product\/yoast-seo-wordpress\/ -->\n<title>Zypern Aphrodite Halbmarathon - Constantinou Bros Hotels<\/title>\n<meta name=\"robots\" content=\"index, follow, max-snippet:-1, max-image-preview:large, max-video-preview:-1\" \/>\n<link rel=\"canonical\" href=\"https:\/\/www.cbh-cyprus.com\/de\/zypern-aphrodite-half-marathon\/\" \/>\n<meta property=\"og:locale\" content=\"de_DE\" \/>\n<meta property=\"og:type\" content=\"article\" \/>\n<meta property=\"og:title\" content=\"Zypern Aphrodite Halbmarathon - Constantinou Bros Hotels\" \/>\n<meta property=\"og:description\" content=\"Auch in diesem Jahr sind die Constantinou Bros Hotels stolz darauf, eine unterst\u00fctzende Rolle bei diesem herausragenden Sportereignis zu spielen. Wir betrachten es als gro\u00dfe Ehre, dem Cyprus Aphrodite Half Marathon angeschlossen zu sein, und wir freuen uns darauf, die L\u00e4ufer auf ihrem Weg durch die historische K\u00fcstenstadt Paphos, dem legend\u00e4ren Geburtsort der G\u00f6ttin Aphrodite,\" \/>\n<meta property=\"og:url\" content=\"https:\/\/www.cbh-cyprus.com\/de\/zypern-aphrodite-half-marathon\/\" \/>\n<meta property=\"og:site_name\" content=\"Constantinou Bros Hotels\" \/>\n<meta property=\"article:modified_time\" content=\"2024-09-13T08:59:00+00:00\" \/>\n<meta property=\"og:image\" content=\"https:\/\/www.cbh-cyprus.com\/app\/uploads\/sites\/30\/2020\/05\/IMG_56011.jpg\" \/>\n\t<meta property=\"og:image:width\" content=\"1200\" \/>\n\t<meta property=\"og:image:height\" content=\"800\" \/>\n\t<meta property=\"og:image:type\" content=\"image\/jpeg\" \/>\n<meta name=\"twitter:card\" content=\"summary_large_image\" \/>\n<meta name=\"twitter:label1\" content=\"Gesch\u00e4tzte Lesezeit\" \/>\n\t<meta name=\"twitter:data1\" content=\"1\u00a0Minute\" \/>\n<script type=\"application\/ld+json\" class=\"yoast-schema-graph\">{\"@context\":\"https:\\\/\\\/schema.org\",\"@graph\":[{\"@type\":\"WebPage\",\"@id\":\"https:\\\/\\\/www.cbh-cyprus.com\\\/de\\\/zypern-aphrodite-half-marathon\\\/\",\"url\":\"https:\\\/\\\/www.cbh-cyprus.com\\\/de\\\/zypern-aphrodite-half-marathon\\\/\",\"name\":\"Zypern Aphrodite Halbmarathon - Constantinou Bros Hotels\",\"isPartOf\":{\"@id\":\"https:\\\/\\\/www.cbh-cyprus.com\\\/de\\\/#website\"},\"primaryImageOfPage\":{\"@id\":\"https:\\\/\\\/www.cbh-cyprus.com\\\/de\\\/zypern-aphrodite-half-marathon\\\/#primaryimage\"},\"image\":{\"@id\":\"https:\\\/\\\/www.cbh-cyprus.com\\\/de\\\/zypern-aphrodite-half-marathon\\\/#primaryimage\"},\"thumbnailUrl\":\"https:\\\/\\\/www.cbh-cyprus.com\\\/app\\\/uploads\\\/sites\\\/30\\\/2020\\\/05\\\/IMG_56011.jpg\",\"datePublished\":\"2024-07-23T09:17:16+00:00\",\"dateModified\":\"2024-09-13T08:59:00+00:00\",\"breadcrumb\":{\"@id\":\"https:\\\/\\\/www.cbh-cyprus.com\\\/de\\\/zypern-aphrodite-half-marathon\\\/#breadcrumb\"},\"inLanguage\":\"de\",\"potentialAction\":[{\"@type\":\"ReadAction\",\"target\":[\"https:\\\/\\\/www.cbh-cyprus.com\\\/de\\\/zypern-aphrodite-half-marathon\\\/\"]}]},{\"@type\":\"ImageObject\",\"inLanguage\":\"de\",\"@id\":\"https:\\\/\\\/www.cbh-cyprus.com\\\/de\\\/zypern-aphrodite-half-marathon\\\/#primaryimage\",\"url\":\"https:\\\/\\\/www.cbh-cyprus.com\\\/app\\\/uploads\\\/sites\\\/30\\\/2020\\\/05\\\/IMG_56011.jpg\",\"contentUrl\":\"https:\\\/\\\/www.cbh-cyprus.com\\\/app\\\/uploads\\\/sites\\\/30\\\/2020\\\/05\\\/IMG_56011.jpg\",\"width\":1200,\"height\":800},{\"@type\":\"BreadcrumbList\",\"@id\":\"https:\\\/\\\/www.cbh-cyprus.com\\\/de\\\/zypern-aphrodite-half-marathon\\\/#breadcrumb\",\"itemListElement\":[{\"@type\":\"ListItem\",\"position\":1,\"name\":\"Home\",\"item\":\"https:\\\/\\\/www.cbh-cyprus.com\\\/de\\\/willkommen-in-den-constantinou-bros-hotels\\\/\"},{\"@type\":\"ListItem\",\"position\":2,\"name\":\"Zypern Aphrodite Halbmarathon\"}]},{\"@type\":\"WebSite\",\"@id\":\"https:\\\/\\\/www.cbh-cyprus.com\\\/de\\\/#website\",\"url\":\"https:\\\/\\\/www.cbh-cyprus.com\\\/de\\\/\",\"name\":\"Constantinou Bros Hotels\",\"description\":\"Constantinou Bros Hotels\",\"publisher\":{\"@id\":\"https:\\\/\\\/www.cbh-cyprus.com\\\/de\\\/#organization\"},\"potentialAction\":[{\"@type\":\"SearchAction\",\"target\":{\"@type\":\"EntryPoint\",\"urlTemplate\":\"https:\\\/\\\/www.cbh-cyprus.com\\\/de\\\/?s={search_term_string}\"},\"query-input\":{\"@type\":\"PropertyValueSpecification\",\"valueRequired\":true,\"valueName\":\"search_term_string\"}}],\"inLanguage\":\"de\"},{\"@type\":\"Organization\",\"@id\":\"https:\\\/\\\/www.cbh-cyprus.com\\\/de\\\/#organization\",\"name\":\"Constantinou Bros Hotels\",\"url\":\"https:\\\/\\\/www.cbh-cyprus.com\\\/de\\\/\",\"logo\":{\"@type\":\"ImageObject\",\"inLanguage\":\"de\",\"@id\":\"https:\\\/\\\/www.cbh-cyprus.com\\\/de\\\/#\\\/schema\\\/logo\\\/image\\\/\",\"url\":\"https:\\\/\\\/www.cbh-cyprus.com\\\/app\\\/uploads\\\/sites\\\/30\\\/2020\\\/10\\\/cbh.jpg\",\"contentUrl\":\"https:\\\/\\\/www.cbh-cyprus.com\\\/app\\\/uploads\\\/sites\\\/30\\\/2020\\\/10\\\/cbh.jpg\",\"width\":1013,\"height\":419,\"caption\":\"Constantinou Bros Hotels\"},\"image\":{\"@id\":\"https:\\\/\\\/www.cbh-cyprus.com\\\/de\\\/#\\\/schema\\\/logo\\\/image\\\/\"}}]}<\/script>\n<!-- \/ Yoast SEO plugin. -->","yoast_head_json":{"title":"Zypern Aphrodite Halbmarathon - Constantinou Bros Hotels","robots":{"index":"index","follow":"follow","max-snippet":"max-snippet:-1","max-image-preview":"max-image-preview:large","max-video-preview":"max-video-preview:-1"},"canonical":"https:\/\/www.cbh-cyprus.com\/de\/zypern-aphrodite-half-marathon\/","og_locale":"de_DE","og_type":"article","og_title":"Zypern Aphrodite Halbmarathon - Constantinou Bros Hotels","og_description":"Auch in diesem Jahr sind die Constantinou Bros Hotels stolz darauf, eine unterst\u00fctzende Rolle bei diesem herausragenden Sportereignis zu spielen. Wir betrachten es als gro\u00dfe Ehre, dem Cyprus Aphrodite Half Marathon angeschlossen zu sein, und wir freuen uns darauf, die L\u00e4ufer auf ihrem Weg durch die historische K\u00fcstenstadt Paphos, dem legend\u00e4ren Geburtsort der G\u00f6ttin Aphrodite,","og_url":"https:\/\/www.cbh-cyprus.com\/de\/zypern-aphrodite-half-marathon\/","og_site_name":"Constantinou Bros Hotels","article_modified_time":"2024-09-13T08:59:00+00:00","og_image":[{"width":1200,"height":800,"url":"https:\/\/www.cbh-cyprus.com\/app\/uploads\/sites\/30\/2020\/05\/IMG_56011.jpg","type":"image\/jpeg"}],"twitter_card":"summary_large_image","twitter_misc":{"Gesch\u00e4tzte Lesezeit":"1\u00a0Minute"},"schema":{"@context":"https:\/\/schema.org","@graph":[{"@type":"WebPage","@id":"https:\/\/www.cbh-cyprus.com\/de\/zypern-aphrodite-half-marathon\/","url":"https:\/\/www.cbh-cyprus.com\/de\/zypern-aphrodite-half-marathon\/","name":"Zypern Aphrodite Halbmarathon - Constantinou Bros Hotels","isPartOf":{"@id":"https:\/\/www.cbh-cyprus.com\/de\/#website"},"primaryImageOfPage":{"@id":"https:\/\/www.cbh-cyprus.com\/de\/zypern-aphrodite-half-marathon\/#primaryimage"},"image":{"@id":"https:\/\/www.cbh-cyprus.com\/de\/zypern-aphrodite-half-marathon\/#primaryimage"},"thumbnailUrl":"https:\/\/www.cbh-cyprus.com\/app\/uploads\/sites\/30\/2020\/05\/IMG_56011.jpg","datePublished":"2024-07-23T09:17:16+00:00","dateModified":"2024-09-13T08:59:00+00:00","breadcrumb":{"@id":"https:\/\/www.cbh-cyprus.com\/de\/zypern-aphrodite-half-marathon\/#breadcrumb"},"inLanguage":"de","potentialAction":[{"@type":"ReadAction","target":["https:\/\/www.cbh-cyprus.com\/de\/zypern-aphrodite-half-marathon\/"]}]},{"@type":"ImageObject","inLanguage":"de","@id":"https:\/\/www.cbh-cyprus.com\/de\/zypern-aphrodite-half-marathon\/#primaryimage","url":"https:\/\/www.cbh-cyprus.com\/app\/uploads\/sites\/30\/2020\/05\/IMG_56011.jpg","contentUrl":"https:\/\/www.cbh-cyprus.com\/app\/uploads\/sites\/30\/2020\/05\/IMG_56011.jpg","width":1200,"height":800},{"@type":"BreadcrumbList","@id":"https:\/\/www.cbh-cyprus.com\/de\/zypern-aphrodite-half-marathon\/#breadcrumb","itemListElement":[{"@type":"ListItem","position":1,"name":"Home","item":"https:\/\/www.cbh-cyprus.com\/de\/willkommen-in-den-constantinou-bros-hotels\/"},{"@type":"ListItem","position":2,"name":"Zypern Aphrodite Halbmarathon"}]},{"@type":"WebSite","@id":"https:\/\/www.cbh-cyprus.com\/de\/#website","url":"https:\/\/www.cbh-cyprus.com\/de\/","name":"Constantinou Bros Hotels","description":"Constantinou Bros Hotels","publisher":{"@id":"https:\/\/www.cbh-cyprus.com\/de\/#organization"},"potentialAction":[{"@type":"SearchAction","target":{"@type":"EntryPoint","urlTemplate":"https:\/\/www.cbh-cyprus.com\/de\/?s={search_term_string}"},"query-input":{"@type":"PropertyValueSpecification","valueRequired":true,"valueName":"search_term_string"}}],"inLanguage":"de"},{"@type":"Organization","@id":"https:\/\/www.cbh-cyprus.com\/de\/#organization","name":"Constantinou Bros Hotels","url":"https:\/\/www.cbh-cyprus.com\/de\/","logo":{"@type":"ImageObject","inLanguage":"de","@id":"https:\/\/www.cbh-cyprus.com\/de\/#\/schema\/logo\/image\/","url":"https:\/\/www.cbh-cyprus.com\/app\/uploads\/sites\/30\/2020\/10\/cbh.jpg","contentUrl":"https:\/\/www.cbh-cyprus.com\/app\/uploads\/sites\/30\/2020\/10\/cbh.jpg","width":1013,"height":419,"caption":"Constantinou Bros Hotels"},"image":{"@id":"https:\/\/www.cbh-cyprus.com\/de\/#\/schema\/logo\/image\/"}}]}},"_links":{"self":[{"href":"https:\/\/www.cbh-cyprus.com\/de\/wp-json\/wp\/v2\/pages\/37208","targetHints":{"allow":["GET"]}}],"collection":[{"href":"https:\/\/www.cbh-cyprus.com\/de\/wp-json\/wp\/v2\/pages"}],"about":[{"href":"https:\/\/www.cbh-cyprus.com\/de\/wp-json\/wp\/v2\/types\/page"}],"author":[{"embeddable":true,"href":"https:\/\/www.cbh-cyprus.com\/de\/wp-json\/wp\/v2\/users\/100"}],"replies":[{"embeddable":true,"href":"https:\/\/www.cbh-cyprus.com\/de\/wp-json\/wp\/v2\/comments?post=37208"}],"version-history":[{"count":1,"href":"https:\/\/www.cbh-cyprus.com\/de\/wp-json\/wp\/v2\/pages\/37208\/revisions"}],"predecessor-version":[{"id":41273,"href":"https:\/\/www.cbh-cyprus.com\/de\/wp-json\/wp\/v2\/pages\/37208\/revisions\/41273"}],"wp:featuredmedia":[{"embeddable":true,"href":"https:\/\/www.cbh-cyprus.com\/de\/wp-json\/wp\/v2\/media\/5623"}],"wp:attachment":[{"href":"https:\/\/www.cbh-cyprus.com\/de\/wp-json\/wp\/v2\/media?parent=37208"}],"curies":[{"name":"wp","href":"https:\/\/api.w.org\/{rel}","templated":true}]}}