{"id":37249,"date":"2024-07-23T12:17:41","date_gmt":"2024-07-23T09:17:41","guid":{"rendered":"https:\/\/www.cbh-cyprus.com\/die-gruppe\/nachrichten\/weltmeisterschaften-atlantik-senioren-vier-2020\/"},"modified":"2024-09-13T12:49:41","modified_gmt":"2024-09-13T09:49:41","slug":"weltmeisterschaften-atlantik-senioren-vier-2020","status":"publish","type":"page","link":"https:\/\/www.cbh-cyprus.com\/de\/weltmeisterschaften-atlantik-senioren-vier-2020\/","title":{"rendered":"World Bowls &#8211; Atlantic Senior Vierer 2021"},"content":{"rendered":"<p>Constantinou Bros Hotels freut sich, in Zusammenarbeit mit Bowls Cyprus ein neues, von World Bowls anerkanntes, internationales Event anzuk\u00fcndigen, n\u00e4mlich die Atlantic Senior Fours 2021, die in den Constantinou Bros Hotels in Paphos, Zypern, stattfinden werden.<br \/>\nDer Wettbewerb findet im Oktober 2021 statt &#8211; ein perfekter Zeitpunkt, um vor den Festtagen etwas Sonne und eine w\u00e4rmende Pause zu genie\u00dfen.<br \/>\nDie Unterbringung erfolgt in einem unserer beliebten Vier-Sterne-Hotels direkt am Strand und nur 20 Minuten Transferzeit vom internationalen Flughafen Paphos entfernt.<br \/>\nSie haben die Wahl zwischen \u00dcbernachtung mit Fr\u00fchst\u00fcck, Halbpension, Vollpension oder All-Inclusive-Paketen sowie einer Auswahl an Zimmern und Aufenthaltszeiten, die Ihren Bed\u00fcrfnissen entsprechen.<br \/>\nF\u00fcr weitere Informationen kontaktieren Sie bitte unser Verkaufsb\u00fcro in Gro\u00dfbritannien unter <a href=\"mailto:sales@uk-cbh.com\">sales@uk-cbh.com<\/a>    <\/p>\n","protected":false},"excerpt":{"rendered":"<p>Constantinou Bros Hotels freut sich, in Zusammenarbeit mit Bowls Cyprus ein neues, von World Bowls anerkanntes, internationales Event anzuk\u00fcndigen, n\u00e4mlich die Atlantic Senior Fours 2021, die in den Constantinou Bros Hotels in Paphos, Zypern, stattfinden werden. Der Wettbewerb findet im Oktober 2021 statt &#8211; ein perfekter Zeitpunkt, um vor den Festtagen etwas Sonne und eine<\/p>\n","protected":false},"author":100,"featured_media":5301,"parent":0,"menu_order":0,"comment_status":"closed","ping_status":"closed","template":"","meta":{"_acf_changed":false,"footnotes":""},"class_list":["post-37249","page","type-page","status-publish","has-post-thumbnail","hentry"],"acf":[],"yoast_head":"<!-- This site is optimized with the Yoast SEO plugin v27.4 - https:\/\/yoast.com\/product\/yoast-seo-wordpress\/ -->\n<title>World Bowls - Atlantic Senior Vierer 2021 - Constantinou Bros Hotels<\/title>\n<meta name=\"robots\" content=\"index, follow, max-snippet:-1, max-image-preview:large, max-video-preview:-1\" \/>\n<link rel=\"canonical\" href=\"https:\/\/www.cbh-cyprus.com\/de\/weltmeisterschaften-atlantik-senioren-vier-2020\/\" \/>\n<meta property=\"og:locale\" content=\"de_DE\" \/>\n<meta property=\"og:type\" content=\"article\" \/>\n<meta property=\"og:title\" content=\"World Bowls - Atlantic Senior Vierer 2021 - Constantinou Bros Hotels\" \/>\n<meta property=\"og:description\" content=\"Constantinou Bros Hotels freut sich, in Zusammenarbeit mit Bowls Cyprus ein neues, von World Bowls anerkanntes, internationales Event anzuk\u00fcndigen, n\u00e4mlich die Atlantic Senior Fours 2021, die in den Constantinou Bros Hotels in Paphos, Zypern, stattfinden werden. Der Wettbewerb findet im Oktober 2021 statt &#8211; ein perfekter Zeitpunkt, um vor den Festtagen etwas Sonne und eine\" \/>\n<meta property=\"og:url\" content=\"https:\/\/www.cbh-cyprus.com\/de\/weltmeisterschaften-atlantik-senioren-vier-2020\/\" \/>\n<meta property=\"og:site_name\" content=\"Constantinou Bros Hotels\" \/>\n<meta property=\"article:modified_time\" content=\"2024-09-13T09:49:41+00:00\" \/>\n<meta property=\"og:image\" content=\"https:\/\/www.cbh-cyprus.com\/app\/uploads\/sites\/30\/2020\/03\/81869266_1073285866375678_7399334155349131264_o.jpg\" \/>\n\t<meta property=\"og:image:width\" content=\"1430\" \/>\n\t<meta property=\"og:image:height\" content=\"578\" \/>\n\t<meta property=\"og:image:type\" content=\"image\/jpeg\" \/>\n<meta name=\"twitter:card\" content=\"summary_large_image\" \/>\n<meta name=\"twitter:label1\" content=\"Gesch\u00e4tzte Lesezeit\" \/>\n\t<meta name=\"twitter:data1\" content=\"1\u00a0Minute\" \/>\n<script type=\"application\/ld+json\" class=\"yoast-schema-graph\">{\"@context\":\"https:\\\/\\\/schema.org\",\"@graph\":[{\"@type\":\"WebPage\",\"@id\":\"https:\\\/\\\/www.cbh-cyprus.com\\\/de\\\/weltmeisterschaften-atlantik-senioren-vier-2020\\\/\",\"url\":\"https:\\\/\\\/www.cbh-cyprus.com\\\/de\\\/weltmeisterschaften-atlantik-senioren-vier-2020\\\/\",\"name\":\"World Bowls - Atlantic Senior Vierer 2021 - Constantinou Bros Hotels\",\"isPartOf\":{\"@id\":\"https:\\\/\\\/www.cbh-cyprus.com\\\/de\\\/#website\"},\"primaryImageOfPage\":{\"@id\":\"https:\\\/\\\/www.cbh-cyprus.com\\\/de\\\/weltmeisterschaften-atlantik-senioren-vier-2020\\\/#primaryimage\"},\"image\":{\"@id\":\"https:\\\/\\\/www.cbh-cyprus.com\\\/de\\\/weltmeisterschaften-atlantik-senioren-vier-2020\\\/#primaryimage\"},\"thumbnailUrl\":\"https:\\\/\\\/www.cbh-cyprus.com\\\/app\\\/uploads\\\/sites\\\/30\\\/2020\\\/03\\\/81869266_1073285866375678_7399334155349131264_o.jpg\",\"datePublished\":\"2024-07-23T09:17:41+00:00\",\"dateModified\":\"2024-09-13T09:49:41+00:00\",\"breadcrumb\":{\"@id\":\"https:\\\/\\\/www.cbh-cyprus.com\\\/de\\\/weltmeisterschaften-atlantik-senioren-vier-2020\\\/#breadcrumb\"},\"inLanguage\":\"de\",\"potentialAction\":[{\"@type\":\"ReadAction\",\"target\":[\"https:\\\/\\\/www.cbh-cyprus.com\\\/de\\\/weltmeisterschaften-atlantik-senioren-vier-2020\\\/\"]}]},{\"@type\":\"ImageObject\",\"inLanguage\":\"de\",\"@id\":\"https:\\\/\\\/www.cbh-cyprus.com\\\/de\\\/weltmeisterschaften-atlantik-senioren-vier-2020\\\/#primaryimage\",\"url\":\"https:\\\/\\\/www.cbh-cyprus.com\\\/app\\\/uploads\\\/sites\\\/30\\\/2020\\\/03\\\/81869266_1073285866375678_7399334155349131264_o.jpg\",\"contentUrl\":\"https:\\\/\\\/www.cbh-cyprus.com\\\/app\\\/uploads\\\/sites\\\/30\\\/2020\\\/03\\\/81869266_1073285866375678_7399334155349131264_o.jpg\",\"width\":1430,\"height\":578},{\"@type\":\"BreadcrumbList\",\"@id\":\"https:\\\/\\\/www.cbh-cyprus.com\\\/de\\\/weltmeisterschaften-atlantik-senioren-vier-2020\\\/#breadcrumb\",\"itemListElement\":[{\"@type\":\"ListItem\",\"position\":1,\"name\":\"Home\",\"item\":\"https:\\\/\\\/www.cbh-cyprus.com\\\/de\\\/willkommen-in-den-constantinou-bros-hotels\\\/\"},{\"@type\":\"ListItem\",\"position\":2,\"name\":\"Die Gruppe\",\"item\":\"https:\\\/\\\/www.cbh-cyprus.com\\\/de\\\/die-gruppe\\\/\"},{\"@type\":\"ListItem\",\"position\":3,\"name\":\"Nachrichten\",\"item\":\"https:\\\/\\\/www.cbh-cyprus.com\\\/de\\\/die-gruppe\\\/nachrichten\\\/\"},{\"@type\":\"ListItem\",\"position\":4,\"name\":\"World Bowls &#8211; Atlantic Senior Vierer 2021\"}]},{\"@type\":\"WebSite\",\"@id\":\"https:\\\/\\\/www.cbh-cyprus.com\\\/de\\\/#website\",\"url\":\"https:\\\/\\\/www.cbh-cyprus.com\\\/de\\\/\",\"name\":\"Constantinou Bros Hotels\",\"description\":\"Constantinou Bros Hotels\",\"publisher\":{\"@id\":\"https:\\\/\\\/www.cbh-cyprus.com\\\/de\\\/#organization\"},\"potentialAction\":[{\"@type\":\"SearchAction\",\"target\":{\"@type\":\"EntryPoint\",\"urlTemplate\":\"https:\\\/\\\/www.cbh-cyprus.com\\\/de\\\/?s={search_term_string}\"},\"query-input\":{\"@type\":\"PropertyValueSpecification\",\"valueRequired\":true,\"valueName\":\"search_term_string\"}}],\"inLanguage\":\"de\"},{\"@type\":\"Organization\",\"@id\":\"https:\\\/\\\/www.cbh-cyprus.com\\\/de\\\/#organization\",\"name\":\"Constantinou Bros Hotels\",\"url\":\"https:\\\/\\\/www.cbh-cyprus.com\\\/de\\\/\",\"logo\":{\"@type\":\"ImageObject\",\"inLanguage\":\"de\",\"@id\":\"https:\\\/\\\/www.cbh-cyprus.com\\\/de\\\/#\\\/schema\\\/logo\\\/image\\\/\",\"url\":\"https:\\\/\\\/www.cbh-cyprus.com\\\/app\\\/uploads\\\/sites\\\/30\\\/2020\\\/10\\\/cbh.jpg\",\"contentUrl\":\"https:\\\/\\\/www.cbh-cyprus.com\\\/app\\\/uploads\\\/sites\\\/30\\\/2020\\\/10\\\/cbh.jpg\",\"width\":1013,\"height\":419,\"caption\":\"Constantinou Bros Hotels\"},\"image\":{\"@id\":\"https:\\\/\\\/www.cbh-cyprus.com\\\/de\\\/#\\\/schema\\\/logo\\\/image\\\/\"}}]}<\/script>\n<!-- \/ Yoast SEO plugin. -->","yoast_head_json":{"title":"World Bowls - Atlantic Senior Vierer 2021 - Constantinou Bros Hotels","robots":{"index":"index","follow":"follow","max-snippet":"max-snippet:-1","max-image-preview":"max-image-preview:large","max-video-preview":"max-video-preview:-1"},"canonical":"https:\/\/www.cbh-cyprus.com\/de\/weltmeisterschaften-atlantik-senioren-vier-2020\/","og_locale":"de_DE","og_type":"article","og_title":"World Bowls - Atlantic Senior Vierer 2021 - Constantinou Bros Hotels","og_description":"Constantinou Bros Hotels freut sich, in Zusammenarbeit mit Bowls Cyprus ein neues, von World Bowls anerkanntes, internationales Event anzuk\u00fcndigen, n\u00e4mlich die Atlantic Senior Fours 2021, die in den Constantinou Bros Hotels in Paphos, Zypern, stattfinden werden. Der Wettbewerb findet im Oktober 2021 statt &#8211; ein perfekter Zeitpunkt, um vor den Festtagen etwas Sonne und eine","og_url":"https:\/\/www.cbh-cyprus.com\/de\/weltmeisterschaften-atlantik-senioren-vier-2020\/","og_site_name":"Constantinou Bros Hotels","article_modified_time":"2024-09-13T09:49:41+00:00","og_image":[{"width":1430,"height":578,"url":"https:\/\/www.cbh-cyprus.com\/app\/uploads\/sites\/30\/2020\/03\/81869266_1073285866375678_7399334155349131264_o.jpg","type":"image\/jpeg"}],"twitter_card":"summary_large_image","twitter_misc":{"Gesch\u00e4tzte Lesezeit":"1\u00a0Minute"},"schema":{"@context":"https:\/\/schema.org","@graph":[{"@type":"WebPage","@id":"https:\/\/www.cbh-cyprus.com\/de\/weltmeisterschaften-atlantik-senioren-vier-2020\/","url":"https:\/\/www.cbh-cyprus.com\/de\/weltmeisterschaften-atlantik-senioren-vier-2020\/","name":"World Bowls - Atlantic Senior Vierer 2021 - Constantinou Bros Hotels","isPartOf":{"@id":"https:\/\/www.cbh-cyprus.com\/de\/#website"},"primaryImageOfPage":{"@id":"https:\/\/www.cbh-cyprus.com\/de\/weltmeisterschaften-atlantik-senioren-vier-2020\/#primaryimage"},"image":{"@id":"https:\/\/www.cbh-cyprus.com\/de\/weltmeisterschaften-atlantik-senioren-vier-2020\/#primaryimage"},"thumbnailUrl":"https:\/\/www.cbh-cyprus.com\/app\/uploads\/sites\/30\/2020\/03\/81869266_1073285866375678_7399334155349131264_o.jpg","datePublished":"2024-07-23T09:17:41+00:00","dateModified":"2024-09-13T09:49:41+00:00","breadcrumb":{"@id":"https:\/\/www.cbh-cyprus.com\/de\/weltmeisterschaften-atlantik-senioren-vier-2020\/#breadcrumb"},"inLanguage":"de","potentialAction":[{"@type":"ReadAction","target":["https:\/\/www.cbh-cyprus.com\/de\/weltmeisterschaften-atlantik-senioren-vier-2020\/"]}]},{"@type":"ImageObject","inLanguage":"de","@id":"https:\/\/www.cbh-cyprus.com\/de\/weltmeisterschaften-atlantik-senioren-vier-2020\/#primaryimage","url":"https:\/\/www.cbh-cyprus.com\/app\/uploads\/sites\/30\/2020\/03\/81869266_1073285866375678_7399334155349131264_o.jpg","contentUrl":"https:\/\/www.cbh-cyprus.com\/app\/uploads\/sites\/30\/2020\/03\/81869266_1073285866375678_7399334155349131264_o.jpg","width":1430,"height":578},{"@type":"BreadcrumbList","@id":"https:\/\/www.cbh-cyprus.com\/de\/weltmeisterschaften-atlantik-senioren-vier-2020\/#breadcrumb","itemListElement":[{"@type":"ListItem","position":1,"name":"Home","item":"https:\/\/www.cbh-cyprus.com\/de\/willkommen-in-den-constantinou-bros-hotels\/"},{"@type":"ListItem","position":2,"name":"Die Gruppe","item":"https:\/\/www.cbh-cyprus.com\/de\/die-gruppe\/"},{"@type":"ListItem","position":3,"name":"Nachrichten","item":"https:\/\/www.cbh-cyprus.com\/de\/die-gruppe\/nachrichten\/"},{"@type":"ListItem","position":4,"name":"World Bowls &#8211; Atlantic Senior Vierer 2021"}]},{"@type":"WebSite","@id":"https:\/\/www.cbh-cyprus.com\/de\/#website","url":"https:\/\/www.cbh-cyprus.com\/de\/","name":"Constantinou Bros Hotels","description":"Constantinou Bros Hotels","publisher":{"@id":"https:\/\/www.cbh-cyprus.com\/de\/#organization"},"potentialAction":[{"@type":"SearchAction","target":{"@type":"EntryPoint","urlTemplate":"https:\/\/www.cbh-cyprus.com\/de\/?s={search_term_string}"},"query-input":{"@type":"PropertyValueSpecification","valueRequired":true,"valueName":"search_term_string"}}],"inLanguage":"de"},{"@type":"Organization","@id":"https:\/\/www.cbh-cyprus.com\/de\/#organization","name":"Constantinou Bros Hotels","url":"https:\/\/www.cbh-cyprus.com\/de\/","logo":{"@type":"ImageObject","inLanguage":"de","@id":"https:\/\/www.cbh-cyprus.com\/de\/#\/schema\/logo\/image\/","url":"https:\/\/www.cbh-cyprus.com\/app\/uploads\/sites\/30\/2020\/10\/cbh.jpg","contentUrl":"https:\/\/www.cbh-cyprus.com\/app\/uploads\/sites\/30\/2020\/10\/cbh.jpg","width":1013,"height":419,"caption":"Constantinou Bros Hotels"},"image":{"@id":"https:\/\/www.cbh-cyprus.com\/de\/#\/schema\/logo\/image\/"}}]}},"_links":{"self":[{"href":"https:\/\/www.cbh-cyprus.com\/de\/wp-json\/wp\/v2\/pages\/37249","targetHints":{"allow":["GET"]}}],"collection":[{"href":"https:\/\/www.cbh-cyprus.com\/de\/wp-json\/wp\/v2\/pages"}],"about":[{"href":"https:\/\/www.cbh-cyprus.com\/de\/wp-json\/wp\/v2\/types\/page"}],"author":[{"embeddable":true,"href":"https:\/\/www.cbh-cyprus.com\/de\/wp-json\/wp\/v2\/users\/100"}],"replies":[{"embeddable":true,"href":"https:\/\/www.cbh-cyprus.com\/de\/wp-json\/wp\/v2\/comments?post=37249"}],"version-history":[{"count":1,"href":"https:\/\/www.cbh-cyprus.com\/de\/wp-json\/wp\/v2\/pages\/37249\/revisions"}],"predecessor-version":[{"id":41401,"href":"https:\/\/www.cbh-cyprus.com\/de\/wp-json\/wp\/v2\/pages\/37249\/revisions\/41401"}],"wp:featuredmedia":[{"embeddable":true,"href":"https:\/\/www.cbh-cyprus.com\/de\/wp-json\/wp\/v2\/media\/5301"}],"wp:attachment":[{"href":"https:\/\/www.cbh-cyprus.com\/de\/wp-json\/wp\/v2\/media?parent=37249"}],"curies":[{"name":"wp","href":"https:\/\/api.w.org\/{rel}","templated":true}]}}