{"id":37259,"date":"2024-07-23T12:17:46","date_gmt":"2024-07-23T09:17:46","guid":{"rendered":"https:\/\/www.cbh-cyprus.com\/asimina-suites-hotel-eine-beste-wahl-fur-den-september-urlaub-nach-der-zeit\/"},"modified":"2024-09-13T11:48:35","modified_gmt":"2024-09-13T08:48:35","slug":"asimina-suites-hotel-eine-beste-wahl-fur-den-september-urlaub-nach-der-zeit","status":"publish","type":"page","link":"https:\/\/www.cbh-cyprus.com\/de\/asimina-suites-hotel-eine-beste-wahl-fur-den-september-urlaub-nach-der-zeit\/","title":{"rendered":"Asimina Suites Hotel &#8211; Eine Top-Wahl f\u00fcr den September-Urlaub laut &#8222;The Times&#8220;"},"content":{"rendered":"<h1>Asimina Suites Hotel: Von &#8218;The Times&#8216; als eines der zwei besten Hotels Zyperns f\u00fcr den Septemberurlaub ausgezeichnet, unter den Top 20 in Europa<\/h1>\n<p>  Wir sind sehr stolz darauf, dass die Zeitung &#8222;The Times&#8220; das Asimina Suites Hotel als eines <strong>der zwei besten Hotels<\/strong> auf Zypern unter den 20 besten Hotels in ganz Europa f\u00fcr den Septemberurlaub aufgef\u00fchrt hat.<br \/>\nDas Constantinou Bros Asimina Suites Hotel, ein luxuri\u00f6ses Hotel nur f\u00fcr Erwachsene, verf\u00fcgt \u00fcber einen eigenen Sandstrand, private Pools und Cabanas mit herrlichem Blick auf den Sonnenuntergang.<br \/>\nEntspannen Sie sich und steigern Sie Ihr Wohlbefinden, indem Sie in die ruhige und gelassene Atmosph\u00e4re unseres Elixir Spa eintauchen.<br \/>\nDie Restaurants des Hotels garantieren Ihnen mit ihrer au\u00dfergew\u00f6hnlichen Qualit\u00e4t und ihrem tadellosen Service ein unvergessliches kulinarisches Erlebnis.<br \/>\nWenn Sie einen hochwertigen Aufsatz von h\u00f6chster Qualit\u00e4t kaufen m\u00f6chten, k\u00f6nnen Sie sich auf DoMyEssay verlassen.<br \/>\nDie Autoren von DoMyEssay sind gepr\u00fcft und getestet worden, um zu beweisen, dass sie die Themen, \u00fcber die sie schreiben, beherrschen.<br \/>\nDoMyEssay verf\u00fcgt \u00fcber strenge Vorschriften zum Schutz Ihrer privaten Informationen, einschlie\u00dflich der Zahlungsdaten, und <a href=\"https:\/\/us.payforessay.net\/\">bietet<\/a> eine R\u00fcckerstattungsgarantie.<br \/>\nMachen Sie sich keine Sorgen, falls das Dokument nicht innerhalb der angegebenen Zeit geliefert wird.       <\/p>\n","protected":false},"excerpt":{"rendered":"<p>Asimina Suites Hotel: Von &#8218;The Times&#8216; als eines der zwei besten Hotels Zyperns f\u00fcr den Septemberurlaub ausgezeichnet, unter den Top 20 in Europa Wir sind sehr stolz darauf, dass die Zeitung &#8222;The Times&#8220; das Asimina Suites Hotel als eines der zwei besten Hotels auf Zypern unter den 20 besten Hotels in ganz Europa f\u00fcr den<\/p>\n","protected":false},"author":2,"featured_media":5361,"parent":0,"menu_order":0,"comment_status":"closed","ping_status":"closed","template":"","meta":{"_acf_changed":false,"footnotes":""},"class_list":["post-37259","page","type-page","status-publish","has-post-thumbnail","hentry"],"acf":[],"yoast_head":"<!-- This site is optimized with the Yoast SEO plugin v27.3 - https:\/\/yoast.com\/product\/yoast-seo-wordpress\/ -->\n<title>Asimina Suites Hotel - Eine Top-Wahl f\u00fcr den September-Urlaub laut &quot;The Times&quot; - Constantinou Bros Hotels<\/title>\n<meta name=\"description\" content=\"Das Asimina Suites Hotel ist laut &quot;The Times&quot; eines der beiden besten Hotels auf Zypern unter den 20 besten Hotels in ganz Europa f\u00fcr den Septemberurlaub.\" \/>\n<meta name=\"robots\" content=\"index, follow, max-snippet:-1, max-image-preview:large, max-video-preview:-1\" \/>\n<link rel=\"canonical\" href=\"https:\/\/www.cbh-cyprus.com\/de\/asimina-suites-hotel-eine-beste-wahl-fur-den-september-urlaub-nach-der-zeit\/\" \/>\n<meta property=\"og:locale\" content=\"de_DE\" \/>\n<meta property=\"og:type\" content=\"article\" \/>\n<meta property=\"og:title\" content=\"Asimina Suites Hotel - Eine Top-Wahl f\u00fcr den September-Urlaub laut &quot;The Times&quot; - Constantinou Bros Hotels\" \/>\n<meta property=\"og:description\" content=\"Das Asimina Suites Hotel ist laut &quot;The Times&quot; eines der beiden besten Hotels auf Zypern unter den 20 besten Hotels in ganz Europa f\u00fcr den Septemberurlaub.\" \/>\n<meta property=\"og:url\" content=\"https:\/\/www.cbh-cyprus.com\/de\/asimina-suites-hotel-eine-beste-wahl-fur-den-september-urlaub-nach-der-zeit\/\" \/>\n<meta property=\"og:site_name\" content=\"Constantinou Bros Hotels\" \/>\n<meta property=\"article:modified_time\" content=\"2024-09-13T08:48:35+00:00\" \/>\n<meta property=\"og:image\" content=\"https:\/\/www.cbh-cyprus.com\/app\/uploads\/sites\/30\/2020\/03\/Untitled-design-22.png\" \/>\n\t<meta property=\"og:image:width\" content=\"1080\" \/>\n\t<meta property=\"og:image:height\" content=\"1080\" \/>\n\t<meta property=\"og:image:type\" content=\"image\/png\" \/>\n<meta name=\"twitter:card\" content=\"summary_large_image\" \/>\n<meta name=\"twitter:label1\" content=\"Gesch\u00e4tzte Lesezeit\" \/>\n\t<meta name=\"twitter:data1\" content=\"1\u00a0Minute\" \/>\n<script type=\"application\/ld+json\" class=\"yoast-schema-graph\">{\"@context\":\"https:\\\/\\\/schema.org\",\"@graph\":[{\"@type\":\"WebPage\",\"@id\":\"https:\\\/\\\/www.cbh-cyprus.com\\\/de\\\/asimina-suites-hotel-eine-beste-wahl-fur-den-september-urlaub-nach-der-zeit\\\/\",\"url\":\"https:\\\/\\\/www.cbh-cyprus.com\\\/de\\\/asimina-suites-hotel-eine-beste-wahl-fur-den-september-urlaub-nach-der-zeit\\\/\",\"name\":\"Asimina Suites Hotel - Eine Top-Wahl f\u00fcr den September-Urlaub laut \\\"The Times\\\" - Constantinou Bros Hotels\",\"isPartOf\":{\"@id\":\"https:\\\/\\\/www.cbh-cyprus.com\\\/de\\\/#website\"},\"primaryImageOfPage\":{\"@id\":\"https:\\\/\\\/www.cbh-cyprus.com\\\/de\\\/asimina-suites-hotel-eine-beste-wahl-fur-den-september-urlaub-nach-der-zeit\\\/#primaryimage\"},\"image\":{\"@id\":\"https:\\\/\\\/www.cbh-cyprus.com\\\/de\\\/asimina-suites-hotel-eine-beste-wahl-fur-den-september-urlaub-nach-der-zeit\\\/#primaryimage\"},\"thumbnailUrl\":\"https:\\\/\\\/www.cbh-cyprus.com\\\/app\\\/uploads\\\/sites\\\/30\\\/2020\\\/03\\\/Untitled-design-22.png\",\"datePublished\":\"2024-07-23T09:17:46+00:00\",\"dateModified\":\"2024-09-13T08:48:35+00:00\",\"description\":\"Das Asimina Suites Hotel ist laut \\\"The Times\\\" eines der beiden besten Hotels auf Zypern unter den 20 besten Hotels in ganz Europa f\u00fcr den Septemberurlaub.\",\"breadcrumb\":{\"@id\":\"https:\\\/\\\/www.cbh-cyprus.com\\\/de\\\/asimina-suites-hotel-eine-beste-wahl-fur-den-september-urlaub-nach-der-zeit\\\/#breadcrumb\"},\"inLanguage\":\"de\",\"potentialAction\":[{\"@type\":\"ReadAction\",\"target\":[\"https:\\\/\\\/www.cbh-cyprus.com\\\/de\\\/asimina-suites-hotel-eine-beste-wahl-fur-den-september-urlaub-nach-der-zeit\\\/\"]}]},{\"@type\":\"ImageObject\",\"inLanguage\":\"de\",\"@id\":\"https:\\\/\\\/www.cbh-cyprus.com\\\/de\\\/asimina-suites-hotel-eine-beste-wahl-fur-den-september-urlaub-nach-der-zeit\\\/#primaryimage\",\"url\":\"https:\\\/\\\/www.cbh-cyprus.com\\\/app\\\/uploads\\\/sites\\\/30\\\/2020\\\/03\\\/Untitled-design-22.png\",\"contentUrl\":\"https:\\\/\\\/www.cbh-cyprus.com\\\/app\\\/uploads\\\/sites\\\/30\\\/2020\\\/03\\\/Untitled-design-22.png\",\"width\":1080,\"height\":1080},{\"@type\":\"BreadcrumbList\",\"@id\":\"https:\\\/\\\/www.cbh-cyprus.com\\\/de\\\/asimina-suites-hotel-eine-beste-wahl-fur-den-september-urlaub-nach-der-zeit\\\/#breadcrumb\",\"itemListElement\":[{\"@type\":\"ListItem\",\"position\":1,\"name\":\"Home\",\"item\":\"https:\\\/\\\/www.cbh-cyprus.com\\\/de\\\/willkommen-in-den-constantinou-bros-hotels\\\/\"},{\"@type\":\"ListItem\",\"position\":2,\"name\":\"Asimina Suites Hotel &#8211; Eine Top-Wahl f\u00fcr den September-Urlaub laut &#8222;The Times&#8220;\"}]},{\"@type\":\"WebSite\",\"@id\":\"https:\\\/\\\/www.cbh-cyprus.com\\\/de\\\/#website\",\"url\":\"https:\\\/\\\/www.cbh-cyprus.com\\\/de\\\/\",\"name\":\"Constantinou Bros Hotels\",\"description\":\"Constantinou Bros Hotels\",\"publisher\":{\"@id\":\"https:\\\/\\\/www.cbh-cyprus.com\\\/de\\\/#organization\"},\"potentialAction\":[{\"@type\":\"SearchAction\",\"target\":{\"@type\":\"EntryPoint\",\"urlTemplate\":\"https:\\\/\\\/www.cbh-cyprus.com\\\/de\\\/?s={search_term_string}\"},\"query-input\":{\"@type\":\"PropertyValueSpecification\",\"valueRequired\":true,\"valueName\":\"search_term_string\"}}],\"inLanguage\":\"de\"},{\"@type\":\"Organization\",\"@id\":\"https:\\\/\\\/www.cbh-cyprus.com\\\/de\\\/#organization\",\"name\":\"Constantinou Bros Hotels\",\"url\":\"https:\\\/\\\/www.cbh-cyprus.com\\\/de\\\/\",\"logo\":{\"@type\":\"ImageObject\",\"inLanguage\":\"de\",\"@id\":\"https:\\\/\\\/www.cbh-cyprus.com\\\/de\\\/#\\\/schema\\\/logo\\\/image\\\/\",\"url\":\"https:\\\/\\\/www.cbh-cyprus.com\\\/app\\\/uploads\\\/sites\\\/30\\\/2020\\\/10\\\/cbh.jpg\",\"contentUrl\":\"https:\\\/\\\/www.cbh-cyprus.com\\\/app\\\/uploads\\\/sites\\\/30\\\/2020\\\/10\\\/cbh.jpg\",\"width\":1013,\"height\":419,\"caption\":\"Constantinou Bros Hotels\"},\"image\":{\"@id\":\"https:\\\/\\\/www.cbh-cyprus.com\\\/de\\\/#\\\/schema\\\/logo\\\/image\\\/\"}}]}<\/script>\n<!-- \/ Yoast SEO plugin. -->","yoast_head_json":{"title":"Asimina Suites Hotel - Eine Top-Wahl f\u00fcr den September-Urlaub laut \"The Times\" - Constantinou Bros Hotels","description":"Das Asimina Suites Hotel ist laut \"The Times\" eines der beiden besten Hotels auf Zypern unter den 20 besten Hotels in ganz Europa f\u00fcr den Septemberurlaub.","robots":{"index":"index","follow":"follow","max-snippet":"max-snippet:-1","max-image-preview":"max-image-preview:large","max-video-preview":"max-video-preview:-1"},"canonical":"https:\/\/www.cbh-cyprus.com\/de\/asimina-suites-hotel-eine-beste-wahl-fur-den-september-urlaub-nach-der-zeit\/","og_locale":"de_DE","og_type":"article","og_title":"Asimina Suites Hotel - Eine Top-Wahl f\u00fcr den September-Urlaub laut \"The Times\" - Constantinou Bros Hotels","og_description":"Das Asimina Suites Hotel ist laut \"The Times\" eines der beiden besten Hotels auf Zypern unter den 20 besten Hotels in ganz Europa f\u00fcr den Septemberurlaub.","og_url":"https:\/\/www.cbh-cyprus.com\/de\/asimina-suites-hotel-eine-beste-wahl-fur-den-september-urlaub-nach-der-zeit\/","og_site_name":"Constantinou Bros Hotels","article_modified_time":"2024-09-13T08:48:35+00:00","og_image":[{"width":1080,"height":1080,"url":"https:\/\/www.cbh-cyprus.com\/app\/uploads\/sites\/30\/2020\/03\/Untitled-design-22.png","type":"image\/png"}],"twitter_card":"summary_large_image","twitter_misc":{"Gesch\u00e4tzte Lesezeit":"1\u00a0Minute"},"schema":{"@context":"https:\/\/schema.org","@graph":[{"@type":"WebPage","@id":"https:\/\/www.cbh-cyprus.com\/de\/asimina-suites-hotel-eine-beste-wahl-fur-den-september-urlaub-nach-der-zeit\/","url":"https:\/\/www.cbh-cyprus.com\/de\/asimina-suites-hotel-eine-beste-wahl-fur-den-september-urlaub-nach-der-zeit\/","name":"Asimina Suites Hotel - Eine Top-Wahl f\u00fcr den September-Urlaub laut \"The Times\" - Constantinou Bros Hotels","isPartOf":{"@id":"https:\/\/www.cbh-cyprus.com\/de\/#website"},"primaryImageOfPage":{"@id":"https:\/\/www.cbh-cyprus.com\/de\/asimina-suites-hotel-eine-beste-wahl-fur-den-september-urlaub-nach-der-zeit\/#primaryimage"},"image":{"@id":"https:\/\/www.cbh-cyprus.com\/de\/asimina-suites-hotel-eine-beste-wahl-fur-den-september-urlaub-nach-der-zeit\/#primaryimage"},"thumbnailUrl":"https:\/\/www.cbh-cyprus.com\/app\/uploads\/sites\/30\/2020\/03\/Untitled-design-22.png","datePublished":"2024-07-23T09:17:46+00:00","dateModified":"2024-09-13T08:48:35+00:00","description":"Das Asimina Suites Hotel ist laut \"The Times\" eines der beiden besten Hotels auf Zypern unter den 20 besten Hotels in ganz Europa f\u00fcr den Septemberurlaub.","breadcrumb":{"@id":"https:\/\/www.cbh-cyprus.com\/de\/asimina-suites-hotel-eine-beste-wahl-fur-den-september-urlaub-nach-der-zeit\/#breadcrumb"},"inLanguage":"de","potentialAction":[{"@type":"ReadAction","target":["https:\/\/www.cbh-cyprus.com\/de\/asimina-suites-hotel-eine-beste-wahl-fur-den-september-urlaub-nach-der-zeit\/"]}]},{"@type":"ImageObject","inLanguage":"de","@id":"https:\/\/www.cbh-cyprus.com\/de\/asimina-suites-hotel-eine-beste-wahl-fur-den-september-urlaub-nach-der-zeit\/#primaryimage","url":"https:\/\/www.cbh-cyprus.com\/app\/uploads\/sites\/30\/2020\/03\/Untitled-design-22.png","contentUrl":"https:\/\/www.cbh-cyprus.com\/app\/uploads\/sites\/30\/2020\/03\/Untitled-design-22.png","width":1080,"height":1080},{"@type":"BreadcrumbList","@id":"https:\/\/www.cbh-cyprus.com\/de\/asimina-suites-hotel-eine-beste-wahl-fur-den-september-urlaub-nach-der-zeit\/#breadcrumb","itemListElement":[{"@type":"ListItem","position":1,"name":"Home","item":"https:\/\/www.cbh-cyprus.com\/de\/willkommen-in-den-constantinou-bros-hotels\/"},{"@type":"ListItem","position":2,"name":"Asimina Suites Hotel &#8211; Eine Top-Wahl f\u00fcr den September-Urlaub laut &#8222;The Times&#8220;"}]},{"@type":"WebSite","@id":"https:\/\/www.cbh-cyprus.com\/de\/#website","url":"https:\/\/www.cbh-cyprus.com\/de\/","name":"Constantinou Bros Hotels","description":"Constantinou Bros Hotels","publisher":{"@id":"https:\/\/www.cbh-cyprus.com\/de\/#organization"},"potentialAction":[{"@type":"SearchAction","target":{"@type":"EntryPoint","urlTemplate":"https:\/\/www.cbh-cyprus.com\/de\/?s={search_term_string}"},"query-input":{"@type":"PropertyValueSpecification","valueRequired":true,"valueName":"search_term_string"}}],"inLanguage":"de"},{"@type":"Organization","@id":"https:\/\/www.cbh-cyprus.com\/de\/#organization","name":"Constantinou Bros Hotels","url":"https:\/\/www.cbh-cyprus.com\/de\/","logo":{"@type":"ImageObject","inLanguage":"de","@id":"https:\/\/www.cbh-cyprus.com\/de\/#\/schema\/logo\/image\/","url":"https:\/\/www.cbh-cyprus.com\/app\/uploads\/sites\/30\/2020\/10\/cbh.jpg","contentUrl":"https:\/\/www.cbh-cyprus.com\/app\/uploads\/sites\/30\/2020\/10\/cbh.jpg","width":1013,"height":419,"caption":"Constantinou Bros Hotels"},"image":{"@id":"https:\/\/www.cbh-cyprus.com\/de\/#\/schema\/logo\/image\/"}}]}},"_links":{"self":[{"href":"https:\/\/www.cbh-cyprus.com\/de\/wp-json\/wp\/v2\/pages\/37259","targetHints":{"allow":["GET"]}}],"collection":[{"href":"https:\/\/www.cbh-cyprus.com\/de\/wp-json\/wp\/v2\/pages"}],"about":[{"href":"https:\/\/www.cbh-cyprus.com\/de\/wp-json\/wp\/v2\/types\/page"}],"author":[{"embeddable":true,"href":"https:\/\/www.cbh-cyprus.com\/de\/wp-json\/wp\/v2\/users\/2"}],"replies":[{"embeddable":true,"href":"https:\/\/www.cbh-cyprus.com\/de\/wp-json\/wp\/v2\/comments?post=37259"}],"version-history":[{"count":1,"href":"https:\/\/www.cbh-cyprus.com\/de\/wp-json\/wp\/v2\/pages\/37259\/revisions"}],"predecessor-version":[{"id":41252,"href":"https:\/\/www.cbh-cyprus.com\/de\/wp-json\/wp\/v2\/pages\/37259\/revisions\/41252"}],"wp:featuredmedia":[{"embeddable":true,"href":"https:\/\/www.cbh-cyprus.com\/de\/wp-json\/wp\/v2\/media\/5361"}],"wp:attachment":[{"href":"https:\/\/www.cbh-cyprus.com\/de\/wp-json\/wp\/v2\/media?parent=37259"}],"curies":[{"name":"wp","href":"https:\/\/api.w.org\/{rel}","templated":true}]}}