{"id":37271,"date":"2024-07-23T12:17:52","date_gmt":"2024-07-23T09:17:52","guid":{"rendered":"https:\/\/www.cbh-cyprus.com\/die-gruppe\/nachrichten\/covid-19-update-2\/"},"modified":"2024-07-23T12:17:52","modified_gmt":"2024-07-23T09:17:52","slug":"covid-19-update-2","status":"publish","type":"page","link":"https:\/\/www.cbh-cyprus.com\/de\/covid-19-update-2\/","title":{"rendered":"COVID-19 UPDATE"},"content":{"rendered":"<p><strong><em>Am Ende des Tunnels taucht immer wieder ein goldener Lichtstrahl auf&#8230;<\/em><\/strong> Auch Zypern wurde, wie der Rest der Welt, zu einer vollst\u00e4ndigen &#8222;Abriegelung&#8220; gezwungen, um die Ausbreitung von COVID-19 zu verhindern.<br \/>\nDie getroffenen Ma\u00dfnahmen waren vom ersten auf der Insel gemeldeten Fall an absolut streng, um die Ausbreitung des Virus einzud\u00e4mmen und eine schnelle Beseitigung dieser beispiellosen Situation zu gew\u00e4hrleisten.<br \/>\nAlle Einreiseh\u00e4fen wurden vollst\u00e4ndig abgeriegelt und die Gesch\u00e4fte (mit Ausnahme von Superm\u00e4rkten, Apotheken und wichtigen Dienstleistungen), sowohl im privaten als auch im \u00f6ffentlichen Sektor, kamen vollst\u00e4ndig zum Stillstand.<br \/>\nDie Erlaubnis, einmal am Tag auszugehen, wurde von der Regierung \u00fcber eine Genehmigungs-SMS erteilt und eine abendliche Ausgangssperre wurde von 21 Uhr bis 6 Uhr morgens verh\u00e4ngt.<br \/>\nDie Reise war sehr schwierig, aber die strengen Einschr\u00e4nkungen haben sich gelohnt.<br \/>\nAb Montag, dem<sup>4.<\/sup> Mai, haben wir gr\u00fcnes Licht f\u00fcr <strong>Phase 1<\/strong> der Lockerung der Ausgangssperre erhalten!<br \/>\nUnter anderem haben kleine Gesch\u00e4fte und bestimmte Unternehmen, darunter auch Reiseveranstalter, nach und nach ge\u00f6ffnet, wobei strenge Hygiene- und soziale Distanzierungsma\u00dfnahmen gelten.<br \/>\nAllerdings ist es immer noch erforderlich, per SMS eine Erlaubnis zum Ausgehen einzuholen und die abendliche Ausgangssperre wurde um eine Stunde nach hinten verschoben (22 Uhr bis 6 Uhr).<br \/>\nWenn es uns gelingt, die Zahl der neuen F\u00e4lle auf eine einstellige Zahl zu begrenzen, wird <strong>Phase 2<\/strong> des &#8222;Weges zur Beendigung der Ausgangssperre&#8220; zwischen dem<sup>21.<\/sup> Mai und dem<sup>8.<\/sup> Juni umgesetzt werden.<br \/>\nDazu geh\u00f6rt die Wiederer\u00f6ffnung von Friseur- und Kosmetiksalons, Au\u00dfengastronomie, Museen und arch\u00e4ologischen St\u00e4tten, um nur einige zu nennen.<br \/>\nDie Bewegungserlaubnis per SMS wird vollst\u00e4ndig abgeschafft, einschlie\u00dflich der individuellen Bewegung zwischen 22.00 und 6.00 Uhr&#8230; allerdings werden nur noch Versammlungen von maximal 10 Personen erlaubt sein. In <strong>Phase 3<\/strong> (<sup>9.<\/sup> Juni &#8211;<sup>13.<\/sup> Juli) werden h\u00f6chstwahrscheinlich weitere Einrichtungen wie Flugh\u00e4fen (schrittweise und bedingt), Hotels und Str\u00e4nde sowie Innen- und Au\u00dfengastronomie ge\u00f6ffnet und alle Beschr\u00e4nkungen der individuellen Bewegungsfreiheit abgeschafft.<br \/>\nNat\u00fcrlich wird dieser sehr wichtige Schritt umfassende Hygiene- und Schutzma\u00dfnahmen sowohl f\u00fcr die Besucher Zyperns als auch f\u00fcr das Personal in den betreffenden Einrichtungen mit sich bringen.<br \/>\nDer stellvertretende Tourismusminister arbeitet zusammen mit dem Vorstand des zypriotischen Hotelierverbands und den Hoteliers der Insel bereits intensiv an einer wirksamen Kampagne f\u00fcr die Umsetzung. In <strong>Phase 4<\/strong> (ab dem<sup>14.<\/sup> Juli) werden alle Theater, Kinos, Festivals, Kasinos usw. wieder f\u00fcr die \u00d6ffentlichkeit ge\u00f6ffnet.<br \/>\nDie R\u00fcckkehr zur &#8222;Normalit\u00e4t&#8220; wird sicherlich schrittweise erfolgen, aber wir m\u00f6chten Ihnen versichern, dass die Constantinou Bros Hotels \u00fcberarbeitete Ma\u00dfnahmen ergriffen und noch strengere Protokolle eingef\u00fchrt haben, um sicherzustellen, dass die Gesundheit und das Wohlbefinden unserer G\u00e4ste bei der Wiederer\u00f6ffnung unserer Hotels gew\u00e4hrleistet sind, sobald gr\u00fcnes Licht gegeben wurde.<br \/>\nBitte bleiben Sie sicher&#8230; wir freuen uns darauf, Sie alle bald wieder im sonnigen Paphos begr\u00fc\u00dfen zu d\u00fcrfen&#8230; sehr bald!              <\/p>\n","protected":false},"excerpt":{"rendered":"<p>Am Ende des Tunnels taucht immer wieder ein goldener Lichtstrahl auf&#8230; Auch Zypern wurde, wie der Rest der Welt, zu einer vollst\u00e4ndigen &#8222;Abriegelung&#8220; gezwungen, um die Ausbreitung von COVID-19 zu verhindern. Die getroffenen Ma\u00dfnahmen waren vom ersten auf der Insel gemeldeten Fall an absolut streng, um die Ausbreitung des Virus einzud\u00e4mmen und eine schnelle Beseitigung<\/p>\n","protected":false},"author":100,"featured_media":5684,"parent":0,"menu_order":0,"comment_status":"closed","ping_status":"closed","template":"","meta":{"_acf_changed":false,"footnotes":""},"class_list":["post-37271","page","type-page","status-publish","has-post-thumbnail","hentry"],"acf":[],"yoast_head":"<!-- This site is optimized with the Yoast SEO plugin v27.3 - https:\/\/yoast.com\/product\/yoast-seo-wordpress\/ -->\n<title>COVID-19 UPDATE - Constantinou Bros Hotels<\/title>\n<meta name=\"robots\" content=\"index, follow, max-snippet:-1, max-image-preview:large, max-video-preview:-1\" \/>\n<link rel=\"canonical\" href=\"https:\/\/www.cbh-cyprus.com\/de\/covid-19-update-2\/\" \/>\n<meta property=\"og:locale\" content=\"de_DE\" \/>\n<meta property=\"og:type\" content=\"article\" \/>\n<meta property=\"og:title\" content=\"COVID-19 UPDATE - Constantinou Bros Hotels\" \/>\n<meta property=\"og:description\" content=\"Am Ende des Tunnels taucht immer wieder ein goldener Lichtstrahl auf&#8230; Auch Zypern wurde, wie der Rest der Welt, zu einer vollst\u00e4ndigen &#8222;Abriegelung&#8220; gezwungen, um die Ausbreitung von COVID-19 zu verhindern. Die getroffenen Ma\u00dfnahmen waren vom ersten auf der Insel gemeldeten Fall an absolut streng, um die Ausbreitung des Virus einzud\u00e4mmen und eine schnelle Beseitigung\" \/>\n<meta property=\"og:url\" content=\"https:\/\/www.cbh-cyprus.com\/de\/covid-19-update-2\/\" \/>\n<meta property=\"og:site_name\" content=\"Constantinou Bros Hotels\" \/>\n<meta name=\"twitter:card\" content=\"summary_large_image\" \/>\n<meta name=\"twitter:label1\" content=\"Gesch\u00e4tzte Lesezeit\" \/>\n\t<meta name=\"twitter:data1\" content=\"2\u00a0Minuten\" \/>\n<script type=\"application\/ld+json\" class=\"yoast-schema-graph\">{\"@context\":\"https:\\\/\\\/schema.org\",\"@graph\":[{\"@type\":\"WebPage\",\"@id\":\"https:\\\/\\\/www.cbh-cyprus.com\\\/de\\\/covid-19-update-2\\\/\",\"url\":\"https:\\\/\\\/www.cbh-cyprus.com\\\/de\\\/covid-19-update-2\\\/\",\"name\":\"COVID-19 UPDATE - Constantinou Bros Hotels\",\"isPartOf\":{\"@id\":\"https:\\\/\\\/www.cbh-cyprus.com\\\/de\\\/#website\"},\"primaryImageOfPage\":{\"@id\":\"https:\\\/\\\/www.cbh-cyprus.com\\\/de\\\/covid-19-update-2\\\/#primaryimage\"},\"image\":{\"@id\":\"https:\\\/\\\/www.cbh-cyprus.com\\\/de\\\/covid-19-update-2\\\/#primaryimage\"},\"thumbnailUrl\":\"https:\\\/\\\/www.cbh-cyprus.com\\\/app\\\/uploads\\\/sites\\\/30\\\/2020\\\/05\\\/Polish_20200507_214138271-1.jpg\",\"datePublished\":\"2024-07-23T09:17:52+00:00\",\"breadcrumb\":{\"@id\":\"https:\\\/\\\/www.cbh-cyprus.com\\\/de\\\/covid-19-update-2\\\/#breadcrumb\"},\"inLanguage\":\"de\",\"potentialAction\":[{\"@type\":\"ReadAction\",\"target\":[\"https:\\\/\\\/www.cbh-cyprus.com\\\/de\\\/covid-19-update-2\\\/\"]}]},{\"@type\":\"ImageObject\",\"inLanguage\":\"de\",\"@id\":\"https:\\\/\\\/www.cbh-cyprus.com\\\/de\\\/covid-19-update-2\\\/#primaryimage\",\"url\":\"https:\\\/\\\/www.cbh-cyprus.com\\\/app\\\/uploads\\\/sites\\\/30\\\/2020\\\/05\\\/Polish_20200507_214138271-1.jpg\",\"contentUrl\":\"https:\\\/\\\/www.cbh-cyprus.com\\\/app\\\/uploads\\\/sites\\\/30\\\/2020\\\/05\\\/Polish_20200507_214138271-1.jpg\",\"width\":1920,\"height\":1920},{\"@type\":\"BreadcrumbList\",\"@id\":\"https:\\\/\\\/www.cbh-cyprus.com\\\/de\\\/covid-19-update-2\\\/#breadcrumb\",\"itemListElement\":[{\"@type\":\"ListItem\",\"position\":1,\"name\":\"Home\",\"item\":\"https:\\\/\\\/www.cbh-cyprus.com\\\/de\\\/willkommen-in-den-constantinou-bros-hotels\\\/\"},{\"@type\":\"ListItem\",\"position\":2,\"name\":\"Die Gruppe\",\"item\":\"https:\\\/\\\/www.cbh-cyprus.com\\\/de\\\/die-gruppe\\\/\"},{\"@type\":\"ListItem\",\"position\":3,\"name\":\"Nachrichten\",\"item\":\"https:\\\/\\\/www.cbh-cyprus.com\\\/de\\\/die-gruppe\\\/nachrichten\\\/\"},{\"@type\":\"ListItem\",\"position\":4,\"name\":\"COVID-19 UPDATE\"}]},{\"@type\":\"WebSite\",\"@id\":\"https:\\\/\\\/www.cbh-cyprus.com\\\/de\\\/#website\",\"url\":\"https:\\\/\\\/www.cbh-cyprus.com\\\/de\\\/\",\"name\":\"Constantinou Bros Hotels\",\"description\":\"Constantinou Bros Hotels\",\"publisher\":{\"@id\":\"https:\\\/\\\/www.cbh-cyprus.com\\\/de\\\/#organization\"},\"potentialAction\":[{\"@type\":\"SearchAction\",\"target\":{\"@type\":\"EntryPoint\",\"urlTemplate\":\"https:\\\/\\\/www.cbh-cyprus.com\\\/de\\\/?s={search_term_string}\"},\"query-input\":{\"@type\":\"PropertyValueSpecification\",\"valueRequired\":true,\"valueName\":\"search_term_string\"}}],\"inLanguage\":\"de\"},{\"@type\":\"Organization\",\"@id\":\"https:\\\/\\\/www.cbh-cyprus.com\\\/de\\\/#organization\",\"name\":\"Constantinou Bros Hotels\",\"url\":\"https:\\\/\\\/www.cbh-cyprus.com\\\/de\\\/\",\"logo\":{\"@type\":\"ImageObject\",\"inLanguage\":\"de\",\"@id\":\"https:\\\/\\\/www.cbh-cyprus.com\\\/de\\\/#\\\/schema\\\/logo\\\/image\\\/\",\"url\":\"https:\\\/\\\/www.cbh-cyprus.com\\\/app\\\/uploads\\\/sites\\\/30\\\/2020\\\/10\\\/cbh.jpg\",\"contentUrl\":\"https:\\\/\\\/www.cbh-cyprus.com\\\/app\\\/uploads\\\/sites\\\/30\\\/2020\\\/10\\\/cbh.jpg\",\"width\":1013,\"height\":419,\"caption\":\"Constantinou Bros Hotels\"},\"image\":{\"@id\":\"https:\\\/\\\/www.cbh-cyprus.com\\\/de\\\/#\\\/schema\\\/logo\\\/image\\\/\"}}]}<\/script>\n<!-- \/ Yoast SEO plugin. -->","yoast_head_json":{"title":"COVID-19 UPDATE - Constantinou Bros Hotels","robots":{"index":"index","follow":"follow","max-snippet":"max-snippet:-1","max-image-preview":"max-image-preview:large","max-video-preview":"max-video-preview:-1"},"canonical":"https:\/\/www.cbh-cyprus.com\/de\/covid-19-update-2\/","og_locale":"de_DE","og_type":"article","og_title":"COVID-19 UPDATE - Constantinou Bros Hotels","og_description":"Am Ende des Tunnels taucht immer wieder ein goldener Lichtstrahl auf&#8230; Auch Zypern wurde, wie der Rest der Welt, zu einer vollst\u00e4ndigen &#8222;Abriegelung&#8220; gezwungen, um die Ausbreitung von COVID-19 zu verhindern. Die getroffenen Ma\u00dfnahmen waren vom ersten auf der Insel gemeldeten Fall an absolut streng, um die Ausbreitung des Virus einzud\u00e4mmen und eine schnelle Beseitigung","og_url":"https:\/\/www.cbh-cyprus.com\/de\/covid-19-update-2\/","og_site_name":"Constantinou Bros Hotels","twitter_card":"summary_large_image","twitter_misc":{"Gesch\u00e4tzte Lesezeit":"2\u00a0Minuten"},"schema":{"@context":"https:\/\/schema.org","@graph":[{"@type":"WebPage","@id":"https:\/\/www.cbh-cyprus.com\/de\/covid-19-update-2\/","url":"https:\/\/www.cbh-cyprus.com\/de\/covid-19-update-2\/","name":"COVID-19 UPDATE - Constantinou Bros Hotels","isPartOf":{"@id":"https:\/\/www.cbh-cyprus.com\/de\/#website"},"primaryImageOfPage":{"@id":"https:\/\/www.cbh-cyprus.com\/de\/covid-19-update-2\/#primaryimage"},"image":{"@id":"https:\/\/www.cbh-cyprus.com\/de\/covid-19-update-2\/#primaryimage"},"thumbnailUrl":"https:\/\/www.cbh-cyprus.com\/app\/uploads\/sites\/30\/2020\/05\/Polish_20200507_214138271-1.jpg","datePublished":"2024-07-23T09:17:52+00:00","breadcrumb":{"@id":"https:\/\/www.cbh-cyprus.com\/de\/covid-19-update-2\/#breadcrumb"},"inLanguage":"de","potentialAction":[{"@type":"ReadAction","target":["https:\/\/www.cbh-cyprus.com\/de\/covid-19-update-2\/"]}]},{"@type":"ImageObject","inLanguage":"de","@id":"https:\/\/www.cbh-cyprus.com\/de\/covid-19-update-2\/#primaryimage","url":"https:\/\/www.cbh-cyprus.com\/app\/uploads\/sites\/30\/2020\/05\/Polish_20200507_214138271-1.jpg","contentUrl":"https:\/\/www.cbh-cyprus.com\/app\/uploads\/sites\/30\/2020\/05\/Polish_20200507_214138271-1.jpg","width":1920,"height":1920},{"@type":"BreadcrumbList","@id":"https:\/\/www.cbh-cyprus.com\/de\/covid-19-update-2\/#breadcrumb","itemListElement":[{"@type":"ListItem","position":1,"name":"Home","item":"https:\/\/www.cbh-cyprus.com\/de\/willkommen-in-den-constantinou-bros-hotels\/"},{"@type":"ListItem","position":2,"name":"Die Gruppe","item":"https:\/\/www.cbh-cyprus.com\/de\/die-gruppe\/"},{"@type":"ListItem","position":3,"name":"Nachrichten","item":"https:\/\/www.cbh-cyprus.com\/de\/die-gruppe\/nachrichten\/"},{"@type":"ListItem","position":4,"name":"COVID-19 UPDATE"}]},{"@type":"WebSite","@id":"https:\/\/www.cbh-cyprus.com\/de\/#website","url":"https:\/\/www.cbh-cyprus.com\/de\/","name":"Constantinou Bros Hotels","description":"Constantinou Bros Hotels","publisher":{"@id":"https:\/\/www.cbh-cyprus.com\/de\/#organization"},"potentialAction":[{"@type":"SearchAction","target":{"@type":"EntryPoint","urlTemplate":"https:\/\/www.cbh-cyprus.com\/de\/?s={search_term_string}"},"query-input":{"@type":"PropertyValueSpecification","valueRequired":true,"valueName":"search_term_string"}}],"inLanguage":"de"},{"@type":"Organization","@id":"https:\/\/www.cbh-cyprus.com\/de\/#organization","name":"Constantinou Bros Hotels","url":"https:\/\/www.cbh-cyprus.com\/de\/","logo":{"@type":"ImageObject","inLanguage":"de","@id":"https:\/\/www.cbh-cyprus.com\/de\/#\/schema\/logo\/image\/","url":"https:\/\/www.cbh-cyprus.com\/app\/uploads\/sites\/30\/2020\/10\/cbh.jpg","contentUrl":"https:\/\/www.cbh-cyprus.com\/app\/uploads\/sites\/30\/2020\/10\/cbh.jpg","width":1013,"height":419,"caption":"Constantinou Bros Hotels"},"image":{"@id":"https:\/\/www.cbh-cyprus.com\/de\/#\/schema\/logo\/image\/"}}]}},"_links":{"self":[{"href":"https:\/\/www.cbh-cyprus.com\/de\/wp-json\/wp\/v2\/pages\/37271","targetHints":{"allow":["GET"]}}],"collection":[{"href":"https:\/\/www.cbh-cyprus.com\/de\/wp-json\/wp\/v2\/pages"}],"about":[{"href":"https:\/\/www.cbh-cyprus.com\/de\/wp-json\/wp\/v2\/types\/page"}],"author":[{"embeddable":true,"href":"https:\/\/www.cbh-cyprus.com\/de\/wp-json\/wp\/v2\/users\/100"}],"replies":[{"embeddable":true,"href":"https:\/\/www.cbh-cyprus.com\/de\/wp-json\/wp\/v2\/comments?post=37271"}],"version-history":[{"count":0,"href":"https:\/\/www.cbh-cyprus.com\/de\/wp-json\/wp\/v2\/pages\/37271\/revisions"}],"wp:featuredmedia":[{"embeddable":true,"href":"https:\/\/www.cbh-cyprus.com\/de\/wp-json\/wp\/v2\/media\/5684"}],"wp:attachment":[{"href":"https:\/\/www.cbh-cyprus.com\/de\/wp-json\/wp\/v2\/media?parent=37271"}],"curies":[{"name":"wp","href":"https:\/\/api.w.org\/{rel}","templated":true}]}}