{"id":37290,"date":"2024-07-23T12:18:04","date_gmt":"2024-07-23T09:18:04","guid":{"rendered":"https:\/\/www.cbh-cyprus.com\/die-gruppe\/nachrichten\/constantinou-bros-ankundigt-die-eroffnung-aller-hotels\/"},"modified":"2024-09-20T10:05:57","modified_gmt":"2024-09-20T07:05:57","slug":"constantinou-bros-ankundigt-die-eroffnung-aller-hotels","status":"publish","type":"page","link":"https:\/\/www.cbh-cyprus.com\/de\/constantinou-bros-ankundigt-die-eroffnung-aller-hotels\/","title":{"rendered":"Constantinou Bros k\u00fcndigt die Wiederer\u00f6ffnung aller Hotels an"},"content":{"rendered":"<p>Wir von Constantinou Bros Hotels haben das Vergn\u00fcgen, die Wiederer\u00f6ffnung aller unserer Hotels bekannt zu geben.<br \/>\nZweifellos war es eine schwierige Situation f\u00fcr den gesamten Planeten, aber die strengen Ma\u00dfnahmen, die von der zypriotischen Regierung sofort ergriffen wurden, und der Beitrag aller, die dazu beigetragen haben, haben schnell Fr\u00fcchte getragen.<br \/>\nDie Weltgesundheitsorganisation erkl\u00e4rte Zypern offiziell zum &#8222;sichersten Mittelmeerland und zum f\u00fcnft-sichersten Land der Welt&#8220;.<br \/>\nNachdem Zypern bereits drei Phasen der schrittweisen Lockerung der restriktiven Ma\u00dfnahmen durchlaufen hat, ist es nun in der privilegierten Lage, die \u00d6ffnung und den Betrieb seiner Flugh\u00e4fen, Hotels, \u00f6ffentlichen Verkehrsmittel, Taxis, arch\u00e4ologischen St\u00e4tten, Museen, Restaurants, Bars und Einkaufszentren zu r\u00fchmen. In unseren Hotels haben die Sicherheit, die Gesundheit und das Wohlbefinden unserer gesch\u00e4tzten G\u00e4ste seit jeher oberste Priorit\u00e4t. Mit dem Auftreten der Covid-19-Pandemie \u00e4nderten sich die Prozesse, die wir schon immer befolgt haben, indem wir die Hygiene- und Sicherheitsma\u00dfnahmen auf der Grundlage der Protokolle, die uns von den unten genannten offiziellen Stellen vorgelegt wurden, und auch von Beratern, die wir mit der Entwicklung der neuen Betriebsabl\u00e4ufe und der Schulung unseres Personals beauftragt haben, verbessert und maximiert haben:<\/p>\n<ul>\n<li>Zypern Ministerium f\u00fcr Gesundheit<\/li>\n<li>Europ\u00e4isches Zentrum f\u00fcr die Pr\u00e4vention und die Kontrolle von Krankheiten (ECDC)<\/li>\n<li>Weltgesundheitsorganisation<\/li>\n<\/ul>\n<p>Wir verstehen, dass die Hygiene und die sozialen Distanzierungsma\u00dfnahmen jeden Reisenden betreffen, aber wir m\u00f6chten Ihnen versichern, dass wir alle notwendigen Ma\u00dfnahmen zum Schutz unserer G\u00e4ste und unseres Personals ergriffen haben und weiterhin ergreifen werden, und wir erw\u00e4hnen hier nur die wichtigsten:<\/p>\n<ul>\n<li>Aufrechterhaltung der Auslastung der Hotels auf einem sicheren Niveau<\/li>\n<li>Aush\u00e4nge mit der maximal zul\u00e4ssigen Personenzahl an den Eing\u00e4ngen aller \u00f6ffentlichen Bereiche, Restaurants, Bars und Aufz\u00fcge<\/li>\n<li>H\u00e4ndedesinfektionsstationen in allen Bereichen f\u00fcr G\u00e4ste und Personal<\/li>\n<li>Transparente Trennw\u00e4nde zwischen Mitarbeitern und G\u00e4sten an der Rezeption und in den Mini-M\u00e4rkten<\/li>\n<li>St\u00e4ndiges Tragen von pers\u00f6nlicher Schutzausr\u00fcstung durch das gesamte Personal (Gesichtsmaske, Handschuhe) und an allen Servicepunkten<\/li>\n<li>Online-Check-in entweder \u00fcber unsere Website oder die mobile App von Constantinou Bros Hotels)<\/li>\n<li>Alle Verkaufsstellen arbeiten bargeldlos (nur Zimmergeb\u00fchr oder Kreditkartenzahlung)<\/li>\n<li>Desinfektion und Transport des Gep\u00e4cks der G\u00e4ste durch unser Personal au\u00dferhalb des Zimmers, es sei denn, der Gast w\u00fcnscht etwas anderes<\/li>\n<li>Nach der Abreise werden alle Zimmer gr\u00fcndlich gereinigt, gel\u00fcftet und desinfiziert und nach mindestens zwei Stunden einem Neuank\u00f6mmling zur Verf\u00fcgung gestellt<\/li>\n<li>Entfernung von Handt\u00fcchern, Speisekarten, Zeitschriften und Informationsbl\u00e4ttern aus den Zimmern (auf Anfrage erh\u00e4ltlich)<\/li>\n<li>Zus\u00e4tzliche Kissen und Decken bleiben im Zimmer verpackt und mit Desinfektionsband versiegelt.<\/li>\n<li>Der Abstellservice ist vor\u00fcbergehend ausgesetzt<\/li>\n<li>Alle Bereiche, Tische, St\u00fchle, Sonnenliegen und Oberfl\u00e4chen, die h\u00e4ufig ber\u00fchrt werden (T\u00fcrklinken, Aufzugskn\u00f6pfe, Griffe, Wasserh\u00e4hne), werden st\u00e4ndig desinfiziert und desinfiziert<\/li>\n<li>In den Restaurants und Bars wird ein strikter Sicherheitsabstand zwischen den Tischen eingehalten, und die Mahlzeiten werden sowohl in den Restaurants als auch &#8211; bei sch\u00f6nem Wetter &#8211; im Freien angeboten.<\/li>\n<li>Bei den Mahlzeiten wird eine Kombination aus Buffet und Service angeboten, und es werden so viele Einwegartikel wie m\u00f6glich verwendet (Speisekarten, Tischt\u00fccher usw.), und es wird bei Bedarf ein zweites Mal gegessen.<\/li>\n<li>Am Strand und an den Pools strikte Einhaltung der Sicherheitsabst\u00e4nde zwischen den Sonnenschirmen<\/li>\n<li>Sport, Fitnessstudios, Friseursalons, Spas &#8211; die nur auf der Grundlage von Protokollen arbeiten<\/li>\n<li>St\u00e4ndige strenge Kontrollen durch unsere engagierten Teams hinsichtlich der Einhaltung und Umsetzung aller Ma\u00dfnahmen und Protokolle f\u00fcr Ihre Hygiene und Sicherheit<\/li>\n<\/ul>\n<p>&nbsp;<\/p>\n<p><strong>Unsere Hotels werden zu den folgenden Terminen wieder ge\u00f6ffnet:<\/strong> TUI BLUE PIONEER BEACH HOTEL 28\/06\/2020 CONSTANTINOU BROS ATHENA BEACH HOTEL 19\/08\/2020 CONSTANTINOU BROS ATHENA ROYAL BEACH HOTEL 31\/10\/2020 CONSTANTINOU BROS ASIMINA SUITES HOTEL 02\/07\/2020 \u00a0 Bitte wenden Sie sich an Ihren Reiseberater, um mehr \u00fcber unsere Sonderangebote zu erfahren, oder besuchen Sie unsere Webseite <a href=\"http:\/\/www.cbh-cyprus.com\">www.cbh-cyprus.com<\/a>\u00a0 Wir freuen uns darauf, Sie bald wieder bei uns begr\u00fc\u00dfen zu d\u00fcrfen und Ihnen einen unvergesslichen Urlaub mit der Gastfreundschaft zu bieten, an die Sie gew\u00f6hnt sind und die Sie in all den Jahren zu sch\u00e4tzen gelernt haben, mit noch mehr Sorgfalt f\u00fcr Sie und Ihre Lieben.<\/p>\n","protected":false},"excerpt":{"rendered":"<p>Wir von Constantinou Bros Hotels haben das Vergn\u00fcgen, die Wiederer\u00f6ffnung aller unserer Hotels bekannt zu geben. Zweifellos war es eine schwierige Situation f\u00fcr den gesamten Planeten, aber die strengen Ma\u00dfnahmen, die von der zypriotischen Regierung sofort ergriffen wurden, und der Beitrag aller, die dazu beigetragen haben, haben schnell Fr\u00fcchte getragen. Die Weltgesundheitsorganisation erkl\u00e4rte Zypern offiziell<\/p>\n","protected":false},"author":100,"featured_media":5881,"parent":0,"menu_order":0,"comment_status":"closed","ping_status":"closed","template":"","meta":{"_acf_changed":false,"footnotes":""},"class_list":["post-37290","page","type-page","status-publish","has-post-thumbnail","hentry"],"acf":[],"yoast_head":"<!-- This site is optimized with the Yoast SEO plugin v27.5 - https:\/\/yoast.com\/product\/yoast-seo-wordpress\/ -->\n<title>Constantinou Bros k\u00fcndigt die Wiederer\u00f6ffnung aller Hotels an - Constantinou Bros Hotels<\/title>\n<meta name=\"robots\" content=\"index, follow, max-snippet:-1, max-image-preview:large, max-video-preview:-1\" \/>\n<link rel=\"canonical\" href=\"https:\/\/www.cbh-cyprus.com\/de\/constantinou-bros-ankundigt-die-eroffnung-aller-hotels\/\" \/>\n<meta property=\"og:locale\" content=\"de_DE\" \/>\n<meta property=\"og:type\" content=\"article\" \/>\n<meta property=\"og:title\" content=\"Constantinou Bros k\u00fcndigt die Wiederer\u00f6ffnung aller Hotels an - Constantinou Bros Hotels\" \/>\n<meta property=\"og:description\" content=\"Wir von Constantinou Bros Hotels haben das Vergn\u00fcgen, die Wiederer\u00f6ffnung aller unserer Hotels bekannt zu geben. Zweifellos war es eine schwierige Situation f\u00fcr den gesamten Planeten, aber die strengen Ma\u00dfnahmen, die von der zypriotischen Regierung sofort ergriffen wurden, und der Beitrag aller, die dazu beigetragen haben, haben schnell Fr\u00fcchte getragen. Die Weltgesundheitsorganisation erkl\u00e4rte Zypern offiziell\" \/>\n<meta property=\"og:url\" content=\"https:\/\/www.cbh-cyprus.com\/de\/constantinou-bros-ankundigt-die-eroffnung-aller-hotels\/\" \/>\n<meta property=\"og:site_name\" content=\"Constantinou Bros Hotels\" \/>\n<meta property=\"article:modified_time\" content=\"2024-09-20T07:05:57+00:00\" \/>\n<meta property=\"og:image\" content=\"https:\/\/www.cbh-cyprus.com\/app\/uploads\/sites\/30\/2020\/06\/7-ATHENA-BEACH-HOTEL-OUTDOOR-POOL.jpg\" \/>\n\t<meta property=\"og:image:width\" content=\"8186\" \/>\n\t<meta property=\"og:image:height\" content=\"5457\" \/>\n\t<meta property=\"og:image:type\" content=\"image\/jpeg\" \/>\n<meta name=\"twitter:card\" content=\"summary_large_image\" \/>\n<meta name=\"twitter:label1\" content=\"Gesch\u00e4tzte Lesezeit\" \/>\n\t<meta name=\"twitter:data1\" content=\"3\u00a0Minuten\" \/>\n<script type=\"application\/ld+json\" class=\"yoast-schema-graph\">{\"@context\":\"https:\\\/\\\/schema.org\",\"@graph\":[{\"@type\":\"WebPage\",\"@id\":\"https:\\\/\\\/www.cbh-cyprus.com\\\/de\\\/constantinou-bros-ankundigt-die-eroffnung-aller-hotels\\\/\",\"url\":\"https:\\\/\\\/www.cbh-cyprus.com\\\/de\\\/constantinou-bros-ankundigt-die-eroffnung-aller-hotels\\\/\",\"name\":\"Constantinou Bros k\u00fcndigt die Wiederer\u00f6ffnung aller Hotels an - Constantinou Bros Hotels\",\"isPartOf\":{\"@id\":\"https:\\\/\\\/www.cbh-cyprus.com\\\/de\\\/#website\"},\"primaryImageOfPage\":{\"@id\":\"https:\\\/\\\/www.cbh-cyprus.com\\\/de\\\/constantinou-bros-ankundigt-die-eroffnung-aller-hotels\\\/#primaryimage\"},\"image\":{\"@id\":\"https:\\\/\\\/www.cbh-cyprus.com\\\/de\\\/constantinou-bros-ankundigt-die-eroffnung-aller-hotels\\\/#primaryimage\"},\"thumbnailUrl\":\"https:\\\/\\\/www.cbh-cyprus.com\\\/app\\\/uploads\\\/sites\\\/30\\\/2020\\\/06\\\/7-ATHENA-BEACH-HOTEL-OUTDOOR-POOL.jpg\",\"datePublished\":\"2024-07-23T09:18:04+00:00\",\"dateModified\":\"2024-09-20T07:05:57+00:00\",\"breadcrumb\":{\"@id\":\"https:\\\/\\\/www.cbh-cyprus.com\\\/de\\\/constantinou-bros-ankundigt-die-eroffnung-aller-hotels\\\/#breadcrumb\"},\"inLanguage\":\"de\",\"potentialAction\":[{\"@type\":\"ReadAction\",\"target\":[\"https:\\\/\\\/www.cbh-cyprus.com\\\/de\\\/constantinou-bros-ankundigt-die-eroffnung-aller-hotels\\\/\"]}]},{\"@type\":\"ImageObject\",\"inLanguage\":\"de\",\"@id\":\"https:\\\/\\\/www.cbh-cyprus.com\\\/de\\\/constantinou-bros-ankundigt-die-eroffnung-aller-hotels\\\/#primaryimage\",\"url\":\"https:\\\/\\\/www.cbh-cyprus.com\\\/app\\\/uploads\\\/sites\\\/30\\\/2020\\\/06\\\/7-ATHENA-BEACH-HOTEL-OUTDOOR-POOL.jpg\",\"contentUrl\":\"https:\\\/\\\/www.cbh-cyprus.com\\\/app\\\/uploads\\\/sites\\\/30\\\/2020\\\/06\\\/7-ATHENA-BEACH-HOTEL-OUTDOOR-POOL.jpg\",\"width\":8186,\"height\":5457},{\"@type\":\"BreadcrumbList\",\"@id\":\"https:\\\/\\\/www.cbh-cyprus.com\\\/de\\\/constantinou-bros-ankundigt-die-eroffnung-aller-hotels\\\/#breadcrumb\",\"itemListElement\":[{\"@type\":\"ListItem\",\"position\":1,\"name\":\"Home\",\"item\":\"https:\\\/\\\/www.cbh-cyprus.com\\\/de\\\/willkommen-in-den-constantinou-bros-hotels\\\/\"},{\"@type\":\"ListItem\",\"position\":2,\"name\":\"Constantinou Bros k\u00fcndigt die Wiederer\u00f6ffnung aller Hotels an\"}]},{\"@type\":\"WebSite\",\"@id\":\"https:\\\/\\\/www.cbh-cyprus.com\\\/de\\\/#website\",\"url\":\"https:\\\/\\\/www.cbh-cyprus.com\\\/de\\\/\",\"name\":\"Constantinou Bros Hotels\",\"description\":\"Constantinou Bros Hotels\",\"publisher\":{\"@id\":\"https:\\\/\\\/www.cbh-cyprus.com\\\/de\\\/#organization\"},\"potentialAction\":[{\"@type\":\"SearchAction\",\"target\":{\"@type\":\"EntryPoint\",\"urlTemplate\":\"https:\\\/\\\/www.cbh-cyprus.com\\\/de\\\/?s={search_term_string}\"},\"query-input\":{\"@type\":\"PropertyValueSpecification\",\"valueRequired\":true,\"valueName\":\"search_term_string\"}}],\"inLanguage\":\"de\"},{\"@type\":\"Organization\",\"@id\":\"https:\\\/\\\/www.cbh-cyprus.com\\\/de\\\/#organization\",\"name\":\"Constantinou Bros Hotels\",\"url\":\"https:\\\/\\\/www.cbh-cyprus.com\\\/de\\\/\",\"logo\":{\"@type\":\"ImageObject\",\"inLanguage\":\"de\",\"@id\":\"https:\\\/\\\/www.cbh-cyprus.com\\\/de\\\/#\\\/schema\\\/logo\\\/image\\\/\",\"url\":\"https:\\\/\\\/www.cbh-cyprus.com\\\/app\\\/uploads\\\/sites\\\/30\\\/2020\\\/10\\\/cbh.jpg\",\"contentUrl\":\"https:\\\/\\\/www.cbh-cyprus.com\\\/app\\\/uploads\\\/sites\\\/30\\\/2020\\\/10\\\/cbh.jpg\",\"width\":1013,\"height\":419,\"caption\":\"Constantinou Bros Hotels\"},\"image\":{\"@id\":\"https:\\\/\\\/www.cbh-cyprus.com\\\/de\\\/#\\\/schema\\\/logo\\\/image\\\/\"}}]}<\/script>\n<!-- \/ Yoast SEO plugin. -->","yoast_head_json":{"title":"Constantinou Bros k\u00fcndigt die Wiederer\u00f6ffnung aller Hotels an - Constantinou Bros Hotels","robots":{"index":"index","follow":"follow","max-snippet":"max-snippet:-1","max-image-preview":"max-image-preview:large","max-video-preview":"max-video-preview:-1"},"canonical":"https:\/\/www.cbh-cyprus.com\/de\/constantinou-bros-ankundigt-die-eroffnung-aller-hotels\/","og_locale":"de_DE","og_type":"article","og_title":"Constantinou Bros k\u00fcndigt die Wiederer\u00f6ffnung aller Hotels an - Constantinou Bros Hotels","og_description":"Wir von Constantinou Bros Hotels haben das Vergn\u00fcgen, die Wiederer\u00f6ffnung aller unserer Hotels bekannt zu geben. Zweifellos war es eine schwierige Situation f\u00fcr den gesamten Planeten, aber die strengen Ma\u00dfnahmen, die von der zypriotischen Regierung sofort ergriffen wurden, und der Beitrag aller, die dazu beigetragen haben, haben schnell Fr\u00fcchte getragen. Die Weltgesundheitsorganisation erkl\u00e4rte Zypern offiziell","og_url":"https:\/\/www.cbh-cyprus.com\/de\/constantinou-bros-ankundigt-die-eroffnung-aller-hotels\/","og_site_name":"Constantinou Bros Hotels","article_modified_time":"2024-09-20T07:05:57+00:00","og_image":[{"width":8186,"height":5457,"url":"https:\/\/www.cbh-cyprus.com\/app\/uploads\/sites\/30\/2020\/06\/7-ATHENA-BEACH-HOTEL-OUTDOOR-POOL.jpg","type":"image\/jpeg"}],"twitter_card":"summary_large_image","twitter_misc":{"Gesch\u00e4tzte Lesezeit":"3\u00a0Minuten"},"schema":{"@context":"https:\/\/schema.org","@graph":[{"@type":"WebPage","@id":"https:\/\/www.cbh-cyprus.com\/de\/constantinou-bros-ankundigt-die-eroffnung-aller-hotels\/","url":"https:\/\/www.cbh-cyprus.com\/de\/constantinou-bros-ankundigt-die-eroffnung-aller-hotels\/","name":"Constantinou Bros k\u00fcndigt die Wiederer\u00f6ffnung aller Hotels an - Constantinou Bros Hotels","isPartOf":{"@id":"https:\/\/www.cbh-cyprus.com\/de\/#website"},"primaryImageOfPage":{"@id":"https:\/\/www.cbh-cyprus.com\/de\/constantinou-bros-ankundigt-die-eroffnung-aller-hotels\/#primaryimage"},"image":{"@id":"https:\/\/www.cbh-cyprus.com\/de\/constantinou-bros-ankundigt-die-eroffnung-aller-hotels\/#primaryimage"},"thumbnailUrl":"https:\/\/www.cbh-cyprus.com\/app\/uploads\/sites\/30\/2020\/06\/7-ATHENA-BEACH-HOTEL-OUTDOOR-POOL.jpg","datePublished":"2024-07-23T09:18:04+00:00","dateModified":"2024-09-20T07:05:57+00:00","breadcrumb":{"@id":"https:\/\/www.cbh-cyprus.com\/de\/constantinou-bros-ankundigt-die-eroffnung-aller-hotels\/#breadcrumb"},"inLanguage":"de","potentialAction":[{"@type":"ReadAction","target":["https:\/\/www.cbh-cyprus.com\/de\/constantinou-bros-ankundigt-die-eroffnung-aller-hotels\/"]}]},{"@type":"ImageObject","inLanguage":"de","@id":"https:\/\/www.cbh-cyprus.com\/de\/constantinou-bros-ankundigt-die-eroffnung-aller-hotels\/#primaryimage","url":"https:\/\/www.cbh-cyprus.com\/app\/uploads\/sites\/30\/2020\/06\/7-ATHENA-BEACH-HOTEL-OUTDOOR-POOL.jpg","contentUrl":"https:\/\/www.cbh-cyprus.com\/app\/uploads\/sites\/30\/2020\/06\/7-ATHENA-BEACH-HOTEL-OUTDOOR-POOL.jpg","width":8186,"height":5457},{"@type":"BreadcrumbList","@id":"https:\/\/www.cbh-cyprus.com\/de\/constantinou-bros-ankundigt-die-eroffnung-aller-hotels\/#breadcrumb","itemListElement":[{"@type":"ListItem","position":1,"name":"Home","item":"https:\/\/www.cbh-cyprus.com\/de\/willkommen-in-den-constantinou-bros-hotels\/"},{"@type":"ListItem","position":2,"name":"Constantinou Bros k\u00fcndigt die Wiederer\u00f6ffnung aller Hotels an"}]},{"@type":"WebSite","@id":"https:\/\/www.cbh-cyprus.com\/de\/#website","url":"https:\/\/www.cbh-cyprus.com\/de\/","name":"Constantinou Bros Hotels","description":"Constantinou Bros Hotels","publisher":{"@id":"https:\/\/www.cbh-cyprus.com\/de\/#organization"},"potentialAction":[{"@type":"SearchAction","target":{"@type":"EntryPoint","urlTemplate":"https:\/\/www.cbh-cyprus.com\/de\/?s={search_term_string}"},"query-input":{"@type":"PropertyValueSpecification","valueRequired":true,"valueName":"search_term_string"}}],"inLanguage":"de"},{"@type":"Organization","@id":"https:\/\/www.cbh-cyprus.com\/de\/#organization","name":"Constantinou Bros Hotels","url":"https:\/\/www.cbh-cyprus.com\/de\/","logo":{"@type":"ImageObject","inLanguage":"de","@id":"https:\/\/www.cbh-cyprus.com\/de\/#\/schema\/logo\/image\/","url":"https:\/\/www.cbh-cyprus.com\/app\/uploads\/sites\/30\/2020\/10\/cbh.jpg","contentUrl":"https:\/\/www.cbh-cyprus.com\/app\/uploads\/sites\/30\/2020\/10\/cbh.jpg","width":1013,"height":419,"caption":"Constantinou Bros Hotels"},"image":{"@id":"https:\/\/www.cbh-cyprus.com\/de\/#\/schema\/logo\/image\/"}}]}},"_links":{"self":[{"href":"https:\/\/www.cbh-cyprus.com\/de\/wp-json\/wp\/v2\/pages\/37290","targetHints":{"allow":["GET"]}}],"collection":[{"href":"https:\/\/www.cbh-cyprus.com\/de\/wp-json\/wp\/v2\/pages"}],"about":[{"href":"https:\/\/www.cbh-cyprus.com\/de\/wp-json\/wp\/v2\/types\/page"}],"author":[{"embeddable":true,"href":"https:\/\/www.cbh-cyprus.com\/de\/wp-json\/wp\/v2\/users\/100"}],"replies":[{"embeddable":true,"href":"https:\/\/www.cbh-cyprus.com\/de\/wp-json\/wp\/v2\/comments?post=37290"}],"version-history":[{"count":2,"href":"https:\/\/www.cbh-cyprus.com\/de\/wp-json\/wp\/v2\/pages\/37290\/revisions"}],"predecessor-version":[{"id":41929,"href":"https:\/\/www.cbh-cyprus.com\/de\/wp-json\/wp\/v2\/pages\/37290\/revisions\/41929"}],"wp:featuredmedia":[{"embeddable":true,"href":"https:\/\/www.cbh-cyprus.com\/de\/wp-json\/wp\/v2\/media\/5881"}],"wp:attachment":[{"href":"https:\/\/www.cbh-cyprus.com\/de\/wp-json\/wp\/v2\/media?parent=37290"}],"curies":[{"name":"wp","href":"https:\/\/api.w.org\/{rel}","templated":true}]}}