{"id":42846,"date":"2024-12-02T14:08:52","date_gmt":"2024-12-02T12:08:52","guid":{"rendered":"https:\/\/www.cbh-cyprus.com\/?page_id=42846"},"modified":"2025-07-29T15:33:54","modified_gmt":"2025-07-29T12:33:54","slug":"christmas-events","status":"publish","type":"page","link":"https:\/\/www.cbh-cyprus.com\/de\/christmas-events\/","title":{"rendered":"Weihnachten Veranstaltungen"},"content":{"rendered":"<p style=\"text-align: center;\">Das Constantinou Bros Athena Beach Hotel bietet Ihnen die M\u00f6glichkeit<br \/>\n, Weihnachten auf Zypern auf eine andere Art und Weise zu genie\u00dfen, mit einem attraktiven und<br \/>\neinzigartigen Programm an Aktivit\u00e4ten, bei denen die ganze Familie mitmachen kann.<br \/>\nGenie\u00dfen Sie unser herrliches Klima, indem Sie Weihnachten in der Sonne verbringen,<br \/>\nsich in einem Luxushotel mit wundersch\u00f6ner Umgebung entspannen,<br \/>\neinige der besten Gerichte der zypriotischen K\u00fcche genie\u00dfen und dieses Weihnachten<br \/>\nzu einem machen, an das Sie sich immer erinnern werden.<\/p>\n<p style=\"text-align: center;\">Das Hotelprogramm f\u00fcr diese besondere Weihnachtszeit beginnt am<br \/>\n22. Dezember 2024 und l\u00e4uft bis zum 1. Januar<br \/>\n2025. Neben den gewohnten Dienstleistungen, die das Hotel als<br \/>\neinzigartig in Paphos machen, wird das Programm Sie in eine weihnachtliche Stimmung versetzen, die Sie<br \/>\nin aller Ruhe genie\u00dfen k\u00f6nnen und die daf\u00fcr sorgt, dass dieses Weihnachten und<br \/>\nneue Jahr unvergesslich werden. <\/p>\n<p style=\"text-align: center;\">Wir hoffen, dass Sie an diesem Programm teilnehmen und eine ganz<br \/>\nbesondere Festtagszeit hier im Constantinou Bros<br \/>\nAthena Beach Hotel genie\u00dfen werden.<\/p>\n","protected":false},"excerpt":{"rendered":"<p>Das Constantinou Bros Athena Beach Hotel bietet Ihnen die M\u00f6glichkeit , Weihnachten auf Zypern auf eine andere Art und Weise zu genie\u00dfen, mit einem attraktiven und einzigartigen Programm an Aktivit\u00e4ten, bei denen die ganze Familie mitmachen kann. Genie\u00dfen Sie unser herrliches Klima, indem Sie Weihnachten in der Sonne verbringen, sich in einem Luxushotel mit wundersch\u00f6ner<\/p>\n","protected":false},"author":758,"featured_media":42636,"parent":0,"menu_order":0,"comment_status":"closed","ping_status":"closed","template":"page-templates\/christmas-events.php","meta":{"_acf_changed":false,"footnotes":""},"class_list":["post-42846","page","type-page","status-publish","has-post-thumbnail","hentry"],"acf":[],"yoast_head":"<!-- This site is optimized with the Yoast SEO plugin v27.3 - https:\/\/yoast.com\/product\/yoast-seo-wordpress\/ -->\n<title>Weihnachten Veranstaltungen - Constantinou Bros Hotels<\/title>\n<meta name=\"robots\" content=\"index, follow, max-snippet:-1, max-image-preview:large, max-video-preview:-1\" \/>\n<link rel=\"canonical\" href=\"https:\/\/www.cbh-cyprus.com\/de\/christmas-events\/\" \/>\n<meta property=\"og:locale\" content=\"de_DE\" \/>\n<meta property=\"og:type\" content=\"article\" \/>\n<meta property=\"og:title\" content=\"Weihnachten Veranstaltungen - Constantinou Bros Hotels\" \/>\n<meta property=\"og:description\" content=\"Das Constantinou Bros Athena Beach Hotel bietet Ihnen die M\u00f6glichkeit , Weihnachten auf Zypern auf eine andere Art und Weise zu genie\u00dfen, mit einem attraktiven und einzigartigen Programm an Aktivit\u00e4ten, bei denen die ganze Familie mitmachen kann. Genie\u00dfen Sie unser herrliches Klima, indem Sie Weihnachten in der Sonne verbringen, sich in einem Luxushotel mit wundersch\u00f6ner\" \/>\n<meta property=\"og:url\" content=\"https:\/\/www.cbh-cyprus.com\/de\/christmas-events\/\" \/>\n<meta property=\"og:site_name\" content=\"Constantinou Bros Hotels\" \/>\n<meta property=\"article:modified_time\" content=\"2025-07-29T12:33:54+00:00\" \/>\n<meta property=\"og:image\" content=\"https:\/\/www.cbh-cyprus.com\/app\/uploads\/sites\/30\/2024\/11\/christmas-events.jpg\" \/>\n\t<meta property=\"og:image:width\" content=\"1902\" \/>\n\t<meta property=\"og:image:height\" content=\"782\" \/>\n\t<meta property=\"og:image:type\" content=\"image\/jpeg\" \/>\n<meta name=\"twitter:card\" content=\"summary_large_image\" \/>\n<meta name=\"twitter:label1\" content=\"Gesch\u00e4tzte Lesezeit\" \/>\n\t<meta name=\"twitter:data1\" content=\"1\u00a0Minute\" \/>\n<script type=\"application\/ld+json\" class=\"yoast-schema-graph\">{\"@context\":\"https:\\\/\\\/schema.org\",\"@graph\":[{\"@type\":\"WebPage\",\"@id\":\"https:\\\/\\\/www.cbh-cyprus.com\\\/de\\\/christmas-events\\\/\",\"url\":\"https:\\\/\\\/www.cbh-cyprus.com\\\/de\\\/christmas-events\\\/\",\"name\":\"Weihnachten Veranstaltungen - Constantinou Bros Hotels\",\"isPartOf\":{\"@id\":\"https:\\\/\\\/www.cbh-cyprus.com\\\/de\\\/#website\"},\"primaryImageOfPage\":{\"@id\":\"https:\\\/\\\/www.cbh-cyprus.com\\\/de\\\/christmas-events\\\/#primaryimage\"},\"image\":{\"@id\":\"https:\\\/\\\/www.cbh-cyprus.com\\\/de\\\/christmas-events\\\/#primaryimage\"},\"thumbnailUrl\":\"https:\\\/\\\/www.cbh-cyprus.com\\\/app\\\/uploads\\\/sites\\\/30\\\/2024\\\/11\\\/christmas-events.jpg\",\"datePublished\":\"2024-12-02T12:08:52+00:00\",\"dateModified\":\"2025-07-29T12:33:54+00:00\",\"breadcrumb\":{\"@id\":\"https:\\\/\\\/www.cbh-cyprus.com\\\/de\\\/christmas-events\\\/#breadcrumb\"},\"inLanguage\":\"de\",\"potentialAction\":[{\"@type\":\"ReadAction\",\"target\":[\"https:\\\/\\\/www.cbh-cyprus.com\\\/de\\\/christmas-events\\\/\"]}]},{\"@type\":\"ImageObject\",\"inLanguage\":\"de\",\"@id\":\"https:\\\/\\\/www.cbh-cyprus.com\\\/de\\\/christmas-events\\\/#primaryimage\",\"url\":\"https:\\\/\\\/www.cbh-cyprus.com\\\/app\\\/uploads\\\/sites\\\/30\\\/2024\\\/11\\\/christmas-events.jpg\",\"contentUrl\":\"https:\\\/\\\/www.cbh-cyprus.com\\\/app\\\/uploads\\\/sites\\\/30\\\/2024\\\/11\\\/christmas-events.jpg\",\"width\":1902,\"height\":782},{\"@type\":\"BreadcrumbList\",\"@id\":\"https:\\\/\\\/www.cbh-cyprus.com\\\/de\\\/christmas-events\\\/#breadcrumb\",\"itemListElement\":[{\"@type\":\"ListItem\",\"position\":1,\"name\":\"Home\",\"item\":\"https:\\\/\\\/www.cbh-cyprus.com\\\/de\\\/willkommen-in-den-constantinou-bros-hotels\\\/\"},{\"@type\":\"ListItem\",\"position\":2,\"name\":\"Weihnachten Veranstaltungen\"}]},{\"@type\":\"WebSite\",\"@id\":\"https:\\\/\\\/www.cbh-cyprus.com\\\/de\\\/#website\",\"url\":\"https:\\\/\\\/www.cbh-cyprus.com\\\/de\\\/\",\"name\":\"Constantinou Bros Hotels\",\"description\":\"Constantinou Bros Hotels\",\"publisher\":{\"@id\":\"https:\\\/\\\/www.cbh-cyprus.com\\\/de\\\/#organization\"},\"potentialAction\":[{\"@type\":\"SearchAction\",\"target\":{\"@type\":\"EntryPoint\",\"urlTemplate\":\"https:\\\/\\\/www.cbh-cyprus.com\\\/de\\\/?s={search_term_string}\"},\"query-input\":{\"@type\":\"PropertyValueSpecification\",\"valueRequired\":true,\"valueName\":\"search_term_string\"}}],\"inLanguage\":\"de\"},{\"@type\":\"Organization\",\"@id\":\"https:\\\/\\\/www.cbh-cyprus.com\\\/de\\\/#organization\",\"name\":\"Constantinou Bros Hotels\",\"url\":\"https:\\\/\\\/www.cbh-cyprus.com\\\/de\\\/\",\"logo\":{\"@type\":\"ImageObject\",\"inLanguage\":\"de\",\"@id\":\"https:\\\/\\\/www.cbh-cyprus.com\\\/de\\\/#\\\/schema\\\/logo\\\/image\\\/\",\"url\":\"https:\\\/\\\/www.cbh-cyprus.com\\\/app\\\/uploads\\\/sites\\\/30\\\/2020\\\/10\\\/cbh.jpg\",\"contentUrl\":\"https:\\\/\\\/www.cbh-cyprus.com\\\/app\\\/uploads\\\/sites\\\/30\\\/2020\\\/10\\\/cbh.jpg\",\"width\":1013,\"height\":419,\"caption\":\"Constantinou Bros Hotels\"},\"image\":{\"@id\":\"https:\\\/\\\/www.cbh-cyprus.com\\\/de\\\/#\\\/schema\\\/logo\\\/image\\\/\"}}]}<\/script>\n<!-- \/ Yoast SEO plugin. -->","yoast_head_json":{"title":"Weihnachten Veranstaltungen - Constantinou Bros Hotels","robots":{"index":"index","follow":"follow","max-snippet":"max-snippet:-1","max-image-preview":"max-image-preview:large","max-video-preview":"max-video-preview:-1"},"canonical":"https:\/\/www.cbh-cyprus.com\/de\/christmas-events\/","og_locale":"de_DE","og_type":"article","og_title":"Weihnachten Veranstaltungen - Constantinou Bros Hotels","og_description":"Das Constantinou Bros Athena Beach Hotel bietet Ihnen die M\u00f6glichkeit , Weihnachten auf Zypern auf eine andere Art und Weise zu genie\u00dfen, mit einem attraktiven und einzigartigen Programm an Aktivit\u00e4ten, bei denen die ganze Familie mitmachen kann. Genie\u00dfen Sie unser herrliches Klima, indem Sie Weihnachten in der Sonne verbringen, sich in einem Luxushotel mit wundersch\u00f6ner","og_url":"https:\/\/www.cbh-cyprus.com\/de\/christmas-events\/","og_site_name":"Constantinou Bros Hotels","article_modified_time":"2025-07-29T12:33:54+00:00","og_image":[{"width":1902,"height":782,"url":"https:\/\/www.cbh-cyprus.com\/app\/uploads\/sites\/30\/2024\/11\/christmas-events.jpg","type":"image\/jpeg"}],"twitter_card":"summary_large_image","twitter_misc":{"Gesch\u00e4tzte Lesezeit":"1\u00a0Minute"},"schema":{"@context":"https:\/\/schema.org","@graph":[{"@type":"WebPage","@id":"https:\/\/www.cbh-cyprus.com\/de\/christmas-events\/","url":"https:\/\/www.cbh-cyprus.com\/de\/christmas-events\/","name":"Weihnachten Veranstaltungen - Constantinou Bros Hotels","isPartOf":{"@id":"https:\/\/www.cbh-cyprus.com\/de\/#website"},"primaryImageOfPage":{"@id":"https:\/\/www.cbh-cyprus.com\/de\/christmas-events\/#primaryimage"},"image":{"@id":"https:\/\/www.cbh-cyprus.com\/de\/christmas-events\/#primaryimage"},"thumbnailUrl":"https:\/\/www.cbh-cyprus.com\/app\/uploads\/sites\/30\/2024\/11\/christmas-events.jpg","datePublished":"2024-12-02T12:08:52+00:00","dateModified":"2025-07-29T12:33:54+00:00","breadcrumb":{"@id":"https:\/\/www.cbh-cyprus.com\/de\/christmas-events\/#breadcrumb"},"inLanguage":"de","potentialAction":[{"@type":"ReadAction","target":["https:\/\/www.cbh-cyprus.com\/de\/christmas-events\/"]}]},{"@type":"ImageObject","inLanguage":"de","@id":"https:\/\/www.cbh-cyprus.com\/de\/christmas-events\/#primaryimage","url":"https:\/\/www.cbh-cyprus.com\/app\/uploads\/sites\/30\/2024\/11\/christmas-events.jpg","contentUrl":"https:\/\/www.cbh-cyprus.com\/app\/uploads\/sites\/30\/2024\/11\/christmas-events.jpg","width":1902,"height":782},{"@type":"BreadcrumbList","@id":"https:\/\/www.cbh-cyprus.com\/de\/christmas-events\/#breadcrumb","itemListElement":[{"@type":"ListItem","position":1,"name":"Home","item":"https:\/\/www.cbh-cyprus.com\/de\/willkommen-in-den-constantinou-bros-hotels\/"},{"@type":"ListItem","position":2,"name":"Weihnachten Veranstaltungen"}]},{"@type":"WebSite","@id":"https:\/\/www.cbh-cyprus.com\/de\/#website","url":"https:\/\/www.cbh-cyprus.com\/de\/","name":"Constantinou Bros Hotels","description":"Constantinou Bros Hotels","publisher":{"@id":"https:\/\/www.cbh-cyprus.com\/de\/#organization"},"potentialAction":[{"@type":"SearchAction","target":{"@type":"EntryPoint","urlTemplate":"https:\/\/www.cbh-cyprus.com\/de\/?s={search_term_string}"},"query-input":{"@type":"PropertyValueSpecification","valueRequired":true,"valueName":"search_term_string"}}],"inLanguage":"de"},{"@type":"Organization","@id":"https:\/\/www.cbh-cyprus.com\/de\/#organization","name":"Constantinou Bros Hotels","url":"https:\/\/www.cbh-cyprus.com\/de\/","logo":{"@type":"ImageObject","inLanguage":"de","@id":"https:\/\/www.cbh-cyprus.com\/de\/#\/schema\/logo\/image\/","url":"https:\/\/www.cbh-cyprus.com\/app\/uploads\/sites\/30\/2020\/10\/cbh.jpg","contentUrl":"https:\/\/www.cbh-cyprus.com\/app\/uploads\/sites\/30\/2020\/10\/cbh.jpg","width":1013,"height":419,"caption":"Constantinou Bros Hotels"},"image":{"@id":"https:\/\/www.cbh-cyprus.com\/de\/#\/schema\/logo\/image\/"}}]}},"_links":{"self":[{"href":"https:\/\/www.cbh-cyprus.com\/de\/wp-json\/wp\/v2\/pages\/42846","targetHints":{"allow":["GET"]}}],"collection":[{"href":"https:\/\/www.cbh-cyprus.com\/de\/wp-json\/wp\/v2\/pages"}],"about":[{"href":"https:\/\/www.cbh-cyprus.com\/de\/wp-json\/wp\/v2\/types\/page"}],"author":[{"embeddable":true,"href":"https:\/\/www.cbh-cyprus.com\/de\/wp-json\/wp\/v2\/users\/758"}],"replies":[{"embeddable":true,"href":"https:\/\/www.cbh-cyprus.com\/de\/wp-json\/wp\/v2\/comments?post=42846"}],"version-history":[{"count":5,"href":"https:\/\/www.cbh-cyprus.com\/de\/wp-json\/wp\/v2\/pages\/42846\/revisions"}],"predecessor-version":[{"id":45837,"href":"https:\/\/www.cbh-cyprus.com\/de\/wp-json\/wp\/v2\/pages\/42846\/revisions\/45837"}],"wp:featuredmedia":[{"embeddable":true,"href":"https:\/\/www.cbh-cyprus.com\/de\/wp-json\/wp\/v2\/media\/42636"}],"wp:attachment":[{"href":"https:\/\/www.cbh-cyprus.com\/de\/wp-json\/wp\/v2\/media?parent=42846"}],"curies":[{"name":"wp","href":"https:\/\/api.w.org\/{rel}","templated":true}]}}