{"id":48091,"date":"2026-03-27T15:22:39","date_gmt":"2026-03-27T13:22:39","guid":{"rendered":"https:\/\/www.cbh-cyprus.com\/aktivitaten\/bowling-urlaub\/bowling-nachrichten\/atlantic-senior-fours-2027\/"},"modified":"2026-03-27T15:22:39","modified_gmt":"2026-03-27T13:22:39","slug":"atlantic-senior-fours-2027","status":"publish","type":"page","link":"https:\/\/www.cbh-cyprus.com\/de\/aktivitaten\/bowling-urlaub\/bowling-nachrichten\/atlantic-senior-fours-2027\/","title":{"rendered":"ATLANTISCHE SENIOREN VIERER 2027"},"content":{"rendered":"<p data-start=\"73\" data-end=\"221\">Bowls Cyprus freut sich, in Zusammenarbeit mit Constantinou Bros Hotels ank\u00fcndigen zu k\u00f6nnen, dass die Atlantic Senior Fours im Jahr 2027 nach Zypern zur\u00fcckkehren werden.<\/p>\n<p data-start=\"223\" data-end=\"458\">Nach dem herausragenden Erfolg des Turniers 2025, bei dem internationale Teilnehmer zu diesem prestigetr\u00e4chtigen globalen Event begr\u00fc\u00dft wurden, sind die Voraussetzungen f\u00fcr eine noch gr\u00f6\u00dfere und spannendere Ausgabe gegeben.<\/p>\n<p data-start=\"460\" data-end=\"587\">Machen Sie sich bereit, 2027 in Zypern wieder Weltklasse-Bowling, internationale Wettk\u00e4mpfe und au\u00dfergew\u00f6hnliche Gastfreundschaft zu erleben.<\/p>\n","protected":false},"excerpt":{"rendered":"<p>Bowls Cyprus freut sich, in Zusammenarbeit mit Constantinou Bros Hotels ank\u00fcndigen zu k\u00f6nnen, dass die Atlantic Senior Fours im Jahr 2027 nach Zypern zur\u00fcckkehren werden. Nach dem herausragenden Erfolg des Turniers 2025, bei dem internationale Teilnehmer zu diesem prestigetr\u00e4chtigen globalen Event begr\u00fc\u00dft wurden, sind die Voraussetzungen f\u00fcr eine noch gr\u00f6\u00dfere und spannendere Ausgabe gegeben. Machen<\/p>\n","protected":false},"author":100,"featured_media":48081,"parent":2850,"menu_order":0,"comment_status":"closed","ping_status":"closed","template":"","meta":{"_acf_changed":false,"footnotes":""},"class_list":["post-48091","page","type-page","status-publish","has-post-thumbnail","hentry"],"acf":[],"yoast_head":"<!-- This site is optimized with the Yoast SEO plugin v27.3 - https:\/\/yoast.com\/product\/yoast-seo-wordpress\/ -->\n<title>ATLANTISCHE SENIOREN VIERER 2027 - Constantinou Bros Hotels<\/title>\n<meta name=\"robots\" content=\"index, follow, max-snippet:-1, max-image-preview:large, max-video-preview:-1\" \/>\n<link rel=\"canonical\" href=\"https:\/\/www.cbh-cyprus.com\/de\/aktivitaten\/bowling-urlaub\/bowling-nachrichten\/atlantic-senior-fours-2027\/\" \/>\n<meta property=\"og:locale\" content=\"de_DE\" \/>\n<meta property=\"og:type\" content=\"article\" \/>\n<meta property=\"og:title\" content=\"ATLANTISCHE SENIOREN VIERER 2027 - Constantinou Bros Hotels\" \/>\n<meta property=\"og:description\" content=\"Bowls Cyprus freut sich, in Zusammenarbeit mit Constantinou Bros Hotels ank\u00fcndigen zu k\u00f6nnen, dass die Atlantic Senior Fours im Jahr 2027 nach Zypern zur\u00fcckkehren werden. Nach dem herausragenden Erfolg des Turniers 2025, bei dem internationale Teilnehmer zu diesem prestigetr\u00e4chtigen globalen Event begr\u00fc\u00dft wurden, sind die Voraussetzungen f\u00fcr eine noch gr\u00f6\u00dfere und spannendere Ausgabe gegeben. Machen\" \/>\n<meta property=\"og:url\" content=\"https:\/\/www.cbh-cyprus.com\/de\/aktivitaten\/bowling-urlaub\/bowling-nachrichten\/atlantic-senior-fours-2027\/\" \/>\n<meta property=\"og:site_name\" content=\"Constantinou Bros Hotels\" \/>\n<meta property=\"og:image\" content=\"https:\/\/www.cbh-cyprus.com\/app\/uploads\/sites\/30\/2026\/03\/AUG2553-600x399.jpg\" \/>\n\t<meta property=\"og:image:width\" content=\"600\" \/>\n\t<meta property=\"og:image:height\" content=\"399\" \/>\n\t<meta property=\"og:image:type\" content=\"image\/jpeg\" \/>\n<meta name=\"twitter:card\" content=\"summary_large_image\" \/>\n<script type=\"application\/ld+json\" class=\"yoast-schema-graph\">{\"@context\":\"https:\\\/\\\/schema.org\",\"@graph\":[{\"@type\":\"WebPage\",\"@id\":\"https:\\\/\\\/www.cbh-cyprus.com\\\/de\\\/aktivitaten\\\/bowling-urlaub\\\/bowling-nachrichten\\\/atlantic-senior-fours-2027\\\/\",\"url\":\"https:\\\/\\\/www.cbh-cyprus.com\\\/de\\\/aktivitaten\\\/bowling-urlaub\\\/bowling-nachrichten\\\/atlantic-senior-fours-2027\\\/\",\"name\":\"ATLANTISCHE SENIOREN VIERER 2027 - Constantinou Bros Hotels\",\"isPartOf\":{\"@id\":\"https:\\\/\\\/www.cbh-cyprus.com\\\/de\\\/#website\"},\"primaryImageOfPage\":{\"@id\":\"https:\\\/\\\/www.cbh-cyprus.com\\\/de\\\/aktivitaten\\\/bowling-urlaub\\\/bowling-nachrichten\\\/atlantic-senior-fours-2027\\\/#primaryimage\"},\"image\":{\"@id\":\"https:\\\/\\\/www.cbh-cyprus.com\\\/de\\\/aktivitaten\\\/bowling-urlaub\\\/bowling-nachrichten\\\/atlantic-senior-fours-2027\\\/#primaryimage\"},\"thumbnailUrl\":\"https:\\\/\\\/www.cbh-cyprus.com\\\/app\\\/uploads\\\/sites\\\/30\\\/2026\\\/03\\\/AUG2553-scaled.jpg\",\"datePublished\":\"2026-03-27T13:22:39+00:00\",\"breadcrumb\":{\"@id\":\"https:\\\/\\\/www.cbh-cyprus.com\\\/de\\\/aktivitaten\\\/bowling-urlaub\\\/bowling-nachrichten\\\/atlantic-senior-fours-2027\\\/#breadcrumb\"},\"inLanguage\":\"de\",\"potentialAction\":[{\"@type\":\"ReadAction\",\"target\":[\"https:\\\/\\\/www.cbh-cyprus.com\\\/de\\\/aktivitaten\\\/bowling-urlaub\\\/bowling-nachrichten\\\/atlantic-senior-fours-2027\\\/\"]}]},{\"@type\":\"ImageObject\",\"inLanguage\":\"de\",\"@id\":\"https:\\\/\\\/www.cbh-cyprus.com\\\/de\\\/aktivitaten\\\/bowling-urlaub\\\/bowling-nachrichten\\\/atlantic-senior-fours-2027\\\/#primaryimage\",\"url\":\"https:\\\/\\\/www.cbh-cyprus.com\\\/app\\\/uploads\\\/sites\\\/30\\\/2026\\\/03\\\/AUG2553-scaled.jpg\",\"contentUrl\":\"https:\\\/\\\/www.cbh-cyprus.com\\\/app\\\/uploads\\\/sites\\\/30\\\/2026\\\/03\\\/AUG2553-scaled.jpg\",\"width\":2560,\"height\":1704},{\"@type\":\"BreadcrumbList\",\"@id\":\"https:\\\/\\\/www.cbh-cyprus.com\\\/de\\\/aktivitaten\\\/bowling-urlaub\\\/bowling-nachrichten\\\/atlantic-senior-fours-2027\\\/#breadcrumb\",\"itemListElement\":[{\"@type\":\"ListItem\",\"position\":1,\"name\":\"Home\",\"item\":\"https:\\\/\\\/www.cbh-cyprus.com\\\/de\\\/willkommen-in-den-constantinou-bros-hotels\\\/\"},{\"@type\":\"ListItem\",\"position\":2,\"name\":\"Aktivit\u00e4ten\",\"item\":\"https:\\\/\\\/www.cbh-cyprus.com\\\/de\\\/aktivitaten\\\/\"},{\"@type\":\"ListItem\",\"position\":3,\"name\":\"Bowling Ferien\",\"item\":\"https:\\\/\\\/www.cbh-cyprus.com\\\/de\\\/aktivitaten\\\/bowling-urlaub\\\/\"},{\"@type\":\"ListItem\",\"position\":4,\"name\":\"Bowling Nachrichten\",\"item\":\"https:\\\/\\\/www.cbh-cyprus.com\\\/de\\\/aktivitaten\\\/bowling-urlaub\\\/bowling-nachrichten\\\/\"},{\"@type\":\"ListItem\",\"position\":5,\"name\":\"ATLANTISCHE SENIOREN VIERER 2027\"}]},{\"@type\":\"WebSite\",\"@id\":\"https:\\\/\\\/www.cbh-cyprus.com\\\/de\\\/#website\",\"url\":\"https:\\\/\\\/www.cbh-cyprus.com\\\/de\\\/\",\"name\":\"Constantinou Bros Hotels\",\"description\":\"Constantinou Bros Hotels\",\"publisher\":{\"@id\":\"https:\\\/\\\/www.cbh-cyprus.com\\\/de\\\/#organization\"},\"potentialAction\":[{\"@type\":\"SearchAction\",\"target\":{\"@type\":\"EntryPoint\",\"urlTemplate\":\"https:\\\/\\\/www.cbh-cyprus.com\\\/de\\\/?s={search_term_string}\"},\"query-input\":{\"@type\":\"PropertyValueSpecification\",\"valueRequired\":true,\"valueName\":\"search_term_string\"}}],\"inLanguage\":\"de\"},{\"@type\":\"Organization\",\"@id\":\"https:\\\/\\\/www.cbh-cyprus.com\\\/de\\\/#organization\",\"name\":\"Constantinou Bros Hotels\",\"url\":\"https:\\\/\\\/www.cbh-cyprus.com\\\/de\\\/\",\"logo\":{\"@type\":\"ImageObject\",\"inLanguage\":\"de\",\"@id\":\"https:\\\/\\\/www.cbh-cyprus.com\\\/de\\\/#\\\/schema\\\/logo\\\/image\\\/\",\"url\":\"https:\\\/\\\/www.cbh-cyprus.com\\\/app\\\/uploads\\\/sites\\\/30\\\/2020\\\/10\\\/cbh.jpg\",\"contentUrl\":\"https:\\\/\\\/www.cbh-cyprus.com\\\/app\\\/uploads\\\/sites\\\/30\\\/2020\\\/10\\\/cbh.jpg\",\"width\":1013,\"height\":419,\"caption\":\"Constantinou Bros Hotels\"},\"image\":{\"@id\":\"https:\\\/\\\/www.cbh-cyprus.com\\\/de\\\/#\\\/schema\\\/logo\\\/image\\\/\"}}]}<\/script>\n<!-- \/ Yoast SEO plugin. -->","yoast_head_json":{"title":"ATLANTISCHE SENIOREN VIERER 2027 - Constantinou Bros Hotels","robots":{"index":"index","follow":"follow","max-snippet":"max-snippet:-1","max-image-preview":"max-image-preview:large","max-video-preview":"max-video-preview:-1"},"canonical":"https:\/\/www.cbh-cyprus.com\/de\/aktivitaten\/bowling-urlaub\/bowling-nachrichten\/atlantic-senior-fours-2027\/","og_locale":"de_DE","og_type":"article","og_title":"ATLANTISCHE SENIOREN VIERER 2027 - Constantinou Bros Hotels","og_description":"Bowls Cyprus freut sich, in Zusammenarbeit mit Constantinou Bros Hotels ank\u00fcndigen zu k\u00f6nnen, dass die Atlantic Senior Fours im Jahr 2027 nach Zypern zur\u00fcckkehren werden. Nach dem herausragenden Erfolg des Turniers 2025, bei dem internationale Teilnehmer zu diesem prestigetr\u00e4chtigen globalen Event begr\u00fc\u00dft wurden, sind die Voraussetzungen f\u00fcr eine noch gr\u00f6\u00dfere und spannendere Ausgabe gegeben. Machen","og_url":"https:\/\/www.cbh-cyprus.com\/de\/aktivitaten\/bowling-urlaub\/bowling-nachrichten\/atlantic-senior-fours-2027\/","og_site_name":"Constantinou Bros Hotels","og_image":[{"width":600,"height":399,"url":"https:\/\/www.cbh-cyprus.com\/app\/uploads\/sites\/30\/2026\/03\/AUG2553-600x399.jpg","type":"image\/jpeg"}],"twitter_card":"summary_large_image","schema":{"@context":"https:\/\/schema.org","@graph":[{"@type":"WebPage","@id":"https:\/\/www.cbh-cyprus.com\/de\/aktivitaten\/bowling-urlaub\/bowling-nachrichten\/atlantic-senior-fours-2027\/","url":"https:\/\/www.cbh-cyprus.com\/de\/aktivitaten\/bowling-urlaub\/bowling-nachrichten\/atlantic-senior-fours-2027\/","name":"ATLANTISCHE SENIOREN VIERER 2027 - Constantinou Bros Hotels","isPartOf":{"@id":"https:\/\/www.cbh-cyprus.com\/de\/#website"},"primaryImageOfPage":{"@id":"https:\/\/www.cbh-cyprus.com\/de\/aktivitaten\/bowling-urlaub\/bowling-nachrichten\/atlantic-senior-fours-2027\/#primaryimage"},"image":{"@id":"https:\/\/www.cbh-cyprus.com\/de\/aktivitaten\/bowling-urlaub\/bowling-nachrichten\/atlantic-senior-fours-2027\/#primaryimage"},"thumbnailUrl":"https:\/\/www.cbh-cyprus.com\/app\/uploads\/sites\/30\/2026\/03\/AUG2553-scaled.jpg","datePublished":"2026-03-27T13:22:39+00:00","breadcrumb":{"@id":"https:\/\/www.cbh-cyprus.com\/de\/aktivitaten\/bowling-urlaub\/bowling-nachrichten\/atlantic-senior-fours-2027\/#breadcrumb"},"inLanguage":"de","potentialAction":[{"@type":"ReadAction","target":["https:\/\/www.cbh-cyprus.com\/de\/aktivitaten\/bowling-urlaub\/bowling-nachrichten\/atlantic-senior-fours-2027\/"]}]},{"@type":"ImageObject","inLanguage":"de","@id":"https:\/\/www.cbh-cyprus.com\/de\/aktivitaten\/bowling-urlaub\/bowling-nachrichten\/atlantic-senior-fours-2027\/#primaryimage","url":"https:\/\/www.cbh-cyprus.com\/app\/uploads\/sites\/30\/2026\/03\/AUG2553-scaled.jpg","contentUrl":"https:\/\/www.cbh-cyprus.com\/app\/uploads\/sites\/30\/2026\/03\/AUG2553-scaled.jpg","width":2560,"height":1704},{"@type":"BreadcrumbList","@id":"https:\/\/www.cbh-cyprus.com\/de\/aktivitaten\/bowling-urlaub\/bowling-nachrichten\/atlantic-senior-fours-2027\/#breadcrumb","itemListElement":[{"@type":"ListItem","position":1,"name":"Home","item":"https:\/\/www.cbh-cyprus.com\/de\/willkommen-in-den-constantinou-bros-hotels\/"},{"@type":"ListItem","position":2,"name":"Aktivit\u00e4ten","item":"https:\/\/www.cbh-cyprus.com\/de\/aktivitaten\/"},{"@type":"ListItem","position":3,"name":"Bowling Ferien","item":"https:\/\/www.cbh-cyprus.com\/de\/aktivitaten\/bowling-urlaub\/"},{"@type":"ListItem","position":4,"name":"Bowling Nachrichten","item":"https:\/\/www.cbh-cyprus.com\/de\/aktivitaten\/bowling-urlaub\/bowling-nachrichten\/"},{"@type":"ListItem","position":5,"name":"ATLANTISCHE SENIOREN VIERER 2027"}]},{"@type":"WebSite","@id":"https:\/\/www.cbh-cyprus.com\/de\/#website","url":"https:\/\/www.cbh-cyprus.com\/de\/","name":"Constantinou Bros Hotels","description":"Constantinou Bros Hotels","publisher":{"@id":"https:\/\/www.cbh-cyprus.com\/de\/#organization"},"potentialAction":[{"@type":"SearchAction","target":{"@type":"EntryPoint","urlTemplate":"https:\/\/www.cbh-cyprus.com\/de\/?s={search_term_string}"},"query-input":{"@type":"PropertyValueSpecification","valueRequired":true,"valueName":"search_term_string"}}],"inLanguage":"de"},{"@type":"Organization","@id":"https:\/\/www.cbh-cyprus.com\/de\/#organization","name":"Constantinou Bros Hotels","url":"https:\/\/www.cbh-cyprus.com\/de\/","logo":{"@type":"ImageObject","inLanguage":"de","@id":"https:\/\/www.cbh-cyprus.com\/de\/#\/schema\/logo\/image\/","url":"https:\/\/www.cbh-cyprus.com\/app\/uploads\/sites\/30\/2020\/10\/cbh.jpg","contentUrl":"https:\/\/www.cbh-cyprus.com\/app\/uploads\/sites\/30\/2020\/10\/cbh.jpg","width":1013,"height":419,"caption":"Constantinou Bros Hotels"},"image":{"@id":"https:\/\/www.cbh-cyprus.com\/de\/#\/schema\/logo\/image\/"}}]}},"_links":{"self":[{"href":"https:\/\/www.cbh-cyprus.com\/de\/wp-json\/wp\/v2\/pages\/48091","targetHints":{"allow":["GET"]}}],"collection":[{"href":"https:\/\/www.cbh-cyprus.com\/de\/wp-json\/wp\/v2\/pages"}],"about":[{"href":"https:\/\/www.cbh-cyprus.com\/de\/wp-json\/wp\/v2\/types\/page"}],"author":[{"embeddable":true,"href":"https:\/\/www.cbh-cyprus.com\/de\/wp-json\/wp\/v2\/users\/100"}],"replies":[{"embeddable":true,"href":"https:\/\/www.cbh-cyprus.com\/de\/wp-json\/wp\/v2\/comments?post=48091"}],"version-history":[{"count":0,"href":"https:\/\/www.cbh-cyprus.com\/de\/wp-json\/wp\/v2\/pages\/48091\/revisions"}],"up":[{"embeddable":true,"href":"https:\/\/www.cbh-cyprus.com\/de\/wp-json\/wp\/v2\/pages\/2850"}],"wp:featuredmedia":[{"embeddable":true,"href":"https:\/\/www.cbh-cyprus.com\/de\/wp-json\/wp\/v2\/media\/48081"}],"wp:attachment":[{"href":"https:\/\/www.cbh-cyprus.com\/de\/wp-json\/wp\/v2\/media?parent=48091"}],"curies":[{"name":"wp","href":"https:\/\/api.w.org\/{rel}","templated":true}]}}