{"id":5392,"date":"2020-03-11T12:30:40","date_gmt":"2020-03-11T09:30:40","guid":{"rendered":"https:\/\/www.cbh-cyprus.com\/?page_id=5392"},"modified":"2020-03-11T13:00:10","modified_gmt":"2020-03-11T10:00:10","slug":"constantinou-bros-asimina-suites-hotel-eine-top-wahl-fuer-september-urlaub-laut-the-times","status":"publish","type":"page","link":"https:\/\/www.cbh-cyprus.com\/de\/die-gruppe\/nachrichten\/constantinou-bros-asimina-suites-hotel-eine-top-wahl-fuer-september-urlaub-laut-the-times\/","title":{"rendered":"Asimina Suites Hotel &#8211; Eine Top-Wahl f\u00fcr September Urlaub laut The Times"},"content":{"rendered":"<p>Wir sind sehr stolz darauf, bekannt zu geben, dass die Zeitung\u00a0<a href=\"https:\/\/www.cyprus-mail.com\/2018\/08\/22\/times-lists-two-cyprus-hotels-among-europes-top-20-for-september-sun\/\" target=\"_blank\" rel=\"noopener noreferrer\">THE TIMES das Constantinou Bros Asimina Suites Hotel als eines der zwei besten Hotels in Zypern von den besten 20 Hotels in ganz Europa f\u00fcr den Urlaub im September aufgef\u00fchrt hat.<\/a><\/p>\n<p>&nbsp;<\/p>\n<p>Das Constantinou Bros Asimina Suites Hotel \u2013 nur f\u00fcr Erwachsene &#8211; ein luxuri\u00f6ses Suiten -Hotel, mit eigenem Sandstrand, privaten Pools und Cabanas, bietet einen wundersch\u00f6nen Blick auf den Sonnenuntergang.<\/p>\n<p>&nbsp;<\/p>\n<p>Entspannen Sie sich undsteigern Sie Ihr Wohlbefinden, indem Sie in die ruhige und gelassene Atmosph\u00e4re unseres Elixir Spa eintauchen.<\/p>\n<p>&nbsp;<\/p>\n<p>Die Restaurants des Hotels garantieren Ihnen ein unvergessliches kulinarisches Erlebnis mit au\u00dfergew\u00f6hnlicher Qualit\u00e4t und tadellosem Service.<\/p>\n<p>&nbsp;<\/p>\n<p>Wir freuen uns, Sie in unseren Hotels wieder willkommen zu heissen und Ihnen ein erneutes hervorragendes Urlaubserlebnis zu bieten.<\/p>\n<p>Theas Afroditis Ave., P.O. Box 60182, CY8101, Pafos, Cyprus<br \/>\nTel:\u00a0<a href=\"tel:+35726964500\">+357 26 964 500<\/a>, Fax: +357 26 913 202, Email: reservations@cbh-cyprus.com<\/p>\n","protected":false},"excerpt":{"rendered":"<p>Wir sind sehr stolz darauf, bekannt zu geben, dass die Zeitung\u00a0THE TIMES das Constantinou Bros Asimina Suites Hotel als eines der zwei besten Hotels in Zypern von den besten 20 Hotels in ganz Europa f\u00fcr den Urlaub im September aufgef\u00fchrt hat. &nbsp; Das Constantinou Bros Asimina Suites Hotel \u2013 nur f\u00fcr Erwachsene &#8211; ein luxuri\u00f6ses<\/p>\n","protected":false},"author":100,"featured_media":5361,"parent":2817,"menu_order":0,"comment_status":"closed","ping_status":"closed","template":"","meta":{"_acf_changed":false,"footnotes":""},"class_list":["post-5392","page","type-page","status-publish","has-post-thumbnail","hentry"],"acf":[],"yoast_head":"<!-- This site is optimized with the Yoast SEO plugin v27.5 - https:\/\/yoast.com\/product\/yoast-seo-wordpress\/ -->\n<title>Asimina Suites Hotel - Eine Top-Wahl f\u00fcr September Urlaub laut The Times - Constantinou Bros Hotels<\/title>\n<meta name=\"robots\" content=\"index, follow, max-snippet:-1, max-image-preview:large, max-video-preview:-1\" \/>\n<link rel=\"canonical\" href=\"https:\/\/www.cbh-cyprus.com\/de\/die-gruppe\/nachrichten\/constantinou-bros-asimina-suites-hotel-eine-top-wahl-fuer-september-urlaub-laut-the-times\/\" \/>\n<meta property=\"og:locale\" content=\"de_DE\" \/>\n<meta property=\"og:type\" content=\"article\" \/>\n<meta property=\"og:title\" content=\"Asimina Suites Hotel - Eine Top-Wahl f\u00fcr September Urlaub laut The Times - Constantinou Bros Hotels\" \/>\n<meta property=\"og:description\" content=\"Wir sind sehr stolz darauf, bekannt zu geben, dass die Zeitung\u00a0THE TIMES das Constantinou Bros Asimina Suites Hotel als eines der zwei besten Hotels in Zypern von den besten 20 Hotels in ganz Europa f\u00fcr den Urlaub im September aufgef\u00fchrt hat. &nbsp; Das Constantinou Bros Asimina Suites Hotel \u2013 nur f\u00fcr Erwachsene &#8211; ein luxuri\u00f6ses\" \/>\n<meta property=\"og:url\" content=\"https:\/\/www.cbh-cyprus.com\/de\/die-gruppe\/nachrichten\/constantinou-bros-asimina-suites-hotel-eine-top-wahl-fuer-september-urlaub-laut-the-times\/\" \/>\n<meta property=\"og:site_name\" content=\"Constantinou Bros Hotels\" \/>\n<meta property=\"article:modified_time\" content=\"2020-03-11T10:00:10+00:00\" \/>\n<meta property=\"og:image\" content=\"https:\/\/www.cbh-cyprus.com\/app\/uploads\/sites\/30\/2020\/03\/Untitled-design-22.png\" \/>\n\t<meta property=\"og:image:width\" content=\"1080\" \/>\n\t<meta property=\"og:image:height\" content=\"1080\" \/>\n\t<meta property=\"og:image:type\" content=\"image\/png\" \/>\n<meta name=\"twitter:card\" content=\"summary_large_image\" \/>\n<meta name=\"twitter:label1\" content=\"Gesch\u00e4tzte Lesezeit\" \/>\n\t<meta name=\"twitter:data1\" content=\"1\u00a0Minute\" \/>\n<script type=\"application\/ld+json\" class=\"yoast-schema-graph\">{\"@context\":\"https:\\\/\\\/schema.org\",\"@graph\":[{\"@type\":\"WebPage\",\"@id\":\"https:\\\/\\\/www.cbh-cyprus.com\\\/de\\\/die-gruppe\\\/nachrichten\\\/constantinou-bros-asimina-suites-hotel-eine-top-wahl-fuer-september-urlaub-laut-the-times\\\/\",\"url\":\"https:\\\/\\\/www.cbh-cyprus.com\\\/de\\\/die-gruppe\\\/nachrichten\\\/constantinou-bros-asimina-suites-hotel-eine-top-wahl-fuer-september-urlaub-laut-the-times\\\/\",\"name\":\"Asimina Suites Hotel - Eine Top-Wahl f\u00fcr September Urlaub laut The Times - Constantinou Bros Hotels\",\"isPartOf\":{\"@id\":\"https:\\\/\\\/www.cbh-cyprus.com\\\/de\\\/#website\"},\"primaryImageOfPage\":{\"@id\":\"https:\\\/\\\/www.cbh-cyprus.com\\\/de\\\/die-gruppe\\\/nachrichten\\\/constantinou-bros-asimina-suites-hotel-eine-top-wahl-fuer-september-urlaub-laut-the-times\\\/#primaryimage\"},\"image\":{\"@id\":\"https:\\\/\\\/www.cbh-cyprus.com\\\/de\\\/die-gruppe\\\/nachrichten\\\/constantinou-bros-asimina-suites-hotel-eine-top-wahl-fuer-september-urlaub-laut-the-times\\\/#primaryimage\"},\"thumbnailUrl\":\"https:\\\/\\\/www.cbh-cyprus.com\\\/app\\\/uploads\\\/sites\\\/30\\\/2020\\\/03\\\/Untitled-design-22.png\",\"datePublished\":\"2020-03-11T09:30:40+00:00\",\"dateModified\":\"2020-03-11T10:00:10+00:00\",\"breadcrumb\":{\"@id\":\"https:\\\/\\\/www.cbh-cyprus.com\\\/de\\\/die-gruppe\\\/nachrichten\\\/constantinou-bros-asimina-suites-hotel-eine-top-wahl-fuer-september-urlaub-laut-the-times\\\/#breadcrumb\"},\"inLanguage\":\"de\",\"potentialAction\":[{\"@type\":\"ReadAction\",\"target\":[\"https:\\\/\\\/www.cbh-cyprus.com\\\/de\\\/die-gruppe\\\/nachrichten\\\/constantinou-bros-asimina-suites-hotel-eine-top-wahl-fuer-september-urlaub-laut-the-times\\\/\"]}]},{\"@type\":\"ImageObject\",\"inLanguage\":\"de\",\"@id\":\"https:\\\/\\\/www.cbh-cyprus.com\\\/de\\\/die-gruppe\\\/nachrichten\\\/constantinou-bros-asimina-suites-hotel-eine-top-wahl-fuer-september-urlaub-laut-the-times\\\/#primaryimage\",\"url\":\"https:\\\/\\\/www.cbh-cyprus.com\\\/app\\\/uploads\\\/sites\\\/30\\\/2020\\\/03\\\/Untitled-design-22.png\",\"contentUrl\":\"https:\\\/\\\/www.cbh-cyprus.com\\\/app\\\/uploads\\\/sites\\\/30\\\/2020\\\/03\\\/Untitled-design-22.png\",\"width\":1080,\"height\":1080},{\"@type\":\"BreadcrumbList\",\"@id\":\"https:\\\/\\\/www.cbh-cyprus.com\\\/de\\\/die-gruppe\\\/nachrichten\\\/constantinou-bros-asimina-suites-hotel-eine-top-wahl-fuer-september-urlaub-laut-the-times\\\/#breadcrumb\",\"itemListElement\":[{\"@type\":\"ListItem\",\"position\":1,\"name\":\"Home\",\"item\":\"https:\\\/\\\/www.cbh-cyprus.com\\\/de\\\/willkommen-in-den-constantinou-bros-hotels\\\/\"},{\"@type\":\"ListItem\",\"position\":2,\"name\":\"Die Gruppe\",\"item\":\"https:\\\/\\\/www.cbh-cyprus.com\\\/de\\\/die-gruppe\\\/\"},{\"@type\":\"ListItem\",\"position\":3,\"name\":\"Nachrichten\",\"item\":\"https:\\\/\\\/www.cbh-cyprus.com\\\/de\\\/die-gruppe\\\/nachrichten\\\/\"},{\"@type\":\"ListItem\",\"position\":4,\"name\":\"Asimina Suites Hotel &#8211; Eine Top-Wahl f\u00fcr September Urlaub laut The Times\"}]},{\"@type\":\"WebSite\",\"@id\":\"https:\\\/\\\/www.cbh-cyprus.com\\\/de\\\/#website\",\"url\":\"https:\\\/\\\/www.cbh-cyprus.com\\\/de\\\/\",\"name\":\"Constantinou Bros Hotels\",\"description\":\"Constantinou Bros Hotels\",\"publisher\":{\"@id\":\"https:\\\/\\\/www.cbh-cyprus.com\\\/de\\\/#organization\"},\"potentialAction\":[{\"@type\":\"SearchAction\",\"target\":{\"@type\":\"EntryPoint\",\"urlTemplate\":\"https:\\\/\\\/www.cbh-cyprus.com\\\/de\\\/?s={search_term_string}\"},\"query-input\":{\"@type\":\"PropertyValueSpecification\",\"valueRequired\":true,\"valueName\":\"search_term_string\"}}],\"inLanguage\":\"de\"},{\"@type\":\"Organization\",\"@id\":\"https:\\\/\\\/www.cbh-cyprus.com\\\/de\\\/#organization\",\"name\":\"Constantinou Bros Hotels\",\"url\":\"https:\\\/\\\/www.cbh-cyprus.com\\\/de\\\/\",\"logo\":{\"@type\":\"ImageObject\",\"inLanguage\":\"de\",\"@id\":\"https:\\\/\\\/www.cbh-cyprus.com\\\/de\\\/#\\\/schema\\\/logo\\\/image\\\/\",\"url\":\"https:\\\/\\\/www.cbh-cyprus.com\\\/app\\\/uploads\\\/sites\\\/30\\\/2020\\\/10\\\/cbh.jpg\",\"contentUrl\":\"https:\\\/\\\/www.cbh-cyprus.com\\\/app\\\/uploads\\\/sites\\\/30\\\/2020\\\/10\\\/cbh.jpg\",\"width\":1013,\"height\":419,\"caption\":\"Constantinou Bros Hotels\"},\"image\":{\"@id\":\"https:\\\/\\\/www.cbh-cyprus.com\\\/de\\\/#\\\/schema\\\/logo\\\/image\\\/\"}}]}<\/script>\n<!-- \/ Yoast SEO plugin. -->","yoast_head_json":{"title":"Asimina Suites Hotel - Eine Top-Wahl f\u00fcr September Urlaub laut The Times - Constantinou Bros Hotels","robots":{"index":"index","follow":"follow","max-snippet":"max-snippet:-1","max-image-preview":"max-image-preview:large","max-video-preview":"max-video-preview:-1"},"canonical":"https:\/\/www.cbh-cyprus.com\/de\/die-gruppe\/nachrichten\/constantinou-bros-asimina-suites-hotel-eine-top-wahl-fuer-september-urlaub-laut-the-times\/","og_locale":"de_DE","og_type":"article","og_title":"Asimina Suites Hotel - Eine Top-Wahl f\u00fcr September Urlaub laut The Times - Constantinou Bros Hotels","og_description":"Wir sind sehr stolz darauf, bekannt zu geben, dass die Zeitung\u00a0THE TIMES das Constantinou Bros Asimina Suites Hotel als eines der zwei besten Hotels in Zypern von den besten 20 Hotels in ganz Europa f\u00fcr den Urlaub im September aufgef\u00fchrt hat. &nbsp; Das Constantinou Bros Asimina Suites Hotel \u2013 nur f\u00fcr Erwachsene &#8211; ein luxuri\u00f6ses","og_url":"https:\/\/www.cbh-cyprus.com\/de\/die-gruppe\/nachrichten\/constantinou-bros-asimina-suites-hotel-eine-top-wahl-fuer-september-urlaub-laut-the-times\/","og_site_name":"Constantinou Bros Hotels","article_modified_time":"2020-03-11T10:00:10+00:00","og_image":[{"width":1080,"height":1080,"url":"https:\/\/www.cbh-cyprus.com\/app\/uploads\/sites\/30\/2020\/03\/Untitled-design-22.png","type":"image\/png"}],"twitter_card":"summary_large_image","twitter_misc":{"Gesch\u00e4tzte Lesezeit":"1\u00a0Minute"},"schema":{"@context":"https:\/\/schema.org","@graph":[{"@type":"WebPage","@id":"https:\/\/www.cbh-cyprus.com\/de\/die-gruppe\/nachrichten\/constantinou-bros-asimina-suites-hotel-eine-top-wahl-fuer-september-urlaub-laut-the-times\/","url":"https:\/\/www.cbh-cyprus.com\/de\/die-gruppe\/nachrichten\/constantinou-bros-asimina-suites-hotel-eine-top-wahl-fuer-september-urlaub-laut-the-times\/","name":"Asimina Suites Hotel - Eine Top-Wahl f\u00fcr September Urlaub laut The Times - Constantinou Bros Hotels","isPartOf":{"@id":"https:\/\/www.cbh-cyprus.com\/de\/#website"},"primaryImageOfPage":{"@id":"https:\/\/www.cbh-cyprus.com\/de\/die-gruppe\/nachrichten\/constantinou-bros-asimina-suites-hotel-eine-top-wahl-fuer-september-urlaub-laut-the-times\/#primaryimage"},"image":{"@id":"https:\/\/www.cbh-cyprus.com\/de\/die-gruppe\/nachrichten\/constantinou-bros-asimina-suites-hotel-eine-top-wahl-fuer-september-urlaub-laut-the-times\/#primaryimage"},"thumbnailUrl":"https:\/\/www.cbh-cyprus.com\/app\/uploads\/sites\/30\/2020\/03\/Untitled-design-22.png","datePublished":"2020-03-11T09:30:40+00:00","dateModified":"2020-03-11T10:00:10+00:00","breadcrumb":{"@id":"https:\/\/www.cbh-cyprus.com\/de\/die-gruppe\/nachrichten\/constantinou-bros-asimina-suites-hotel-eine-top-wahl-fuer-september-urlaub-laut-the-times\/#breadcrumb"},"inLanguage":"de","potentialAction":[{"@type":"ReadAction","target":["https:\/\/www.cbh-cyprus.com\/de\/die-gruppe\/nachrichten\/constantinou-bros-asimina-suites-hotel-eine-top-wahl-fuer-september-urlaub-laut-the-times\/"]}]},{"@type":"ImageObject","inLanguage":"de","@id":"https:\/\/www.cbh-cyprus.com\/de\/die-gruppe\/nachrichten\/constantinou-bros-asimina-suites-hotel-eine-top-wahl-fuer-september-urlaub-laut-the-times\/#primaryimage","url":"https:\/\/www.cbh-cyprus.com\/app\/uploads\/sites\/30\/2020\/03\/Untitled-design-22.png","contentUrl":"https:\/\/www.cbh-cyprus.com\/app\/uploads\/sites\/30\/2020\/03\/Untitled-design-22.png","width":1080,"height":1080},{"@type":"BreadcrumbList","@id":"https:\/\/www.cbh-cyprus.com\/de\/die-gruppe\/nachrichten\/constantinou-bros-asimina-suites-hotel-eine-top-wahl-fuer-september-urlaub-laut-the-times\/#breadcrumb","itemListElement":[{"@type":"ListItem","position":1,"name":"Home","item":"https:\/\/www.cbh-cyprus.com\/de\/willkommen-in-den-constantinou-bros-hotels\/"},{"@type":"ListItem","position":2,"name":"Die Gruppe","item":"https:\/\/www.cbh-cyprus.com\/de\/die-gruppe\/"},{"@type":"ListItem","position":3,"name":"Nachrichten","item":"https:\/\/www.cbh-cyprus.com\/de\/die-gruppe\/nachrichten\/"},{"@type":"ListItem","position":4,"name":"Asimina Suites Hotel &#8211; Eine Top-Wahl f\u00fcr September Urlaub laut The Times"}]},{"@type":"WebSite","@id":"https:\/\/www.cbh-cyprus.com\/de\/#website","url":"https:\/\/www.cbh-cyprus.com\/de\/","name":"Constantinou Bros Hotels","description":"Constantinou Bros Hotels","publisher":{"@id":"https:\/\/www.cbh-cyprus.com\/de\/#organization"},"potentialAction":[{"@type":"SearchAction","target":{"@type":"EntryPoint","urlTemplate":"https:\/\/www.cbh-cyprus.com\/de\/?s={search_term_string}"},"query-input":{"@type":"PropertyValueSpecification","valueRequired":true,"valueName":"search_term_string"}}],"inLanguage":"de"},{"@type":"Organization","@id":"https:\/\/www.cbh-cyprus.com\/de\/#organization","name":"Constantinou Bros Hotels","url":"https:\/\/www.cbh-cyprus.com\/de\/","logo":{"@type":"ImageObject","inLanguage":"de","@id":"https:\/\/www.cbh-cyprus.com\/de\/#\/schema\/logo\/image\/","url":"https:\/\/www.cbh-cyprus.com\/app\/uploads\/sites\/30\/2020\/10\/cbh.jpg","contentUrl":"https:\/\/www.cbh-cyprus.com\/app\/uploads\/sites\/30\/2020\/10\/cbh.jpg","width":1013,"height":419,"caption":"Constantinou Bros Hotels"},"image":{"@id":"https:\/\/www.cbh-cyprus.com\/de\/#\/schema\/logo\/image\/"}}]}},"_links":{"self":[{"href":"https:\/\/www.cbh-cyprus.com\/de\/wp-json\/wp\/v2\/pages\/5392","targetHints":{"allow":["GET"]}}],"collection":[{"href":"https:\/\/www.cbh-cyprus.com\/de\/wp-json\/wp\/v2\/pages"}],"about":[{"href":"https:\/\/www.cbh-cyprus.com\/de\/wp-json\/wp\/v2\/types\/page"}],"author":[{"embeddable":true,"href":"https:\/\/www.cbh-cyprus.com\/de\/wp-json\/wp\/v2\/users\/100"}],"replies":[{"embeddable":true,"href":"https:\/\/www.cbh-cyprus.com\/de\/wp-json\/wp\/v2\/comments?post=5392"}],"version-history":[{"count":2,"href":"https:\/\/www.cbh-cyprus.com\/de\/wp-json\/wp\/v2\/pages\/5392\/revisions"}],"predecessor-version":[{"id":5402,"href":"https:\/\/www.cbh-cyprus.com\/de\/wp-json\/wp\/v2\/pages\/5392\/revisions\/5402"}],"up":[{"embeddable":true,"href":"https:\/\/www.cbh-cyprus.com\/de\/wp-json\/wp\/v2\/pages\/2817"}],"wp:featuredmedia":[{"embeddable":true,"href":"https:\/\/www.cbh-cyprus.com\/de\/wp-json\/wp\/v2\/media\/5361"}],"wp:attachment":[{"href":"https:\/\/www.cbh-cyprus.com\/de\/wp-json\/wp\/v2\/media?parent=5392"}],"curies":[{"name":"wp","href":"https:\/\/api.w.org\/{rel}","templated":true}]}}