{"id":5428,"date":"2020-03-17T17:06:55","date_gmt":"2020-03-17T14:06:55","guid":{"rendered":"https:\/\/www.cbh-cyprus.com\/the-group\/news\/coronavirus-covid-19-update\/"},"modified":"2024-07-23T12:17:47","modified_gmt":"2024-07-23T09:17:47","slug":"coronavirus-covid-19-aktualisierung","status":"publish","type":"page","link":"https:\/\/www.cbh-cyprus.com\/de\/coronavirus-covid-19-aktualisierung\/","title":{"rendered":"CORONAVIRUS (COVID-19) UPDATE"},"content":{"rendered":"<p>CORONAVIRUS (COVID-19) UPDATE Nach der Ank\u00fcndigung von Pr\u00e4ventivma\u00dfnahmen zur Bek\u00e4mpfung der Ausbreitung von COVID-19 und angesichts der j\u00fcngsten Entwicklungen und Bewertungen hat die Regierung der Republik Zypern unter anderem neue Ma\u00dfnahmen f\u00fcr den Hotelbetrieb angek\u00fcndigt, wonach alle Hotelbetriebe in der Republik Zypern vom 21. M\u00e4rz bis zum 30. April 2020 (beide Daten einschlie\u00dflich) geschlossen bleiben m\u00fcssen.<span class=\"text_exposed_show\">Wir m\u00f6chten alle unsere G\u00e4ste dar\u00fcber informieren, dass alle Constantinou Bros Hotels zwischen den oben genannten Terminen geschlossen sein werden. Wir bitten Sie, alle entsprechenden Vorkehrungen zu treffen und daf\u00fcr zu sorgen, dass die Fl\u00fcge so organisiert\/ge\u00e4ndert werden, dass Sie bis zum 21. M\u00e4rz 2020 abreisen k\u00f6nnen.<\/span><\/p>\n<div class=\"text_exposed_show\">  Es besteht die M\u00f6glichkeit, dass vor dem oben genannten Datum Konsolidierungsma\u00dfnahmen getroffen werden, die sich auf die derzeitigen Bewohner des Hauses auswirken k\u00f6nnten.<br \/>\nWir werden nat\u00fcrlich alle Entwicklungen in dieser Angelegenheit pr\u00fcfen und Sie auf dem Laufenden halten, ebenso wie alle \u00c4nderungen an den Protokollen oder die R\u00fccknahme dieser Ma\u00dfnahmen.<br \/>\nPositiv zu vermerken ist, dass wir unseren gesch\u00e4tzten G\u00e4sten bis zum 31. Oktober 2020 alle Stornierungsgeb\u00fchren erlassen, so dass unsere G\u00e4ste die M\u00f6glichkeit haben, zu einem sp\u00e4teren Zeitpunkt neu zu buchen.<br \/>\nWir versichern Ihnen jederzeit unsere beste Aufmerksamkeit     <\/div>\n","protected":false},"excerpt":{"rendered":"<p>CORONAVIRUS (COVID-19) UPDATE Nach der Ank\u00fcndigung von Pr\u00e4ventivma\u00dfnahmen zur Bek\u00e4mpfung der Ausbreitung von COVID-19 und angesichts der j\u00fcngsten Entwicklungen und Bewertungen hat die Regierung der Republik Zypern unter anderem neue Ma\u00dfnahmen f\u00fcr den Hotelbetrieb angek\u00fcndigt, wonach alle Hotelbetriebe in der Republik Zypern vom 21. M\u00e4rz bis zum 30. April 2020 (beide Daten einschlie\u00dflich) geschlossen bleiben<\/p>\n","protected":false},"author":100,"featured_media":5881,"parent":0,"menu_order":0,"comment_status":"closed","ping_status":"closed","template":"","meta":{"_acf_changed":false,"footnotes":""},"class_list":["post-5428","page","type-page","status-publish","has-post-thumbnail","hentry"],"acf":[],"yoast_head":"<!-- This site is optimized with the Yoast SEO plugin v27.3 - https:\/\/yoast.com\/product\/yoast-seo-wordpress\/ -->\n<title>CORONAVIRUS (COVID-19) UPDATE - Constantinou Bros Hotels<\/title>\n<meta name=\"description\" content=\"Um Ihren Urlaub w\u00e4hrend Covid-19 zu sichern, lesen Sie unser aktuelles Update zu Gesundheit und Sicherheit sowie unsere Richtlinien f\u00fcr Stornierungen und Umbuchungen.\" \/>\n<meta name=\"robots\" content=\"index, follow, max-snippet:-1, max-image-preview:large, max-video-preview:-1\" \/>\n<link rel=\"canonical\" href=\"https:\/\/www.cbh-cyprus.com\/de\/coronavirus-covid-19-aktualisierung\/\" \/>\n<meta property=\"og:locale\" content=\"de_DE\" \/>\n<meta property=\"og:type\" content=\"article\" \/>\n<meta property=\"og:title\" content=\"CORONAVIRUS (COVID-19) UPDATE - Constantinou Bros Hotels\" \/>\n<meta property=\"og:description\" content=\"Um Ihren Urlaub w\u00e4hrend Covid-19 zu sichern, lesen Sie unser aktuelles Update zu Gesundheit und Sicherheit sowie unsere Richtlinien f\u00fcr Stornierungen und Umbuchungen.\" \/>\n<meta property=\"og:url\" content=\"https:\/\/www.cbh-cyprus.com\/de\/coronavirus-covid-19-aktualisierung\/\" \/>\n<meta property=\"og:site_name\" content=\"Constantinou Bros Hotels\" \/>\n<meta property=\"article:modified_time\" content=\"2024-07-23T09:17:47+00:00\" \/>\n<meta property=\"og:image\" content=\"https:\/\/www.cbh-cyprus.com\/app\/uploads\/sites\/30\/2020\/06\/7-ATHENA-BEACH-HOTEL-OUTDOOR-POOL.jpg\" \/>\n\t<meta property=\"og:image:width\" content=\"8186\" \/>\n\t<meta property=\"og:image:height\" content=\"5457\" \/>\n\t<meta property=\"og:image:type\" content=\"image\/jpeg\" \/>\n<meta name=\"twitter:card\" content=\"summary_large_image\" \/>\n<meta name=\"twitter:label1\" content=\"Gesch\u00e4tzte Lesezeit\" \/>\n\t<meta name=\"twitter:data1\" content=\"1\u00a0Minute\" \/>\n<script type=\"application\/ld+json\" class=\"yoast-schema-graph\">{\"@context\":\"https:\\\/\\\/schema.org\",\"@graph\":[{\"@type\":\"WebPage\",\"@id\":\"https:\\\/\\\/www.cbh-cyprus.com\\\/de\\\/coronavirus-covid-19-aktualisierung\\\/\",\"url\":\"https:\\\/\\\/www.cbh-cyprus.com\\\/de\\\/coronavirus-covid-19-aktualisierung\\\/\",\"name\":\"CORONAVIRUS (COVID-19) UPDATE - Constantinou Bros Hotels\",\"isPartOf\":{\"@id\":\"https:\\\/\\\/www.cbh-cyprus.com\\\/de\\\/#website\"},\"primaryImageOfPage\":{\"@id\":\"https:\\\/\\\/www.cbh-cyprus.com\\\/de\\\/coronavirus-covid-19-aktualisierung\\\/#primaryimage\"},\"image\":{\"@id\":\"https:\\\/\\\/www.cbh-cyprus.com\\\/de\\\/coronavirus-covid-19-aktualisierung\\\/#primaryimage\"},\"thumbnailUrl\":\"https:\\\/\\\/www.cbh-cyprus.com\\\/app\\\/uploads\\\/sites\\\/30\\\/2020\\\/06\\\/7-ATHENA-BEACH-HOTEL-OUTDOOR-POOL.jpg\",\"datePublished\":\"2020-03-17T14:06:55+00:00\",\"dateModified\":\"2024-07-23T09:17:47+00:00\",\"description\":\"Um Ihren Urlaub w\u00e4hrend Covid-19 zu sichern, lesen Sie unser aktuelles Update zu Gesundheit und Sicherheit sowie unsere Richtlinien f\u00fcr Stornierungen und Umbuchungen.\",\"breadcrumb\":{\"@id\":\"https:\\\/\\\/www.cbh-cyprus.com\\\/de\\\/coronavirus-covid-19-aktualisierung\\\/#breadcrumb\"},\"inLanguage\":\"de\",\"potentialAction\":[{\"@type\":\"ReadAction\",\"target\":[\"https:\\\/\\\/www.cbh-cyprus.com\\\/de\\\/coronavirus-covid-19-aktualisierung\\\/\"]}]},{\"@type\":\"ImageObject\",\"inLanguage\":\"de\",\"@id\":\"https:\\\/\\\/www.cbh-cyprus.com\\\/de\\\/coronavirus-covid-19-aktualisierung\\\/#primaryimage\",\"url\":\"https:\\\/\\\/www.cbh-cyprus.com\\\/app\\\/uploads\\\/sites\\\/30\\\/2020\\\/06\\\/7-ATHENA-BEACH-HOTEL-OUTDOOR-POOL.jpg\",\"contentUrl\":\"https:\\\/\\\/www.cbh-cyprus.com\\\/app\\\/uploads\\\/sites\\\/30\\\/2020\\\/06\\\/7-ATHENA-BEACH-HOTEL-OUTDOOR-POOL.jpg\",\"width\":8186,\"height\":5457},{\"@type\":\"BreadcrumbList\",\"@id\":\"https:\\\/\\\/www.cbh-cyprus.com\\\/de\\\/coronavirus-covid-19-aktualisierung\\\/#breadcrumb\",\"itemListElement\":[{\"@type\":\"ListItem\",\"position\":1,\"name\":\"Home\",\"item\":\"https:\\\/\\\/www.cbh-cyprus.com\\\/de\\\/willkommen-in-den-constantinou-bros-hotels\\\/\"},{\"@type\":\"ListItem\",\"position\":2,\"name\":\"CORONAVIRUS (COVID-19) UPDATE\"}]},{\"@type\":\"WebSite\",\"@id\":\"https:\\\/\\\/www.cbh-cyprus.com\\\/de\\\/#website\",\"url\":\"https:\\\/\\\/www.cbh-cyprus.com\\\/de\\\/\",\"name\":\"Constantinou Bros Hotels\",\"description\":\"Constantinou Bros Hotels\",\"publisher\":{\"@id\":\"https:\\\/\\\/www.cbh-cyprus.com\\\/de\\\/#organization\"},\"potentialAction\":[{\"@type\":\"SearchAction\",\"target\":{\"@type\":\"EntryPoint\",\"urlTemplate\":\"https:\\\/\\\/www.cbh-cyprus.com\\\/de\\\/?s={search_term_string}\"},\"query-input\":{\"@type\":\"PropertyValueSpecification\",\"valueRequired\":true,\"valueName\":\"search_term_string\"}}],\"inLanguage\":\"de\"},{\"@type\":\"Organization\",\"@id\":\"https:\\\/\\\/www.cbh-cyprus.com\\\/de\\\/#organization\",\"name\":\"Constantinou Bros Hotels\",\"url\":\"https:\\\/\\\/www.cbh-cyprus.com\\\/de\\\/\",\"logo\":{\"@type\":\"ImageObject\",\"inLanguage\":\"de\",\"@id\":\"https:\\\/\\\/www.cbh-cyprus.com\\\/de\\\/#\\\/schema\\\/logo\\\/image\\\/\",\"url\":\"https:\\\/\\\/www.cbh-cyprus.com\\\/app\\\/uploads\\\/sites\\\/30\\\/2020\\\/10\\\/cbh.jpg\",\"contentUrl\":\"https:\\\/\\\/www.cbh-cyprus.com\\\/app\\\/uploads\\\/sites\\\/30\\\/2020\\\/10\\\/cbh.jpg\",\"width\":1013,\"height\":419,\"caption\":\"Constantinou Bros Hotels\"},\"image\":{\"@id\":\"https:\\\/\\\/www.cbh-cyprus.com\\\/de\\\/#\\\/schema\\\/logo\\\/image\\\/\"}}]}<\/script>\n<!-- \/ Yoast SEO plugin. -->","yoast_head_json":{"title":"CORONAVIRUS (COVID-19) UPDATE - Constantinou Bros Hotels","description":"Um Ihren Urlaub w\u00e4hrend Covid-19 zu sichern, lesen Sie unser aktuelles Update zu Gesundheit und Sicherheit sowie unsere Richtlinien f\u00fcr Stornierungen und Umbuchungen.","robots":{"index":"index","follow":"follow","max-snippet":"max-snippet:-1","max-image-preview":"max-image-preview:large","max-video-preview":"max-video-preview:-1"},"canonical":"https:\/\/www.cbh-cyprus.com\/de\/coronavirus-covid-19-aktualisierung\/","og_locale":"de_DE","og_type":"article","og_title":"CORONAVIRUS (COVID-19) UPDATE - Constantinou Bros Hotels","og_description":"Um Ihren Urlaub w\u00e4hrend Covid-19 zu sichern, lesen Sie unser aktuelles Update zu Gesundheit und Sicherheit sowie unsere Richtlinien f\u00fcr Stornierungen und Umbuchungen.","og_url":"https:\/\/www.cbh-cyprus.com\/de\/coronavirus-covid-19-aktualisierung\/","og_site_name":"Constantinou Bros Hotels","article_modified_time":"2024-07-23T09:17:47+00:00","og_image":[{"width":8186,"height":5457,"url":"https:\/\/www.cbh-cyprus.com\/app\/uploads\/sites\/30\/2020\/06\/7-ATHENA-BEACH-HOTEL-OUTDOOR-POOL.jpg","type":"image\/jpeg"}],"twitter_card":"summary_large_image","twitter_misc":{"Gesch\u00e4tzte Lesezeit":"1\u00a0Minute"},"schema":{"@context":"https:\/\/schema.org","@graph":[{"@type":"WebPage","@id":"https:\/\/www.cbh-cyprus.com\/de\/coronavirus-covid-19-aktualisierung\/","url":"https:\/\/www.cbh-cyprus.com\/de\/coronavirus-covid-19-aktualisierung\/","name":"CORONAVIRUS (COVID-19) UPDATE - Constantinou Bros Hotels","isPartOf":{"@id":"https:\/\/www.cbh-cyprus.com\/de\/#website"},"primaryImageOfPage":{"@id":"https:\/\/www.cbh-cyprus.com\/de\/coronavirus-covid-19-aktualisierung\/#primaryimage"},"image":{"@id":"https:\/\/www.cbh-cyprus.com\/de\/coronavirus-covid-19-aktualisierung\/#primaryimage"},"thumbnailUrl":"https:\/\/www.cbh-cyprus.com\/app\/uploads\/sites\/30\/2020\/06\/7-ATHENA-BEACH-HOTEL-OUTDOOR-POOL.jpg","datePublished":"2020-03-17T14:06:55+00:00","dateModified":"2024-07-23T09:17:47+00:00","description":"Um Ihren Urlaub w\u00e4hrend Covid-19 zu sichern, lesen Sie unser aktuelles Update zu Gesundheit und Sicherheit sowie unsere Richtlinien f\u00fcr Stornierungen und Umbuchungen.","breadcrumb":{"@id":"https:\/\/www.cbh-cyprus.com\/de\/coronavirus-covid-19-aktualisierung\/#breadcrumb"},"inLanguage":"de","potentialAction":[{"@type":"ReadAction","target":["https:\/\/www.cbh-cyprus.com\/de\/coronavirus-covid-19-aktualisierung\/"]}]},{"@type":"ImageObject","inLanguage":"de","@id":"https:\/\/www.cbh-cyprus.com\/de\/coronavirus-covid-19-aktualisierung\/#primaryimage","url":"https:\/\/www.cbh-cyprus.com\/app\/uploads\/sites\/30\/2020\/06\/7-ATHENA-BEACH-HOTEL-OUTDOOR-POOL.jpg","contentUrl":"https:\/\/www.cbh-cyprus.com\/app\/uploads\/sites\/30\/2020\/06\/7-ATHENA-BEACH-HOTEL-OUTDOOR-POOL.jpg","width":8186,"height":5457},{"@type":"BreadcrumbList","@id":"https:\/\/www.cbh-cyprus.com\/de\/coronavirus-covid-19-aktualisierung\/#breadcrumb","itemListElement":[{"@type":"ListItem","position":1,"name":"Home","item":"https:\/\/www.cbh-cyprus.com\/de\/willkommen-in-den-constantinou-bros-hotels\/"},{"@type":"ListItem","position":2,"name":"CORONAVIRUS (COVID-19) UPDATE"}]},{"@type":"WebSite","@id":"https:\/\/www.cbh-cyprus.com\/de\/#website","url":"https:\/\/www.cbh-cyprus.com\/de\/","name":"Constantinou Bros Hotels","description":"Constantinou Bros Hotels","publisher":{"@id":"https:\/\/www.cbh-cyprus.com\/de\/#organization"},"potentialAction":[{"@type":"SearchAction","target":{"@type":"EntryPoint","urlTemplate":"https:\/\/www.cbh-cyprus.com\/de\/?s={search_term_string}"},"query-input":{"@type":"PropertyValueSpecification","valueRequired":true,"valueName":"search_term_string"}}],"inLanguage":"de"},{"@type":"Organization","@id":"https:\/\/www.cbh-cyprus.com\/de\/#organization","name":"Constantinou Bros Hotels","url":"https:\/\/www.cbh-cyprus.com\/de\/","logo":{"@type":"ImageObject","inLanguage":"de","@id":"https:\/\/www.cbh-cyprus.com\/de\/#\/schema\/logo\/image\/","url":"https:\/\/www.cbh-cyprus.com\/app\/uploads\/sites\/30\/2020\/10\/cbh.jpg","contentUrl":"https:\/\/www.cbh-cyprus.com\/app\/uploads\/sites\/30\/2020\/10\/cbh.jpg","width":1013,"height":419,"caption":"Constantinou Bros Hotels"},"image":{"@id":"https:\/\/www.cbh-cyprus.com\/de\/#\/schema\/logo\/image\/"}}]}},"_links":{"self":[{"href":"https:\/\/www.cbh-cyprus.com\/de\/wp-json\/wp\/v2\/pages\/5428","targetHints":{"allow":["GET"]}}],"collection":[{"href":"https:\/\/www.cbh-cyprus.com\/de\/wp-json\/wp\/v2\/pages"}],"about":[{"href":"https:\/\/www.cbh-cyprus.com\/de\/wp-json\/wp\/v2\/types\/page"}],"author":[{"embeddable":true,"href":"https:\/\/www.cbh-cyprus.com\/de\/wp-json\/wp\/v2\/users\/100"}],"replies":[{"embeddable":true,"href":"https:\/\/www.cbh-cyprus.com\/de\/wp-json\/wp\/v2\/comments?post=5428"}],"version-history":[{"count":2,"href":"https:\/\/www.cbh-cyprus.com\/de\/wp-json\/wp\/v2\/pages\/5428\/revisions"}],"predecessor-version":[{"id":37260,"href":"https:\/\/www.cbh-cyprus.com\/de\/wp-json\/wp\/v2\/pages\/5428\/revisions\/37260"}],"wp:featuredmedia":[{"embeddable":true,"href":"https:\/\/www.cbh-cyprus.com\/de\/wp-json\/wp\/v2\/media\/5881"}],"wp:attachment":[{"href":"https:\/\/www.cbh-cyprus.com\/de\/wp-json\/wp\/v2\/media?parent=5428"}],"curies":[{"name":"wp","href":"https:\/\/api.w.org\/{rel}","templated":true}]}}