{"id":5480,"date":"2020-04-07T14:33:00","date_gmt":"2020-04-07T11:33:00","guid":{"rendered":"https:\/\/www.cbh-cyprus.com\/the-group\/news\/supporting-doctors-and-nursing-staff\/"},"modified":"2024-07-23T12:17:52","modified_gmt":"2024-07-23T09:17:52","slug":"unterstutzung-von-arzten-und-pflegepersonal","status":"publish","type":"page","link":"https:\/\/www.cbh-cyprus.com\/de\/unterstutzung-von-arzten-und-pflegepersonal\/","title":{"rendered":"Unterst\u00fctzung von \u00c4rzten und Pflegepersonal im Kampf gegen Covid-19"},"content":{"rendered":"<div class=\"entry-content small-size mt-3 mb-0 maxw-lg-1024 px-3 px-xl-0 mx-auto\">\n<p class=\"p1\">Wir sind stolz darauf, Ihnen mitteilen zu k\u00f6nnen, dass der Gesch\u00e4ftsf\u00fchrer von Constantinou Bros Hotels, Herr Andreas Constantinou, und seine Familie dem zypriotischen Gesundheitsministerium 30.000 \u20ac f\u00fcr den Kauf von Schutzanz\u00fcgen, Masken und Handschuhen f\u00fcr die \u00c4rzte und das Pflegepersonal des Allgemeinen Krankenhauses von Paphos gespendet haben.<\/p>\n<p class=\"p1\">In diesen schwierigen Zeiten ist dies unsere Art, allen \u00c4rzten und Pflegekr\u00e4ften, die gegen Covid-19 k\u00e4mpfen, ein gro\u00dfes Dankesch\u00f6n zu sagen und unseren Beitrag zur Bek\u00e4mpfung dieser Pandemie zu leisten.<\/p>\n<p class=\"p1\">Vielen Dank f\u00fcr Ihre Treue zu unseren Hotels. Bitte passen Sie auf sich und Ihre Lieben auf, wir freuen uns darauf, Sie so bald wie m\u00f6glich wieder begr\u00fc\u00dfen zu d\u00fcrfen.<\/p>\n<\/div>\n","protected":false},"excerpt":{"rendered":"<p>Wir sind stolz darauf, Ihnen mitteilen zu k\u00f6nnen, dass der Gesch\u00e4ftsf\u00fchrer von Constantinou Bros Hotels, Herr Andreas Constantinou, und seine Familie dem zypriotischen Gesundheitsministerium 30.000 \u20ac f\u00fcr den Kauf von Schutzanz\u00fcgen, Masken und Handschuhen f\u00fcr die \u00c4rzte und das Pflegepersonal des Allgemeinen Krankenhauses von Paphos gespendet haben. In diesen schwierigen Zeiten ist dies unsere Art,<\/p>\n","protected":false},"author":100,"featured_media":5468,"parent":0,"menu_order":0,"comment_status":"closed","ping_status":"closed","template":"","meta":{"_acf_changed":false,"footnotes":""},"class_list":["post-5480","page","type-page","status-publish","has-post-thumbnail","hentry"],"acf":[],"yoast_head":"<!-- This site is optimized with the Yoast SEO plugin v27.3 - https:\/\/yoast.com\/product\/yoast-seo-wordpress\/ -->\n<title>Unterst\u00fctzung f\u00fcr \u00c4rzte und Pflegepersonal im Kampf gegen Covid-19 - Constantinou Bros Hotels<\/title>\n<meta name=\"description\" content=\"Die Constantinou Bros Hotels tragen ihren Teil zur Unterst\u00fctzung des medizinischen Personals des Paphos General Hospital bei, indem sie dem zypriotischen Gesundheitsministerium eine betr\u00e4chtliche Spende zukommen lassen.\" \/>\n<meta name=\"robots\" content=\"index, follow, max-snippet:-1, max-image-preview:large, max-video-preview:-1\" \/>\n<link rel=\"canonical\" href=\"https:\/\/www.cbh-cyprus.com\/de\/unterstutzung-von-arzten-und-pflegepersonal\/\" \/>\n<meta property=\"og:locale\" content=\"de_DE\" \/>\n<meta property=\"og:type\" content=\"article\" \/>\n<meta property=\"og:title\" content=\"Unterst\u00fctzung f\u00fcr \u00c4rzte und Pflegepersonal im Kampf gegen Covid-19 - Constantinou Bros Hotels\" \/>\n<meta property=\"og:description\" content=\"Die Constantinou Bros Hotels tragen ihren Teil zur Unterst\u00fctzung des medizinischen Personals des Paphos General Hospital bei, indem sie dem zypriotischen Gesundheitsministerium eine betr\u00e4chtliche Spende zukommen lassen.\" \/>\n<meta property=\"og:url\" content=\"https:\/\/www.cbh-cyprus.com\/de\/unterstutzung-von-arzten-und-pflegepersonal\/\" \/>\n<meta property=\"og:site_name\" content=\"Constantinou Bros Hotels\" \/>\n<meta property=\"article:modified_time\" content=\"2024-07-23T09:17:52+00:00\" \/>\n<meta property=\"og:image\" content=\"https:\/\/www.cbh-cyprus.com\/app\/uploads\/sites\/30\/2020\/04\/Polish_20200407_131345949.jpg\" \/>\n\t<meta property=\"og:image:width\" content=\"1920\" \/>\n\t<meta property=\"og:image:height\" content=\"1920\" \/>\n\t<meta property=\"og:image:type\" content=\"image\/jpeg\" \/>\n<meta name=\"twitter:card\" content=\"summary_large_image\" \/>\n<meta name=\"twitter:label1\" content=\"Gesch\u00e4tzte Lesezeit\" \/>\n\t<meta name=\"twitter:data1\" content=\"1\u00a0Minute\" \/>\n<script type=\"application\/ld+json\" class=\"yoast-schema-graph\">{\"@context\":\"https:\\\/\\\/schema.org\",\"@graph\":[{\"@type\":\"WebPage\",\"@id\":\"https:\\\/\\\/www.cbh-cyprus.com\\\/de\\\/unterstutzung-von-arzten-und-pflegepersonal\\\/\",\"url\":\"https:\\\/\\\/www.cbh-cyprus.com\\\/de\\\/unterstutzung-von-arzten-und-pflegepersonal\\\/\",\"name\":\"Unterst\u00fctzung f\u00fcr \u00c4rzte und Pflegepersonal im Kampf gegen Covid-19 - Constantinou Bros Hotels\",\"isPartOf\":{\"@id\":\"https:\\\/\\\/www.cbh-cyprus.com\\\/de\\\/#website\"},\"primaryImageOfPage\":{\"@id\":\"https:\\\/\\\/www.cbh-cyprus.com\\\/de\\\/unterstutzung-von-arzten-und-pflegepersonal\\\/#primaryimage\"},\"image\":{\"@id\":\"https:\\\/\\\/www.cbh-cyprus.com\\\/de\\\/unterstutzung-von-arzten-und-pflegepersonal\\\/#primaryimage\"},\"thumbnailUrl\":\"https:\\\/\\\/www.cbh-cyprus.com\\\/app\\\/uploads\\\/sites\\\/30\\\/2020\\\/04\\\/Polish_20200407_131345949.jpg\",\"datePublished\":\"2020-04-07T11:33:00+00:00\",\"dateModified\":\"2024-07-23T09:17:52+00:00\",\"description\":\"Die Constantinou Bros Hotels tragen ihren Teil zur Unterst\u00fctzung des medizinischen Personals des Paphos General Hospital bei, indem sie dem zypriotischen Gesundheitsministerium eine betr\u00e4chtliche Spende zukommen lassen.\",\"breadcrumb\":{\"@id\":\"https:\\\/\\\/www.cbh-cyprus.com\\\/de\\\/unterstutzung-von-arzten-und-pflegepersonal\\\/#breadcrumb\"},\"inLanguage\":\"de\",\"potentialAction\":[{\"@type\":\"ReadAction\",\"target\":[\"https:\\\/\\\/www.cbh-cyprus.com\\\/de\\\/unterstutzung-von-arzten-und-pflegepersonal\\\/\"]}]},{\"@type\":\"ImageObject\",\"inLanguage\":\"de\",\"@id\":\"https:\\\/\\\/www.cbh-cyprus.com\\\/de\\\/unterstutzung-von-arzten-und-pflegepersonal\\\/#primaryimage\",\"url\":\"https:\\\/\\\/www.cbh-cyprus.com\\\/app\\\/uploads\\\/sites\\\/30\\\/2020\\\/04\\\/Polish_20200407_131345949.jpg\",\"contentUrl\":\"https:\\\/\\\/www.cbh-cyprus.com\\\/app\\\/uploads\\\/sites\\\/30\\\/2020\\\/04\\\/Polish_20200407_131345949.jpg\",\"width\":1920,\"height\":1920},{\"@type\":\"BreadcrumbList\",\"@id\":\"https:\\\/\\\/www.cbh-cyprus.com\\\/de\\\/unterstutzung-von-arzten-und-pflegepersonal\\\/#breadcrumb\",\"itemListElement\":[{\"@type\":\"ListItem\",\"position\":1,\"name\":\"Home\",\"item\":\"https:\\\/\\\/www.cbh-cyprus.com\\\/de\\\/willkommen-in-den-constantinou-bros-hotels\\\/\"},{\"@type\":\"ListItem\",\"position\":2,\"name\":\"Unterst\u00fctzung von \u00c4rzten und Pflegepersonal im Kampf gegen Covid-19\"}]},{\"@type\":\"WebSite\",\"@id\":\"https:\\\/\\\/www.cbh-cyprus.com\\\/de\\\/#website\",\"url\":\"https:\\\/\\\/www.cbh-cyprus.com\\\/de\\\/\",\"name\":\"Constantinou Bros Hotels\",\"description\":\"Constantinou Bros Hotels\",\"publisher\":{\"@id\":\"https:\\\/\\\/www.cbh-cyprus.com\\\/de\\\/#organization\"},\"potentialAction\":[{\"@type\":\"SearchAction\",\"target\":{\"@type\":\"EntryPoint\",\"urlTemplate\":\"https:\\\/\\\/www.cbh-cyprus.com\\\/de\\\/?s={search_term_string}\"},\"query-input\":{\"@type\":\"PropertyValueSpecification\",\"valueRequired\":true,\"valueName\":\"search_term_string\"}}],\"inLanguage\":\"de\"},{\"@type\":\"Organization\",\"@id\":\"https:\\\/\\\/www.cbh-cyprus.com\\\/de\\\/#organization\",\"name\":\"Constantinou Bros Hotels\",\"url\":\"https:\\\/\\\/www.cbh-cyprus.com\\\/de\\\/\",\"logo\":{\"@type\":\"ImageObject\",\"inLanguage\":\"de\",\"@id\":\"https:\\\/\\\/www.cbh-cyprus.com\\\/de\\\/#\\\/schema\\\/logo\\\/image\\\/\",\"url\":\"https:\\\/\\\/www.cbh-cyprus.com\\\/app\\\/uploads\\\/sites\\\/30\\\/2020\\\/10\\\/cbh.jpg\",\"contentUrl\":\"https:\\\/\\\/www.cbh-cyprus.com\\\/app\\\/uploads\\\/sites\\\/30\\\/2020\\\/10\\\/cbh.jpg\",\"width\":1013,\"height\":419,\"caption\":\"Constantinou Bros Hotels\"},\"image\":{\"@id\":\"https:\\\/\\\/www.cbh-cyprus.com\\\/de\\\/#\\\/schema\\\/logo\\\/image\\\/\"}}]}<\/script>\n<!-- \/ Yoast SEO plugin. -->","yoast_head_json":{"title":"Unterst\u00fctzung f\u00fcr \u00c4rzte und Pflegepersonal im Kampf gegen Covid-19 - Constantinou Bros Hotels","description":"Die Constantinou Bros Hotels tragen ihren Teil zur Unterst\u00fctzung des medizinischen Personals des Paphos General Hospital bei, indem sie dem zypriotischen Gesundheitsministerium eine betr\u00e4chtliche Spende zukommen lassen.","robots":{"index":"index","follow":"follow","max-snippet":"max-snippet:-1","max-image-preview":"max-image-preview:large","max-video-preview":"max-video-preview:-1"},"canonical":"https:\/\/www.cbh-cyprus.com\/de\/unterstutzung-von-arzten-und-pflegepersonal\/","og_locale":"de_DE","og_type":"article","og_title":"Unterst\u00fctzung f\u00fcr \u00c4rzte und Pflegepersonal im Kampf gegen Covid-19 - Constantinou Bros Hotels","og_description":"Die Constantinou Bros Hotels tragen ihren Teil zur Unterst\u00fctzung des medizinischen Personals des Paphos General Hospital bei, indem sie dem zypriotischen Gesundheitsministerium eine betr\u00e4chtliche Spende zukommen lassen.","og_url":"https:\/\/www.cbh-cyprus.com\/de\/unterstutzung-von-arzten-und-pflegepersonal\/","og_site_name":"Constantinou Bros Hotels","article_modified_time":"2024-07-23T09:17:52+00:00","og_image":[{"width":1920,"height":1920,"url":"https:\/\/www.cbh-cyprus.com\/app\/uploads\/sites\/30\/2020\/04\/Polish_20200407_131345949.jpg","type":"image\/jpeg"}],"twitter_card":"summary_large_image","twitter_misc":{"Gesch\u00e4tzte Lesezeit":"1\u00a0Minute"},"schema":{"@context":"https:\/\/schema.org","@graph":[{"@type":"WebPage","@id":"https:\/\/www.cbh-cyprus.com\/de\/unterstutzung-von-arzten-und-pflegepersonal\/","url":"https:\/\/www.cbh-cyprus.com\/de\/unterstutzung-von-arzten-und-pflegepersonal\/","name":"Unterst\u00fctzung f\u00fcr \u00c4rzte und Pflegepersonal im Kampf gegen Covid-19 - Constantinou Bros Hotels","isPartOf":{"@id":"https:\/\/www.cbh-cyprus.com\/de\/#website"},"primaryImageOfPage":{"@id":"https:\/\/www.cbh-cyprus.com\/de\/unterstutzung-von-arzten-und-pflegepersonal\/#primaryimage"},"image":{"@id":"https:\/\/www.cbh-cyprus.com\/de\/unterstutzung-von-arzten-und-pflegepersonal\/#primaryimage"},"thumbnailUrl":"https:\/\/www.cbh-cyprus.com\/app\/uploads\/sites\/30\/2020\/04\/Polish_20200407_131345949.jpg","datePublished":"2020-04-07T11:33:00+00:00","dateModified":"2024-07-23T09:17:52+00:00","description":"Die Constantinou Bros Hotels tragen ihren Teil zur Unterst\u00fctzung des medizinischen Personals des Paphos General Hospital bei, indem sie dem zypriotischen Gesundheitsministerium eine betr\u00e4chtliche Spende zukommen lassen.","breadcrumb":{"@id":"https:\/\/www.cbh-cyprus.com\/de\/unterstutzung-von-arzten-und-pflegepersonal\/#breadcrumb"},"inLanguage":"de","potentialAction":[{"@type":"ReadAction","target":["https:\/\/www.cbh-cyprus.com\/de\/unterstutzung-von-arzten-und-pflegepersonal\/"]}]},{"@type":"ImageObject","inLanguage":"de","@id":"https:\/\/www.cbh-cyprus.com\/de\/unterstutzung-von-arzten-und-pflegepersonal\/#primaryimage","url":"https:\/\/www.cbh-cyprus.com\/app\/uploads\/sites\/30\/2020\/04\/Polish_20200407_131345949.jpg","contentUrl":"https:\/\/www.cbh-cyprus.com\/app\/uploads\/sites\/30\/2020\/04\/Polish_20200407_131345949.jpg","width":1920,"height":1920},{"@type":"BreadcrumbList","@id":"https:\/\/www.cbh-cyprus.com\/de\/unterstutzung-von-arzten-und-pflegepersonal\/#breadcrumb","itemListElement":[{"@type":"ListItem","position":1,"name":"Home","item":"https:\/\/www.cbh-cyprus.com\/de\/willkommen-in-den-constantinou-bros-hotels\/"},{"@type":"ListItem","position":2,"name":"Unterst\u00fctzung von \u00c4rzten und Pflegepersonal im Kampf gegen Covid-19"}]},{"@type":"WebSite","@id":"https:\/\/www.cbh-cyprus.com\/de\/#website","url":"https:\/\/www.cbh-cyprus.com\/de\/","name":"Constantinou Bros Hotels","description":"Constantinou Bros Hotels","publisher":{"@id":"https:\/\/www.cbh-cyprus.com\/de\/#organization"},"potentialAction":[{"@type":"SearchAction","target":{"@type":"EntryPoint","urlTemplate":"https:\/\/www.cbh-cyprus.com\/de\/?s={search_term_string}"},"query-input":{"@type":"PropertyValueSpecification","valueRequired":true,"valueName":"search_term_string"}}],"inLanguage":"de"},{"@type":"Organization","@id":"https:\/\/www.cbh-cyprus.com\/de\/#organization","name":"Constantinou Bros Hotels","url":"https:\/\/www.cbh-cyprus.com\/de\/","logo":{"@type":"ImageObject","inLanguage":"de","@id":"https:\/\/www.cbh-cyprus.com\/de\/#\/schema\/logo\/image\/","url":"https:\/\/www.cbh-cyprus.com\/app\/uploads\/sites\/30\/2020\/10\/cbh.jpg","contentUrl":"https:\/\/www.cbh-cyprus.com\/app\/uploads\/sites\/30\/2020\/10\/cbh.jpg","width":1013,"height":419,"caption":"Constantinou Bros Hotels"},"image":{"@id":"https:\/\/www.cbh-cyprus.com\/de\/#\/schema\/logo\/image\/"}}]}},"_links":{"self":[{"href":"https:\/\/www.cbh-cyprus.com\/de\/wp-json\/wp\/v2\/pages\/5480","targetHints":{"allow":["GET"]}}],"collection":[{"href":"https:\/\/www.cbh-cyprus.com\/de\/wp-json\/wp\/v2\/pages"}],"about":[{"href":"https:\/\/www.cbh-cyprus.com\/de\/wp-json\/wp\/v2\/types\/page"}],"author":[{"embeddable":true,"href":"https:\/\/www.cbh-cyprus.com\/de\/wp-json\/wp\/v2\/users\/100"}],"replies":[{"embeddable":true,"href":"https:\/\/www.cbh-cyprus.com\/de\/wp-json\/wp\/v2\/comments?post=5480"}],"version-history":[{"count":5,"href":"https:\/\/www.cbh-cyprus.com\/de\/wp-json\/wp\/v2\/pages\/5480\/revisions"}],"predecessor-version":[{"id":37270,"href":"https:\/\/www.cbh-cyprus.com\/de\/wp-json\/wp\/v2\/pages\/5480\/revisions\/37270"}],"wp:featuredmedia":[{"embeddable":true,"href":"https:\/\/www.cbh-cyprus.com\/de\/wp-json\/wp\/v2\/media\/5468"}],"wp:attachment":[{"href":"https:\/\/www.cbh-cyprus.com\/de\/wp-json\/wp\/v2\/media?parent=5480"}],"curies":[{"name":"wp","href":"https:\/\/api.w.org\/{rel}","templated":true}]}}