{"id":5701,"date":"2020-05-09T19:16:36","date_gmt":"2020-05-09T16:16:36","guid":{"rendered":"https:\/\/www.cbh-cyprus.com\/?page_id=5701"},"modified":"2020-05-09T19:16:36","modified_gmt":"2020-05-09T16:16:36","slug":"covid-19-update","status":"publish","type":"page","link":"https:\/\/www.cbh-cyprus.com\/de\/die-gruppe\/nachrichten\/covid-19-update\/","title":{"rendered":"COVID-19 UPDATE"},"content":{"rendered":"<p>Ein Lichtstrahl am Ende des Tunnels \u2026.<\/p>\n<p>Zypern , wie auch der Rest der Welt , musste eine vollst\u00e4ndige \u201eSperrung\u201c vornehmen, um die Verbreitung von COVID-19 zu verhindern. Die ergriffenen Ma\u00dfnahmen waren vom dem ersten auf der Insel gemeldeten Fall an absolut streng, um die Ausbreitung des Virus einzuschr\u00e4nken und eine rasche Beseitigung dieser Situation zu gew\u00e4hrleisten.<br \/>\nAlle Einreiseh\u00e4fen wurden vollst\u00e4ndig abgeriegelt und Unternehmen (alle au\u00dfer Superm\u00e4rkten, Apotheken und wesentlichen Dienstleistungen), sowohl im privaten als auch im \u00f6ffentlichen Sektor, kamen vollst\u00e4ndig zum Erliegen. Die Erlaubnis, einmal am Tag auszugehen, wurde von der Regierung nur per SMS Genehmigung erteilt und von 21.00 bis 06.00 Uhr wurde eine Ausgangssperre f\u00fcr den ganzen Abend verh\u00e4ngt.<\/p>\n<p>Diese Massnahmen waren sehr schwierig, aber die strengen Einschr\u00e4nkungen haben sich gelohnt. Ab Montag, dem 4. Mai, erhielten wir die Neuigkeit nun in die weiter voran mit Lockerungen \u00a0in die <strong>Phase 1<\/strong> zu gehen. Unter anderem haben nun kleine Gesch\u00e4fte und bestimmte Unternehmen, einschlie\u00dflich Reiseunternehmen, schrittweise mit strengen Hygiene- und sozialen Distanzma\u00dfnahmen er\u00f6ffnet. Es ist jedoch weiterhin eine SMS erforderlich, um die Erlaubnis zum Ausgehen zu erhalten, und die Ausgangssperre am Abend wurde um eine Stunde sp\u00e4ter (22 Uhr bis 6 Uhr morgens) verschoben.<\/p>\n<p>Wenn es uns gelingt, die Anzahl der neuen F\u00e4lle auf einem einstelligen Wert zu halten, wird zwischen dem 21. Mai und dem 8. Juni Phase 2 des \u201eWeges zum Verlassen von Lockdown\u201c durchgef\u00fchrt. Dazu geh\u00f6ren die Wiederaufnahme von Friseur- und Sch\u00f6nheitssalons, Catering-Dienstleistungen im Freien, Museen und arch\u00e4ologische St\u00e4tten, um nur einige zu nennen. Die Bewegungserlaubnis per SMS wird vollst\u00e4ndig abgeschafft, einschlie\u00dflich der Einzelbewegung zwischen 22 Uhr und 6 Uhr morgens. Es werden jedoch nur Versammlungen von maximal 10 Personen zugelassen.<\/p>\n<p>In Phase 3 (9. Juni &#8211; 13. Juli) werden h\u00f6chstwahrscheinlich weitere Einrichtungen er\u00f6ffnet, darunter Flugh\u00e4fen (schrittweise und bedingt), Hotels und Str\u00e4nde sowie Catering-Dienstleistungen im Innen- und Au\u00dfenbereich sowie die Aufhebung aller Beschr\u00e4nkungen f\u00fcr die individuelle Bewegung. Nat\u00fcrlich wird dieser sehr wichtige Schritt umfassende Hygiene- und Schutzma\u00dfnahmen sowohl f\u00fcr Besucher Zyperns als auch f\u00fcr Mitarbeiter aller relevanten Einrichtungen beinhalten. Bereits jetzt arbeiten der stellvertretende Tourismusminister in Zusammenarbeit mit dem Vorstand des zyprischen Hotelierverbandes und die Hoteliers der Insel hart daran, eine wirksame Kampagne f\u00fcr die Anwendung zu entwickeln..<\/p>\n<p>In Phase 4 (ab dem 14. Juli) werden alle Theater, Kinos, Festivals, Casinos usw. wieder f\u00fcr die \u00d6ffentlichkeit zug\u00e4nglich.\u00a0 Der Weg zur\u00fcck zur \u201eNormalit\u00e4t\u201c wird sicherlich schrittweise verlaufen. Wir m\u00f6chten Ihnen jedoch versichern, dass die Constantinou Bros Hotels \u00fcberarbeitete Ma\u00dfnahmen ergriffen und noch strengere Richtlinien \u00a0eingef\u00fchrt haben, um sicherzustellen, dass Gesundheit und Wohlbefinden das gr\u00fcne Licht gegeben wird und unsere G\u00e4ste bei der Wiederinbetriebnahme unserer Hotels gesichert sind.<\/p>\n<p>Bitte bleiben Sie Sicher und Gesund\u00a0 &#8230; wir freuen uns sehr darauf, Sie alle wieder im sonnigen Paphos zu sehen &#8230; sehr bald!<\/p>\n","protected":false},"excerpt":{"rendered":"<p>Ein Lichtstrahl am Ende des Tunnels \u2026. Zypern , wie auch der Rest der Welt , musste eine vollst\u00e4ndige \u201eSperrung\u201c vornehmen, um die Verbreitung von COVID-19 zu verhindern. Die ergriffenen Ma\u00dfnahmen waren vom dem ersten auf der Insel gemeldeten Fall an absolut streng, um die Ausbreitung des Virus einzuschr\u00e4nken und eine rasche Beseitigung dieser Situation<\/p>\n","protected":false},"author":100,"featured_media":5684,"parent":2817,"menu_order":0,"comment_status":"closed","ping_status":"closed","template":"","meta":{"_acf_changed":false,"footnotes":""},"class_list":["post-5701","page","type-page","status-publish","has-post-thumbnail","hentry"],"acf":[],"yoast_head":"<!-- This site is optimized with the Yoast SEO plugin v27.3 - https:\/\/yoast.com\/product\/yoast-seo-wordpress\/ -->\n<title>COVID-19 UPDATE - Constantinou Bros Hotels<\/title>\n<meta name=\"robots\" content=\"index, follow, max-snippet:-1, max-image-preview:large, max-video-preview:-1\" \/>\n<link rel=\"canonical\" href=\"https:\/\/www.cbh-cyprus.com\/de\/die-gruppe\/nachrichten\/covid-19-update\/\" \/>\n<meta property=\"og:locale\" content=\"de_DE\" \/>\n<meta property=\"og:type\" content=\"article\" \/>\n<meta property=\"og:title\" content=\"COVID-19 UPDATE - Constantinou Bros Hotels\" \/>\n<meta property=\"og:description\" content=\"Ein Lichtstrahl am Ende des Tunnels \u2026. Zypern , wie auch der Rest der Welt , musste eine vollst\u00e4ndige \u201eSperrung\u201c vornehmen, um die Verbreitung von COVID-19 zu verhindern. Die ergriffenen Ma\u00dfnahmen waren vom dem ersten auf der Insel gemeldeten Fall an absolut streng, um die Ausbreitung des Virus einzuschr\u00e4nken und eine rasche Beseitigung dieser Situation\" \/>\n<meta property=\"og:url\" content=\"https:\/\/www.cbh-cyprus.com\/de\/die-gruppe\/nachrichten\/covid-19-update\/\" \/>\n<meta property=\"og:site_name\" content=\"Constantinou Bros Hotels\" \/>\n<meta property=\"og:image\" content=\"https:\/\/www.cbh-cyprus.com\/app\/uploads\/sites\/30\/2020\/05\/Polish_20200507_214138271-1-600x600.jpg\" \/>\n\t<meta property=\"og:image:width\" content=\"600\" \/>\n\t<meta property=\"og:image:height\" content=\"600\" \/>\n\t<meta property=\"og:image:type\" content=\"image\/jpeg\" \/>\n<meta name=\"twitter:card\" content=\"summary_large_image\" \/>\n<meta name=\"twitter:label1\" content=\"Gesch\u00e4tzte Lesezeit\" \/>\n\t<meta name=\"twitter:data1\" content=\"2\u00a0Minuten\" \/>\n<script type=\"application\/ld+json\" class=\"yoast-schema-graph\">{\"@context\":\"https:\\\/\\\/schema.org\",\"@graph\":[{\"@type\":\"WebPage\",\"@id\":\"https:\\\/\\\/www.cbh-cyprus.com\\\/de\\\/die-gruppe\\\/nachrichten\\\/covid-19-update\\\/\",\"url\":\"https:\\\/\\\/www.cbh-cyprus.com\\\/de\\\/die-gruppe\\\/nachrichten\\\/covid-19-update\\\/\",\"name\":\"COVID-19 UPDATE - Constantinou Bros Hotels\",\"isPartOf\":{\"@id\":\"https:\\\/\\\/www.cbh-cyprus.com\\\/de\\\/#website\"},\"primaryImageOfPage\":{\"@id\":\"https:\\\/\\\/www.cbh-cyprus.com\\\/de\\\/die-gruppe\\\/nachrichten\\\/covid-19-update\\\/#primaryimage\"},\"image\":{\"@id\":\"https:\\\/\\\/www.cbh-cyprus.com\\\/de\\\/die-gruppe\\\/nachrichten\\\/covid-19-update\\\/#primaryimage\"},\"thumbnailUrl\":\"https:\\\/\\\/www.cbh-cyprus.com\\\/app\\\/uploads\\\/sites\\\/30\\\/2020\\\/05\\\/Polish_20200507_214138271-1.jpg\",\"datePublished\":\"2020-05-09T16:16:36+00:00\",\"breadcrumb\":{\"@id\":\"https:\\\/\\\/www.cbh-cyprus.com\\\/de\\\/die-gruppe\\\/nachrichten\\\/covid-19-update\\\/#breadcrumb\"},\"inLanguage\":\"de\",\"potentialAction\":[{\"@type\":\"ReadAction\",\"target\":[\"https:\\\/\\\/www.cbh-cyprus.com\\\/de\\\/die-gruppe\\\/nachrichten\\\/covid-19-update\\\/\"]}]},{\"@type\":\"ImageObject\",\"inLanguage\":\"de\",\"@id\":\"https:\\\/\\\/www.cbh-cyprus.com\\\/de\\\/die-gruppe\\\/nachrichten\\\/covid-19-update\\\/#primaryimage\",\"url\":\"https:\\\/\\\/www.cbh-cyprus.com\\\/app\\\/uploads\\\/sites\\\/30\\\/2020\\\/05\\\/Polish_20200507_214138271-1.jpg\",\"contentUrl\":\"https:\\\/\\\/www.cbh-cyprus.com\\\/app\\\/uploads\\\/sites\\\/30\\\/2020\\\/05\\\/Polish_20200507_214138271-1.jpg\",\"width\":1920,\"height\":1920},{\"@type\":\"BreadcrumbList\",\"@id\":\"https:\\\/\\\/www.cbh-cyprus.com\\\/de\\\/die-gruppe\\\/nachrichten\\\/covid-19-update\\\/#breadcrumb\",\"itemListElement\":[{\"@type\":\"ListItem\",\"position\":1,\"name\":\"Home\",\"item\":\"https:\\\/\\\/www.cbh-cyprus.com\\\/de\\\/willkommen-in-den-constantinou-bros-hotels\\\/\"},{\"@type\":\"ListItem\",\"position\":2,\"name\":\"Die Gruppe\",\"item\":\"https:\\\/\\\/www.cbh-cyprus.com\\\/de\\\/die-gruppe\\\/\"},{\"@type\":\"ListItem\",\"position\":3,\"name\":\"Nachrichten\",\"item\":\"https:\\\/\\\/www.cbh-cyprus.com\\\/de\\\/die-gruppe\\\/nachrichten\\\/\"},{\"@type\":\"ListItem\",\"position\":4,\"name\":\"COVID-19 UPDATE\"}]},{\"@type\":\"WebSite\",\"@id\":\"https:\\\/\\\/www.cbh-cyprus.com\\\/de\\\/#website\",\"url\":\"https:\\\/\\\/www.cbh-cyprus.com\\\/de\\\/\",\"name\":\"Constantinou Bros Hotels\",\"description\":\"Constantinou Bros Hotels\",\"publisher\":{\"@id\":\"https:\\\/\\\/www.cbh-cyprus.com\\\/de\\\/#organization\"},\"potentialAction\":[{\"@type\":\"SearchAction\",\"target\":{\"@type\":\"EntryPoint\",\"urlTemplate\":\"https:\\\/\\\/www.cbh-cyprus.com\\\/de\\\/?s={search_term_string}\"},\"query-input\":{\"@type\":\"PropertyValueSpecification\",\"valueRequired\":true,\"valueName\":\"search_term_string\"}}],\"inLanguage\":\"de\"},{\"@type\":\"Organization\",\"@id\":\"https:\\\/\\\/www.cbh-cyprus.com\\\/de\\\/#organization\",\"name\":\"Constantinou Bros Hotels\",\"url\":\"https:\\\/\\\/www.cbh-cyprus.com\\\/de\\\/\",\"logo\":{\"@type\":\"ImageObject\",\"inLanguage\":\"de\",\"@id\":\"https:\\\/\\\/www.cbh-cyprus.com\\\/de\\\/#\\\/schema\\\/logo\\\/image\\\/\",\"url\":\"https:\\\/\\\/www.cbh-cyprus.com\\\/app\\\/uploads\\\/sites\\\/30\\\/2020\\\/10\\\/cbh.jpg\",\"contentUrl\":\"https:\\\/\\\/www.cbh-cyprus.com\\\/app\\\/uploads\\\/sites\\\/30\\\/2020\\\/10\\\/cbh.jpg\",\"width\":1013,\"height\":419,\"caption\":\"Constantinou Bros Hotels\"},\"image\":{\"@id\":\"https:\\\/\\\/www.cbh-cyprus.com\\\/de\\\/#\\\/schema\\\/logo\\\/image\\\/\"}}]}<\/script>\n<!-- \/ Yoast SEO plugin. -->","yoast_head_json":{"title":"COVID-19 UPDATE - Constantinou Bros Hotels","robots":{"index":"index","follow":"follow","max-snippet":"max-snippet:-1","max-image-preview":"max-image-preview:large","max-video-preview":"max-video-preview:-1"},"canonical":"https:\/\/www.cbh-cyprus.com\/de\/die-gruppe\/nachrichten\/covid-19-update\/","og_locale":"de_DE","og_type":"article","og_title":"COVID-19 UPDATE - Constantinou Bros Hotels","og_description":"Ein Lichtstrahl am Ende des Tunnels \u2026. Zypern , wie auch der Rest der Welt , musste eine vollst\u00e4ndige \u201eSperrung\u201c vornehmen, um die Verbreitung von COVID-19 zu verhindern. Die ergriffenen Ma\u00dfnahmen waren vom dem ersten auf der Insel gemeldeten Fall an absolut streng, um die Ausbreitung des Virus einzuschr\u00e4nken und eine rasche Beseitigung dieser Situation","og_url":"https:\/\/www.cbh-cyprus.com\/de\/die-gruppe\/nachrichten\/covid-19-update\/","og_site_name":"Constantinou Bros Hotels","og_image":[{"width":600,"height":600,"url":"https:\/\/www.cbh-cyprus.com\/app\/uploads\/sites\/30\/2020\/05\/Polish_20200507_214138271-1-600x600.jpg","type":"image\/jpeg"}],"twitter_card":"summary_large_image","twitter_misc":{"Gesch\u00e4tzte Lesezeit":"2\u00a0Minuten"},"schema":{"@context":"https:\/\/schema.org","@graph":[{"@type":"WebPage","@id":"https:\/\/www.cbh-cyprus.com\/de\/die-gruppe\/nachrichten\/covid-19-update\/","url":"https:\/\/www.cbh-cyprus.com\/de\/die-gruppe\/nachrichten\/covid-19-update\/","name":"COVID-19 UPDATE - Constantinou Bros Hotels","isPartOf":{"@id":"https:\/\/www.cbh-cyprus.com\/de\/#website"},"primaryImageOfPage":{"@id":"https:\/\/www.cbh-cyprus.com\/de\/die-gruppe\/nachrichten\/covid-19-update\/#primaryimage"},"image":{"@id":"https:\/\/www.cbh-cyprus.com\/de\/die-gruppe\/nachrichten\/covid-19-update\/#primaryimage"},"thumbnailUrl":"https:\/\/www.cbh-cyprus.com\/app\/uploads\/sites\/30\/2020\/05\/Polish_20200507_214138271-1.jpg","datePublished":"2020-05-09T16:16:36+00:00","breadcrumb":{"@id":"https:\/\/www.cbh-cyprus.com\/de\/die-gruppe\/nachrichten\/covid-19-update\/#breadcrumb"},"inLanguage":"de","potentialAction":[{"@type":"ReadAction","target":["https:\/\/www.cbh-cyprus.com\/de\/die-gruppe\/nachrichten\/covid-19-update\/"]}]},{"@type":"ImageObject","inLanguage":"de","@id":"https:\/\/www.cbh-cyprus.com\/de\/die-gruppe\/nachrichten\/covid-19-update\/#primaryimage","url":"https:\/\/www.cbh-cyprus.com\/app\/uploads\/sites\/30\/2020\/05\/Polish_20200507_214138271-1.jpg","contentUrl":"https:\/\/www.cbh-cyprus.com\/app\/uploads\/sites\/30\/2020\/05\/Polish_20200507_214138271-1.jpg","width":1920,"height":1920},{"@type":"BreadcrumbList","@id":"https:\/\/www.cbh-cyprus.com\/de\/die-gruppe\/nachrichten\/covid-19-update\/#breadcrumb","itemListElement":[{"@type":"ListItem","position":1,"name":"Home","item":"https:\/\/www.cbh-cyprus.com\/de\/willkommen-in-den-constantinou-bros-hotels\/"},{"@type":"ListItem","position":2,"name":"Die Gruppe","item":"https:\/\/www.cbh-cyprus.com\/de\/die-gruppe\/"},{"@type":"ListItem","position":3,"name":"Nachrichten","item":"https:\/\/www.cbh-cyprus.com\/de\/die-gruppe\/nachrichten\/"},{"@type":"ListItem","position":4,"name":"COVID-19 UPDATE"}]},{"@type":"WebSite","@id":"https:\/\/www.cbh-cyprus.com\/de\/#website","url":"https:\/\/www.cbh-cyprus.com\/de\/","name":"Constantinou Bros Hotels","description":"Constantinou Bros Hotels","publisher":{"@id":"https:\/\/www.cbh-cyprus.com\/de\/#organization"},"potentialAction":[{"@type":"SearchAction","target":{"@type":"EntryPoint","urlTemplate":"https:\/\/www.cbh-cyprus.com\/de\/?s={search_term_string}"},"query-input":{"@type":"PropertyValueSpecification","valueRequired":true,"valueName":"search_term_string"}}],"inLanguage":"de"},{"@type":"Organization","@id":"https:\/\/www.cbh-cyprus.com\/de\/#organization","name":"Constantinou Bros Hotels","url":"https:\/\/www.cbh-cyprus.com\/de\/","logo":{"@type":"ImageObject","inLanguage":"de","@id":"https:\/\/www.cbh-cyprus.com\/de\/#\/schema\/logo\/image\/","url":"https:\/\/www.cbh-cyprus.com\/app\/uploads\/sites\/30\/2020\/10\/cbh.jpg","contentUrl":"https:\/\/www.cbh-cyprus.com\/app\/uploads\/sites\/30\/2020\/10\/cbh.jpg","width":1013,"height":419,"caption":"Constantinou Bros Hotels"},"image":{"@id":"https:\/\/www.cbh-cyprus.com\/de\/#\/schema\/logo\/image\/"}}]}},"_links":{"self":[{"href":"https:\/\/www.cbh-cyprus.com\/de\/wp-json\/wp\/v2\/pages\/5701","targetHints":{"allow":["GET"]}}],"collection":[{"href":"https:\/\/www.cbh-cyprus.com\/de\/wp-json\/wp\/v2\/pages"}],"about":[{"href":"https:\/\/www.cbh-cyprus.com\/de\/wp-json\/wp\/v2\/types\/page"}],"author":[{"embeddable":true,"href":"https:\/\/www.cbh-cyprus.com\/de\/wp-json\/wp\/v2\/users\/100"}],"replies":[{"embeddable":true,"href":"https:\/\/www.cbh-cyprus.com\/de\/wp-json\/wp\/v2\/comments?post=5701"}],"version-history":[{"count":1,"href":"https:\/\/www.cbh-cyprus.com\/de\/wp-json\/wp\/v2\/pages\/5701\/revisions"}],"predecessor-version":[{"id":5702,"href":"https:\/\/www.cbh-cyprus.com\/de\/wp-json\/wp\/v2\/pages\/5701\/revisions\/5702"}],"up":[{"embeddable":true,"href":"https:\/\/www.cbh-cyprus.com\/de\/wp-json\/wp\/v2\/pages\/2817"}],"wp:featuredmedia":[{"embeddable":true,"href":"https:\/\/www.cbh-cyprus.com\/de\/wp-json\/wp\/v2\/media\/5684"}],"wp:attachment":[{"href":"https:\/\/www.cbh-cyprus.com\/de\/wp-json\/wp\/v2\/media?parent=5701"}],"curies":[{"name":"wp","href":"https:\/\/api.w.org\/{rel}","templated":true}]}}