{"id":5757,"date":"2020-05-21T08:50:00","date_gmt":"2020-05-21T05:50:00","guid":{"rendered":"https:\/\/www.cbh-cyprus.com\/covid-19-travel-information-copy\/"},"modified":"2020-07-10T18:12:21","modified_gmt":"2020-07-10T15:12:21","slug":"covid-19-travel-information-copy","status":"publish","type":"page","link":"https:\/\/www.cbh-cyprus.com\/de\/covid-19-travel-information-copy\/","title":{"rendered":"Covid-19 Travel Information"},"content":{"rendered":"<p><strong>Constantinou Bros An\u00fcndigung der Wiederer\u00f6ffnung aller Hotels<\/strong><\/p>\n<p>Die Constantinou Bros Hotels freuen sich, die Wiederer\u00f6ffnung aller unserer Hotels bekannt zu geben.<\/p>\n<p>Zweifellos war es eine schwierige Situation f\u00fcr die gesamten Welt, doch die strengen Ma\u00dfnahmen, die sofort von der zyprischen Regierung ergriffen wurden und der Beitrag aller, diese einzuhalten, kamen schnell zum Tragen. Die Weltgesundheitsorganisation erk\u00e4rte Zypern offiziell als \u201edas sicherste Mittelmeerland und das f\u00fcnft sicherste Land der Welt\u201c . Nachdem Zypern bereits drei Phasen der schrittweisen Lockerung einschr\u00e4nkender Ma\u00dfnahmen durchlaufen hat, sind wir nun in der gl\u00fccklichen Lage, Flugh\u00e4fen, Hotels, \u00f6ffentlichen Verkehrsmittel, Taxis, arch\u00e4ologischen St\u00e4tten, Museen, Restaurants, Bars und Einkaufszentren zu er\u00f6ffnen und wieder zu betreiben.<br \/>\nIn unseren Hotels war die Sicherheit, Gesundheit und das Wohlbefinden unserer gesch\u00e4tzten G\u00e4ste stets oberste Priorit\u00e4t. Mit dem Auftreten der Covid-19-Pandemie haben wir die gewohnten Arbeitsabl\u00e4ufe, anhand der Verordnungen von den nachstehenden offiziellen Stellen optimiert. Berater denen wir die Entwicklung der neuen Betriebsprozesse und die Schulung unserer Mitarbeiter \u00fcbertragen haben, haben unsere Hygiene- und Sicherheitsma\u00dfnahmen verbessert und maximiert .<\/p>\n<p>\u2713 Gesundheitsministerium von Zypern<br \/>\n\u2713 Europ\u00e4isches Zentrum f\u00fcr die Pr\u00e4vention und die Kontrolle von Krankheiten (ECDC)<br \/>\n\u2713 Weltgesundheitsorganisation<\/p>\n<p>Da die Hygiene und die Personen Distanzierungsma\u00dfnahmen jeden Reisenden betreffen, m\u00f6chten wir Ihnen versichern, dass wir alle notwendigen Ma\u00dfnahmen zum Schutz unserer G\u00e4ste und unserer Mitarbeiter ergriffen haben und auch weiterhin ergreifen werden,. Die wichtigsten Punkte sind wie folgt:<\/p>\n<p>\u2713 Einhalten einer sicheren Hotelbelegung<br \/>\n\u2713 Anpassung des Hotelbetriebs, um sicherzustellen, dass ausreichende Abst\u00e4nde eingehalten werden.<br \/>\n\u2713 H\u00e4ndedesinfektionsstationen in allen Bereichen f\u00fcr G\u00e4ste und Mitarbeiter<br \/>\n\u2713 Transparente Trennw\u00e4nde zwischen Mitarbeitern und G\u00e4sten an der Rezeption und in den Minim\u00e4rkten<br \/>\n\u2713 St\u00e4ndiges Tragen pers\u00f6nlicher Schutzausr\u00fcstung durch das gesamte Personal (Gesichtsmaske, Handschuhe) und an allen Dienststellen<br \/>\n\u2713 Online-Check-in empfohlen<br \/>\n\u2713 Alle Abteilungen sind bargeldlos (nur auf Zimmerrechnung oder Kreditkartenzahlung).<br \/>\n\u2713 Desinfektion und \u00dcbergabe des G\u00e4stegep\u00e4cks durch unsere Mitarbeiter au\u00dferhalb des Zimmers, sofern der Gast nichts anderes verlangt<br \/>\n\u2713 Nach der Abreise werden alle Zimmer gr\u00fcndlich gereinigt, gel\u00fcftet und desinfiziert und nach mindestens zwei Stunden einem Neuank\u00f6mmling angeboten<br \/>\n\u2713 Bettdecken, zus\u00e4tzliche Kissen, Decken, Men\u00fcs, Zeitschriften und Informationsbl\u00e4tter die aus den Zimmern entfernt wurden sind auf Anfrage erh\u00e4ltlich<br \/>\n\u2713 Alle Bereiche, Tische, St\u00fchle, Sonnenliegen und Oberfl\u00e4chen h\u00e4ufiger Ber\u00fchrung (T\u00fcrklinken, Hebekn\u00f6pfe, Griffe, Wasserh\u00e4hne) werden st\u00e4ndig desinfiziert<br \/>\n\u2713 Sicherheitsabstand von 3 qm pro Gast in den Restaurants und Bars sowie Mahlzeiten, die sowohl in den Restaurants als auch bei sch\u00f6nem Wetter im Freien angeboten warden<br \/>\n\u2713 Die G\u00e4ste haben weiterhin eine Vielzahl von Restaurants zur Verf\u00fcgung, darunter Buffet, Men\u00fc und A La Carte. Die Restaurants werden abh\u00e4nig von der Belegung des Hotels ge\u00f6ffnet.<br \/>\n\u2713 Am Strand und in den Pools muss ein Sicherheitsabstand von 4 m zwischen den Sonnenschirmen eingehalten werden. Jeder Sonnenschirm und zwei Sonnenliegen befinden sich in einem Abstand von 2 m<br \/>\n\u2713 In den Pools \u2013 1 Person pro 5 qm Wasser<br \/>\n\u2713 Sport, Fitnessstudios, Friseursalons, Spas \u2013 Betrieb nur nach den Protokollen<\/p>\n<p>\u2713 Fortsetzung strenger Kontrollen durch unsere engagiertee Teams zur Einhaltung und Umsetzung aller Ma\u00dfnahmen und Protokolle f\u00fcr Ihre Hygiene und Sicherheit.<\/p>\n<p>Unsere Hotels werden wir folgt \u00f6ffnen:<br \/>\nTUI BLUE PIONEER BEACH HOTEL 28\/06\/2020<br \/>\nCONSTANTINOU BROS ATHENA BEACH HOTEL 01\/08\/2020<br \/>\nCONSTANTINOU BROS ATHENA ROYAL BEACH HOTEL 01\/08\/2020<br \/>\nCONSTANTINOU BROS ASIMINA SUITES HOTEL 02\/07\/2020<\/p>\n<p>Bitte kontaktieren Sie Ihr Reiseb\u00fcro, um sich \u00fcber unsere Sonderangebote zu informieren oder besuchen Sie unsere Webseite\u00a0<a href=\"https:\/\/www.cbh-cyprus.com\/de\/\">www.cbh-cyprus.com<\/a><\/p>\n<p>Wir freuen uns darauf, Sie so bald wie m\u00f6glich wieder begr\u00fc\u00dfen zu d\u00fcrfen .<br \/>\nWir versprechen Ihnen den unvergesslichen Urlaub mit viel Gastfreundschaft wie gewohnt , erg\u00e4nzt mit noch mehr Sorgfalt f\u00fcr Sie und Ihre Lieben.<\/p>\n","protected":false},"excerpt":{"rendered":"<p>Constantinou Bros An\u00fcndigung der Wiederer\u00f6ffnung aller Hotels Die Constantinou Bros Hotels freuen sich, die Wiederer\u00f6ffnung aller unserer Hotels bekannt zu geben. Zweifellos war es eine schwierige Situation f\u00fcr die gesamten Welt, doch die strengen Ma\u00dfnahmen, die sofort von der zyprischen Regierung ergriffen wurden und der Beitrag aller, diese einzuhalten, kamen schnell zum Tragen. Die Weltgesundheitsorganisation<\/p>\n","protected":false},"author":12,"featured_media":0,"parent":0,"menu_order":0,"comment_status":"closed","ping_status":"closed","template":"","meta":{"_acf_changed":false,"footnotes":""},"class_list":["post-5757","page","type-page","status-publish","hentry"],"acf":[],"yoast_head":"<!-- This site is optimized with the Yoast SEO plugin v27.5 - https:\/\/yoast.com\/product\/yoast-seo-wordpress\/ -->\n<title>Covid-19 Travel Information - Constantinou Bros Hotels<\/title>\n<meta name=\"robots\" content=\"index, follow, max-snippet:-1, max-image-preview:large, max-video-preview:-1\" \/>\n<link rel=\"canonical\" href=\"https:\/\/www.cbh-cyprus.com\/de\/covid-19-travel-information-copy\/\" \/>\n<meta property=\"og:locale\" content=\"de_DE\" \/>\n<meta property=\"og:type\" content=\"article\" \/>\n<meta property=\"og:title\" content=\"Covid-19 Travel Information - Constantinou Bros Hotels\" \/>\n<meta property=\"og:description\" content=\"Constantinou Bros An\u00fcndigung der Wiederer\u00f6ffnung aller Hotels Die Constantinou Bros Hotels freuen sich, die Wiederer\u00f6ffnung aller unserer Hotels bekannt zu geben. Zweifellos war es eine schwierige Situation f\u00fcr die gesamten Welt, doch die strengen Ma\u00dfnahmen, die sofort von der zyprischen Regierung ergriffen wurden und der Beitrag aller, diese einzuhalten, kamen schnell zum Tragen. Die Weltgesundheitsorganisation\" \/>\n<meta property=\"og:url\" content=\"https:\/\/www.cbh-cyprus.com\/de\/covid-19-travel-information-copy\/\" \/>\n<meta property=\"og:site_name\" content=\"Constantinou Bros Hotels\" \/>\n<meta property=\"article:modified_time\" content=\"2020-07-10T15:12:21+00:00\" \/>\n<meta name=\"twitter:card\" content=\"summary_large_image\" \/>\n<meta name=\"twitter:label1\" content=\"Gesch\u00e4tzte Lesezeit\" \/>\n\t<meta name=\"twitter:data1\" content=\"3\u00a0Minuten\" \/>\n<script type=\"application\/ld+json\" class=\"yoast-schema-graph\">{\"@context\":\"https:\\\/\\\/schema.org\",\"@graph\":[{\"@type\":\"WebPage\",\"@id\":\"https:\\\/\\\/www.cbh-cyprus.com\\\/de\\\/covid-19-travel-information-copy\\\/\",\"url\":\"https:\\\/\\\/www.cbh-cyprus.com\\\/de\\\/covid-19-travel-information-copy\\\/\",\"name\":\"Covid-19 Travel Information - Constantinou Bros Hotels\",\"isPartOf\":{\"@id\":\"https:\\\/\\\/www.cbh-cyprus.com\\\/de\\\/#website\"},\"datePublished\":\"2020-05-21T05:50:00+00:00\",\"dateModified\":\"2020-07-10T15:12:21+00:00\",\"breadcrumb\":{\"@id\":\"https:\\\/\\\/www.cbh-cyprus.com\\\/de\\\/covid-19-travel-information-copy\\\/#breadcrumb\"},\"inLanguage\":\"de\",\"potentialAction\":[{\"@type\":\"ReadAction\",\"target\":[\"https:\\\/\\\/www.cbh-cyprus.com\\\/de\\\/covid-19-travel-information-copy\\\/\"]}]},{\"@type\":\"BreadcrumbList\",\"@id\":\"https:\\\/\\\/www.cbh-cyprus.com\\\/de\\\/covid-19-travel-information-copy\\\/#breadcrumb\",\"itemListElement\":[{\"@type\":\"ListItem\",\"position\":1,\"name\":\"Home\",\"item\":\"https:\\\/\\\/www.cbh-cyprus.com\\\/de\\\/willkommen-in-den-constantinou-bros-hotels\\\/\"},{\"@type\":\"ListItem\",\"position\":2,\"name\":\"Covid-19 Travel Information\"}]},{\"@type\":\"WebSite\",\"@id\":\"https:\\\/\\\/www.cbh-cyprus.com\\\/de\\\/#website\",\"url\":\"https:\\\/\\\/www.cbh-cyprus.com\\\/de\\\/\",\"name\":\"Constantinou Bros Hotels\",\"description\":\"Constantinou Bros Hotels\",\"publisher\":{\"@id\":\"https:\\\/\\\/www.cbh-cyprus.com\\\/de\\\/#organization\"},\"potentialAction\":[{\"@type\":\"SearchAction\",\"target\":{\"@type\":\"EntryPoint\",\"urlTemplate\":\"https:\\\/\\\/www.cbh-cyprus.com\\\/de\\\/?s={search_term_string}\"},\"query-input\":{\"@type\":\"PropertyValueSpecification\",\"valueRequired\":true,\"valueName\":\"search_term_string\"}}],\"inLanguage\":\"de\"},{\"@type\":\"Organization\",\"@id\":\"https:\\\/\\\/www.cbh-cyprus.com\\\/de\\\/#organization\",\"name\":\"Constantinou Bros Hotels\",\"url\":\"https:\\\/\\\/www.cbh-cyprus.com\\\/de\\\/\",\"logo\":{\"@type\":\"ImageObject\",\"inLanguage\":\"de\",\"@id\":\"https:\\\/\\\/www.cbh-cyprus.com\\\/de\\\/#\\\/schema\\\/logo\\\/image\\\/\",\"url\":\"https:\\\/\\\/www.cbh-cyprus.com\\\/app\\\/uploads\\\/sites\\\/30\\\/2020\\\/10\\\/cbh.jpg\",\"contentUrl\":\"https:\\\/\\\/www.cbh-cyprus.com\\\/app\\\/uploads\\\/sites\\\/30\\\/2020\\\/10\\\/cbh.jpg\",\"width\":1013,\"height\":419,\"caption\":\"Constantinou Bros Hotels\"},\"image\":{\"@id\":\"https:\\\/\\\/www.cbh-cyprus.com\\\/de\\\/#\\\/schema\\\/logo\\\/image\\\/\"}}]}<\/script>\n<!-- \/ Yoast SEO plugin. -->","yoast_head_json":{"title":"Covid-19 Travel Information - Constantinou Bros Hotels","robots":{"index":"index","follow":"follow","max-snippet":"max-snippet:-1","max-image-preview":"max-image-preview:large","max-video-preview":"max-video-preview:-1"},"canonical":"https:\/\/www.cbh-cyprus.com\/de\/covid-19-travel-information-copy\/","og_locale":"de_DE","og_type":"article","og_title":"Covid-19 Travel Information - Constantinou Bros Hotels","og_description":"Constantinou Bros An\u00fcndigung der Wiederer\u00f6ffnung aller Hotels Die Constantinou Bros Hotels freuen sich, die Wiederer\u00f6ffnung aller unserer Hotels bekannt zu geben. Zweifellos war es eine schwierige Situation f\u00fcr die gesamten Welt, doch die strengen Ma\u00dfnahmen, die sofort von der zyprischen Regierung ergriffen wurden und der Beitrag aller, diese einzuhalten, kamen schnell zum Tragen. Die Weltgesundheitsorganisation","og_url":"https:\/\/www.cbh-cyprus.com\/de\/covid-19-travel-information-copy\/","og_site_name":"Constantinou Bros Hotels","article_modified_time":"2020-07-10T15:12:21+00:00","twitter_card":"summary_large_image","twitter_misc":{"Gesch\u00e4tzte Lesezeit":"3\u00a0Minuten"},"schema":{"@context":"https:\/\/schema.org","@graph":[{"@type":"WebPage","@id":"https:\/\/www.cbh-cyprus.com\/de\/covid-19-travel-information-copy\/","url":"https:\/\/www.cbh-cyprus.com\/de\/covid-19-travel-information-copy\/","name":"Covid-19 Travel Information - Constantinou Bros Hotels","isPartOf":{"@id":"https:\/\/www.cbh-cyprus.com\/de\/#website"},"datePublished":"2020-05-21T05:50:00+00:00","dateModified":"2020-07-10T15:12:21+00:00","breadcrumb":{"@id":"https:\/\/www.cbh-cyprus.com\/de\/covid-19-travel-information-copy\/#breadcrumb"},"inLanguage":"de","potentialAction":[{"@type":"ReadAction","target":["https:\/\/www.cbh-cyprus.com\/de\/covid-19-travel-information-copy\/"]}]},{"@type":"BreadcrumbList","@id":"https:\/\/www.cbh-cyprus.com\/de\/covid-19-travel-information-copy\/#breadcrumb","itemListElement":[{"@type":"ListItem","position":1,"name":"Home","item":"https:\/\/www.cbh-cyprus.com\/de\/willkommen-in-den-constantinou-bros-hotels\/"},{"@type":"ListItem","position":2,"name":"Covid-19 Travel Information"}]},{"@type":"WebSite","@id":"https:\/\/www.cbh-cyprus.com\/de\/#website","url":"https:\/\/www.cbh-cyprus.com\/de\/","name":"Constantinou Bros Hotels","description":"Constantinou Bros Hotels","publisher":{"@id":"https:\/\/www.cbh-cyprus.com\/de\/#organization"},"potentialAction":[{"@type":"SearchAction","target":{"@type":"EntryPoint","urlTemplate":"https:\/\/www.cbh-cyprus.com\/de\/?s={search_term_string}"},"query-input":{"@type":"PropertyValueSpecification","valueRequired":true,"valueName":"search_term_string"}}],"inLanguage":"de"},{"@type":"Organization","@id":"https:\/\/www.cbh-cyprus.com\/de\/#organization","name":"Constantinou Bros Hotels","url":"https:\/\/www.cbh-cyprus.com\/de\/","logo":{"@type":"ImageObject","inLanguage":"de","@id":"https:\/\/www.cbh-cyprus.com\/de\/#\/schema\/logo\/image\/","url":"https:\/\/www.cbh-cyprus.com\/app\/uploads\/sites\/30\/2020\/10\/cbh.jpg","contentUrl":"https:\/\/www.cbh-cyprus.com\/app\/uploads\/sites\/30\/2020\/10\/cbh.jpg","width":1013,"height":419,"caption":"Constantinou Bros Hotels"},"image":{"@id":"https:\/\/www.cbh-cyprus.com\/de\/#\/schema\/logo\/image\/"}}]}},"_links":{"self":[{"href":"https:\/\/www.cbh-cyprus.com\/de\/wp-json\/wp\/v2\/pages\/5757","targetHints":{"allow":["GET"]}}],"collection":[{"href":"https:\/\/www.cbh-cyprus.com\/de\/wp-json\/wp\/v2\/pages"}],"about":[{"href":"https:\/\/www.cbh-cyprus.com\/de\/wp-json\/wp\/v2\/types\/page"}],"author":[{"embeddable":true,"href":"https:\/\/www.cbh-cyprus.com\/de\/wp-json\/wp\/v2\/users\/12"}],"replies":[{"embeddable":true,"href":"https:\/\/www.cbh-cyprus.com\/de\/wp-json\/wp\/v2\/comments?post=5757"}],"version-history":[{"count":4,"href":"https:\/\/www.cbh-cyprus.com\/de\/wp-json\/wp\/v2\/pages\/5757\/revisions"}],"predecessor-version":[{"id":5993,"href":"https:\/\/www.cbh-cyprus.com\/de\/wp-json\/wp\/v2\/pages\/5757\/revisions\/5993"}],"wp:attachment":[{"href":"https:\/\/www.cbh-cyprus.com\/de\/wp-json\/wp\/v2\/media?parent=5757"}],"curies":[{"name":"wp","href":"https:\/\/api.w.org\/{rel}","templated":true}]}}