{"id":5926,"date":"2020-05-19T13:35:59","date_gmt":"2020-05-19T10:35:59","guid":{"rendered":"https:\/\/www.cbh-cyprus.com\/covid-19-travel-information\/"},"modified":"2024-07-23T12:17:57","modified_gmt":"2024-07-23T09:17:57","slug":"covid-19-gesundheitliche-sicherheitsmassnahmen","status":"publish","type":"page","link":"https:\/\/www.cbh-cyprus.com\/de\/covid-19-gesundheitliche-sicherheitsmassnahmen\/","title":{"rendered":"COVID-19 Gesundheits- und Sicherheitsma\u00dfnahmen"},"content":{"rendered":"<h3><strong>Constantinou Bros k\u00fcndigt die Wiederer\u00f6ffnung aller Hotels an<\/strong><\/h3>\n<p>&nbsp;  Wir von Constantinou Bros Hotels freuen uns, Ihnen mitteilen zu k\u00f6nnen, dass wir beginnen, unsere Hotels wieder zu \u00f6ffnen.<br \/>\nZweifellos war es eine schwierige Situation f\u00fcr den gesamten Planeten, aber die strengen Ma\u00dfnahmen, die von der zypriotischen Regierung sofort ergriffen wurden, und der Beitrag aller, die sich daran gehalten haben, haben schnell Fr\u00fcchte getragen.<br \/>\nDie Weltgesundheitsorganisation erkl\u00e4rte Zypern offiziell zum <strong>&#8222;sichersten Mittelmeerland und zum f\u00fcnft-sichersten Land der Welt&#8220;. <\/strong>Nach drei Phasen der schrittweisen Lockerung der restriktiven Ma\u00dfnahmen ist Zypern nun in der privilegierten Lage, die \u00d6ffnung und den Betrieb seiner Flugh\u00e4fen, Hotels, \u00f6ffentlichen Verkehrsmittel, Taxis, arch\u00e4ologischen St\u00e4tten, Museen, Restaurants, Bars und Einkaufszentren zu r\u00fchmen.   In unseren Hotels haben die Sicherheit, die Gesundheit und das Wohlbefinden unserer gesch\u00e4tzten G\u00e4ste seit jeher oberste Priorit\u00e4t. Mit dem Auftreten der Covid-19-Pandemie haben sich die Prozesse, die wir schon immer befolgt haben, ge\u00e4ndert. Wir haben die bestehenden Hygiene- und Sicherheitsma\u00dfnahmen verbessert und maximiert, basierend auf den Protokollen, die uns von den unten aufgef\u00fchrten offiziellen Stellen und auch von Beratern vorgelegt wurden, die wir mit der Entwicklung der neuen Betriebsabl\u00e4ufe und der Schulung unserer Mitarbeiter beauftragt haben: \u2713 zypriotisches Gesundheitsministerium \u2713 Europ\u00e4isches Zentrum f\u00fcr die Pr\u00e4vention und die Kontrolle von Krankheiten (ECDC) \u2713 Weltgesundheitsorganisation Wir verstehen, dass die Hygiene und die sozialen Distanzierungsma\u00dfnahmen jeden Reisenden betreffen, aber wir m\u00f6chten Ihnen versichern, dass wir alle notwendigen Ma\u00dfnahmen zum Schutz unserer G\u00e4ste und unseres Personals ergriffen haben und weiterhin ergreifen werden, und wir erw\u00e4hnen hier beispielhaft die Highlights: \u27a2 Aufrechterhaltung der Belegung der Hotels auf einem sicheren Niveau \u27a2 Aush\u00e4nge mit der maximal zul\u00e4ssigen Personenzahl an den Eing\u00e4ngen aller \u00f6ffentlichen Bereiche, Restaurants, Bars und Aufz\u00fcge \u27a2 H\u00e4ndedesinfektionsstationen in allen Bereichen f\u00fcr G\u00e4ste und Personal \u27a2 Transparente Trennw\u00e4nde zwischen Mitarbeitern und G\u00e4sten an der Rezeption und in den Minim\u00e4rkten \u27a2 St\u00e4ndiges Tragen der pers\u00f6nlichen Schutzausr\u00fcstung durch das gesamte Personal (Gesichtsmaske, Handschuhe) und an allen Servicepunkten \u27a2 Online-Check-in wird entweder \u00fcber unsere Website oder die mobile App der Constantinou Bros Hotels gef\u00f6rdert \u27a2 Alle Verkaufsstellen arbeiten bargeldlos (nur Zimmergeb\u00fchr oder Kreditkartenzahlung) \u27a2 Desinfektion und Transfer des Gep\u00e4cks der G\u00e4ste durch unser Personal au\u00dferhalb des Zimmers, sofern der Gast nichts anderes w\u00fcnscht \u27a2 Nach der Abreise, alle Zimmer gr\u00fcndlich gereinigt, gel\u00fcftet und desinfiziert und nach mindestens zwei Stunden einem Neuank\u00f6mmling zur Verf\u00fcgung gestellt \u27a2 \u00dcberw\u00fcrfe, Speisekarten, Zeitschriften und Informationsbl\u00e4tter aus den Zimmern entfernt (auf Anfrage erh\u00e4ltlich) \u27a2 Zus\u00e4tzliche Kissen und Decken verbleiben im Zimmer, verpackt und mit Desinfektionsband versiegelt.<br \/>\n\u27a2 Der Turn-Down-Service wird vor\u00fcbergehend ausgesetzt \u27a2 Alle Bereiche, Tische, St\u00fchle, Liegen und Oberfl\u00e4chen, die h\u00e4ufig ber\u00fchrt werden (T\u00fcrkn\u00f6pfe, Aufzugskn\u00f6pfe, Griffe, Wasserh\u00e4hne), werden st\u00e4ndig desinfiziert und desinfiziert \u27a2 In den Restaurants und Bars wird ein strikter Sicherheitsabstand zwischen den Tischen eingehalten, und die Mahlzeiten werden sowohl in den Restaurants als auch &#8211; bei sch\u00f6nem Wetter &#8211; im Freien angeboten \u27a2 Bei den Mahlzeiten wird eine Kombination aus Buffet und Service angeboten, \u27a2 Am Strand und an den Pools strikte Einhaltung der Sicherheitsabst\u00e4nde zwischen den Sonnenschirmen \u27a2 Sport, Fitnessstudios, Friseursalons, Spas &#8211; Betrieb nur auf der Grundlage der Protokolle \u27a2 St\u00e4ndige strenge Kontrollen durch unsere engagierten Teams hinsichtlich der Einhaltung und Umsetzung aller Ma\u00dfnahmen und Protokolle f\u00fcr Ihre Hygiene und Sicherheit   <\/p>\n<p style=\"text-align: center\"><strong>Unsere Hotels werden an den folgenden Daten wieder ge\u00f6ffnet:<\/strong><\/p>\n<p style=\"text-align: center\">  TUI BLUE PIONEER BEACH HOTEL 28\/06\/2020 CONSTANTINOU BROS ASIMINA SUITES HOTEL 02\/07\/2020 CONSTANTINOU BROS ATHENA ROYAL BEACH HOTEL 01\/08\/2020 CONSTANTINOU BROS ATHENA BEACH HOTEL 19\/08\/2020<\/p>\n<p>  Wenden Sie sich bitte an Ihren Reiseberater, um sich \u00fcber unsere Sonderangebote zu informieren, oder besuchen Sie unsere Webseite  <a href=\"https:\/\/www.cbh-cyprus.com\/\"><a href=\"https:\/\/www.cbh-cyprus.com\/\">www.cbh-cyprus.com<\/a><\/a>  Wir freuen uns darauf, Sie bald wieder bei uns begr\u00fc\u00dfen zu d\u00fcrfen und Ihnen einen unvergesslichen Urlaub mit der Gastfreundschaft zu bieten, an die Sie gew\u00f6hnt sind und die Sie in all den Jahren zu sch\u00e4tzen gelernt haben, mit noch mehr Sorgfalt f\u00fcr Sie und Ihre Lieben.<\/p>\n","protected":false},"excerpt":{"rendered":"<p>Constantinou Bros k\u00fcndigt die Wiederer\u00f6ffnung aller Hotels an &nbsp; Wir von Constantinou Bros Hotels freuen uns, Ihnen mitteilen zu k\u00f6nnen, dass wir beginnen, unsere Hotels wieder zu \u00f6ffnen. Zweifellos war es eine schwierige Situation f\u00fcr den gesamten Planeten, aber die strengen Ma\u00dfnahmen, die von der zypriotischen Regierung sofort ergriffen wurden, und der Beitrag aller, die<\/p>\n","protected":false},"author":100,"featured_media":0,"parent":0,"menu_order":0,"comment_status":"closed","ping_status":"closed","template":"","meta":{"_acf_changed":false,"footnotes":""},"class_list":["post-5926","page","type-page","status-publish","hentry"],"acf":[],"yoast_head":"<!-- This site is optimized with the Yoast SEO plugin v27.3 - https:\/\/yoast.com\/product\/yoast-seo-wordpress\/ -->\n<title>COVID-19 Gesundheits- und Sicherheitsma\u00dfnahmen - Constantinou Bros Hotels<\/title>\n<meta name=\"robots\" content=\"index, follow, max-snippet:-1, max-image-preview:large, max-video-preview:-1\" \/>\n<link rel=\"canonical\" href=\"https:\/\/www.cbh-cyprus.com\/de\/covid-19-gesundheitliche-sicherheitsmassnahmen\/\" \/>\n<meta property=\"og:locale\" content=\"de_DE\" \/>\n<meta property=\"og:type\" content=\"article\" \/>\n<meta property=\"og:title\" content=\"COVID-19 Gesundheits- und Sicherheitsma\u00dfnahmen - Constantinou Bros Hotels\" \/>\n<meta property=\"og:description\" content=\"Constantinou Bros k\u00fcndigt die Wiederer\u00f6ffnung aller Hotels an &nbsp; Wir von Constantinou Bros Hotels freuen uns, Ihnen mitteilen zu k\u00f6nnen, dass wir beginnen, unsere Hotels wieder zu \u00f6ffnen. Zweifellos war es eine schwierige Situation f\u00fcr den gesamten Planeten, aber die strengen Ma\u00dfnahmen, die von der zypriotischen Regierung sofort ergriffen wurden, und der Beitrag aller, die\" \/>\n<meta property=\"og:url\" content=\"https:\/\/www.cbh-cyprus.com\/de\/covid-19-gesundheitliche-sicherheitsmassnahmen\/\" \/>\n<meta property=\"og:site_name\" content=\"Constantinou Bros Hotels\" \/>\n<meta property=\"article:modified_time\" content=\"2024-07-23T09:17:57+00:00\" \/>\n<meta name=\"twitter:card\" content=\"summary_large_image\" \/>\n<meta name=\"twitter:label1\" content=\"Gesch\u00e4tzte Lesezeit\" \/>\n\t<meta name=\"twitter:data1\" content=\"3\u00a0Minuten\" \/>\n<script type=\"application\/ld+json\" class=\"yoast-schema-graph\">{\"@context\":\"https:\\\/\\\/schema.org\",\"@graph\":[{\"@type\":\"WebPage\",\"@id\":\"https:\\\/\\\/www.cbh-cyprus.com\\\/de\\\/covid-19-gesundheitliche-sicherheitsmassnahmen\\\/\",\"url\":\"https:\\\/\\\/www.cbh-cyprus.com\\\/de\\\/covid-19-gesundheitliche-sicherheitsmassnahmen\\\/\",\"name\":\"COVID-19 Gesundheits- und Sicherheitsma\u00dfnahmen - Constantinou Bros Hotels\",\"isPartOf\":{\"@id\":\"https:\\\/\\\/www.cbh-cyprus.com\\\/de\\\/#website\"},\"datePublished\":\"2020-05-19T10:35:59+00:00\",\"dateModified\":\"2024-07-23T09:17:57+00:00\",\"breadcrumb\":{\"@id\":\"https:\\\/\\\/www.cbh-cyprus.com\\\/de\\\/covid-19-gesundheitliche-sicherheitsmassnahmen\\\/#breadcrumb\"},\"inLanguage\":\"de\",\"potentialAction\":[{\"@type\":\"ReadAction\",\"target\":[\"https:\\\/\\\/www.cbh-cyprus.com\\\/de\\\/covid-19-gesundheitliche-sicherheitsmassnahmen\\\/\"]}]},{\"@type\":\"BreadcrumbList\",\"@id\":\"https:\\\/\\\/www.cbh-cyprus.com\\\/de\\\/covid-19-gesundheitliche-sicherheitsmassnahmen\\\/#breadcrumb\",\"itemListElement\":[{\"@type\":\"ListItem\",\"position\":1,\"name\":\"Home\",\"item\":\"https:\\\/\\\/www.cbh-cyprus.com\\\/de\\\/willkommen-in-den-constantinou-bros-hotels\\\/\"},{\"@type\":\"ListItem\",\"position\":2,\"name\":\"COVID-19 Gesundheits- und Sicherheitsma\u00dfnahmen\"}]},{\"@type\":\"WebSite\",\"@id\":\"https:\\\/\\\/www.cbh-cyprus.com\\\/de\\\/#website\",\"url\":\"https:\\\/\\\/www.cbh-cyprus.com\\\/de\\\/\",\"name\":\"Constantinou Bros Hotels\",\"description\":\"Constantinou Bros Hotels\",\"publisher\":{\"@id\":\"https:\\\/\\\/www.cbh-cyprus.com\\\/de\\\/#organization\"},\"potentialAction\":[{\"@type\":\"SearchAction\",\"target\":{\"@type\":\"EntryPoint\",\"urlTemplate\":\"https:\\\/\\\/www.cbh-cyprus.com\\\/de\\\/?s={search_term_string}\"},\"query-input\":{\"@type\":\"PropertyValueSpecification\",\"valueRequired\":true,\"valueName\":\"search_term_string\"}}],\"inLanguage\":\"de\"},{\"@type\":\"Organization\",\"@id\":\"https:\\\/\\\/www.cbh-cyprus.com\\\/de\\\/#organization\",\"name\":\"Constantinou Bros Hotels\",\"url\":\"https:\\\/\\\/www.cbh-cyprus.com\\\/de\\\/\",\"logo\":{\"@type\":\"ImageObject\",\"inLanguage\":\"de\",\"@id\":\"https:\\\/\\\/www.cbh-cyprus.com\\\/de\\\/#\\\/schema\\\/logo\\\/image\\\/\",\"url\":\"https:\\\/\\\/www.cbh-cyprus.com\\\/app\\\/uploads\\\/sites\\\/30\\\/2020\\\/10\\\/cbh.jpg\",\"contentUrl\":\"https:\\\/\\\/www.cbh-cyprus.com\\\/app\\\/uploads\\\/sites\\\/30\\\/2020\\\/10\\\/cbh.jpg\",\"width\":1013,\"height\":419,\"caption\":\"Constantinou Bros Hotels\"},\"image\":{\"@id\":\"https:\\\/\\\/www.cbh-cyprus.com\\\/de\\\/#\\\/schema\\\/logo\\\/image\\\/\"}}]}<\/script>\n<!-- \/ Yoast SEO plugin. -->","yoast_head_json":{"title":"COVID-19 Gesundheits- und Sicherheitsma\u00dfnahmen - Constantinou Bros Hotels","robots":{"index":"index","follow":"follow","max-snippet":"max-snippet:-1","max-image-preview":"max-image-preview:large","max-video-preview":"max-video-preview:-1"},"canonical":"https:\/\/www.cbh-cyprus.com\/de\/covid-19-gesundheitliche-sicherheitsmassnahmen\/","og_locale":"de_DE","og_type":"article","og_title":"COVID-19 Gesundheits- und Sicherheitsma\u00dfnahmen - Constantinou Bros Hotels","og_description":"Constantinou Bros k\u00fcndigt die Wiederer\u00f6ffnung aller Hotels an &nbsp; Wir von Constantinou Bros Hotels freuen uns, Ihnen mitteilen zu k\u00f6nnen, dass wir beginnen, unsere Hotels wieder zu \u00f6ffnen. Zweifellos war es eine schwierige Situation f\u00fcr den gesamten Planeten, aber die strengen Ma\u00dfnahmen, die von der zypriotischen Regierung sofort ergriffen wurden, und der Beitrag aller, die","og_url":"https:\/\/www.cbh-cyprus.com\/de\/covid-19-gesundheitliche-sicherheitsmassnahmen\/","og_site_name":"Constantinou Bros Hotels","article_modified_time":"2024-07-23T09:17:57+00:00","twitter_card":"summary_large_image","twitter_misc":{"Gesch\u00e4tzte Lesezeit":"3\u00a0Minuten"},"schema":{"@context":"https:\/\/schema.org","@graph":[{"@type":"WebPage","@id":"https:\/\/www.cbh-cyprus.com\/de\/covid-19-gesundheitliche-sicherheitsmassnahmen\/","url":"https:\/\/www.cbh-cyprus.com\/de\/covid-19-gesundheitliche-sicherheitsmassnahmen\/","name":"COVID-19 Gesundheits- und Sicherheitsma\u00dfnahmen - Constantinou Bros Hotels","isPartOf":{"@id":"https:\/\/www.cbh-cyprus.com\/de\/#website"},"datePublished":"2020-05-19T10:35:59+00:00","dateModified":"2024-07-23T09:17:57+00:00","breadcrumb":{"@id":"https:\/\/www.cbh-cyprus.com\/de\/covid-19-gesundheitliche-sicherheitsmassnahmen\/#breadcrumb"},"inLanguage":"de","potentialAction":[{"@type":"ReadAction","target":["https:\/\/www.cbh-cyprus.com\/de\/covid-19-gesundheitliche-sicherheitsmassnahmen\/"]}]},{"@type":"BreadcrumbList","@id":"https:\/\/www.cbh-cyprus.com\/de\/covid-19-gesundheitliche-sicherheitsmassnahmen\/#breadcrumb","itemListElement":[{"@type":"ListItem","position":1,"name":"Home","item":"https:\/\/www.cbh-cyprus.com\/de\/willkommen-in-den-constantinou-bros-hotels\/"},{"@type":"ListItem","position":2,"name":"COVID-19 Gesundheits- und Sicherheitsma\u00dfnahmen"}]},{"@type":"WebSite","@id":"https:\/\/www.cbh-cyprus.com\/de\/#website","url":"https:\/\/www.cbh-cyprus.com\/de\/","name":"Constantinou Bros Hotels","description":"Constantinou Bros Hotels","publisher":{"@id":"https:\/\/www.cbh-cyprus.com\/de\/#organization"},"potentialAction":[{"@type":"SearchAction","target":{"@type":"EntryPoint","urlTemplate":"https:\/\/www.cbh-cyprus.com\/de\/?s={search_term_string}"},"query-input":{"@type":"PropertyValueSpecification","valueRequired":true,"valueName":"search_term_string"}}],"inLanguage":"de"},{"@type":"Organization","@id":"https:\/\/www.cbh-cyprus.com\/de\/#organization","name":"Constantinou Bros Hotels","url":"https:\/\/www.cbh-cyprus.com\/de\/","logo":{"@type":"ImageObject","inLanguage":"de","@id":"https:\/\/www.cbh-cyprus.com\/de\/#\/schema\/logo\/image\/","url":"https:\/\/www.cbh-cyprus.com\/app\/uploads\/sites\/30\/2020\/10\/cbh.jpg","contentUrl":"https:\/\/www.cbh-cyprus.com\/app\/uploads\/sites\/30\/2020\/10\/cbh.jpg","width":1013,"height":419,"caption":"Constantinou Bros Hotels"},"image":{"@id":"https:\/\/www.cbh-cyprus.com\/de\/#\/schema\/logo\/image\/"}}]}},"_links":{"self":[{"href":"https:\/\/www.cbh-cyprus.com\/de\/wp-json\/wp\/v2\/pages\/5926","targetHints":{"allow":["GET"]}}],"collection":[{"href":"https:\/\/www.cbh-cyprus.com\/de\/wp-json\/wp\/v2\/pages"}],"about":[{"href":"https:\/\/www.cbh-cyprus.com\/de\/wp-json\/wp\/v2\/types\/page"}],"author":[{"embeddable":true,"href":"https:\/\/www.cbh-cyprus.com\/de\/wp-json\/wp\/v2\/users\/100"}],"replies":[{"embeddable":true,"href":"https:\/\/www.cbh-cyprus.com\/de\/wp-json\/wp\/v2\/comments?post=5926"}],"version-history":[{"count":10,"href":"https:\/\/www.cbh-cyprus.com\/de\/wp-json\/wp\/v2\/pages\/5926\/revisions"}],"predecessor-version":[{"id":37279,"href":"https:\/\/www.cbh-cyprus.com\/de\/wp-json\/wp\/v2\/pages\/5926\/revisions\/37279"}],"wp:attachment":[{"href":"https:\/\/www.cbh-cyprus.com\/de\/wp-json\/wp\/v2\/media?parent=5926"}],"curies":[{"name":"wp","href":"https:\/\/api.w.org\/{rel}","templated":true}]}}