{"id":5951,"date":"2020-06-29T17:05:04","date_gmt":"2020-06-29T14:05:04","guid":{"rendered":"https:\/\/www.cbh-cyprus.com\/?page_id=5951"},"modified":"2020-07-11T08:00:14","modified_gmt":"2020-07-11T05:00:14","slug":"constantinou-bros-anuendigung-der-wiedereroeffnung-aller-hotels","status":"publish","type":"page","link":"https:\/\/www.cbh-cyprus.com\/de\/die-gruppe\/nachrichten\/constantinou-bros-anuendigung-der-wiedereroeffnung-aller-hotels\/","title":{"rendered":"Constantinou Bros An\u00fcndigung der Wiederer\u00f6ffnung aller Hotels"},"content":{"rendered":"<p>Die Constantinou Bros Hotels freuen wir sich, die Wiederer\u00f6ffnung aller unserer Hotels bekannt zu geben.<\/p>\n<p>Zweifellos war es eine schwierige Situation f\u00fcr die gesamten Welt, doch die strengen Ma\u00dfnahmen, die sofort von der zyprischen Regierung ergriffen wurden und der Beitrag aller, diese einzuhalten, kamen schnell zum Tragen. Die Weltgesundheitsorganisation erk\u00e4rte Zypern offiziell als &#8222;das sicherste Mittelmeerland und das f\u00fcnft sicherste Land der Welt&#8220; . Nachdem Zypern bereits drei Phasen der schrittweisen Lockerung einschr\u00e4nkender Ma\u00dfnahmen durchlaufen hat, sind wir nun in der gl\u00fccklichen Lage, Flugh\u00e4fen, Hotels, \u00f6ffentlichen Verkehrsmittel, Taxis, arch\u00e4ologischen St\u00e4tten, Museen, Restaurants, Bars und Einkaufszentren zu er\u00f6ffnen und wieder zu betreiben.<br \/>\nIn unseren Hotels war die Sicherheit, Gesundheit und das Wohlbefinden unserer gesch\u00e4tzten G\u00e4ste stets oberste Priorit\u00e4t. Mit dem Auftreten der Covid-19-Pandemie haben wir die gewohnten Arbeitsabl\u00e4ufe, anhand der Verordnungen von den nachstehenden offiziellen Stellen optimiert. Berater denen wir die Entwicklung der neuen Betriebsprozesse und die Schulung unserer Mitarbeiter \u00fcbertragen haben, haben unsere Hygiene- und Sicherheitsma\u00dfnahmen verbessert und maximiert .<br \/>\n\uf0fc Gesundheitsministerium von Zypern<br \/>\n\u2713 Europ\u00e4isches Zentrum f\u00fcr die Pr\u00e4vention und die Kontrolle von Krankheiten (ECDC)<br \/>\n\u2713 Weltgesundheitsorganisation<br \/>\nDa die Hygiene und die Personen Distanzierungsma\u00dfnahmen jeden Reisenden betreffen, m\u00f6chten wir Ihnen versichern, dass wir alle notwendigen Ma\u00dfnahmen zum Schutz unserer G\u00e4ste und unserer Mitarbeiter ergriffen haben und auch weiterhin ergreifen werden,. Die wichtigsten Punkte sind wie folgt :<\/p>\n<p>\uf0d8 Einhalten einer sicheren Hotelbelegung<br \/>\n\uf0d8 Anpassung des Hotelbetriebs, um sicherzustellen, dass ausreichende Abst\u00e4nde eingehalten werden.<br \/>\n\uf0d8 H\u00e4ndedesinfektionsstationen in allen Bereichen f\u00fcr G\u00e4ste und Mitarbeiter<br \/>\n\uf0d8 Transparente Trennw\u00e4nde zwischen Mitarbeitern und G\u00e4sten an der Rezeption und in den Minim\u00e4rkten<br \/>\n\uf0d8 St\u00e4ndiges Tragen pers\u00f6nlicher Schutzausr\u00fcstung durch das gesamte Personal (Gesichtsmaske, Handschuhe) und an allen Dienststellen<br \/>\n\uf0d8 Online-Check-in empfohlen<br \/>\n\uf0d8 Alle Abteilungen sind bargeldlos (nur auf Zimmerrechnung oder Kreditkartenzahlung).<br \/>\n\uf0d8 Desinfektion und \u00dcbergabe des G\u00e4stegep\u00e4cks durch unsere Mitarbeiter au\u00dferhalb des Zimmers, sofern der Gast nichts anderes verlangt<br \/>\n\uf0d8 Nach der Abreise werden alle Zimmer gr\u00fcndlich gereinigt, gel\u00fcftet und desinfiziert und nach mindestens zwei Stunden einem Neuank\u00f6mmling angeboten<br \/>\n\uf0d8 Bettdecken, zus\u00e4tzliche Kissen, Decken, Men\u00fcs, Zeitschriften und Informationsbl\u00e4tter die aus den Zimmern entfernt wurden sind auf Anfrage erh\u00e4ltlich<br \/>\n\uf0d8 Alle Bereiche, Tische, St\u00fchle, Sonnenliegen und Oberfl\u00e4chen h\u00e4ufiger Ber\u00fchrung (T\u00fcrklinken, Hebekn\u00f6pfe, Griffe, Wasserh\u00e4hne) werden st\u00e4ndig desinfiziert<br \/>\n\uf0d8 Sicherheitsabstand von 3 qm pro Gast in den Restaurants und Bars sowie Mahlzeiten, die sowohl in den Restaurants als auch bei sch\u00f6nem Wetter im Freien angeboten warden<br \/>\n\uf0d8 Die G\u00e4ste haben weiterhin eine Vielzahl von Restaurants zur Verf\u00fcgung, darunter Buffet, Men\u00fc und A La Carte. Die Restaurants werden abh\u00e4nig von der Belegung des Hotels ge\u00f6ffnet.<br \/>\n\uf0d8 Am Strand und in den Pools muss ein Sicherheitsabstand von 4 m zwischen den Sonnenschirmen eingehalten werden. Jeder Sonnenschirm und zwei Sonnenliegen befinden sich in einem Abstand von 2 m<br \/>\n\uf0d8 In den Pools &#8211; 1 Person pro 5 qm Wasser<br \/>\n\uf0d8 Sport, Fitnessstudios, Friseursalons, Spas &#8211; Betrieb nur nach den Protokollen<\/p>\n<p>\uf0d8 Fortsetzung strenger Kontrollen durch unsere engagiertee Teams zur Einhaltung und Umsetzung aller Ma\u00dfnahmen und Protokolle f\u00fcr Ihre Hygiene und Sicherheit.<br \/>\nUnsere Hotels werden wir folgt \u00f6ffnen:<br \/>\nTUI BLUE PIONEER BEACH HOTEL 28\/06\/2020<br \/>\nCONSTANTINOU BROS ATHENA BEACH HOTEL 01\/08\/2020<br \/>\nCONSTANTINOU BROS ATHENA ROYAL BEACH HOTEL 01\/08\/2020<br \/>\nCONSTANTINOU BROS ASIMINA SUITES HOTEL 02\/07\/2020<\/p>\n<p>Bitte kontaktieren Sie Ihr Reiseb\u00fcro, um sich \u00fcber unsere Sonderangebote zu informieren oder besuchen Sie unsere Webseite www.cbh-cyprus.com<\/p>\n<p>Wir freuen uns darauf, Sie so bald wie m\u00f6glich wieder begr\u00fc\u00dfen zu d\u00fcrfen .<br \/>\nWir versprechen Ihnen den unvergesslichen Urlaub mit viel Gastfreundschaft wie gewohnt , erg\u00e4nzt mit noch mehr Sorgfalt f\u00fcr Sie und Ihre Lieben.<\/p>\n","protected":false},"excerpt":{"rendered":"<p>Die Constantinou Bros Hotels freuen wir sich, die Wiederer\u00f6ffnung aller unserer Hotels bekannt zu geben. Zweifellos war es eine schwierige Situation f\u00fcr die gesamten Welt, doch die strengen Ma\u00dfnahmen, die sofort von der zyprischen Regierung ergriffen wurden und der Beitrag aller, diese einzuhalten, kamen schnell zum Tragen. Die Weltgesundheitsorganisation erk\u00e4rte Zypern offiziell als &#8222;das sicherste<\/p>\n","protected":false},"author":100,"featured_media":5881,"parent":2817,"menu_order":0,"comment_status":"closed","ping_status":"closed","template":"","meta":{"_acf_changed":false,"footnotes":""},"class_list":["post-5951","page","type-page","status-publish","has-post-thumbnail","hentry"],"acf":[],"yoast_head":"<!-- This site is optimized with the Yoast SEO plugin v27.3 - https:\/\/yoast.com\/product\/yoast-seo-wordpress\/ -->\n<title>Constantinou Bros An\u00fcndigung der Wiederer\u00f6ffnung aller Hotels - Constantinou Bros Hotels<\/title>\n<meta name=\"robots\" content=\"index, follow, max-snippet:-1, max-image-preview:large, max-video-preview:-1\" \/>\n<link rel=\"canonical\" href=\"https:\/\/www.cbh-cyprus.com\/de\/die-gruppe\/nachrichten\/constantinou-bros-anuendigung-der-wiedereroeffnung-aller-hotels\/\" \/>\n<meta property=\"og:locale\" content=\"de_DE\" \/>\n<meta property=\"og:type\" content=\"article\" \/>\n<meta property=\"og:title\" content=\"Constantinou Bros An\u00fcndigung der Wiederer\u00f6ffnung aller Hotels - Constantinou Bros Hotels\" \/>\n<meta property=\"og:description\" content=\"Die Constantinou Bros Hotels freuen wir sich, die Wiederer\u00f6ffnung aller unserer Hotels bekannt zu geben. Zweifellos war es eine schwierige Situation f\u00fcr die gesamten Welt, doch die strengen Ma\u00dfnahmen, die sofort von der zyprischen Regierung ergriffen wurden und der Beitrag aller, diese einzuhalten, kamen schnell zum Tragen. Die Weltgesundheitsorganisation erk\u00e4rte Zypern offiziell als &#8222;das sicherste\" \/>\n<meta property=\"og:url\" content=\"https:\/\/www.cbh-cyprus.com\/de\/die-gruppe\/nachrichten\/constantinou-bros-anuendigung-der-wiedereroeffnung-aller-hotels\/\" \/>\n<meta property=\"og:site_name\" content=\"Constantinou Bros Hotels\" \/>\n<meta property=\"article:modified_time\" content=\"2020-07-11T05:00:14+00:00\" \/>\n<meta property=\"og:image\" content=\"https:\/\/www.cbh-cyprus.com\/app\/uploads\/sites\/30\/2020\/06\/7-ATHENA-BEACH-HOTEL-OUTDOOR-POOL-600x400.jpg\" \/>\n\t<meta property=\"og:image:width\" content=\"600\" \/>\n\t<meta property=\"og:image:height\" content=\"400\" \/>\n\t<meta property=\"og:image:type\" content=\"image\/jpeg\" \/>\n<meta name=\"twitter:card\" content=\"summary_large_image\" \/>\n<meta name=\"twitter:label1\" content=\"Gesch\u00e4tzte Lesezeit\" \/>\n\t<meta name=\"twitter:data1\" content=\"3\u00a0Minuten\" \/>\n<script type=\"application\/ld+json\" class=\"yoast-schema-graph\">{\"@context\":\"https:\\\/\\\/schema.org\",\"@graph\":[{\"@type\":\"WebPage\",\"@id\":\"https:\\\/\\\/www.cbh-cyprus.com\\\/de\\\/die-gruppe\\\/nachrichten\\\/constantinou-bros-anuendigung-der-wiedereroeffnung-aller-hotels\\\/\",\"url\":\"https:\\\/\\\/www.cbh-cyprus.com\\\/de\\\/die-gruppe\\\/nachrichten\\\/constantinou-bros-anuendigung-der-wiedereroeffnung-aller-hotels\\\/\",\"name\":\"Constantinou Bros An\u00fcndigung der Wiederer\u00f6ffnung aller Hotels - Constantinou Bros Hotels\",\"isPartOf\":{\"@id\":\"https:\\\/\\\/www.cbh-cyprus.com\\\/de\\\/#website\"},\"primaryImageOfPage\":{\"@id\":\"https:\\\/\\\/www.cbh-cyprus.com\\\/de\\\/die-gruppe\\\/nachrichten\\\/constantinou-bros-anuendigung-der-wiedereroeffnung-aller-hotels\\\/#primaryimage\"},\"image\":{\"@id\":\"https:\\\/\\\/www.cbh-cyprus.com\\\/de\\\/die-gruppe\\\/nachrichten\\\/constantinou-bros-anuendigung-der-wiedereroeffnung-aller-hotels\\\/#primaryimage\"},\"thumbnailUrl\":\"https:\\\/\\\/www.cbh-cyprus.com\\\/app\\\/uploads\\\/sites\\\/30\\\/2020\\\/06\\\/7-ATHENA-BEACH-HOTEL-OUTDOOR-POOL.jpg\",\"datePublished\":\"2020-06-29T14:05:04+00:00\",\"dateModified\":\"2020-07-11T05:00:14+00:00\",\"breadcrumb\":{\"@id\":\"https:\\\/\\\/www.cbh-cyprus.com\\\/de\\\/die-gruppe\\\/nachrichten\\\/constantinou-bros-anuendigung-der-wiedereroeffnung-aller-hotels\\\/#breadcrumb\"},\"inLanguage\":\"de\",\"potentialAction\":[{\"@type\":\"ReadAction\",\"target\":[\"https:\\\/\\\/www.cbh-cyprus.com\\\/de\\\/die-gruppe\\\/nachrichten\\\/constantinou-bros-anuendigung-der-wiedereroeffnung-aller-hotels\\\/\"]}]},{\"@type\":\"ImageObject\",\"inLanguage\":\"de\",\"@id\":\"https:\\\/\\\/www.cbh-cyprus.com\\\/de\\\/die-gruppe\\\/nachrichten\\\/constantinou-bros-anuendigung-der-wiedereroeffnung-aller-hotels\\\/#primaryimage\",\"url\":\"https:\\\/\\\/www.cbh-cyprus.com\\\/app\\\/uploads\\\/sites\\\/30\\\/2020\\\/06\\\/7-ATHENA-BEACH-HOTEL-OUTDOOR-POOL.jpg\",\"contentUrl\":\"https:\\\/\\\/www.cbh-cyprus.com\\\/app\\\/uploads\\\/sites\\\/30\\\/2020\\\/06\\\/7-ATHENA-BEACH-HOTEL-OUTDOOR-POOL.jpg\",\"width\":8186,\"height\":5457},{\"@type\":\"BreadcrumbList\",\"@id\":\"https:\\\/\\\/www.cbh-cyprus.com\\\/de\\\/die-gruppe\\\/nachrichten\\\/constantinou-bros-anuendigung-der-wiedereroeffnung-aller-hotels\\\/#breadcrumb\",\"itemListElement\":[{\"@type\":\"ListItem\",\"position\":1,\"name\":\"Home\",\"item\":\"https:\\\/\\\/www.cbh-cyprus.com\\\/de\\\/willkommen-in-den-constantinou-bros-hotels\\\/\"},{\"@type\":\"ListItem\",\"position\":2,\"name\":\"Die Gruppe\",\"item\":\"https:\\\/\\\/www.cbh-cyprus.com\\\/de\\\/die-gruppe\\\/\"},{\"@type\":\"ListItem\",\"position\":3,\"name\":\"Nachrichten\",\"item\":\"https:\\\/\\\/www.cbh-cyprus.com\\\/de\\\/die-gruppe\\\/nachrichten\\\/\"},{\"@type\":\"ListItem\",\"position\":4,\"name\":\"Constantinou Bros An\u00fcndigung der Wiederer\u00f6ffnung aller Hotels\"}]},{\"@type\":\"WebSite\",\"@id\":\"https:\\\/\\\/www.cbh-cyprus.com\\\/de\\\/#website\",\"url\":\"https:\\\/\\\/www.cbh-cyprus.com\\\/de\\\/\",\"name\":\"Constantinou Bros Hotels\",\"description\":\"Constantinou Bros Hotels\",\"publisher\":{\"@id\":\"https:\\\/\\\/www.cbh-cyprus.com\\\/de\\\/#organization\"},\"potentialAction\":[{\"@type\":\"SearchAction\",\"target\":{\"@type\":\"EntryPoint\",\"urlTemplate\":\"https:\\\/\\\/www.cbh-cyprus.com\\\/de\\\/?s={search_term_string}\"},\"query-input\":{\"@type\":\"PropertyValueSpecification\",\"valueRequired\":true,\"valueName\":\"search_term_string\"}}],\"inLanguage\":\"de\"},{\"@type\":\"Organization\",\"@id\":\"https:\\\/\\\/www.cbh-cyprus.com\\\/de\\\/#organization\",\"name\":\"Constantinou Bros Hotels\",\"url\":\"https:\\\/\\\/www.cbh-cyprus.com\\\/de\\\/\",\"logo\":{\"@type\":\"ImageObject\",\"inLanguage\":\"de\",\"@id\":\"https:\\\/\\\/www.cbh-cyprus.com\\\/de\\\/#\\\/schema\\\/logo\\\/image\\\/\",\"url\":\"https:\\\/\\\/www.cbh-cyprus.com\\\/app\\\/uploads\\\/sites\\\/30\\\/2020\\\/10\\\/cbh.jpg\",\"contentUrl\":\"https:\\\/\\\/www.cbh-cyprus.com\\\/app\\\/uploads\\\/sites\\\/30\\\/2020\\\/10\\\/cbh.jpg\",\"width\":1013,\"height\":419,\"caption\":\"Constantinou Bros Hotels\"},\"image\":{\"@id\":\"https:\\\/\\\/www.cbh-cyprus.com\\\/de\\\/#\\\/schema\\\/logo\\\/image\\\/\"}}]}<\/script>\n<!-- \/ Yoast SEO plugin. -->","yoast_head_json":{"title":"Constantinou Bros An\u00fcndigung der Wiederer\u00f6ffnung aller Hotels - Constantinou Bros Hotels","robots":{"index":"index","follow":"follow","max-snippet":"max-snippet:-1","max-image-preview":"max-image-preview:large","max-video-preview":"max-video-preview:-1"},"canonical":"https:\/\/www.cbh-cyprus.com\/de\/die-gruppe\/nachrichten\/constantinou-bros-anuendigung-der-wiedereroeffnung-aller-hotels\/","og_locale":"de_DE","og_type":"article","og_title":"Constantinou Bros An\u00fcndigung der Wiederer\u00f6ffnung aller Hotels - Constantinou Bros Hotels","og_description":"Die Constantinou Bros Hotels freuen wir sich, die Wiederer\u00f6ffnung aller unserer Hotels bekannt zu geben. Zweifellos war es eine schwierige Situation f\u00fcr die gesamten Welt, doch die strengen Ma\u00dfnahmen, die sofort von der zyprischen Regierung ergriffen wurden und der Beitrag aller, diese einzuhalten, kamen schnell zum Tragen. Die Weltgesundheitsorganisation erk\u00e4rte Zypern offiziell als &#8222;das sicherste","og_url":"https:\/\/www.cbh-cyprus.com\/de\/die-gruppe\/nachrichten\/constantinou-bros-anuendigung-der-wiedereroeffnung-aller-hotels\/","og_site_name":"Constantinou Bros Hotels","article_modified_time":"2020-07-11T05:00:14+00:00","og_image":[{"width":600,"height":400,"url":"https:\/\/www.cbh-cyprus.com\/app\/uploads\/sites\/30\/2020\/06\/7-ATHENA-BEACH-HOTEL-OUTDOOR-POOL-600x400.jpg","type":"image\/jpeg"}],"twitter_card":"summary_large_image","twitter_misc":{"Gesch\u00e4tzte Lesezeit":"3\u00a0Minuten"},"schema":{"@context":"https:\/\/schema.org","@graph":[{"@type":"WebPage","@id":"https:\/\/www.cbh-cyprus.com\/de\/die-gruppe\/nachrichten\/constantinou-bros-anuendigung-der-wiedereroeffnung-aller-hotels\/","url":"https:\/\/www.cbh-cyprus.com\/de\/die-gruppe\/nachrichten\/constantinou-bros-anuendigung-der-wiedereroeffnung-aller-hotels\/","name":"Constantinou Bros An\u00fcndigung der Wiederer\u00f6ffnung aller Hotels - Constantinou Bros Hotels","isPartOf":{"@id":"https:\/\/www.cbh-cyprus.com\/de\/#website"},"primaryImageOfPage":{"@id":"https:\/\/www.cbh-cyprus.com\/de\/die-gruppe\/nachrichten\/constantinou-bros-anuendigung-der-wiedereroeffnung-aller-hotels\/#primaryimage"},"image":{"@id":"https:\/\/www.cbh-cyprus.com\/de\/die-gruppe\/nachrichten\/constantinou-bros-anuendigung-der-wiedereroeffnung-aller-hotels\/#primaryimage"},"thumbnailUrl":"https:\/\/www.cbh-cyprus.com\/app\/uploads\/sites\/30\/2020\/06\/7-ATHENA-BEACH-HOTEL-OUTDOOR-POOL.jpg","datePublished":"2020-06-29T14:05:04+00:00","dateModified":"2020-07-11T05:00:14+00:00","breadcrumb":{"@id":"https:\/\/www.cbh-cyprus.com\/de\/die-gruppe\/nachrichten\/constantinou-bros-anuendigung-der-wiedereroeffnung-aller-hotels\/#breadcrumb"},"inLanguage":"de","potentialAction":[{"@type":"ReadAction","target":["https:\/\/www.cbh-cyprus.com\/de\/die-gruppe\/nachrichten\/constantinou-bros-anuendigung-der-wiedereroeffnung-aller-hotels\/"]}]},{"@type":"ImageObject","inLanguage":"de","@id":"https:\/\/www.cbh-cyprus.com\/de\/die-gruppe\/nachrichten\/constantinou-bros-anuendigung-der-wiedereroeffnung-aller-hotels\/#primaryimage","url":"https:\/\/www.cbh-cyprus.com\/app\/uploads\/sites\/30\/2020\/06\/7-ATHENA-BEACH-HOTEL-OUTDOOR-POOL.jpg","contentUrl":"https:\/\/www.cbh-cyprus.com\/app\/uploads\/sites\/30\/2020\/06\/7-ATHENA-BEACH-HOTEL-OUTDOOR-POOL.jpg","width":8186,"height":5457},{"@type":"BreadcrumbList","@id":"https:\/\/www.cbh-cyprus.com\/de\/die-gruppe\/nachrichten\/constantinou-bros-anuendigung-der-wiedereroeffnung-aller-hotels\/#breadcrumb","itemListElement":[{"@type":"ListItem","position":1,"name":"Home","item":"https:\/\/www.cbh-cyprus.com\/de\/willkommen-in-den-constantinou-bros-hotels\/"},{"@type":"ListItem","position":2,"name":"Die Gruppe","item":"https:\/\/www.cbh-cyprus.com\/de\/die-gruppe\/"},{"@type":"ListItem","position":3,"name":"Nachrichten","item":"https:\/\/www.cbh-cyprus.com\/de\/die-gruppe\/nachrichten\/"},{"@type":"ListItem","position":4,"name":"Constantinou Bros An\u00fcndigung der Wiederer\u00f6ffnung aller Hotels"}]},{"@type":"WebSite","@id":"https:\/\/www.cbh-cyprus.com\/de\/#website","url":"https:\/\/www.cbh-cyprus.com\/de\/","name":"Constantinou Bros Hotels","description":"Constantinou Bros Hotels","publisher":{"@id":"https:\/\/www.cbh-cyprus.com\/de\/#organization"},"potentialAction":[{"@type":"SearchAction","target":{"@type":"EntryPoint","urlTemplate":"https:\/\/www.cbh-cyprus.com\/de\/?s={search_term_string}"},"query-input":{"@type":"PropertyValueSpecification","valueRequired":true,"valueName":"search_term_string"}}],"inLanguage":"de"},{"@type":"Organization","@id":"https:\/\/www.cbh-cyprus.com\/de\/#organization","name":"Constantinou Bros Hotels","url":"https:\/\/www.cbh-cyprus.com\/de\/","logo":{"@type":"ImageObject","inLanguage":"de","@id":"https:\/\/www.cbh-cyprus.com\/de\/#\/schema\/logo\/image\/","url":"https:\/\/www.cbh-cyprus.com\/app\/uploads\/sites\/30\/2020\/10\/cbh.jpg","contentUrl":"https:\/\/www.cbh-cyprus.com\/app\/uploads\/sites\/30\/2020\/10\/cbh.jpg","width":1013,"height":419,"caption":"Constantinou Bros Hotels"},"image":{"@id":"https:\/\/www.cbh-cyprus.com\/de\/#\/schema\/logo\/image\/"}}]}},"_links":{"self":[{"href":"https:\/\/www.cbh-cyprus.com\/de\/wp-json\/wp\/v2\/pages\/5951","targetHints":{"allow":["GET"]}}],"collection":[{"href":"https:\/\/www.cbh-cyprus.com\/de\/wp-json\/wp\/v2\/pages"}],"about":[{"href":"https:\/\/www.cbh-cyprus.com\/de\/wp-json\/wp\/v2\/types\/page"}],"author":[{"embeddable":true,"href":"https:\/\/www.cbh-cyprus.com\/de\/wp-json\/wp\/v2\/users\/100"}],"replies":[{"embeddable":true,"href":"https:\/\/www.cbh-cyprus.com\/de\/wp-json\/wp\/v2\/comments?post=5951"}],"version-history":[{"count":2,"href":"https:\/\/www.cbh-cyprus.com\/de\/wp-json\/wp\/v2\/pages\/5951\/revisions"}],"predecessor-version":[{"id":6011,"href":"https:\/\/www.cbh-cyprus.com\/de\/wp-json\/wp\/v2\/pages\/5951\/revisions\/6011"}],"up":[{"embeddable":true,"href":"https:\/\/www.cbh-cyprus.com\/de\/wp-json\/wp\/v2\/pages\/2817"}],"wp:featuredmedia":[{"embeddable":true,"href":"https:\/\/www.cbh-cyprus.com\/de\/wp-json\/wp\/v2\/media\/5881"}],"wp:attachment":[{"href":"https:\/\/www.cbh-cyprus.com\/de\/wp-json\/wp\/v2\/media?parent=5951"}],"curies":[{"name":"wp","href":"https:\/\/api.w.org\/{rel}","templated":true}]}}