{"id":7454,"date":"2020-10-08T16:05:12","date_gmt":"2020-10-08T13:05:12","guid":{"rendered":"https:\/\/www.cbh-cyprus.com\/activities\/cycling-holidays\/"},"modified":"2025-05-05T15:10:52","modified_gmt":"2025-05-05T12:10:52","slug":"fahrrad-urlaub","status":"publish","type":"page","link":"https:\/\/www.cbh-cyprus.com\/de\/aktivitaten\/fahrrad-urlaub\/","title":{"rendered":"Radfahren Urlaub"},"content":{"rendered":"<p>Zypern bietet ein Rezept f\u00fcr perfekte Wetterbedingungen, die die Insel das ganze Jahr \u00fcber zu einem idealen Ort zum Radfahren machen.<br \/>\nEin Radurlaub ist die perfekte M\u00f6glichkeit, eine interessante und lohnende Freizeitbesch\u00e4ftigung auszu\u00fcben.<br \/>\nSowohl Profis als auch Amateure aus der ganzen Welt kommen hierher, um das ganze Jahr \u00fcber das hervorragende Wetter, die atemberaubende Landschaft und die kurzen und \u00fcberschaubaren Entfernungen zu nutzen.<br \/>\nSie k\u00f6nnen sich Ihre eigene Route zusammenstellen und sowohl auf Land- oder Bergwegen als auch auf Radwegen entlang einiger der belebteren Stra\u00dfen in den St\u00e4dten fahren.<br \/>\nBesonders in Paphos ist es unglaublich, wie Sie morgens in den Bergen und W\u00e4ldern sein k\u00f6nnen und am Nachmittag wieder unten am kobaltblauen Meer.<br \/>\nDar\u00fcber hinaus k\u00f6nnen die G\u00e4ste der Constantinou Bros Hotels einen sicheren, gut organisierten und ger\u00e4umigen Fahrradkeller nutzen, der kostenlos und exklusiv f\u00fcr die G\u00e4ste der Constantinou Bros Hotels zur Verf\u00fcgung steht.       <strong>Einrichtungen verf\u00fcgbar<\/strong><\/p>\n<ul>\n<li>Spezieller Fahrradraum verf\u00fcgbar<\/li>\n<li>Athena Beach Hotel Fahrradaufbewahrung &#8211; Platz f\u00fcr bis zu 140 Fahrr\u00e4der<\/li>\n<li>Pioneer Beach Hotel Fahrradaufbewahrung &#8211; Platz f\u00fcr bis zu 98 Fahrr\u00e4der<\/li>\n<li>Elektronisches Eingangsschloss, das \u00fcber einen pers\u00f6nlichen Code zug\u00e4nglich ist, der beim Einchecken mitgeteilt wird<\/li>\n<li>Zugang zu sicheren, individuellen Schuh- und Helmschlie\u00dff\u00e4chern mit dem pers\u00f6nlichen Schl\u00fcssel des Benutzers<\/li>\n<li>Sichere Lagerung mit CCTV<\/li>\n<li>Vor-Ort-Reparatur- und Wartungseinrichtungen und Luftpumpe<\/li>\n<li>Reinigungsm\u00f6glichkeiten f\u00fcr Fahrr\u00e4der<\/li>\n<li>In beiden Einrichtungen k\u00f6nnen Fahrr\u00e4der auf vertikalen und bodenmontierten St\u00e4ndern abgestellt werden.<\/li>\n<li>Zusammenarbeit mit einem Fahrradzentrum<\/li>\n<\/ul>\n<p>  *Die Fahrradaufbewahrung im Athena Beach Hotel wird gemeinsam mit dem Athena Royal Beach Hotel und dem Pioneer Beach Hotel mit den G\u00e4sten des Asimina Suites Hotel genutzt.<\/p>\n","protected":false},"excerpt":{"rendered":"<p>Zypern bietet ein Rezept f\u00fcr perfekte Wetterbedingungen, die die Insel das ganze Jahr \u00fcber zu einem idealen Ort zum Radfahren machen. Ein Radurlaub ist die perfekte M\u00f6glichkeit, eine interessante und lohnende Freizeitbesch\u00e4ftigung auszu\u00fcben. Sowohl Profis als auch Amateure aus der ganzen Welt kommen hierher, um das ganze Jahr \u00fcber das hervorragende Wetter, die atemberaubende Landschaft<\/p>\n","protected":false},"author":100,"featured_media":7009,"parent":2555,"menu_order":0,"comment_status":"closed","ping_status":"closed","template":"","meta":{"_acf_changed":false,"footnotes":""},"class_list":["post-7454","page","type-page","status-publish","has-post-thumbnail","hentry"],"acf":[],"yoast_head":"<!-- This site is optimized with the Yoast SEO plugin v27.3 - https:\/\/yoast.com\/product\/yoast-seo-wordpress\/ -->\n<title>Zypern Radfahren Urlaub in Paphos || Constantinou Hotels<\/title>\n<meta name=\"description\" content=\"Wir von Constantinou Bros Hotels bieten Ihnen die M\u00f6glichkeit, einen aufregenden Fahrradurlaub auf Zypern entlang der Strandpromenade von Paphos zu verbringen.\" \/>\n<meta name=\"robots\" content=\"index, follow, max-snippet:-1, max-image-preview:large, max-video-preview:-1\" \/>\n<link rel=\"canonical\" href=\"https:\/\/www.cbh-cyprus.com\/de\/aktivitaten\/fahrrad-urlaub\/\" \/>\n<meta property=\"og:locale\" content=\"de_DE\" \/>\n<meta property=\"og:type\" content=\"article\" \/>\n<meta property=\"og:title\" content=\"Zypern Radfahren Urlaub in Paphos || Constantinou Hotels\" \/>\n<meta property=\"og:description\" content=\"Wir von Constantinou Bros Hotels bieten Ihnen die M\u00f6glichkeit, einen aufregenden Fahrradurlaub auf Zypern entlang der Strandpromenade von Paphos zu verbringen.\" \/>\n<meta property=\"og:url\" content=\"https:\/\/www.cbh-cyprus.com\/de\/aktivitaten\/fahrrad-urlaub\/\" \/>\n<meta property=\"og:site_name\" content=\"Constantinou Bros Hotels\" \/>\n<meta property=\"article:modified_time\" content=\"2025-05-05T12:10:52+00:00\" \/>\n<meta property=\"og:image\" content=\"https:\/\/www.cbh-cyprus.com\/app\/uploads\/sites\/30\/2020\/10\/56-ATHENA-BEACH-HOTEL-BIKE-ROOM.jpg\" \/>\n\t<meta property=\"og:image:width\" content=\"5760\" \/>\n\t<meta property=\"og:image:height\" content=\"3840\" \/>\n\t<meta property=\"og:image:type\" content=\"image\/jpeg\" \/>\n<meta name=\"twitter:card\" content=\"summary_large_image\" \/>\n<meta name=\"twitter:label1\" content=\"Gesch\u00e4tzte Lesezeit\" \/>\n\t<meta name=\"twitter:data1\" content=\"1\u00a0Minute\" \/>\n<script type=\"application\/ld+json\" class=\"yoast-schema-graph\">{\"@context\":\"https:\\\/\\\/schema.org\",\"@graph\":[{\"@type\":\"WebPage\",\"@id\":\"https:\\\/\\\/www.cbh-cyprus.com\\\/de\\\/aktivitaten\\\/fahrrad-urlaub\\\/\",\"url\":\"https:\\\/\\\/www.cbh-cyprus.com\\\/de\\\/aktivitaten\\\/fahrrad-urlaub\\\/\",\"name\":\"Zypern Radfahren Urlaub in Paphos || Constantinou Hotels\",\"isPartOf\":{\"@id\":\"https:\\\/\\\/www.cbh-cyprus.com\\\/de\\\/#website\"},\"primaryImageOfPage\":{\"@id\":\"https:\\\/\\\/www.cbh-cyprus.com\\\/de\\\/aktivitaten\\\/fahrrad-urlaub\\\/#primaryimage\"},\"image\":{\"@id\":\"https:\\\/\\\/www.cbh-cyprus.com\\\/de\\\/aktivitaten\\\/fahrrad-urlaub\\\/#primaryimage\"},\"thumbnailUrl\":\"https:\\\/\\\/www.cbh-cyprus.com\\\/app\\\/uploads\\\/sites\\\/30\\\/2020\\\/10\\\/56-ATHENA-BEACH-HOTEL-BIKE-ROOM.jpg\",\"datePublished\":\"2020-10-08T13:05:12+00:00\",\"dateModified\":\"2025-05-05T12:10:52+00:00\",\"description\":\"Wir von Constantinou Bros Hotels bieten Ihnen die M\u00f6glichkeit, einen aufregenden Fahrradurlaub auf Zypern entlang der Strandpromenade von Paphos zu verbringen.\",\"breadcrumb\":{\"@id\":\"https:\\\/\\\/www.cbh-cyprus.com\\\/de\\\/aktivitaten\\\/fahrrad-urlaub\\\/#breadcrumb\"},\"inLanguage\":\"de\",\"potentialAction\":[{\"@type\":\"ReadAction\",\"target\":[\"https:\\\/\\\/www.cbh-cyprus.com\\\/de\\\/aktivitaten\\\/fahrrad-urlaub\\\/\"]}]},{\"@type\":\"ImageObject\",\"inLanguage\":\"de\",\"@id\":\"https:\\\/\\\/www.cbh-cyprus.com\\\/de\\\/aktivitaten\\\/fahrrad-urlaub\\\/#primaryimage\",\"url\":\"https:\\\/\\\/www.cbh-cyprus.com\\\/app\\\/uploads\\\/sites\\\/30\\\/2020\\\/10\\\/56-ATHENA-BEACH-HOTEL-BIKE-ROOM.jpg\",\"contentUrl\":\"https:\\\/\\\/www.cbh-cyprus.com\\\/app\\\/uploads\\\/sites\\\/30\\\/2020\\\/10\\\/56-ATHENA-BEACH-HOTEL-BIKE-ROOM.jpg\",\"width\":5760,\"height\":3840},{\"@type\":\"BreadcrumbList\",\"@id\":\"https:\\\/\\\/www.cbh-cyprus.com\\\/de\\\/aktivitaten\\\/fahrrad-urlaub\\\/#breadcrumb\",\"itemListElement\":[{\"@type\":\"ListItem\",\"position\":1,\"name\":\"Home\",\"item\":\"https:\\\/\\\/www.cbh-cyprus.com\\\/de\\\/willkommen-in-den-constantinou-bros-hotels\\\/\"},{\"@type\":\"ListItem\",\"position\":2,\"name\":\"Aktivit\u00e4ten\",\"item\":\"https:\\\/\\\/www.cbh-cyprus.com\\\/de\\\/aktivitaten\\\/\"},{\"@type\":\"ListItem\",\"position\":3,\"name\":\"Radfahren Urlaub\"}]},{\"@type\":\"WebSite\",\"@id\":\"https:\\\/\\\/www.cbh-cyprus.com\\\/de\\\/#website\",\"url\":\"https:\\\/\\\/www.cbh-cyprus.com\\\/de\\\/\",\"name\":\"Constantinou Bros Hotels\",\"description\":\"Constantinou Bros Hotels\",\"publisher\":{\"@id\":\"https:\\\/\\\/www.cbh-cyprus.com\\\/de\\\/#organization\"},\"potentialAction\":[{\"@type\":\"SearchAction\",\"target\":{\"@type\":\"EntryPoint\",\"urlTemplate\":\"https:\\\/\\\/www.cbh-cyprus.com\\\/de\\\/?s={search_term_string}\"},\"query-input\":{\"@type\":\"PropertyValueSpecification\",\"valueRequired\":true,\"valueName\":\"search_term_string\"}}],\"inLanguage\":\"de\"},{\"@type\":\"Organization\",\"@id\":\"https:\\\/\\\/www.cbh-cyprus.com\\\/de\\\/#organization\",\"name\":\"Constantinou Bros Hotels\",\"url\":\"https:\\\/\\\/www.cbh-cyprus.com\\\/de\\\/\",\"logo\":{\"@type\":\"ImageObject\",\"inLanguage\":\"de\",\"@id\":\"https:\\\/\\\/www.cbh-cyprus.com\\\/de\\\/#\\\/schema\\\/logo\\\/image\\\/\",\"url\":\"https:\\\/\\\/www.cbh-cyprus.com\\\/app\\\/uploads\\\/sites\\\/30\\\/2020\\\/10\\\/cbh.jpg\",\"contentUrl\":\"https:\\\/\\\/www.cbh-cyprus.com\\\/app\\\/uploads\\\/sites\\\/30\\\/2020\\\/10\\\/cbh.jpg\",\"width\":1013,\"height\":419,\"caption\":\"Constantinou Bros Hotels\"},\"image\":{\"@id\":\"https:\\\/\\\/www.cbh-cyprus.com\\\/de\\\/#\\\/schema\\\/logo\\\/image\\\/\"}}]}<\/script>\n<!-- \/ Yoast SEO plugin. -->","yoast_head_json":{"title":"Zypern Radfahren Urlaub in Paphos || Constantinou Hotels","description":"Wir von Constantinou Bros Hotels bieten Ihnen die M\u00f6glichkeit, einen aufregenden Fahrradurlaub auf Zypern entlang der Strandpromenade von Paphos zu verbringen.","robots":{"index":"index","follow":"follow","max-snippet":"max-snippet:-1","max-image-preview":"max-image-preview:large","max-video-preview":"max-video-preview:-1"},"canonical":"https:\/\/www.cbh-cyprus.com\/de\/aktivitaten\/fahrrad-urlaub\/","og_locale":"de_DE","og_type":"article","og_title":"Zypern Radfahren Urlaub in Paphos || Constantinou Hotels","og_description":"Wir von Constantinou Bros Hotels bieten Ihnen die M\u00f6glichkeit, einen aufregenden Fahrradurlaub auf Zypern entlang der Strandpromenade von Paphos zu verbringen.","og_url":"https:\/\/www.cbh-cyprus.com\/de\/aktivitaten\/fahrrad-urlaub\/","og_site_name":"Constantinou Bros Hotels","article_modified_time":"2025-05-05T12:10:52+00:00","og_image":[{"width":5760,"height":3840,"url":"https:\/\/www.cbh-cyprus.com\/app\/uploads\/sites\/30\/2020\/10\/56-ATHENA-BEACH-HOTEL-BIKE-ROOM.jpg","type":"image\/jpeg"}],"twitter_card":"summary_large_image","twitter_misc":{"Gesch\u00e4tzte Lesezeit":"1\u00a0Minute"},"schema":{"@context":"https:\/\/schema.org","@graph":[{"@type":"WebPage","@id":"https:\/\/www.cbh-cyprus.com\/de\/aktivitaten\/fahrrad-urlaub\/","url":"https:\/\/www.cbh-cyprus.com\/de\/aktivitaten\/fahrrad-urlaub\/","name":"Zypern Radfahren Urlaub in Paphos || Constantinou Hotels","isPartOf":{"@id":"https:\/\/www.cbh-cyprus.com\/de\/#website"},"primaryImageOfPage":{"@id":"https:\/\/www.cbh-cyprus.com\/de\/aktivitaten\/fahrrad-urlaub\/#primaryimage"},"image":{"@id":"https:\/\/www.cbh-cyprus.com\/de\/aktivitaten\/fahrrad-urlaub\/#primaryimage"},"thumbnailUrl":"https:\/\/www.cbh-cyprus.com\/app\/uploads\/sites\/30\/2020\/10\/56-ATHENA-BEACH-HOTEL-BIKE-ROOM.jpg","datePublished":"2020-10-08T13:05:12+00:00","dateModified":"2025-05-05T12:10:52+00:00","description":"Wir von Constantinou Bros Hotels bieten Ihnen die M\u00f6glichkeit, einen aufregenden Fahrradurlaub auf Zypern entlang der Strandpromenade von Paphos zu verbringen.","breadcrumb":{"@id":"https:\/\/www.cbh-cyprus.com\/de\/aktivitaten\/fahrrad-urlaub\/#breadcrumb"},"inLanguage":"de","potentialAction":[{"@type":"ReadAction","target":["https:\/\/www.cbh-cyprus.com\/de\/aktivitaten\/fahrrad-urlaub\/"]}]},{"@type":"ImageObject","inLanguage":"de","@id":"https:\/\/www.cbh-cyprus.com\/de\/aktivitaten\/fahrrad-urlaub\/#primaryimage","url":"https:\/\/www.cbh-cyprus.com\/app\/uploads\/sites\/30\/2020\/10\/56-ATHENA-BEACH-HOTEL-BIKE-ROOM.jpg","contentUrl":"https:\/\/www.cbh-cyprus.com\/app\/uploads\/sites\/30\/2020\/10\/56-ATHENA-BEACH-HOTEL-BIKE-ROOM.jpg","width":5760,"height":3840},{"@type":"BreadcrumbList","@id":"https:\/\/www.cbh-cyprus.com\/de\/aktivitaten\/fahrrad-urlaub\/#breadcrumb","itemListElement":[{"@type":"ListItem","position":1,"name":"Home","item":"https:\/\/www.cbh-cyprus.com\/de\/willkommen-in-den-constantinou-bros-hotels\/"},{"@type":"ListItem","position":2,"name":"Aktivit\u00e4ten","item":"https:\/\/www.cbh-cyprus.com\/de\/aktivitaten\/"},{"@type":"ListItem","position":3,"name":"Radfahren Urlaub"}]},{"@type":"WebSite","@id":"https:\/\/www.cbh-cyprus.com\/de\/#website","url":"https:\/\/www.cbh-cyprus.com\/de\/","name":"Constantinou Bros Hotels","description":"Constantinou Bros Hotels","publisher":{"@id":"https:\/\/www.cbh-cyprus.com\/de\/#organization"},"potentialAction":[{"@type":"SearchAction","target":{"@type":"EntryPoint","urlTemplate":"https:\/\/www.cbh-cyprus.com\/de\/?s={search_term_string}"},"query-input":{"@type":"PropertyValueSpecification","valueRequired":true,"valueName":"search_term_string"}}],"inLanguage":"de"},{"@type":"Organization","@id":"https:\/\/www.cbh-cyprus.com\/de\/#organization","name":"Constantinou Bros Hotels","url":"https:\/\/www.cbh-cyprus.com\/de\/","logo":{"@type":"ImageObject","inLanguage":"de","@id":"https:\/\/www.cbh-cyprus.com\/de\/#\/schema\/logo\/image\/","url":"https:\/\/www.cbh-cyprus.com\/app\/uploads\/sites\/30\/2020\/10\/cbh.jpg","contentUrl":"https:\/\/www.cbh-cyprus.com\/app\/uploads\/sites\/30\/2020\/10\/cbh.jpg","width":1013,"height":419,"caption":"Constantinou Bros Hotels"},"image":{"@id":"https:\/\/www.cbh-cyprus.com\/de\/#\/schema\/logo\/image\/"}}]}},"_links":{"self":[{"href":"https:\/\/www.cbh-cyprus.com\/de\/wp-json\/wp\/v2\/pages\/7454","targetHints":{"allow":["GET"]}}],"collection":[{"href":"https:\/\/www.cbh-cyprus.com\/de\/wp-json\/wp\/v2\/pages"}],"about":[{"href":"https:\/\/www.cbh-cyprus.com\/de\/wp-json\/wp\/v2\/types\/page"}],"author":[{"embeddable":true,"href":"https:\/\/www.cbh-cyprus.com\/de\/wp-json\/wp\/v2\/users\/100"}],"replies":[{"embeddable":true,"href":"https:\/\/www.cbh-cyprus.com\/de\/wp-json\/wp\/v2\/comments?post=7454"}],"version-history":[{"count":3,"href":"https:\/\/www.cbh-cyprus.com\/de\/wp-json\/wp\/v2\/pages\/7454\/revisions"}],"predecessor-version":[{"id":37301,"href":"https:\/\/www.cbh-cyprus.com\/de\/wp-json\/wp\/v2\/pages\/7454\/revisions\/37301"}],"up":[{"embeddable":true,"href":"https:\/\/www.cbh-cyprus.com\/de\/wp-json\/wp\/v2\/pages\/2555"}],"wp:featuredmedia":[{"embeddable":true,"href":"https:\/\/www.cbh-cyprus.com\/de\/wp-json\/wp\/v2\/media\/7009"}],"wp:attachment":[{"href":"https:\/\/www.cbh-cyprus.com\/de\/wp-json\/wp\/v2\/media?parent=7454"}],"curies":[{"name":"wp","href":"https:\/\/api.w.org\/{rel}","templated":true}]}}