{"id":9928,"date":"2021-07-26T12:54:03","date_gmt":"2021-07-26T09:54:03","guid":{"rendered":"https:\/\/www.cbh-cyprus.com\/activities\/cycling-holidays-copy\/"},"modified":"2025-02-17T11:47:36","modified_gmt":"2025-02-17T09:47:36","slug":"familienurlaub","status":"publish","type":"page","link":"https:\/\/www.cbh-cyprus.com\/de\/aktivitaten\/familienurlaub\/","title":{"rendered":"Familienurlaube"},"content":{"rendered":"<h1 class=\"home-pages-title title-size text-center pt-5 font-regular\">Bietet den perfekten Aufenthalt f\u00fcr Ihren Familienurlaub in Paphos<\/h1>\n<p>Das Athena Beach \u0397otel ist eine sehr beliebte Wahl f\u00fcr Familien, da es eine breite Palette von Einrichtungen bietet, um unsere kleinen G\u00e4ste zu unterhalten.<br \/>\nDas Hotel verf\u00fcgt au\u00dferdem \u00fcber weitl\u00e4ufige, gepflegte G\u00e4rten und ein gro\u00dfartiges, weitl\u00e4ufiges Gel\u00e4nde, das direkt an den Strand f\u00fchrt.<br \/>\nUnser freundliches Personal erwartet Sie, um Ihnen einen hochwertigen Service, hervorragendes Essen und eine absolut entspannende, stressfreie Erfahrung zu bieten.<br \/>\nDas Athena Beach Hotel bietet eine Vielzahl von komfortablen und ger\u00e4umigen Unterk\u00fcnften, um Eltern, die mit Kindern reisen, zu unterst\u00fctzen.<br \/>\nDie Optionen reichen von einem Classic-Zimmer f\u00fcr eine 3-k\u00f6pfige Familie mit Zustellbett \u00fcber ein Duplex-Zimmer f\u00fcr bis zu 6 Personen bis hin zu Zimmern mit Verbindungst\u00fcr f\u00fcr maximal 6 Personen und einer Familiensuite mit einem Schlafzimmer, in der 4 Personen untergebracht werden k\u00f6nnen.<br \/>\nWenn Sie mit einem Kleinkind unter zwei Jahren reisen, stellen wir Ihnen automatisch ein Babybett in Ihr Zimmer.<br \/>\nMamas und Papas k\u00f6nnen sich in unserem Elixir Spa entspannen und aus einer Vielzahl von therapeutischen Massagen, Aromatherapie-, Thalassotherapie- und Hydrotherapie-Behandlungen, Sauna und Dampfbad in einem luxuri\u00f6sen und ruhigen Ambiente w\u00e4hlen.<br \/>\nDas Athena Beach Hotel ist bekannt f\u00fcr seine ausgezeichnete K\u00fcche mit abwechslungsreichen internationalen Men\u00fcs f\u00fcr jeden Geschmack.<br \/>\nEs verf\u00fcgt \u00fcber f\u00fcnf Restaurants, eine Strandbar, die auch leichte Mahlzeiten und Snacks serviert, sowie eine Pool- und Cocktailbar f\u00fcr einen erfrischenden Drink, einen leckeren Milchshake oder ein Eis zur Abk\u00fchlung unserer kleinen G\u00e4ste.<br \/>\nWir k\u00f6nnen Ihnen eine Vielzahl von Babyartikeln liefern, die Sie ben\u00f6tigen, und wir k\u00fcmmern uns gerne um besondere Ern\u00e4hrungsbed\u00fcrfnisse.<\/p>\n<h3><strong>Einrichtungen f\u00fcr Kinder<\/strong><\/h3>\n<p>Kinder werden ihre Zeit im Athena Beach Hotel auf jeden Fall genie\u00dfen. Ein weitl\u00e4ufiger Spielplatz, ein Team begeisterter Animateure und viele Aktivit\u00e4ten werden selbst die anspruchsvollsten jungen Spa\u00dfsucher zufriedenstellen.<br \/>\nEltern k\u00f6nnen beruhigt sein, denn sie wissen, dass ihre Kinder im Kids&#8216; Club, am Swimmingpool und bei den vielen lustigen Aktivit\u00e4ten, die w\u00e4hrend des gesamten Urlaubs angeboten werden, eine unterhaltsame Zeit haben werden.<br \/>\nZu den Einrichtungen f\u00fcr Kinder geh\u00f6ren zwei Planschbecken, eine v\u00f6llig neue <strong>Oasis Splash<\/strong>, die neben der bestehenden 25m-Wasserrutsche eine zus\u00e4tzliche &#8218;Easy-ride&#8216;-Wasserrutsche mit 42m L\u00e4nge und separaten Landebecken umfasst, sowie ein nahegelegenes, farbenfrohes Splash-Game-Pad mit Spr\u00fchspielzeug und Wasserspielen, das unseren kleinen G\u00e4sten den ganzen Tag lang aufregenden Wasserspa\u00df und Spritzwasser-Action bietet. Au\u00dferdem gibt es einen Kinderspielplatz, Kinderunterhaltung und einen Kinderclub (nur im Sommer).<br \/>\nF\u00fcr Kinder ist hier bestens gesorgt, und mit dem Oasis Splash Park, der den ganzen Tag \u00fcber ein L\u00e4cheln auf die Lippen zaubert, und dem Aktivit\u00e4tsspielplatz k\u00f6nnen Sie viele sch\u00f6ne Erinnerungen schaffen.<br \/>\nUnser hauseigenes Animationsteam bietet w\u00e4hrend der Sommersaison an 6 Tagen in der Woche einen unterhaltsamen und interaktiven Kinderclub f\u00fcr Kinder im Alter von 4-12 Jahren an.<br \/>\nIm Constantinou Bros Athena Beach Hotel ist immer etwas los, das Spa\u00df macht.<br \/>\nMehrmals pro Woche werden Aktivit\u00e4ten und Spiele f\u00fcr Kinder angeboten.<br \/>\n&#8211; Stretching f\u00fcr Kinder &#8211; Puzzles &#8211; Kunst &amp; Handwerk &#8211; Quiz f\u00fcr Kinder &#8211; Ged\u00e4chtnisspiele &#8211; Brettspiele &#8211; Steinmalerei &#8211; Salzmalerei &#8211; Bowling &#8211; Zeichentrickfilme ansehen Im Spielezimmer k\u00f6nnen sich auch Jugendliche mit Computern, interaktiven Spielen, einem Billardtisch und Tischfu\u00dfball und vielen anderen M\u00f6glichkeiten besch\u00e4ftigen und vergn\u00fcgen, einige davon gegen Geb\u00fchr.<br \/>\nDer Games Room ist ein toller Treffpunkt f\u00fcr coole Kids, die gerne &#8230;Kids sind!<br \/>\nKinder, die in Paphos Urlaub machen, werden auch den Zoo von Paphos, den Wasserpark Paphos Aphrodite sowie eine Reihe von nahe gelegenen Wassersportm\u00f6glichkeiten wie Bananenboote, Wasserski, Jetski, Parasailing, Tauchen und Angeln und vieles mehr genie\u00dfen.<br \/>\nKinder unter 12 Jahren \u00fcbernachten kostenlos und erhalten einen erm\u00e4\u00dfigten Preis auf alle Mahlzeiten an Bord.<br \/>\nBitte rufen Sie f\u00fcr weitere Informationen unter <a href=\"tel%2000357%\">00357 26 964500<\/a> an.<br \/>\nF\u00fcr weitere Informationen und ein Angebot f\u00fcr Ihren Familienurlaub auf Zypern wenden Sie sich bitte an unsere Reservierungsabteilung unter <a href=\"mailto:reservations@cbh-cyprus.com\">reservations@cbh-cyprus.com<\/a>.<\/p>\n","protected":false},"excerpt":{"rendered":"<p>Bietet den perfekten Aufenthalt f\u00fcr Ihren Familienurlaub in Paphos Das Athena Beach \u0397otel ist eine sehr beliebte Wahl f\u00fcr Familien, da es eine breite Palette von Einrichtungen bietet, um unsere kleinen G\u00e4ste zu unterhalten. Das Hotel verf\u00fcgt au\u00dferdem \u00fcber weitl\u00e4ufige, gepflegte G\u00e4rten und ein gro\u00dfartiges, weitl\u00e4ufiges Gel\u00e4nde, das direkt an den Strand f\u00fchrt. Unser freundliches<\/p>\n","protected":false},"author":100,"featured_media":19364,"parent":2555,"menu_order":0,"comment_status":"closed","ping_status":"closed","template":"","meta":{"_acf_changed":false,"footnotes":""},"class_list":["post-9928","page","type-page","status-publish","has-post-thumbnail","hentry"],"acf":[],"yoast_head":"<!-- This site is optimized with the Yoast SEO plugin v27.3 - https:\/\/yoast.com\/product\/yoast-seo-wordpress\/ -->\n<title>Vergn\u00fcgliche Paphos-Familienferien f\u00fcr alle || Constantinou Hotels<\/title>\n<meta name=\"description\" content=\"Das Athena Beach Hotel von Constantinou Bros Hotels bietet mit seiner idyllischen Lage direkt am Strand die besten Voraussetzungen f\u00fcr einen angenehmen Familienurlaub in Paphos f\u00fcr Eltern und Kinder.\" \/>\n<meta name=\"robots\" content=\"index, follow, max-snippet:-1, max-image-preview:large, max-video-preview:-1\" \/>\n<link rel=\"canonical\" href=\"https:\/\/www.cbh-cyprus.com\/de\/aktivitaten\/familienurlaub\/\" \/>\n<meta property=\"og:locale\" content=\"de_DE\" \/>\n<meta property=\"og:type\" content=\"article\" \/>\n<meta property=\"og:title\" content=\"Vergn\u00fcgliche Paphos-Familienferien f\u00fcr alle || Constantinou Hotels\" \/>\n<meta property=\"og:description\" content=\"Das Athena Beach Hotel von Constantinou Bros Hotels bietet mit seiner idyllischen Lage direkt am Strand die besten Voraussetzungen f\u00fcr einen angenehmen Familienurlaub in Paphos f\u00fcr Eltern und Kinder.\" \/>\n<meta property=\"og:url\" content=\"https:\/\/www.cbh-cyprus.com\/de\/aktivitaten\/familienurlaub\/\" \/>\n<meta property=\"og:site_name\" content=\"Constantinou Bros Hotels\" \/>\n<meta property=\"article:modified_time\" content=\"2025-02-17T09:47:36+00:00\" \/>\n<meta property=\"og:image\" content=\"https:\/\/www.cbh-cyprus.com\/app\/uploads\/sites\/30\/2022\/07\/66-ATHENA-BEACH-HOTEL-OASIS-SPLASH-1.jpg\" \/>\n\t<meta property=\"og:image:width\" content=\"4112\" \/>\n\t<meta property=\"og:image:height\" content=\"2741\" \/>\n\t<meta property=\"og:image:type\" content=\"image\/jpeg\" \/>\n<meta name=\"twitter:card\" content=\"summary_large_image\" \/>\n<meta name=\"twitter:label1\" content=\"Gesch\u00e4tzte Lesezeit\" \/>\n\t<meta name=\"twitter:data1\" content=\"3\u00a0Minuten\" \/>\n<script type=\"application\/ld+json\" class=\"yoast-schema-graph\">{\"@context\":\"https:\\\/\\\/schema.org\",\"@graph\":[{\"@type\":\"WebPage\",\"@id\":\"https:\\\/\\\/www.cbh-cyprus.com\\\/de\\\/aktivitaten\\\/familienurlaub\\\/\",\"url\":\"https:\\\/\\\/www.cbh-cyprus.com\\\/de\\\/aktivitaten\\\/familienurlaub\\\/\",\"name\":\"Vergn\u00fcgliche Paphos-Familienferien f\u00fcr alle || Constantinou Hotels\",\"isPartOf\":{\"@id\":\"https:\\\/\\\/www.cbh-cyprus.com\\\/de\\\/#website\"},\"primaryImageOfPage\":{\"@id\":\"https:\\\/\\\/www.cbh-cyprus.com\\\/de\\\/aktivitaten\\\/familienurlaub\\\/#primaryimage\"},\"image\":{\"@id\":\"https:\\\/\\\/www.cbh-cyprus.com\\\/de\\\/aktivitaten\\\/familienurlaub\\\/#primaryimage\"},\"thumbnailUrl\":\"https:\\\/\\\/www.cbh-cyprus.com\\\/app\\\/uploads\\\/sites\\\/30\\\/2022\\\/07\\\/66-ATHENA-BEACH-HOTEL-OASIS-SPLASH-1.jpg\",\"datePublished\":\"2021-07-26T09:54:03+00:00\",\"dateModified\":\"2025-02-17T09:47:36+00:00\",\"description\":\"Das Athena Beach Hotel von Constantinou Bros Hotels bietet mit seiner idyllischen Lage direkt am Strand die besten Voraussetzungen f\u00fcr einen angenehmen Familienurlaub in Paphos f\u00fcr Eltern und Kinder.\",\"breadcrumb\":{\"@id\":\"https:\\\/\\\/www.cbh-cyprus.com\\\/de\\\/aktivitaten\\\/familienurlaub\\\/#breadcrumb\"},\"inLanguage\":\"de\",\"potentialAction\":[{\"@type\":\"ReadAction\",\"target\":[\"https:\\\/\\\/www.cbh-cyprus.com\\\/de\\\/aktivitaten\\\/familienurlaub\\\/\"]}]},{\"@type\":\"ImageObject\",\"inLanguage\":\"de\",\"@id\":\"https:\\\/\\\/www.cbh-cyprus.com\\\/de\\\/aktivitaten\\\/familienurlaub\\\/#primaryimage\",\"url\":\"https:\\\/\\\/www.cbh-cyprus.com\\\/app\\\/uploads\\\/sites\\\/30\\\/2022\\\/07\\\/66-ATHENA-BEACH-HOTEL-OASIS-SPLASH-1.jpg\",\"contentUrl\":\"https:\\\/\\\/www.cbh-cyprus.com\\\/app\\\/uploads\\\/sites\\\/30\\\/2022\\\/07\\\/66-ATHENA-BEACH-HOTEL-OASIS-SPLASH-1.jpg\",\"width\":4112,\"height\":2741},{\"@type\":\"BreadcrumbList\",\"@id\":\"https:\\\/\\\/www.cbh-cyprus.com\\\/de\\\/aktivitaten\\\/familienurlaub\\\/#breadcrumb\",\"itemListElement\":[{\"@type\":\"ListItem\",\"position\":1,\"name\":\"Home\",\"item\":\"https:\\\/\\\/www.cbh-cyprus.com\\\/de\\\/willkommen-in-den-constantinou-bros-hotels\\\/\"},{\"@type\":\"ListItem\",\"position\":2,\"name\":\"Aktivit\u00e4ten\",\"item\":\"https:\\\/\\\/www.cbh-cyprus.com\\\/de\\\/aktivitaten\\\/\"},{\"@type\":\"ListItem\",\"position\":3,\"name\":\"Familienurlaube\"}]},{\"@type\":\"WebSite\",\"@id\":\"https:\\\/\\\/www.cbh-cyprus.com\\\/de\\\/#website\",\"url\":\"https:\\\/\\\/www.cbh-cyprus.com\\\/de\\\/\",\"name\":\"Constantinou Bros Hotels\",\"description\":\"Constantinou Bros Hotels\",\"publisher\":{\"@id\":\"https:\\\/\\\/www.cbh-cyprus.com\\\/de\\\/#organization\"},\"potentialAction\":[{\"@type\":\"SearchAction\",\"target\":{\"@type\":\"EntryPoint\",\"urlTemplate\":\"https:\\\/\\\/www.cbh-cyprus.com\\\/de\\\/?s={search_term_string}\"},\"query-input\":{\"@type\":\"PropertyValueSpecification\",\"valueRequired\":true,\"valueName\":\"search_term_string\"}}],\"inLanguage\":\"de\"},{\"@type\":\"Organization\",\"@id\":\"https:\\\/\\\/www.cbh-cyprus.com\\\/de\\\/#organization\",\"name\":\"Constantinou Bros Hotels\",\"url\":\"https:\\\/\\\/www.cbh-cyprus.com\\\/de\\\/\",\"logo\":{\"@type\":\"ImageObject\",\"inLanguage\":\"de\",\"@id\":\"https:\\\/\\\/www.cbh-cyprus.com\\\/de\\\/#\\\/schema\\\/logo\\\/image\\\/\",\"url\":\"https:\\\/\\\/www.cbh-cyprus.com\\\/app\\\/uploads\\\/sites\\\/30\\\/2020\\\/10\\\/cbh.jpg\",\"contentUrl\":\"https:\\\/\\\/www.cbh-cyprus.com\\\/app\\\/uploads\\\/sites\\\/30\\\/2020\\\/10\\\/cbh.jpg\",\"width\":1013,\"height\":419,\"caption\":\"Constantinou Bros Hotels\"},\"image\":{\"@id\":\"https:\\\/\\\/www.cbh-cyprus.com\\\/de\\\/#\\\/schema\\\/logo\\\/image\\\/\"}}]}<\/script>\n<!-- \/ Yoast SEO plugin. -->","yoast_head_json":{"title":"Vergn\u00fcgliche Paphos-Familienferien f\u00fcr alle || Constantinou Hotels","description":"Das Athena Beach Hotel von Constantinou Bros Hotels bietet mit seiner idyllischen Lage direkt am Strand die besten Voraussetzungen f\u00fcr einen angenehmen Familienurlaub in Paphos f\u00fcr Eltern und Kinder.","robots":{"index":"index","follow":"follow","max-snippet":"max-snippet:-1","max-image-preview":"max-image-preview:large","max-video-preview":"max-video-preview:-1"},"canonical":"https:\/\/www.cbh-cyprus.com\/de\/aktivitaten\/familienurlaub\/","og_locale":"de_DE","og_type":"article","og_title":"Vergn\u00fcgliche Paphos-Familienferien f\u00fcr alle || Constantinou Hotels","og_description":"Das Athena Beach Hotel von Constantinou Bros Hotels bietet mit seiner idyllischen Lage direkt am Strand die besten Voraussetzungen f\u00fcr einen angenehmen Familienurlaub in Paphos f\u00fcr Eltern und Kinder.","og_url":"https:\/\/www.cbh-cyprus.com\/de\/aktivitaten\/familienurlaub\/","og_site_name":"Constantinou Bros Hotels","article_modified_time":"2025-02-17T09:47:36+00:00","og_image":[{"width":4112,"height":2741,"url":"https:\/\/www.cbh-cyprus.com\/app\/uploads\/sites\/30\/2022\/07\/66-ATHENA-BEACH-HOTEL-OASIS-SPLASH-1.jpg","type":"image\/jpeg"}],"twitter_card":"summary_large_image","twitter_misc":{"Gesch\u00e4tzte Lesezeit":"3\u00a0Minuten"},"schema":{"@context":"https:\/\/schema.org","@graph":[{"@type":"WebPage","@id":"https:\/\/www.cbh-cyprus.com\/de\/aktivitaten\/familienurlaub\/","url":"https:\/\/www.cbh-cyprus.com\/de\/aktivitaten\/familienurlaub\/","name":"Vergn\u00fcgliche Paphos-Familienferien f\u00fcr alle || Constantinou Hotels","isPartOf":{"@id":"https:\/\/www.cbh-cyprus.com\/de\/#website"},"primaryImageOfPage":{"@id":"https:\/\/www.cbh-cyprus.com\/de\/aktivitaten\/familienurlaub\/#primaryimage"},"image":{"@id":"https:\/\/www.cbh-cyprus.com\/de\/aktivitaten\/familienurlaub\/#primaryimage"},"thumbnailUrl":"https:\/\/www.cbh-cyprus.com\/app\/uploads\/sites\/30\/2022\/07\/66-ATHENA-BEACH-HOTEL-OASIS-SPLASH-1.jpg","datePublished":"2021-07-26T09:54:03+00:00","dateModified":"2025-02-17T09:47:36+00:00","description":"Das Athena Beach Hotel von Constantinou Bros Hotels bietet mit seiner idyllischen Lage direkt am Strand die besten Voraussetzungen f\u00fcr einen angenehmen Familienurlaub in Paphos f\u00fcr Eltern und Kinder.","breadcrumb":{"@id":"https:\/\/www.cbh-cyprus.com\/de\/aktivitaten\/familienurlaub\/#breadcrumb"},"inLanguage":"de","potentialAction":[{"@type":"ReadAction","target":["https:\/\/www.cbh-cyprus.com\/de\/aktivitaten\/familienurlaub\/"]}]},{"@type":"ImageObject","inLanguage":"de","@id":"https:\/\/www.cbh-cyprus.com\/de\/aktivitaten\/familienurlaub\/#primaryimage","url":"https:\/\/www.cbh-cyprus.com\/app\/uploads\/sites\/30\/2022\/07\/66-ATHENA-BEACH-HOTEL-OASIS-SPLASH-1.jpg","contentUrl":"https:\/\/www.cbh-cyprus.com\/app\/uploads\/sites\/30\/2022\/07\/66-ATHENA-BEACH-HOTEL-OASIS-SPLASH-1.jpg","width":4112,"height":2741},{"@type":"BreadcrumbList","@id":"https:\/\/www.cbh-cyprus.com\/de\/aktivitaten\/familienurlaub\/#breadcrumb","itemListElement":[{"@type":"ListItem","position":1,"name":"Home","item":"https:\/\/www.cbh-cyprus.com\/de\/willkommen-in-den-constantinou-bros-hotels\/"},{"@type":"ListItem","position":2,"name":"Aktivit\u00e4ten","item":"https:\/\/www.cbh-cyprus.com\/de\/aktivitaten\/"},{"@type":"ListItem","position":3,"name":"Familienurlaube"}]},{"@type":"WebSite","@id":"https:\/\/www.cbh-cyprus.com\/de\/#website","url":"https:\/\/www.cbh-cyprus.com\/de\/","name":"Constantinou Bros Hotels","description":"Constantinou Bros Hotels","publisher":{"@id":"https:\/\/www.cbh-cyprus.com\/de\/#organization"},"potentialAction":[{"@type":"SearchAction","target":{"@type":"EntryPoint","urlTemplate":"https:\/\/www.cbh-cyprus.com\/de\/?s={search_term_string}"},"query-input":{"@type":"PropertyValueSpecification","valueRequired":true,"valueName":"search_term_string"}}],"inLanguage":"de"},{"@type":"Organization","@id":"https:\/\/www.cbh-cyprus.com\/de\/#organization","name":"Constantinou Bros Hotels","url":"https:\/\/www.cbh-cyprus.com\/de\/","logo":{"@type":"ImageObject","inLanguage":"de","@id":"https:\/\/www.cbh-cyprus.com\/de\/#\/schema\/logo\/image\/","url":"https:\/\/www.cbh-cyprus.com\/app\/uploads\/sites\/30\/2020\/10\/cbh.jpg","contentUrl":"https:\/\/www.cbh-cyprus.com\/app\/uploads\/sites\/30\/2020\/10\/cbh.jpg","width":1013,"height":419,"caption":"Constantinou Bros Hotels"},"image":{"@id":"https:\/\/www.cbh-cyprus.com\/de\/#\/schema\/logo\/image\/"}}]}},"_links":{"self":[{"href":"https:\/\/www.cbh-cyprus.com\/de\/wp-json\/wp\/v2\/pages\/9928","targetHints":{"allow":["GET"]}}],"collection":[{"href":"https:\/\/www.cbh-cyprus.com\/de\/wp-json\/wp\/v2\/pages"}],"about":[{"href":"https:\/\/www.cbh-cyprus.com\/de\/wp-json\/wp\/v2\/types\/page"}],"author":[{"embeddable":true,"href":"https:\/\/www.cbh-cyprus.com\/de\/wp-json\/wp\/v2\/users\/100"}],"replies":[{"embeddable":true,"href":"https:\/\/www.cbh-cyprus.com\/de\/wp-json\/wp\/v2\/comments?post=9928"}],"version-history":[{"count":11,"href":"https:\/\/www.cbh-cyprus.com\/de\/wp-json\/wp\/v2\/pages\/9928\/revisions"}],"predecessor-version":[{"id":43451,"href":"https:\/\/www.cbh-cyprus.com\/de\/wp-json\/wp\/v2\/pages\/9928\/revisions\/43451"}],"up":[{"embeddable":true,"href":"https:\/\/www.cbh-cyprus.com\/de\/wp-json\/wp\/v2\/pages\/2555"}],"wp:featuredmedia":[{"embeddable":true,"href":"https:\/\/www.cbh-cyprus.com\/de\/wp-json\/wp\/v2\/media\/19364"}],"wp:attachment":[{"href":"https:\/\/www.cbh-cyprus.com\/de\/wp-json\/wp\/v2\/media?parent=9928"}],"curies":[{"name":"wp","href":"https:\/\/api.w.org\/{rel}","templated":true}]}}